{"id":115821,"date":"2025-11-19T09:54:51","date_gmt":"2025-11-19T09:54:51","guid":{"rendered":"https:\/\/arquiconsult.com\/?page_id=115821"},"modified":"2025-11-27T14:52:25","modified_gmt":"2025-11-27T14:52:25","slug":"contacto-fenix-dynamics-365-ce","status":"publish","type":"page","link":"https:\/\/arquiconsult.com\/en\/contacto-fenix-dynamics-365-ce\/","title":{"rendered":"Obrigado pelo contacto &#8211; F\u00eanix Dynamics 365 CE"},"content":{"rendered":"<!--themify_builder_content-->\n<div id=\"themify_builder_content-115821\" data-postid=\"115821\" class=\"themify_builder_content themify_builder_content-115821 themify_builder tf_clear\">\n    \t<!-- module_row -->\n\t<div  data-css_id=\"67g2815\" data-lazy=\"1\" class=\"module_row themify_builder_row repeat fullwidth tb_67g2815 tb_first tf_clearfix\" >\n\t    \t\t<div class=\"row_inner col_align_top col-count-1 tf_box tf_w tf_rel\">\n\t\t\t<div  data-lazy=\"1\" class=\"module_column tb-column col-full first tb_vkur816 tf_box\">\n\t\t\t    \t        <div class=\"tb-column-inner tf_box tf_w\">\n\t\t    \t<div  data-lazy=\"1\" class=\"module_subrow themify_builder_sub_row tb_jojg817 tf_w tf_clearfix\">\n\t    \t\t<div class=\"subrow_inner col_align_top col-count-1 tf_box tf_w\">\n\t\t\t<div  data-lazy=\"1\" class=\"sub_column module_column tf_box col-full first tb_m90l818\" > \n\t    \t    \t        <div class=\"tb-column-inner tf_box tf_w\">\n\t\t    <!-- module text -->\n<div  class=\"module module-text tb_5mqd818  repeat \" data-lazy=\"1\">\n        <div  class=\"tb_text_wrap\">\n    <h2 style=\"text-align: center;\"><strong><span class=\"a_GcMg font-feature-liga-off font-feature-clig-off font-feature-calt-off text-decoration-none text-strikethrough-none\">Obrigado! Seu material exclusivo est\u00e1 a caminho.<\/span><\/strong><\/h2>    <\/div>\n<\/div>\n<!-- \/module text --><!-- module text -->\n<div  class=\"module module-text tb_97ka818   \" data-lazy=\"1\">\n        <div  class=\"tb_text_wrap\">\n    <p class=\"cvGsUA direction-ltr align-center para-style-body\" style=\"text-align: center;\"><strong><span class=\"a_GcMg font-feature-liga-off font-feature-clig-off font-feature-calt-off text-decoration-none text-strikethrough-none\">Voc\u00ea receber\u00e1 o whitepaper em seu e-mail nos pr\u00f3ximos minutos.<br \/><\/span><\/strong><span class=\"a_GcMg font-feature-liga-off font-feature-clig-off font-feature-calt-off text-decoration-none text-strikethrough-none\">Enquanto isso, nosso time comercial j\u00e1 foi notificado e entrar\u00e1 em contato em breve para entender seu cen\u00e1rio e mostrar como o Dynamics 365 CE pode impulsionar seus resultados.<\/span><\/p>    <\/div>\n<\/div>\n<!-- \/module text -->\t        <\/div>\n\t    \t<\/div>\n\t\t    <\/div>\n\t<\/div><!-- \/themify_builder_sub_row -->\n\t\t        <\/div>\n\t    \t<\/div>\n\t\t    <\/div>\n\t    <!-- \/row_inner -->\n\t<\/div>\n\t<!-- \/module_row -->\n\t\t<!-- module_row -->\n\t<div  data-css_id=\"1sme518\" data-lazy=\"1\" class=\"module_row themify_builder_row repeat fullwidth tb_1sme518 tf_clearfix hide-desktop hide-tablet hide-tablet_landscape hide-mobile\" >\n\t    \t\t<div class=\"row_inner col_align_top gutter-none col-count-4 tf_box tf_w tf_rel\">\n\t\t\t<div  data-lazy=\"1\" style=\"width: 42.85%\" class=\"module_column tb-column col4-1 first tb_qjkb519 tf_box\">\n\t\t\t    \t        <div class=\"tb-column-inner tf_box tf_w\">\n\t\t    <!-- module text -->\n<div  class=\"module module-text tb_auyl519  repeat \" data-lazy=\"1\">\n        <div  class=\"tb_text_wrap\">\n    <p style=\"text-align: right;\"><span style=\"color: #ffffff;\"><strong><a style=\"color: #ffffff;\" href=\"https:\/\/maps.app.goo.gl\/bcV2DMz8fWHBmjxC6\" target=\"_blank\" rel=\"noopener\">Rio de Janeiro<\/a>\u00a0 |\u00a0 <a style=\"color: #ffffff;\" href=\"https:\/\/maps.app.goo.gl\/Xmx6FKYcuxr6HUCz9\" target=\"_blank\" rel=\"noopener\">S\u00e3o Paulo<\/a><\/strong><\/span><\/p>    <\/div>\n<\/div>\n<!-- \/module text -->\t        <\/div>\n\t    \t<\/div>\n\t\t<div  data-lazy=\"1\" style=\"width: 8.36%\" class=\"module_column tb-column col4-1 second tb_osbj519 tf_box\">\n\t\t\t    \t        <div class=\"tb-column-inner tf_box tf_w\">\n\t\t    <!-- module image -->\n<div  class=\"module module-image tb_wp48519   image-top tf_mw\" data-lazy=\"1\">\n        <div class=\"image-wrap tf_rel tf_mw\">\n\t\t    <img loading=\"lazy\" src=\"https:\/\/arquiconsult.com\/wp-content\/uploads\/2025\/11\/brasil-230x161.png\" width=\"230\" height=\"161\" class=\"wp-post-image wp-image-115886\" title=\"brasil\" alt=\"brasil\" srcset=\"https:\/\/arquiconsult.com\/wp-content\/uploads\/2025\/11\/brasil-230x161.png 230w, https:\/\/arquiconsult.com\/wp-content\/uploads\/2025\/11\/brasil-130x91.png 130w, https:\/\/arquiconsult.com\/wp-content\/uploads\/2025\/11\/brasil-50x35.png 50w, https:\/\/arquiconsult.com\/wp-content\/uploads\/2025\/11\/brasil.png 250w\" sizes=\"(max-width: 230px) 100vw, 230px\" \/>\t\n\t\t<\/div>\n\t<!-- \/image-wrap -->\n    \n    \t<\/div>\n<!-- \/module image -->\t        <\/div>\n\t    \t<\/div>\n\t\t<div  data-lazy=\"1\" style=\"width: 8.47%\" class=\"module_column tb-column col4-1 third tb_94xr519 tf_box\">\n\t\t\t    \t        <div class=\"tb-column-inner tf_box tf_w\">\n\t\t    <!-- module image -->\n<div  class=\"module module-image tb_md0g519   image-top tf_mw\" data-lazy=\"1\">\n        <div class=\"image-wrap tf_rel tf_mw\">\n\t\t    <img loading=\"lazy\" src=\"https:\/\/arquiconsult.com\/wp-content\/uploads\/2025\/11\/Flag_of_the_United_States.svg-230x121.png\" width=\"230\" height=\"121\" class=\"wp-post-image wp-image-115904\" title=\"Flag_of_the_United_States.svg\" alt=\"Flag_of_the_United_States.svg\" srcset=\"https:\/\/arquiconsult.com\/wp-content\/uploads\/2025\/11\/Flag_of_the_United_States.svg-230x121.png 230w, https:\/\/arquiconsult.com\/wp-content\/uploads\/2025\/11\/Flag_of_the_United_States.svg-640x337.png 640w, https:\/\/arquiconsult.com\/wp-content\/uploads\/2025\/11\/Flag_of_the_United_States.svg-768x404.png 768w, https:\/\/arquiconsult.com\/wp-content\/uploads\/2025\/11\/Flag_of_the_United_States.svg-320x169.png 320w, https:\/\/arquiconsult.com\/wp-content\/uploads\/2025\/11\/Flag_of_the_United_States.svg-480x253.png 480w, https:\/\/arquiconsult.com\/wp-content\/uploads\/2025\/11\/Flag_of_the_United_States.svg-800x421.png 800w, https:\/\/arquiconsult.com\/wp-content\/uploads\/2025\/11\/Flag_of_the_United_States.svg-220x115.png 220w, https:\/\/arquiconsult.com\/wp-content\/uploads\/2025\/11\/Flag_of_the_United_States.svg-130x68.png 130w, https:\/\/arquiconsult.com\/wp-content\/uploads\/2025\/11\/Flag_of_the_United_States.svg-50x26.png 50w, https:\/\/arquiconsult.com\/wp-content\/uploads\/2025\/11\/Flag_of_the_United_States.svg.png 1280w\" sizes=\"(max-width: 230px) 100vw, 230px\" \/>\t\n\t\t<\/div>\n\t<!-- \/image-wrap -->\n    \n    \t<\/div>\n<!-- \/module image -->\t        <\/div>\n\t    \t<\/div>\n\t\t<div  data-lazy=\"1\" style=\"width: 40.32%\" class=\"module_column tb-column col4-1 last tb_4e7t520 tf_box\">\n\t\t\t    \t        <div class=\"tb-column-inner tf_box tf_w\">\n\t\t    <!-- module text -->\n<div  class=\"module module-text tb_1lra520  repeat \" data-lazy=\"1\">\n        <div  class=\"tb_text_wrap\">\n    <p style=\"text-align: left;\"><span style=\"color: #ffffff;\"><a style=\"color: #ffffff;\" href=\"https:\/\/maps.app.goo.gl\/KRGC1Fxt7jEJS42S8\" target=\"_blank\" rel=\"noopener\"><strong>Miami<\/strong><\/a><\/span><\/p>    <\/div>\n<\/div>\n<!-- \/module text -->\t        <\/div>\n\t    \t<\/div>\n\t\t    <\/div>\n\t    <!-- \/row_inner -->\n\t<\/div>\n\t<!-- \/module_row -->\n\t\t<!-- module_row -->\n\t<div  data-css_id=\"7lmd815\" data-lazy=\"1\" class=\"module_row themify_builder_row repeat fullwidth tb_7lmd815 tf_clearfix hide-desktop hide-tablet hide-tablet_landscape hide-mobile\" >\n\t    \t\t<div class=\"row_inner col_align_top gutter-none col-count-4 tf_box tf_w tf_rel\">\n\t\t\t<div  data-lazy=\"1\" style=\"width: 42.53%\" class=\"module_column tb-column col4-1 first tb_z545815 tf_box\">\n\t\t\t    \t        <div class=\"tb-column-inner tf_box tf_w\">\n\t\t    <!-- module text -->\n<div  class=\"module module-text tb_brb5815  repeat \" data-lazy=\"1\">\n        <div  class=\"tb_text_wrap\">\n    <p style=\"text-align: right;\"><span style=\"color: #ffffff;\"><strong><a style=\"color: #ffffff;\" href=\"https:\/\/maps.app.goo.gl\/er5BbCcNVm2wXnF28\" target=\"_blank\" rel=\"noopener\">Lisbon<\/a>\u00a0 |\u00a0 <a style=\"color: #ffffff;\" href=\"https:\/\/maps.app.goo.gl\/nTk8xZV6gUjFo5WL8\" target=\"_blank\" rel=\"noopener\">Oporto<\/a>\u00a0 |\u00a0 <a style=\"color: #ffffff;\" href=\"https:\/\/maps.app.goo.gl\/9KPQa7sbh2GE7MmP8\" target=\"_blank\" rel=\"noopener\">Vila Real<\/a><\/strong><\/span><\/p>    <\/div>\n<\/div>\n<!-- \/module text -->\t        <\/div>\n\t    \t<\/div>\n\t\t<div  data-lazy=\"1\" style=\"width: 8.68%\" class=\"module_column tb-column col4-1 second tb_bf9b815 tf_box\">\n\t\t\t    \t        <div class=\"tb-column-inner tf_box tf_w\">\n\t\t    <!-- module image -->\n<div  class=\"module module-image tb_lujw815   image-top tf_mw\" data-lazy=\"1\">\n        <div class=\"image-wrap tf_rel tf_mw\">\n\t\t    <img loading=\"lazy\" src=\"https:\/\/arquiconsult.com\/wp-content\/uploads\/2025\/11\/Portugal-230x153.png\" width=\"230\" height=\"153\" class=\"wp-post-image wp-image-115895\" title=\"Portugal\" alt=\"Portugal\" srcset=\"https:\/\/arquiconsult.com\/wp-content\/uploads\/2025\/11\/Portugal-230x153.png 230w, https:\/\/arquiconsult.com\/wp-content\/uploads\/2025\/11\/Portugal-130x86.png 130w, https:\/\/arquiconsult.com\/wp-content\/uploads\/2025\/11\/Portugal-50x33.png 50w, https:\/\/arquiconsult.com\/wp-content\/uploads\/2025\/11\/Portugal.png 275w\" sizes=\"(max-width: 230px) 100vw, 230px\" \/>\t\n\t\t<\/div>\n\t<!-- \/image-wrap -->\n    \n    \t<\/div>\n<!-- \/module image -->\t        <\/div>\n\t    \t<\/div>\n\t\t<div  data-lazy=\"1\" style=\"width: 8.68%\" class=\"module_column tb-column col4-1 third tb_ugff815 tf_box\">\n\t\t\t    \t        <div class=\"tb-column-inner tf_box tf_w\">\n\t\t    <!-- module image -->\n<div  class=\"module module-image tb_lzg7815   image-top tf_mw\" data-lazy=\"1\">\n        <div class=\"image-wrap tf_rel tf_mw\">\n\t\t    <img loading=\"lazy\" src=\"https:\/\/arquiconsult.com\/wp-content\/uploads\/2025\/11\/Espanha-230x153.png\" width=\"230\" height=\"153\" class=\"wp-post-image wp-image-115892\" title=\"Espanha\" alt=\"Espanha\" srcset=\"https:\/\/arquiconsult.com\/wp-content\/uploads\/2025\/11\/Espanha-230x153.png 230w, https:\/\/arquiconsult.com\/wp-content\/uploads\/2025\/11\/Espanha-130x86.png 130w, https:\/\/arquiconsult.com\/wp-content\/uploads\/2025\/11\/Espanha-50x33.png 50w, https:\/\/arquiconsult.com\/wp-content\/uploads\/2025\/11\/Espanha.png 275w\" sizes=\"(max-width: 230px) 100vw, 230px\" \/>\t\n\t\t<\/div>\n\t<!-- \/image-wrap -->\n    \n    \t<\/div>\n<!-- \/module image -->\t        <\/div>\n\t    \t<\/div>\n\t\t<div  data-lazy=\"1\" style=\"width: 40.11%\" class=\"module_column tb-column col4-1 last tb_8unf815 tf_box\">\n\t\t\t    \t        <div class=\"tb-column-inner tf_box tf_w\">\n\t\t    <!-- module text -->\n<div  class=\"module module-text tb_ag86815  repeat \" data-lazy=\"1\">\n        <div  class=\"tb_text_wrap\">\n    <p style=\"text-align: left;\"><span style=\"color: #ffffff;\"><strong><a style=\"color: #ffffff;\" href=\"https:\/\/www.google.com\/maps\/place\/Calle+de+Antonio+L%C3%B3pez,+249,+Usera,+28041+Madrid,+Spain\/@40.3770202,-3.6944435,17z\/data=!3m1!4b1!4m6!3m5!1s0xd4226573201ff23:0xa982c9acb5d0554f!8m2!3d40.3770202!4d-3.6944435!16s%2Fg%2F11bw447czh?entry=tts&amp;g_ep=EgoyMDI1MDkwOS4wIPu8ASoASAFQAw%3D%3D&amp;skid=0762ebd5-2fa9-4b3e-a857-6c44a1a77808\" target=\"_blank\" rel=\"noopener\">Madrid<\/a>\u00a0 |\u00a0 <a style=\"color: #ffffff;\" href=\"https:\/\/maps.app.goo.gl\/s6GqE14x41HEzhgW9\" target=\"_blank\" rel=\"noopener\">Barcelona<\/a>\u00a0 |\u00a0 <a style=\"color: #ffffff;\" href=\"https:\/\/maps.app.goo.gl\/NMxMgGeL8TTYXRkP6\" target=\"_blank\" rel=\"noopener\">Salamanca<\/a>\u00a0 |\u00a0 <a style=\"color: #ffffff;\" href=\"https:\/\/maps.app.goo.gl\/G975X1bf27voU1A99\" target=\"_blank\" rel=\"noopener\">Seville<\/a>\u00a0 |\u00a0 <a style=\"color: #ffffff;\" href=\"https:\/\/maps.app.goo.gl\/dVnAD6wZMAuHmdfY9\" target=\"_blank\" rel=\"noopener\">Bilbao<\/a><\/strong><\/span><\/p>    <\/div>\n<\/div>\n<!-- \/module text -->\t        <\/div>\n\t    \t<\/div>\n\t\t    <\/div>\n\t    <!-- \/row_inner -->\n\t<\/div>\n\t<!-- \/module_row -->\n\t\t<!-- module_row -->\n\t<div  data-css_id=\"39z0739\" data-lazy=\"1\" class=\"module_row themify_builder_row repeat fullwidth tb_39z0739 tf_clearfix hide-desktop hide-tablet hide-tablet_landscape hide-mobile\" >\n\t    \t\t<div class=\"row_inner col_align_top gutter-none col-count-4 tf_box tf_w tf_rel\">\n\t\t\t<div  data-lazy=\"1\" style=\"width: 42.22%\" class=\"module_column tb-column col4-1 first tb_nzcz739 tf_box\">\n\t\t\t    \t        <div class=\"tb-column-inner tf_box tf_w\">\n\t\t    <!-- module text -->\n<div  class=\"module module-text tb_a2ft739  repeat \" data-lazy=\"1\">\n        <div  class=\"tb_text_wrap\">\n    <p style=\"text-align: right;\"><span style=\"color: #ffffff;\"><a style=\"color: #ffffff;\" href=\"https:\/\/maps.app.goo.gl\/Y8UMLRQrgeRmLx6G9\" target=\"_blank\" rel=\"noopener\"><strong>Luanda<\/strong><\/a><\/span><\/p>    <\/div>\n<\/div>\n<!-- \/module text -->\t        <\/div>\n\t    \t<\/div>\n\t\t<div  data-lazy=\"1\" style=\"width: 8.57%\" class=\"module_column tb-column col4-1 second tb_cv06740 tf_box\">\n\t\t\t    \t        <div class=\"tb-column-inner tf_box tf_w\">\n\t\t    <!-- module image -->\n<div  class=\"module module-image tb_scvm740   image-top tf_mw\" data-lazy=\"1\">\n        <div class=\"image-wrap tf_rel tf_mw\">\n\t\t    <img loading=\"lazy\" src=\"https:\/\/arquiconsult.com\/wp-content\/uploads\/2025\/11\/Angola-230x153.png\" width=\"230\" height=\"153\" class=\"wp-post-image wp-image-115880\" title=\"Angola\" alt=\"Angola\" srcset=\"https:\/\/arquiconsult.com\/wp-content\/uploads\/2025\/11\/Angola-230x153.png 230w, https:\/\/arquiconsult.com\/wp-content\/uploads\/2025\/11\/Angola-130x86.png 130w, https:\/\/arquiconsult.com\/wp-content\/uploads\/2025\/11\/Angola-50x33.png 50w, https:\/\/arquiconsult.com\/wp-content\/uploads\/2025\/11\/Angola.png 275w\" sizes=\"(max-width: 230px) 100vw, 230px\" \/>\t\n\t\t<\/div>\n\t<!-- \/image-wrap -->\n    \n    \t<\/div>\n<!-- \/module image -->\t        <\/div>\n\t    \t<\/div>\n\t\t<div  data-lazy=\"1\" style=\"width: 8.89%\" class=\"module_column tb-column col4-1 third tb_q5s0740 tf_box\">\n\t\t\t    \t        <div class=\"tb-column-inner tf_box tf_w\">\n\t\t    <!-- module image -->\n<div  class=\"module module-image tb_nvgs740   image-top tf_mw\" data-lazy=\"1\">\n        <div class=\"image-wrap tf_rel tf_mw\">\n\t\t    <img loading=\"lazy\" src=\"https:\/\/arquiconsult.com\/wp-content\/uploads\/2025\/11\/Arabia-Saudi-230x153.png\" width=\"230\" height=\"153\" class=\"wp-post-image wp-image-115883\" title=\"Arabia Saudi\" alt=\"Arabia Saudi\" srcset=\"https:\/\/arquiconsult.com\/wp-content\/uploads\/2025\/11\/Arabia-Saudi-230x153.png 230w, https:\/\/arquiconsult.com\/wp-content\/uploads\/2025\/11\/Arabia-Saudi-130x86.png 130w, https:\/\/arquiconsult.com\/wp-content\/uploads\/2025\/11\/Arabia-Saudi-50x33.png 50w, https:\/\/arquiconsult.com\/wp-content\/uploads\/2025\/11\/Arabia-Saudi.png 275w\" sizes=\"(max-width: 230px) 100vw, 230px\" \/>\t\n\t\t<\/div>\n\t<!-- \/image-wrap -->\n    \n    \t<\/div>\n<!-- \/module image -->\t        <\/div>\n\t    \t<\/div>\n\t\t<div  data-lazy=\"1\" style=\"width: 40.32%\" class=\"module_column tb-column col4-1 last tb_nv52740 tf_box\">\n\t\t\t    \t        <div class=\"tb-column-inner tf_box tf_w\">\n\t\t    <!-- module text -->\n<div  class=\"module module-text tb_q7fo740  repeat \" data-lazy=\"1\">\n        <div  class=\"tb_text_wrap\">\n    <p style=\"text-align: left;\"><span style=\"color: #ffffff;\"><a style=\"color: #ffffff;\" href=\"https:\/\/maps.app.goo.gl\/xTU9JKPrCQF6NaA17\" target=\"_blank\" rel=\"noopener\"><strong>Riyadh<\/strong><\/a><\/span><\/p>    <\/div>\n<\/div>\n<!-- \/module text -->\t        <\/div>\n\t    \t<\/div>\n\t\t    <\/div>\n\t    <!-- \/row_inner -->\n\t<\/div>\n\t<!-- \/module_row -->\n\t\t<!-- module_row -->\n\t<div  data-css_id=\"bpdd965\" data-lazy=\"1\" class=\"module_row themify_builder_row repeat fullwidth tb_bpdd965 tf_clearfix\" >\n\t    \t\t<div class=\"row_inner col_align_top gutter-none col-count-5 tf_box tf_w tf_rel\">\n\t\t\t<div  data-lazy=\"1\" style=\"width: 20.97%\" class=\"module_column tb-column col5-1 first tb_6nvd965 tf_box\">\n\t\t\t    \t        <div class=\"tb-column-inner tf_box tf_w\">\n\t\t    <!-- module image -->\n<div  class=\"module module-image tb_1m2m965   image-top tf_mw\" data-lazy=\"1\">\n        <div class=\"image-wrap tf_rel tf_mw\">\n\t\t    <a href=\"https:\/\/fenixconsultoria.com\/\" target=\"_blank\" rel=\"noopener\">\n\t\t   \t\t<img loading=\"lazy\" src=\"https:\/\/arquiconsult.com\/wp-content\/uploads\/2025\/11\/fenix-230x85.png\" width=\"230\" height=\"85\" class=\"wp-post-image wp-image-115457\" title=\"fenix\" alt=\"fenix\" srcset=\"https:\/\/arquiconsult.com\/wp-content\/uploads\/2025\/11\/fenix-230x85.png 230w, https:\/\/arquiconsult.com\/wp-content\/uploads\/2025\/11\/fenix-640x238.png 640w, https:\/\/arquiconsult.com\/wp-content\/uploads\/2025\/11\/fenix-768x285.png 768w, https:\/\/arquiconsult.com\/wp-content\/uploads\/2025\/11\/fenix-320x119.png 320w, https:\/\/arquiconsult.com\/wp-content\/uploads\/2025\/11\/fenix-480x178.png 480w, https:\/\/arquiconsult.com\/wp-content\/uploads\/2025\/11\/fenix-800x297.png 800w, https:\/\/arquiconsult.com\/wp-content\/uploads\/2025\/11\/fenix.png 1366w\" sizes=\"(max-width: 230px) 100vw, 230px\" \/>\t    <\/a>\n\t\n\t\t<\/div>\n\t<!-- \/image-wrap -->\n    \n    \t<\/div>\n<!-- \/module image -->\t        <\/div>\n\t    \t<\/div>\n\t\t<div  data-lazy=\"1\" style=\"width: 62.84%\" class=\"module_column tb-column col5-1 second tb_c8zy965 tf_box\">\n\t\t\t    \t        <div class=\"tb-column-inner tf_box tf_w\">\n\t\t    <!-- module text -->\n<div  class=\"module module-text tb_nvpq965  repeat \" data-lazy=\"1\">\n        <div  class=\"tb_text_wrap\">\n    <p class=\"elementor-icon-box-title\" style=\"text-align: center;\"><span style=\"color: #ffffff;\">vendas@fenixconsultoria.com<\/span> <span class=\"shortcode themify-icon \"><a href=\"http:\/\/\" class=\"themify-icon-link\"><i class=\"themify-icon-icon\" style=\"color: #ffffff;\"><svg  aria-hidden=\"true\" class=\"tf_fa tf-ti-email\"><use href=\"#tf-ti-email\"><\/use><\/svg><\/i><\/a><\/span><\/p>    <\/div>\n<\/div>\n<!-- \/module text -->\t        <\/div>\n\t    \t<\/div>\n\t\t<div  data-lazy=\"1\" style=\"width: 5.61%\" class=\"module_column tb-column col5-1 third tb_09ny966 tf_box\">\n\t\t\t    \t        <div class=\"tb-column-inner tf_box tf_w\">\n\t\t    <!-- module icon -->\n<div  class=\"module module-icon tb_p7ei966  large circle icon_horizontal \" data-lazy=\"1\">\n    \t    <div class=\"module-icon-item tf_inline_b\">\n\t\t\t\t\t\t\t<a href=\"https:\/\/www.linkedin.com\/company\/fenix-arquiconsult-company\/\" target=\"_blank\" rel=\"noopener\">\n\t\t\t\t\t\t\t\t\t\t\t\t\t\t\t\t\t<em class=\"ui tf_vmiddle tf_textc tf_box \" style=\"background-color: rgba(255,255,255, 0);color: #ffffff\"><svg  aria-hidden=\"true\" class=\"tf_fa tf-ti-linkedin\"><use href=\"#tf-ti-linkedin\"><\/use><\/svg><\/em>\n\t\t\t\t\t\t\t\t\t\t\t\t\t\t\t\t\t\t\t<\/a>\n\t\t\t\t    <\/div>\n\t<\/div>\n<!-- \/module icon -->\n\t        <\/div>\n\t    \t<\/div>\n\t\t<div  data-lazy=\"1\" style=\"width: 5.08%\" class=\"module_column tb-column col5-1 fourth tb_cj7g966 tf_box\">\n\t\t\t    \t        <div class=\"tb-column-inner tf_box tf_w\">\n\t\t    <!-- module icon -->\n<div  class=\"module module-icon tb_twb1966  large circle icon_horizontal \" data-lazy=\"1\">\n    \t    <div class=\"module-icon-item tf_inline_b\">\n\t\t\t\t\t\t\t<a href=\"https:\/\/www.facebook.com\/fenixsistconsult\" target=\"_blank\" rel=\"noopener\">\n\t\t\t\t\t\t\t\t\t\t\t\t\t\t\t\t\t<em class=\"ui tf_vmiddle tf_textc tf_box \" style=\"background-color: rgba(255,255,255, 0);color: #ffffff\"><svg  aria-hidden=\"true\" class=\"tf_fa tf-ti-facebook\"><use href=\"#tf-ti-facebook\"><\/use><\/svg><\/em>\n\t\t\t\t\t\t\t\t\t\t\t\t\t\t\t\t\t\t\t<\/a>\n\t\t\t\t    <\/div>\n\t<\/div>\n<!-- \/module icon -->\n\t        <\/div>\n\t    \t<\/div>\n\t\t<div  data-lazy=\"1\" style=\"width: 5.5%\" class=\"module_column tb-column col5-1 last tb_z2zy966 tf_box\">\n\t\t\t    \t        <div class=\"tb-column-inner tf_box tf_w\">\n\t\t    <!-- module icon -->\n<div  class=\"module module-icon tb_ligu966  large circle icon_horizontal \" data-lazy=\"1\">\n    \t    <div class=\"module-icon-item tf_inline_b\">\n\t\t\t\t\t\t\t<a href=\"https:\/\/www.instagram.com\/fenixsistemaseconsultoria\/\" target=\"_blank\" rel=\"noopener\">\n\t\t\t\t\t\t\t\t\t\t\t\t\t\t\t\t\t<em class=\"ui tf_vmiddle tf_textc tf_box \" style=\"background-color: rgba(255,255,255, 0);color: #ffffff\"><svg  aria-hidden=\"true\" class=\"tf_fa tf-ti-instagram\"><use href=\"#tf-ti-instagram\"><\/use><\/svg><\/em>\n\t\t\t\t\t\t\t\t\t\t\t\t\t\t\t\t\t\t\t<\/a>\n\t\t\t\t    <\/div>\n\t<\/div>\n<!-- \/module icon -->\n\t        <\/div>\n\t    \t<\/div>\n\t\t    <\/div>\n\t    <!-- \/row_inner -->\n\t<\/div>\n\t<!-- \/module_row -->\n\t<\/div>\n<!--\/themify_builder_content-->","protected":false},"excerpt":{"rendered":"<p>Obrigado! Seu material exclusivo est\u00e1 a caminho. Voc\u00ea receber\u00e1 o whitepaper em seu e-mail nos pr\u00f3ximos minutos. Enquanto isso, nosso time comercial j\u00e1 foi notificado e entrar\u00e1 em contato em breve para entender seu cen\u00e1rio e mostrar como o Dynamics 365 CE pode impulsionar seus resultados. Rio de Janeiro\u00a0 |\u00a0 S\u00e3o Paulo Miami Lisbon\u00a0 |\u00a0 [&hellip;]<\/p>\n","protected":false},"author":4,"featured_media":0,"parent":0,"menu_order":0,"comment_status":"closed","ping_status":"closed","template":"","meta":[],"acf":[],"_links":{"self":[{"href":"https:\/\/arquiconsult.com\/en\/wp-json\/wp\/v2\/pages\/115821"}],"collection":[{"href":"https:\/\/arquiconsult.com\/en\/wp-json\/wp\/v2\/pages"}],"about":[{"href":"https:\/\/arquiconsult.com\/en\/wp-json\/wp\/v2\/types\/page"}],"author":[{"embeddable":true,"href":"https:\/\/arquiconsult.com\/en\/wp-json\/wp\/v2\/users\/4"}],"replies":[{"embeddable":true,"href":"https:\/\/arquiconsult.com\/en\/wp-json\/wp\/v2\/comments?post=115821"}],"version-history":[{"count":29,"href":"https:\/\/arquiconsult.com\/en\/wp-json\/wp\/v2\/pages\/115821\/revisions"}],"predecessor-version":[{"id":117800,"href":"https:\/\/arquiconsult.com\/en\/wp-json\/wp\/v2\/pages\/115821\/revisions\/117800"}],"wp:attachment":[{"href":"https:\/\/arquiconsult.com\/en\/wp-json\/wp\/v2\/media?parent=115821"}],"curies":[{"name":"wp","href":"https:\/\/api.w.org\/{rel}","templated":true}]}}