{"id":115841,"date":"2025-11-19T10:12:59","date_gmt":"2025-11-19T10:12:59","guid":{"rendered":"https:\/\/arquiconsult.com\/helpie_faq_page\/"},"modified":"2025-11-19T10:12:59","modified_gmt":"2025-11-19T10:12:59","slug":"helpie_faq_page","status":"publish","type":"page","link":"https:\/\/arquiconsult.com\/en\/helpie_faq_page\/","title":{"rendered":"Helpie FAQ &#8211; Group Sample"},"content":{"rendered":"<p>[helpie_notices group_id=&#8217;2749&#8217;\/]<\/p>\n<style type=\"text\/css\">.helpie-faq.accordions.groupSettings-2749__enabled .accordion .accordion__item .accordion__header{background: #ffffff !important;}.helpie-faq.accordions.groupSettings-2749__enabled .accordion .accordion__item .accordion__header .accordion__title{color: #000000 !important;}.helpie-faq.accordions.groupSettings-2749__enabled .accordion .accordion__item .accordion__body{background: #ffffff !important;}.helpie-faq.accordions.groupSettings-2749__enabled .accordion .accordion__item .accordion__body, .helpie-faq.accordions.groupSettings-2749__enabled .accordion .accordion__item .accordion__body p, .helpie-faq.accordions.groupSettings-2749__enabled .accordion .accordion__item .accordion__body h1, .helpie-faq.accordions.groupSettings-2749__enabled .accordion .accordion__item .accordion__body h2, .helpie-faq.accordions.groupSettings-2749__enabled .accordion .accordion__item .accordion__body h3, .helpie-faq.accordions.groupSettings-2749__enabled .accordion .accordion__item .accordion__body h4, .helpie-faq.accordions.groupSettings-2749__enabled .accordion .accordion__item .accordion__body h5, .helpie-faq.accordions.groupSettings-2749__enabled .accordion .accordion__item .accordion__body h6{color: #000000 !important;}<\/style><section id='' \n                class='helpie-faq accordions faq-toggle groupSettings-2749__enabled' \n                data-collection='' \n                data-pagination='0' \n                data-search='0' \n                data-pagination-enabled='0'\n                role='region'\n                aria-label='FAQ Section'\n                aria-live='polite'><article class=\"accordion \"><div class='helpie-faq-row'><div class='helpie-faq-col helpie-faq-col-12' ><ul><li class=\"accordion__item \"><div class=\"accordion__header \" \r\n                id=\"accordion-header-post-115840\"\r\n                role=\"button\"\r\n                aria-expanded=\"false\"\r\n                aria-controls=\"accordion-content-post-115840\"\r\n                data-id=\"post-115840\" \r\n                data-item=\"hfaq-post-115840\" \r\n                style=\"background:transparent;\" \r\n                data-tags=\"\"\r\n                tabindex=\"0\"><div class=\"accordion__title\">1. Por que escolher o Microsoft Dynamics 365 CE em vez de outra solu\u00e7\u00e3o?<\/div><\/div><div id=\"accordion-content-post-115840\" \r\n                class=\"accordion__body\" \r\n                role=\"region\"\r\n                aria-labelledby=\"accordion-header-post-115840\"\r\n                style=\"background:transparent;\"><p style=\"text-align: left\">O Dynamics 365 Customer Engagement vai al\u00e9m de um CRM tradicional: ele \u00e9 uma <strong>plataforma completa de experi\u00eancia do cliente<\/strong>, constru\u00edda para escalar e se integrar a todo o ecossistema Microsoft.<\/p>\n<p style=\"text-align: left\"><strong>Diferenciais que fazem o CE se destacar:<\/strong><\/p>\n<ul>\n<li style=\"text-align: left\"><strong>Integra\u00e7\u00e3o nativa com o ecossistema Microsoft<\/strong><br \/>\nConectado nativamente com Office 365, Power Platform e Azure \u00a0&#8211; e utilizando os conectores da Power Platform, podemos integrar outras ferramentas de mercado.<\/li>\n<li style=\"text-align: left\"><strong>IA aplicada no dia a dia<\/strong><br \/>\nRecursos como an\u00e1lise de sentimento, assistentes de vendas e automa\u00e7\u00f5es inteligentes transformam dados em decis\u00f5es preditivas.<\/li>\n<li style=\"text-align: left\"><strong>Vis\u00e3o 360\u00b0 real do cliente<\/strong><br \/>\nConecta front-office e back-office, proporcionando uma experi\u00eancia integrada desde a prospec\u00e7\u00e3o at\u00e9 o p\u00f3s-venda.<\/li>\n<li style=\"text-align: left\"><strong>Flexibilidade e modularidade<\/strong><br \/>\nComece com Vendas, Marketing ou Servi\u00e7o e evolua com novos m\u00f3dulos conforme sua empresa cresce.<\/li>\n<\/ul>\n<!--themify_builder_content-->\n<div id=\"themify_builder_content-115841\" data-postid=\"115841\" class=\"themify_builder_content themify_builder_content-115841 themify_builder tf_clear\">\n    <\/div>\n<!--\/themify_builder_content-->\n<\/div><\/li><li class=\"accordion__item \"><div class=\"accordion__header \" \r\n                id=\"accordion-header-post-115854\"\r\n                role=\"button\"\r\n                aria-expanded=\"false\"\r\n                aria-controls=\"accordion-content-post-115854\"\r\n                data-id=\"post-115854\" \r\n                data-item=\"hfaq-post-115854\" \r\n                style=\"background:transparent;\" \r\n                data-tags=\"\"\r\n                tabindex=\"0\"><div class=\"accordion__title\">2. O Dynamics 365 CE \u00e9 escal\u00e1vel para acompanhar o crescimento da empresa?<\/div><\/div><div id=\"accordion-content-post-115854\" \r\n                class=\"accordion__body\" \r\n                role=\"region\"\r\n                aria-labelledby=\"accordion-header-post-115854\"\r\n                style=\"background:transparent;\"><p style=\"text-align: left\">Sim \u2014 <strong>escalabilidade \u00e9 um dos pilares da solu\u00e7\u00e3o<\/strong>. Hospedado no Microsoft Azure, o CE foi projetado para crescer junto com a organiza\u00e7\u00e3o.<\/p>\n<ul>\n<li style=\"text-align: left\"><strong>Escalabilidade global<\/strong><br \/>\nSuporte para expans\u00e3o de usu\u00e1rios, dados e transa\u00e7\u00f5es sem preocupa\u00e7\u00f5es com infraestrutura ou performance.<\/li>\n<li style=\"text-align: left\"><strong>Arquitetura modular<\/strong><br \/>\nAdicione novos apps (Field Service, Customer Insights, Project Operations etc.) conforme a maturidade da sua empresa evolui.<\/li>\n<li style=\"text-align: left\"><strong>Atualiza\u00e7\u00f5es cont\u00ednuas<\/strong><br \/>\nRecursos de IA, seguran\u00e7a e cloud s\u00e3o aprimorados constantemente sem interrup\u00e7\u00f5es para o usu\u00e1rio.<\/li>\n<\/ul>\n<!--themify_builder_content-->\n<div id=\"themify_builder_content-115841\" data-postid=\"115841\" class=\"themify_builder_content themify_builder_content-115841 themify_builder tf_clear\">\n    <\/div>\n<!--\/themify_builder_content-->\n<\/div><\/li><li class=\"accordion__item \"><div class=\"accordion__header \" \r\n                id=\"accordion-header-post-115855\"\r\n                role=\"button\"\r\n                aria-expanded=\"false\"\r\n                aria-controls=\"accordion-content-post-115855\"\r\n                data-id=\"post-115855\" \r\n                data-item=\"hfaq-post-115855\" \r\n                style=\"background:transparent;\" \r\n                data-tags=\"\"\r\n                tabindex=\"0\"><div class=\"accordion__title\">3. Quanto tempo leva para implementar o Dynamics 365 CE?<\/div><\/div><div id=\"accordion-content-post-115855\" \r\n                class=\"accordion__body\" \r\n                role=\"region\"\r\n                aria-labelledby=\"accordion-header-post-115855\"\r\n                style=\"background:transparent;\"><p style=\"text-align: left\">O prazo varia conforme a complexidade, mas a Microsoft e a F\u00eanix utilizam uma abordagem \u00e1gil que garante valor r\u00e1pido.<\/p>\n<ul>\n<li style=\"text-align: left\"><strong>Implementa\u00e7\u00f5es r\u00e1pidas (1 a 3 meses)<\/strong><br \/>\nPara m\u00f3dulos padr\u00e3o (como Sales ou Customer Service) utilizando configura\u00e7\u00f5es nativas e personaliza\u00e7\u00f5es leves.<\/li>\n<li style=\"text-align: left\"><strong>Projetos completos (4 a 12 meses)<\/strong><br \/>\nQuando h\u00e1 grandes volumes de dados, v\u00e1rias integra\u00e7\u00f5es ou implementa\u00e7\u00e3o do ciclo completo CRM + ERP.<\/li>\n<li style=\"text-align: left\"><strong>Entrega em ondas (MVP-first)<\/strong><br \/>\nVoc\u00ea come\u00e7a usando o sistema antes mesmo do projeto estar 100% finalizado, acelerando o ROI.<\/li>\n<\/ul>\n<!--themify_builder_content-->\n<div id=\"themify_builder_content-115841\" data-postid=\"115841\" class=\"themify_builder_content themify_builder_content-115841 themify_builder tf_clear\">\n    <\/div>\n<!--\/themify_builder_content-->\n<\/div><\/li><li class=\"accordion__item \"><div class=\"accordion__header \" \r\n                id=\"accordion-header-post-115856\"\r\n                role=\"button\"\r\n                aria-expanded=\"false\"\r\n                aria-controls=\"accordion-content-post-115856\"\r\n                data-id=\"post-115856\" \r\n                data-item=\"hfaq-post-115856\" \r\n                style=\"background:transparent;\" \r\n                data-tags=\"\"\r\n                tabindex=\"0\"><div class=\"accordion__title\">4. O Dynamics 365 CE se integra nativamente ao Business Central?<\/div><\/div><div id=\"accordion-content-post-115856\" \r\n                class=\"accordion__body\" \r\n                role=\"region\"\r\n                aria-labelledby=\"accordion-header-post-115856\"\r\n                style=\"background:transparent;\"><p style=\"text-align: left\">Sim \u2014 e essa integra\u00e7\u00e3o \u00e9 um dos grandes diferenciais do ecossistema Microsoft.<\/p>\n<p style=\"text-align: left\"><strong>O que essa integra\u00e7\u00e3o proporciona:<\/strong><\/p>\n<ul>\n<li style=\"text-align: left\"><strong>Fluxo Order-to-Cash totalmente conectado<\/strong><br \/>\nO pedido criado no CE flui automaticamente para o Business Central, eliminando retrabalho e erros manuais.<\/li>\n<li style=\"text-align: left\"><strong>Informa\u00e7\u00f5es em tempo real no CRM<\/strong><br \/>\nEstoque, limite de cr\u00e9dito, condi\u00e7\u00f5es comerciais e status de faturamento podem ser consultados pelos times de vendas diretamente no CE.<\/li>\n<li style=\"text-align: left\"><strong>Experi\u00eancia unificada entre CRM e ERP<\/strong><br \/>\nGarante um ciclo completo do cliente \u2014 da oportunidade ao faturamento \u2014 sem lacunas ou duplicidade de dados.<\/li>\n<\/ul>\n<!--themify_builder_content-->\n<div id=\"themify_builder_content-115841\" data-postid=\"115841\" class=\"themify_builder_content themify_builder_content-115841 themify_builder tf_clear\">\n    <\/div>\n<!--\/themify_builder_content-->\n<\/div><\/li><li class=\"accordion__item \"><div class=\"accordion__header \" \r\n                id=\"accordion-header-post-116073\"\r\n                role=\"button\"\r\n                aria-expanded=\"false\"\r\n                aria-controls=\"accordion-content-post-116073\"\r\n                data-id=\"post-116073\" \r\n                data-item=\"hfaq-post-116073\" \r\n                style=\"background:transparent;\" \r\n                data-tags=\"\"\r\n                tabindex=\"0\"><div class=\"accordion__title\">5. Por que escolher o ecossistema Microsoft em vez de solu\u00e7\u00f5es separadas?<\/div><\/div><div id=\"accordion-content-post-116073\" \r\n                class=\"accordion__body\" \r\n                role=\"region\"\r\n                aria-labelledby=\"accordion-header-post-116073\"\r\n                style=\"background:transparent;\"><p style=\"text-align: left\">Porque a Microsoft entrega <strong>um \u00fanico ecossistema totalmente integrado<\/strong>, seguro e em constante evolu\u00e7\u00e3o.<\/p>\n<ul>\n<li style=\"text-align: left\"><strong>Dataverse: o fim dos silos de dados<\/strong><br \/>\nTodas as informa\u00e7\u00f5es ficam em um datastore unificado, permitindo cruzamentos, an\u00e1lises e processos sem fric\u00e7\u00e3o.<\/li>\n<li style=\"text-align: left\"><strong>Seguran\u00e7a corporativa do Azure<\/strong><br \/>\nIdentidade, autentica\u00e7\u00e3o, LGPD, conformidade e gest\u00e3o s\u00e3o aplicadas de forma padronizada em toda a plataforma.<\/li>\n<li style=\"text-align: left\"><strong>Inova\u00e7\u00e3o cont\u00ednua<\/strong><br \/>\nInvestimentos bilion\u00e1rios em IA e cloud garantem evolu\u00e7\u00e3o constante sem depender de add-ons de terceiros.<\/li>\n<\/ul>\n<!--themify_builder_content-->\n<div id=\"themify_builder_content-115841\" data-postid=\"115841\" class=\"themify_builder_content themify_builder_content-115841 themify_builder tf_clear\">\n    <\/div>\n<!--\/themify_builder_content-->\n<\/div><\/li><li class=\"accordion__item \"><div class=\"accordion__header \" \r\n                id=\"accordion-header-post-116074\"\r\n                role=\"button\"\r\n                aria-expanded=\"false\"\r\n                aria-controls=\"accordion-content-post-116074\"\r\n                data-id=\"post-116074\" \r\n                data-item=\"hfaq-post-116074\" \r\n                style=\"background:transparent;\" \r\n                data-tags=\"\"\r\n                tabindex=\"0\"><div class=\"accordion__title\">6. Ter uma \u00fanica empresa respons\u00e1vel por todas as ferramentas faz diferen\u00e7a?<\/div><\/div><div id=\"accordion-content-post-116074\" \r\n                class=\"accordion__body\" \r\n                role=\"region\"\r\n                aria-labelledby=\"accordion-header-post-116074\"\r\n                style=\"background:transparent;\"><p style=\"text-align: left\">Sim \u2014 e muito. Isso garante uma <strong>parceria estrat\u00e9gica de longo prazo<\/strong>, com ganho real de efici\u00eancia.<\/p>\n<ul>\n<li style=\"text-align: left\"><strong>Suporte integrado e centralizado<\/strong><br \/>\nSem \u201cempurra-empurra\u201d entre fornecedores de CRM, ERP, BI e automa\u00e7\u00e3o.<\/li>\n<li style=\"text-align: left\"><strong>Conhecimento cont\u00ednuo da sua opera\u00e7\u00e3o<\/strong><br \/>\nA F\u00eanix acumula hist\u00f3rico, contexto e maturidade do seu ambiente, oferecendo um suporte mais \u00e1gil e consultivo.<\/li>\n<li style=\"text-align: left\"><strong>Vis\u00e3o unificada<\/strong><br \/>\nUm \u00fanico parceiro consegue conectar processos, priorizar demandas e orientar evolu\u00e7\u00e3o tecnol\u00f3gica de forma estrat\u00e9gica.<\/li>\n<\/ul>\n<!--themify_builder_content-->\n<div id=\"themify_builder_content-115841\" data-postid=\"115841\" class=\"themify_builder_content themify_builder_content-115841 themify_builder tf_clear\">\n    <\/div>\n<!--\/themify_builder_content-->\n<\/div><\/li><li class=\"accordion__item \"><div class=\"accordion__header \" \r\n                id=\"accordion-header-post-116075\"\r\n                role=\"button\"\r\n                aria-expanded=\"false\"\r\n                aria-controls=\"accordion-content-post-116075\"\r\n                data-id=\"post-116075\" \r\n                data-item=\"hfaq-post-116075\" \r\n                style=\"background:transparent;\" \r\n                data-tags=\"\"\r\n                tabindex=\"0\"><div class=\"accordion__title\">7. O Dynamics 365 CE integra nativamente com a Power Platform? Quais s\u00e3o os benef\u00edcios?<\/div><\/div><div id=\"accordion-content-post-116075\" \r\n                class=\"accordion__body\" \r\n                role=\"region\"\r\n                aria-labelledby=\"accordion-header-post-116075\"\r\n                style=\"background:transparent;\"><p style=\"text-align: left\">Sim \u2014 o CE \u00e9 constru\u00eddo sobre a Power Platform, o que transforma o CRM em uma <strong>plataforma completa de inova\u00e7\u00e3o e automa\u00e7\u00e3o<\/strong>.<\/p>\n<h3 style=\"text-align: left\"><strong>Benef\u00edcios por ferramenta:<\/strong><\/h3>\n<ul>\n<li style=\"text-align: left\"><strong>Power Apps<\/strong><br \/>\nCrie apps personalizados (mobile\/web) para processos espec\u00edficos n\u00e3o cobertos pelo CRM padr\u00e3o.<\/li>\n<li style=\"text-align: left\"><strong>Power Automate<\/strong><br \/>\nAutomatize fluxos que atravessam diversas \u00e1reas e sistemas (CE, ERP, Teams, SharePoint etc.).<\/li>\n<li style=\"text-align: left\"><strong>Power BI<\/strong><br \/>\nConstrua dashboards anal\u00edticos avan\u00e7ados com dados integrados de CRM e ERP em tempo real.<\/li>\n<li style=\"text-align: left\"><strong>Copilot Studio<\/strong><br \/>\nCrie agentes de IA customizados, conectados \u00e0 base interna da empresa ou diretamente aos m\u00f3dulos do CE.<\/li>\n<\/ul>\n<!--themify_builder_content-->\n<div id=\"themify_builder_content-115841\" data-postid=\"115841\" class=\"themify_builder_content themify_builder_content-115841 themify_builder tf_clear\">\n    <\/div>\n<!--\/themify_builder_content-->\n<\/div><\/li><\/ul><\/div><\/div><\/article><\/section>\n<!--themify_builder_content-->\n<div id=\"themify_builder_content-115841\" data-postid=\"115841\" class=\"themify_builder_content themify_builder_content-115841 themify_builder tf_clear\">\n    <\/div>\n<!--\/themify_builder_content-->\n","protected":false},"excerpt":{"rendered":"<p>[helpie_notices group_id=&#8217;2749&#8217;\/]<\/p>\n","protected":false},"author":1,"featured_media":0,"parent":0,"menu_order":0,"comment_status":"closed","ping_status":"closed","template":"","meta":[],"acf":[],"_links":{"self":[{"href":"https:\/\/arquiconsult.com\/en\/wp-json\/wp\/v2\/pages\/115841"}],"collection":[{"href":"https:\/\/arquiconsult.com\/en\/wp-json\/wp\/v2\/pages"}],"about":[{"href":"https:\/\/arquiconsult.com\/en\/wp-json\/wp\/v2\/types\/page"}],"author":[{"embeddable":true,"href":"https:\/\/arquiconsult.com\/en\/wp-json\/wp\/v2\/users\/1"}],"replies":[{"embeddable":true,"href":"https:\/\/arquiconsult.com\/en\/wp-json\/wp\/v2\/comments?post=115841"}],"version-history":[{"count":0,"href":"https:\/\/arquiconsult.com\/en\/wp-json\/wp\/v2\/pages\/115841\/revisions"}],"wp:attachment":[{"href":"https:\/\/arquiconsult.com\/en\/wp-json\/wp\/v2\/media?parent=115841"}],"curies":[{"name":"wp","href":"https:\/\/api.w.org\/{rel}","templated":true}]}}