{"id":20370,"date":"2021-08-31T12:45:01","date_gmt":"2021-08-31T10:45:01","guid":{"rendered":"https:\/\/arquiconsult.com\/?page_id=20370"},"modified":"2025-01-08T11:00:12","modified_gmt":"2025-01-08T11:00:12","slug":"privacy_data_protection_policy","status":"publish","type":"page","link":"https:\/\/arquiconsult.com\/en\/privacy_data_protection_policy\/","title":{"rendered":"Privacy Policy"},"content":{"rendered":"<!--themify_builder_content-->\n<div id=\"themify_builder_content-20370\" data-postid=\"20370\" class=\"themify_builder_content themify_builder_content-20370 themify_builder tf_clear\">\n    \t<!-- module_row -->\n\t<div  data-lazy=\"1\" class=\"module_row themify_builder_row tb_t17f142 tb_first tf_clearfix\" >\n\t    \t\t<div class=\"row_inner col_align_top col-count-1 tf_box tf_w tf_rel\">\n\t\t\t<div  data-lazy=\"1\" class=\"module_column tb-column col-full first tb_c65w143 tf_box\">\n\t\t\t    \t        <div class=\"tb-column-inner tf_box tf_w\">\n\t\t    \t<div  data-lazy=\"1\" class=\"module_subrow themify_builder_sub_row tb_oyoz144 tf_w tf_clearfix\">\n\t    \t\t<div class=\"subrow_inner col_align_top col-count-2 tf_box tf_w\"  data-basecol=\"2\" data-col_mobile=\"column-full\">\n\t\t\t<div  style=\"width: 65.68%\" data-lazy=\"1\" class=\"sub_column module_column tf_box col4-2 first tb_5o2t145\" > \n\t    \t    \t        <div class=\"tb-column-inner tf_box tf_w\">\n\t\t    <!-- module text -->\n<div  class=\"module module-text tb_t9ln294    hide-desktop hide-tablet hide-tablet_landscape hide-mobile\" data-lazy=\"1\">\n        <div  class=\"tb_text_wrap\">\n    <h1 style=\"text-align: left;\">Privacy and Data Protection Policy of <a href=\"https:\/\/arquiconsult.com\/en\/\">Arquiconsult<\/a><\/h1>    <\/div>\n<\/div>\n<!-- \/module text --><!-- module text -->\n<div  class=\"module module-text tb_rn7p145   \" data-lazy=\"1\">\n        <div  class=\"tb_text_wrap\">\n    <p style=\"text-align: left;\">Privacy and Data Protection Policy of <a href=\"https:\/\/arquiconsult.com\/en\/\">Arquiconsult<\/a><\/p>    <\/div>\n<\/div>\n<!-- \/module text --><!-- module text -->\n<div  class=\"module module-text tb_t85x281   \" data-lazy=\"1\">\n        <div  class=\"tb_text_wrap\">\n    <p style=\"text-align: left;\">Privacy and Data Protection Policy in accordance with the <a href=\"https:\/\/arquiconsult.com\/en\/legal-updates-en\/\">GDPR<\/a>.<\/p>    <\/div>\n<\/div>\n<!-- \/module text --><!-- module text -->\n<div  class=\"module module-text tb_hwsj94    hide-desktop hide-tablet hide-tablet_landscape hide-mobile\" data-lazy=\"1\">\n        <div  class=\"tb_text_wrap\">\n    <h2 style=\"text-align: left;\">Privacy and Data Protection Policy in accordance with the <a href=\"https:\/\/arquiconsult.com\/en\/legal-updates-en\/\">GDPR<\/a>.<\/h2>    <\/div>\n<\/div>\n<!-- \/module text -->\t        <\/div>\n\t    \t<\/div>\n\t\t<div  style=\"width: 31.12%\" data-lazy=\"1\" class=\"sub_column module_column tf_box col4-2 last tb_5bja671\"> \n\t    \t    \t<\/div>\n\t\t    <\/div>\n\t<\/div><!-- \/themify_builder_sub_row -->\n\t\t<div  data-lazy=\"1\" class=\"module_subrow themify_builder_sub_row tb_fovm146 tf_w tf_clearfix\">\n\t    \t\t<div class=\"subrow_inner col_align_top col-count-2 tf_box tf_w\"  data-basecol=\"2\" data-col_tablet=\"column4-2\" data-col_tablet_landscape=\"column4-2\" data-col_mobile=\"column-full\">\n\t\t\t<div  style=\"width: 83.18%\" data-lazy=\"1\" class=\"sub_column module_column tf_box col4-2 first tb_jxdv147\"> \n\t    \t    \t        <div class=\"tb-column-inner tf_box tf_w\">\n\t\t    <!-- module text -->\n<div  class=\"module module-text tb_16yi147  repeat \" data-lazy=\"1\">\n        <div  class=\"tb_text_wrap\">\n    <h4><strong>Scope of application<\/strong><\/h4>\n<p>The Privacy Policy and Personal Data Protection is intended to regulate the processing of personal data to be carried out by Arquiconsult within the scope of its services.<\/p>    <\/div>\n<\/div>\n<!-- \/module text --><!-- module text -->\n<div  class=\"module module-text tb_v75j560  repeat \" data-lazy=\"1\">\n        <div  class=\"tb_text_wrap\">\n    <h4><strong>Responsible for treatment<\/strong><\/h4>\n<p>ARQUICONSULT &#8211; Sistemas de Informa\u00e7\u00e3o, S.A., headquartered at Av. Comendador Ferreira de Matos,<br \/>793 &#8211; 1st Room C1, 4450-125, registered at the Commercial Registry Office of Matosinhos<br \/>under the single registration number and NIPC 505187299, with the share capital of \u20ac105,000.00 (one hundred and five thousand euros).<\/p>    <\/div>\n<\/div>\n<!-- \/module text --><!-- module text -->\n<div  class=\"module module-text tb_ax4j127  repeat \" data-lazy=\"1\">\n        <div  class=\"tb_text_wrap\">\n    <h4><strong>Data collected<\/strong><\/h4>\n<p>(1) Data provided directly by the holder;<br \/>(2) Data collected within the scope of the relationship established with the holder of such data;<br \/>(3) Personal data requested from the holder treated with his consent<\/p>    <\/div>\n<\/div>\n<!-- \/module text --><!-- module text -->\n<div  class=\"module module-text tb_qi1a801  repeat \" data-lazy=\"1\">\n        <div  class=\"tb_text_wrap\">\n    <h4><strong>Object<\/strong><\/h4>\n<p>The processing of personal data includes, inter alia, the registration, collection, consultation, use, adaptation, modification, storage, destruction, among other operations referred to in article 4, paragraph 2 of Regulation (EU) 2016\/679 of the Parliament European and Council of 27 April 2016.<\/p>    <\/div>\n<\/div>\n<!-- \/module text --><!-- module text -->\n<div  class=\"module module-text tb_1oc286  repeat \" data-lazy=\"1\">\n        <div  class=\"tb_text_wrap\">\n    <h4><strong>Purposes<\/strong><\/h4>\n<p>The use of the collected data has the following purposes, namely: (1) The provision of services requested by the holder; (2) provide information about products, services, marketing activities, campaigns, promotions, statistical purposes and personalized content, subject to prior consent for that purpose (3) Recruitment.<\/p>    <\/div>\n<\/div>\n<!-- \/module text --><!-- module text -->\n<div  class=\"module module-text tb_sxzt514  repeat \" data-lazy=\"1\">\n        <div  class=\"tb_text_wrap\">\n    <h4><strong>Legislation<\/strong><\/h4>\n<p>Arquiconsult guarantees the processing of personal data in accordance with the legislation in force regarding its collection, processing, use, disclosure, storage and privacy.<\/p>    <\/div>\n<\/div>\n<!-- \/module text --><!-- module text -->\n<div  class=\"module module-text tb_u7m6607  repeat \" data-lazy=\"1\">\n        <div  class=\"tb_text_wrap\">\n    <h4><strong>Untreated data<\/strong><\/h4>\n<p>ARQUICONSULT will not process personal data that reveal racial or ethnic origin, political opinions, religious or philosophical beliefs, or union membership, as well as the processing of genetic data, biometric data, data relating to health or data relating to sexual life or sexual orientation of the holder.<\/p>    <\/div>\n<\/div>\n<!-- \/module text --><!-- module text -->\n<div  class=\"module module-text tb_erfg322  repeat \" data-lazy=\"1\">\n        <div  class=\"tb_text_wrap\">\n    <h4><strong>Registration<\/strong><\/h4>\n<p>By accessing or using our services, participating in marketing activities promoted by ARQUICONSULT, or in any recruitment process, the user agrees with ARQUICONSULT&#8217;s privacy policy and protection of personal data, giving their consent to its collection and processing for the purposes referred to in point 5, providing them directly and explicitly. The non-provision or partial provision of personal data by the holder may limit or prevent the performance of services, participation in events, campaigns or any other promotional and\/or commercial activities or integration in recruitment processes.<\/p>    <\/div>\n<\/div>\n<!-- \/module text --><!-- module text -->\n<div  class=\"module module-text tb_mfgd596  repeat \" data-lazy=\"1\">\n        <div  class=\"tb_text_wrap\">\n    <h4><strong>Collection<\/strong><\/h4>\n<p>Personal data may only be collected if: (1) the data subject requests a service; (2) respond to an inquiry; (3) exchange electronic correspondence with ARQUICONSULT; (4) agree to participate in marketing activities and\/or campaigns and receive commercial and\/or corporate information. (5) register on the ARQUICONSULT website or at any commercial event, in the latter, even if in a non-automated manner.<\/p>    <\/div>\n<\/div>\n<!-- \/module text --><!-- module text -->\n<div  class=\"module module-text tb_tz2v543  repeat \" data-lazy=\"1\">\n        <div  class=\"tb_text_wrap\">\n    <h4><strong>Consent to receive information<\/strong><\/h4>\n<p>The data subject will give his prior consent regarding the reception of commercial communications for marketing purposes, being granted the right to object, at any time, by means of written communication addressed to Arquiconsult. Said commercial information,poder\u00e3o ser enviadas pela Arquiconsult, atrav\u00e9s de correio eletr\u00f3nico, telefone, SMS ou qualquer outro meio de comunica\u00e7\u00e3o eletr\u00f3nica, websites de redes sociais, Web 2.0, qualquer conte\u00fado de telem\u00f3vel ou m\u00e9todo.<\/p>    <\/div>\n<\/div>\n<!-- \/module text --><!-- module text -->\n<div  class=\"module module-text tb_50l8553  repeat \" data-lazy=\"1\">\n        <div  class=\"tb_text_wrap\">\n    <h4><strong>Streaming<\/strong><\/h4>\n<p>In addition to the obligations referred to in the law applicable to data protection or the safeguarding and protection of its own interests, Arquiconsult will not share any personal data with third parties, with the exception of its group companies, as long as the security and safety conditions are guaranteed. completeness of the respective data.<\/p>    <\/div>\n<\/div>\n<!-- \/module text --><!-- module text -->\n<div  class=\"module module-text tb_x3hm558  repeat \" data-lazy=\"1\">\n        <div  class=\"tb_text_wrap\">\n    <h4><strong>Technical and organizational measures<\/strong><\/h4>\n<p>ARQUICONSULT has adequate technical and organizational measures to protect the processed data, namely, against unauthorized access or any other form of illegal or illicit processing. ARQUICONSULT guarantees, in addition to security measures and internal protection of its facilities, the limitation of access to personal data only to its employees for the fulfillment of the processing purposes.<\/p>    <\/div>\n<\/div>\n<!-- \/module text --><!-- module text -->\n<div  class=\"module module-text tb_3q2v976  repeat \" data-lazy=\"1\">\n        <div  class=\"tb_text_wrap\">\n    <h4><strong>Access, Change and Forget<\/strong><\/h4>\n<p>The data subject is given the right to access and rectify the processed data, and may, at any time, withdraw the consent for the processing and request the deletion of the data, by means of written communication addressed to Arquiconsult.<\/p>    <\/div>\n<\/div>\n<!-- \/module text --><!-- module text -->\n<div  class=\"module module-text tb_nw7x112  repeat \" data-lazy=\"1\">\n        <div  class=\"tb_text_wrap\">\n    <h4><strong>Duration of data maintenance<\/strong><\/h4>\n<p>Arquiconsult will use reasonable efforts to ensure that it retains data about the data subject only for as long as is necessary for the purpose for which it was collected, or as required under any contract or applicable law, within a maximum period of 5 (five years.<\/p>    <\/div>\n<\/div>\n<!-- \/module text --><!-- module text -->\n<div  class=\"module module-text tb_eibl9  repeat \" data-lazy=\"1\">\n        <div  class=\"tb_text_wrap\">\n    <h4><strong>Applicability<\/strong><\/h4>\n<p>Arquiconsult&#8217;s privacy and personal data protection policies apply to the processing of personal data carried out in the context of its commercial activities and its provision of services, in accordance with the principles of lawfulness, loyalty and transparency.<\/p>    <\/div>\n<\/div>\n<!-- \/module text --><!-- module text -->\n<div  class=\"module module-text tb_raj872  repeat \" data-lazy=\"1\">\n        <div  class=\"tb_text_wrap\">\n    <h4><strong>Cookies<\/strong><\/h4>\n<p>Arquiconsult does not use cookies, beacons, plug-ins (extensions) on social networks or any other similar technologies.<\/p>    <\/div>\n<\/div>\n<!-- \/module text --><!-- module text -->\n<div  class=\"module module-text tb_oded668  repeat \" data-lazy=\"1\">\n        <div  class=\"tb_text_wrap\">\n    <h4><strong>Automated decisions<\/strong><\/h4>\n<p>It will not make any business decisions based on automated decisions, nor will it take any action leading to profiling.<\/p>    <\/div>\n<\/div>\n<!-- \/module text --><!-- module text -->\n<div  class=\"module module-text tb_whsd746  repeat \" data-lazy=\"1\">\n        <div  class=\"tb_text_wrap\">\n    <h4><strong>Control authority<\/strong><\/h4>\n<p>The supervisory authority is the National Data Protection Commission (NDPC), headquartered at Rua de S\u00e3o Bento no. 148-3\u00ba 1200-821 Lisbon.<\/p>    <\/div>\n<\/div>\n<!-- \/module text --><!-- module text -->\n<div  class=\"module module-text tb_3a9x518  repeat \" data-lazy=\"1\">\n        <div  class=\"tb_text_wrap\">\n    <h4><strong>Communications<\/strong><\/h4>\n<p>Any communication regarding the processing of personal data must be addressed to Arquiconsult<br \/>via email: <a href=\"mailto:gdpr@arquiconsult.com\">gdpr@arquiconsult.com<\/a>.<\/p>\n<p><\/p>\n<p><a href=\"https:\/\/eur-lex.europa.eu\/legal-content\/PT\/TXT\/PDF\/?uri=CELEX:32016R0679\" target=\"_blank\" rel=\"noopener\">European Regulation 2016\/679 available on this Link<\/a><\/p>    <\/div>\n<\/div>\n<!-- \/module text -->\t        <\/div>\n\t    \t<\/div>\n\t\t<div  style=\"width: 13.62%\" data-lazy=\"1\" class=\"sub_column module_column tf_box col4-2 last tb_29cc961\"> \n\t    \t    \t<\/div>\n\t\t    <\/div>\n\t<\/div><!-- \/themify_builder_sub_row -->\n\t\t        <\/div>\n\t    \t<\/div>\n\t\t    <\/div>\n\t    <!-- \/row_inner -->\n\t<\/div>\n\t<!-- \/module_row -->\n\t<\/div>\n<!--\/themify_builder_content-->","protected":false},"excerpt":{"rendered":"<p>Privacy and Data Protection Policy of Arquiconsult Privacy and Data Protection Policy of Arquiconsult Privacy and Data Protection Policy in accordance with the GDPR. Privacy and Data Protection Policy in accordance with the GDPR. Scope of application The Privacy Policy and Personal Data Protection is intended to regulate the processing of personal data to be [&hellip;]<\/p>\n","protected":false},"author":4,"featured_media":0,"parent":0,"menu_order":0,"comment_status":"closed","ping_status":"closed","template":"","meta":[],"acf":[],"_links":{"self":[{"href":"https:\/\/arquiconsult.com\/en\/wp-json\/wp\/v2\/pages\/20370"}],"collection":[{"href":"https:\/\/arquiconsult.com\/en\/wp-json\/wp\/v2\/pages"}],"about":[{"href":"https:\/\/arquiconsult.com\/en\/wp-json\/wp\/v2\/types\/page"}],"author":[{"embeddable":true,"href":"https:\/\/arquiconsult.com\/en\/wp-json\/wp\/v2\/users\/4"}],"replies":[{"embeddable":true,"href":"https:\/\/arquiconsult.com\/en\/wp-json\/wp\/v2\/comments?post=20370"}],"version-history":[{"count":0,"href":"https:\/\/arquiconsult.com\/en\/wp-json\/wp\/v2\/pages\/20370\/revisions"}],"wp:attachment":[{"href":"https:\/\/arquiconsult.com\/en\/wp-json\/wp\/v2\/media?parent=20370"}],"curies":[{"name":"wp","href":"https:\/\/api.w.org\/{rel}","templated":true}]}}