{"id":29224,"date":"2021-11-05T15:22:37","date_gmt":"2021-11-05T14:22:37","guid":{"rendered":"https:\/\/arquiconsult.com\/?page_id=29224"},"modified":"2025-12-05T13:49:25","modified_gmt":"2025-12-05T13:49:25","slug":"cortica","status":"publish","type":"page","link":"https:\/\/arquiconsult.com\/en\/cortica\/","title":{"rendered":"Corti\u00e7a"},"content":{"rendered":"<!--themify_builder_content-->\n<div id=\"themify_builder_content-29224\" data-postid=\"29224\" class=\"themify_builder_content themify_builder_content-29224 themify_builder tf_clear\">\n    \t<!-- module_row -->\n\t<div  data-css_id=\"rggk886\" data-lazy=\"1\" class=\"module_row themify_builder_row fullcover fullwidth_row_container tb_rggk886 tb_first tf_clearfix\" >\n\t    <div class=\"builder_row_cover tf_abs\"><\/div>\t\t<div class=\"row_inner col_align_middle col-count-2 tf_box tf_w tf_rel\"  data-basecol=\"2\" data-col_tablet=\"column-full\" data-col_mobile=\"column-full\">\n\t\t\t<div  data-lazy=\"1\" style=\"width: 50.2%\" class=\"module_column tb-column col3-2 first tb_0ycc887 tf_box\">\n\t\t\t    \t        <div class=\"tb-column-inner tf_box tf_w\">\n\t\t    <!-- module text -->\n<div  class=\"module module-text tb_sgng887  repeat \" data-lazy=\"1\">\n        <div  class=\"tb_text_wrap\">\n    <h4 style=\"text-align: left;\"><a href=\"https:\/\/arquiconsult.com\">Arquiconsult.com<\/a> \/ <a href=\"#\">Sectores<\/a> \/\u00a0<strong>Corti\u00e7a &#8211; CorkVision<\/strong><\/h4>    <\/div>\n<\/div>\n<!-- \/module text --><!-- module fancy heading -->\n<!--\/* $fields_args['heading_tag']  CODIGO QUE SAIU * \/-->\n<div  class=\"module module-fancy-heading tb_s5sg887 titulo-suporte tb_hide_divider\" data-lazy=\"1\">\n        <h1  class=\"fancy-heading tf_textl\">\n    <span class=\"main-head tf_block\">\n\t\t\t\t\tCorkVision\t\t    <\/span>\n\n\t\n    <span class=\"sub-head tf_block tf_rel\">\n\t\t\t\t\t\t\t    <\/span>\n    <\/h2>\n<\/div>\n<!-- \/module fancy heading -->\n<!-- module text -->\n<div  class=\"module module-text tb_aa46887   \" data-lazy=\"1\">\n        <div  class=\"tb_text_wrap\">\n    <p style=\"text-align: left;\">A solu\u00e7\u00e3o desenhada em fun\u00e7\u00e3o das melhores pr\u00e1ticas de neg\u00f3cio da Fileira da Corti\u00e7a.<\/p>    <\/div>\n<\/div>\n<!-- \/module text --><!-- module buttons -->\n<div  class=\"module module-buttons tb_enyp887 buttons-horizontal transparent  large circle\" data-lazy=\"1\">\n    \t<div class=\"module-buttons-item tf_inline_b\">\n\t\t\t\t\t\t\t<a href=\"#crm_form\" class=\"ui builder_button tb_default_color\" >\n\t\t\t\t\t\t\t\t\t\t\t<span class=\"tf_inline_b tf_vmiddle\">Fale com a nossa equipa!<\/span>\n\t\t\t\t\t\t\t\t\t\t\t<\/a>\n\t\t\t    \t<\/div>\n\t<\/div>\n<!-- \/module buttons -->\n\t        <\/div>\n\t    \t<\/div>\n\t\t<div  data-lazy=\"1\" style=\"width: 46.6%\" class=\"module_column tb-column col3-1 last tb_5f2p887 tf_box\">\n\t\t\t    \t<\/div>\n\t\t    <\/div>\n\t    <!-- \/row_inner -->\n\t<\/div>\n\t<!-- \/module_row -->\n\t\t<!-- module_row -->\n\t<div  data-css_id=\"x1fq266\" data-lazy=\"1\" class=\"module_row themify_builder_row fullcover fullwidth tb_x1fq266 tf_clearfix wow\" data-tf-animation=\"pulse\" >\n\t    \t\t<div class=\"row_inner col_align_top col-count-1 tf_box tf_w tf_rel\">\n\t\t\t<div  data-lazy=\"1\" class=\"module_column tb-column col-full first tb_nbzq266 tf_box\">\n\t\t\t    \t        <div class=\"tb-column-inner tf_box tf_w\">\n\t\t    <!-- module text -->\n<div  class=\"module module-text tb_bu2l266  repeat \" data-lazy=\"1\">\n        <div  class=\"tb_text_wrap\">\n    <p style=\"text-align: center;\">Controla a margem ao longo das diversas fases do neg\u00f3cio, desde a compra de mat\u00e9ria-prima, fabrica\u00e7\u00e3o, escolha e comercializa\u00e7\u00e3o? Pratica uma gest\u00e3o de amostras eficaz, quer sejam standards (internas e externas), quer sejam espec\u00edficas por cliente? Possui rastreio integral de produto em todas as etapas produtivas e de subcontrata\u00e7\u00e3o?<\/p>    <\/div>\n<\/div>\n<!-- \/module text -->\t        <\/div>\n\t    \t<\/div>\n\t\t    <\/div>\n\t    <!-- \/row_inner -->\n\t<\/div>\n\t<!-- \/module_row -->\n\t\t<!-- module_row -->\n\t<div  data-desktop-padding=\"20px,20px\" data-css_id=\"spql197\" data-lazy=\"1\" class=\"module_row themify_builder_row repeat fullwidth_row_container tb_spql197 tf_clearfix\" >\n\t    \t\t<div class=\"row_inner col_align_top col-count-2 tf_box tf_w tf_rel\"  data-basecol=\"2\" data-col_tablet_landscape=\"column4-2\" data-col_mobile=\"column-full\">\n\t\t\t<div  data-lazy=\"1\" class=\"module_column tb-column col4-2 first tb_sql9197 repeat tf_box\">\n\t\t\t    \t        <div class=\"tb-column-inner tf_box tf_w\">\n\t\t    <!-- module image -->\n<div  class=\"module module-image tb_p97y198   image-center tf_mw\" data-lazy=\"1\">\n        <div class=\"image-wrap tf_rel tf_mw\">\n\t\t    <img loading=\"lazy\" src=\"https:\/\/arquiconsult.com\/wp-content\/uploads\/2024\/01\/corretagem-120x116.png\" width=\"120\" height=\"116\" class=\"wp-post-image wp-image-59169\" title=\"corretagem\" alt=\"corretagem\" srcset=\"https:\/\/arquiconsult.com\/wp-content\/uploads\/2024\/01\/corretagem-120x116.png 120w, https:\/\/arquiconsult.com\/wp-content\/uploads\/2024\/01\/corretagem-220x213.png 220w, https:\/\/arquiconsult.com\/wp-content\/uploads\/2024\/01\/corretagem.png 247w\" sizes=\"(max-width: 120px) 100vw, 120px\" \/>\t\n\t\t<\/div>\n\t<!-- \/image-wrap -->\n    \n    \t<\/div>\n<!-- \/module image --><!-- module text -->\n<div  class=\"module module-text tb_qkhk198  repeat \" data-lazy=\"1\">\n        <div  class=\"tb_text_wrap\">\n    <h3 style=\"text-align: center;\">A resposta a estas quest\u00f5es e a muitas outras relativas ao seu neg\u00f3cio encontram-se solucionadas no CorkVision, a solu\u00e7\u00e3o desenhada em fun\u00e7\u00e3o das melhores pr\u00e1ticas de neg\u00f3cio da Fileira da Corti\u00e7a. Num mercado cada vez mais exigente e global, o controlo eficiente e integrado de todos os processos de neg\u00f3cio e a qualidade da informa\u00e7\u00e3o, s\u00e3o fatores cr\u00edticos para o sucesso da sua empresa. Numa ind\u00fastria com caracter\u00edsticas muito particulares e complexas, apenas uma solu\u00e7\u00e3o pensada especificamente e implementada por uma empresa que conhe\u00e7a profundamente o sector e fale a sua linguagem, \u00e9 capaz de responder com sucesso aos diferentes desafios que se coloquem, seja a empresas com interven\u00e7\u00e3o exclusivamente local, sejam a empresas com diferentes filiais ou representa\u00e7\u00f5es mundiais.<\/h3>    <\/div>\n<\/div>\n<!-- \/module text -->\t        <\/div>\n\t    \t<\/div>\n\t\t<div  data-lazy=\"1\" class=\"module_column tb-column col4-2 last tb_hgi5197 repeat tf_box\">\n\t\t\t    \t        <div class=\"tb-column-inner tf_box tf_w\">\n\t\t    <!-- module image -->\n<div  class=\"module module-image tb_aga8198   image-center tf_mw\" data-lazy=\"1\">\n        <div class=\"image-wrap tf_rel tf_mw\">\n\t\t    <img loading=\"lazy\" src=\"https:\/\/arquiconsult.com\/wp-content\/uploads\/2024\/01\/traderntal-traders-120x116.png\" width=\"120\" height=\"116\" class=\"wp-post-image wp-image-59193\" title=\"traderntal-traders\" alt=\"traderntal-traders\" srcset=\"https:\/\/arquiconsult.com\/wp-content\/uploads\/2024\/01\/traderntal-traders-120x116.png 120w, https:\/\/arquiconsult.com\/wp-content\/uploads\/2024\/01\/traderntal-traders.png 247w\" sizes=\"(max-width: 120px) 100vw, 120px\" \/>\t\n\t\t<\/div>\n\t<!-- \/image-wrap -->\n    \n    \t<\/div>\n<!-- \/module image --><!-- module text -->\n<div  class=\"module module-text tb_whge198  repeat \" data-lazy=\"1\">\n        <div  class=\"tb_text_wrap\">\n    <h3 style=\"text-align: center;\">Na <a href=\"https:\/\/arquiconsult.com\/\">Arquiconsult<\/a>, a experi\u00eancia acumulada atrav\u00e9s de numerosas implementa\u00e7\u00f5es em diversos continentes, permite-nos implementar solu\u00e7\u00f5es e apoiar empresas globais atrav\u00e9s de uma atua\u00e7\u00e3o local, quer de acordo com os requisitos legais, quer com os seus requisitos operacionais. A solu\u00e7\u00e3o Corkvision foi pensada de uma forma abrangente para que lhe seja poss\u00edvel gerir a sua opera\u00e7\u00e3o de forma global e ao mesmo tempo viabilizar uma implementa\u00e7\u00e3o local, assente nas vers\u00f5es localizadas do <a href=\"https:\/\/arquiconsult.com\/erp-business-central\/\">ERP Dynamics 365 Business Central<\/a> (A.K.A. Dynamics NAV) nos mais de 40 pa\u00edses dispon\u00edveis na nossa rede de cobertura mundial.<\/h3>    <\/div>\n<\/div>\n<!-- \/module text -->\t        <\/div>\n\t    \t<\/div>\n\t\t    <\/div>\n\t    <!-- \/row_inner -->\n\t<\/div>\n\t<!-- \/module_row -->\n\t\t<!-- module_row -->\n\t<div  data-css_id=\"m2bx523\" data-lazy=\"1\" class=\"module_row themify_builder_row fullcover fullwidth tb_m2bx523 tf_clearfix wow\" data-tf-animation=\"pulse\" >\n\t    \t\t<div class=\"row_inner col_align_top col-count-1 tf_box tf_w tf_rel\">\n\t\t\t<div  data-lazy=\"1\" class=\"module_column tb-column col-full first tb_i2ly524 tf_box\">\n\t\t\t    \t        <div class=\"tb-column-inner tf_box tf_w\">\n\t\t    <!-- module text -->\n<div  class=\"module module-text tb_fb10524  repeat \" data-lazy=\"1\">\n        <div  class=\"tb_text_wrap\">\n    <h2>O CorkVision \u00e9 uma solu\u00e7\u00e3o modular constitu\u00edda por<\/h2>    <\/div>\n<\/div>\n<!-- \/module text -->\t        <\/div>\n\t    \t<\/div>\n\t\t    <\/div>\n\t    <!-- \/row_inner -->\n\t<\/div>\n\t<!-- \/module_row -->\n\t\t<!-- module_row -->\n\t<div  data-css_id=\"nkgm6\" data-lazy=\"1\" class=\"module_row themify_builder_row repeat fullwidth tb_nkgm6 tf_clearfix\" >\n\t    \t\t<div class=\"row_inner col_align_top gutter-narrow col-count-5 tf_box tf_w tf_rel\"  data-basecol=\"5\" data-col_tablet_landscape=\"column3-1 tb_3col\" data-col_mobile=\"column-full\">\n\t\t\t<div  data-lazy=\"1\" class=\"module_column tb-column col5-1 first tb_x23s6 repeat tf_box\">\n\t\t\t    \t        <div class=\"tb-column-inner tf_box tf_w\">\n\t\t    <!-- module image -->\n<div  class=\"module module-image tb_86lw6   image-center tf_mw wow\" data-tf-animation=\"slideInLeft\" data-tf-animation_delay=\".5\" data-lazy=\"1\">\n        <div class=\"image-wrap tf_rel tf_mw\">\n\t\t    \t\n\t\t<\/div>\n\t<!-- \/image-wrap -->\n    \n    \t<div class=\"image-content\">\n\t    \t\t\t<h3 class=\"image-title\">\n\t\t\t\t\t\t\t\t\tCORKVISION BASE\t\t\t\t\t\t\t<\/h3>\n\t    \n\t    \t\t<div class=\"image-caption tb_text_wrap\">\n\t\t    Inclui a gest\u00e3o base de produto e a estrutura do configurador de produto. O objetivo principal deste m\u00f3dulo \u00e9 servir de suporte a uma funda\u00e7\u00e3o de classifica\u00e7\u00e3o (refer\u00eancias de artigo) que lhe permite um controlo das diversas fases de transforma\u00e7\u00e3o pelas quais o produto passa ao longo da cadeia de valor na sua empresa ou em parceiros.\t    <\/div>\n\t    <!-- \/image-caption -->\n\t    \t<\/div>\n\t<!-- \/image-content -->\n    \t<\/div>\n<!-- \/module image -->\t        <\/div>\n\t    \t<\/div>\n\t\t<div  data-lazy=\"1\" class=\"module_column tb-column col5-1 second tb_a86m6 tf_box\">\n\t\t\t    \t        <div class=\"tb-column-inner tf_box tf_w\">\n\t\t    <!-- module image -->\n<div  class=\"module module-image tb_r4ct6   image-center tf_mw wow\" data-tf-animation=\"slideInLeft\" data-lazy=\"1\">\n        <div class=\"image-wrap tf_rel tf_mw\">\n\t\t    \t\n\t\t<\/div>\n\t<!-- \/image-wrap -->\n    \n    \t<div class=\"image-content\">\n\t    \t\t\t<h3 class=\"image-title\">\n\t\t\t\t\t\t\t\t\tCORKVISION SALES\t\t\t\t\t\t\t<\/h3>\n\t    \n\t    \t\t<div class=\"image-caption tb_text_wrap\">\n\t\t    Apresenta todas as funcionalidades habitualmente necess\u00e1rias para gerir a estrutura de vendas, incluindo o processo de gest\u00e3o da rela\u00e7\u00e3o produto\/cliente e a integra\u00e7\u00e3o operacional da for\u00e7a de vendas, CRM Microsoft Dynamics 365.\t    <\/div>\n\t    <!-- \/image-caption -->\n\t    \t<\/div>\n\t<!-- \/image-content -->\n    \t<\/div>\n<!-- \/module image -->\t        <\/div>\n\t    \t<\/div>\n\t\t<div  data-lazy=\"1\" class=\"module_column tb-column col5-1 third tb_d7rb7 tf_box\">\n\t\t\t    \t        <div class=\"tb-column-inner tf_box tf_w\">\n\t\t    <!-- module image -->\n<div  class=\"module module-image tb_tvdr7   image-center tf_mw wow\" data-tf-animation=\"slideInRight\" data-lazy=\"1\">\n        <div class=\"image-wrap tf_rel tf_mw\">\n\t\t    \t\n\t\t<\/div>\n\t<!-- \/image-wrap -->\n    \n    \t<div class=\"image-content\">\n\t    \t\t\t<h3 class=\"image-title\">\n\t\t\t\t\t\t\t\t\tCORKVISION PROCESSING\t\t\t\t\t\t\t<\/h3>\n\t    \n\t    \t\t<div class=\"image-caption tb_text_wrap\">\n\t\t    Vocacionado para a gest\u00e3o operacional da produ\u00e7\u00e3o e controlo de shopfloor (permite integra\u00e7\u00e3o com a solu\u00e7\u00e3o de mobilidade).\t    <\/div>\n\t    <!-- \/image-caption -->\n\t    \t<\/div>\n\t<!-- \/image-content -->\n    \t<\/div>\n<!-- \/module image -->\t        <\/div>\n\t    \t<\/div>\n\t\t<div  data-lazy=\"1\" class=\"module_column tb-column col5-1 fourth tb_8ome7 tf_box\">\n\t\t\t    \t        <div class=\"tb-column-inner tf_box tf_w\">\n\t\t    <!-- module image -->\n<div  class=\"module module-image tb_spx67   image-center tf_mw wow\" data-tf-animation=\"slideInRight\" data-lazy=\"1\">\n        <div class=\"image-wrap tf_rel tf_mw\">\n\t\t    \t\n\t\t<\/div>\n\t<!-- \/image-wrap -->\n    \n    \t<div class=\"image-content\">\n\t    \t\t\t<h3 class=\"image-title\">\n\t\t\t\t\t\t\t\t\tCORKVISION SORT\t\t\t\t\t\t\t<\/h3>\n\t    \n\t    \t\t<div class=\"image-caption tb_text_wrap\">\n\t\t    Quer ao n\u00edvel da fabrica\u00e7\u00e3o como da comercializa\u00e7\u00e3o, o processo de escolha \u00e9 uma fase cr\u00edtica da cadeia de valor da sua empresa. Este m\u00f3dulo permite aceder \u00e0 funcionalidade necess\u00e1ria para tornar esse processo simples e ao mesmo tempo controlar as sua opera\u00e7\u00f5es de forma eficaz, potenciando tamb\u00e9m uma maior visibilidade interna sobre este processo.\t    <\/div>\n\t    <!-- \/image-caption -->\n\t    \t<\/div>\n\t<!-- \/image-content -->\n    \t<\/div>\n<!-- \/module image -->\t        <\/div>\n\t    \t<\/div>\n\t\t<div  data-lazy=\"1\" class=\"module_column tb-column col5-1 last tb_am097 tf_box\">\n\t\t\t    \t        <div class=\"tb-column-inner tf_box tf_w\">\n\t\t    <!-- module image -->\n<div  class=\"module module-image tb_7y0y7   image-center tf_mw wow\" data-tf-animation=\"slideInRight\" data-lazy=\"1\">\n        <div class=\"image-wrap tf_rel tf_mw\">\n\t\t    \t\n\t\t<\/div>\n\t<!-- \/image-wrap -->\n    \n    \t<div class=\"image-content\">\n\t    \t\t\t<h3 class=\"image-title\">\n\t\t\t\t\t\t\t\t\tCORKVISION LOGISTICS\t\t\t\t\t\t\t<\/h3>\n\t    \n\t    \t\t<div class=\"image-caption tb_text_wrap\">\n\t\t    \u00c1rea dedicada \u00e0 gest\u00e3o da cadeia de abastecimento da sua empresa, englobando a rece\u00e7\u00e3o de material e respetiva etiquetagem, integra\u00e7\u00e3o de c\u00f3digos de barras, interfaces com aparelhos de medi\u00e7\u00e3o, gest\u00e3o dos processos de arruma\u00e7\u00e3o f\u00edsica no armaz\u00e9m e por fim, a expedi\u00e7\u00e3o de material integrada com um processo de etiquetagem de produto final e gest\u00e3o de notas de carregamento.\t    <\/div>\n\t    <!-- \/image-caption -->\n\t    \t<\/div>\n\t<!-- \/image-content -->\n    \t<\/div>\n<!-- \/module image -->\t        <\/div>\n\t    \t<\/div>\n\t\t    <\/div>\n\t    <!-- \/row_inner -->\n\t<\/div>\n\t<!-- \/module_row -->\n\t\t<!-- module_row -->\n\t<div  data-css_id=\"smp9797\" data-lazy=\"1\" class=\"module_row themify_builder_row fullcover fullwidth tb_smp9797 tf_clearfix wow\" data-tf-animation=\"pulse\" >\n\t    \t\t<div class=\"row_inner col_align_top col-count-1 tf_box tf_w tf_rel\">\n\t\t\t<div  data-lazy=\"1\" class=\"module_column tb-column col-full first tb_2l3j797 tf_box\">\n\t\t\t    \t        <div class=\"tb-column-inner tf_box tf_w\">\n\t\t    <!-- module buttons -->\n<div  class=\"module module-buttons tb_aozf540 buttons-horizontal transparent  large circle tf_textc\" data-lazy=\"1\">\n    \t<div class=\"module-buttons-item tf_inline_b\">\n\t\t\t\t\t\t\t<a href=\"https:\/\/arquiconsult.com\/wp-content\/uploads\/2023\/04\/Factsheet-Corkvision_2022-2.pdf\" class=\"ui builder_button tb_default_color\" target=\"_blank\" rel=\"noopener\">\n\t\t\t\t\t\t\t\t\t\t\t<span class=\"tf_inline_b tf_vmiddle\">Download Factsheet<\/span>\n\t\t\t\t\t\t\t\t\t\t\t<\/a>\n\t\t\t    \t<\/div>\n\t<\/div>\n<!-- \/module buttons -->\n\t        <\/div>\n\t    \t<\/div>\n\t\t    <\/div>\n\t    <!-- \/row_inner -->\n\t<\/div>\n\t<!-- \/module_row -->\n\t\t<!-- module_row -->\n\t<div  data-anchor=\"crm_form\" data-lazy=\"1\" class=\"module_row themify_builder_row tb_has_section tb_section-crm_form tb_t9pl355 tf_clearfix\" >\n\t    \t\t<div class=\"row_inner col_align_top col-count-1 tf_box tf_w tf_rel\">\n\t\t\t<div  data-lazy=\"1\" class=\"module_column tb-column col-full first tb_ltf9355 tf_box\">\n\t\t\t    \t        <div class=\"tb-column-inner tf_box tf_w\">\n\t\t    <!-- module plain text -->\n<div  class=\"module module-plain-text tb_r8ei355 \" data-lazy=\"1\">\n        <div class=\"tb_text_wrap\">\n\t<div\n        data-form-id='8928f79f-d7a9-f011-bbd2-000d3a26b221'\n        data-form-api-url='https:\/\/public-eur.mkt.dynamics.com\/api\/v1.0\/orgs\/89d90a5a-468d-436c-8bd1-5cc7cfa5e05b\/landingpageforms'\n        data-cached-form-url='https:\/\/assets-eur.mkt.dynamics.com\/89d90a5a-468d-436c-8bd1-5cc7cfa5e05b\/digitalassets\/forms\/8928f79f-d7a9-f011-bbd2-000d3a26b221' ><\/div>\n        <script src = 'https:\/\/cxppusa1formui01cdnsa01-endpoint.azureedge.net\/eur\/FormLoader\/FormLoader.bundle.js' ><\/script>    <\/div>\n<\/div>\n<!-- \/module plain text -->\t        <\/div>\n\t    \t<\/div>\n\t\t    <\/div>\n\t    <!-- \/row_inner -->\n\t<\/div>\n\t<!-- \/module_row -->\n\t<\/div>\n<!--\/themify_builder_content-->","protected":false},"excerpt":{"rendered":"<p>Arquiconsult.com \/ Sectores \/\u00a0Corti\u00e7a &#8211; CorkVision CorkVision A solu\u00e7\u00e3o desenhada em fun\u00e7\u00e3o das melhores pr\u00e1ticas de neg\u00f3cio da Fileira da Corti\u00e7a. Fale com a nossa equipa! Controla a margem ao longo das diversas fases do neg\u00f3cio, desde a compra de mat\u00e9ria-prima, fabrica\u00e7\u00e3o, escolha e comercializa\u00e7\u00e3o? Pratica uma gest\u00e3o de amostras eficaz, quer sejam standards (internas [&hellip;]<\/p>\n","protected":false},"author":4,"featured_media":0,"parent":0,"menu_order":0,"comment_status":"closed","ping_status":"closed","template":"","meta":[],"acf":[],"_links":{"self":[{"href":"https:\/\/arquiconsult.com\/en\/wp-json\/wp\/v2\/pages\/29224"}],"collection":[{"href":"https:\/\/arquiconsult.com\/en\/wp-json\/wp\/v2\/pages"}],"about":[{"href":"https:\/\/arquiconsult.com\/en\/wp-json\/wp\/v2\/types\/page"}],"author":[{"embeddable":true,"href":"https:\/\/arquiconsult.com\/en\/wp-json\/wp\/v2\/users\/4"}],"replies":[{"embeddable":true,"href":"https:\/\/arquiconsult.com\/en\/wp-json\/wp\/v2\/comments?post=29224"}],"version-history":[{"count":2,"href":"https:\/\/arquiconsult.com\/en\/wp-json\/wp\/v2\/pages\/29224\/revisions"}],"predecessor-version":[{"id":112513,"href":"https:\/\/arquiconsult.com\/en\/wp-json\/wp\/v2\/pages\/29224\/revisions\/112513"}],"wp:attachment":[{"href":"https:\/\/arquiconsult.com\/en\/wp-json\/wp\/v2\/media?parent=29224"}],"curies":[{"name":"wp","href":"https:\/\/api.w.org\/{rel}","templated":true}]}}