{"id":38818,"date":"2022-02-10T16:50:38","date_gmt":"2022-02-10T16:50:38","guid":{"rendered":"https:\/\/arquiconsult.com\/?page_id=38818"},"modified":"2024-12-09T09:38:53","modified_gmt":"2024-12-09T09:38:53","slug":"projectos-financiados-arquiconsult","status":"publish","type":"page","link":"https:\/\/arquiconsult.com\/en\/projectos-financiados-arquiconsult\/","title":{"rendered":"Projectos Financiados"},"content":{"rendered":"<!--themify_builder_content-->\n<div id=\"themify_builder_content-38818\" data-postid=\"38818\" class=\"themify_builder_content themify_builder_content-38818 themify_builder tf_clear\">\n    \t<!-- module_row -->\n\t<div  data-css_id=\"2uv3105\" data-lazy=\"1\" class=\"module_row themify_builder_row fullcover fullwidth_row_container tb_2uv3105 tb_first tf_clearfix\" >\n\t    <div class=\"builder_row_cover tf_abs\"><\/div>\t\t<div class=\"row_inner col_align_middle col-count-2 tf_box tf_w tf_rel\"  data-basecol=\"2\" data-col_tablet=\"column-full\" data-col_mobile=\"column-full\">\n\t\t\t<div  data-lazy=\"1\" style=\"width: 56.2%\" class=\"module_column tb-column col3-2 first tb_1ham105 tf_box\">\n\t\t\t    \t<\/div>\n\t\t<div  data-lazy=\"1\" style=\"width: 40.6%\" class=\"module_column tb-column col3-1 last tb_lm75105 tf_box\">\n\t\t\t    \t<\/div>\n\t\t    <\/div>\n\t    <!-- \/row_inner -->\n\t<\/div>\n\t<!-- \/module_row -->\n\t\t<!-- module_row -->\n\t<div  data-lazy=\"1\" class=\"module_row themify_builder_row repeat tb_sk10135 tf_clearfix\" >\n\t    \t\t<div class=\"row_inner col_align_top col-count-1 tf_box tf_w tf_rel\">\n\t\t\t<div  data-lazy=\"1\" class=\"module_column tb-column col-full first tb_szej136 tf_box\">\n\t\t\t    \t        <div class=\"tb-column-inner tf_box tf_w\">\n\t\t    \t<div  data-lazy=\"1\" class=\"module_subrow themify_builder_sub_row tb_7pzf136 tf_w tf_clearfix\">\n\t    \t\t<div class=\"subrow_inner col_align_top gutter-narrow col-count-3 tf_box tf_w\"  data-basecol=\"3\" data-col_mobile=\"column-full\">\n\t\t\t<div  style=\"width: 5.476%\" data-lazy=\"1\" class=\"sub_column module_column tf_box col3-1 first tb_genj136 repeat\" > \n\t    \t    \t<\/div>\n\t\t<div  style=\"width: 86.264%\" data-lazy=\"1\" class=\"sub_column module_column tf_box col3-1 middle tb_ta7v137 repeat\" > \n\t    \t    \t        <div class=\"tb-column-inner tf_box tf_w\">\n\t\t    <!-- module image -->\n<div  class=\"module module-image tb_xvf3294   image-center tf_mw\" data-lazy=\"1\">\n        <div class=\"image-wrap tf_rel tf_mw\">\n\t\t    <img loading=\"lazy\" src=\"https:\/\/arquiconsult.com\/wp-content\/uploads\/2022\/02\/logos-compete-2020-800x122.png\" width=\"800\" height=\"122\" class=\"wp-post-image wp-image-38875\" title=\"logos compete 2020\" alt=\"logos compete 2020\">\t\n\t\t<\/div>\n\t<!-- \/image-wrap -->\n    \n    \t<\/div>\n<!-- \/module image --><!-- module text -->\n<div  class=\"module module-text tb_5jvc786  repeat \" data-lazy=\"1\">\n        <div  class=\"tb_text_wrap\">\n    <h2>Projectos Financiados<\/h2>    <\/div>\n<\/div>\n<!-- \/module text --><!-- module text -->\n<div  class=\"module module-text tb_e21n650  repeat  hide-desktop hide-tablet hide-tablet_landscape hide-mobile\" data-lazy=\"1\">\n        <div  class=\"tb_text_wrap\">\n    <h1>Portugal Compete 2020\u00a0<\/h1>    <\/div>\n<\/div>\n<!-- \/module text -->\t        <\/div>\n\t    \t<\/div>\n\t\t<div  style=\"width: 5.06%\" data-lazy=\"1\" class=\"sub_column module_column tf_box col3-1 last tb_m4c6137\"> \n\t    \t    \t<\/div>\n\t\t    <\/div>\n\t<\/div><!-- \/themify_builder_sub_row -->\n\t\t        <\/div>\n\t    \t<\/div>\n\t\t    <\/div>\n\t    <!-- \/row_inner -->\n\t<\/div>\n\t<!-- \/module_row -->\n\t\t<!-- module_row -->\n\t<div  data-css_id=\"pcc0491\" data-lazy=\"1\" class=\"module_row themify_builder_row repeat fullwidth_row_container tb_pcc0491 tf_clearfix\" >\n\t    \t\t<div class=\"row_inner col_align_top col-count-1 tf_box tf_w tf_rel\">\n\t\t\t<div  data-lazy=\"1\" class=\"module_column tb-column col-full first tb_d9o1491 tf_box\">\n\t\t\t    \t        <div class=\"tb-column-inner tf_box tf_w\">\n\t\t    \t<div  data-lazy=\"1\" class=\"module_subrow themify_builder_sub_row tb_h9y7491 tf_w tf_clearfix\">\n\t    \t\t<div class=\"subrow_inner col_align_top gutter-narrow col-count-3 tf_box tf_w\"  data-basecol=\"3\" data-col_mobile=\"column-full\">\n\t\t\t<div  style=\"width: 45.966%\" data-lazy=\"1\" class=\"sub_column module_column tf_box col3-1 first tb_v80u492 repeat\" > \n\t    \t    \t        <div class=\"tb-column-inner tf_box tf_w\">\n\t\t    <!-- module feature -->\n<div  class=\"module module-feature tb_cj6m687 with-chart layout-icon-top size-small \" data-lazy=\"1\">\n        <div class=\"module-feature-image tf_textc tf_rel\">\n\t\t\t\t\t\t\t<span class=\"module-feature-chart-html5 tf_box tf_rel tf_inline_b\">\n\t\t\t\t\t\t\t<svg class=\"tf_abs tf_w tf_h\">\n\t\t\t\t<circle class=\"tb_feature_fill\" r=\"calc(50% - 1.00px)\" cx=\"50%\" cy=\"50%\" stroke-width=\"2\"\/>\n\t\t\t\t<circle class=\"tb_feature_stroke\" r=\"calc(50% - 1.00px)\" cx=\"50%\" cy=\"50%\" stroke=\"#c41230\" stroke-width=\"2\" data-progress=\"20\" stroke-dasharray=\"0,10000\"\/>\n\t\t\t\t\t\t\t\t<\/svg>\n\t\t\t\t\t\t\t<span class=\"chart-html5-circle tf_w tf_h\">\n\t\t\t\t\t\t\t\t\t\t\t<img style=\"width:calc(100% - 4px);height:calc(100% - 4px)\" src=\"https:\/\/arquiconsult.com\/wp-content\/uploads\/2021\/11\/Dynamics-365-BC-Dynamics-365-Enterprise-Sales-Microsoft-Dynamics-365-RGPD-Commerce-Microsoft-Dynamics-NAV-Navision-Microsoft-Softwares-3.png\" alt=\"-Dynamics 365 BC-Dynamics 365 Marketing-Sales-Microsoft Dynamics 365-RGPD-Commerce-Microsoft Dynamics NAV-Navision-Microsoft-Softwares-Main-Tool-arqebi\" title=\"-\">\n\t\t\t\t\t\t\t\t\t<\/span>\n\n\t\t\t\t\n\t\t\t<\/span>\n\t\t\t    <\/div>\n    <div class=\"module-feature-content tf_textc\">\n\t\t\t\t<div class=\"tb_text_wrap\">\n\t\t\t\t\t<\/div>\n    <\/div>\n<\/div>\n<!-- \/module feature -->\n<!-- module text -->\n<div  class=\"module module-text tb_j9pp193  repeat \" data-lazy=\"1\">\n        <div  class=\"tb_text_wrap\">\n    <p style=\"text-align: center;\"><strong>Designa\u00e7\u00e3o do projeto<\/strong> | ARQUI GLOBAL II<br \/>C\u00f3digo do projeto | POCI-02-0752-FEDER-063434<\/p>\n<p style=\"text-align: center;\"><strong>Objetivo principal <\/strong>| Refor\u00e7ar a competitividade das pequenas e m\u00e9dias empresas<\/p>\n<p style=\"text-align: center;\"><strong>Regi\u00e3o de interven\u00e7\u00e3o<\/strong> | Norte<\/p>\n<p style=\"text-align: center;\"><strong>Entidade benefici\u00e1ria<\/strong> | ARQUICONSULT \u2013 SISTEMAS DE INFORMA\u00c7\u00c3O, S.A.<\/p>    <\/div>\n<\/div>\n<!-- \/module text --><!-- module text -->\n<div  class=\"module module-text tb_f6se117  repeat \" data-lazy=\"1\">\n        <div  class=\"tb_text_wrap\">\n    <p style=\"text-align: center;\"><strong>Data de aprova\u00e7\u00e3o<\/strong> | 2020-12-17<\/p>\n<p style=\"text-align: center;\"><strong>Data de in\u00edcio<\/strong> | 2021-01-01 <br \/><strong>Data de conclus\u00e3o<\/strong> | 2022-12-31<\/p>\n<p style=\"text-align: center;\"><strong>Custo total eleg\u00edvel<\/strong> | 379.090,00 EUR<\/p>\n<p style=\"text-align: center;\"><strong>Apoio financeiro da Uni\u00e3o Europeia<\/strong> | FEDER \u2013 211.997,25 EUR<\/p>    <\/div>\n<\/div>\n<!-- \/module text --><!-- module image -->\n<div  class=\"module module-image tb_vmtd436   image-center tf_mw\" data-lazy=\"1\">\n        <div class=\"image-wrap tf_rel tf_mw\">\n\t\t    <img loading=\"lazy\" src=\"https:\/\/arquiconsult.com\/wp-content\/uploads\/2022\/02\/Arqui-INT-I_Ficha_de_projeto-web-V7-270x179.png\" width=\"270\" height=\"179\" class=\"wp-post-image wp-image-38867\" title=\"Arqui-INT-I_Ficha_de_projeto-web-V7\" alt=\"Arqui-INT-I_Ficha_de_projeto-web-V7\">\t\n\t\t<\/div>\n\t<!-- \/image-wrap -->\n    \n    \t<\/div>\n<!-- \/module image --><!-- module text -->\n<div  class=\"module module-text tb_nqst619  repeat \" data-lazy=\"1\">\n        <div  class=\"tb_text_wrap\">\n    <p>De forma a alcan\u00e7ar os objetivos supracitados a empresa ir\u00e1 desenvolver a\u00e7\u00f5es enquadradas nas seguintes tipologias:<\/p>\n<p>Conhecimento dos mercados externos:<\/p>\n<ul>\n<li>Participa\u00e7\u00e3o em diversas feiras internacionais para angariar novos clientes;<\/li>\n<li>Presen\u00e7a na web, atrav\u00e9s da economia digital: Desenvolvimento de campanhas de marketing digital e cria\u00e7\u00e3o de conte\u00fados para as mesmas, de forma a incrementar a sua notoriedade nos demais canais digitais;<\/li>\n<li>Desenvolvimento e promo\u00e7\u00e3o internacional de marcas: Contrata\u00e7\u00e3o de servi\u00e7os para conce\u00e7\u00e3o e implementa\u00e7\u00e3o de showroom para promo\u00e7\u00e3o dos seus servi\u00e7os junto dos mercados alvo; &#8211; Prospe\u00e7\u00e3o e presen\u00e7a em mercados internacionais: Realiza\u00e7\u00e3o de prospe\u00e7\u00f5es em eventos internacionais e capta\u00e7\u00e3o de clientes, contrata\u00e7\u00e3o de servi\u00e7os de consultoria para a prospe\u00e7\u00e3o e estudos de mercado;<\/li>\n<li>Marketing Internacional: Campanhas de Marketing, como publicidade com cat\u00e1logos e v\u00eddeos promocionais para fortalecer a sua marca;<\/li>\n<li>Introdu\u00e7\u00e3o de novo m\u00e9todo de organiza\u00e7\u00e3o nas pr\u00e1ticas comerciais ou nas rela\u00e7\u00f5es externas: A empresa pretende contratar dois t\u00e9cnicos para auxiliar na implementa\u00e7\u00e3o do projeto, bem como comprar equipamentos para usufruto dos mesmos.<\/li>\n<\/ul>    <\/div>\n<\/div>\n<!-- \/module text -->\t        <\/div>\n\t    \t<\/div>\n\t\t<div  style=\"width: 5.5%\" data-lazy=\"1\" class=\"sub_column module_column tf_box col3-1 middle tb_62tc492 repeat\" > \n\t    \t    \t<\/div>\n\t\t<div  style=\"width: 45.334%\" data-lazy=\"1\" class=\"sub_column module_column tf_box col3-1 last tb_747s492\" > \n\t    \t    \t        <div class=\"tb-column-inner tf_box tf_w\">\n\t\t    <!-- module feature -->\n<div  class=\"module module-feature tb_5847269 with-chart layout-icon-top size-small \" data-lazy=\"1\">\n        <div class=\"module-feature-image tf_textc tf_rel\">\n\t\t\t\t\t\t\t<span class=\"module-feature-chart-html5 tf_box tf_rel tf_inline_b\">\n\t\t\t\t\t\t\t<svg class=\"tf_abs tf_w tf_h\">\n\t\t\t\t<circle class=\"tb_feature_fill\" r=\"calc(50% - 1.00px)\" cx=\"50%\" cy=\"50%\" stroke-width=\"2\"\/>\n\t\t\t\t<circle class=\"tb_feature_stroke\" r=\"calc(50% - 1.00px)\" cx=\"50%\" cy=\"50%\" stroke=\"#c41230\" stroke-width=\"2\" data-progress=\"40\" stroke-dasharray=\"0,10000\"\/>\n\t\t\t\t\t\t\t\t<\/svg>\n\t\t\t\t\t\t\t<span class=\"chart-html5-circle tf_w tf_h\">\n\t\t\t\t\t\t\t\t\t\t\t<img style=\"width:calc(100% - 4px);height:calc(100% - 4px)\" src=\"https:\/\/arquiconsult.com\/wp-content\/uploads\/2021\/11\/Dynamics-365-BC-Dynamics-365-Enterprise-Sales-Microsoft-Dynamics-365-RGPD-Commerce-Microsoft-Dynamics-NAV-Navision-Microsoft-Softwares-3.png\" alt=\"-Dynamics 365 BC-Dynamics 365 Marketing-Sales-Microsoft Dynamics 365-RGPD-Commerce-Microsoft Dynamics NAV-Navision-Microsoft-Softwares-Main-Tool-arqebi\" title=\"-\">\n\t\t\t\t\t\t\t\t\t<\/span>\n\n\t\t\t\t\n\t\t\t<\/span>\n\t\t\t    <\/div>\n    <div class=\"module-feature-content tf_textc\">\n\t\t\t\t<div class=\"tb_text_wrap\">\n\t\t\t\t\t<\/div>\n    <\/div>\n<\/div>\n<!-- \/module feature -->\n<!-- module text -->\n<div  class=\"module module-text tb_hqv3492  repeat \" data-lazy=\"1\">\n        <div  class=\"tb_text_wrap\">\n    <p style=\"text-align: center;\"><strong>Designa\u00e7\u00e3o do projeto<\/strong> | ARQUI QUAL II<br \/>C\u00f3digo do projeto | POCI-02-0853-FEDER-041123\u00a0<\/p>\n<p style=\"text-align: center;\"><strong>Objetivo principal <\/strong>| Refor\u00e7ar a competitividade das pequenas e m\u00e9dias empresas<\/p>\n<p style=\"text-align: center;\"><strong>Regi\u00e3o de interven\u00e7\u00e3o<\/strong> | Norte<\/p>\n<p style=\"text-align: center;\"><strong>Entidade benefici\u00e1ria<\/strong> | ARQUICONSULT \u2013 SISTEMAS DE INFORMA\u00c7\u00c3O, S.A.<\/p>    <\/div>\n<\/div>\n<!-- \/module text --><!-- module text -->\n<div  class=\"module module-text tb_9j6g566  repeat \" data-lazy=\"1\">\n        <div  class=\"tb_text_wrap\">\n    <p style=\"text-align: center;\"><strong>Data de aprova\u00e7\u00e3o<\/strong> | 2019-04-10<\/p>\n<p style=\"text-align: center;\"><strong>Data de in\u00edcio<\/strong> | 2019-04-01 <br \/><strong>Data de conclus\u00e3o<\/strong> | 2020-09-30<\/p>\n<p style=\"text-align: center;\"><strong>Custo total eleg\u00edvel<\/strong> | 247.975,00 EUR<\/p>\n<p style=\"text-align: center;\"><strong>Apoio financeiro da Uni\u00e3o Europeia<\/strong> | FEDER \u2013 111.588,75 EUR<\/p>    <\/div>\n<\/div>\n<!-- \/module text --><!-- module image -->\n<div  class=\"module module-image tb_q8tm353   image-center tf_mw\" data-lazy=\"1\">\n        <div class=\"image-wrap tf_rel tf_mw\">\n\t\t    <img loading=\"lazy\" src=\"https:\/\/arquiconsult.com\/wp-content\/uploads\/2022\/02\/Arqui-INT-I_Ficha_de_projeto-web-V9-250x165.png\" width=\"250\" height=\"165\" class=\"wp-post-image wp-image-38864\" title=\"Arqui-INT-I_Ficha_de_projeto-web-V9\" alt=\"Arqui-INT-I_Ficha_de_projeto-web-V9\">\t\n\t\t<\/div>\n\t<!-- \/image-wrap -->\n    \n    \t<\/div>\n<!-- \/module image --><!-- module text -->\n<div  class=\"module module-text tb_95s5622  repeat \" data-lazy=\"1\">\n        <div  class=\"tb_text_wrap\">\n    <p>O plano da Arquiconsult pretende promover a competitividade da empresa e a sua capacidade de resposta no mercado global, atrav\u00e9s de uma mudan\u00e7a organizacional e de marketing com o objetivo de criar e aperfei\u00e7oar m\u00e9todos de trabalho, agilizar a execu\u00e7\u00e3o das atividades, eliminar redund\u00e2ncias, melhorar o controlo e os indicadores de resultado, adequando a gest\u00e3o dos processos com o objetivo principal de aperfei\u00e7oar a atividade organizacional.<\/p>\n<p>As atividades de investimento prendem-se na otimiza\u00e7\u00e3o de processos de organiza\u00e7\u00e3o interna e de marketing e a qualifica\u00e7\u00e3o da equipa de recursos humanos, sendo os objetivos principais:<\/p>\n<ul>\n<li>Melhoria da performance<\/li>\n<li>Aumento da notoriedade e visibilidade da empresa<\/li>\n<li>Aumento das vendas com a cria\u00e7\u00e3o de uma plataforma de com\u00e9rcio eletr\u00f3nico<\/li>\n<\/ul>\n<p>Melhoria do n\u00edvel de servi\u00e7o com a implementa\u00e7\u00e3o de uma Plataforma interativa com os clientes.<\/p>    <\/div>\n<\/div>\n<!-- \/module text -->\t        <\/div>\n\t    \t<\/div>\n\t\t    <\/div>\n\t<\/div><!-- \/themify_builder_sub_row -->\n\t\t        <\/div>\n\t    \t<\/div>\n\t\t    <\/div>\n\t    <!-- \/row_inner -->\n\t<\/div>\n\t<!-- \/module_row -->\n\t\t<!-- module_row -->\n\t<div  data-lazy=\"1\" class=\"module_row themify_builder_row repeat tb_xord795 tf_clearfix\" >\n\t    \t\t<div class=\"row_inner col_align_top col-count-1 tf_box tf_w tf_rel\">\n\t\t\t<div  data-lazy=\"1\" class=\"module_column tb-column col-full first tb_0sn6795 tf_box\">\n\t\t\t    \t<\/div>\n\t\t    <\/div>\n\t    <!-- \/row_inner -->\n\t<\/div>\n\t<!-- \/module_row -->\n\t\t<!-- module_row -->\n\t<div  data-css_id=\"gv3f562\" data-lazy=\"1\" class=\"module_row themify_builder_row repeat fullwidth_row_container tb_gv3f562 tf_clearfix\" >\n\t    \t\t<div class=\"row_inner col_align_top col-count-1 tf_box tf_w tf_rel\">\n\t\t\t<div  data-lazy=\"1\" class=\"module_column tb-column col-full first tb_qamo563 tf_box\">\n\t\t\t    \t        <div class=\"tb-column-inner tf_box tf_w\">\n\t\t    \t<div  data-lazy=\"1\" class=\"module_subrow themify_builder_sub_row tb_axrn563 tf_w tf_clearfix\">\n\t    \t\t<div class=\"subrow_inner col_align_top gutter-narrow col-count-3 tf_box tf_w\"  data-basecol=\"3\" data-col_mobile=\"column-full\">\n\t\t\t<div  style=\"width: 45.966%\" data-lazy=\"1\" class=\"sub_column module_column tf_box col3-1 first tb_rwda564 repeat\" > \n\t    \t    \t        <div class=\"tb-column-inner tf_box tf_w\">\n\t\t    <!-- module feature -->\n<div  class=\"module module-feature tb_er0v653 with-chart layout-icon-top size-small \" data-lazy=\"1\">\n        <div class=\"module-feature-image tf_textc tf_rel\">\n\t\t\t\t\t\t\t<span class=\"module-feature-chart-html5 tf_box tf_rel tf_inline_b\">\n\t\t\t\t\t\t\t<svg class=\"tf_abs tf_w tf_h\">\n\t\t\t\t<circle class=\"tb_feature_fill\" r=\"calc(50% - 1.00px)\" cx=\"50%\" cy=\"50%\" stroke-width=\"2\"\/>\n\t\t\t\t<circle class=\"tb_feature_stroke\" r=\"calc(50% - 1.00px)\" cx=\"50%\" cy=\"50%\" stroke=\"#c41230\" stroke-width=\"2\" data-progress=\"60\" stroke-dasharray=\"0,10000\"\/>\n\t\t\t\t\t\t\t\t<\/svg>\n\t\t\t\t\t\t\t<span class=\"chart-html5-circle tf_w tf_h\">\n\t\t\t\t\t\t\t\t\t\t\t<img style=\"width:calc(100% - 4px);height:calc(100% - 4px)\" src=\"https:\/\/arquiconsult.com\/wp-content\/uploads\/2021\/11\/Dynamics-365-BC-Dynamics-365-Enterprise-Sales-Microsoft-Dynamics-365-RGPD-Commerce-Microsoft-Dynamics-NAV-Navision-Microsoft-Softwares-3.png\" alt=\"-Dynamics 365 BC-Dynamics 365 Marketing-Sales-Microsoft Dynamics 365-RGPD-Commerce-Microsoft Dynamics NAV-Navision-Microsoft-Softwares-Main-Tool-arqebi\" title=\"-\">\n\t\t\t\t\t\t\t\t\t<\/span>\n\n\t\t\t\t\n\t\t\t<\/span>\n\t\t\t    <\/div>\n    <div class=\"module-feature-content tf_textc\">\n\t\t\t\t<div class=\"tb_text_wrap\">\n\t\t\t\t\t<\/div>\n    <\/div>\n<\/div>\n<!-- \/module feature -->\n<!-- module text -->\n<div  class=\"module module-text tb_318d564  repeat \" data-lazy=\"1\">\n        <div  class=\"tb_text_wrap\">\n    <p style=\"text-align: center;\"><strong>Designa\u00e7\u00e3o do projeto<\/strong> | ARQUI GLOBAL <br \/>C\u00f3digo do projeto | POCI-02-0853-FEDER-020215<\/p>\n<p style=\"text-align: center;\"><strong>Objetivo principal <\/strong>| Refor\u00e7ar a competitividade das pequenas e m\u00e9dias empresas<\/p>\n<p style=\"text-align: center;\"><strong>Regi\u00e3o de interven\u00e7\u00e3o<\/strong> | Norte<\/p>\n<p style=\"text-align: center;\"><strong>Entidade benefici\u00e1ria<\/strong> | ARQUICONSULT \u2013 SISTEMAS DE INFORMA\u00c7\u00c3O, S.A.<\/p>    <\/div>\n<\/div>\n<!-- \/module text --><!-- module text -->\n<div  class=\"module module-text tb_q7u2564  repeat \" data-lazy=\"1\">\n        <div  class=\"tb_text_wrap\">\n    <p style=\"text-align: center;\"><strong>Data de aprova\u00e7\u00e3o<\/strong> | 2017-02-08<\/p>\n<p style=\"text-align: center;\"><strong>Data de in\u00edcio<\/strong> | 2017-03-01 <br \/><strong>Data de conclus\u00e3o<\/strong> | 2018-02-29<\/p>\n<p style=\"text-align: center;\"><strong>Custo total eleg\u00edvel<\/strong> | 199.332,50 EUR<\/p>\n<p style=\"text-align: center;\"><strong>Apoio financeiro da Uni\u00e3o Europeia<\/strong> | FEDER \u2013 82 350,00 EUR<\/p>\n<p style=\"text-align: center;\">FSE &#8211; 9 799,50 EUR<\/p>    <\/div>\n<\/div>\n<!-- \/module text --><!-- module image -->\n<div  class=\"module module-image tb_r5hu564   image-center tf_mw\" data-lazy=\"1\">\n        <div class=\"image-wrap tf_rel tf_mw\">\n\t\t    <img loading=\"lazy\" src=\"https:\/\/arquiconsult.com\/wp-content\/uploads\/2022\/02\/Arqui-INT-I_Ficha_de_projeto-web-V4-250x166.png\" width=\"250\" height=\"166\" class=\"wp-post-image wp-image-38855\" title=\"Arqui-INT-I_Ficha_de_projeto-web-V4\" alt=\"Arqui-INT-I_Ficha_de_projeto-web-V4\">\t\n\t\t<\/div>\n\t<!-- \/image-wrap -->\n    \n    \t<\/div>\n<!-- \/module image --><!-- module text -->\n<div  class=\"module module-text tb_1fhb564  repeat \" data-lazy=\"1\">\n        <div  class=\"tb_text_wrap\">\n    <p>A empresa enquadrou o presente projeto, designado por \u00abArquiconsult Global\u00bb, nas tipologias \u00abInova\u00e7\u00e3o organizacional e gest\u00e3o\u00bb, \u00abEconomia digital e tecnologias de informa\u00e7\u00e3o e comunica\u00e7\u00e3o (TIC)\u00bb, \u00abCria\u00e7\u00e3o de marcas e design\u00bb e \u00abDesenvolvimento e engenharia de produtos, servi\u00e7os e processos\u00bb, pretendendo melhorar a capacidade de resposta ao mercado global, alcan\u00e7ando e consolidando uma posi\u00e7\u00e3o competitiva.<\/p>\n<p>Nesse sentido, est\u00e3o previstos investimentos com a implementa\u00e7\u00e3o da metodologia de gest\u00e3o de projetos SCRUM, de processo de avalia\u00e7\u00e3o de desempenho, de Service Desk para portal de cliente, bem como de ERP e CRM, com a aquisi\u00e7\u00e3o de servi\u00e7os de consultoria em Gest\u00e3o Financeira de Projetos e em Cloud Transformation, com o desenvolvimento de um Plano Organizacional e M\u00e9todos, conce\u00e7\u00e3o e execu\u00e7\u00e3o de cat\u00e1logos e brochuras digitais, cria\u00e7\u00e3o de plataformas de e-market place locais, desenvolvimento de um filme institucional, realiza\u00e7\u00e3o de um estudo e redesign da marca e o seu registo a n\u00edvel internacional, bem como a realiza\u00e7\u00e3o de a\u00e7\u00f5es de forma\u00e7\u00e3o.<\/p>    <\/div>\n<\/div>\n<!-- \/module text -->\t        <\/div>\n\t    \t<\/div>\n\t\t<div  style=\"width: 5.5%\" data-lazy=\"1\" class=\"sub_column module_column tf_box col3-1 middle tb_9xvi564 repeat\" > \n\t    \t    \t<\/div>\n\t\t<div  style=\"width: 45.334%\" data-lazy=\"1\" class=\"sub_column module_column tf_box col3-1 last tb_s1hy565\" > \n\t    \t    \t        <div class=\"tb-column-inner tf_box tf_w\">\n\t\t    <!-- module feature -->\n<div  class=\"module module-feature tb_ndsy747 with-chart layout-icon-top size-small \" data-lazy=\"1\">\n        <div class=\"module-feature-image tf_textc tf_rel\">\n\t\t\t\t\t\t\t<span class=\"module-feature-chart-html5 tf_box tf_rel tf_inline_b\">\n\t\t\t\t\t\t\t<svg class=\"tf_abs tf_w tf_h\">\n\t\t\t\t<circle class=\"tb_feature_fill\" r=\"calc(50% - 1.00px)\" cx=\"50%\" cy=\"50%\" stroke-width=\"2\"\/>\n\t\t\t\t<circle class=\"tb_feature_stroke\" r=\"calc(50% - 1.00px)\" cx=\"50%\" cy=\"50%\" stroke=\"#c41230\" stroke-width=\"2\" data-progress=\"80\" stroke-dasharray=\"0,10000\"\/>\n\t\t\t\t\t\t\t\t<\/svg>\n\t\t\t\t\t\t\t<span class=\"chart-html5-circle tf_w tf_h\">\n\t\t\t\t\t\t\t\t\t\t\t<img style=\"width:calc(100% - 4px);height:calc(100% - 4px)\" src=\"https:\/\/arquiconsult.com\/wp-content\/uploads\/2021\/11\/Dynamics-365-BC-Dynamics-365-Enterprise-Sales-Microsoft-Dynamics-365-RGPD-Commerce-Microsoft-Dynamics-NAV-Navision-Microsoft-Softwares-3.png\" alt=\"-Dynamics 365 BC-Dynamics 365 Marketing-Sales-Microsoft Dynamics 365-RGPD-Commerce-Microsoft Dynamics NAV-Navision-Microsoft-Softwares-Main-Tool-arqebi\" title=\"-\">\n\t\t\t\t\t\t\t\t\t<\/span>\n\n\t\t\t\t\n\t\t\t<\/span>\n\t\t\t    <\/div>\n    <div class=\"module-feature-content tf_textc\">\n\t\t\t\t<div class=\"tb_text_wrap\">\n\t\t\t\t\t<\/div>\n    <\/div>\n<\/div>\n<!-- \/module feature -->\n<!-- module text -->\n<div  class=\"module module-text tb_1zku565  repeat \" data-lazy=\"1\">\n        <div  class=\"tb_text_wrap\">\n    <p style=\"text-align: center;\"><strong>Designa\u00e7\u00e3o do projeto<\/strong> | ARQUI GLOBAL <br \/>C\u00f3digo do projeto POCI-02-0752-FEDER-012626<\/p>\n<p style=\"text-align: center;\"><strong>Objetivo principal <\/strong>| Refor\u00e7ar a competitividade das pequenas e m\u00e9dias empresas<\/p>\n<p style=\"text-align: center;\"><strong>Regi\u00e3o de interven\u00e7\u00e3o<\/strong> | Norte<\/p>\n<p style=\"text-align: center;\"><strong>Entidade benefici\u00e1ria<\/strong> | ARQUICONSULT \u2013 SISTEMAS DE INFORMA\u00c7\u00c3O, S.A.<\/p>    <\/div>\n<\/div>\n<!-- \/module text --><!-- module text -->\n<div  class=\"module module-text tb_hugl565  repeat \" data-lazy=\"1\">\n        <div  class=\"tb_text_wrap\">\n    <p style=\"text-align: center;\"><strong>Data de aprova\u00e7\u00e3o<\/strong> | 2016-01-26<\/p>\n<p style=\"text-align: center;\"><strong>Data de in\u00edcio<\/strong> | 2016-01-01 <br \/><strong>Data de conclus\u00e3o<\/strong> | 2018-03-30<\/p>\n<p style=\"text-align: center;\"><strong>Custo total eleg\u00edvel<\/strong> | 561.571,65 EUR<\/p>\n<p style=\"text-align: center;\"><strong>Apoio financeiro da Uni\u00e3o Europeia<\/strong> | FEDER \u2013 245 727,00 EUR<\/p>\n<p style=\"text-align: center;\">FSE &#8211; 9 306,99 EUR<\/p>    <\/div>\n<\/div>\n<!-- \/module text --><!-- module image -->\n<div  class=\"module module-image tb_dnpq565   image-center tf_mw\" data-lazy=\"1\">\n        <div class=\"image-wrap tf_rel tf_mw\">\n\t\t    <img loading=\"lazy\" src=\"https:\/\/arquiconsult.com\/wp-content\/uploads\/2022\/02\/Arqui-INT-I_Ficha_de_projeto-web-V1-1-200x162.png\" width=\"200\" height=\"162\" class=\"wp-post-image wp-image-38838\" title=\"Arqui-INT-I_Ficha_de_projeto-web-V1\" alt=\"Arqui-INT-I_Ficha_de_projeto-web-V1\">\t\n\t\t<\/div>\n\t<!-- \/image-wrap -->\n    \n    \t<\/div>\n<!-- \/module image --><!-- module text -->\n<div  class=\"module module-text tb_zd0w565  repeat \" data-lazy=\"1\">\n        <div  class=\"tb_text_wrap\">\n    <p>O plano de internacionaliza\u00e7\u00e3o da Arquiconsult assenta na exporta\u00e7\u00e3o de solu\u00e7\u00f5es e servi\u00e7os, atrav\u00e9s do desenvolvimento de projetos de sistemas de informa\u00e7\u00e3o, recorrendo a recursos nacionais.<\/p><p style=\"text-align: left;\">As atividades de investimento t\u00eam como objetivo o aumento do volume de neg\u00f3cios em 66% (para mercados externos) at\u00e9 ao final do projeto e uma redu\u00e7\u00e3o relativa do peso do mercado nacional e est\u00e3o enquadradas nas seguintes tipologias:<\/p><ul><li>Conhecimento de mercados externos (Feiras\/Exposi\u00e7\u00f5es)<\/li><li>Presen\u00e7a na web<\/li><li>Desenvolvimento e promo\u00e7\u00e3o internacional de marcas<\/li><li>Prospe\u00e7\u00e3o e presen\u00e7a em mercados internacionais<\/li><li>Marketing internacional<\/li><li>Certifica\u00e7\u00f5es espec\u00edficas para os mercados externos<\/li><li>Introdu\u00e7\u00e3o de novo m\u00e9todo de organiza\u00e7\u00e3o<\/li><\/ul><p style=\"text-align: left;\">Contrata\u00e7\u00e3o de quadros t\u00e9cnicos qualificados para a internacionaliza\u00e7\u00e3o.<\/p>    <\/div>\n<\/div>\n<!-- \/module text -->\t        <\/div>\n\t    \t<\/div>\n\t\t    <\/div>\n\t<\/div><!-- \/themify_builder_sub_row -->\n\t\t        <\/div>\n\t    \t<\/div>\n\t\t    <\/div>\n\t    <!-- \/row_inner -->\n\t<\/div>\n\t<!-- \/module_row -->\n\t<\/div>\n<!--\/themify_builder_content-->","protected":false},"excerpt":{"rendered":"<p>Projectos Financiados Portugal Compete 2020\u00a0 Designa\u00e7\u00e3o do projeto | ARQUI GLOBAL IIC\u00f3digo do projeto | POCI-02-0752-FEDER-063434 Objetivo principal | Refor\u00e7ar a competitividade das pequenas e m\u00e9dias empresas Regi\u00e3o de interven\u00e7\u00e3o | Norte Entidade benefici\u00e1ria | ARQUICONSULT \u2013 SISTEMAS DE INFORMA\u00c7\u00c3O, S.A. Data de aprova\u00e7\u00e3o | 2020-12-17 Data de in\u00edcio | 2021-01-01 Data de conclus\u00e3o | [&hellip;]<\/p>\n","protected":false},"author":4,"featured_media":0,"parent":0,"menu_order":0,"comment_status":"closed","ping_status":"closed","template":"","meta":[],"acf":[],"_links":{"self":[{"href":"https:\/\/arquiconsult.com\/en\/wp-json\/wp\/v2\/pages\/38818"}],"collection":[{"href":"https:\/\/arquiconsult.com\/en\/wp-json\/wp\/v2\/pages"}],"about":[{"href":"https:\/\/arquiconsult.com\/en\/wp-json\/wp\/v2\/types\/page"}],"author":[{"embeddable":true,"href":"https:\/\/arquiconsult.com\/en\/wp-json\/wp\/v2\/users\/4"}],"replies":[{"embeddable":true,"href":"https:\/\/arquiconsult.com\/en\/wp-json\/wp\/v2\/comments?post=38818"}],"version-history":[{"count":0,"href":"https:\/\/arquiconsult.com\/en\/wp-json\/wp\/v2\/pages\/38818\/revisions"}],"wp:attachment":[{"href":"https:\/\/arquiconsult.com\/en\/wp-json\/wp\/v2\/media?parent=38818"}],"curies":[{"name":"wp","href":"https:\/\/api.w.org\/{rel}","templated":true}]}}