{"id":41062,"date":"2022-09-13T10:23:14","date_gmt":"2022-09-13T09:23:14","guid":{"rendered":"https:\/\/arquiconsult.com\/?page_id=41062"},"modified":"2025-12-02T16:04:23","modified_gmt":"2025-12-02T16:04:23","slug":"navitrans-transports","status":"publish","type":"page","link":"https:\/\/arquiconsult.com\/en\/navitrans-transports\/","title":{"rendered":"Navitrans Transports"},"content":{"rendered":"<!--themify_builder_content-->\n<div id=\"themify_builder_content-41062\" data-postid=\"41062\" class=\"themify_builder_content themify_builder_content-41062 themify_builder tf_clear\">\n    \t<!-- module_row -->\n\t<div  data-css_id=\"bnyz482\" data-lazy=\"1\" class=\"module_row themify_builder_row fullcover fullwidth_row_container tb_bnyz482 tb_first tf_clearfix\" >\n\t    <div class=\"builder_row_cover tf_abs\"><\/div>\t\t<div class=\"row_inner col_align_middle col-count-2 tf_box tf_w tf_rel\"  data-basecol=\"2\" data-col_tablet=\"column-full\" data-col_mobile=\"column-full\">\n\t\t\t<div  data-lazy=\"1\" style=\"width: 77.43%\" class=\"module_column tb-column col3-2 first tb_xapa482 tf_box\">\n\t\t\t    \t        <div class=\"tb-column-inner tf_box tf_w\">\n\t\t    <!-- module text -->\n<div  class=\"module module-text tb_28bt482  repeat \" data-lazy=\"1\">\n        <div  class=\"tb_text_wrap\">\n    <h4><a href=\"https:\/\/arquiconsult.com\">Arquiconsult.com<\/a> \/ <a href=\"#\">Sectors<\/a> \/ <a href=\"http:\/\/Transport and Logistics\" data-wplink-url-error=\"true\" target=\"_blank\">Transport and Logistics <\/a>\/ Navitrans Transports<\/h4>    <\/div>\n<\/div>\n<!-- \/module text --><!-- module fancy heading -->\n<!--\/* $fields_args['heading_tag']  CODIGO QUE SAIU * \/-->\n<div  class=\"module module-fancy-heading tb_rhjr482 titulo-suporte tb_hide_divider\" data-lazy=\"1\">\n        <h1  class=\"fancy-heading tf_textl\">\n    <span class=\"main-head tf_block\">\n\t\t\t\t\tNavitrans Transport\t\t    <\/span>\n\n\t\n    <span class=\"sub-head tf_block tf_rel\">\n\t\t\t\t\t\t\t    <\/span>\n    <\/h1>\n<\/div>\n<!-- \/module fancy heading -->\n<!-- module text -->\n<div  class=\"module module-text tb_6wvq482   \" data-lazy=\"1\">\n        <div  class=\"tb_text_wrap\">\n    <h4>The Navitrans Transport module is a user-friendly transport management system (TMS).<\/h4>    <\/div>\n<\/div>\n<!-- \/module text -->\t        <\/div>\n\t    \t<\/div>\n\t\t<div  data-lazy=\"1\" style=\"width: 19.37%\" class=\"module_column tb-column col3-1 last tb_q6qa482 tf_box\">\n\t\t\t    \t<\/div>\n\t\t    <\/div>\n\t    <!-- \/row_inner -->\n\t<\/div>\n\t<!-- \/module_row -->\n\t\t<!-- module_row -->\n\t<div  data-css_id=\"806s377\" data-lazy=\"1\" class=\"module_row themify_builder_row fullcover fullwidth tb_806s377 tf_clearfix wow\" data-tf-animation=\"pulse\" >\n\t    \t\t<div class=\"row_inner col_align_top col-count-1 tf_box tf_w tf_rel\">\n\t\t\t<div  data-lazy=\"1\" class=\"module_column tb-column col-full first tb_ebpy377 tf_box\">\n\t\t\t    \t        <div class=\"tb-column-inner tf_box tf_w\">\n\t\t    <!-- module text -->\n<div  class=\"module module-text tb_9zqy377  repeat \" data-lazy=\"1\">\n        <div  class=\"tb_text_wrap\">\n    <h2>Navitrans Transports<\/h2>    <\/div>\n<\/div>\n<!-- \/module text --><!-- module text -->\n<div  class=\"module module-text tb_s9q0378  repeat \" data-lazy=\"1\">\n        <div  class=\"tb_text_wrap\">\n    <p style=\"text-align: center;\">The Navitrans Transports module is a user-friendly transport management system (TMS) that automates, structures and optimizes the logistical processes of transport companies. The result? Work faster, more efficiently and more focused.<\/p>    <\/div>\n<\/div>\n<!-- \/module text -->\t        <\/div>\n\t    \t<\/div>\n\t\t    <\/div>\n\t    <!-- \/row_inner -->\n\t<\/div>\n\t<!-- \/module_row -->\n\t\t<!-- module_row -->\n\t<div  data-anchor=\"support\" data-hide-anchor=\"1\" data-lazy=\"1\" class=\"module_row themify_builder_row repeat tb_has_section tb_section-support tb_jnvz701 tf_clearfix\" >\n\t    \t\t<div class=\"row_inner col_align_top col-count-1 tf_box tf_w tf_rel\">\n\t\t\t<div  data-lazy=\"1\" class=\"module_column tb-column col-full first tb_qtjo701 tf_box\">\n\t\t\t    \t        <div class=\"tb-column-inner tf_box tf_w\">\n\t\t    \t<div  data-lazy=\"1\" class=\"module_subrow themify_builder_sub_row tb_1ysc701 tf_w tf_clearfix\">\n\t    \t\t<div class=\"subrow_inner col_align_top col-count-1 tf_box tf_w\">\n\t\t\t<div  data-lazy=\"1\" class=\"sub_column module_column tf_box col-full first tb_zm6p701\"> \n\t    \t    \t        <div class=\"tb-column-inner tf_box tf_w\">\n\t\t    <!-- module text -->\n<div  class=\"module module-text tb_ah1r701  repeat \" data-lazy=\"1\">\n        <div  class=\"tb_text_wrap\">\n    <h2>What to expect from a Transport Management Software?<\/h2>    <\/div>\n<\/div>\n<!-- \/module text -->\t        <\/div>\n\t    \t<\/div>\n\t\t    <\/div>\n\t<\/div><!-- \/themify_builder_sub_row -->\n\t\t        <\/div>\n\t    \t<\/div>\n\t\t    <\/div>\n\t    <!-- \/row_inner -->\n\t<\/div>\n\t<!-- \/module_row -->\n\t\t<!-- module_row -->\n\t<div  data-mobile-padding=\"20px,20px\" data-desktop-padding=\"20px,20px\" data-css_id=\"gpm1283\" data-lazy=\"1\" class=\"module_row themify_builder_row repeat fullwidth_row_container tb_gpm1283 tf_clearfix\" >\n\t    \t\t<div class=\"row_inner col_align_top col-count-4 tf_box tf_w tf_rel\"  data-basecol=\"4\" data-col_mobile=\"column-full\">\n\t\t\t<div  data-lazy=\"1\" class=\"module_column tb-column col4-1 first tb_c2jy283 repeat tf_box\">\n\t\t\t    \t        <div class=\"tb-column-inner tf_box tf_w\">\n\t\t    <!-- module text -->\n<div  class=\"module module-text tb_pt58283  repeat \" data-lazy=\"1\">\n        <div  class=\"tb_text_wrap\">\n    <h3 style=\"text-align: center;\"><strong><b>User-friendly <br>and flexible<br \/><\/b><\/strong><\/h3>\n<p style=\"text-align: center;\">. Intuitive environment and customizable screens per user;<br \/>. Quick registration of manual or 100% automatic transport orders;<br \/>. Integration via EDI for creating transport orders;<br \/>. Integration with Freight Exchanges, Transporeon, Transwide, LogitOne;<br \/>. Automatic posting of costs and services.<\/p>\n    <\/div>\n<\/div>\n<!-- \/module text -->\t        <\/div>\n\t    \t<\/div>\n\t\t<div  data-lazy=\"1\" class=\"module_column tb-column col4-1 second tb_9zml284 repeat tf_box\">\n\t\t\t    \t        <div class=\"tb-column-inner tf_box tf_w\">\n\t\t    <!-- module text -->\n<div  class=\"module module-text tb_cuu8284  repeat \" data-lazy=\"1\">\n        <div  class=\"tb_text_wrap\">\n    <h3 style=\"text-align: center;\"><strong><b>Control of the commercial and sales process<br \/><\/b><\/strong><\/h3>\n<p style=\"text-align: center;\">. Creation and follow-up of commercial proposals;<br \/>. Detailed costing;<br \/>. Use of general or specific tariffs;<br \/>. Transforming commercial proposals into transport orders.<\/p>    <\/div>\n<\/div>\n<!-- \/module text -->\t        <\/div>\n\t    \t<\/div>\n\t\t<div  data-lazy=\"1\" class=\"module_column tb-column col4-1 third tb_4qs4284 repeat tf_box\">\n\t\t\t    \t        <div class=\"tb-column-inner tf_box tf_w\">\n\t\t    <!-- module text -->\n<div  class=\"module module-text tb_ivmc284  repeat \" data-lazy=\"1\">\n        <div  class=\"tb_text_wrap\">\n    <h3 style=\"text-align: center;\"><strong><b>Tools for Effective Planning<\/b><br \/><\/strong><\/h3>\n<p style=\"text-align: center;\">. FTL, LTL and Groupage Processes and Trips ;<br \/>. General Cargo, ADR, Waste;<br \/>. Deposits, Pickups, Transfers, and Deliveries;<br \/>. Graphic Planning and on Map;<br \/>. Cartography and calculation of distances, times tolls, and CO2;<br \/>. Integration with advanced planning tools;<br \/>. Integration with route optimization tools and automatic planning tools.<\/p>    <\/div>\n<\/div>\n<!-- \/module text -->\t        <\/div>\n\t    \t<\/div>\n\t\t<div  data-lazy=\"1\" class=\"module_column tb-column col4-1 last tb_w68e284 repeat tf_box\">\n\t\t\t    \t        <div class=\"tb-column-inner tf_box tf_w\">\n\t\t    <!-- module text -->\n<div  class=\"module module-text tb_eopy284  repeat \" data-lazy=\"1\">\n        <div  class=\"tb_text_wrap\">\n    <h3 style=\"text-align: center;\"><b>Monitoring and control of operational activity<\/b><\/h3>\n<p style=\"text-align: center;\">. Integrations with OBC solutions (On-Board Computers) solutions;<br \/>. Driver Application;<br \/>. Integration with Cross-Docking application;<br \/>. Control of load states and non-conformities;<br \/>. Alerts manager.<\/p>    <\/div>\n<\/div>\n<!-- \/module text -->\t        <\/div>\n\t    \t<\/div>\n\t\t    <\/div>\n\t    <!-- \/row_inner -->\n\t<\/div>\n\t<!-- \/module_row -->\n\t\t<!-- module_row -->\n\t<div  data-mobile-padding=\"20px,20px\" data-desktop-padding=\"20px,20px\" data-css_id=\"ylla116\" data-lazy=\"1\" class=\"module_row themify_builder_row repeat fullwidth_row_container tb_ylla116 tf_clearfix\" >\n\t    \t\t<div class=\"row_inner col_align_top col-count-3 tf_box tf_w tf_rel\"  data-basecol=\"3\" data-col_mobile=\"column-full\">\n\t\t\t<div  data-lazy=\"1\" class=\"module_column tb-column col3-1 first tb_qbzl117 repeat tf_box\">\n\t\t\t    \t        <div class=\"tb-column-inner tf_box tf_w\">\n\t\t    <!-- module text -->\n<div  class=\"module module-text tb_2tag117  repeat \" data-lazy=\"1\">\n        <div  class=\"tb_text_wrap\">\n    <h3 style=\"text-align: center;\"><strong><b>Monitoring and control <br>of operational resources<\/b><br \/><\/strong><\/h3>\n<p style=\"text-align: center;\">. Maintenance management;<br \/>. Import of fuels and tolls;<br \/>. Management of expiration dates;<br \/>. Claims, Washes, and Fines;<br \/>. Tire management.<\/p>\n    <\/div>\n<\/div>\n<!-- \/module text -->\t        <\/div>\n\t    \t<\/div>\n\t\t<div  data-lazy=\"1\" class=\"module_column tb-column col3-1 middle tb_g702117 repeat tf_box\">\n\t\t\t    \t        <div class=\"tb-column-inner tf_box tf_w\">\n\t\t    <!-- module text -->\n<div  class=\"module module-text tb_bmkg117  repeat \" data-lazy=\"1\">\n        <div  class=\"tb_text_wrap\">\n    <h3 style=\"text-align: center;\"><strong><b>Digitalize and accelerate the procedures of the financial activity<\/b><\/strong><\/h3>\n<p style=\"text-align: center;\">. Automatic integration with Microsoft Dynamics 365 Business Central;<br \/>. Faster and more diversified invoicing;<br \/>. Integration with OCR tools for purchase invoices and travel documents (CMR\\POD);<br \/>. COD management.<\/p>    <\/div>\n<\/div>\n<!-- \/module text -->\t        <\/div>\n\t    \t<\/div>\n\t\t<div  data-lazy=\"1\" class=\"module_column tb-column col3-1 last tb_0q0x118 repeat tf_box\">\n\t\t\t    \t        <div class=\"tb-column-inner tf_box tf_w\">\n\t\t    <!-- module text -->\n<div  class=\"module module-text tb_paz3118  repeat \" data-lazy=\"1\">\n        <div  class=\"tb_text_wrap\">\n    <h3 style=\"text-align: center;\"><strong><b>Analysis data that <br>supports decision making<\/b><br \/><\/strong><\/h3>\n<p style=\"text-align: center;\">. Profitability Analysis;<br \/>. Cost Centers and D365BC analysis;<br \/>. PowerBI integration;<br \/>. Use of BI tools (BITrans).<\/p>\n    <\/div>\n<\/div>\n<!-- \/module text -->\t        <\/div>\n\t    \t<\/div>\n\t\t    <\/div>\n\t    <!-- \/row_inner -->\n\t<\/div>\n\t<!-- \/module_row -->\n\t\t<!-- module_row -->\n\t<div  data-css_id=\"8o5v313\" data-lazy=\"1\" class=\"module_row themify_builder_row solucoes-sector repeat fullwidth_row_container tb_8o5v313 tf_clearfix\" >\n\t    \t\t<div class=\"row_inner col_align_top col-count-2 tf_box tf_w tf_rel\"  data-basecol=\"2\" data-col_mobile=\"column-full\">\n\t\t\t<div  data-lazy=\"1\" style=\"width: 48.57%\" class=\"module_column tb-column col4-2 first tb_21p9313 tf_box\">\n\t\t\t    \t        <div class=\"tb-column-inner tf_box tf_w\">\n\t\t    <!-- module image -->\n<div  class=\"module module-image tb_53pp313   image-top tf_mw wow\" data-tf-animation=\"fadeIn\" data-lazy=\"1\">\n        <div class=\"image-wrap tf_rel tf_mw\">\n\t\t    <img loading=\"lazy\" src=\"https:\/\/arquiconsult.com\/wp-content\/uploads\/2021\/11\/Dynamics-AX-e-365-FO-Renovacao-do-certificado-para-Comunicacao-de-Documentos-de-Transporte-a-AT-AX-FO-Localization-Portuguese-500x333.jpg\" width=\"500\" height=\"333\" class=\"wp-post-image wp-image-30786\" title=\"Dynamics AX e 365 FO Renova\u00e7\u00e3o do certificado para Comunica\u00e7\u00e3o de Documentos de Transporte \u00e0 AT-AX, FO, Localization Portuguese\" alt=\"Dynamics AX e 365 FO Renova\u00e7\u00e3o do certificado para Comunica\u00e7\u00e3o de Documentos de Transporte \u00e0 AT-AX, FO, Localization Portuguese\">\t\n\t\t<\/div>\n\t<!-- \/image-wrap -->\n    \n    \t<\/div>\n<!-- \/module image -->\t        <\/div>\n\t    \t<\/div>\n\t\t<div  data-lazy=\"1\" style=\"width: 48.23%\" class=\"module_column tb-column col4-2 last tb_q6ds313 tf_box\">\n\t\t\t    \t        <div class=\"tb-column-inner tf_box tf_w\">\n\t\t    <!-- module text -->\n<div  class=\"module module-text tb_s9eb313  repeat \" data-lazy=\"1\">\n        <div  class=\"tb_text_wrap\">\n    <h2 style=\"text-align: left;\"><strong>And it&#8217;s exactly how Navitrans Transport was designed: to help companies and logistics services have better control of costs and increase their margin.<\/strong><\/h2>    <\/div>\n<\/div>\n<!-- \/module text --><!-- module text -->\n<div  class=\"module module-text tb_jy4t314  repeat \" data-lazy=\"1\">\n        <div  class=\"tb_text_wrap\">\n    <p style=\"text-align: left;\"><strong>Navitrans<\/strong> is modular software, tailored for your business. It has multiple configuration possibilities in order to adapt to standard applications or your specific procedures. Each user can adapt and customize their screen to avoid redundant information or tables. And that&#8217;s also working efficiently.<\/p>    <\/div>\n<\/div>\n<!-- \/module text --><!-- module buttons -->\n<div  class=\"module module-buttons tb_zakd314 buttons-horizontal transparent popmake-44183 large circle tf_textc wow\" data-tf-animation=\"pulse\" data-lazy=\"1\">\n    \t<div class=\"module-buttons-item tf_inline_b\">\n\t\t\t\t\t\t\t<a href=\"#\" class=\"ui builder_button tb_default_color\" >\n\t\t\t\t\t\t\t\t\t\t\t<span class=\"tf_inline_b tf_vmiddle\">Buy Navitrans<\/span>\n\t\t\t\t\t\t\t\t\t\t\t<\/a>\n\t\t\t    \t<\/div>\n\t<\/div>\n<!-- \/module buttons -->\n\t        <\/div>\n\t    \t<\/div>\n\t\t    <\/div>\n\t    <!-- \/row_inner -->\n\t<\/div>\n\t<!-- \/module_row -->\n\t<\/div>\n<!--\/themify_builder_content-->","protected":false},"excerpt":{"rendered":"<p>Arquiconsult.com \/ Sectors \/ Transport and Logistics \/ Navitrans Transports Navitrans Transport The Navitrans Transport module is a user-friendly transport management system (TMS). Navitrans Transports The Navitrans Transports module is a user-friendly transport management system (TMS) that automates, structures and optimizes the logistical processes of transport companies. The result? Work faster, more efficiently and more [&hellip;]<\/p>\n","protected":false},"author":4,"featured_media":0,"parent":0,"menu_order":0,"comment_status":"closed","ping_status":"closed","template":"","meta":[],"acf":[],"_links":{"self":[{"href":"https:\/\/arquiconsult.com\/en\/wp-json\/wp\/v2\/pages\/41062"}],"collection":[{"href":"https:\/\/arquiconsult.com\/en\/wp-json\/wp\/v2\/pages"}],"about":[{"href":"https:\/\/arquiconsult.com\/en\/wp-json\/wp\/v2\/types\/page"}],"author":[{"embeddable":true,"href":"https:\/\/arquiconsult.com\/en\/wp-json\/wp\/v2\/users\/4"}],"replies":[{"embeddable":true,"href":"https:\/\/arquiconsult.com\/en\/wp-json\/wp\/v2\/comments?post=41062"}],"version-history":[{"count":1,"href":"https:\/\/arquiconsult.com\/en\/wp-json\/wp\/v2\/pages\/41062\/revisions"}],"predecessor-version":[{"id":118250,"href":"https:\/\/arquiconsult.com\/en\/wp-json\/wp\/v2\/pages\/41062\/revisions\/118250"}],"wp:attachment":[{"href":"https:\/\/arquiconsult.com\/en\/wp-json\/wp\/v2\/media?parent=41062"}],"curies":[{"name":"wp","href":"https:\/\/api.w.org\/{rel}","templated":true}]}}