{"id":56530,"date":"2023-09-11T10:58:24","date_gmt":"2023-09-11T09:58:24","guid":{"rendered":"https:\/\/arquiconsult.com\/?page_id=56530"},"modified":"2024-12-09T09:42:38","modified_gmt":"2024-12-09T09:42:38","slug":"arquiconsult-whistleblowing","status":"publish","type":"page","link":"https:\/\/arquiconsult.com\/en\/arquiconsult-whistleblowing\/","title":{"rendered":"Arquiconsult Whistleblowing"},"content":{"rendered":"<!--themify_builder_content-->\n<div id=\"themify_builder_content-56530\" data-postid=\"56530\" class=\"themify_builder_content themify_builder_content-56530 themify_builder tf_clear\">\n    \t<!-- module_row -->\n\t<div  data-css_id=\"17wr623\" data-lazy=\"1\" class=\"module_row themify_builder_row caixas-suporte repeat fullwidth tb_17wr623 tb_first tf_clearfix\" >\n\t    \t\t<div class=\"row_inner col_align_top col-count-2 tf_box tf_w tf_rel\"  data-basecol=\"2\" data-col_tablet_landscape=\"column-full\">\n\t\t\t<div  data-lazy=\"1\" class=\"module_column tb-column col4-2 first tb_41z0623 tf_box\">\n\t\t\t    \t        <div class=\"tb-column-inner tf_box tf_w\">\n\t\t    \t<div  data-lazy=\"1\" class=\"module_subrow themify_builder_sub_row repeat tb_a3zf623 tf_w tf_clearfix\">\n\t    \t\t<div class=\"subrow_inner col_align_top col-count-2 tf_box tf_w\">\n\t\t\t<div  style=\"width: 11.01%\" data-lazy=\"1\" class=\"sub_column module_column tf_box col4-2 first tb_zufj624\" > \n\t    \t    \t        <div class=\"tb-column-inner tf_box tf_w\">\n\t\t    <!-- module image -->\n<div  class=\"module module-image tb_dmlf624  image-certo image-top tf_mw\" data-lazy=\"1\">\n        <div class=\"image-wrap tf_rel tf_mw\">\n\t\t    <img loading=\"lazy\" src=\"https:\/\/arquiconsult.com\/wp-content\/uploads\/2021\/11\/Dynamics-365-BC-Dynamics-365-Enterprise-Sales-Microsoft-Dynamics-365-RGPD-Commerce-Microsoft-Dynamics-NAV-Navision-Microsoft-Softwares-4-50x50.png\" width=\"50\" height=\"50\" class=\"wp-post-image wp-image-31144\" title=\"Dynamics 365 BC-Dynamics 365 Enterprise-Sales-Microsoft Dynamics 365-RGPD-Commerce-Microsoft Dynamics NAV-Navision-Microsoft-Softwares\" alt=\"Dynamics 365 BC-Dynamics 365 Enterprise-Sales-Microsoft Dynamics 365-RGPD-Commerce-Microsoft Dynamics NAV-Navision-Microsoft-Softwares-collaborator company-compliance with GDPR-Entities Management for Dynamics 365 Business Central\" srcset=\"https:\/\/arquiconsult.com\/wp-content\/uploads\/2021\/11\/Dynamics-365-BC-Dynamics-365-Enterprise-Sales-Microsoft-Dynamics-365-RGPD-Commerce-Microsoft-Dynamics-NAV-Navision-Microsoft-Softwares-4-50x50.png 50w, https:\/\/arquiconsult.com\/wp-content\/uploads\/2021\/11\/Dynamics-365-BC-Dynamics-365-Enterprise-Sales-Microsoft-Dynamics-365-RGPD-Commerce-Microsoft-Dynamics-NAV-Navision-Microsoft-Softwares-4-60x60.png 60w, https:\/\/arquiconsult.com\/wp-content\/uploads\/2021\/11\/Dynamics-365-BC-Dynamics-365-Enterprise-Sales-Microsoft-Dynamics-365-RGPD-Commerce-Microsoft-Dynamics-NAV-Navision-Microsoft-Softwares-4.png 61w\" sizes=\"(max-width: 50px) 100vw, 50px\" \/>\t\n\t\t<\/div>\n\t<!-- \/image-wrap -->\n    \n    \t<\/div>\n<!-- \/module image -->\t        <\/div>\n\t    \t<\/div>\n\t\t<div  style=\"width: 85.79%\" data-lazy=\"1\" class=\"sub_column module_column tf_box col4-2 last tb_015k624 repeat\" > \n\t    \t    \t        <div class=\"tb-column-inner tf_box tf_w\">\n\t\t    <!-- module text -->\n<div  class=\"module module-text tb_nnjm624   \" data-lazy=\"1\">\n        <div  class=\"tb_text_wrap\">\n    <p style=\"text-align: left;\"><strong>Defini\u00e7\u00e3o<\/strong><\/p>    <\/div>\n<\/div>\n<!-- \/module text --><!-- module text -->\n<div  class=\"module module-text tb_m205625   \" data-lazy=\"1\">\n        <div  class=\"tb_text_wrap\">\n    <p style=\"text-align: left;\">A Arquiconsult \u2013 Sistemas de Informa\u00e7\u00e3o S.A., no quadro dos elevados padr\u00f5es de conduta e atua\u00e7\u00e3o que regem a sua atividade, disponibiliza um canal de den\u00fancia, nos termos previstos na legisla\u00e7\u00e3o aplic\u00e1vel, assegurando a apresenta\u00e7\u00e3o e o seguimento seguros das den\u00fancias, bem como, nomeadamente, a confidencialidade da identidade ou o anonimato dos denunciantes e a confidencialidade da identidade de terceiros mencionados na den\u00fancia.<\/p>\n<p style=\"text-align: left;\">Em cumprimento do disposto na Lei n.\u00ba 93\/2021, de 20 de dezembro, a Arquiconsult \u2013 Sistemas de Informa\u00e7\u00e3o S.A., atrav\u00e9s do presente formul\u00e1rio\/canal permite a submiss\u00e3o de den\u00fancias an\u00f3nimas ou com identifica\u00e7\u00e3o, de acordo com aquela que seja a op\u00e7\u00e3o do denunciante, para que todos aqueles que, no exerc\u00edcio das suas fun\u00e7\u00f5es, tenham conhecimento de factos que possam integrar a pr\u00e1tica de \u201cinfra\u00e7\u00e3o\u201d, possam efetuar as respetivas den\u00fancias<strong>.<\/strong><\/p>    <\/div>\n<\/div>\n<!-- \/module text -->\t        <\/div>\n\t    \t<\/div>\n\t\t    <\/div>\n\t<\/div><!-- \/themify_builder_sub_row -->\n\t\t        <\/div>\n\t    \t<\/div>\n\t\t<div  data-lazy=\"1\" class=\"module_column tb-column col4-2 last tb_wqbd625 tf_box\">\n\t\t\t    \t        <div class=\"tb-column-inner tf_box tf_w\">\n\t\t    \t<div  data-lazy=\"1\" class=\"module_subrow themify_builder_sub_row repeat tb_ls4u625 tf_w tf_clearfix\">\n\t    \t\t<div class=\"subrow_inner col_align_top col-count-2 tf_box tf_w\">\n\t\t\t<div  style=\"width: 11.01%\" data-lazy=\"1\" class=\"sub_column module_column tf_box col4-2 first tb_7r0h625\"> \n\t    \t    \t        <div class=\"tb-column-inner tf_box tf_w\">\n\t\t    <!-- module image -->\n<div  class=\"module module-image tb_imbh625  image-certo image-top tf_mw\" data-lazy=\"1\">\n        <div class=\"image-wrap tf_rel tf_mw\">\n\t\t    <img loading=\"lazy\" src=\"https:\/\/arquiconsult.com\/wp-content\/uploads\/2021\/11\/Dynamics-365-BC-Dynamics-365-Enterprise-Sales-Microsoft-Dynamics-365-RGPD-Commerce-Microsoft-Dynamics-NAV-Navision-Microsoft-Softwares-4-50x50.png\" width=\"50\" height=\"50\" class=\"wp-post-image wp-image-31144\" title=\"Dynamics 365 BC-Dynamics 365 Enterprise-Sales-Microsoft Dynamics 365-RGPD-Commerce-Microsoft Dynamics NAV-Navision-Microsoft-Softwares\" alt=\"Dynamics 365 BC-Dynamics 365 Enterprise-Sales-Microsoft Dynamics 365-RGPD-Commerce-Microsoft Dynamics NAV-Navision-Microsoft-Softwares-collaborator company-compliance with GDPR-Entities Management for Dynamics 365 Business Central\" srcset=\"https:\/\/arquiconsult.com\/wp-content\/uploads\/2021\/11\/Dynamics-365-BC-Dynamics-365-Enterprise-Sales-Microsoft-Dynamics-365-RGPD-Commerce-Microsoft-Dynamics-NAV-Navision-Microsoft-Softwares-4-50x50.png 50w, https:\/\/arquiconsult.com\/wp-content\/uploads\/2021\/11\/Dynamics-365-BC-Dynamics-365-Enterprise-Sales-Microsoft-Dynamics-365-RGPD-Commerce-Microsoft-Dynamics-NAV-Navision-Microsoft-Softwares-4-60x60.png 60w, https:\/\/arquiconsult.com\/wp-content\/uploads\/2021\/11\/Dynamics-365-BC-Dynamics-365-Enterprise-Sales-Microsoft-Dynamics-365-RGPD-Commerce-Microsoft-Dynamics-NAV-Navision-Microsoft-Softwares-4.png 61w\" sizes=\"(max-width: 50px) 100vw, 50px\" \/>\t\n\t\t<\/div>\n\t<!-- \/image-wrap -->\n    \n    \t<\/div>\n<!-- \/module image -->\t        <\/div>\n\t    \t<\/div>\n\t\t<div  style=\"width: 85.79%\" data-lazy=\"1\" class=\"sub_column module_column tf_box col4-2 last tb_081u625 repeat\" > \n\t    \t    \t        <div class=\"tb-column-inner tf_box tf_w\">\n\t\t    <!-- module text -->\n<div  class=\"module module-text tb_yp6q703   \" data-lazy=\"1\">\n        <div  class=\"tb_text_wrap\">\n    <p style=\"text-align: left;\"><strong>Garantias<\/strong><\/p>    <\/div>\n<\/div>\n<!-- \/module text --><!-- module text -->\n<div  class=\"module module-text tb_edo5703   \" data-lazy=\"1\">\n        <div  class=\"tb_text_wrap\">\n    <p style=\"text-align: left;\">A Arquiconsult \u2013 Sistemas de Informa\u00e7\u00e3o S.A., assegurar\u00e1 o seguimento seguro das den\u00fancias, preservando a exaustividade, integridade e conserva\u00e7\u00e3o da den\u00fancia, a confidencialidade da identidade (caso proceda \u00e0 sua identifica\u00e7\u00e3o) ou o anonimato dos denunciantes. Em cumprimento da lei, a Arquiconsult garante a independ\u00eancia, a imparcialidade, a confidencialidade, a prote\u00e7\u00e3o de dados, o sigilo e a aus\u00eancia de conflitos de interesses no tratamento e an\u00e1lise das den\u00fancias recebidas, sendo que, em qualquer caso, o\/a denunciante \u00e9 protegido\/a contra qualquer forma de retalia\u00e7\u00e3o, dispondo, ainda, da possibilidade de apresenta\u00e7\u00e3o de den\u00fancia an\u00f3nima; e adotar\u00e1 uma postura de responsabilidade, independ\u00eancia e idoneidade na rece\u00e7\u00e3o, na investiga\u00e7\u00e3o e no tratamento das den\u00fancias.<\/p>    <\/div>\n<\/div>\n<!-- \/module text -->\t        <\/div>\n\t    \t<\/div>\n\t\t    <\/div>\n\t<\/div><!-- \/themify_builder_sub_row -->\n\t\t        <\/div>\n\t    \t<\/div>\n\t\t    <\/div>\n\t    <!-- \/row_inner -->\n\t<\/div>\n\t<!-- \/module_row -->\n\t\t<!-- module_row -->\n\t<div  data-css_id=\"drln960\" data-lazy=\"1\" class=\"module_row themify_builder_row caixas-suporte repeat fullwidth tb_drln960 tf_clearfix\" >\n\t    \t\t<div class=\"row_inner col_align_top col-count-2 tf_box tf_w tf_rel\"  data-basecol=\"2\" data-col_tablet_landscape=\"column-full\">\n\t\t\t<div  data-lazy=\"1\" class=\"module_column tb-column col4-2 first tb_50jf961 tf_box\">\n\t\t\t    \t        <div class=\"tb-column-inner tf_box tf_w\">\n\t\t    \t<div  data-lazy=\"1\" class=\"module_subrow themify_builder_sub_row repeat tb_ud3d961 tf_w tf_clearfix\">\n\t    \t\t<div class=\"subrow_inner col_align_top col-count-2 tf_box tf_w\">\n\t\t\t<div  style=\"width: 11.01%\" data-lazy=\"1\" class=\"sub_column module_column tf_box col4-2 first tb_08sz962\" > \n\t    \t    \t        <div class=\"tb-column-inner tf_box tf_w\">\n\t\t    <!-- module image -->\n<div  class=\"module module-image tb_xkkw962  image-certo image-top tf_mw\" data-lazy=\"1\">\n        <div class=\"image-wrap tf_rel tf_mw\">\n\t\t    <img loading=\"lazy\" src=\"https:\/\/arquiconsult.com\/wp-content\/uploads\/2021\/11\/Dynamics-365-BC-Dynamics-365-Enterprise-Sales-Microsoft-Dynamics-365-RGPD-Commerce-Microsoft-Dynamics-NAV-Navision-Microsoft-Softwares-4-50x50.png\" width=\"50\" height=\"50\" class=\"wp-post-image wp-image-31144\" title=\"Dynamics 365 BC-Dynamics 365 Enterprise-Sales-Microsoft Dynamics 365-RGPD-Commerce-Microsoft Dynamics NAV-Navision-Microsoft-Softwares\" alt=\"Dynamics 365 BC-Dynamics 365 Enterprise-Sales-Microsoft Dynamics 365-RGPD-Commerce-Microsoft Dynamics NAV-Navision-Microsoft-Softwares-collaborator company-compliance with GDPR-Entities Management for Dynamics 365 Business Central\" srcset=\"https:\/\/arquiconsult.com\/wp-content\/uploads\/2021\/11\/Dynamics-365-BC-Dynamics-365-Enterprise-Sales-Microsoft-Dynamics-365-RGPD-Commerce-Microsoft-Dynamics-NAV-Navision-Microsoft-Softwares-4-50x50.png 50w, https:\/\/arquiconsult.com\/wp-content\/uploads\/2021\/11\/Dynamics-365-BC-Dynamics-365-Enterprise-Sales-Microsoft-Dynamics-365-RGPD-Commerce-Microsoft-Dynamics-NAV-Navision-Microsoft-Softwares-4-60x60.png 60w, https:\/\/arquiconsult.com\/wp-content\/uploads\/2021\/11\/Dynamics-365-BC-Dynamics-365-Enterprise-Sales-Microsoft-Dynamics-365-RGPD-Commerce-Microsoft-Dynamics-NAV-Navision-Microsoft-Softwares-4.png 61w\" sizes=\"(max-width: 50px) 100vw, 50px\" \/>\t\n\t\t<\/div>\n\t<!-- \/image-wrap -->\n    \n    \t<\/div>\n<!-- \/module image -->\t        <\/div>\n\t    \t<\/div>\n\t\t<div  style=\"width: 85.79%\" data-lazy=\"1\" class=\"sub_column module_column tf_box col4-2 last tb_b6ig962 repeat\" > \n\t    \t    \t        <div class=\"tb-column-inner tf_box tf_w\">\n\t\t    <!-- module text -->\n<div  class=\"module module-text tb_wv1q704   \" data-lazy=\"1\">\n        <div  class=\"tb_text_wrap\">\n    <p style=\"text-align: left;\"><strong>Procedimento <\/strong><\/p>    <\/div>\n<\/div>\n<!-- \/module text --><!-- module text -->\n<div  class=\"module module-text tb_jbt5704   \" data-lazy=\"1\">\n        <div  class=\"tb_text_wrap\">\n    <p style=\"text-align: left;\">A comunica\u00e7\u00e3o ser\u00e1 feita online. Ap\u00f3s submeter a sua reclama\u00e7\u00e3o receber\u00e1 uma comunica\u00e7\u00e3o num espa\u00e7o de 5 dias comprovando que a mesma foi recebida e ser\u00e1 endere\u00e7ada para a entidade competente. Poder\u00e1 ser necess\u00e1rio entrar em contacto solicitando mais informa\u00e7\u00e3o para ajudar na investiga\u00e7\u00e3o, ou para providenciar alguma atualiza\u00e7\u00e3o na quest\u00e3o. Por favor, note que em alguns casos poder\u00e1 ser limitada a possibilidade de providenciar informa\u00e7\u00e3o que surja no \u00e2mbito da investiga\u00e7\u00e3o.<\/p>    <\/div>\n<\/div>\n<!-- \/module text -->\t        <\/div>\n\t    \t<\/div>\n\t\t    <\/div>\n\t<\/div><!-- \/themify_builder_sub_row -->\n\t\t        <\/div>\n\t    \t<\/div>\n\t\t<div  data-lazy=\"1\" class=\"module_column tb-column col4-2 last tb_tj49963 tf_box\">\n\t\t\t    \t        <div class=\"tb-column-inner tf_box tf_w\">\n\t\t    \t<div  data-lazy=\"1\" class=\"module_subrow themify_builder_sub_row repeat tb_uwdb963 tf_w tf_clearfix\">\n\t    \t\t<div class=\"subrow_inner col_align_top col-count-2 tf_box tf_w\">\n\t\t\t<div  style=\"width: 11.01%\" data-lazy=\"1\" class=\"sub_column module_column tf_box col4-2 first tb_1y95963\"> \n\t    \t    \t        <div class=\"tb-column-inner tf_box tf_w\">\n\t\t    <!-- module image -->\n<div  class=\"module module-image tb_2cm5963  image-certo image-top tf_mw\" data-lazy=\"1\">\n        <div class=\"image-wrap tf_rel tf_mw\">\n\t\t    <img loading=\"lazy\" src=\"https:\/\/arquiconsult.com\/wp-content\/uploads\/2021\/11\/Dynamics-365-BC-Dynamics-365-Enterprise-Sales-Microsoft-Dynamics-365-RGPD-Commerce-Microsoft-Dynamics-NAV-Navision-Microsoft-Softwares-4-50x50.png\" width=\"50\" height=\"50\" class=\"wp-post-image wp-image-31144\" title=\"Dynamics 365 BC-Dynamics 365 Enterprise-Sales-Microsoft Dynamics 365-RGPD-Commerce-Microsoft Dynamics NAV-Navision-Microsoft-Softwares\" alt=\"Dynamics 365 BC-Dynamics 365 Enterprise-Sales-Microsoft Dynamics 365-RGPD-Commerce-Microsoft Dynamics NAV-Navision-Microsoft-Softwares-collaborator company-compliance with GDPR-Entities Management for Dynamics 365 Business Central\" srcset=\"https:\/\/arquiconsult.com\/wp-content\/uploads\/2021\/11\/Dynamics-365-BC-Dynamics-365-Enterprise-Sales-Microsoft-Dynamics-365-RGPD-Commerce-Microsoft-Dynamics-NAV-Navision-Microsoft-Softwares-4-50x50.png 50w, https:\/\/arquiconsult.com\/wp-content\/uploads\/2021\/11\/Dynamics-365-BC-Dynamics-365-Enterprise-Sales-Microsoft-Dynamics-365-RGPD-Commerce-Microsoft-Dynamics-NAV-Navision-Microsoft-Softwares-4-60x60.png 60w, https:\/\/arquiconsult.com\/wp-content\/uploads\/2021\/11\/Dynamics-365-BC-Dynamics-365-Enterprise-Sales-Microsoft-Dynamics-365-RGPD-Commerce-Microsoft-Dynamics-NAV-Navision-Microsoft-Softwares-4.png 61w\" sizes=\"(max-width: 50px) 100vw, 50px\" \/>\t\n\t\t<\/div>\n\t<!-- \/image-wrap -->\n    \n    \t<\/div>\n<!-- \/module image -->\t        <\/div>\n\t    \t<\/div>\n\t\t<div  style=\"width: 85.79%\" data-lazy=\"1\" class=\"sub_column module_column tf_box col4-2 last tb_85gf963 repeat\" > \n\t    \t    \t        <div class=\"tb-column-inner tf_box tf_w\">\n\t\t    <!-- module text -->\n<div  class=\"module module-text tb_67t8363   \" data-lazy=\"1\">\n        <div  class=\"tb_text_wrap\">\n    <p style=\"text-align: left;\"><strong>N\u00e3o Retalia\u00e7\u00e3o<\/strong><\/p>    <\/div>\n<\/div>\n<!-- \/module text --><!-- module text -->\n<div  class=\"module module-text tb_zb6b363   \" data-lazy=\"1\">\n        <div  class=\"tb_text_wrap\">\n    <p style=\"text-align: left;\">A Arquiconsult tem como principal filosofia corporativa o escrupuloso cumprimento da lei, o respeito e a \u00e9tica laboral, encorajando a partilha e divulga\u00e7\u00e3o de condutas contr\u00e1rias \u00e0 mesma. \u00c9 dever da Arquiconsult proteger o denunciante face a quaisquer preocupa\u00e7\u00f5es de retalia\u00e7\u00e3o.<\/p>    <\/div>\n<\/div>\n<!-- \/module text -->\t        <\/div>\n\t    \t<\/div>\n\t\t    <\/div>\n\t<\/div><!-- \/themify_builder_sub_row -->\n\t\t        <\/div>\n\t    \t<\/div>\n\t\t    <\/div>\n\t    <!-- \/row_inner -->\n\t<\/div>\n\t<!-- \/module_row -->\n\t\t<!-- module_row -->\n\t<div  data-css_id=\"9lcj557\" data-lazy=\"1\" class=\"module_row themify_builder_row caixas-suporte repeat fullwidth tb_9lcj557 tf_clearfix\" >\n\t    \t\t<div class=\"row_inner col_align_top col-count-1 tf_box tf_w tf_rel\">\n\t\t\t<div  data-lazy=\"1\" class=\"module_column tb-column col-full first tb_v0wc557 tf_box\">\n\t\t\t    \t        <div class=\"tb-column-inner tf_box tf_w\">\n\t\t    \t<div  data-lazy=\"1\" class=\"module_subrow themify_builder_sub_row repeat tb_l4e7557 tf_w tf_clearfix\">\n\t    \t\t<div class=\"subrow_inner col_align_top col-count-2 tf_box tf_w\">\n\t\t\t<div  style=\"width: 11.01%\" data-lazy=\"1\" class=\"sub_column module_column tf_box col4-2 first tb_gs9l557\" > \n\t    \t    \t        <div class=\"tb-column-inner tf_box tf_w\">\n\t\t    <!-- module image -->\n<div  class=\"module module-image tb_oyvf558  image-certo image-top tf_mw\" data-lazy=\"1\">\n        <div class=\"image-wrap tf_rel tf_mw\">\n\t\t    <img loading=\"lazy\" src=\"https:\/\/arquiconsult.com\/wp-content\/uploads\/2021\/11\/Dynamics-365-BC-Dynamics-365-Enterprise-Sales-Microsoft-Dynamics-365-RGPD-Commerce-Microsoft-Dynamics-NAV-Navision-Microsoft-Softwares-4-50x50.png\" width=\"50\" height=\"50\" class=\"wp-post-image wp-image-31144\" title=\"Dynamics 365 BC-Dynamics 365 Enterprise-Sales-Microsoft Dynamics 365-RGPD-Commerce-Microsoft Dynamics NAV-Navision-Microsoft-Softwares\" alt=\"Dynamics 365 BC-Dynamics 365 Enterprise-Sales-Microsoft Dynamics 365-RGPD-Commerce-Microsoft Dynamics NAV-Navision-Microsoft-Softwares-collaborator company-compliance with GDPR-Entities Management for Dynamics 365 Business Central\" srcset=\"https:\/\/arquiconsult.com\/wp-content\/uploads\/2021\/11\/Dynamics-365-BC-Dynamics-365-Enterprise-Sales-Microsoft-Dynamics-365-RGPD-Commerce-Microsoft-Dynamics-NAV-Navision-Microsoft-Softwares-4-50x50.png 50w, https:\/\/arquiconsult.com\/wp-content\/uploads\/2021\/11\/Dynamics-365-BC-Dynamics-365-Enterprise-Sales-Microsoft-Dynamics-365-RGPD-Commerce-Microsoft-Dynamics-NAV-Navision-Microsoft-Softwares-4-60x60.png 60w, https:\/\/arquiconsult.com\/wp-content\/uploads\/2021\/11\/Dynamics-365-BC-Dynamics-365-Enterprise-Sales-Microsoft-Dynamics-365-RGPD-Commerce-Microsoft-Dynamics-NAV-Navision-Microsoft-Softwares-4.png 61w\" sizes=\"(max-width: 50px) 100vw, 50px\" \/>\t\n\t\t<\/div>\n\t<!-- \/image-wrap -->\n    \n    \t<\/div>\n<!-- \/module image -->\t        <\/div>\n\t    \t<\/div>\n\t\t<div  style=\"width: 85.79%\" data-lazy=\"1\" class=\"sub_column module_column tf_box col4-2 last tb_djuu558 repeat\" > \n\t    \t    \t        <div class=\"tb-column-inner tf_box tf_w\">\n\t\t    <!-- module text -->\n<div  class=\"module module-text tb_bt1k625   \" data-lazy=\"1\">\n        <div  class=\"tb_text_wrap\">\n    <p style=\"text-align: left;\"><strong>Objeto da den\u00fancia<\/strong><\/p>    <\/div>\n<\/div>\n<!-- \/module text --><!-- module text -->\n<div  class=\"module module-text tb_tjsc626   \" data-lazy=\"1\">\n        <div  class=\"tb_text_wrap\">\n    <p style=\"text-align: left;\">Nos termos da Lei n.\u00ba 93\/2021, de 20 de dezembro, a den\u00fancia poder\u00e1 ser realizada quando em causa estejam infra\u00e7\u00f5es relacionadas com:<\/p>\n<ul style=\"text-align: left;\">\n<li>Contrata\u00e7\u00e3o p\u00fablica;<\/li>\n<li>Servi\u00e7os, produtos e mercados financeiros e preven\u00e7\u00e3o do branqueamento de capitais e do financiamento do terrorismo;<\/li>\n<li>Seguran\u00e7a e conformidade dos produtos;<\/li>\n<li>Seguran\u00e7a dos transportes; Prote\u00e7\u00e3o do ambiente;<\/li>\n<li>Prote\u00e7\u00e3o contra radia\u00e7\u00f5es e seguran\u00e7a nuclear;<\/li>\n<li>Seguran\u00e7a dos alimentos para consumo humano e animal, sa\u00fade animal e bem-estar animal; Sa\u00fade p\u00fablica;<\/li>\n<li>Defesa do consumidor;<\/li>\n<li>Prote\u00e7\u00e3o da privacidade e dos dados pessoais e seguran\u00e7a da rede e dos sistemas de informa\u00e7\u00e3o;<\/li>\n<li>Concorr\u00eancia e aux\u00edlios estatais;<\/li>\n<li>Fiscalidade societ\u00e1ria;<\/li>\n<li>Criminalidade violenta, especialmente violenta e altamente organizada.<\/li>\n<\/ul>\n<p style=\"text-align: left;\">Bem assim, nos termos do ponto V do C\u00f3digo de Boa Conduta para a Preven\u00e7\u00e3o e Combate ao Ass\u00e9dio no Trabalho e de n\u00e3o Discrimina\u00e7\u00e3o da Arquiconsult, a den\u00fancia poder\u00e1 ser realizada quando em causa estejam infra\u00e7\u00f5es relacionadas com mat\u00e9rias de ass\u00e9dio moral e sexual em contexto laboral.<\/p>    <\/div>\n<\/div>\n<!-- \/module text -->\t        <\/div>\n\t    \t<\/div>\n\t\t    <\/div>\n\t<\/div><!-- \/themify_builder_sub_row -->\n\t\t        <\/div>\n\t    \t<\/div>\n\t\t    <\/div>\n\t    <!-- \/row_inner -->\n\t<\/div>\n\t<!-- \/module_row -->\n\t\t<!-- module_row -->\n\t<div  data-lazy=\"1\" class=\"module_row themify_builder_row repeat tb_xmag561 tf_clearfix\" >\n\t    \t\t<div class=\"row_inner col_align_top col-count-1 tf_box tf_w tf_rel\">\n\t\t\t<div  data-lazy=\"1\" class=\"module_column tb-column col-full first tb_1jui561 repeat tf_box\">\n\t\t\t    \t        <div class=\"tb-column-inner tf_box tf_w\">\n\t\t    \t<div  data-lazy=\"1\" class=\"module_subrow themify_builder_sub_row tb_ogel561 tf_w tf_clearfix\">\n\t    \t\t<div class=\"subrow_inner col_align_top gutter-narrow col-count-1 tf_box tf_w\"  data-basecol=\"1\" data-col_mobile=\"column-full\">\n\t\t\t<div  data-lazy=\"1\" class=\"sub_column module_column tf_box col-full first tb_lgr9561 repeat\" > \n\t    \t    \t        <div class=\"tb-column-inner tf_box tf_w\">\n\t\t    <!-- module buttons -->\n<div  class=\"module module-buttons tb_r2d6561 buttons-horizontal solid popmake-56561 small circle tf_textc\" data-lazy=\"1\">\n    \t<div class=\"module-buttons-item tf_inline_b\">\n\t\t\t\t\t\t\t<a href=\"#\" class=\"ui builder_button tb_default_color\" >\n\t\t\t\t\t\t\t\t\t\t\t<span class=\"tf_inline_b tf_vmiddle\">Submeter Den\u00fancia<\/span>\n\t\t\t\t\t\t\t\t\t\t\t<\/a>\n\t\t\t    \t<\/div>\n\t<\/div>\n<!-- \/module buttons -->\n\t        <\/div>\n\t    \t<\/div>\n\t\t    <\/div>\n\t<\/div><!-- \/themify_builder_sub_row -->\n\t\t        <\/div>\n\t    \t<\/div>\n\t\t    <\/div>\n\t    <!-- \/row_inner -->\n\t<\/div>\n\t<!-- \/module_row -->\n\t<\/div>\n<!--\/themify_builder_content-->","protected":false},"excerpt":{"rendered":"<p>Defini\u00e7\u00e3o A Arquiconsult \u2013 Sistemas de Informa\u00e7\u00e3o S.A., no quadro dos elevados padr\u00f5es de conduta e atua\u00e7\u00e3o que regem a sua atividade, disponibiliza um canal de den\u00fancia, nos termos previstos na legisla\u00e7\u00e3o aplic\u00e1vel, assegurando a apresenta\u00e7\u00e3o e o seguimento seguros das den\u00fancias, bem como, nomeadamente, a confidencialidade da identidade ou o anonimato dos denunciantes e [&hellip;]<\/p>\n","protected":false},"author":4,"featured_media":0,"parent":0,"menu_order":0,"comment_status":"closed","ping_status":"closed","template":"","meta":[],"acf":[],"_links":{"self":[{"href":"https:\/\/arquiconsult.com\/en\/wp-json\/wp\/v2\/pages\/56530"}],"collection":[{"href":"https:\/\/arquiconsult.com\/en\/wp-json\/wp\/v2\/pages"}],"about":[{"href":"https:\/\/arquiconsult.com\/en\/wp-json\/wp\/v2\/types\/page"}],"author":[{"embeddable":true,"href":"https:\/\/arquiconsult.com\/en\/wp-json\/wp\/v2\/users\/4"}],"replies":[{"embeddable":true,"href":"https:\/\/arquiconsult.com\/en\/wp-json\/wp\/v2\/comments?post=56530"}],"version-history":[{"count":0,"href":"https:\/\/arquiconsult.com\/en\/wp-json\/wp\/v2\/pages\/56530\/revisions"}],"wp:attachment":[{"href":"https:\/\/arquiconsult.com\/en\/wp-json\/wp\/v2\/media?parent=56530"}],"curies":[{"name":"wp","href":"https:\/\/api.w.org\/{rel}","templated":true}]}}