{"id":65627,"date":"2024-06-20T17:32:27","date_gmt":"2024-06-20T16:32:27","guid":{"rendered":"https:\/\/arquiconsult.com\/?page_id=65627"},"modified":"2024-06-20T17:32:27","modified_gmt":"2024-06-20T16:32:27","slug":"video-library-2","status":"publish","type":"page","link":"https:\/\/arquiconsult.com\/en\/video-library-2\/","title":{"rendered":"Video Library"},"content":{"rendered":"<!--themify_builder_content-->\n<div id=\"themify_builder_content-65627\" data-postid=\"65627\" class=\"themify_builder_content themify_builder_content-65627 themify_builder tf_clear\">\n    \t<!-- module_row -->\n\t<div  data-css_id=\"uzz1797\" data-sticky-active=\"{&quot;d&quot;:{&quot;stick&quot;:{&quot;v&quot;:&quot;117&quot;},&quot;unstick&quot;:{&quot;type&quot;:&quot;builder&quot;}}}\" data-lazy=\"1\" class=\"module_row themify_builder_row repeat fullwidth tb_gs42925f9 tb_uzz1797 tb_first tf_clearfix hide-mobile\" >\n\t    \t\t<div class=\"row_inner col_align_top col-count-1 tf_box tf_w tf_rel\">\n\t\t\t<div  data-lazy=\"1\" class=\"module_column tb-column col-full first tb_qkj3802 repeat tf_box\">\n\t\t\t    \t        <div class=\"tb-column-inner tf_box tf_w\">\n\t\t    <!-- module menu -->\n<div  class=\"module module-menu tb_att7804 menutabtop tb_gs42925f9 mobile-menu-slide tf_textc\" data-menu-style=\"mobile-menu-slide\" data-gs=\"tb_gs42925f9\" data-menu-breakpoint=\"0\" data-element-id=\"tb_att7804\" data-lazy=\"1\">\n    \t\n\t<div class=\"module-menu-container tf_textc\"><ul id=\"menu-menu-news-en\" class=\"ui tf_clearfix nav tf_rel fullwidth blue \"><li id=\"menu-item-19950\" class=\"menu-item-category-1163 menu-item menu-item-type-taxonomy menu-item-object-category menu-item-19950\"><a href=\"https:\/\/arquiconsult.com\/en\/business-articles\/\">Business Articles<\/a><\/li>\n<li id=\"menu-item-41559\" class=\"menu-item-category-2146 menu-item menu-item-type-taxonomy menu-item-object-category menu-item-41559\"><a href=\"https:\/\/arquiconsult.com\/en\/client-press-releases-en\/\">Press Releases<\/a><\/li>\n<li id=\"menu-item-19945\" class=\"menu-item-category-1165 menu-item menu-item-type-taxonomy menu-item-object-category menu-item-19945\"><a href=\"https:\/\/arquiconsult.com\/en\/actions-events\/\">Actions &amp; Events<\/a><\/li>\n<li id=\"menu-item-40220\" class=\"menu-item-category-2127 menu-item menu-item-type-taxonomy menu-item-object-category menu-item-40220\"><a href=\"https:\/\/arquiconsult.com\/en\/legal-updates-en\/\">Legal Updates<\/a><\/li>\n<li id=\"menu-item-38657\" class=\"menu-item-category-2102 menu-item menu-item-type-taxonomy menu-item-object-category menu-item-38657\"><a href=\"https:\/\/arquiconsult.com\/en\/arquinews-en\/\">ArquiNews<\/a><\/li>\n<li id=\"menu-item-38650\" class=\"menu-item-category-2099 menu-item menu-item-type-taxonomy menu-item-object-category menu-item-38650\"><a href=\"https:\/\/arquiconsult.com\/en\/arquitips-en-2\/\">ArquiTips<\/a><\/li>\n<li id=\"menu-item-37242\" class=\"menu-item-page-19941 menu-item menu-item-type-post_type menu-item-object-page menu-item-37242\"><a href=\"https:\/\/arquiconsult.com\/en\/video-library\/\">Video Library<\/a><\/li>\n<\/ul><\/div>\t\t<style>\n\t\t\t.mobile-menu-module[data-module=\"tb_att7804\"] {\n\t\t\t\tright: -300px;\n\t\t\t}\n\t\t<\/style>\n\t<\/div>\n<!-- \/module menu -->\n\t        <\/div>\n\t    \t<\/div>\n\t\t    <\/div>\n\t    <!-- \/row_inner -->\n\t<\/div>\n\t<!-- \/module_row -->\n\t\t<!-- module_row -->\n\t<div  data-css_id=\"q5en814\" data-lazy=\"1\" class=\"module_row themify_builder_row menu-top-mobile-news fullwidth tb_q5en814 tf_clearfix hide-desktop hide-tablet hide-tablet_landscape\" >\n\t    \t\t<div class=\"row_inner col_align_top col-count-1 tf_box tf_w tf_rel\">\n\t\t\t<div  data-lazy=\"1\" class=\"module_column tb-column col-full first tb_z13y814 tf_box\">\n\t\t\t    \t        <div class=\"tb-column-inner tf_box tf_w\">\n\t\t    <!-- module menu -->\n<div  class=\"module module-menu tb_ebo8626  tb_gs42925f9 mobile-menu-slide tf_textc\" data-menu-style=\"mobile-menu-slide\" data-gs=\"tb_gs42925f9\" data-menu-breakpoint=\"0\" data-element-id=\"tb_ebo8626\" data-lazy=\"1\">\n    \t\n\t<div class=\"module-menu-container tf_textc\"><ul id=\"menu-menu-news-en-1\" class=\"ui tf_clearfix nav tf_rel fullwidth blue \"><li class=\"menu-item-category-1163 menu-item menu-item-type-taxonomy menu-item-object-category menu-item-19950\"><a href=\"https:\/\/arquiconsult.com\/en\/business-articles\/\">Business Articles<\/a><\/li>\n<li class=\"menu-item-category-2146 menu-item menu-item-type-taxonomy menu-item-object-category menu-item-41559\"><a href=\"https:\/\/arquiconsult.com\/en\/client-press-releases-en\/\">Press Releases<\/a><\/li>\n<li class=\"menu-item-category-1165 menu-item menu-item-type-taxonomy menu-item-object-category menu-item-19945\"><a href=\"https:\/\/arquiconsult.com\/en\/actions-events\/\">Actions &amp; Events<\/a><\/li>\n<li class=\"menu-item-category-2127 menu-item menu-item-type-taxonomy menu-item-object-category menu-item-40220\"><a href=\"https:\/\/arquiconsult.com\/en\/legal-updates-en\/\">Legal Updates<\/a><\/li>\n<li class=\"menu-item-category-2102 menu-item menu-item-type-taxonomy menu-item-object-category menu-item-38657\"><a href=\"https:\/\/arquiconsult.com\/en\/arquinews-en\/\">ArquiNews<\/a><\/li>\n<li class=\"menu-item-category-2099 menu-item menu-item-type-taxonomy menu-item-object-category menu-item-38650\"><a href=\"https:\/\/arquiconsult.com\/en\/arquitips-en-2\/\">ArquiTips<\/a><\/li>\n<li class=\"menu-item-page-19941 menu-item menu-item-type-post_type menu-item-object-page menu-item-37242\"><a href=\"https:\/\/arquiconsult.com\/en\/video-library\/\">Video Library<\/a><\/li>\n<\/ul><\/div>\t\t<style>\n\t\t\t.mobile-menu-module[data-module=\"tb_ebo8626\"] {\n\t\t\t\tright: -300px;\n\t\t\t}\n\t\t<\/style>\n\t<\/div>\n<!-- \/module menu -->\n\t        <\/div>\n\t    \t<\/div>\n\t\t    <\/div>\n\t    <!-- \/row_inner -->\n\t<\/div>\n\t<!-- \/module_row -->\n\t\t<!-- module_row -->\n\t<div  data-css_id=\"ilow957\" data-lazy=\"1\" class=\"module_row themify_builder_row fullwidth_row_container tb_ilow957 tf_clearfix hide-desktop hide-tablet hide-tablet_landscape hide-mobile\" >\n\t    \t\t<div class=\"row_inner col_align_top gutter-narrow col-count-1 tf_box tf_w tf_rel\">\n\t\t\t<div  data-lazy=\"1\" class=\"module_column tb-column col-full first tb_r5ar957 tf_box\">\n\t\t\t    \t        <div class=\"tb-column-inner tf_box tf_w\">\n\t\t    <!-- module text -->\n<div  class=\"module module-text tb_737i855   \" data-lazy=\"1\">\n        <div  class=\"tb_text_wrap\">\n    <h2>Video Library<\/h2>    <\/div>\n<\/div>\n<!-- \/module text -->\t        <\/div>\n\t    \t<\/div>\n\t\t    <\/div>\n\t    <!-- \/row_inner -->\n\t<\/div>\n\t<!-- \/module_row -->\n\t\t<!-- module_row -->\n\t<div  data-css_id=\"vj4l996\" data-lazy=\"1\" class=\"module_row themify_builder_row fullwidth_row_container tb_vj4l996 tf_clearfix\" >\n\t    \t\t<div class=\"row_inner col_align_top gutter-narrow col-count-1 tf_box tf_w tf_rel\">\n\t\t\t<div  data-lazy=\"1\" class=\"module_column tb-column col-full first tb_wzk9996 tf_box\">\n\t\t\t    \t        <div class=\"tb-column-inner tf_box tf_w\">\n\t\t    <!-- module plain text -->\n<div  class=\"module module-plain-text tb_snhv997 margin980px hide-desktop hide-tablet hide-tablet_landscape hide-mobile\" data-lazy=\"1\">\n        <div class=\"tb_text_wrap\">\n\t<nav aria-label=\"breadcrumbs\" class=\"rank-math-breadcrumb\"><p><span class=\"last\">Arquiconsult.es<\/span><\/p><\/nav>    <\/div>\n<\/div>\n<!-- \/module plain text --><!-- module text -->\n<div  class=\"module module-text tb_r6pr997   \" data-lazy=\"1\">\n        <div  class=\"tb_text_wrap\">\n    <h1>Video Library<\/h1>    <\/div>\n<\/div>\n<!-- \/module text -->\t        <\/div>\n\t    \t<\/div>\n\t\t    <\/div>\n\t    <!-- \/row_inner -->\n\t<\/div>\n\t<!-- \/module_row -->\n\t\t<!-- module_row -->\n\t<div  data-lazy=\"1\" class=\"module_row themify_builder_row img-video-library tb_jjoc170 tf_clearfix\" >\n\t    \t\t<div class=\"row_inner col_align_top col-count-5 tf_box tf_w tf_rel\">\n\t\t\t<div  data-lazy=\"1\" class=\"module_column tb-column col5-1 first tb_u6nl171 tf_box\">\n\t\t\t    \t        <div class=\"tb-column-inner tf_box tf_w\">\n\t\t    <!-- module image -->\n<div  class=\"module module-image tb_8cp9171   image-center tf_mw wow\" data-tf-animation=\"pulse\" data-lazy=\"1\">\n        <div class=\"image-wrap tf_rel tf_mw\">\n\t\t    <a href=\"https:\/\/arquiconsult.com\/arquiconsult-clientes-e-parceiros\/\"\n\t       \t       >\n\t\t   \t\t<img loading=\"lazy\" src=\"https:\/\/arquiconsult.com\/wp-content\/uploads\/2021\/06\/clientes-e-parceiros-2-150x150.png\" width=\"150\" height=\"150\" class=\"wp-post-image wp-image-14292\" title=\"clientes-e-parceiros\" alt=\"arquiconsult clientes e parceiros\">\t    <\/a>\n\t\n\t\t<\/div>\n\t<!-- \/image-wrap -->\n    \n    \t<\/div>\n<!-- \/module image --><!-- module text -->\n<div  class=\"module module-text tb_9592171  repeat \" data-lazy=\"1\">\n        <div  class=\"tb_text_wrap\">\n    <p style=\"text-align: center; text-decoration: none;\"><a href=\"https:\/\/arquiconsult.com\/arquiconsult-clientes-e-parceiros\/\" data-wplink-edit=\"true\">Arquiconsult &#8211;<br \/>Customers and Partners<\/a><\/p>    <\/div>\n<\/div>\n<!-- \/module text -->\t        <\/div>\n\t    \t<\/div>\n\t\t<div  data-lazy=\"1\" style=\"width: 17.55%\" class=\"module_column tb-column col5-1 second tb_i2h5758 tf_box\">\n\t\t\t    \t        <div class=\"tb-column-inner tf_box tf_w\">\n\t\t    <!-- module image -->\n<div  class=\"module module-image tb_d2bt758   image-center tf_mw wow\" data-tf-animation=\"pulse\" data-lazy=\"1\">\n        <div class=\"image-wrap tf_rel tf_mw\">\n\t\t    <a href=\"https:\/\/arquiconsult.com\/en\/arquiconsult-events\/\"\n\t       \t       >\n\t\t   \t\t<img loading=\"lazy\" src=\"https:\/\/arquiconsult.com\/wp-content\/uploads\/2021\/06\/Eventos-1-150x150.png\" width=\"150\" height=\"150\" class=\"wp-post-image wp-image-14295\" title=\"Eventos\" alt=\"arquiconsult eventos\">\t    <\/a>\n\t\n\t\t<\/div>\n\t<!-- \/image-wrap -->\n    \n    \t<\/div>\n<!-- \/module image --><!-- module text -->\n<div  class=\"module module-text tb_cfrx758  repeat \" data-lazy=\"1\">\n        <div  class=\"tb_text_wrap\">\n    <p style=\"text-align: center; text-decoration: none;\"><a href=\"https:\/\/arquiconsult.com\/arquiconsult-eventos\/\">Arquiconsult &#8211; Events<\/a><\/p>\n    <\/div>\n<\/div>\n<!-- \/module text -->\t        <\/div>\n\t    \t<\/div>\n\t\t<div  data-lazy=\"1\" style=\"width: 17.99%\" class=\"module_column tb-column col5-1 third tb_r76m91 tf_box\">\n\t\t\t    \t        <div class=\"tb-column-inner tf_box tf_w\">\n\t\t    <!-- module image -->\n<div  class=\"module module-image tb_outj47   image-center tf_mw wow\" data-tf-animation=\"pulse\" data-lazy=\"1\">\n        <div class=\"image-wrap tf_rel tf_mw\">\n\t\t    <a href=\"https:\/\/arquiconsult.com\/arquiconsult-quem-somos\/\"\n\t       \t       >\n\t\t   \t\t<img loading=\"lazy\" src=\"https:\/\/arquiconsult.com\/wp-content\/uploads\/2021\/06\/quem-somos-1-150x150.png\" width=\"150\" height=\"150\" class=\"wp-post-image wp-image-14286\" title=\"quem-somos\" alt=\"arquiconsult quem somos\">\t    <\/a>\n\t\n\t\t<\/div>\n\t<!-- \/image-wrap -->\n    \n    \t<\/div>\n<!-- \/module image --><!-- module text -->\n<div  class=\"module module-text tb_yfxj47  repeat \" data-lazy=\"1\">\n        <div  class=\"tb_text_wrap\">\n    <p style=\"text-align: center; text-decoration: none;\"><a href=\"https:\/\/arquiconsult.com\/arquiconsult-quem-somos\/\" data-wplink-edit=\"true\">Arquiconsult &#8211;<br \/>Who We Are<\/a><\/p>    <\/div>\n<\/div>\n<!-- \/module text -->\t        <\/div>\n\t    \t<\/div>\n\t\t<div  data-lazy=\"1\" style=\"width: 16.45%\" class=\"module_column tb-column col5-1 fourth tb_wgkc802 tf_box\">\n\t\t\t    \t        <div class=\"tb-column-inner tf_box tf_w\">\n\t\t    <!-- module image -->\n<div  class=\"module module-image tb_kykf804   image-center tf_mw hide-on-stick wow\" data-tf-animation=\"pulse\" data-lazy=\"1\">\n        <div class=\"image-wrap tf_rel tf_mw\">\n\t\t    <a href=\"https:\/\/arquiconsult.com\/arquiconsult-a-nossa-oferta\/\"\n\t       \t       >\n\t\t   \t\t<img loading=\"lazy\" src=\"https:\/\/arquiconsult.com\/wp-content\/uploads\/2021\/09\/nossa-oferta1-150x150.png\" width=\"150\" height=\"150\" class=\"wp-post-image wp-image-22716\" title=\"nossa-oferta1\" alt=\"nossa-oferta1\">\t    <\/a>\n\t\n\t\t<\/div>\n\t<!-- \/image-wrap -->\n    \n    \t<\/div>\n<!-- \/module image --><!-- module text -->\n<div  class=\"module module-text tb_86nr804  repeat \" data-lazy=\"1\">\n        <div  class=\"tb_text_wrap\">\n    <p style=\"text-align: center; text-decoration: none;\"><a href=\"https:\/\/arquiconsult.com\/arquiconsult-a-nossa-oferta\/\" data-wplink-edit=\"true\">Arquiconsult &#8211;<br \/>Our Offer<\/a><\/p>    <\/div>\n<\/div>\n<!-- \/module text -->\t        <\/div>\n\t    \t<\/div>\n\t\t<div  data-lazy=\"1\" style=\"width: 17.77%\" class=\"module_column tb-column col5-1 last tb_e8cv46 tf_box\">\n\t\t\t    \t<\/div>\n\t\t    <\/div>\n\t    <!-- \/row_inner -->\n\t<\/div>\n\t<!-- \/module_row -->\n\t\t<!-- module_row -->\n\t<div  data-lazy=\"1\" class=\"module_row themify_builder_row tb_yhtt29 tf_clearfix\" >\n\t    \t\t<div class=\"row_inner col_align_top col-count-1 tf_box tf_w tf_rel\">\n\t\t\t<div  data-lazy=\"1\" class=\"module_column tb-column col-full first tb_3dmd30 tf_box\">\n\t\t\t    \t        <div class=\"tb-column-inner tf_box tf_w\">\n\t\t    <!-- module image -->\n<div  class=\"module module-image tb_t4i692   image-center tf_mw hide-desktop hide-tablet hide-tablet_landscape hide-mobile wow\" data-tf-animation=\"pulse\" data-lazy=\"1\">\n        <div class=\"image-wrap tf_rel tf_mw\">\n\t\t    <a href=\"https:\/\/arquiconsult.com\/arquiconsult-better-together\/\"\n\t       \t       >\n\t\t   \t\t<img loading=\"lazy\" src=\"https:\/\/arquiconsult.com\/wp-content\/uploads\/2021\/06\/better-together-1-150x150.png\" width=\"150\" height=\"150\" class=\"wp-post-image wp-image-14289\" title=\"better-together\" alt=\"arquiconsult better together\">\t    <\/a>\n\t\n\t\t<\/div>\n\t<!-- \/image-wrap -->\n    \n    \t<\/div>\n<!-- \/module image --><!-- module text -->\n<div  class=\"module module-text tb_6b1t93  repeat  hide-desktop hide-tablet hide-tablet_landscape hide-mobile\" data-lazy=\"1\">\n        <div  class=\"tb_text_wrap\">\n    <p style=\"text-align: center; text-decoration: none;\"><a href=\"https:\/\/arquiconsult.com\/arquiconsult-better-together\/\">Arquiconsult &#8211;<br \/>Better Together<\/a><\/p>    <\/div>\n<\/div>\n<!-- \/module text -->\t        <\/div>\n\t    \t<\/div>\n\t\t    <\/div>\n\t    <!-- \/row_inner -->\n\t<\/div>\n\t<!-- \/module_row -->\n\t<\/div>\n<!--\/themify_builder_content-->","protected":false},"excerpt":{"rendered":"<p>Business Articles Press Releases A\u00e7\u00f5es &amp; Eventos Atualiza\u00e7\u00f5es Legais ArquiNews ArquiTips Videoteca Business Articles Press Releases A\u00e7\u00f5es &amp; Eventos Atualiza\u00e7\u00f5es Legais ArquiNews ArquiTips Videoteca Video Library Video Library Arquiconsult &#8211; Customers and Partners Arquiconsult &#8211; Events Arquiconsult &#8211; Who We Are Arquiconsult &#8211; Our Offer Arquiconsult &#8211; Better Together<\/p>\n","protected":false},"author":4,"featured_media":0,"parent":0,"menu_order":0,"comment_status":"closed","ping_status":"closed","template":"","meta":[],"acf":[],"_links":{"self":[{"href":"https:\/\/arquiconsult.com\/en\/wp-json\/wp\/v2\/pages\/65627"}],"collection":[{"href":"https:\/\/arquiconsult.com\/en\/wp-json\/wp\/v2\/pages"}],"about":[{"href":"https:\/\/arquiconsult.com\/en\/wp-json\/wp\/v2\/types\/page"}],"author":[{"embeddable":true,"href":"https:\/\/arquiconsult.com\/en\/wp-json\/wp\/v2\/users\/4"}],"replies":[{"embeddable":true,"href":"https:\/\/arquiconsult.com\/en\/wp-json\/wp\/v2\/comments?post=65627"}],"version-history":[{"count":0,"href":"https:\/\/arquiconsult.com\/en\/wp-json\/wp\/v2\/pages\/65627\/revisions"}],"wp:attachment":[{"href":"https:\/\/arquiconsult.com\/en\/wp-json\/wp\/v2\/media?parent=65627"}],"curies":[{"name":"wp","href":"https:\/\/api.w.org\/{rel}","templated":true}]}}