{"id":92428,"date":"2025-03-06T10:42:31","date_gmt":"2025-03-06T10:42:31","guid":{"rendered":"https:\/\/arquiconsult.com\/?page_id=92428"},"modified":"2025-03-06T10:48:33","modified_gmt":"2025-03-06T10:48:33","slug":"libera-el-poder-de-la-ia","status":"publish","type":"page","link":"https:\/\/arquiconsult.com\/en\/libera-el-poder-de-la-ia\/","title":{"rendered":"Libera el Poder de la IA"},"content":{"rendered":"<!--themify_builder_content-->\n<div id=\"themify_builder_content-92428\" data-postid=\"92428\" class=\"themify_builder_content themify_builder_content-92428 themify_builder tf_clear\">\n    \t<!-- module_row -->\n\t<div  data-css_id=\"c668857\" data-lazy=\"1\" class=\"module_row themify_builder_row fullcover fullwidth_row_container tb_c668857 tb_first tf_clearfix wow\" data-tf-animation=\"fadeInUp\" >\n\t    <div class=\"builder_row_cover tf_abs\"><\/div>\t\t<div class=\"row_inner col_align_top col-count-1 tf_box tf_w tf_rel\"  data-basecol=\"1\" data-col_mobile=\"column-full\">\n\t\t\t<div  data-lazy=\"1\" class=\"module_column tb-column col-full first tb_bjdo857 repeat tf_box\">\n\t\t\t    \t        <div class=\"tb-column-inner tf_box tf_w\">\n\t\t    <!-- module text -->\n<div  class=\"module module-text tb_bymz857  repeat \" data-lazy=\"1\">\n        <div  class=\"tb_text_wrap\">\n        <\/div>\n<\/div>\n<!-- \/module text -->\t        <\/div>\n\t    \t<\/div>\n\t\t    <\/div>\n\t    <!-- \/row_inner -->\n\t<\/div>\n\t<!-- \/module_row -->\n\t\t<!-- module_row -->\n\t<div  data-anchor=\"form\" data-hide-anchor=\"1\" data-css_id=\"x7b1191\" data-lazy=\"1\" class=\"module_row themify_builder_row repeat fullwidth tb_has_section tb_section-form tb_x7b1191 tf_clearfix\" >\n\t    \t\t<div class=\"row_inner col_align_top col-count-1 tf_box tf_w tf_rel\">\n\t\t\t<div  data-lazy=\"1\" class=\"module_column tb-column col-full first tb_khcf191 repeat tf_box\">\n\t\t\t    \t        <div class=\"tb-column-inner tf_box tf_w\">\n\t\t    \t<div  data-lazy=\"1\" class=\"module_subrow themify_builder_sub_row tb_twfj191 tf_w tf_clearfix\">\n\t    \t\t<div class=\"subrow_inner col_align_top gutter-none col-count-2 tf_box tf_w\"  data-basecol=\"2\" data-col_tablet_landscape=\"column-full\" data-col_mobile=\"column-full\">\n\t\t\t<div  style=\"width: 51.52%\" data-lazy=\"1\" class=\"sub_column module_column tf_box col4-2 first tb_ca5e192 fullcover\" > \n\t    \t    \t        <div class=\"tb-column-inner tf_box tf_w\">\n\t\t    <!-- module text -->\n<div  class=\"module module-text tb_dg2p192  repeat  wow\" data-tf-animation=\"pulse\" data-lazy=\"1\">\n        <div  class=\"tb_text_wrap\">\n    <h1 style=\"text-align: left;\">\u00a1No pierdas la oportunidad de unirte a nosotros en este evento!<\/h1>    <\/div>\n<\/div>\n<!-- \/module text --><!-- module buttons -->\n<div  class=\"module module-buttons tb_dax3192 buttons-horizontal transparent  large circle tf_textl\" data-lazy=\"1\">\n    \t<div class=\"module-buttons-item tf_inline_b\">\n\t\t\t\t\t\t\t<a href=\"https:\/\/forms.office.com\/e\/J3QRLjRAub\" class=\"ui builder_button tb_default_color\" target=\"_blank\" rel=\"noopener\">\n\t\t\t\t\t\t\t\t\t\t\t<span class=\"tf_inline_b tf_vmiddle\">INSCRIBETE<\/span>\n\t\t\t\t\t\t\t\t\t\t\t<\/a>\n\t\t\t    \t<\/div>\n\t<\/div>\n<!-- \/module buttons -->\n\t        <\/div>\n\t    \t<\/div>\n\t\t<div  style=\"width: 48.48%\" data-lazy=\"1\" class=\"sub_column module_column tf_box col4-2 last tb_2wg1192 fullcover\" > \n\t    \t    \t        <div class=\"tb-column-inner tf_box tf_w\">\n\t\t    <!-- module text -->\n<div  class=\"module module-text tb_fksg192  repeat  wow\" data-tf-animation=\"pulse\" data-lazy=\"1\">\n        <div  class=\"tb_text_wrap\">\n    <p style=\"text-align: left;\"><strong>El pr\u00f3ximo d\u00eda 6 de marzo, no pierdas la oportunidad de unirte a nosotros. Impulsamos v\u00e1rias sesiones dedicadas a la evoluci\u00f3n tecnol\u00f3gica de las soluciones de Microsoft y c\u00f3mo \u00e9stas pueden impulsar tu negocio. Todo lo que necesitas saber sobre IA para preparar tu empresa para el futuro.<\/strong><\/p>    <\/div>\n<\/div>\n<!-- \/module text -->\t        <\/div>\n\t    \t<\/div>\n\t\t    <\/div>\n\t<\/div><!-- \/themify_builder_sub_row -->\n\t\t        <\/div>\n\t    \t<\/div>\n\t\t    <\/div>\n\t    <!-- \/row_inner -->\n\t<\/div>\n\t<!-- \/module_row -->\n\t\t<!-- module_row -->\n\t<div  data-anchor=\"hub\" data-hide-anchor=\"1\" data-css_id=\"f9dl860\" data-lazy=\"1\" class=\"module_row themify_builder_row repeat fullwidth tb_has_section tb_section-hub tb_f9dl860 tf_clearfix wow\" data-tf-animation=\"fadeInUp\" >\n\t    \t\t<div class=\"row_inner col_align_top col-count-1 tf_box tf_w tf_rel\">\n\t\t\t<div  data-lazy=\"1\" class=\"module_column tb-column col-full first tb_pi9x861 tf_box\">\n\t\t\t    \t        <div class=\"tb-column-inner tf_box tf_w\">\n\t\t    <!-- module text -->\n<div  class=\"module module-text tb_gv8r861  repeat \" data-lazy=\"1\">\n        <div  class=\"tb_text_wrap\">\n    <h2 style=\"text-align: center;\"><strong>Desbloquea tus desaf\u00edos de Transformaci\u00f3n digital<\/strong><\/h2>    <\/div>\n<\/div>\n<!-- \/module text -->\t        <\/div>\n\t    \t<\/div>\n\t\t    <\/div>\n\t    <!-- \/row_inner -->\n\t<\/div>\n\t<!-- \/module_row -->\n\t\t<!-- module_row -->\n\t<div  data-css_id=\"j9p3378\" data-lazy=\"1\" class=\"module_row themify_builder_row repeat fullwidth tb_j9p3378 tf_clearfix\" >\n\t    \t\t<div class=\"row_inner col_align_top gutter-narrow col-count-4 tf_box tf_w tf_rel\"  data-basecol=\"4\" data-col_mobile=\"column-full\">\n\t\t\t<div  data-lazy=\"1\" class=\"module_column tb-column col4-1 first tb_tto8378 repeat tf_box\">\n\t\t\t    \t        <div class=\"tb-column-inner tf_box tf_w\">\n\t\t    <!-- module image -->\n<div  class=\"module module-image tb_ptve378   image-center tf_mw wow\" data-tf-animation=\"slideInLeft\" data-tf-animation_delay=\".5\" data-lazy=\"1\">\n        <div class=\"image-wrap tf_rel tf_mw\">\n\t\t    \t\n\t\t<\/div>\n\t<!-- \/image-wrap -->\n    \n    \t<div class=\"image-content\">\n\t    \t\t\t<h3 class=\"image-title\">\n\t\t\t\t\t\t\t\t\t\u00bfEstas buscando un socio con experiencia global y presencia local para implementar tu transformaci\u00f3n digital?\t\t\t\t\t\t\t<\/h3>\n\t    \n\t    \t<\/div>\n\t<!-- \/image-content -->\n    \t<\/div>\n<!-- \/module image -->\t        <\/div>\n\t    \t<\/div>\n\t\t<div  data-lazy=\"1\" class=\"module_column tb-column col4-1 second tb_2szw378 tf_box\">\n\t\t\t    \t        <div class=\"tb-column-inner tf_box tf_w\">\n\t\t    <!-- module image -->\n<div  class=\"module module-image tb_po8y378   image-center tf_mw wow\" data-tf-animation=\"slideInLeft\" data-lazy=\"1\">\n        <div class=\"image-wrap tf_rel tf_mw\">\n\t\t    \t\n\t\t<\/div>\n\t<!-- \/image-wrap -->\n    \n    \t<div class=\"image-content\">\n\t    \t\t\t<h3 class=\"image-title\">\n\t\t\t\t\t\t\t\t\t\u00bfTe enfrentas a desaf\u00edos para escalar tus operaciones y descubrir soluciones que realmente se ajusten a ti?\t\t\t\t\t\t\t<\/h3>\n\t    \n\t    \t<\/div>\n\t<!-- \/image-content -->\n    \t<\/div>\n<!-- \/module image -->\t        <\/div>\n\t    \t<\/div>\n\t\t<div  data-lazy=\"1\" class=\"module_column tb-column col4-1 third tb_vw3b379 tf_box\">\n\t\t\t    \t        <div class=\"tb-column-inner tf_box tf_w\">\n\t\t    <!-- module image -->\n<div  class=\"module module-image tb_n2ix379   image-center tf_mw wow\" data-tf-animation=\"slideInRight\" data-lazy=\"1\">\n        <div class=\"image-wrap tf_rel tf_mw\">\n\t\t    \t\n\t\t<\/div>\n\t<!-- \/image-wrap -->\n    \n    \t<div class=\"image-content\">\n\t    \t\t\t<h3 class=\"image-title\">\n\t\t\t\t\t\t\t\t\t\u00bfQuieres potenciar la eficiencia operativa con la IA y maximizar la ventajas de las soluciones en la nube?\t\t\t\t\t\t\t<\/h3>\n\t    \n\t    \t<\/div>\n\t<!-- \/image-content -->\n    \t<\/div>\n<!-- \/module image -->\t        <\/div>\n\t    \t<\/div>\n\t\t<div  data-lazy=\"1\" class=\"module_column tb-column col4-1 last tb_0trf379 tf_box\">\n\t\t\t    \t        <div class=\"tb-column-inner tf_box tf_w\">\n\t\t    <!-- module image -->\n<div  class=\"module module-image tb_iw01379   image-center tf_mw wow\" data-tf-animation=\"slideInRight\" data-lazy=\"1\">\n        <div class=\"image-wrap tf_rel tf_mw\">\n\t\t    \t\n\t\t<\/div>\n\t<!-- \/image-wrap -->\n    \n    \t<div class=\"image-content\">\n\t    \t\t\t<h3 class=\"image-title\">\n\t\t\t\t\t\t\t\t\t\u00bfQuieres mejorar la seguridad, privacidad y fiabilidad de almacenamiento de tus datos empresariales sensibles en una estructura altamente segura?\t\t\t\t\t\t\t<\/h3>\n\t    \n\t    \t<\/div>\n\t<!-- \/image-content -->\n    \t<\/div>\n<!-- \/module image -->\t        <\/div>\n\t    \t<\/div>\n\t\t    <\/div>\n\t    <!-- \/row_inner -->\n\t<\/div>\n\t<!-- \/module_row -->\n\t\t<!-- module_row -->\n\t<div  data-css_id=\"7myy420\" data-lazy=\"1\" class=\"module_row themify_builder_row fullcover fullwidth tb_7myy420 tf_clearfix hide-mobile wow\" data-tf-animation=\"pulse\" >\n\t    \t\t<div class=\"row_inner col_align_top col-count-1 tf_box tf_w tf_rel\">\n\t\t\t<div  data-lazy=\"1\" class=\"module_column tb-column col-full first tb_hfvc420 tf_box\">\n\t\t\t    \t<\/div>\n\t\t    <\/div>\n\t    <!-- \/row_inner -->\n\t<\/div>\n\t<!-- \/module_row -->\n\t\t<!-- module_row -->\n\t<div  data-anchor=\"hub\" data-hide-anchor=\"1\" data-css_id=\"btu9753\" data-lazy=\"1\" class=\"module_row themify_builder_row repeat fullwidth tb_has_section tb_section-hub tb_btu9753 tf_clearfix\" >\n\t    \t\t<div class=\"row_inner col_align_top col-count-1 tf_box tf_w tf_rel\">\n\t\t\t<div  data-lazy=\"1\" class=\"module_column tb-column col-full first tb_jjge753 tf_box\">\n\t\t\t    \t        <div class=\"tb-column-inner tf_box tf_w\">\n\t\t    <!-- module text -->\n<div  class=\"module module-text tb_rn42753  repeat \" data-lazy=\"1\">\n        <div  class=\"tb_text_wrap\">\n    <h1 style=\"text-align: center;\"><strong>AGENDA<\/strong><\/h1>    <\/div>\n<\/div>\n<!-- \/module text -->\t        <\/div>\n\t    \t<\/div>\n\t\t    <\/div>\n\t    <!-- \/row_inner -->\n\t<\/div>\n\t<!-- \/module_row -->\n\t\t<!-- module_row -->\n\t<div  data-css_id=\"d6mt701\" data-lazy=\"1\" class=\"module_row themify_builder_row repeat fullwidth tb_d6mt701 tf_clearfix\" >\n\t    \t\t<div class=\"row_inner col_align_top col-count-2 tf_box tf_w tf_rel\"  data-basecol=\"2\" data-col_tablet_landscape=\"column-full\" data-col_mobile=\"column-full\">\n\t\t\t<div  data-lazy=\"1\" style=\"width: 54.83%\" class=\"module_column tb-column col4-2 first tb_446p701 repeat tf_box\">\n\t\t\t    \t        <div class=\"tb-column-inner tf_box tf_w\">\n\t\t    <!-- module text -->\n<div  class=\"module module-text tb_fy49701  repeat  wow\" data-tf-animation=\"slideInRight\" data-lazy=\"1\">\n        <div  class=\"tb_text_wrap\">\n    <p><strong>09h30: Acreditaci\u00f3n<\/strong><\/p><p><strong>10h00: Apertura<\/strong><\/p><p><em>Marco Ordelman &#8211; Arquiconsult Country Manager<\/em><\/p><p><strong>10h05: Session 1<br \/><\/strong><strong>Microsoft Solution Roadmap<\/strong><\/p><p><em>Marta Pons\u00a0&#8211; Microsoft Partner Solution Sales:\u00a0SMB BizApps channel<\/em><\/p><p><strong>10h30: Session 2:\u00a0<br \/><\/strong><strong>Copilot en Business Central: como las operaciones de tu negocio se simplifican con la IA<\/strong><\/p><p>(Demonstraciones de Copilot)<\/p><p><em>Juan Sanchez &#8211; Arquiconsult Technical Manager<\/em><\/p><p><strong>11h10: Coffee Break<\/strong><\/p><p><strong>11h40: Session 3:<\/strong><br \/><strong>\u00bfPor qu\u00e9 debo pasar al Cloud?<\/strong><\/p><p><em>Santi Ureta &#8211; Arquiconsult Business Development &amp; Account Manager\u00a0<\/em><\/p><p><strong>La puerta de entrada a la revoluci\u00f3n de tu negocio<\/strong><\/p><p><em>Fernando Camp\u00f3n P\u00e9rez &#8211; Companial Southern Region Marketing Manager\u00a0<\/em><\/p><p><strong>12:10: Session 4:<\/strong>\u00a0<br \/><strong>Casos de \u00c9xito<\/strong> &#8211; Clientes de Arquiconsult en SaaS &#8211; Mesa Redonda<\/p><p><strong>12h50: Cierre<\/strong><\/p><p><strong>13h00: Almuerzo corporativo &amp; C\u00f3ctel<\/strong><\/p>    <\/div>\n<\/div>\n<!-- \/module text -->\t        <\/div>\n\t    \t<\/div>\n\t\t<div  data-lazy=\"1\" style=\"width: 41.97%\" class=\"module_column tb-column col4-2 last tb_upk1702 repeat tf_box\">\n\t\t\t    \t        <div class=\"tb-column-inner tf_box tf_w\">\n\t\t    <!-- module image -->\n<div  class=\"module module-image tb_prba702   image-center tf_mw\" data-lazy=\"1\">\n        <div class=\"image-wrap tf_rel tf_mw\">\n\t\t    <img loading=\"lazy\" width=\"1200\" height=\"1603\" src=\"https:\/\/arquiconsult.com\/wp-content\/uploads\/2025\/02\/El-Poder-de-La-IA_AF_Layout_Edit-2.jpg\" class=\"wp-post-image wp-image-92688\" title=\"El-Poder-de-La-IA_AF_Layout_Edit\" alt=\"El-Poder-de-La-IA_AF_Layout_Edit\" srcset=\"https:\/\/arquiconsult.com\/wp-content\/uploads\/2025\/02\/El-Poder-de-La-IA_AF_Layout_Edit-2.jpg 1200w, https:\/\/arquiconsult.com\/wp-content\/uploads\/2025\/02\/El-Poder-de-La-IA_AF_Layout_Edit-2-359x480.jpg 359w, https:\/\/arquiconsult.com\/wp-content\/uploads\/2025\/02\/El-Poder-de-La-IA_AF_Layout_Edit-2-768x1026.jpg 768w, https:\/\/arquiconsult.com\/wp-content\/uploads\/2025\/02\/El-Poder-de-La-IA_AF_Layout_Edit-2-1150x1536.jpg 1150w, https:\/\/arquiconsult.com\/wp-content\/uploads\/2025\/02\/El-Poder-de-La-IA_AF_Layout_Edit-2-320x427.jpg 320w, https:\/\/arquiconsult.com\/wp-content\/uploads\/2025\/02\/El-Poder-de-La-IA_AF_Layout_Edit-2-480x641.jpg 480w, https:\/\/arquiconsult.com\/wp-content\/uploads\/2025\/02\/El-Poder-de-La-IA_AF_Layout_Edit-2-800x1069.jpg 800w\" sizes=\"(max-width: 1200px) 100vw, 1200px\" \/>\t\n\t\t<\/div>\n\t<!-- \/image-wrap -->\n    \n    \t<\/div>\n<!-- \/module image --><!-- module buttons -->\n<div  class=\"module module-buttons tb_d7ui702 buttons-horizontal transparent  large circle tf_textl\" data-lazy=\"1\">\n    \t<div class=\"module-buttons-item tf_inline_b\">\n\t\t\t\t\t\t\t<a href=\"https:\/\/forms.office.com\/e\/J3QRLjRAub\" class=\"ui builder_button tb_default_color\" target=\"_blank\" rel=\"noopener\">\n\t\t\t\t\t\t\t\t\t\t\t<span class=\"tf_inline_b tf_vmiddle\">Venga a descubrirlo todo sobre este acontecimiento<\/span>\n\t\t\t\t\t\t\t\t\t\t\t<\/a>\n\t\t\t    \t<\/div>\n\t<\/div>\n<!-- \/module buttons -->\n\t        <\/div>\n\t    \t<\/div>\n\t\t    <\/div>\n\t    <!-- \/row_inner -->\n\t<\/div>\n\t<!-- \/module_row -->\n\t\t<!-- module_row -->\n\t<div  data-anchor=\"hub\" data-hide-anchor=\"1\" data-css_id=\"67s2616\" data-lazy=\"1\" class=\"module_row themify_builder_row repeat fullwidth tb_has_section tb_section-hub tb_67s2616 tf_clearfix hide-desktop hide-tablet hide-tablet_landscape hide-mobile wow\" data-tf-animation=\"fadeInUp\" >\n\t    \t\t<div class=\"row_inner col_align_top col-count-1 tf_box tf_w tf_rel\">\n\t\t\t<div  data-lazy=\"1\" class=\"module_column tb-column col-full first tb_skm1616 tf_box\">\n\t\t\t    \t        <div class=\"tb-column-inner tf_box tf_w\">\n\t\t    <!-- module text -->\n<div  class=\"module module-text tb_ec0r616  repeat \" data-lazy=\"1\">\n        <div  class=\"tb_text_wrap\">\n    <h2 style=\"text-align: center;\"><strong><b><span data-teams=\"true\">Libera el Poder de la IA con las Soluciones basadas en la Nube Microsoft<\/span><\/b><\/strong><\/h2>    <\/div>\n<\/div>\n<!-- \/module text -->\t        <\/div>\n\t    \t<\/div>\n\t\t    <\/div>\n\t    <!-- \/row_inner -->\n\t<\/div>\n\t<!-- \/module_row -->\n\t\t<!-- module_row -->\n\t<div  data-anchor=\"WHITEPAPERS\" data-hide-anchor=\"1\" data-css_id=\"hp8y934\" data-lazy=\"1\" class=\"module_row themify_builder_row repeat fullwidth tb_has_section tb_section-WHITEPAPERS tb_hp8y934 tf_clearfix hide-desktop hide-tablet hide-tablet_landscape hide-mobile\" >\n\t    \t\t<div class=\"row_inner col_align_top col-count-1 tf_box tf_w tf_rel\">\n\t\t\t<div  data-lazy=\"1\" class=\"module_column tb-column col-full first tb_2nau934 tf_box\">\n\t\t\t    \t        <div class=\"tb-column-inner tf_box tf_w\">\n\t\t    \t<div  data-lazy=\"1\" class=\"module_subrow themify_builder_sub_row tb_fvko934 tf_w tf_clearfix\">\n\t    \t\t<div class=\"subrow_inner col_align_top gutter-narrow col-count-3 tf_box tf_w\"  data-basecol=\"3\" data-col_mobile=\"column-full\">\n\t\t\t<div  data-lazy=\"1\" class=\"sub_column module_column tf_box col3-1 first tb_ic15934 repeat\" > \n\t    \t    \t        <div class=\"tb-column-inner tf_box tf_w\">\n\t\t    <!-- module text -->\n<div  class=\"module module-text tb_gpkb935  repeat \" data-lazy=\"1\">\n        <div  class=\"tb_text_wrap\">\n    <h3 style=\"color: #24276a;\"><b>MICROSOFT COPILOT <\/b><b>SALES \u2013 <br \/><\/b><b>Boost<\/b> <b>your<\/b><b> Sales<\/b><\/h3>    <\/div>\n<\/div>\n<!-- \/module text --><!-- module buttons -->\n<div  class=\"module module-buttons tb_7p15935 buttons-horizontal transparent  large circle tf_textc\" data-lazy=\"1\">\n    \t<div class=\"module-buttons-item tf_inline_b\">\n\t\t\t\t\t\t\t<a href=\"https:\/\/arquiconsult.com\/es\/crm-copilot-sales\/\" class=\"ui builder_button tb_default_color\" target=\"_blank\" rel=\"noopener\">\n\t\t\t\t\t\t\t\t\t\t\t<span class=\"tf_inline_b tf_vmiddle\">Descubra la Soluci\u00f3n<\/span>\n\t\t\t\t\t\t\t\t\t\t\t<\/a>\n\t\t\t    \t<\/div>\n\t<\/div>\n<!-- \/module buttons -->\n\t        <\/div>\n\t    \t<\/div>\n\t\t<div  data-lazy=\"1\" class=\"sub_column module_column tf_box col3-1 middle tb_hvvn935 repeat\" > \n\t    \t    \t        <div class=\"tb-column-inner tf_box tf_w\">\n\t\t    <!-- module text -->\n<div  class=\"module module-text tb_12wi935  repeat \" data-lazy=\"1\">\n        <div  class=\"tb_text_wrap\">\n    <h3 style=\"color: #24276a;\"><b>MICROSOFT COPILOT <\/b><b>MARKETING \u2013 <br \/><\/b><b>Boost<\/b> <b>your<\/b><b> Marketing<\/b><\/h3>    <\/div>\n<\/div>\n<!-- \/module text --><!-- module buttons -->\n<div  class=\"module module-buttons tb_xv42935 buttons-horizontal transparent  large circle tf_textc\" data-lazy=\"1\">\n    \t<div class=\"module-buttons-item tf_inline_b\">\n\t\t\t\t\t\t\t<a href=\"https:\/\/arquiconsult.com\/es\/crm-d365-marketing\/\" class=\"ui builder_button tb_default_color\" target=\"_blank\" rel=\"noopener\">\n\t\t\t\t\t\t\t\t\t\t\t<span class=\"tf_inline_b tf_vmiddle\">Descubra la Soluci\u00f3n<\/span>\n\t\t\t\t\t\t\t\t\t\t\t<\/a>\n\t\t\t    \t<\/div>\n\t<\/div>\n<!-- \/module buttons -->\n\t        <\/div>\n\t    \t<\/div>\n\t\t<div  data-lazy=\"1\" class=\"sub_column module_column tf_box col3-1 last tb_6xpb935 repeat\" > \n\t    \t    \t        <div class=\"tb-column-inner tf_box tf_w\">\n\t\t    <!-- module text -->\n<div  class=\"module module-text tb_aicq935  repeat \" data-lazy=\"1\">\n        <div  class=\"tb_text_wrap\">\n    <h3 style=\"color: #24276a;\"><b>MICROSOFT FABRIC \u2013 <br \/><\/b><b>The<\/b> <b>Power<\/b> <b>of<\/b><b> AI in <\/b><b>Analytics<\/b><\/h3>    <\/div>\n<\/div>\n<!-- \/module text --><!-- module buttons -->\n<div  class=\"module module-buttons tb_icid935 buttons-horizontal transparent  large circle tf_textc\" data-lazy=\"1\">\n    \t<div class=\"module-buttons-item tf_inline_b\">\n\t\t\t\t\t\t\t<a href=\"https:\/\/arquiconsult.com\/es\/fabric\/\" class=\"ui builder_button tb_default_color\" target=\"_blank\" rel=\"noopener\">\n\t\t\t\t\t\t\t\t\t\t\t<span class=\"tf_inline_b tf_vmiddle\">Descubra la Soluci\u00f3n<\/span>\n\t\t\t\t\t\t\t\t\t\t\t<\/a>\n\t\t\t    \t<\/div>\n\t<\/div>\n<!-- \/module buttons -->\n\t        <\/div>\n\t    \t<\/div>\n\t\t    <\/div>\n\t<\/div><!-- \/themify_builder_sub_row -->\n\t\t        <\/div>\n\t    \t<\/div>\n\t\t    <\/div>\n\t    <!-- \/row_inner -->\n\t<\/div>\n\t<!-- \/module_row -->\n\t<\/div>\n<!--\/themify_builder_content-->","protected":false},"excerpt":{"rendered":"<p>\u00a1No pierdas la oportunidad de unirte a nosotros en este evento! INSCRIBETE El pr\u00f3ximo d\u00eda 6 de marzo, no pierdas la oportunidad de unirte a nosotros. Impulsamos v\u00e1rias sesiones dedicadas a la evoluci\u00f3n tecnol\u00f3gica de las soluciones de Microsoft y c\u00f3mo \u00e9stas pueden impulsar tu negocio. Todo lo que necesitas saber sobre IA para preparar [&hellip;]<\/p>\n","protected":false},"author":4,"featured_media":0,"parent":0,"menu_order":0,"comment_status":"closed","ping_status":"closed","template":"","meta":[],"acf":[],"_links":{"self":[{"href":"https:\/\/arquiconsult.com\/en\/wp-json\/wp\/v2\/pages\/92428"}],"collection":[{"href":"https:\/\/arquiconsult.com\/en\/wp-json\/wp\/v2\/pages"}],"about":[{"href":"https:\/\/arquiconsult.com\/en\/wp-json\/wp\/v2\/types\/page"}],"author":[{"embeddable":true,"href":"https:\/\/arquiconsult.com\/en\/wp-json\/wp\/v2\/users\/4"}],"replies":[{"embeddable":true,"href":"https:\/\/arquiconsult.com\/en\/wp-json\/wp\/v2\/comments?post=92428"}],"version-history":[{"count":0,"href":"https:\/\/arquiconsult.com\/en\/wp-json\/wp\/v2\/pages\/92428\/revisions"}],"wp:attachment":[{"href":"https:\/\/arquiconsult.com\/en\/wp-json\/wp\/v2\/media?parent=92428"}],"curies":[{"name":"wp","href":"https:\/\/api.w.org\/{rel}","templated":true}]}}