{"id":103725,"date":"2025-06-25T10:20:11","date_gmt":"2025-06-25T09:20:11","guid":{"rendered":"https:\/\/arquiconsult.com\/?page_id=103725"},"modified":"2025-12-05T15:27:28","modified_gmt":"2025-12-05T15:27:28","slug":"d365-human-resources","status":"publish","type":"page","link":"https:\/\/arquiconsult.com\/es\/d365-human-resources\/","title":{"rendered":"D365 Human Resources"},"content":{"rendered":"<!--themify_builder_content-->\n<div id=\"themify_builder_content-103725\" data-postid=\"103725\" class=\"themify_builder_content themify_builder_content-103725 themify_builder tf_clear\">\n    \t<!-- module_row -->\n\t<div  data-css_id=\"4fv9438\" data-lazy=\"1\" class=\"module_row themify_builder_row fullcover fullwidth_row_container tb_4fv9438 tb_first tf_clearfix\" >\n\t    <div class=\"builder_row_cover tf_abs\"><\/div>\t\t<div class=\"row_inner col_align_middle col-count-2 tf_box tf_w tf_rel\"  data-basecol=\"2\" data-col_tablet=\"column-full\" data-col_mobile=\"column-full\">\n\t\t\t<div  data-lazy=\"1\" style=\"width: 84.42%\" class=\"module_column tb-column col3-2 first tb_26as439 tf_box\">\n\t\t\t    \t        <div class=\"tb-column-inner tf_box tf_w\">\n\t\t    <!-- module text -->\n<div  class=\"module module-text tb_cu3o439  repeat \" data-lazy=\"1\">\n        <div  class=\"tb_text_wrap\">\n    <h4><a href=\"https:\/\/arquiconsult.com\">Arquiconsult.com<\/a> \/ <a href=\"#\">Soluciones<\/a> \/\u00a0<strong>D365 Human Resources<\/strong><\/h4>    <\/div>\n<\/div>\n<!-- \/module text --><!-- module fancy heading -->\n<!--\/* $fields_args['heading_tag']  CODIGO QUE SAIU * \/-->\n<div  class=\"module module-fancy-heading tb_4n9r440 titulo-suporte tb_hide_divider\" data-lazy=\"1\">\n        <h1  class=\"fancy-heading tf_textl\">\n    <span class=\"main-head tf_block\">\n\t\t\t\t\tD365 Human Resources\t\t    <\/span>\n\n\t\n    <span class=\"sub-head tf_block tf_rel\">\n\t\t\t\t\t\t\t    <\/span>\n    <\/h2>\n<\/div>\n<!-- \/module fancy heading -->\n<!-- module text -->\n<div  class=\"module module-text tb_mq9x440   \" data-lazy=\"1\">\n        <div  class=\"tb_text_wrap\">\n    <p>Microsoft Dynamics 365 Human Resources \u2013 Potenciando su fuerza laboral con soluciones inteligentes de RRHH.<\/p>    <\/div>\n<\/div>\n<!-- \/module text --><!-- module buttons -->\n<div  class=\"module module-buttons tb_zmcw440 buttons-horizontal transparent popmake-100625 large circle\" data-lazy=\"1\">\n    \t<div class=\"module-buttons-item tf_inline_b\">\n\t\t\t\t\t\t\t<a href=\"#\" class=\"ui builder_button tb_default_color\" >\n\t\t\t\t\t\t\t\t\t\t\t<span class=\"tf_inline_b tf_vmiddle\">Solicite una demostraci\u00f3n<\/span>\n\t\t\t\t\t\t\t\t\t\t\t<\/a>\n\t\t\t    \t<\/div>\n\t<\/div>\n<!-- \/module buttons -->\n\t        <\/div>\n\t    \t<\/div>\n\t\t<div  data-lazy=\"1\" style=\"width: 12.38%\" class=\"module_column tb-column col3-1 last tb_6bvz440 tf_box\">\n\t\t\t    \t<\/div>\n\t\t    <\/div>\n\t    <!-- \/row_inner -->\n\t<\/div>\n\t<!-- \/module_row -->\n\t\t<!-- module_row -->\n\t<div  data-css_id=\"2r00139\" data-lazy=\"1\" class=\"module_row themify_builder_row fullcover fullwidth tb_2r00139 tf_clearfix wow\" data-tf-animation=\"pulse\" >\n\t    \t\t<div class=\"row_inner col_align_top col-count-2 tf_box tf_w tf_rel\">\n\t\t\t<div  data-lazy=\"1\" class=\"module_column tb-column col4-2 first tb_o4pr140 tf_box\">\n\t\t\t    \t        <div class=\"tb-column-inner tf_box tf_w\">\n\t\t    <!-- module text -->\n<div  class=\"module module-text tb_da20140  repeat \" data-lazy=\"1\">\n        <div  class=\"tb_text_wrap\">\n    <h3 style=\"text-align: left;\"><strong>Optimice las operaciones de RRHH, mejore la experiencia del empleado y impulse el \u00e9xito organizacional<\/strong><\/h3><p style=\"text-align: left;\">Microsoft Dynamics 365 Human Resources es una soluci\u00f3n integral dise\u00f1ada para simplificar los procesos de recursos humanos, aumentar el compromiso de los empleados y apoyar iniciativas estrat\u00e9gicas de RRHH. Esta plataforma impulsada por IA permite a los equipos de RRHH automatizar tareas rutinarias, optimizar la gesti\u00f3n de recursos y ofrecer an\u00e1lisis basados en datos para una mejor toma de decisiones.<\/p><p style=\"text-align: left;\">Con integraci\u00f3n fluida en Microsoft Teams, LinkedIn Talent Solutions y otras aplicaciones de Dynamics 365, las organizaciones pueden unificar operaciones de RRHH, reclutamiento, incorporaci\u00f3n y desarrollo de empleados para asegurar una fuerza laboral productiva y comprometida. Adem\u00e1s, Microsoft Power Platform potencia la automatizaci\u00f3n y el an\u00e1lisis, proporcionando informaci\u00f3n \u00fatil para la toma de decisiones en tiempo real.<\/p>    <\/div>\n<\/div>\n<!-- \/module text -->\t        <\/div>\n\t    \t<\/div>\n\t\t<div  data-lazy=\"1\" class=\"module_column tb-column col4-2 last tb_8evb140 tf_box\">\n\t\t\t    \t        <div class=\"tb-column-inner tf_box tf_w\">\n\t\t    <!-- module image -->\n<div  class=\"module module-image tb_1y9v140   image-center tf_mw\" data-lazy=\"1\">\n        <div class=\"image-wrap tf_rel tf_mw\">\n\t\t    <img loading=\"lazy\" width=\"1664\" height=\"928\" src=\"https:\/\/arquiconsult.com\/wp-content\/uploads\/2025\/03\/1-2-3-1.jpg\" class=\"wp-post-image wp-image-96034\" title=\"1 (2)-3\" alt=\"human resources\" srcset=\"https:\/\/arquiconsult.com\/wp-content\/uploads\/2025\/03\/1-2-3-1.jpg 1664w, https:\/\/arquiconsult.com\/wp-content\/uploads\/2025\/03\/1-2-3-1-640x357.jpg 640w, https:\/\/arquiconsult.com\/wp-content\/uploads\/2025\/03\/1-2-3-1-768x428.jpg 768w, https:\/\/arquiconsult.com\/wp-content\/uploads\/2025\/03\/1-2-3-1-1536x857.jpg 1536w, https:\/\/arquiconsult.com\/wp-content\/uploads\/2025\/03\/1-2-3-1-320x178.jpg 320w, https:\/\/arquiconsult.com\/wp-content\/uploads\/2025\/03\/1-2-3-1-480x268.jpg 480w, https:\/\/arquiconsult.com\/wp-content\/uploads\/2025\/03\/1-2-3-1-800x446.jpg 800w\" sizes=\"(max-width: 1664px) 100vw, 1664px\" \/>\t\n\t\t<\/div>\n\t<!-- \/image-wrap -->\n    \n    \t<\/div>\n<!-- \/module image -->\t        <\/div>\n\t    \t<\/div>\n\t\t    <\/div>\n\t    <!-- \/row_inner -->\n\t<\/div>\n\t<!-- \/module_row -->\n\t\t<!-- module_row -->\n\t<div  data-css_id=\"9gu9541\" data-lazy=\"1\" class=\"module_row themify_builder_row fullcover fullwidth tb_9gu9541 tf_clearfix wow\" data-tf-animation=\"pulse\" >\n\t    \t\t<div class=\"row_inner col_align_top col-count-1 tf_box tf_w tf_rel\">\n\t\t\t<div  data-lazy=\"1\" class=\"module_column tb-column col-full first tb_j2br541 tf_box\">\n\t\t\t    \t        <div class=\"tb-column-inner tf_box tf_w\">\n\t\t    <!-- module text -->\n<div  class=\"module module-text tb_qw4m541  repeat \" data-lazy=\"1\">\n        <div  class=\"tb_text_wrap\">\n    <h2><strong>C<\/strong><strong>apacidades Funcionales Clave de Microsoft Dynamics 365 Human Resources<\/strong><\/h2>    <\/div>\n<\/div>\n<!-- \/module text -->\t        <\/div>\n\t    \t<\/div>\n\t\t    <\/div>\n\t    <!-- \/row_inner -->\n\t<\/div>\n\t<!-- \/module_row -->\n\t\t<!-- module_row -->\n\t<div  data-css_id=\"rkn8534\" data-lazy=\"1\" class=\"module_row themify_builder_row repeat fullwidth tb_rkn8534 tf_clearfix\" >\n\t    \t\t<div class=\"row_inner col_align_top col-count-3 tf_box tf_w tf_rel\"  data-basecol=\"3\" data-col_tablet_landscape=\"column3-1 tb_3col\" data-col_mobile=\"column-full\">\n\t\t\t<div  data-lazy=\"1\" class=\"module_column tb-column col3-1 first tb_06c1534 repeat tf_box\">\n\t\t\t    \t        <div class=\"tb-column-inner tf_box tf_w\">\n\t\t    <!-- module image -->\n<div  class=\"module module-image tb_04o7534   image-center tf_mw\" data-lazy=\"1\">\n        <div class=\"image-wrap tf_rel tf_mw\">\n\t\t    <img loading=\"lazy\" src=\"https:\/\/arquiconsult.com\/wp-content\/uploads\/2025\/03\/personal-100x100.png\" width=\"100\" height=\"100\" class=\"wp-post-image wp-image-96091\" title=\"personal\" alt=\"personal\">\t\n\t\t<\/div>\n\t<!-- \/image-wrap -->\n    \n    \t<\/div>\n<!-- \/module image --><!-- module text -->\n<div  class=\"module module-text tb_1hxw535  repeat \" data-lazy=\"1\">\n        <div  class=\"tb_text_wrap\">\n    <p style=\"text-align: center;\"><strong>Gesti\u00f3n Integral del Personal<\/strong><\/p><ul><li>Datos centralizados de empleados con perfiles detallados, que incluyen logros profesionales, habilidades, certificaciones e intereses.<\/li><li>Flujos de trabajo automatizados y gesti\u00f3n de tareas para simplificar las tareas rutinarias de RRHH.<\/li><li>Estructuras organizativas precisas y descripciones de puestos para mantener la claridad.<\/li><\/ul>    <\/div>\n<\/div>\n<!-- \/module text -->\t        <\/div>\n\t    \t<\/div>\n\t\t<div  data-lazy=\"1\" class=\"module_column tb-column col3-1 middle tb_j45k535 repeat tf_box\">\n\t\t\t    \t        <div class=\"tb-column-inner tf_box tf_w\">\n\t\t    <!-- module image -->\n<div  class=\"module module-image tb_or1f535   image-center tf_mw\" data-lazy=\"1\">\n        <div class=\"image-wrap tf_rel tf_mw\">\n\t\t    <img loading=\"lazy\" src=\"https:\/\/arquiconsult.com\/wp-content\/uploads\/2025\/03\/performance-100x100.png\" width=\"100\" height=\"100\" class=\"wp-post-image wp-image-96097\" title=\"performance\" alt=\"performance\">\t\n\t\t<\/div>\n\t<!-- \/image-wrap -->\n    \n    \t<\/div>\n<!-- \/module image --><!-- module text -->\n<div  class=\"module module-text tb_380y535  repeat \" data-lazy=\"1\">\n        <div  class=\"tb_text_wrap\">\n    <p style=\"text-align: center;\"><strong>Desarrollo y Gesti\u00f3n del Desempe\u00f1o del Empleado<\/strong><\/p><ul><li>Seguimiento de programas de formaci\u00f3n y certificaci\u00f3n para fomentar el aprendizaje y crecimiento continuo.<\/li><li>Establecimiento y seguimiento de objetivos de desempe\u00f1o, y realizaci\u00f3n de evaluaciones peri\u00f3dicas.<\/li><li>Herramientas de gesti\u00f3n del aprendizaje para crear y administrar cursos y sesiones de capacitaci\u00f3n.<\/li><\/ul>    <\/div>\n<\/div>\n<!-- \/module text -->\t        <\/div>\n\t    \t<\/div>\n\t\t<div  data-lazy=\"1\" class=\"module_column tb-column col3-1 last tb_tgwy535 repeat tf_box\">\n\t\t\t    \t        <div class=\"tb-column-inner tf_box tf_w\">\n\t\t    <!-- module image -->\n<div  class=\"module module-image tb_34ze535   image-center tf_mw\" data-lazy=\"1\">\n        <div class=\"image-wrap tf_rel tf_mw\">\n\t\t    <img loading=\"lazy\" src=\"https:\/\/arquiconsult.com\/wp-content\/uploads\/2025\/03\/benefits-100x100.png\" width=\"100\" height=\"100\" class=\"wp-post-image wp-image-96100\" title=\"benefits\" alt=\"benefits\">\t\n\t\t<\/div>\n\t<!-- \/image-wrap -->\n    \n    \t<\/div>\n<!-- \/module image --><!-- module text -->\n<div  class=\"module module-text tb_enzz535  repeat \" data-lazy=\"1\">\n        <div  class=\"tb_text_wrap\">\n    <p style=\"text-align: center;\"><strong>Gesti\u00f3n de Compensaciones y Beneficios<\/strong><\/p><ul><li>Desarrollo y gesti\u00f3n de programas de compensaci\u00f3n competitivos con ajustes automatizados.<\/li><li>Transformaci\u00f3n de la administraci\u00f3n de beneficios con herramientas flexibles de inscripci\u00f3n en modalidad autoservicio.<\/li><li>Integraci\u00f3n fluida con proveedores de n\u00f3mina para una gesti\u00f3n eficiente de n\u00f3minas, presupuestos y impuestos.<\/li><\/ul>    <\/div>\n<\/div>\n<!-- \/module text -->\t        <\/div>\n\t    \t<\/div>\n\t\t    <\/div>\n\t    <!-- \/row_inner -->\n\t<\/div>\n\t<!-- \/module_row -->\n\t\t<!-- module_row -->\n\t<div  data-css_id=\"eg2w471\" data-lazy=\"1\" class=\"module_row themify_builder_row repeat fullwidth tb_eg2w471 tf_clearfix\" >\n\t    \t\t<div class=\"row_inner col_align_top col-count-2 tf_box tf_w tf_rel\"  data-basecol=\"2\" data-col_tablet_landscape=\"column3-1 tb_3col\" data-col_mobile=\"column-full\">\n\t\t\t<div  data-lazy=\"1\" class=\"module_column tb-column col4-2 first tb_hcgz472 repeat tf_box\">\n\t\t\t    \t        <div class=\"tb-column-inner tf_box tf_w\">\n\t\t    <!-- module image -->\n<div  class=\"module module-image tb_5fof472   image-center tf_mw\" data-lazy=\"1\">\n        <div class=\"image-wrap tf_rel tf_mw\">\n\t\t    <img loading=\"lazy\" src=\"https:\/\/arquiconsult.com\/wp-content\/uploads\/2025\/03\/absence-100x100.png\" width=\"100\" height=\"100\" class=\"wp-post-image wp-image-96103\" title=\"absence\" alt=\"absence\">\t\n\t\t<\/div>\n\t<!-- \/image-wrap -->\n    \n    \t<\/div>\n<!-- \/module image --><!-- module text -->\n<div  class=\"module module-text tb_vehy472  repeat \" data-lazy=\"1\">\n        <div  class=\"tb_text_wrap\">\n    <p style=\"text-align: center;\"><strong>Gesti\u00f3n de Licencias y Ausencias<\/strong><\/p><ul><li>Permita a los empleados consultar sus saldos de tiempo libre y enviar solicitudes de ausencia directamente desde Microsoft Teams.<\/li><li>Configuraci\u00f3n y gesti\u00f3n eficiente de pol\u00edticas de licencias y seguimiento de saldos.<\/li><\/ul>    <\/div>\n<\/div>\n<!-- \/module text -->\t        <\/div>\n\t    \t<\/div>\n\t\t<div  data-lazy=\"1\" class=\"module_column tb-column col4-2 last tb_fsag472 repeat tf_box\">\n\t\t\t    \t        <div class=\"tb-column-inner tf_box tf_w\">\n\t\t    <!-- module image -->\n<div  class=\"module module-image tb_39eu472   image-center tf_mw\" data-lazy=\"1\">\n        <div class=\"image-wrap tf_rel tf_mw\">\n\t\t    <img loading=\"lazy\" src=\"https:\/\/arquiconsult.com\/wp-content\/uploads\/2025\/03\/onboarding-100x100.png\" width=\"100\" height=\"100\" class=\"wp-post-image wp-image-96107\" title=\"onboarding\" alt=\"onboarding\">\t\n\t\t<\/div>\n\t<!-- \/image-wrap -->\n    \n    \t<\/div>\n<!-- \/module image --><!-- module text -->\n<div  class=\"module module-text tb_k77s472  repeat \" data-lazy=\"1\">\n        <div  class=\"tb_text_wrap\">\n    <p style=\"text-align: left;\"><strong>Reclutamiento e Incorporaci\u00f3n<\/strong><\/p><ul><li style=\"text-align: left;\">Integraci\u00f3n con LinkedIn Talent Solutions y otros sistemas de adquisici\u00f3n de talento para localizar y gestionar candidatos.<\/li><li style=\"text-align: left;\">Uso de la aplicaci\u00f3n complementaria Recruitment Add-On Power App para agilizar el proceso de reclutamiento.<\/li><li style=\"text-align: left;\">Mejora de la incorporaci\u00f3n con funcionalidades integradas en Microsoft Teams, garantizando una transici\u00f3n fluida para los nuevos empleados.<\/li><\/ul>    <\/div>\n<\/div>\n<!-- \/module text -->\t        <\/div>\n\t    \t<\/div>\n\t\t    <\/div>\n\t    <!-- \/row_inner -->\n\t<\/div>\n\t<!-- \/module_row -->\n\t\t<!-- module_row -->\n\t<div  data-css_id=\"65sb186\" data-lazy=\"1\" class=\"module_row themify_builder_row solucoes-sector repeat fullwidth_row_container tb_65sb186 tf_clearfix\" >\n\t    \t\t<div class=\"row_inner col_align_top col-count-2 tf_box tf_w tf_rel\"  data-basecol=\"2\" data-col_mobile=\"column-full\">\n\t\t\t<div  data-lazy=\"1\" style=\"width: 48.04%\" class=\"module_column tb-column col4-2 first tb_w4uf186 tf_box\">\n\t\t\t    \t        <div class=\"tb-column-inner tf_box tf_w\">\n\t\t    <!-- module image -->\n<div  class=\"module module-image tb_kcfu186   image-top tf_mw wow\" data-tf-animation=\"fadeIn\" data-lazy=\"1\">\n        <div class=\"image-wrap tf_rel tf_mw\">\n\t\t    <img loading=\"lazy\" src=\"https:\/\/arquiconsult.com\/wp-content\/uploads\/2025\/03\/portrait-of-a-diverse-team-of-professionals-standi-2023-11-27-04-49-49-utc-scaled-700x1048.jpg\" width=\"700\" height=\"1048\" class=\"wp-post-image wp-image-96265\" title=\"Portrait of a diverse team of professionals standing together in an office.\" alt=\"Portrait of a diverse team of professionals standing together in an office.\">\t\n\t\t<\/div>\n\t<!-- \/image-wrap -->\n    \n    \t<\/div>\n<!-- \/module image -->\t        <\/div>\n\t    \t<\/div>\n\t\t<div  data-lazy=\"1\" style=\"width: 48.76%\" class=\"module_column tb-column col4-2 last tb_3sn8187 tf_box\">\n\t\t\t    \t        <div class=\"tb-column-inner tf_box tf_w\">\n\t\t    <!-- module text -->\n<div  class=\"module module-text tb_wa0m187  repeat \" data-lazy=\"1\">\n        <div  class=\"tb_text_wrap\">\n    <h2 style=\"text-align: left;\"><strong>Inversiones e Innovaciones en Inteligencia Artificial<\/strong><\/h2><h2 style=\"text-align: left;\"><b>\u00a0<\/b><\/h2>    <\/div>\n<\/div>\n<!-- \/module text --><!-- module text -->\n<div  class=\"module module-text tb_nznb187  repeat \" data-lazy=\"1\">\n        <div  class=\"tb_text_wrap\">\n    <p style=\"text-align: left;\">Microsoft ha realizado importantes inversiones en IA para potenciar Dynamics 365 Human Resources, garantizando que las operaciones de RRHH sean m\u00e1s eficientes y perspicaces:<\/p><ul><li style=\"text-align: left;\"><strong>Recruitment Add-On Power App:<\/strong> Esta aplicaci\u00f3n impulsada por IA agiliza el proceso de reclutamiento, ofreciendo un emparejamiento inteligente de candidatos y flujos de trabajo automatizados para reducir el tiempo de contrataci\u00f3n.<\/li><li style=\"text-align: left;\"><strong>Portal de Reclutamiento:<\/strong> Un portal dedicado que utiliza IA para optimizar la captaci\u00f3n, selecci\u00f3n y compromiso de candidatos, asegurando la atracci\u00f3n del mejor talento.<\/li><li style=\"text-align: left;\"><strong>Capacidades de Incorporaci\u00f3n en Microsoft Teams:<\/strong> Integre la incorporaci\u00f3n de nuevos empleados con experiencias impulsadas por IA dentro de Microsoft Teams, proporcionando orientaci\u00f3n y recursos personalizados para los nuevos colaboradores.<\/li><\/ul>    <\/div>\n<\/div>\n<!-- \/module text -->\t        <\/div>\n\t    \t<\/div>\n\t\t    <\/div>\n\t    <!-- \/row_inner -->\n\t<\/div>\n\t<!-- \/module_row -->\n\t\t<!-- module_row -->\n\t<div  data-css_id=\"dna6311\" data-lazy=\"1\" class=\"module_row themify_builder_row fullcover fullwidth tb_dna6311 tf_clearfix wow\" data-tf-animation=\"pulse\" >\n\t    \t\t<div class=\"row_inner col_align_top col-count-2 tf_box tf_w tf_rel\"  data-basecol=\"2\" data-col_tablet_landscape=\"column4-2\" data-col_mobile=\"column-full\">\n\t\t\t<div  data-lazy=\"1\" style=\"width: 50.98%\" class=\"module_column tb-column col4-2 first tb_ur07312 tf_box\">\n\t\t\t    \t        <div class=\"tb-column-inner tf_box tf_w\">\n\t\t    <!-- module text -->\n<div  class=\"module module-text tb_9doh312  repeat \" data-lazy=\"1\">\n        <div  class=\"tb_text_wrap\">\n    <h2 style=\"text-align: left;\"><strong>\u00bfPor qu\u00e9 elegir Dynamics 365 Human Resources?<\/strong><\/h2>    <\/div>\n<\/div>\n<!-- \/module text --><!-- module text -->\n<div  class=\"module module-text tb_0h12312   \" data-lazy=\"1\">\n        <div  class=\"tb_text_wrap\">\n    <ul><li style=\"text-align: left;\"><strong>Una plataforma unificada de gesti\u00f3n de recursos humanos:<\/strong> Integra la gesti\u00f3n de personal, desarrollo de empleados, compensaci\u00f3n y beneficios en una \u00fanica soluci\u00f3n.<\/li><li style=\"text-align: left;\"><strong>Toma de decisiones basada en IA:<\/strong> Aprovecha an\u00e1lisis predictivos para la planificaci\u00f3n de la plantilla y la gesti\u00f3n del talento.<\/li><li style=\"text-align: left;\"><strong>Mejora de la experiencia del empleado:<\/strong> Ofrece herramientas de autoservicio y experiencias personalizadas para aumentar el compromiso y la satisfacci\u00f3n.<\/li><li style=\"text-align: left;\"><strong>Visibilidad integral de RRHH:<\/strong> Desde el reclutamiento hasta la jubilaci\u00f3n, obt\u00e9n informaci\u00f3n en tiempo real sobre tu fuerza laboral.<\/li><li style=\"text-align: left;\"><strong>Integraci\u00f3n perfecta con Microsoft Cloud:<\/strong> Conecta con Dynamics 365 Finance, LinkedIn Talent Solutions, Microsoft Teams y Power Platform para un enfoque inteligente y basado en datos en RRHH.<\/li><\/ul>    <\/div>\n<\/div>\n<!-- \/module text -->\t        <\/div>\n\t    \t<\/div>\n\t\t<div  data-lazy=\"1\" style=\"width: 45.82%\" class=\"module_column tb-column col4-2 last tb_vrbh312 tf_box\">\n\t\t\t    \t        <div class=\"tb-column-inner tf_box tf_w\">\n\t\t    <!-- module image -->\n<div  class=\"module module-image tb_lb5r312   image-top tf_mw wow\" data-tf-animation=\"fadeIn\" data-lazy=\"1\">\n        <div class=\"image-wrap tf_rel tf_mw\">\n\t\t    <img src=\"https:\/\/arquiconsult.com\/wp-content\/uploads\/2025\/03\/1-3-2-2-537x300.jpg\" height=\"300\" class=\"wp-post-image wp-image-96049\" title=\"1 (3)-2\" alt=\"human resources\">\t\n\t\t<\/div>\n\t<!-- \/image-wrap -->\n    \n    \t<\/div>\n<!-- \/module image -->\t        <\/div>\n\t    \t<\/div>\n\t\t    <\/div>\n\t    <!-- \/row_inner -->\n\t<\/div>\n\t<!-- \/module_row -->\n\t\t<!-- module_row -->\n\t<div  data-css_id=\"t25p386\" data-lazy=\"1\" class=\"module_row themify_builder_row solucoes-sector repeat fullwidth_row_container tb_t25p386 tf_clearfix\" >\n\t    \t\t<div class=\"row_inner col_align_top col-count-2 tf_box tf_w tf_rel\">\n\t\t\t<div  data-lazy=\"1\" class=\"module_column tb-column col4-2 first tb_yyob387 tf_box\">\n\t\t\t    \t        <div class=\"tb-column-inner tf_box tf_w\">\n\t\t    <!-- module image -->\n<div  class=\"module module-image tb_6ez9387   image-top auto_fullwidth tf_mw wow\" data-tf-animation=\"fadeIn\" data-lazy=\"1\">\n        <div class=\"image-wrap tf_rel tf_mw\">\n\t\t    <img loading=\"lazy\" width=\"1664\" height=\"928\" src=\"https:\/\/arquiconsult.com\/wp-content\/uploads\/2025\/03\/1-3-2.jpg\" class=\"wp-post-image wp-image-96040\" title=\"1-3\" alt=\"human resources\" srcset=\"https:\/\/arquiconsult.com\/wp-content\/uploads\/2025\/03\/1-3-2.jpg 1664w, https:\/\/arquiconsult.com\/wp-content\/uploads\/2025\/03\/1-3-2-640x357.jpg 640w, https:\/\/arquiconsult.com\/wp-content\/uploads\/2025\/03\/1-3-2-768x428.jpg 768w, https:\/\/arquiconsult.com\/wp-content\/uploads\/2025\/03\/1-3-2-1536x857.jpg 1536w, https:\/\/arquiconsult.com\/wp-content\/uploads\/2025\/03\/1-3-2-320x178.jpg 320w, https:\/\/arquiconsult.com\/wp-content\/uploads\/2025\/03\/1-3-2-480x268.jpg 480w, https:\/\/arquiconsult.com\/wp-content\/uploads\/2025\/03\/1-3-2-800x446.jpg 800w\" sizes=\"(max-width: 1664px) 100vw, 1664px\" \/>\t\n\t\t<\/div>\n\t<!-- \/image-wrap -->\n    \n    \t<\/div>\n<!-- \/module image -->\t        <\/div>\n\t    \t<\/div>\n\t\t<div  data-lazy=\"1\" class=\"module_column tb-column col4-2 last tb_0e1s387 tf_box\">\n\t\t\t    \t        <div class=\"tb-column-inner tf_box tf_w\">\n\t\t    <!-- module image -->\n<div  class=\"module module-image tb_l8mj387   image-top auto_fullwidth tf_mw wow\" data-tf-animation=\"fadeIn\" data-lazy=\"1\">\n        <div class=\"image-wrap tf_rel tf_mw\">\n\t\t    <img loading=\"lazy\" width=\"1664\" height=\"928\" src=\"https:\/\/arquiconsult.com\/wp-content\/uploads\/2025\/03\/1-1-3.jpg\" class=\"wp-post-image wp-image-96043\" title=\"1 (1)-3\" alt=\"human resources\" srcset=\"https:\/\/arquiconsult.com\/wp-content\/uploads\/2025\/03\/1-1-3.jpg 1664w, https:\/\/arquiconsult.com\/wp-content\/uploads\/2025\/03\/1-1-3-640x357.jpg 640w, https:\/\/arquiconsult.com\/wp-content\/uploads\/2025\/03\/1-1-3-768x428.jpg 768w, https:\/\/arquiconsult.com\/wp-content\/uploads\/2025\/03\/1-1-3-1536x857.jpg 1536w, https:\/\/arquiconsult.com\/wp-content\/uploads\/2025\/03\/1-1-3-320x178.jpg 320w, https:\/\/arquiconsult.com\/wp-content\/uploads\/2025\/03\/1-1-3-480x268.jpg 480w, https:\/\/arquiconsult.com\/wp-content\/uploads\/2025\/03\/1-1-3-800x446.jpg 800w\" sizes=\"(max-width: 1664px) 100vw, 1664px\" \/>\t\n\t\t<\/div>\n\t<!-- \/image-wrap -->\n    \n    \t<\/div>\n<!-- \/module image -->\t        <\/div>\n\t    \t<\/div>\n\t\t    <\/div>\n\t    <!-- \/row_inner -->\n\t<\/div>\n\t<!-- \/module_row -->\n\t\t<!-- module_row -->\n\t<div  data-anchor=\"portuguese\" data-hide-anchor=\"1\" data-css_id=\"5o8r317\" data-lazy=\"1\" class=\"module_row themify_builder_row repeat fullwidth tb_has_section tb_section-portuguese tb_5o8r317 tf_clearfix\" >\n\t    \t\t<div class=\"row_inner col_align_top col-count-1 tf_box tf_w tf_rel\">\n\t\t\t<div  data-lazy=\"1\" class=\"module_column tb-column col-full first tb_odfx318 tf_box\">\n\t\t\t    \t        <div class=\"tb-column-inner tf_box tf_w\">\n\t\t    <!-- module text -->\n<div  class=\"module module-text tb_n6ur318  repeat \" data-lazy=\"1\">\n        <div  class=\"tb_text_wrap\">\n    <h2 style=\"text-align: center;\"><strong>Transforma las operaciones de RRHH con la inteligencia artificial de Microsoft<\/strong><\/h2>    <\/div>\n<\/div>\n<!-- \/module text --><!-- module text -->\n<div  class=\"module module-text tb_v2ux318   \" data-lazy=\"1\">\n        <div  class=\"tb_text_wrap\">\n    <p style=\"text-align: center;\">Microsoft Dynamics 365 Human Resources es la soluci\u00f3n ideal para empresas que buscan optimizar las operaciones de recursos humanos, mejorar la experiencia de los empleados y impulsar el \u00e9xito organizacional. \u00bfListo para transformar tu estrategia de RRHH?<\/p>    <\/div>\n<\/div>\n<!-- \/module text -->\t        <\/div>\n\t    \t<\/div>\n\t\t    <\/div>\n\t    <!-- \/row_inner -->\n\t<\/div>\n\t<!-- \/module_row -->\n\t<\/div>\n<!--\/themify_builder_content-->","protected":false},"excerpt":{"rendered":"<p>Arquiconsult.com \/ Soluciones \/\u00a0D365 Human Resources D365 Human Resources Microsoft Dynamics 365 Human Resources \u2013 Potenciando su fuerza laboral con soluciones inteligentes de RRHH. Solicite una demostraci\u00f3n Optimice las operaciones de RRHH, mejore la experiencia del empleado y impulse el \u00e9xito organizacional Microsoft Dynamics 365 Human Resources es una soluci\u00f3n integral dise\u00f1ada para simplificar los [&hellip;]<\/p>\n","protected":false},"author":4,"featured_media":0,"parent":0,"menu_order":0,"comment_status":"closed","ping_status":"closed","template":"","meta":[],"acf":[],"_links":{"self":[{"href":"https:\/\/arquiconsult.com\/es\/wp-json\/wp\/v2\/pages\/103725"}],"collection":[{"href":"https:\/\/arquiconsult.com\/es\/wp-json\/wp\/v2\/pages"}],"about":[{"href":"https:\/\/arquiconsult.com\/es\/wp-json\/wp\/v2\/types\/page"}],"author":[{"embeddable":true,"href":"https:\/\/arquiconsult.com\/es\/wp-json\/wp\/v2\/users\/4"}],"replies":[{"embeddable":true,"href":"https:\/\/arquiconsult.com\/es\/wp-json\/wp\/v2\/comments?post=103725"}],"version-history":[{"count":1,"href":"https:\/\/arquiconsult.com\/es\/wp-json\/wp\/v2\/pages\/103725\/revisions"}],"predecessor-version":[{"id":118353,"href":"https:\/\/arquiconsult.com\/es\/wp-json\/wp\/v2\/pages\/103725\/revisions\/118353"}],"wp:attachment":[{"href":"https:\/\/arquiconsult.com\/es\/wp-json\/wp\/v2\/media?parent=103725"}],"curies":[{"name":"wp","href":"https:\/\/api.w.org\/{rel}","templated":true}]}}