{"id":112689,"date":"2025-10-20T15:29:24","date_gmt":"2025-10-20T14:29:24","guid":{"rendered":"https:\/\/arquiconsult.com\/?page_id=112689"},"modified":"2025-10-20T16:39:50","modified_gmt":"2025-10-20T15:39:50","slug":"candidatura-espontanea","status":"publish","type":"page","link":"https:\/\/arquiconsult.com\/es\/candidatura-espontanea\/","title":{"rendered":"CANDIDATURA ESPONT\u00c1NEA"},"content":{"rendered":"<!--themify_builder_content-->\n<div id=\"themify_builder_content-112689\" data-postid=\"112689\" class=\"themify_builder_content themify_builder_content-112689 themify_builder tf_clear\">\n    \t<!-- module_row -->\n\t<div  data-lazy=\"1\" class=\"module_row themify_builder_row tb_xeei54 tb_first tf_clearfix\" >\n\t    \t\t<div class=\"row_inner col_align_top col-count-2 tf_box tf_w tf_rel\"  data-basecol=\"2\" data-col_tablet=\"column-full\">\n\t\t\t<div  data-lazy=\"1\" class=\"module_column tb-column col3-2 first tb_kbsd55 tf_box\">\n\t\t\t    \t        <div class=\"tb-column-inner tf_box tf_w\">\n\t\t    <!-- module plain text -->\n<div  class=\"module module-plain-text tb_kh7q55 \" data-lazy=\"1\">\n        <div class=\"tb_text_wrap\">\n\t    <\/div>\n<\/div>\n<!-- \/module plain text --><!-- Post Title module -->\n<div  class=\"module module-post-title tb_x8p955 \" data-lazy=\"1\">\n   <h1 itemprop=\"headline\" class=\"tbp_title\">\n        CANDIDATURA ESPONT\u00c1NEA    <\/h1><\/div>\n<!-- \/Post Title module -->\n<!-- module text -->\n<div  class=\"module module-text tb_uvun55   \" data-lazy=\"1\">\n        <div  class=\"tb_text_wrap\">\n    <p>Ref ARQ\/Candidatura Espont\u00e1nea<\/p><p><strong>CANDIDATURA ESPONT\u00c1NEA<\/strong><\/p><div style=\"background-color: #f7f7f7; padding: 15px;\"><div class=\"service_vertical_box\"><h4><strong>QUI\u00c9NES SOMOS Y QU\u00c9 HACEMOS<\/strong><\/h4><p>Somos una empresa multinacional con \u00e1reas de especializaci\u00f3n centradas en los Sistemas de Informaci\u00f3n, concretamente en el desarrollo e implementaci\u00f3n de soluciones empresariales basadas en herramientas de Microsoft, con especial \u00e9nfasis en soluciones de gesti\u00f3n integrada (ERP).<\/p><h4><strong>QU\u00c9 NOS MOTIVA<\/strong><\/h4><p>La entrega de soluciones con valor a\u00f1adido para nuestros clientes a trav\u00e9s de un servicio personalizado orientado a la excelencia. Nuestro prop\u00f3sito se refleja en nuestra frase distintiva: \u201cTu \u00e9xito, nuestras soluciones.\u201d<\/p><p>Aunque actualmente no tengamos vacantes publicadas que se ajusten a tu perfil, estamos siempre en la b\u00fasqueda de personas con talento que deseen formar parte de nuestro recorrido.<\/p><\/div><\/div><div style=\"padding: 15px;\"><p><strong>Si te identificas con las siguientes competencias personales, \u00a1queremos conocerte!<\/strong><\/p><ul><li>Pasi\u00f3n por la consultor\u00eda y la tecnolog\u00eda.<\/li><li>Orientaci\u00f3n al cliente.<\/li><li>Capacidad de comunicaci\u00f3n y buenas habilidades interpersonales.<\/li><li>Capacidad y talento para la gesti\u00f3n de recursos (tiempo, humanos y materiales).<\/li><li>Buena presentaci\u00f3n personal.<\/li><li>Motivaci\u00f3n para alcanzar objetivos individuales y de equipo.<\/li><li>Aptitud para la organizaci\u00f3n y el razonamiento anal\u00edtico.<\/li><li>Talento y profundo inter\u00e9s en el dise\u00f1o de soluciones.<\/li><li>Sentido de la responsabilidad y autonom\u00eda.<\/li><li>Esp\u00edritu emprendedor y actitud proactiva.<\/li><li>Disponibilidad para viajar (dentro y fuera del pa\u00eds) en el marco de proyectos espec\u00edficos.<\/li><\/ul><h3>\u00a1Env\u00edanos tu candidatura!<\/h3><h4><strong>\u00bfQu\u00e9 te ofrecemos?<\/strong><\/h4><ul><li>Un proceso s\u00f3lido y estructurado de formaci\u00f3n y certificaci\u00f3n que garantiza la preparaci\u00f3n adecuada para una nueva etapa en tu carrera como consultor.<\/li><li>Las mejores herramientas de trabajo.<\/li><li>Formaci\u00f3n continua y oportunidad de obtener certificaciones de Microsoft.<\/li><li>Un plan de carrera s\u00f3lido con excelentes oportunidades de desarrollo.<\/li><li>Conocimiento de distintas realidades y sectores de actividad.<\/li><li>Participaci\u00f3n en proyectos atractivos y motivadores, en contextos internacionales y multiculturales.<\/li><li>Un entorno de trabajo din\u00e1mico, relajado y colaborativo, combinado con un proceso de aprendizaje exigente que garantiza desaf\u00edos y oportunidades constantes.<\/li><\/ul><\/div><p><strong>ARQUICONSULT sigue creciendo y cuenta contigo.<\/strong><br \/><strong>Juntos podemos marcar la diferencia. \u00a1\u00danete a nosotros!<\/strong><\/p><div class=\"jumbotron\"><h3><span class=\"text-primary\"><strong>PR\u00d3XIMOS PASOS<\/strong><\/span><\/h3><p>Env\u00eda tu candidatura con CV y foto actualizada al correo electr\u00f3nico:<\/p><h3><span class=\"text-primary\">talent@arquiconsult.com<\/span><\/h3><p>indicando obligatoriamente en el asunto la referencia: Ref. ARQ\/Candidatura Espont\u00e1nea<\/p><\/div>    <\/div>\n<\/div>\n<!-- \/module text -->\t        <\/div>\n\t    \t<\/div>\n\t\t<div  data-lazy=\"1\" class=\"module_column tb-column col3-1 last tb_365s55 tf_box\">\n\t\t\t    \t        <div class=\"tb-column-inner tf_box tf_w\">\n\t\t    \t<div  data-sticky-active=\"{&quot;d&quot;:{&quot;stick&quot;:{&quot;v&quot;:&quot;222&quot;},&quot;unstick&quot;:{&quot;type&quot;:&quot;builder&quot;}}}\" data-lazy=\"1\" class=\"module_subrow themify_builder_sub_row repeat tb_s40g55 hide-mobile tf_w tf_clearfix\">\n\t    \t\t<div class=\"subrow_inner col_align_top col-count-1 tf_box tf_w\">\n\t\t\t<div  data-lazy=\"1\" class=\"sub_column module_column tf_box col-full first tb_md3355\" > \n\t    \t    \t        <div class=\"tb-column-inner tf_box tf_w\">\n\t\t    <!-- module text -->\n<div  class=\"module module-text tb_z36n581   \" data-lazy=\"1\">\n        <div  class=\"tb_text_wrap\">\n    <h3 style=\"text-align: center;\">\u00a1SUSCR\u00cdBETE!<\/h3><p style=\"text-align: center;\">Env\u00ede el CV con la referencia de la oferta a <strong> talent@arquiconsult.com <\/strong><\/p>    <\/div>\n<\/div>\n<!-- \/module text --><!-- module buttons -->\n<div  class=\"module module-buttons tb_5xji758 buttons-horizontal outline  large squared tf_textc\" data-lazy=\"1\">\n    \t<div class=\"module-buttons-item tf_inline_b\">\n\t\t\t\t\t\t\t<a href=\"mailto:%20talent@arquiconsult.com\" class=\"ui builder_button tb_default_color\" target=\"_blank\" rel=\"noopener\">\n\t\t\t\t\t\t\t\t\t\t\t<span class=\"tf_inline_b tf_vmiddle\">Enviar petici\u00f3n<\/span>\n\t\t\t\t\t\t\t\t\t\t\t<\/a>\n\t\t\t    \t<\/div>\n\t<\/div>\n<!-- \/module buttons -->\n\t        <\/div>\n\t    \t<\/div>\n\t\t    <\/div>\n\t<\/div><!-- \/themify_builder_sub_row -->\n\t\t        <\/div>\n\t    \t<\/div>\n\t\t    <\/div>\n\t    <!-- \/row_inner -->\n\t<\/div>\n\t<!-- \/module_row -->\n\t\t<!-- module_row -->\n\t<div  data-lazy=\"1\" class=\"module_row themify_builder_row repeat tb_1iqw14 tf_clearfix hide-desktop hide-tablet hide-tablet_landscape\" >\n\t    \t\t<div class=\"row_inner col_align_top col-count-1 tf_box tf_w tf_rel\">\n\t\t\t<div  data-lazy=\"1\" class=\"module_column tb-column col-full first tb_5sfr14 tf_box\">\n\t\t\t    \t        <div class=\"tb-column-inner tf_box tf_w\">\n\t\t    <!-- module text -->\n<div  class=\"module module-text tb_j2iy14   \" data-lazy=\"1\">\n        <div  class=\"tb_text_wrap\">\n    <h3 style=\"text-align: center;\">\u00a1SUSCR\u00cdBETE!<\/h3>\n<p style=\"text-align: center;\">Env\u00ede el CV con la referencia de la oferta a <strong> talent@arquiconsult.com <\/strong><\/p>    <\/div>\n<\/div>\n<!-- \/module text --><!-- module buttons -->\n<div  class=\"module module-buttons tb_v2fb15 buttons-horizontal outline  large squared tf_textc\" data-lazy=\"1\">\n    \t<div class=\"module-buttons-item tf_inline_b\">\n\t\t\t\t\t\t\t<a href=\"mailto:%20talent@arquiconsult.com\" class=\"ui builder_button tb_default_color\" target=\"_blank\" rel=\"noopener\">\n\t\t\t\t\t\t\t\t\t\t\t<span class=\"tf_inline_b tf_vmiddle\">Enviar petici\u00f3n<\/span>\n\t\t\t\t\t\t\t\t\t\t\t<\/a>\n\t\t\t    \t<\/div>\n\t<\/div>\n<!-- \/module buttons -->\n\t        <\/div>\n\t    \t<\/div>\n\t\t    <\/div>\n\t    <!-- \/row_inner -->\n\t<\/div>\n\t<!-- \/module_row -->\n\t<\/div>\n<!--\/themify_builder_content-->","protected":false},"excerpt":{"rendered":"<p>SPONTANEOUS APPLICATION Ref ARQ\/Candidatura Espont\u00e1nea CANDIDATURA ESPONT\u00c1NEA QUI\u00c9NES SOMOS Y QU\u00c9 HACEMOS Somos una empresa multinacional con \u00e1reas de especializaci\u00f3n centradas en los Sistemas de Informaci\u00f3n, concretamente en el desarrollo e implementaci\u00f3n de soluciones empresariales basadas en herramientas de Microsoft, con especial \u00e9nfasis en soluciones de gesti\u00f3n integrada (ERP). QU\u00c9 NOS MOTIVA La entrega de [&hellip;]<\/p>\n","protected":false},"author":4,"featured_media":0,"parent":0,"menu_order":0,"comment_status":"closed","ping_status":"closed","template":"","meta":[],"acf":[],"_links":{"self":[{"href":"https:\/\/arquiconsult.com\/es\/wp-json\/wp\/v2\/pages\/112689"}],"collection":[{"href":"https:\/\/arquiconsult.com\/es\/wp-json\/wp\/v2\/pages"}],"about":[{"href":"https:\/\/arquiconsult.com\/es\/wp-json\/wp\/v2\/types\/page"}],"author":[{"embeddable":true,"href":"https:\/\/arquiconsult.com\/es\/wp-json\/wp\/v2\/users\/4"}],"replies":[{"embeddable":true,"href":"https:\/\/arquiconsult.com\/es\/wp-json\/wp\/v2\/comments?post=112689"}],"version-history":[{"count":10,"href":"https:\/\/arquiconsult.com\/es\/wp-json\/wp\/v2\/pages\/112689\/revisions"}],"predecessor-version":[{"id":112774,"href":"https:\/\/arquiconsult.com\/es\/wp-json\/wp\/v2\/pages\/112689\/revisions\/112774"}],"wp:attachment":[{"href":"https:\/\/arquiconsult.com\/es\/wp-json\/wp\/v2\/media?parent=112689"}],"curies":[{"name":"wp","href":"https:\/\/api.w.org\/{rel}","templated":true}]}}