{"id":116609,"date":"2025-12-09T16:29:00","date_gmt":"2025-12-09T16:29:00","guid":{"rendered":"https:\/\/arquiconsult.com\/?page_id=116609"},"modified":"2025-12-09T16:52:53","modified_gmt":"2025-12-09T16:52:53","slug":"inteligencia-artificial-nuestros-servicios-de-habilitacion","status":"publish","type":"page","link":"https:\/\/arquiconsult.com\/es\/inteligencia-artificial-nuestros-servicios-de-habilitacion\/","title":{"rendered":"Inteligencia artificial &#8211; Nuestros Servicios de Habilitaci\u00f3n"},"content":{"rendered":"<!--themify_builder_content-->\n<div id=\"themify_builder_content-116609\" data-postid=\"116609\" class=\"themify_builder_content themify_builder_content-116609 themify_builder tf_clear\">\n    \t<!-- module_row -->\n\t<div  data-css_id=\"6v8r154\" data-lazy=\"1\" class=\"module_row themify_builder_row repeat fullwidth tb_6v8r154 tb_first tf_clearfix wow\" data-tf-animation=\"fadeInUp\" >\n\t    \t\t<div class=\"row_inner col_align_top col-count-1 tf_box tf_w tf_rel\">\n\t\t\t<div  data-lazy=\"1\" class=\"module_column tb-column col-full first tb_aqmw155 tf_box\">\n\t\t\t    \t        <div class=\"tb-column-inner tf_box tf_w\">\n\t\t    <!-- module text -->\n<div  class=\"module module-text tb_fzko155  repeat \" data-lazy=\"1\">\n        <div  class=\"tb_text_wrap\">\n    <h2 style=\"text-align: center;\"><b>Nuestros Servicios de Habilitaci\u00f3n<\/b><\/h2>    <\/div>\n<\/div>\n<!-- \/module text -->\t        <\/div>\n\t    \t<\/div>\n\t\t    <\/div>\n\t    <!-- \/row_inner -->\n\t<\/div>\n\t<!-- \/module_row -->\n\t\t<!-- module_row -->\n\t<div  data-css_id=\"7xzw155\" data-lazy=\"1\" class=\"module_row themify_builder_row repeat fullwidth tb_7xzw155 tf_clearfix\" >\n\t    \t\t<div class=\"row_inner col_align_top col-count-3 tf_box tf_w tf_rel\"  data-basecol=\"3\" data-col_tablet=\"column-full\" data-col_tablet_landscape=\"column6-1\" data-col_mobile=\"column-full\">\n\t\t\t<div  data-lazy=\"1\" class=\"module_column tb-column col3-1 first tb_kadi155 repeat tf_box\">\n\t\t\t    \t        <div class=\"tb-column-inner tf_box tf_w\">\n\t\t    <!-- module image -->\n<div  class=\"module module-image tb_ydup155   image-center tf_mw\" data-lazy=\"1\">\n        <div class=\"image-wrap tf_rel tf_mw\">\n\t\t    \t\n\t\t<\/div>\n\t<!-- \/image-wrap -->\n    \n    \t<div class=\"image-content\">\n\t    \t\t\t<h3 class=\"image-title\">\n\t\t\t\t\t\t\t\t\tImplementaci\u00f3n del Marco de Gobernanza de IA \t\t\t\t\t\t\t<\/h3>\n\t    \n\t    \t\t<div class=\"image-caption tb_text_wrap\">\n\t\t    Establezca las pol\u00edticas, procedimientos y mecanismos de supervisi\u00f3n necesarios para una adopci\u00f3n responsable y escalable de la IA en toda su organizaci\u00f3n. Le ayudamos a dise\u00f1ar e implementar marcos de gobernanza que equilibren la innovaci\u00f3n con la seguridad, el cumplimiento normativo y las consideraciones \u00e9ticas.\t    <\/div>\n\t    <!-- \/image-caption -->\n\t    \t<\/div>\n\t<!-- \/image-content -->\n    \t<\/div>\n<!-- \/module image --><!-- module text -->\n<div  class=\"module module-text tb_91zl155  repeat \" data-lazy=\"1\">\n        <div  class=\"tb_text_wrap\">\n    <p style=\"text-align: left;\"><style>#sp-ea-118693 .spcollapsing { height: 0; overflow: hidden; transition-property: height;transition-duration: 300ms;}#sp-ea-118693.sp-easy-accordion>.sp-ea-single {margin-bottom: 10px; border: 0px solid #e2e2e2; }#sp-ea-118693.sp-easy-accordion>.sp-ea-single>.ea-header a {color: #444;}#sp-ea-118693.sp-easy-accordion>.sp-ea-single>.sp-collapse>.ea-body {background: transparent; color: #444;}#sp-ea-118693.sp-easy-accordion>.sp-ea-single {background: transparent;}#sp-ea-118693.sp-easy-accordion>.sp-ea-single>.ea-header a .ea-expand-icon { float: left; color: #444;font-size: 16px;}<\/style><div id=\"sp_easy_accordion-1765297947\"><div id=\"sp-ea-118693\" class=\"sp-ea-one sp-easy-accordion\" data-ea-active=\"ea-click\" data-ea-mode=\"vertical\" data-preloader=\"\" data-scroll-active-item=\"\" data-offset-to-scroll=\"0\"><div class=\"ea-card ea-expand sp-ea-single\"><h3 class=\"ea-header\"><a class=\"collapsed\" id=\"ea-header-1186930\" role=\"button\" data-sptoggle=\"spcollapse\" data-sptarget=\"#collapse1186930\" aria-controls=\"collapse1186930\" href=\"#\" aria-expanded=\"true\" tabindex=\"0\"><i aria-hidden=\"true\" role=\"presentation\" class=\"ea-expand-icon eap-icon-ea-expand-minus\"><\/i> Componentes de Gobernanza:<\/a><\/h3><div class=\"sp-collapse spcollapse collapsed show\" id=\"collapse1186930\" data-parent=\"#sp-ea-118693\" role=\"region\" aria-labelledby=\"ea-header-1186930\"> <div class=\"ea-body\"><strong>.<\/strong> Pol\u00edticas de uso de IA y directrices \u00e9ticas;<br><strong>.<\/strong> Normas de gobernanza de datos y protecci\u00f3n de la privacidad;<br><strong>.<\/strong> Controles de acceso y permisos basados en roles;<br><strong>.<\/strong> Flujos de aprobaci\u00f3n y despliegue de agentes de IA;<br><strong>.<\/strong> Monitoreo, auditor\u00eda e informes de cumplimiento;<br><strong>.<\/strong> Mejora continua y evoluci\u00f3n de pol\u00edticas.<\/div><\/div><\/div><\/div><\/div><\/p>    <\/div>\n<\/div>\n<!-- \/module text -->\t        <\/div>\n\t    \t<\/div>\n\t\t<div  data-lazy=\"1\" class=\"module_column tb-column col3-1 middle tb_rfcv155 repeat tf_box\">\n\t\t\t    \t        <div class=\"tb-column-inner tf_box tf_w\">\n\t\t    <!-- module image -->\n<div  class=\"module module-image tb_ox3q155   image-center tf_mw\" data-lazy=\"1\">\n        <div class=\"image-wrap tf_rel tf_mw\">\n\t\t    \t\n\t\t<\/div>\n\t<!-- \/image-wrap -->\n    \n    \t<div class=\"image-content\">\n\t    \t\t\t<h3 class=\"image-title\">\n\t\t\t\t\t\t\t\t\tGesti\u00f3n del Cambio y Estrategia de Adopci\u00f3n\t\t\t\t\t\t\t<\/h3>\n\t    \n\t    \t\t<div class=\"image-caption tb_text_wrap\">\n\t\t    La transformaci\u00f3n con IA requiere un cambio organizacional. Desarrollamos y ejecutamos estrategias de gesti\u00f3n del cambio que preparan a su equipo, generan entusiasmo en torno a las capacidades de IA, abordan la resistencia y crean embajadores que impulsan la adopci\u00f3n en todos los departamentos.\t    <\/div>\n\t    <!-- \/image-caption -->\n\t    \t<\/div>\n\t<!-- \/image-content -->\n    \t<\/div>\n<!-- \/module image --><!-- module text -->\n<div  class=\"module module-text tb_orjh155  repeat \" data-lazy=\"1\">\n        <div  class=\"tb_text_wrap\">\n    <p style=\"text-align: left;\"><style>#sp-ea-118694 .spcollapsing { height: 0; overflow: hidden; transition-property: height;transition-duration: 300ms;}#sp-ea-118694.sp-easy-accordion>.sp-ea-single {margin-bottom: 10px; border: 0px solid #e2e2e2; }#sp-ea-118694.sp-easy-accordion>.sp-ea-single>.ea-header a {color: #444;}#sp-ea-118694.sp-easy-accordion>.sp-ea-single>.sp-collapse>.ea-body {background: transparent; color: #444;}#sp-ea-118694.sp-easy-accordion>.sp-ea-single {background: transparent;}#sp-ea-118694.sp-easy-accordion>.sp-ea-single>.ea-header a .ea-expand-icon { float: left; color: #444;font-size: 16px;}<\/style><div id=\"sp_easy_accordion-1765298091\"><div id=\"sp-ea-118694\" class=\"sp-ea-one sp-easy-accordion\" data-ea-active=\"ea-click\" data-ea-mode=\"vertical\" data-preloader=\"\" data-scroll-active-item=\"\" data-offset-to-scroll=\"0\"><div class=\"ea-card ea-expand sp-ea-single\"><h3 class=\"ea-header\"><a class=\"collapsed\" id=\"ea-header-1186940\" role=\"button\" data-sptoggle=\"spcollapse\" data-sptarget=\"#collapse1186940\" aria-controls=\"collapse1186940\" href=\"#\" aria-expanded=\"true\" tabindex=\"0\"><i aria-hidden=\"true\" role=\"presentation\" class=\"ea-expand-icon eap-icon-ea-expand-minus\"><\/i> Nuestro Enfoque de Gesti\u00f3n del Cambio:<\/a><\/h3><div class=\"sp-collapse spcollapse collapsed show\" id=\"collapse1186940\" data-parent=\"#sp-ea-118694\" role=\"region\" aria-labelledby=\"ea-header-1186940\"> <div class=\"ea-body\"><strong>.<\/strong> An\u00e1lisis de partes interesadas y planificaci\u00f3n de la participaci\u00f3n;<br><strong>.<\/strong> Activaci\u00f3n del patrocinio ejecutivo;<br><strong>.<\/strong> Campa\u00f1as de comunicaci\u00f3n y programas de concienciaci\u00f3n;<br><strong>.<\/strong> Desarrollo y capacitaci\u00f3n de la red de embajadores;<br><strong>.<\/strong> Recopilaci\u00f3n de comentarios y mejora continua;<br><strong>.<\/strong> M\u00e9tricas de adopci\u00f3n y medici\u00f3n del \u00e9xito.<\/div><\/div><\/div><\/div><\/div><\/p>    <\/div>\n<\/div>\n<!-- \/module text -->\t        <\/div>\n\t    \t<\/div>\n\t\t<div  data-lazy=\"1\" class=\"module_column tb-column col3-1 last tb_s517156 repeat tf_box\">\n\t\t\t    \t        <div class=\"tb-column-inner tf_box tf_w\">\n\t\t    <!-- module image -->\n<div  class=\"module module-image tb_ge62156   image-center tf_mw\" data-lazy=\"1\">\n        <div class=\"image-wrap tf_rel tf_mw\">\n\t\t    \t\n\t\t<\/div>\n\t<!-- \/image-wrap -->\n    \n    \t<div class=\"image-content\">\n\t    \t\t\t<h3 class=\"image-title\">\n\t\t\t\t\t\t\t\t\tProgramas de Formaci\u00f3n y Capacitaci\u00f3n\t\t\t\t\t\t\t<\/h3>\n\t    \n\t    \t\t<div class=\"image-caption tb_text_wrap\">\n\t\t    Equipa a tus equipos con el conocimiento y las habilidades necesarias para aprovechar la IA de manera efectiva. Dise\u00f1amos y ofrecemos programas de formaci\u00f3n basados en roles que combinan comprensi\u00f3n conceptual con pr\u00e1ctica aplicada, asegurando que los usuarios puedan utilizar las herramientas de IA con confianza en su trabajo diario.\t    <\/div>\n\t    <!-- \/image-caption -->\n\t    \t<\/div>\n\t<!-- \/image-content -->\n    \t<\/div>\n<!-- \/module image --><!-- module text -->\n<div  class=\"module module-text tb_29dh156  repeat \" data-lazy=\"1\">\n        <div  class=\"tb_text_wrap\">\n    <p style=\"text-align: left;\"><style>#sp-ea-118696 .spcollapsing { height: 0; overflow: hidden; transition-property: height;transition-duration: 300ms;}#sp-ea-118696.sp-easy-accordion>.sp-ea-single {margin-bottom: 10px; border: 0px solid #e2e2e2; }#sp-ea-118696.sp-easy-accordion>.sp-ea-single>.ea-header a {color: #444;}#sp-ea-118696.sp-easy-accordion>.sp-ea-single>.sp-collapse>.ea-body {background: transparent; color: #444;}#sp-ea-118696.sp-easy-accordion>.sp-ea-single {background: transparent;}#sp-ea-118696.sp-easy-accordion>.sp-ea-single>.ea-header a .ea-expand-icon { float: left; color: #444;font-size: 16px;}<\/style><div id=\"sp_easy_accordion-1765298219\"><div id=\"sp-ea-118696\" class=\"sp-ea-one sp-easy-accordion\" data-ea-active=\"ea-click\" data-ea-mode=\"vertical\" data-preloader=\"\" data-scroll-active-item=\"\" data-offset-to-scroll=\"0\"><div class=\"ea-card ea-expand sp-ea-single\"><h3 class=\"ea-header\"><a class=\"collapsed\" id=\"ea-header-1186960\" role=\"button\" data-sptoggle=\"spcollapse\" data-sptarget=\"#collapse1186960\" aria-controls=\"collapse1186960\" href=\"#\" aria-expanded=\"true\" tabindex=\"0\"><i aria-hidden=\"true\" role=\"presentation\" class=\"ea-expand-icon eap-icon-ea-expand-minus\"><\/i> Elementos del Programa de Formaci\u00f3n:<\/a><\/h3><div class=\"sp-collapse spcollapse collapsed show\" id=\"collapse1186960\" data-parent=\"#sp-ea-118696\" role=\"region\" aria-labelledby=\"ea-header-1186960\"> <div class=\"ea-body\"><strong>.<\/strong> Sesiones informativas para ejecutivos sobre estrategia de IA y valor empresarial;<br><strong>.<\/strong> Formaci\u00f3n para usuarios finales en Copilot para Ventas, Servicio y Finanzas;<br><strong>.<\/strong> Talleres para usuarios avanzados sobre Copilot Studio y agentes personalizados;<br><strong>.<\/strong> Capacitaci\u00f3n para administradores de TI en despliegue y gesti\u00f3n;<br><strong>.<\/strong> Recursos de aprendizaje continuo y plataformas de intercambio de conocimiento;<br><strong>. <\/strong>Rutas de certificaci\u00f3n para desarrolladores de soluciones de IA.<\/div><\/div><\/div><\/div><\/div><\/p>    <\/div>\n<\/div>\n<!-- \/module text -->\t        <\/div>\n\t    \t<\/div>\n\t\t    <\/div>\n\t    <!-- \/row_inner -->\n\t<\/div>\n\t<!-- \/module_row -->\n\t\t<!-- module_row -->\n\t<div  data-css_id=\"c5rl896\" data-lazy=\"1\" class=\"module_row themify_builder_row repeat fullwidth tb_c5rl896 tf_clearfix\" >\n\t    \t\t<div class=\"row_inner col_align_top col-count-3 tf_box tf_w tf_rel\"  data-basecol=\"3\" data-col_tablet=\"column-full\" data-col_tablet_landscape=\"column6-1\" data-col_mobile=\"column-full\">\n\t\t\t<div  data-lazy=\"1\" class=\"module_column tb-column col3-1 first tb_83n8896 repeat tf_box\">\n\t\t\t    \t        <div class=\"tb-column-inner tf_box tf_w\">\n\t\t    <!-- module image -->\n<div  class=\"module module-image tb_et4y896   image-center tf_mw\" data-lazy=\"1\">\n        <div class=\"image-wrap tf_rel tf_mw\">\n\t\t    \t\n\t\t<\/div>\n\t<!-- \/image-wrap -->\n    \n    \t<div class=\"image-content\">\n\t    \t\t\t<h3 class=\"image-title\">\n\t\t\t\t\t\t\t\t\tServicios de Despliegue de Copilot\t\t\t\t\t\t\t<\/h3>\n\t    \n\t    \t\t<div class=\"image-caption tb_text_wrap\">\n\t\t    Ofrecemos servicios integrales para el despliegue de Microsoft 365 Copilot y soluciones Copilot basadas en roles en todo su entorno Dynamics 365. Nuestra metodolog\u00eda de implementaci\u00f3n sigue las mejores pr\u00e1cticas de Microsoft y las recomendaciones de FastTrack para garantizar un lanzamiento exitoso.\t    <\/div>\n\t    <!-- \/image-caption -->\n\t    \t<\/div>\n\t<!-- \/image-content -->\n    \t<\/div>\n<!-- \/module image --><!-- module text -->\n<div  class=\"module module-text tb_tgxo896  repeat \" data-lazy=\"1\">\n        <div  class=\"tb_text_wrap\">\n    <p style=\"text-align: left;\"><style>#sp-ea-118697 .spcollapsing { height: 0; overflow: hidden; transition-property: height;transition-duration: 300ms;}#sp-ea-118697.sp-easy-accordion>.sp-ea-single {margin-bottom: 10px; border: 0px solid #e2e2e2; }#sp-ea-118697.sp-easy-accordion>.sp-ea-single>.ea-header a {color: #444444;}#sp-ea-118697.sp-easy-accordion>.sp-ea-single>.sp-collapse>.ea-body {background: transparent; color: #444;}#sp-ea-118697.sp-easy-accordion>.sp-ea-single {background: transparent;}#sp-ea-118697.sp-easy-accordion>.sp-ea-single>.ea-header a .ea-expand-icon { float: left; color: #444;font-size: 16px;}<\/style><div id=\"sp_easy_accordion-1765298365\"><div id=\"sp-ea-118697\" class=\"sp-ea-one sp-easy-accordion\" data-ea-active=\"ea-click\" data-ea-mode=\"vertical\" data-preloader=\"\" data-scroll-active-item=\"\" data-offset-to-scroll=\"0\"><div class=\"ea-card ea-expand sp-ea-single\"><h3 class=\"ea-header\"><a class=\"collapsed\" id=\"ea-header-1186970\" role=\"button\" data-sptoggle=\"spcollapse\" data-sptarget=\"#collapse1186970\" aria-controls=\"collapse1186970\" href=\"#\" aria-expanded=\"true\" tabindex=\"0\"><i aria-hidden=\"true\" role=\"presentation\" class=\"ea-expand-icon eap-icon-ea-expand-minus\"><\/i> Los Servicios de Despliegue Incluyen:<\/a><\/h3><div class=\"sp-collapse spcollapse collapsed show\" id=\"collapse1186970\" data-parent=\"#sp-ea-118697\" role=\"region\" aria-labelledby=\"ea-header-1186970\"> <div class=\"ea-body\"><strong>.<\/strong> Validaci\u00f3n y configuraci\u00f3n de prerrequisitos t\u00e9cnicos;<br><strong>.<\/strong> Fortalecimiento de seguridad y cumplimiento normativo;<br><strong>.<\/strong> Planificaci\u00f3n y ejecuci\u00f3n de despliegue por fases;<br><strong>.<\/strong> Aprovisionamiento de usuarios y gesti\u00f3n de licencias;<br><strong>.<\/strong> Integraci\u00f3n con Dynamics 365 y Power Platform;<br><strong>.<\/strong> Monitoreo de rendimiento y resoluci\u00f3n de problemas.<\/div><\/div><\/div><\/div><\/div><\/p>    <\/div>\n<\/div>\n<!-- \/module text -->\t        <\/div>\n\t    \t<\/div>\n\t\t<div  data-lazy=\"1\" class=\"module_column tb-column col3-1 middle tb_frsr896 repeat tf_box\">\n\t\t\t    \t        <div class=\"tb-column-inner tf_box tf_w\">\n\t\t    <!-- module image -->\n<div  class=\"module module-image tb_dii1896   image-center tf_mw\" data-lazy=\"1\">\n        <div class=\"image-wrap tf_rel tf_mw\">\n\t\t    \t\n\t\t<\/div>\n\t<!-- \/image-wrap -->\n    \n    \t<div class=\"image-content\">\n\t    \t\t\t<h3 class=\"image-title\">\n\t\t\t\t\t\t\t\t\tDesarrollo de Agentes Personalizados con Copilot Studio\t\t\t\t\t\t\t<\/h3>\n\t    \n\t    \t\t<div class=\"image-caption tb_text_wrap\">\n\t\t    Cree agentes inteligentes adaptados a sus procesos empresariales \u00fanicos utilizando Copilot Studio. Nuestros desarrolladores certificados dise\u00f1an copilotos personalizados que automatizan flujos de trabajo, responden preguntas de empleados, se integran con sistemas empresariales y ampl\u00edan las capacidades de Microsoft 365 Copilot.\t    <\/div>\n\t    <!-- \/image-caption -->\n\t    \t<\/div>\n\t<!-- \/image-content -->\n    \t<\/div>\n<!-- \/module image --><!-- module text -->\n<div  class=\"module module-text tb_awe9896  repeat \" data-lazy=\"1\">\n        <div  class=\"tb_text_wrap\">\n    <p style=\"text-align: left;\"><style>#sp-ea-118699 .spcollapsing { height: 0; overflow: hidden; transition-property: height;transition-duration: 300ms;}#sp-ea-118699.sp-easy-accordion>.sp-ea-single {margin-bottom: 10px; border: 0px solid #e2e2e2; }#sp-ea-118699.sp-easy-accordion>.sp-ea-single>.ea-header a {color: #444;}#sp-ea-118699.sp-easy-accordion>.sp-ea-single>.sp-collapse>.ea-body {background: transparent; color: #444;}#sp-ea-118699.sp-easy-accordion>.sp-ea-single {background: transparent;}#sp-ea-118699.sp-easy-accordion>.sp-ea-single>.ea-header a .ea-expand-icon { float: left; color: #444;font-size: 16px;}<\/style><div id=\"sp_easy_accordion-1765298507\"><div id=\"sp-ea-118699\" class=\"sp-ea-one sp-easy-accordion\" data-ea-active=\"ea-click\" data-ea-mode=\"vertical\" data-preloader=\"\" data-scroll-active-item=\"\" data-offset-to-scroll=\"0\"><div class=\"ea-card ea-expand sp-ea-single\"><h3 class=\"ea-header\"><a class=\"collapsed\" id=\"ea-header-1186990\" role=\"button\" data-sptoggle=\"spcollapse\" data-sptarget=\"#collapse1186990\" aria-controls=\"collapse1186990\" href=\"#\" aria-expanded=\"true\" tabindex=\"0\"><i aria-hidden=\"true\" role=\"presentation\" class=\"ea-expand-icon eap-icon-ea-expand-minus\"><\/i> Soluciones de Agentes Personalizados:<\/a><\/h3><div class=\"sp-collapse spcollapse collapsed show\" id=\"collapse1186990\" data-parent=\"#sp-ea-118699\" role=\"region\" aria-labelledby=\"ea-header-1186990\"> <div class=\"ea-body\"><strong>.<\/strong> IA conversacional para autoservicio de empleados;<br><strong>.<\/strong> Agentes de automatizaci\u00f3n de procesos para finanzas, RR. HH. y operaciones;<br><strong>.<\/strong> Integraci\u00f3n con bases de conocimiento y b\u00fasqueda inteligente;<br><strong>.<\/strong> Agentes de integraci\u00f3n con CRM y ERP;<br><strong>.<\/strong> Conectores personalizados para sistemas de terceros;<br><strong>.<\/strong> Orquestaci\u00f3n de flujos de trabajo y automatizaci\u00f3n de aprobaciones.<\/div><\/div><\/div><\/div><\/div><\/p>    <\/div>\n<\/div>\n<!-- \/module text -->\t        <\/div>\n\t    \t<\/div>\n\t\t<div  data-lazy=\"1\" class=\"module_column tb-column col3-1 last tb_zz1z896 repeat tf_box\">\n\t\t\t    \t        <div class=\"tb-column-inner tf_box tf_w\">\n\t\t    <!-- module image -->\n<div  class=\"module module-image tb_kyyk897   image-center tf_mw\" data-lazy=\"1\">\n        <div class=\"image-wrap tf_rel tf_mw\">\n\t\t    \t\n\t\t<\/div>\n\t<!-- \/image-wrap -->\n    \n    \t<div class=\"image-content\">\n\t    \t\t\t<h3 class=\"image-title\">\n\t\t\t\t\t\t\t\t\tMonitoreo del Rendimiento y Optimizaci\u00f3n\t\t\t\t\t\t\t<\/h3>\n\t    \n\t    \t\t<div class=\"image-caption tb_text_wrap\">\n\t\t    La transformaci\u00f3n con IA no termina con el despliegue. Establecemos marcos de monitoreo para rastrear m\u00e9tricas de adopci\u00f3n, satisfacci\u00f3n del usuario, impacto empresarial y rendimiento t\u00e9cnico. Con base en los datos recopilados, optimizamos continuamente sus soluciones de IA para maximizar el valor.\t    <\/div>\n\t    <!-- \/image-caption -->\n\t    \t<\/div>\n\t<!-- \/image-content -->\n    \t<\/div>\n<!-- \/module image --><!-- module text -->\n<div  class=\"module module-text tb_m06n897  repeat \" data-lazy=\"1\">\n        <div  class=\"tb_text_wrap\">\n    <p style=\"text-align: left;\"><style>#sp-ea-118702 .spcollapsing { height: 0; overflow: hidden; transition-property: height;transition-duration: 300ms;}#sp-ea-118702.sp-easy-accordion>.sp-ea-single {margin-bottom: 10px; border: 0px solid #e2e2e2; }#sp-ea-118702.sp-easy-accordion>.sp-ea-single>.ea-header a {color: #444;}#sp-ea-118702.sp-easy-accordion>.sp-ea-single>.sp-collapse>.ea-body {background: transparent; color: #444;}#sp-ea-118702.sp-easy-accordion>.sp-ea-single {background: transparent;}#sp-ea-118702.sp-easy-accordion>.sp-ea-single>.ea-header a .ea-expand-icon { float: left; color: #444;font-size: 16px;}<\/style><div id=\"sp_easy_accordion-1765298636\"><div id=\"sp-ea-118702\" class=\"sp-ea-one sp-easy-accordion\" data-ea-active=\"ea-click\" data-ea-mode=\"vertical\" data-preloader=\"\" data-scroll-active-item=\"\" data-offset-to-scroll=\"0\"><div class=\"ea-card ea-expand sp-ea-single\"><h3 class=\"ea-header\"><a class=\"collapsed\" id=\"ea-header-1187020\" role=\"button\" data-sptoggle=\"spcollapse\" data-sptarget=\"#collapse1187020\" aria-controls=\"collapse1187020\" href=\"#\" aria-expanded=\"true\" tabindex=\"0\"><i aria-hidden=\"true\" role=\"presentation\" class=\"ea-expand-icon eap-icon-ea-expand-minus\"><\/i> Servicios de Optimizaci\u00f3n:<\/a><\/h3><div class=\"sp-collapse spcollapse collapsed show\" id=\"collapse1187020\" data-parent=\"#sp-ea-118702\" role=\"region\" aria-labelledby=\"ea-header-1187020\"> <div class=\"ea-body\"><strong>.<\/strong> An\u00e1lisis de adopci\u00f3n e informes de uso;<br><strong>.<\/strong> Recopilaci\u00f3n y an\u00e1lisis de comentarios de usuarios;<br><strong>.<\/strong> Ajuste de rendimiento y mejora de capacidades;<br><strong>.<\/strong> Identificaci\u00f3n y priorizaci\u00f3n de nuevos casos de uso;<br><strong>.<\/strong> Compartici\u00f3n de mejores pr\u00e1cticas y aprendizaje continuo;<br><strong>.<\/strong> Medici\u00f3n y reporte del ROI.<\/div><\/div><\/div><\/div><\/div><\/p>    <\/div>\n<\/div>\n<!-- \/module text -->\t        <\/div>\n\t    \t<\/div>\n\t\t    <\/div>\n\t    <!-- \/row_inner -->\n\t<\/div>\n\t<!-- \/module_row -->\n\t\t<!-- module_row -->\n\t<div  data-lazy=\"1\" class=\"module_row themify_builder_row tb_93vs605 tf_clearfix\">\n\t    \t\t<div class=\"row_inner col_align_top col-count-1 tf_box tf_w tf_rel\">\n\t\t\t<div  data-lazy=\"1\" class=\"module_column tb-column col-full first tb_wxnb605 tf_box\">\n\t\t\t    \t        <div class=\"tb-column-inner tf_box tf_w\">\n\t\t    <!-- module buttons -->\n<div  class=\"module module-buttons tb_qy9a605 buttons-horizontal solid  xlarge rounded tf_textc\" data-lazy=\"1\">\n    \t<div class=\"module-buttons-item tf_inline_b\">\n\t\t\t\t\t\t\t<a href=\"https:\/\/arquiconsult.com\/es\/habilitacion-de-ia-y-transformacion-digital\/\" class=\"ui builder_button red\" >\n\t\t\t\t\t\t\t\t\t\t\t<span class=\"tf_inline_b tf_vmiddle\">Volver a <\/span>\n\t\t\t\t\t\t\t\t\t\t\t<\/a>\n\t\t\t    \t<\/div>\n\t<\/div>\n<!-- \/module buttons -->\n\t        <\/div>\n\t    \t<\/div>\n\t\t    <\/div>\n\t    <!-- \/row_inner -->\n\t<\/div>\n\t<!-- \/module_row -->\n\t<\/div>\n<!--\/themify_builder_content-->","protected":false},"excerpt":{"rendered":"<p>Nuestros Servicios de Habilitaci\u00f3n Implementaci\u00f3n del Marco de Gobernanza de IA Establezca las pol\u00edticas, procedimientos y mecanismos de supervisi\u00f3n necesarios para una adopci\u00f3n responsable y escalable de la IA en toda su organizaci\u00f3n. Le ayudamos a dise\u00f1ar e implementar marcos de gobernanza que equilibren la innovaci\u00f3n con la seguridad, el cumplimiento normativo y las consideraciones [&hellip;]<\/p>\n","protected":false},"author":4,"featured_media":0,"parent":0,"menu_order":0,"comment_status":"closed","ping_status":"closed","template":"","meta":[],"acf":[],"_links":{"self":[{"href":"https:\/\/arquiconsult.com\/es\/wp-json\/wp\/v2\/pages\/116609"}],"collection":[{"href":"https:\/\/arquiconsult.com\/es\/wp-json\/wp\/v2\/pages"}],"about":[{"href":"https:\/\/arquiconsult.com\/es\/wp-json\/wp\/v2\/types\/page"}],"author":[{"embeddable":true,"href":"https:\/\/arquiconsult.com\/es\/wp-json\/wp\/v2\/users\/4"}],"replies":[{"embeddable":true,"href":"https:\/\/arquiconsult.com\/es\/wp-json\/wp\/v2\/comments?post=116609"}],"version-history":[{"count":13,"href":"https:\/\/arquiconsult.com\/es\/wp-json\/wp\/v2\/pages\/116609\/revisions"}],"predecessor-version":[{"id":118710,"href":"https:\/\/arquiconsult.com\/es\/wp-json\/wp\/v2\/pages\/116609\/revisions\/118710"}],"wp:attachment":[{"href":"https:\/\/arquiconsult.com\/es\/wp-json\/wp\/v2\/media?parent=116609"}],"curies":[{"name":"wp","href":"https:\/\/api.w.org\/{rel}","templated":true}]}}