{"id":117645,"date":"2025-12-16T14:46:57","date_gmt":"2025-12-16T14:46:57","guid":{"rendered":"https:\/\/arquiconsult.com\/?page_id=117645"},"modified":"2025-12-16T15:36:34","modified_gmt":"2025-12-16T15:36:34","slug":"casos-de-uso-de-agentes-personalizados","status":"publish","type":"page","link":"https:\/\/arquiconsult.com\/es\/casos-de-uso-de-agentes-personalizados\/","title":{"rendered":"Casos de Uso de Agentes Personalizados"},"content":{"rendered":"<!--themify_builder_content-->\n<div id=\"themify_builder_content-117645\" data-postid=\"117645\" class=\"themify_builder_content themify_builder_content-117645 themify_builder tf_clear\">\n    \t<!-- module_row -->\n\t<div  data-css_id=\"k1j5585\" data-lazy=\"1\" class=\"module_row themify_builder_row repeat fullwidth tb_k1j5585 tb_first tf_clearfix wow\" data-tf-animation=\"fadeInUp\" >\n\t    \t\t<div class=\"row_inner col_align_top col-count-1 tf_box tf_w tf_rel\">\n\t\t\t<div  data-lazy=\"1\" class=\"module_column tb-column col-full first tb_qq2s586 tf_box\">\n\t\t\t    \t        <div class=\"tb-column-inner tf_box tf_w\">\n\t\t    <!-- module text -->\n<div  class=\"module module-text tb_rd0e586  repeat \" data-lazy=\"1\">\n        <div  class=\"tb_text_wrap\">\n    <h2 style=\"text-align: center;\"><strong>Casos de Uso de Agentes Personalizados<\/strong><\/h2>    <\/div>\n<\/div>\n<!-- \/module text -->\t        <\/div>\n\t    \t<\/div>\n\t\t    <\/div>\n\t    <!-- \/row_inner -->\n\t<\/div>\n\t<!-- \/module_row -->\n\t\t<!-- module_row -->\n\t<div  data-css_id=\"asp4115\" data-lazy=\"1\" class=\"module_row themify_builder_row repeat fullwidth tb_asp4115 tf_clearfix\" >\n\t    \t\t<div class=\"row_inner col_align_top col-count-3 tf_box tf_w tf_rel\"  data-basecol=\"3\" data-col_tablet=\"column-full\" data-col_tablet_landscape=\"column6-1\" data-col_mobile=\"column-full\">\n\t\t\t<div  data-lazy=\"1\" class=\"module_column tb-column col3-1 first tb_6znu115 repeat tf_box\">\n\t\t\t    \t        <div class=\"tb-column-inner tf_box tf_w\">\n\t\t    <!-- module image -->\n<div  class=\"module module-image tb_wm5r116   image-center tf_mw\" data-lazy=\"1\">\n        <div class=\"image-wrap tf_rel tf_mw\">\n\t\t    \t\n\t\t<\/div>\n\t<!-- \/image-wrap -->\n    \n    \t<div class=\"image-content\">\n\t    \t\t\t<h3 class=\"image-title\">\n\t\t\t\t\t\t\t\t\tAgentes de Autoservicio para Empleados\t\t\t\t\t\t\t<\/h3>\n\t    \n\t    \t\t<div class=\"image-caption tb_text_wrap\">\n\t\t    Cree agentes de IA conversacional que respondan a las consultas de los empleados, los gu\u00eden en procesos y automaticen tareas rutinarias de RR. HH., TI y funciones administrativas, reduciendo el volumen de solicitudes de soporte y aumentando la satisfacci\u00f3n de los empleados.\t    <\/div>\n\t    <!-- \/image-caption -->\n\t    \t<\/div>\n\t<!-- \/image-content -->\n    \t<\/div>\n<!-- \/module image --><!-- module text -->\n<div  class=\"module module-text tb_sprp116  repeat \" data-lazy=\"1\">\n        <div  class=\"tb_text_wrap\">\n    <p style=\"text-align: left;\"><style>#sp-ea-119638 .spcollapsing { height: 0; overflow: hidden; transition-property: height;transition-duration: 300ms;}#sp-ea-119638.sp-easy-accordion>.sp-ea-single {margin-bottom: 10px; border: 0px solid #e2e2e2; }#sp-ea-119638.sp-easy-accordion>.sp-ea-single>.ea-header a {color: #444;}#sp-ea-119638.sp-easy-accordion>.sp-ea-single>.sp-collapse>.ea-body {background: transparent; color: #444;}#sp-ea-119638.sp-easy-accordion>.sp-ea-single {background: transparent;}#sp-ea-119638.sp-easy-accordion>.sp-ea-single>.ea-header a .ea-expand-icon { float: left; color: #444;font-size: 16px;}<\/style><div id=\"sp_easy_accordion-1765896654\"><div id=\"sp-ea-119638\" class=\"sp-ea-one sp-easy-accordion\" data-ea-active=\"ea-click\" data-ea-mode=\"vertical\" data-preloader=\"\" data-scroll-active-item=\"\" data-offset-to-scroll=\"0\"><div class=\"ea-card ea-expand sp-ea-single\"><h3 class=\"ea-header\"><a class=\"collapsed\" id=\"ea-header-1196380\" role=\"button\" data-sptoggle=\"spcollapse\" data-sptarget=\"#collapse1196380\" aria-controls=\"collapse1196380\" href=\"#\" aria-expanded=\"true\" tabindex=\"0\"><i aria-hidden=\"true\" role=\"presentation\" class=\"ea-expand-icon eap-icon-ea-expand-minus\"><\/i> Ejemplos de casos de uso:<\/a><\/h3><div class=\"sp-collapse spcollapse collapsed show\" id=\"collapse1196380\" data-parent=\"#sp-ea-119638\" role=\"region\" aria-labelledby=\"ea-header-1196380\"> <div class=\"ea-body\">. Agente de informaci\u00f3n sobre beneficios y pol\u00edticas de RR. HH.;<br>. Automatizaci\u00f3n del helpdesk de TI y restablecimiento de contrase\u00f1as;<br>. Flujos de reporte y aprobaci\u00f3n de gastos;<br>. Orientaci\u00f3n y documentaci\u00f3n para el onboarding;<br>. Solicitudes de instalaciones y servicios del entorno de trabajo.<\/div><\/div><\/div><\/div><\/div><\/p>    <\/div>\n<\/div>\n<!-- \/module text -->\t        <\/div>\n\t    \t<\/div>\n\t\t<div  data-lazy=\"1\" class=\"module_column tb-column col3-1 middle tb_99li116 repeat tf_box\">\n\t\t\t    \t        <div class=\"tb-column-inner tf_box tf_w\">\n\t\t    <!-- module image -->\n<div  class=\"module module-image tb_txbj116   image-center tf_mw\" data-lazy=\"1\">\n        <div class=\"image-wrap tf_rel tf_mw\">\n\t\t    \t\n\t\t<\/div>\n\t<!-- \/image-wrap -->\n    \n    \t<div class=\"image-content\">\n\t    \t\t\t<h3 class=\"image-title\">\n\t\t\t\t\t\t\t\t\tAutomatizaci\u00f3n de Procesos de Negocio\t\t\t\t\t\t\t<\/h3>\n\t    \n\t    \t\t<div class=\"image-caption tb_text_wrap\">\n\t\t    Cree agentes inteligentes que automaticen procesos complejos y de m\u00faltiples etapas en todo el ecosistema de Dynamics 365 y Power Platform, reduciendo el esfuerzo manual y mejorando la coherencia operativa.\t    <\/div>\n\t    <!-- \/image-caption -->\n\t    \t<\/div>\n\t<!-- \/image-content -->\n    \t<\/div>\n<!-- \/module image --><!-- module text -->\n<div  class=\"module module-text tb_6mkd116  repeat \" data-lazy=\"1\">\n        <div  class=\"tb_text_wrap\">\n    <p style=\"text-align: left;\"><style>#sp-ea-119640 .spcollapsing { height: 0; overflow: hidden; transition-property: height;transition-duration: 300ms;}#sp-ea-119640.sp-easy-accordion>.sp-ea-single {margin-bottom: 10px; border: 0px solid #e2e2e2; }#sp-ea-119640.sp-easy-accordion>.sp-ea-single>.ea-header a {color: #444;}#sp-ea-119640.sp-easy-accordion>.sp-ea-single>.sp-collapse>.ea-body {background: transparent; color: #444;}#sp-ea-119640.sp-easy-accordion>.sp-ea-single {background: transparent;}#sp-ea-119640.sp-easy-accordion>.sp-ea-single>.ea-header a .ea-expand-icon { float: left; color: #444;font-size: 16px;}<\/style><div id=\"sp_easy_accordion-1765896767\"><div id=\"sp-ea-119640\" class=\"sp-ea-one sp-easy-accordion\" data-ea-active=\"ea-click\" data-ea-mode=\"vertical\" data-preloader=\"\" data-scroll-active-item=\"\" data-offset-to-scroll=\"0\"><div class=\"ea-card ea-expand sp-ea-single\"><h3 class=\"ea-header\"><a class=\"collapsed\" id=\"ea-header-1196400\" role=\"button\" data-sptoggle=\"spcollapse\" data-sptarget=\"#collapse1196400\" aria-controls=\"collapse1196400\" href=\"#\" aria-expanded=\"true\" tabindex=\"0\"><i aria-hidden=\"true\" role=\"presentation\" class=\"ea-expand-icon eap-icon-ea-expand-minus\"><\/i> Ejemplos de casos de uso:<\/a><\/h3><div class=\"sp-collapse spcollapse collapsed show\" id=\"collapse1196400\" data-parent=\"#sp-ea-119640\" role=\"region\" aria-labelledby=\"ea-header-1196400\"> <div class=\"ea-body\">. Procesamiento de pedidos de ventas y flujos de aprobaci\u00f3n;<br>. Procesamiento de facturas y automatizaci\u00f3n de cuentas por pagar;<br>. Onboarding y aprovisionamiento de clientes;<br>. Documentaci\u00f3n de cumplimiento normativo y solicitudes de auditor\u00eda;<br>. Flujos de aseguramiento de la calidad e inspecci\u00f3n.<\/div><\/div><\/div><\/div><\/div><\/p>    <\/div>\n<\/div>\n<!-- \/module text -->\t        <\/div>\n\t    \t<\/div>\n\t\t<div  data-lazy=\"1\" class=\"module_column tb-column col3-1 last tb_9vo0116 repeat tf_box\">\n\t\t\t    \t        <div class=\"tb-column-inner tf_box tf_w\">\n\t\t    <!-- module image -->\n<div  class=\"module module-image tb_vo9x116   image-center tf_mw\" data-lazy=\"1\">\n        <div class=\"image-wrap tf_rel tf_mw\">\n\t\t    \t\n\t\t<\/div>\n\t<!-- \/image-wrap -->\n    \n    \t<div class=\"image-content\">\n\t    \t\t\t<h3 class=\"image-title\">\n\t\t\t\t\t\t\t\t\tGesti\u00f3n y B\u00fasqueda de Conocimiento\t\t\t\t\t\t\t<\/h3>\n\t    \n\t    \t\t<div class=\"image-caption tb_text_wrap\">\n\t\t    Desarrolle agentes de conocimiento basados en IA que ayuden a los empleados a encontrar informaci\u00f3n en los repositorios de contenido de la organizaci\u00f3n mediante b\u00fasquedas en lenguaje natural.\t    <\/div>\n\t    <!-- \/image-caption -->\n\t    \t<\/div>\n\t<!-- \/image-content -->\n    \t<\/div>\n<!-- \/module image --><!-- module text -->\n<div  class=\"module module-text tb_b68v116  repeat \" data-lazy=\"1\">\n        <div  class=\"tb_text_wrap\">\n    <p style=\"text-align: left;\"><style>#sp-ea-119642 .spcollapsing { height: 0; overflow: hidden; transition-property: height;transition-duration: 300ms;}#sp-ea-119642.sp-easy-accordion>.sp-ea-single {margin-bottom: 10px; border: 0px solid #e2e2e2; }#sp-ea-119642.sp-easy-accordion>.sp-ea-single>.ea-header a {color: #444;}#sp-ea-119642.sp-easy-accordion>.sp-ea-single>.sp-collapse>.ea-body {background: transparent; color: #444;}#sp-ea-119642.sp-easy-accordion>.sp-ea-single {background: transparent;}#sp-ea-119642.sp-easy-accordion>.sp-ea-single>.ea-header a .ea-expand-icon { float: left; color: #444;font-size: 16px;}<\/style><div id=\"sp_easy_accordion-1765896859\"><div id=\"sp-ea-119642\" class=\"sp-ea-one sp-easy-accordion\" data-ea-active=\"ea-click\" data-ea-mode=\"vertical\" data-preloader=\"\" data-scroll-active-item=\"\" data-offset-to-scroll=\"0\"><div class=\"ea-card ea-expand sp-ea-single\"><h3 class=\"ea-header\"><a class=\"collapsed\" id=\"ea-header-1196420\" role=\"button\" data-sptoggle=\"spcollapse\" data-sptarget=\"#collapse1196420\" aria-controls=\"collapse1196420\" href=\"#\" aria-expanded=\"true\" tabindex=\"0\"><i aria-hidden=\"true\" role=\"presentation\" class=\"ea-expand-icon eap-icon-ea-expand-minus\"><\/i> Ejemplos de casos de uso:<\/a><\/h3><div class=\"sp-collapse spcollapse collapsed show\" id=\"collapse1196420\" data-parent=\"#sp-ea-119642\" role=\"region\" aria-labelledby=\"ea-header-1196420\"> <div class=\"ea-body\">. B\u00fasqueda en la base de conocimiento corporativa;<br>. Informaci\u00f3n sobre productos y especificaciones t\u00e9cnicas;<br>. Orientaci\u00f3n sobre pol\u00edticas y procedimientos;<br>. Documentaci\u00f3n de proyectos y lecciones aprendidas;<br>. Contenidos de formaci\u00f3n y recursos de aprendizaje.<\/div><\/div><\/div><\/div><\/div><\/p>    <\/div>\n<\/div>\n<!-- \/module text -->\t        <\/div>\n\t    \t<\/div>\n\t\t    <\/div>\n\t    <!-- \/row_inner -->\n\t<\/div>\n\t<!-- \/module_row -->\n\t\t<!-- module_row -->\n\t<div  data-css_id=\"zens751\" data-lazy=\"1\" class=\"module_row themify_builder_row repeat fullwidth tb_zens751 tf_clearfix\" >\n\t    \t\t<div class=\"row_inner col_align_top col-count-2 tf_box tf_w tf_rel\"  data-basecol=\"2\" data-col_tablet=\"column-full\" data-col_tablet_landscape=\"column6-1\" data-col_mobile=\"column-full\">\n\t\t\t<div  data-lazy=\"1\" class=\"module_column tb-column col4-2 first tb_ic1f751 repeat tf_box\">\n\t\t\t    \t        <div class=\"tb-column-inner tf_box tf_w\">\n\t\t    <!-- module image -->\n<div  class=\"module module-image tb_6qzf751   image-center tf_mw\" data-lazy=\"1\">\n        <div class=\"image-wrap tf_rel tf_mw\">\n\t\t    \t\n\t\t<\/div>\n\t<!-- \/image-wrap -->\n    \n    \t<div class=\"image-content\">\n\t    \t\t\t<h3 class=\"image-title\">\n\t\t\t\t\t\t\t\t\tAgentes de Extensi\u00f3n para CRM y ERP\t\t\t\t\t\t\t<\/h3>\n\t    \n\t    \t\t<div class=\"image-caption tb_text_wrap\">\n\t\t    Cree agentes especializados que ampl\u00eden Dynamics 365 Sales, Customer Service o Finance &#038; Operations con capacidades de IA personalizadas para su sector o modelo de negocio.\t    <\/div>\n\t    <!-- \/image-caption -->\n\t    \t<\/div>\n\t<!-- \/image-content -->\n    \t<\/div>\n<!-- \/module image --><!-- module text -->\n<div  class=\"module module-text tb_5pkv751  repeat \" data-lazy=\"1\">\n        <div  class=\"tb_text_wrap\">\n    <p style=\"text-align: left;\"><style>#sp-ea-119644 .spcollapsing { height: 0; overflow: hidden; transition-property: height;transition-duration: 300ms;}#sp-ea-119644.sp-easy-accordion>.sp-ea-single {margin-bottom: 10px; border: 0px solid #e2e2e2; }#sp-ea-119644.sp-easy-accordion>.sp-ea-single>.ea-header a {color: #444;}#sp-ea-119644.sp-easy-accordion>.sp-ea-single>.sp-collapse>.ea-body {background: transparent; color: #444;}#sp-ea-119644.sp-easy-accordion>.sp-ea-single {background: transparent;}#sp-ea-119644.sp-easy-accordion>.sp-ea-single>.ea-header a .ea-expand-icon { float: left; color: #444;font-size: 16px;}<\/style><div id=\"sp_easy_accordion-1765896944\"><div id=\"sp-ea-119644\" class=\"sp-ea-one sp-easy-accordion\" data-ea-active=\"ea-click\" data-ea-mode=\"vertical\" data-preloader=\"\" data-scroll-active-item=\"\" data-offset-to-scroll=\"0\"><div class=\"ea-card ea-expand sp-ea-single\"><h3 class=\"ea-header\"><a class=\"collapsed\" id=\"ea-header-1196440\" role=\"button\" data-sptoggle=\"spcollapse\" data-sptarget=\"#collapse1196440\" aria-controls=\"collapse1196440\" href=\"#\" aria-expanded=\"true\" tabindex=\"0\"><i aria-hidden=\"true\" role=\"presentation\" class=\"ea-expand-icon eap-icon-ea-expand-minus\"><\/i> Ejemplos de casos de uso:<\/a><\/h3><div class=\"sp-collapse spcollapse collapsed show\" id=\"collapse1196440\" data-parent=\"#sp-ea-119644\" role=\"region\" aria-labelledby=\"ea-header-1196440\"> <div class=\"ea-body\">. Agentes de recomendaci\u00f3n de productos espec\u00edficos del sector;<br>. Automatizaci\u00f3n de precios complejos y elaboraci\u00f3n de propuestas;<br>. An\u00e1lisis financiero personalizado e informes;<br>. Visibilidad de la cadena de suministro y gesti\u00f3n de excepciones;<br>. Orientaci\u00f3n y documentaci\u00f3n para el cumplimiento regulatorio.<\/div><\/div><\/div><\/div><\/div><\/p>    <\/div>\n<\/div>\n<!-- \/module text -->\t        <\/div>\n\t    \t<\/div>\n\t\t<div  data-lazy=\"1\" class=\"module_column tb-column col4-2 last tb_c4nl751 repeat tf_box\">\n\t\t\t    \t        <div class=\"tb-column-inner tf_box tf_w\">\n\t\t    <!-- module image -->\n<div  class=\"module module-image tb_347v751   image-center tf_mw\" data-lazy=\"1\">\n        <div class=\"image-wrap tf_rel tf_mw\">\n\t\t    \t\n\t\t<\/div>\n\t<!-- \/image-wrap -->\n    \n    \t<div class=\"image-content\">\n\t    \t\t\t<h3 class=\"image-title\">\n\t\t\t\t\t\t\t\t\tAgentes Orientados al Cliente\t\t\t\t\t\t\t<\/h3>\n\t    \n\t    \t\t<div class=\"image-caption tb_text_wrap\">\n\t\t    Cree agentes de IA para la atenci\u00f3n y el engagement del cliente que gestionen solicitudes, orienten decisiones de compra y automaticen el soporte al cliente en canales digitales.\t    <\/div>\n\t    <!-- \/image-caption -->\n\t    \t<\/div>\n\t<!-- \/image-content -->\n    \t<\/div>\n<!-- \/module image --><!-- module text -->\n<div  class=\"module module-text tb_klnx751  repeat \" data-lazy=\"1\">\n        <div  class=\"tb_text_wrap\">\n    <p style=\"text-align: left;\"><style>#sp-ea-119646 .spcollapsing { height: 0; overflow: hidden; transition-property: height;transition-duration: 300ms;}#sp-ea-119646.sp-easy-accordion>.sp-ea-single {margin-bottom: 10px; border: 0px solid #e2e2e2; }#sp-ea-119646.sp-easy-accordion>.sp-ea-single>.ea-header a {color: #444;}#sp-ea-119646.sp-easy-accordion>.sp-ea-single>.sp-collapse>.ea-body {background: transparent; color: #444;}#sp-ea-119646.sp-easy-accordion>.sp-ea-single {background: transparent;}#sp-ea-119646.sp-easy-accordion>.sp-ea-single>.ea-header a .ea-expand-icon { float: left; color: #444;font-size: 16px;}<\/style><div id=\"sp_easy_accordion-1765897032\"><div id=\"sp-ea-119646\" class=\"sp-ea-one sp-easy-accordion\" data-ea-active=\"ea-click\" data-ea-mode=\"vertical\" data-preloader=\"\" data-scroll-active-item=\"\" data-offset-to-scroll=\"0\"><div class=\"ea-card ea-expand sp-ea-single\"><h3 class=\"ea-header\"><a class=\"collapsed\" id=\"ea-header-1196460\" role=\"button\" data-sptoggle=\"spcollapse\" data-sptarget=\"#collapse1196460\" aria-controls=\"collapse1196460\" href=\"#\" aria-expanded=\"true\" tabindex=\"0\"><i aria-hidden=\"true\" role=\"presentation\" class=\"ea-expand-icon eap-icon-ea-expand-minus\"><\/i> Ejemplos de casos de uso:<\/a><\/h3><div class=\"sp-collapse spcollapse collapsed show\" id=\"collapse1196460\" data-parent=\"#sp-ea-119646\" role=\"region\" aria-labelledby=\"ea-header-1196460\"> <div class=\"ea-body\">. Agentes de selecci\u00f3n y recomendaci\u00f3n de productos;<br>. Consultas sobre el estado y seguimiento de pedidos;<br>. Soporte t\u00e9cnico y orientaci\u00f3n para la resoluci\u00f3n de incidencias;<br>. Gesti\u00f3n de cuentas y autoservicio;<br>. Cualificaci\u00f3n de leads y programaci\u00f3n de reuniones.<\/div><\/div><\/div><\/div><\/div><\/p>    <\/div>\n<\/div>\n<!-- \/module text -->\t        <\/div>\n\t    \t<\/div>\n\t\t    <\/div>\n\t    <!-- \/row_inner -->\n\t<\/div>\n\t<!-- \/module_row -->\n\t\t<!-- module_row -->\n\t<div  data-lazy=\"1\" class=\"module_row themify_builder_row tb_phpk295 tf_clearfix\">\n\t    \t\t<div class=\"row_inner col_align_top col-count-1 tf_box tf_w tf_rel\">\n\t\t\t<div  data-lazy=\"1\" class=\"module_column tb-column col-full first tb_25vq295 tf_box\">\n\t\t\t    \t        <div class=\"tb-column-inner tf_box tf_w\">\n\t\t    <!-- module buttons -->\n<div  class=\"module module-buttons tb_uskh295 buttons-horizontal solid  xlarge rounded tf_textc\" data-lazy=\"1\">\n    \t<div class=\"module-buttons-item tf_inline_b\">\n\t\t\t\t\t\t\t<a href=\"https:\/\/arquiconsult.com\/es\/microsoft-365-copilot-studio\/\" class=\"ui builder_button red\" >\n\t\t\t\t\t\t\t\t\t\t\t<span class=\"tf_inline_b tf_vmiddle\">Volver a<\/span>\n\t\t\t\t\t\t\t\t\t\t\t<\/a>\n\t\t\t    \t<\/div>\n\t<\/div>\n<!-- \/module buttons -->\n\t        <\/div>\n\t    \t<\/div>\n\t\t    <\/div>\n\t    <!-- \/row_inner -->\n\t<\/div>\n\t<!-- \/module_row -->\n\t<\/div>\n<!--\/themify_builder_content-->","protected":false},"excerpt":{"rendered":"<p>Casos de Uso de Agentes Personalizados Agentes de Autoservicio para Empleados Cree agentes de IA conversacional que respondan a las consultas de los empleados, los gu\u00eden en procesos y automaticen tareas rutinarias de RR. HH., TI y funciones administrativas, reduciendo el volumen de solicitudes de soporte y aumentando la satisfacci\u00f3n de los empleados. Automatizaci\u00f3n de [&hellip;]<\/p>\n","protected":false},"author":4,"featured_media":0,"parent":0,"menu_order":0,"comment_status":"closed","ping_status":"closed","template":"","meta":[],"acf":[],"_links":{"self":[{"href":"https:\/\/arquiconsult.com\/es\/wp-json\/wp\/v2\/pages\/117645"}],"collection":[{"href":"https:\/\/arquiconsult.com\/es\/wp-json\/wp\/v2\/pages"}],"about":[{"href":"https:\/\/arquiconsult.com\/es\/wp-json\/wp\/v2\/types\/page"}],"author":[{"embeddable":true,"href":"https:\/\/arquiconsult.com\/es\/wp-json\/wp\/v2\/users\/4"}],"replies":[{"embeddable":true,"href":"https:\/\/arquiconsult.com\/es\/wp-json\/wp\/v2\/comments?post=117645"}],"version-history":[{"count":14,"href":"https:\/\/arquiconsult.com\/es\/wp-json\/wp\/v2\/pages\/117645\/revisions"}],"predecessor-version":[{"id":119707,"href":"https:\/\/arquiconsult.com\/es\/wp-json\/wp\/v2\/pages\/117645\/revisions\/119707"}],"wp:attachment":[{"href":"https:\/\/arquiconsult.com\/es\/wp-json\/wp\/v2\/media?parent=117645"}],"curies":[{"name":"wp","href":"https:\/\/api.w.org\/{rel}","templated":true}]}}