{"id":33411,"date":"2021-11-29T12:43:54","date_gmt":"2021-11-29T11:43:54","guid":{"rendered":"https:\/\/arquiconsult.com\/?page_id=33411"},"modified":"2024-12-09T16:06:41","modified_gmt":"2024-12-09T16:06:41","slug":"politica-de-privacidad","status":"publish","type":"page","link":"https:\/\/arquiconsult.com\/es\/politica-de-privacidad\/","title":{"rendered":"Pol\u00edtica de privacidad"},"content":{"rendered":"<!--themify_builder_content-->\n<div id=\"themify_builder_content-33411\" data-postid=\"33411\" class=\"themify_builder_content themify_builder_content-33411 themify_builder tf_clear\">\n    \t<!-- module_row -->\n\t<div  data-css_id=\"t17f142\" data-lazy=\"1\" class=\"module_row themify_builder_row fullwidth_row_container tb_t17f142 tb_first tf_clearfix\" >\n\t    \t\t<div class=\"row_inner col_align_top col-count-1 tf_box tf_w tf_rel\">\n\t\t\t<div  data-lazy=\"1\" class=\"module_column tb-column col-full first tb_c65w143 tf_box\">\n\t\t\t    \t        <div class=\"tb-column-inner tf_box tf_w\">\n\t\t    \t<div  data-lazy=\"1\" class=\"module_subrow themify_builder_sub_row tb_oyoz144 tf_w tf_clearfix\">\n\t    \t\t<div class=\"subrow_inner col_align_top col-count-2 tf_box tf_w\"  data-basecol=\"2\" data-col_mobile=\"column-full\">\n\t\t\t<div  style=\"width: 65.68%\" data-lazy=\"1\" class=\"sub_column module_column tf_box col4-2 first tb_5o2t145\" > \n\t    \t    \t        <div class=\"tb-column-inner tf_box tf_w\">\n\t\t    <!-- module text -->\n<div  class=\"module module-text tb_rn7p145   \" data-lazy=\"1\">\n        <div  class=\"tb_text_wrap\">\n    <p style=\"text-align: left;\">Pol\u00edtica de privacidad y protecci\u00f3n de datos de <a href=\"https:\/\/arquiconsult.com\/es\">Arquiconsult<\/a><\/p>    <\/div>\n<\/div>\n<!-- \/module text --><!-- module text -->\n<div  class=\"module module-text tb_t85x281   \" data-lazy=\"1\">\n        <div  class=\"tb_text_wrap\">\n    <h2 style=\"text-align: left;\">Pol\u00edtica de Privacidad y Protecci\u00f3n de Datos de acuerdo con la RGPD<\/h2>    <\/div>\n<\/div>\n<!-- \/module text --><!-- module text -->\n<div  class=\"module module-text tb_adhm673    hide-desktop hide-tablet hide-tablet_landscape hide-mobile\" data-lazy=\"1\">\n        <div  class=\"tb_text_wrap\">\n    <h1 style=\"text-align: left;\">Pol\u00edtica de Privacidad\u00a0<\/h1>    <\/div>\n<\/div>\n<!-- \/module text -->\t        <\/div>\n\t    \t<\/div>\n\t\t<div  style=\"width: 31.12%\" data-lazy=\"1\" class=\"sub_column module_column tf_box col4-2 last tb_5bja671\"> \n\t    \t    \t<\/div>\n\t\t    <\/div>\n\t<\/div><!-- \/themify_builder_sub_row -->\n\t\t<div  data-lazy=\"1\" class=\"module_subrow themify_builder_sub_row tb_fovm146 tf_w tf_clearfix\">\n\t    \t\t<div class=\"subrow_inner col_align_top col-count-2 tf_box tf_w\"  data-basecol=\"2\" data-col_tablet=\"column4-2\" data-col_tablet_landscape=\"column4-2\" data-col_mobile=\"column-full\">\n\t\t\t<div  style=\"width: 83.18%\" data-lazy=\"1\" class=\"sub_column module_column tf_box col4-2 first tb_jxdv147\"> \n\t    \t    \t        <div class=\"tb-column-inner tf_box tf_w\">\n\t\t    <!-- module text -->\n<div  class=\"module module-text tb_16yi147  repeat \" data-lazy=\"1\">\n        <div  class=\"tb_text_wrap\">\n    <h4><strong>\u00c1mbito de aplicaci\u00f3n<\/strong><\/h4>\n<p>La Pol\u00edtica de Privacidad y Protecci\u00f3n de Datos Personales tiene como finalidad regular el tratamiento de los datos personales a realizar por Arquiconsult en el \u00e1mbito de sus servicios.<\/p>    <\/div>\n<\/div>\n<!-- \/module text --><!-- module text -->\n<div  class=\"module module-text tb_v75j560  repeat \" data-lazy=\"1\">\n        <div  class=\"tb_text_wrap\">\n    <h4><strong>Responsable del tratamiento<\/strong><\/h4>\n<p>ARQUICONSULT &#8211; Sistemas de Informa\u00e7\u00e3o, SA, con sede en Av. Comendador Ferreira de Matos,<br \/>793 &#8211; 1ra Sala C1, 4450-125, inscrita en el Registro Mercantil de Matosinhos<br \/>con el n\u00famero de registro \u00fanico y NIPC 505187299, con un capital social de 105.000,00 \u20ac (ciento cinco mil euros).<\/p>    <\/div>\n<\/div>\n<!-- \/module text --><!-- module text -->\n<div  class=\"module module-text tb_ax4j127  repeat \" data-lazy=\"1\">\n        <div  class=\"tb_text_wrap\">\n    <h4><strong>Datos recolectados<\/strong><\/h4>\n<p>(1) Datos proporcionados directamente por el titular;<br \/>(2) Datos recopilados en el \u00e1mbito de la relaci\u00f3n establecida con el titular de dichos datos;<br \/>(3) Datos personales solicitados al titular tratados con su consentimiento<\/p>    <\/div>\n<\/div>\n<!-- \/module text --><!-- module text -->\n<div  class=\"module module-text tb_qi1a801  repeat \" data-lazy=\"1\">\n        <div  class=\"tb_text_wrap\">\n    <h4><strong>Objeto<\/strong><\/h4>\n<p>El tratamiento de datos personales incluye, entre otros, el registro, recogida, consulta, uso, adaptaci\u00f3n, modificaci\u00f3n, almacenamiento, destrucci\u00f3n, entre otras operaciones a que se refiere el art\u00edculo 4, apartado 2 del Reglamento (UE) 2016\/679 del Parlamento Europeo. y Consejo de 27 de abril de 2016.<\/p>    <\/div>\n<\/div>\n<!-- \/module text --><!-- module text -->\n<div  class=\"module module-text tb_1oc286  repeat \" data-lazy=\"1\">\n        <div  class=\"tb_text_wrap\">\n    <h4><strong>Prop\u00f3sitos<\/strong><\/h4>\n<p>El uso de los datos recopilados tiene los siguientes fines, a saber: (1) La prestaci\u00f3n de servicios solicitados por el titular; (2) proporcionar informaci\u00f3n sobre productos, servicios, actividades de marketing, campa\u00f1as, promociones, fines estad\u00edsticos y contenido personalizado, sujeto al consentimiento previo para tal fin (3) Reclutamiento.<\/p>    <\/div>\n<\/div>\n<!-- \/module text --><!-- module text -->\n<div  class=\"module module-text tb_sxzt514  repeat \" data-lazy=\"1\">\n        <div  class=\"tb_text_wrap\">\n    <h4><strong>Legislaci\u00f3n<\/strong><\/h4>\n<p>Arquiconsult garantiza el tratamiento de los datos personales de acuerdo con la legislaci\u00f3n vigente en cuanto a su recogida, tratamiento, uso, divulgaci\u00f3n, almacenamiento y privacidad.<\/p>    <\/div>\n<\/div>\n<!-- \/module text --><!-- module text -->\n<div  class=\"module module-text tb_u7m6607  repeat \" data-lazy=\"1\">\n        <div  class=\"tb_text_wrap\">\n    <h4><strong>Datos sin procesar<\/strong><\/h4>\n<p>ARQUICONSULT no procesar\u00e1 datos personales que revelen origen racial o \u00e9tnico, opiniones pol\u00edticas, creencias religiosas o filos\u00f3ficas, o afiliaci\u00f3n sindical, as\u00ed como el procesamiento de datos gen\u00e9ticos, datos biom\u00e9tricos, datos relacionados con la salud o datos relacionados con la vida sexual u orientaci\u00f3n sexual. del titular.<\/p>    <\/div>\n<\/div>\n<!-- \/module text --><!-- module text -->\n<div  class=\"module module-text tb_erfg322  repeat \" data-lazy=\"1\">\n        <div  class=\"tb_text_wrap\">\n    <h4><strong>Registro<\/strong><\/h4>\n<p>Al acceder o utilizar nuestros servicios, participar en actividades de marketing promovidas por ARQUICONSULT, o en cualquier proceso de contrataci\u00f3n, el usuario acepta la pol\u00edtica de privacidad y protecci\u00f3n de datos personales de ARQUICONSULT, dando su consentimiento para su recogida y tratamiento para las finalidades mencionadas en el punto 5 , proporcion\u00e1ndolos directa y expl\u00edcitamente. La no provisi\u00f3n o suministro parcial de datos personales por parte del titular puede limitar o impedir la prestaci\u00f3n de servicios, participaci\u00f3n en eventos, campa\u00f1as o cualquier otra actividad promocional y \/ o comercial o integraci\u00f3n en procesos de contrataci\u00f3n.<\/p>    <\/div>\n<\/div>\n<!-- \/module text --><!-- module text -->\n<div  class=\"module module-text tb_mfgd596  repeat \" data-lazy=\"1\">\n        <div  class=\"tb_text_wrap\">\n    <h4><strong>Colecci\u00f3n<\/strong><\/h4>\n<p>Los datos personales solo pueden recopilarse si: (1) el interesado solicita un servicio; (2) responder a una consulta; (3) intercambiar correspondencia electr\u00f3nica con ARQUICONSULT; (4) aceptar participar en actividades y \/ o campa\u00f1as de marketing y recibir informaci\u00f3n comercial y \/ o corporativa. (5) registrarse en el sitio web de ARQUICONSULT o en cualquier evento comercial, en este \u00faltimo, aunque de forma no automatizada.<\/p>    <\/div>\n<\/div>\n<!-- \/module text --><!-- module text -->\n<div  class=\"module module-text tb_tz2v543  repeat \" data-lazy=\"1\">\n        <div  class=\"tb_text_wrap\">\n    <h4><strong>Consentimiento para recibir informaci\u00f3n<\/strong><\/h4>\n<p>El interesado dar\u00e1 su consentimiento previo respecto a la recepci\u00f3n de comunicaciones comerciales con fines de marketing, otorg\u00e1ndole el derecho a oponerse, en cualquier momento, mediante comunicaci\u00f3n escrita dirigida a Arquiconsult. Dicha informaci\u00f3n comercial,<br \/>podr\u00e1n ser enviados por Arquiconsult, v\u00eda correo electr\u00f3nico, tel\u00e9fono, SMS o cualquier otro medio de comunicaci\u00f3n electr\u00f3nica, sitios web de redes sociales, Web 2.0, cualquier contenido o m\u00e9todo m\u00f3vil.<\/p>    <\/div>\n<\/div>\n<!-- \/module text --><!-- module text -->\n<div  class=\"module module-text tb_50l8553  repeat \" data-lazy=\"1\">\n        <div  class=\"tb_text_wrap\">\n    <h4><strong>Transmisi\u00f3n<\/strong><\/h4>\n<p>Adem\u00e1s de las obligaciones a que se refiere la Ley aplicable a la protecci\u00f3n de datos o la salvaguarda y protecci\u00f3n de sus propios intereses, Arquiconsult no compartir\u00e1 ning\u00fan dato personal con terceros, a excepci\u00f3n de las empresas de su grupo, siempre y cuando la seguridad y la protecci\u00f3n Se garantizan las condiciones Completitud de los datos respectivos.<\/p>    <\/div>\n<\/div>\n<!-- \/module text --><!-- module text -->\n<div  class=\"module module-text tb_x3hm558  repeat \" data-lazy=\"1\">\n        <div  class=\"tb_text_wrap\">\n    <h4><strong>Medidas t\u00e9cnicas y organizativas<\/strong><\/h4>\n<p>ARQUICONSULT dispone de las medidas t\u00e9cnicas y organizativas adecuadas para proteger los datos tratados, es decir, contra el acceso no autorizado o cualquier otra forma de tratamiento ilegal o il\u00edcito. ARQUICONSULT garantiza, adem\u00e1s de las medidas de seguridad y protecci\u00f3n interna de sus instalaciones, la limitaci\u00f3n del acceso a los datos personales \u00fanicamente a sus empleados para el cumplimiento de las finalidades del tratamiento.<\/p>    <\/div>\n<\/div>\n<!-- \/module text --><!-- module text -->\n<div  class=\"module module-text tb_3q2v976  repeat \" data-lazy=\"1\">\n        <div  class=\"tb_text_wrap\">\n    <h4><strong>Accede, cambia y olvida<\/strong><\/h4>\n<p>El interesado tiene derecho a acceder y rectificar los datos tratados, pudiendo, en cualquier momento, retirar el consentimiento al tratamiento y solicitar la supresi\u00f3n de los datos, mediante comunicaci\u00f3n escrita dirigida a Arquiconsult.<\/p>    <\/div>\n<\/div>\n<!-- \/module text --><!-- module text -->\n<div  class=\"module module-text tb_nw7x112  repeat \" data-lazy=\"1\">\n        <div  class=\"tb_text_wrap\">\n    <h4><strong>Duraci\u00f3n del mantenimiento de datos<\/strong><\/h4>\n<p>Arquiconsult har\u00e1 todos los esfuerzos razonables para garantizar que conserva los datos sobre el interesado solo durante el tiempo que sea necesario para el prop\u00f3sito para el que fueron recopilados, o seg\u00fan lo requiera cualquier contrato o ley aplicable, dentro de un per\u00edodo m\u00e1ximo de 5 (cinco) anos.<\/p>    <\/div>\n<\/div>\n<!-- \/module text --><!-- module text -->\n<div  class=\"module module-text tb_eibl9  repeat \" data-lazy=\"1\">\n        <div  class=\"tb_text_wrap\">\n    <h4><strong>Aplicabilidad<\/strong><\/h4>\n<p>Las pol\u00edticas de privacidad y protecci\u00f3n de datos personales de Arquiconsult se aplican al tratamiento de datos personales que se realice en el contexto de sus actividades comerciales y su prestaci\u00f3n de servicios, de acuerdo con los principios de licitud, lealtad y transparencia.<\/p>    <\/div>\n<\/div>\n<!-- \/module text --><!-- module text -->\n<div  class=\"module module-text tb_raj872  repeat \" data-lazy=\"1\">\n        <div  class=\"tb_text_wrap\">\n    <h4><strong>Cookies<\/strong><\/h4>\n<p>Arquiconsult no utiliza cookies, balizas, complementos (extensiones) en las redes sociales o cualquier otra tecnolog\u00eda similar.<\/p>    <\/div>\n<\/div>\n<!-- \/module text --><!-- module text -->\n<div  class=\"module module-text tb_oded668  repeat \" data-lazy=\"1\">\n        <div  class=\"tb_text_wrap\">\n    <h4><strong>Decisiones automatizadas<\/strong><\/h4>\n<p>No tomar\u00e1 ninguna decisi\u00f3n comercial basada en decisiones automatizadas, ni tomar\u00e1 ninguna acci\u00f3n que conduzca a la elaboraci\u00f3n de perfiles.<\/p>    <\/div>\n<\/div>\n<!-- \/module text --><!-- module text -->\n<div  class=\"module module-text tb_whsd746  repeat \" data-lazy=\"1\">\n        <div  class=\"tb_text_wrap\">\n    <h4><strong>Autoridad de control<\/strong><\/h4>\n<p>La autoridad supervisora \u200b\u200bes la Comisi\u00f3n Nacional de Protecci\u00f3n de Datos (CNPD), con sede en Rua de S\u00e3o Bento n.\u00ba 148-3\u00ba 1200-821 Lisboa.<\/p>    <\/div>\n<\/div>\n<!-- \/module text --><!-- module text -->\n<div  class=\"module module-text tb_3a9x518  repeat \" data-lazy=\"1\">\n        <div  class=\"tb_text_wrap\">\n    <h4><strong>Comunicaciones<\/strong><\/h4>\n<p>Cualquier comunicaci\u00f3n relativa al tratamiento de datos personales debe dirigirse a Arquiconsult<br \/>v\u00eda correo electr\u00f3nico: <a href=\"mailto:gdpr@arquiconsult.com\">gdpr@arquiconsult.com<\/a>.<a href=\"https:\/\/eur-lex.europa.eu\/legal-content\/PT\/TXT\/PDF\/?uri=CELEX:32016R0679\" target=\"_blank\" rel=\"noopener\"><\/a><\/p>    <\/div>\n<\/div>\n<!-- \/module text -->\t        <\/div>\n\t    \t<\/div>\n\t\t<div  style=\"width: 13.62%\" data-lazy=\"1\" class=\"sub_column module_column tf_box col4-2 last tb_29cc961\"> \n\t    \t    \t<\/div>\n\t\t    <\/div>\n\t<\/div><!-- \/themify_builder_sub_row -->\n\t\t        <\/div>\n\t    \t<\/div>\n\t\t    <\/div>\n\t    <!-- \/row_inner -->\n\t<\/div>\n\t<!-- \/module_row -->\n\t<\/div>\n<!--\/themify_builder_content-->","protected":false},"excerpt":{"rendered":"<p>Pol\u00edtica de privacidad y protecci\u00f3n de datos de Arquiconsult Pol\u00edtica de Privacidad y Protecci\u00f3n de Datos de acuerdo con la RGPD Pol\u00edtica de Privacidad\u00a0 \u00c1mbito de aplicaci\u00f3n La Pol\u00edtica de Privacidad y Protecci\u00f3n de Datos Personales tiene como finalidad regular el tratamiento de los datos personales a realizar por Arquiconsult en el \u00e1mbito de sus [&hellip;]<\/p>\n","protected":false},"author":4,"featured_media":0,"parent":0,"menu_order":0,"comment_status":"closed","ping_status":"closed","template":"","meta":[],"acf":[],"_links":{"self":[{"href":"https:\/\/arquiconsult.com\/es\/wp-json\/wp\/v2\/pages\/33411"}],"collection":[{"href":"https:\/\/arquiconsult.com\/es\/wp-json\/wp\/v2\/pages"}],"about":[{"href":"https:\/\/arquiconsult.com\/es\/wp-json\/wp\/v2\/types\/page"}],"author":[{"embeddable":true,"href":"https:\/\/arquiconsult.com\/es\/wp-json\/wp\/v2\/users\/4"}],"replies":[{"embeddable":true,"href":"https:\/\/arquiconsult.com\/es\/wp-json\/wp\/v2\/comments?post=33411"}],"version-history":[{"count":0,"href":"https:\/\/arquiconsult.com\/es\/wp-json\/wp\/v2\/pages\/33411\/revisions"}],"wp:attachment":[{"href":"https:\/\/arquiconsult.com\/es\/wp-json\/wp\/v2\/media?parent=33411"}],"curies":[{"name":"wp","href":"https:\/\/api.w.org\/{rel}","templated":true}]}}