{"id":33458,"date":"2021-11-29T13:10:39","date_gmt":"2021-11-29T12:10:39","guid":{"rendered":"https:\/\/arquiconsult.com\/?page_id=33458"},"modified":"2025-12-05T12:05:46","modified_gmt":"2025-12-05T12:05:46","slug":"main-tool","status":"publish","type":"page","link":"https:\/\/arquiconsult.com\/es\/main-tool\/","title":{"rendered":"Main-Tool"},"content":{"rendered":"<!--themify_builder_content-->\n<div id=\"themify_builder_content-33458\" data-postid=\"33458\" class=\"themify_builder_content themify_builder_content-33458 themify_builder tf_clear\">\n    \t<!-- module_row -->\n\t<div  data-css_id=\"2zsz654\" data-lazy=\"1\" class=\"module_row themify_builder_row fullcover fullwidth_row_container tb_2zsz654 tb_first tf_clearfix\" >\n\t    <div class=\"builder_row_cover tf_abs\"><\/div>\t\t<div class=\"row_inner col_align_middle col-count-2 tf_box tf_w tf_rel\"  data-basecol=\"2\" data-col_tablet=\"column-full\" data-col_mobile=\"column-full\">\n\t\t\t<div  data-lazy=\"1\" style=\"width: 50.2%\" class=\"module_column tb-column col3-2 first tb_tbq6654 tf_box\">\n\t\t\t    \t        <div class=\"tb-column-inner tf_box tf_w\">\n\t\t    <!-- module text -->\n<div  class=\"module module-text tb_b3sz654  repeat \" data-lazy=\"1\">\n        <div  class=\"tb_text_wrap\">\n    <h4><a href=\"https:\/\/arquiconsult.com\/es\">Arquiconsult.com\/es<\/a> \/ Sectores \/ Mantenimiento &#8211; <strong>Main-Tool<\/strong><\/h4>    <\/div>\n<\/div>\n<!-- \/module text --><!-- module fancy heading -->\n<!--\/* $fields_args['heading_tag']  CODIGO QUE SAIU * \/-->\n<div  class=\"module module-fancy-heading tb_qole654 titulo-suporte tb_hide_divider\" data-lazy=\"1\">\n        <h1  class=\"fancy-heading tf_textl\">\n    <span class=\"main-head tf_block\">\n\t\t\t\t\tMAIN-TOOL\t\t    <\/span>\n\n\t\n    <span class=\"sub-head tf_block tf_rel\">\n\t\t\t\t\t\t\t    <\/span>\n    <\/h2>\n<\/div>\n<!-- \/module fancy heading -->\n<!-- module text -->\n<div  class=\"module module-text tb_zt3m654   \" data-lazy=\"1\">\n        <div  class=\"tb_text_wrap\">\n    <p style=\"text-align: left;\">Gesti\u00f3n de mantenimiento de equipos industriales.<\/p>    <\/div>\n<\/div>\n<!-- \/module text --><!-- module buttons -->\n<div  class=\"module module-buttons tb_nfim654 buttons-horizontal transparent  large circle\" data-lazy=\"1\">\n    \t<div class=\"module-buttons-item tf_inline_b\">\n\t\t\t\t\t\t\t<a href=\"#crm_form\" class=\"ui builder_button tb_default_color\" >\n\t\t\t\t\t\t\t\t\t\t\t<span class=\"tf_inline_b tf_vmiddle\">\u00a1Hable con nuestro equipo!<\/span>\n\t\t\t\t\t\t\t\t\t\t\t<\/a>\n\t\t\t    \t<\/div>\n\t<\/div>\n<!-- \/module buttons -->\n\t        <\/div>\n\t    \t<\/div>\n\t\t<div  data-lazy=\"1\" style=\"width: 46.6%\" class=\"module_column tb-column col3-1 last tb_2xpg654 tf_box\">\n\t\t\t    \t<\/div>\n\t\t    <\/div>\n\t    <!-- \/row_inner -->\n\t<\/div>\n\t<!-- \/module_row -->\n\t\t<!-- module_row -->\n\t<div  data-css_id=\"wem9228\" data-lazy=\"1\" class=\"module_row themify_builder_row fullcover fullwidth tb_wem9228 tf_clearfix wow\" data-tf-animation=\"pulse\" >\n\t    \t\t<div class=\"row_inner col_align_top col-count-1 tf_box tf_w tf_rel\">\n\t\t\t<div  data-lazy=\"1\" class=\"module_column tb-column col-full first tb_olpt228 tf_box\">\n\t\t\t    \t        <div class=\"tb-column-inner tf_box tf_w\">\n\t\t    <!-- module text -->\n<div  class=\"module module-text tb_dxcr228  repeat \" data-lazy=\"1\">\n        <div  class=\"tb_text_wrap\">\n    <h2>\u00bfQu\u00e9 ES MAIN-TOOL?<\/h2>    <\/div>\n<\/div>\n<!-- \/module text --><!-- module text -->\n<div  class=\"module module-text tb_xmjk228  repeat \" data-lazy=\"1\">\n        <div  class=\"tb_text_wrap\">\n    <p>La soluci\u00f3n de Gesti\u00f3n de Mantenimiento T\u00e9cnico funciona como una soluci\u00f3n horizontal basado en\u00a0<a href=\"https:\/\/arquiconsult.com\/es\/dynamics-365-business-central\/\">Microsoft Dynamics 365 Business Central\u00a0<\/a>. aunque sobre todo utilizado en unidades industriales, la soluci\u00f3n de gesti\u00f3n de mantenimiento no es un sistema dirigido a cualquier sector de actividad en particular. Esta soluci\u00f3n gestiona los sistemas t\u00e9cnicos, organizaciones, a lo largo de su vida \u00fatil y describe los procesos de mantenimiento, inspecci\u00f3n y reparaci\u00f3n.<\/p><p>Main-Tool permite el tele diagn\u00f3stico y proporciona la funcionalidad de gesti\u00f3n de \u201cShutdown\u201d para reparaciones a gran escala en unidades industriales. El sistema de gesti\u00f3n Integrada asegura la Gesti\u00f3n de la Calidad, de acuerdo con los est\u00e1ndares\u00a0ISO 9001\u00a0.<\/p>    <\/div>\n<\/div>\n<!-- \/module text -->\t        <\/div>\n\t    \t<\/div>\n\t\t    <\/div>\n\t    <!-- \/row_inner -->\n\t<\/div>\n\t<!-- \/module_row -->\n\t\t<!-- module_row -->\n\t<div  data-css_id=\"r1ht355\" data-lazy=\"1\" class=\"module_row themify_builder_row fullcover fullwidth tb_r1ht355 tf_clearfix wow\" data-tf-animation=\"pulse\" >\n\t    \t\t<div class=\"row_inner col_align_top col-count-1 tf_box tf_w tf_rel\">\n\t\t\t<div  data-lazy=\"1\" class=\"module_column tb-column col-full first tb_cdu3355 tf_box\">\n\t\t\t    \t        <div class=\"tb-column-inner tf_box tf_w\">\n\t\t    <!-- module text -->\n<div  class=\"module module-text tb_6byh355  repeat \" data-lazy=\"1\">\n        <div  class=\"tb_text_wrap\">\n    <h2>PROCESOS OPTIMIZADOS<\/h2>    <\/div>\n<\/div>\n<!-- \/module text -->\t        <\/div>\n\t    \t<\/div>\n\t\t    <\/div>\n\t    <!-- \/row_inner -->\n\t<\/div>\n\t<!-- \/module_row -->\n\t\t<!-- module_row -->\n\t<div  data-css_id=\"c9c6558\" data-lazy=\"1\" class=\"module_row themify_builder_row fullwidth_row_container tb_c9c6558 tf_clearfix\" >\n\t    \t\t<div class=\"row_inner col_align_top col-count-1 tf_box tf_w tf_rel\">\n\t\t\t<div  data-lazy=\"1\" class=\"module_column tb-column col-full first tb_exhb558 tf_box\">\n\t\t\t    \t        <div class=\"tb-column-inner tf_box tf_w\">\n\t\t    <!-- module image -->\n<div  class=\"module module-image tb_58fr558   image-top auto_fullwidth tf_mw\" data-lazy=\"1\">\n        <div class=\"image-wrap tf_rel tf_mw\">\n\t\t    <img loading=\"lazy\" width=\"7033\" height=\"4822\" src=\"https:\/\/arquiconsult.com\/wp-content\/uploads\/2024\/08\/esquema-main-tool-ES.png\" class=\"wp-post-image wp-image-74429\" title=\"esquema-main-tool-ES\" alt=\"esquema-main-tool-ES\" srcset=\"https:\/\/arquiconsult.com\/wp-content\/uploads\/2024\/08\/esquema-main-tool-ES.png 7033w, https:\/\/arquiconsult.com\/wp-content\/uploads\/2024\/08\/esquema-main-tool-ES-640x439.png 640w, https:\/\/arquiconsult.com\/wp-content\/uploads\/2024\/08\/esquema-main-tool-ES-2000x1371.png 2000w, https:\/\/arquiconsult.com\/wp-content\/uploads\/2024\/08\/esquema-main-tool-ES-768x527.png 768w, https:\/\/arquiconsult.com\/wp-content\/uploads\/2024\/08\/esquema-main-tool-ES-1536x1053.png 1536w, https:\/\/arquiconsult.com\/wp-content\/uploads\/2024\/08\/esquema-main-tool-ES-2048x1404.png 2048w, https:\/\/arquiconsult.com\/wp-content\/uploads\/2024\/08\/esquema-main-tool-ES-320x219.png 320w, https:\/\/arquiconsult.com\/wp-content\/uploads\/2024\/08\/esquema-main-tool-ES-480x329.png 480w, https:\/\/arquiconsult.com\/wp-content\/uploads\/2024\/08\/esquema-main-tool-ES-800x548.png 800w\" sizes=\"(max-width: 7033px) 100vw, 7033px\" \/>\t\n\t\t<\/div>\n\t<!-- \/image-wrap -->\n    \n    \t<\/div>\n<!-- \/module image -->\t        <\/div>\n\t    \t<\/div>\n\t\t    <\/div>\n\t    <!-- \/row_inner -->\n\t<\/div>\n\t<!-- \/module_row -->\n\t\t<!-- module_row -->\n\t<div  data-css_id=\"ekj8540\" data-lazy=\"1\" class=\"module_row themify_builder_row fullcover fullwidth tb_ekj8540 tf_clearfix wow\" data-tf-animation=\"pulse\" >\n\t    \t\t<div class=\"row_inner col_align_top col-count-1 tf_box tf_w tf_rel\">\n\t\t\t<div  data-lazy=\"1\" class=\"module_column tb-column col-full first tb_41j6540 tf_box\">\n\t\t\t    \t        <div class=\"tb-column-inner tf_box tf_w\">\n\t\t    <!-- module text -->\n<div  class=\"module module-text tb_jn43540  repeat \" data-lazy=\"1\">\n        <div  class=\"tb_text_wrap\">\n    <h2>PRINCIPALES CARACTER\u00cdSTICAS<\/h2>    <\/div>\n<\/div>\n<!-- \/module text --><!-- module text -->\n<div  class=\"module module-text tb_i5x9540   \" data-lazy=\"1\">\n        <div  class=\"tb_text_wrap\">\n    <p>Con la implementaci\u00f3n de la soluci\u00f3n de Main-Tool, las organizaciones se benefician de ventajas como:<\/p>    <\/div>\n<\/div>\n<!-- \/module text -->\t        <\/div>\n\t    \t<\/div>\n\t\t    <\/div>\n\t    <!-- \/row_inner -->\n\t<\/div>\n\t<!-- \/module_row -->\n\t\t<!-- module_row -->\n\t<div  data-css_id=\"apa7792\" data-lazy=\"1\" class=\"module_row themify_builder_row repeat fullwidth_row_container tb_apa7792 tf_clearfix\" >\n\t    \t\t<div class=\"row_inner col_align_top gutter-narrow col-count-5 tf_box tf_w tf_rel\"  data-basecol=\"5\" data-col_mobile=\"column-full\">\n\t\t\t<div  data-lazy=\"1\" class=\"module_column tb-column col5-1 first tb_687u792 repeat tf_box\">\n\t\t\t    \t        <div class=\"tb-column-inner tf_box tf_w\">\n\t\t    <!-- module image -->\n<div  class=\"module module-image tb_544i792   image-center tf_mw wow\" data-tf-animation=\"slideInLeft\" data-tf-animation_delay=\".5\" data-lazy=\"1\">\n        <div class=\"image-wrap tf_rel tf_mw\">\n\t\t    \t\n\t\t<\/div>\n\t<!-- \/image-wrap -->\n    \n    \t<div class=\"image-content\">\n\t    \n\t    \t\t<div class=\"image-caption tb_text_wrap\">\n\t\t    Implementaci\u00f3n r\u00e1pida <br>del proyecto\t    <\/div>\n\t    <!-- \/image-caption -->\n\t    \t<\/div>\n\t<!-- \/image-content -->\n    \t<\/div>\n<!-- \/module image -->\t        <\/div>\n\t    \t<\/div>\n\t\t<div  data-lazy=\"1\" class=\"module_column tb-column col5-1 second tb_1bmp792 tf_box\">\n\t\t\t    \t        <div class=\"tb-column-inner tf_box tf_w\">\n\t\t    <!-- module image -->\n<div  class=\"module module-image tb_psie792   image-center tf_mw wow\" data-tf-animation=\"slideInLeft\" data-lazy=\"1\">\n        <div class=\"image-wrap tf_rel tf_mw\">\n\t\t    \t\n\t\t<\/div>\n\t<!-- \/image-wrap -->\n    \n    \t<div class=\"image-content\">\n\t    \n\t    \t\t<div class=\"image-caption tb_text_wrap\">\n\t\t    Actualizaci\u00f3n de <br>servicio y programa\t    <\/div>\n\t    <!-- \/image-caption -->\n\t    \t<\/div>\n\t<!-- \/image-content -->\n    \t<\/div>\n<!-- \/module image -->\t        <\/div>\n\t    \t<\/div>\n\t\t<div  data-lazy=\"1\" class=\"module_column tb-column col5-1 third tb_8wm2792 tf_box\">\n\t\t\t    \t        <div class=\"tb-column-inner tf_box tf_w\">\n\t\t    <!-- module image -->\n<div  class=\"module module-image tb_xkjz792   image-center tf_mw wow\" data-tf-animation=\"slideInRight\" data-lazy=\"1\">\n        <div class=\"image-wrap tf_rel tf_mw\">\n\t\t    \t\n\t\t<\/div>\n\t<!-- \/image-wrap -->\n    \n    \t<div class=\"image-content\">\n\t    \n\t    \t\t<div class=\"image-caption tb_text_wrap\">\n\t\t    Alta calidad garantizada por la certificaci\u00f3n de Microsoft\t    <\/div>\n\t    <!-- \/image-caption -->\n\t    \t<\/div>\n\t<!-- \/image-content -->\n    \t<\/div>\n<!-- \/module image -->\t        <\/div>\n\t    \t<\/div>\n\t\t<div  data-lazy=\"1\" class=\"module_column tb-column col5-1 fourth tb_eq8g793 tf_box\">\n\t\t\t    \t        <div class=\"tb-column-inner tf_box tf_w\">\n\t\t    <!-- module image -->\n<div  class=\"module module-image tb_ladr793   image-center tf_mw wow\" data-tf-animation=\"slideInRight\" data-lazy=\"1\">\n        <div class=\"image-wrap tf_rel tf_mw\">\n\t\t    \t\n\t\t<\/div>\n\t<!-- \/image-wrap -->\n    \n    \t<div class=\"image-content\">\n\t    \n\t    \t\t<div class=\"image-caption tb_text_wrap\">\n\t\t    Funciones espec\u00edficas <br>del sector\t    <\/div>\n\t    <!-- \/image-caption -->\n\t    \t<\/div>\n\t<!-- \/image-content -->\n    \t<\/div>\n<!-- \/module image -->\t        <\/div>\n\t    \t<\/div>\n\t\t<div  data-lazy=\"1\" class=\"module_column tb-column col5-1 last tb_bpe2793 tf_box\">\n\t\t\t    \t        <div class=\"tb-column-inner tf_box tf_w\">\n\t\t    <!-- module image -->\n<div  class=\"module module-image tb_0ml8793   image-center tf_mw wow\" data-tf-animation=\"slideInRight\" data-lazy=\"1\">\n        <div class=\"image-wrap tf_rel tf_mw\">\n\t\t    \t\n\t\t<\/div>\n\t<!-- \/image-wrap -->\n    \n    \t<div class=\"image-content\">\n\t    \n\t    \t\t<div class=\"image-caption tb_text_wrap\">\n\t\t    F\u00e1cil personalizaci\u00f3n adaptada a cada organizaci\u00f3n\t    <\/div>\n\t    <!-- \/image-caption -->\n\t    \t<\/div>\n\t<!-- \/image-content -->\n    \t<\/div>\n<!-- \/module image -->\t        <\/div>\n\t    \t<\/div>\n\t\t    <\/div>\n\t    <!-- \/row_inner -->\n\t<\/div>\n\t<!-- \/module_row -->\n\t\t<!-- module_row -->\n\t<div  data-css_id=\"lotl278\" data-lazy=\"1\" class=\"module_row themify_builder_row fullcover fullwidth tb_lotl278 tf_clearfix wow\" data-tf-animation=\"pulse\" >\n\t    \t\t<div class=\"row_inner col_align_top col-count-1 tf_box tf_w tf_rel\">\n\t\t\t<div  data-lazy=\"1\" class=\"module_column tb-column col-full first tb_q7e9278 tf_box\">\n\t\t\t    \t        <div class=\"tb-column-inner tf_box tf_w\">\n\t\t    <!-- module buttons -->\n<div  class=\"module module-buttons tb_n3om279 buttons-horizontal transparent  large circle tf_textc\" data-lazy=\"1\">\n    \t<div class=\"module-buttons-item tf_inline_b\">\n\t\t\t\t\t\t\t<a href=\"https:\/\/arquiconsult.com\/wp-content\/uploads\/2024\/04\/Factsheet-Main-Tool-1.pdf\" class=\"ui builder_button tb_default_color\" target=\"_blank\" rel=\"noopener\">\n\t\t\t\t\t\t\t\t\t\t\t<span class=\"tf_inline_b tf_vmiddle\">Hoja Informativa<\/span>\n\t\t\t\t\t\t\t\t\t\t\t<\/a>\n\t\t\t    \t<\/div>\n\t<\/div>\n<!-- \/module buttons -->\n\t        <\/div>\n\t    \t<\/div>\n\t\t    <\/div>\n\t    <!-- \/row_inner -->\n\t<\/div>\n\t<!-- \/module_row -->\n\t\t<!-- module_row -->\n\t<div  data-anchor=\"crm_form\" data-lazy=\"1\" class=\"module_row themify_builder_row tb_has_section tb_section-crm_form tb_ethx849 tf_clearfix\" >\n\t    \t\t<div class=\"row_inner col_align_top col-count-1 tf_box tf_w tf_rel\">\n\t\t\t<div  data-lazy=\"1\" class=\"module_column tb-column col-full first tb_5t03850 tf_box\">\n\t\t\t    \t        <div class=\"tb-column-inner tf_box tf_w\">\n\t\t    <!-- module plain text -->\n<div  class=\"module module-plain-text tb_jvlc850 \" data-lazy=\"1\">\n        <div class=\"tb_text_wrap\">\n\t<div\n        data-form-id='707dff2f-daa9-f011-bbd2-7ced8d9527c3'\n        data-form-api-url='https:\/\/public-eur.mkt.dynamics.com\/api\/v1.0\/orgs\/89d90a5a-468d-436c-8bd1-5cc7cfa5e05b\/landingpageforms'\n        data-cached-form-url='https:\/\/assets-eur.mkt.dynamics.com\/89d90a5a-468d-436c-8bd1-5cc7cfa5e05b\/digitalassets\/forms\/707dff2f-daa9-f011-bbd2-7ced8d9527c3' ><\/div>\n        <script src = 'https:\/\/cxppusa1formui01cdnsa01-endpoint.azureedge.net\/eur\/FormLoader\/FormLoader.bundle.js' ><\/script>    <\/div>\n<\/div>\n<!-- \/module plain text -->\t        <\/div>\n\t    \t<\/div>\n\t\t    <\/div>\n\t    <!-- \/row_inner -->\n\t<\/div>\n\t<!-- \/module_row -->\n\t<\/div>\n<!--\/themify_builder_content-->","protected":false},"excerpt":{"rendered":"<p>Arquiconsult.com\/es \/ Sectores \/ Mantenimiento &#8211; Main-Tool MAIN-TOOL Gesti\u00f3n de mantenimiento de equipos industriales. \u00a1Hable con nuestro equipo! \u00bfQu\u00e9 ES MAIN-TOOL? La soluci\u00f3n de Gesti\u00f3n de Mantenimiento T\u00e9cnico funciona como una soluci\u00f3n horizontal basado en\u00a0Microsoft Dynamics 365 Business Central\u00a0. aunque sobre todo utilizado en unidades industriales, la soluci\u00f3n de gesti\u00f3n de mantenimiento no es un [&hellip;]<\/p>\n","protected":false},"author":4,"featured_media":0,"parent":0,"menu_order":0,"comment_status":"closed","ping_status":"closed","template":"","meta":[],"acf":[],"_links":{"self":[{"href":"https:\/\/arquiconsult.com\/es\/wp-json\/wp\/v2\/pages\/33458"}],"collection":[{"href":"https:\/\/arquiconsult.com\/es\/wp-json\/wp\/v2\/pages"}],"about":[{"href":"https:\/\/arquiconsult.com\/es\/wp-json\/wp\/v2\/types\/page"}],"author":[{"embeddable":true,"href":"https:\/\/arquiconsult.com\/es\/wp-json\/wp\/v2\/users\/4"}],"replies":[{"embeddable":true,"href":"https:\/\/arquiconsult.com\/es\/wp-json\/wp\/v2\/comments?post=33458"}],"version-history":[{"count":2,"href":"https:\/\/arquiconsult.com\/es\/wp-json\/wp\/v2\/pages\/33458\/revisions"}],"predecessor-version":[{"id":118317,"href":"https:\/\/arquiconsult.com\/es\/wp-json\/wp\/v2\/pages\/33458\/revisions\/118317"}],"wp:attachment":[{"href":"https:\/\/arquiconsult.com\/es\/wp-json\/wp\/v2\/media?parent=33458"}],"curies":[{"name":"wp","href":"https:\/\/api.w.org\/{rel}","templated":true}]}}