{"id":33490,"date":"2021-11-29T13:26:37","date_gmt":"2021-11-29T12:26:37","guid":{"rendered":"https:\/\/arquiconsult.com\/?page_id=33490"},"modified":"2025-01-29T10:46:10","modified_gmt":"2025-01-29T10:46:10","slug":"evaluacion-del-desempeno","status":"publish","type":"page","link":"https:\/\/arquiconsult.com\/es\/evaluacion-del-desempeno\/","title":{"rendered":"Evaluaci\u00f3n del desempe\u00f1o"},"content":{"rendered":"<!--themify_builder_content-->\n<div id=\"themify_builder_content-33490\" data-postid=\"33490\" class=\"themify_builder_content themify_builder_content-33490 themify_builder tf_clear\">\n    \t<!-- module_row -->\n\t<div  data-css_id=\"z9mw51\" data-lazy=\"1\" class=\"module_row themify_builder_row fullcover fullwidth_row_container tb_z9mw51 tb_first tf_clearfix\" >\n\t    <div class=\"builder_row_cover tf_abs\"><\/div>\t\t<div class=\"row_inner col_align_middle col-count-2 tf_box tf_w tf_rel\"  data-basecol=\"2\" data-col_tablet=\"column-full\" data-col_mobile=\"column-full\">\n\t\t\t<div  data-lazy=\"1\" style=\"width: 91.65%\" class=\"module_column tb-column col3-2 first tb_vfma51 tf_box\">\n\t\t\t    \t        <div class=\"tb-column-inner tf_box tf_w\">\n\t\t    <!-- module fancy heading -->\n<!--\/* $fields_args['heading_tag']  CODIGO QUE SAIU * \/-->\n<div  class=\"module module-fancy-heading tb_cem152 titulo-suporte tb_hide_divider\" data-lazy=\"1\">\n        <h1  class=\"fancy-heading tf_textc\">\n    <span class=\"main-head tf_block\">\n\t\t\t\t\tEVALUACI\u00d3N DEL DESEMPE\u00d1O\t\t    <\/span>\n\n\t\n    <span class=\"sub-head tf_block tf_rel\">\n\t\t\t\t\t\t\t    <\/span>\n    <\/h1>\n<\/div>\n<!-- \/module fancy heading -->\n<!-- module text -->\n<div  class=\"module module-text tb_q02c52   \" data-lazy=\"1\">\n        <div  class=\"tb_text_wrap\">\n    <p style=\"text-align: center;\">Olv\u00eddese de la complejidad de administrar y analizar un proceso de evaluaci\u00f3n del desempe\u00f1o basado en papel y vea lo simple que puede ser.<\/p>    <\/div>\n<\/div>\n<!-- \/module text -->\t        <\/div>\n\t    \t<\/div>\n\t\t<div  data-lazy=\"1\" style=\"width: 5.15%\" class=\"module_column tb-column col3-1 last tb_y6or52 tf_box\">\n\t\t\t    \t<\/div>\n\t\t    <\/div>\n\t    <!-- \/row_inner -->\n\t<\/div>\n\t<!-- \/module_row -->\n\t\t<!-- module_row -->\n\t<div  data-css_id=\"8e52698\" data-lazy=\"1\" class=\"module_row themify_builder_row repeat fullwidth_row_container tb_8e52698 tf_clearfix\" >\n\t    \t\t<div class=\"row_inner col_align_top col-count-1 tf_box tf_w tf_rel\">\n\t\t\t<div  data-lazy=\"1\" class=\"module_column tb-column col-full first tb_u2hi702 tf_box\">\n\t\t\t    \t        <div class=\"tb-column-inner tf_box tf_w\">\n\t\t    \t<div  data-lazy=\"1\" class=\"module_subrow themify_builder_sub_row tb_x1mm702 tf_w tf_clearfix\">\n\t    \t\t<div class=\"subrow_inner col_align_top col-count-1 tf_box tf_w\">\n\t\t\t<div  data-lazy=\"1\" class=\"sub_column module_column tf_box col-full first tb_7g9m704\" > \n\t    \t    \t        <div class=\"tb-column-inner tf_box tf_w\">\n\t\t    <!-- module text -->\n<div  class=\"module module-text tb_4f91704  repeat \" data-lazy=\"1\">\n        <div  class=\"tb_text_wrap\">\n    <h2>El proceso de evaluaci\u00f3n del desempe\u00f1o<br \/>no tiene por qu\u00e9 ser una pesadilla<\/h2>    <\/div>\n<\/div>\n<!-- \/module text --><!-- module text -->\n<div  class=\"module module-text tb_98sr706   \" data-lazy=\"1\">\n        <div  class=\"tb_text_wrap\">\n    <p>Sistema centralizado que le permite gestionar todo el proceso de configuraci\u00f3n de las encuestas de Performance Assessment, interviniendo en ellas, seg\u00fan los criterios que mejor se adapten a su organizaci\u00f3n, con la frecuencia que desee. De forma aut\u00f3noma sin necesidad de conocimientos inform\u00e1ticos avanzados.<\/p>\n<p>Consulte el historial de procesos archivados, analice el desempe\u00f1o de un departamento, funci\u00f3n, empleado en particular o de la organizaci\u00f3n en su conjunto. No se trata solo de registrar informaci\u00f3n, sino de tener f\u00e1cil acceso y an\u00e1lisis de sus datos.<\/p>\n<p>Inherente a esto, inicie su proceso de recopilaci\u00f3n de necesidades de capacitaci\u00f3n y d\u00e9 el primer paso para definir su <a href=\"https:\/\/arquiconsult.com\/es\/formacion\/\">plan de capacitaci\u00f3n<\/a>.<\/p>\n<p>\u00bfPlan de ACCION? \u00bfEl establecimiento de metas? \u00bfRecomendaciones de compensaci\u00f3n \/ bonificaci\u00f3n? Un plan de Recursos Humanos eficaz contempla estos aspectos fundamentales. Todo al alcance de su mano en el <a href=\"https:\/\/arquiconsult.com\/es\/employee-portal\/\">Portal del empleado.<\/a><\/p>    <\/div>\n<\/div>\n<!-- \/module text -->\t        <\/div>\n\t    \t<\/div>\n\t\t    <\/div>\n\t<\/div><!-- \/themify_builder_sub_row -->\n\t\t        <\/div>\n\t    \t<\/div>\n\t\t    <\/div>\n\t    <!-- \/row_inner -->\n\t<\/div>\n\t<!-- \/module_row -->\n\t\t<!-- module_row -->\n\t<div  data-anchor=\"hub\" data-hide-anchor=\"1\" data-css_id=\"3mqy350\" data-lazy=\"1\" class=\"module_row themify_builder_row repeat fullwidth tb_has_section tb_section-hub tb_3mqy350 tf_clearfix\" >\n\t    \t\t<div class=\"row_inner col_align_top col-count-1 tf_box tf_w tf_rel\">\n\t\t\t<div  data-lazy=\"1\" class=\"module_column tb-column col-full first tb_lxa5351 repeat tf_box\">\n\t\t\t    \t        <div class=\"tb-column-inner tf_box tf_w\">\n\t\t    \t<div  data-lazy=\"1\" class=\"module_subrow themify_builder_sub_row repeat tb_kxnp352 tf_w tf_clearfix\">\n\t    \t\t<div class=\"subrow_inner col_align_top col-count-2 tf_box tf_w\">\n\t\t\t<div  data-lazy=\"1\" class=\"sub_column module_column tf_box col4-2 first tb_dhdv353 fullcover\" > \n\t    \t    \t<\/div>\n\t\t<div  data-lazy=\"1\" class=\"sub_column module_column tf_box col4-2 last tb_zkf2354\"> \n\t    \t    \t        <div class=\"tb-column-inner tf_box tf_w\">\n\t\t    <!-- module text -->\n<div  class=\"module module-text tb_k4yl264  repeat  wow\" data-tf-animation=\"fadeIn\" data-lazy=\"1\">\n        <div  class=\"tb_text_wrap\">\n    <p style=\"text-align: left;\">DEFINE SUS PLANTILLAS DE EVALUACI\u00d3N<\/p>    <\/div>\n<\/div>\n<!-- \/module text --><!-- module text -->\n<div  class=\"module module-text tb_hwa4515    wow\" data-tf-animation=\"fadeIn\" data-lazy=\"1\">\n        <div  class=\"tb_text_wrap\">\n    <p style=\"text-align: left;\">El Portal del Empleado le brinda la flexibilidad de definir m\u00faltiples modelos de evaluaci\u00f3n con contenido diferente, seg\u00fan sus necesidades, ya sea definiendo un formulario para toda la organizaci\u00f3n, por departamento, por funci\u00f3n o, en el l\u00edmite, por persona o grupo de personas.<\/p>\n<p style=\"text-align: left;\">Aprovecha las configuraciones de cuestionarios anteriores a trav\u00e9s de la opci\u00f3n Clonar Plantilla, o crea bloques de plantilla que se puedan reutilizar en la definici\u00f3n de nuevos cuestionarios, utilizando el mismo o diferente criterio de evaluaci\u00f3n, escala num\u00e9rica, texto libre, lista de selecci\u00f3n o porcentaje.<\/p>\n<p style=\"text-align: left;\">Sabemos lo importante que es obtener una vista previa de esta informaci\u00f3n antes de hacerla p\u00fablica, la opci\u00f3n &#8220;Vista previa&#8221; est\u00e1 disponible en nuestro motor de cuestionarios utilizado, no solo en este m\u00f3dulo, sino tambi\u00e9n en el m\u00f3dulo de Gesti\u00f3n de la formaci\u00f3n.<\/p>    <\/div>\n<\/div>\n<!-- \/module text -->\t        <\/div>\n\t    \t<\/div>\n\t\t    <\/div>\n\t<\/div><!-- \/themify_builder_sub_row -->\n\t\t        <\/div>\n\t    \t<\/div>\n\t\t    <\/div>\n\t    <!-- \/row_inner -->\n\t<\/div>\n\t<!-- \/module_row -->\n\t\t<!-- module_row -->\n\t<div  data-css_id=\"e0d9342\" data-lazy=\"1\" class=\"module_row themify_builder_row repeat fullwidth_row_container tb_e0d9342 tf_clearfix\" >\n\t    \t\t<div class=\"row_inner col_align_top col-count-1 tf_box tf_w tf_rel\">\n\t\t\t<div  data-lazy=\"1\" class=\"module_column tb-column col-full first tb_3xf3343 tf_box\">\n\t\t\t    \t        <div class=\"tb-column-inner tf_box tf_w\">\n\t\t    \t<div  data-lazy=\"1\" class=\"module_subrow themify_builder_sub_row tb_vgpl343 tf_w tf_clearfix\">\n\t    \t\t<div class=\"subrow_inner col_align_top col-count-1 tf_box tf_w\">\n\t\t\t<div  data-lazy=\"1\" class=\"sub_column module_column tf_box col-full first tb_l2af344\" > \n\t    \t    \t        <div class=\"tb-column-inner tf_box tf_w\">\n\t\t    <!-- module text -->\n<div  class=\"module module-text tb_qttz345  repeat \" data-lazy=\"1\">\n        <div  class=\"tb_text_wrap\">\n    <h2>Ponga los cuestionarios a disposici\u00f3n de los emplados<br \/>Evaluaci\u00f3n sin traumas<\/h2>    <\/div>\n<\/div>\n<!-- \/module text --><!-- module text -->\n<div  class=\"module module-text tb_q5e1345   \" data-lazy=\"1\">\n        <div  class=\"tb_text_wrap\">\n    <p style=\"text-align: center;\">Al igual que los otros m\u00f3dulos del <a href=\"https:\/\/arquiconsult.com\/es\/employee-portal\/\">Portal del empleado<\/a>, el m\u00f3dulo de Evaluaci\u00f3n del desempe\u00f1o utiliza componentes compartidos por toda la soluci\u00f3n, es decir, la definici\u00f3n de la Estructura jer\u00e1rquica. Este componente es, de hecho, el pilar de todos los\u00a0Workflows\u00a0disponibles en el sistema, bas\u00e1ndose en su definici\u00f3n que el sistema consulta los diferentes cuestionarios para notificar y asignar tareas en el proceso de Evaluaci\u00f3n del Desempe\u00f1o. Esta definici\u00f3n permite agilizar el proceso de configuraci\u00f3n de los participantes a la hora de generar y asignar los cuestionarios de Evaluaci\u00f3n del Desempe\u00f1o. Incluso ofrecemos la posibilidad de configurar diferentes Estructuras Jer\u00e1rquicas (una por m\u00f3dulo) lo que le permite tener la flexibilidad que su organizaci\u00f3n necesita.<\/p><p style=\"text-align: center;\">Los diferentes departamentos tienen, en muchos casos, diferentes din\u00e1micas, por lo que tener una descripci\u00f3n general de su proceso de Evaluaci\u00f3n de Desempe\u00f1o deber\u00eda estar a solo un clic de distancia, es decir, saber qu\u00e9 cuestionarios se han completado o quedan por completar, para que pueda concentrarse en los casos que necesita. realmente necesito.<\/p>    <\/div>\n<\/div>\n<!-- \/module text -->\t        <\/div>\n\t    \t<\/div>\n\t\t    <\/div>\n\t<\/div><!-- \/themify_builder_sub_row -->\n\t\t        <\/div>\n\t    \t<\/div>\n\t\t    <\/div>\n\t    <!-- \/row_inner -->\n\t<\/div>\n\t<!-- \/module_row -->\n\t\t<!-- module_row -->\n\t<div  data-anchor=\"hub\" data-hide-anchor=\"1\" data-css_id=\"oyb3259\" data-lazy=\"1\" class=\"module_row themify_builder_row repeat fullwidth tb_has_section tb_section-hub tb_oyb3259 tf_clearfix\" >\n\t    \t\t<div class=\"row_inner col_align_top col-count-1 tf_box tf_w tf_rel\">\n\t\t\t<div  data-lazy=\"1\" class=\"module_column tb-column col-full first tb_ztgc261 repeat tf_box\">\n\t\t\t    \t        <div class=\"tb-column-inner tf_box tf_w\">\n\t\t    \t<div  data-lazy=\"1\" class=\"module_subrow themify_builder_sub_row tb_8xji265 tf_w tf_clearfix\">\n\t    \t\t<div class=\"subrow_inner col_align_top col-count-2 tf_box tf_w\">\n\t\t\t<div  style=\"width: 55.06%\" data-lazy=\"1\" class=\"sub_column module_column tf_box col4-2 first tb_d9av265 fullcover\" > \n\t    \t    \t        <div class=\"tb-column-inner tf_box tf_w\">\n\t\t    <!-- module text -->\n<div  class=\"module module-text tb_x8or265  repeat  wow\" data-tf-animation=\"fadeIn\" data-lazy=\"1\">\n        <div  class=\"tb_text_wrap\">\n    <p style=\"text-align: left;\">F\u00c1CIL DE USAR, MAYOR NIVEL DE ACEPTACI\u00d3N DE LA SOLUCI\u00d3N<\/p>    <\/div>\n<\/div>\n<!-- \/module text --><!-- module text -->\n<div  class=\"module module-text tb_a3q0265    wow\" data-tf-animation=\"fadeIn\" data-lazy=\"1\">\n        <div  class=\"tb_text_wrap\">\n    <p style=\"text-align: left;\">El f\u00e1cil acceso a la soluci\u00f3n, la simplicidad de uso y la interpretaci\u00f3n de la informaci\u00f3n brindada son factores esenciales en la adopci\u00f3n de un Sistema de Informaci\u00f3n, m\u00e1s relevantes cuando uno de los procesos brindados est\u00e1 relacionado con la evaluaci\u00f3n de la masa cr\u00edtica de la organizaci\u00f3n, de ah\u00ed que proporcionemos f\u00e1cil- pantallas de uso, Navegaci\u00f3n simplificada orientada al proceso que el usuario pretende realizar.<\/p>\n<p style=\"text-align: left;\">Como este es uno de los procesos b\u00e1sicos para el crecimiento de cualquier empresa, ofrecemos una soluci\u00f3n altamente configurable que nos permite operacionalizar los diferentes tipos de evaluaci\u00f3n, desde 360\u00ba, autoevaluaci\u00f3n, gesti\u00f3n, 180\u00ba, entre otros.<\/p>\n<p style=\"text-align: left;\">Recursos bien informados, con una visi\u00f3n clara de las tareas que tienen que realizar, aunque tengan diferentes responsabilidades, contribuyen no solo a un sistema actualizado, de f\u00e1cil acceso, sino tambi\u00e9n a que m\u00e1s procesos de evaluaci\u00f3n se completen en un de manera oportuna, situaci\u00f3n de la que todos se benefician.<\/p>    <\/div>\n<\/div>\n<!-- \/module text -->\t        <\/div>\n\t    \t<\/div>\n\t\t<div  style=\"width: 41.74%\" data-lazy=\"1\" class=\"sub_column module_column tf_box col4-2 last tb_ynsq265 fullcover\" > \n\t    \t    \t<\/div>\n\t\t    <\/div>\n\t<\/div><!-- \/themify_builder_sub_row -->\n\t\t        <\/div>\n\t    \t<\/div>\n\t\t    <\/div>\n\t    <!-- \/row_inner -->\n\t<\/div>\n\t<!-- \/module_row -->\n\t\t<!-- module_row -->\n\t<div  data-css_id=\"z2h8143\" data-lazy=\"1\" class=\"module_row themify_builder_row fullwidth_row_container tb_z2h8143 tf_clearfix\" >\n\t    \t\t<div class=\"row_inner col_align_top col-count-1 tf_box tf_w tf_rel\">\n\t\t\t<div  data-lazy=\"1\" class=\"module_column tb-column col-full first tb_192t144 tf_box\">\n\t\t\t    \t        <div class=\"tb-column-inner tf_box tf_w\">\n\t\t    <!-- module buttons -->\n<div  class=\"module module-buttons tb_nm38190 buttons-horizontal transparent  large circle tf_textc wow\" data-tf-animation=\"pulse\" data-lazy=\"1\">\n    \t<div class=\"module-buttons-item tf_inline_b\">\n\t\t\t\t\t\t\t<a href=\"https:\/\/arquiconsult.com\/es\/employee-portal\/\" class=\"ui builder_button tb_default_color\" >\n\t\t\t\t\t\t\t\t\t\t\t<span class=\"tf_inline_b tf_vmiddle\">Regreso<\/span>\n\t\t\t\t\t\t\t\t\t\t\t<\/a>\n\t\t\t    \t<\/div>\n\t<\/div>\n<!-- \/module buttons -->\n\t        <\/div>\n\t    \t<\/div>\n\t\t    <\/div>\n\t    <!-- \/row_inner -->\n\t<\/div>\n\t<!-- \/module_row -->\n\t\t<!-- module_row -->\n\t<div  data-css_id=\"4dqo197\" data-lazy=\"1\" class=\"module_row themify_builder_row fullwidth_row_container tb_4dqo197 tf_clearfix\" >\n\t    \t\t<div class=\"row_inner col_align_top col-count-1 tf_box tf_w tf_rel\">\n\t\t\t<div  data-lazy=\"1\" class=\"module_column tb-column col-full first tb_0hok198 tf_box\">\n\t\t\t    \t        <div class=\"tb-column-inner tf_box tf_w\">\n\t\t    <!-- module image -->\n<div  class=\"module module-image tb_a712198   image-center tf_mw wow\" data-tf-animation=\"fadeInUp\" data-lazy=\"1\">\n        <div class=\"image-wrap tf_rel tf_mw\">\n\t\t    <img loading=\"lazy\" src=\"https:\/\/arquiconsult.com\/wp-content\/uploads\/2021\/11\/Employee-Portal-Logo-200x143.png\" width=\"200\" height=\"143\" class=\"wp-post-image wp-image-28591\" title=\"Employee Portal-Logo\" alt=\"Employee Portal-Logo Presencia\">\t\n\t\t<\/div>\n\t<!-- \/image-wrap -->\n    \n    \t<\/div>\n<!-- \/module image -->\t        <\/div>\n\t    \t<\/div>\n\t\t    <\/div>\n\t    <!-- \/row_inner -->\n\t<\/div>\n\t<!-- \/module_row -->\n\t<\/div>\n<!--\/themify_builder_content-->","protected":false},"excerpt":{"rendered":"<p>EVALUACI\u00d3N DEL DESEMPE\u00d1O Olv\u00eddese de la complejidad de administrar y analizar un proceso de evaluaci\u00f3n del desempe\u00f1o basado en papel y vea lo simple que puede ser. El proceso de evaluaci\u00f3n del desempe\u00f1ono tiene por qu\u00e9 ser una pesadilla Sistema centralizado que le permite gestionar todo el proceso de configuraci\u00f3n de las encuestas de Performance [&hellip;]<\/p>\n","protected":false},"author":4,"featured_media":0,"parent":0,"menu_order":0,"comment_status":"closed","ping_status":"closed","template":"","meta":[],"acf":[],"_links":{"self":[{"href":"https:\/\/arquiconsult.com\/es\/wp-json\/wp\/v2\/pages\/33490"}],"collection":[{"href":"https:\/\/arquiconsult.com\/es\/wp-json\/wp\/v2\/pages"}],"about":[{"href":"https:\/\/arquiconsult.com\/es\/wp-json\/wp\/v2\/types\/page"}],"author":[{"embeddable":true,"href":"https:\/\/arquiconsult.com\/es\/wp-json\/wp\/v2\/users\/4"}],"replies":[{"embeddable":true,"href":"https:\/\/arquiconsult.com\/es\/wp-json\/wp\/v2\/comments?post=33490"}],"version-history":[{"count":0,"href":"https:\/\/arquiconsult.com\/es\/wp-json\/wp\/v2\/pages\/33490\/revisions"}],"wp:attachment":[{"href":"https:\/\/arquiconsult.com\/es\/wp-json\/wp\/v2\/media?parent=33490"}],"curies":[{"name":"wp","href":"https:\/\/api.w.org\/{rel}","templated":true}]}}