{"id":33497,"date":"2021-11-29T13:30:11","date_gmt":"2021-11-29T12:30:11","guid":{"rendered":"https:\/\/arquiconsult.com\/?page_id=33497"},"modified":"2025-01-29T11:14:15","modified_gmt":"2025-01-29T11:14:15","slug":"formacion","status":"publish","type":"page","link":"https:\/\/arquiconsult.com\/es\/formacion\/","title":{"rendered":"Formaci\u00f3n"},"content":{"rendered":"<!--themify_builder_content-->\n<div id=\"themify_builder_content-33497\" data-postid=\"33497\" class=\"themify_builder_content themify_builder_content-33497 themify_builder tf_clear\">\n    \t<!-- module_row -->\n\t<div  data-css_id=\"ox71804\" data-lazy=\"1\" class=\"module_row themify_builder_row fullcover fullwidth_row_container tb_ox71804 tb_first tf_clearfix\" >\n\t    <div class=\"builder_row_cover tf_abs\"><\/div>\t\t<div class=\"row_inner col_align_middle col-count-2 tf_box tf_w tf_rel\"  data-basecol=\"2\" data-col_tablet=\"column-full\" data-col_mobile=\"column-full\">\n\t\t\t<div  data-lazy=\"1\" style=\"width: 91.65%\" class=\"module_column tb-column col3-2 first tb_3kg9806 tf_box\">\n\t\t\t    \t        <div class=\"tb-column-inner tf_box tf_w\">\n\t\t    <!-- module fancy heading -->\n<!--\/* $fields_args['heading_tag']  CODIGO QUE SAIU * \/-->\n<div  class=\"module module-fancy-heading tb_vfkq807 titulo-suporte tb_hide_divider\" data-lazy=\"1\">\n        <h1  class=\"fancy-heading tf_textc\">\n    <span class=\"main-head tf_block\">\n\t\t\t\t\tFORMACI\u00d3N\t\t    <\/span>\n\n\t\n    <span class=\"sub-head tf_block tf_rel\">\n\t\t\t\t\t\t\t    <\/span>\n    <\/h1>\n<\/div>\n<!-- \/module fancy heading -->\n<!-- module text -->\n<div  class=\"module module-text tb_n7l8807   \" data-lazy=\"1\">\n        <div  class=\"tb_text_wrap\">\n    <p style=\"text-align: center;\">Recoger necesidades formativas de forma sencilla, planificar acciones<br \/>capacitaci\u00f3n a realizar, comparar versiones de planes, simplificar uno de los requisitos legales (Informe \u00danico), todo con el uso de este m\u00f3dulo.<\/p>    <\/div>\n<\/div>\n<!-- \/module text -->\t        <\/div>\n\t    \t<\/div>\n\t\t<div  data-lazy=\"1\" style=\"width: 5.15%\" class=\"module_column tb-column col3-1 last tb_31os807 tf_box\">\n\t\t\t    \t<\/div>\n\t\t    <\/div>\n\t    <!-- \/row_inner -->\n\t<\/div>\n\t<!-- \/module_row -->\n\t\t<!-- module_row -->\n\t<div  data-css_id=\"8e52698\" data-lazy=\"1\" class=\"module_row themify_builder_row repeat fullwidth_row_container tb_8e52698 tf_clearfix\" >\n\t    \t\t<div class=\"row_inner col_align_top col-count-1 tf_box tf_w tf_rel\">\n\t\t\t<div  data-lazy=\"1\" class=\"module_column tb-column col-full first tb_u2hi702 tf_box\">\n\t\t\t    \t        <div class=\"tb-column-inner tf_box tf_w\">\n\t\t    \t<div  data-lazy=\"1\" class=\"module_subrow themify_builder_sub_row tb_x1mm702 tf_w tf_clearfix\">\n\t    \t\t<div class=\"subrow_inner col_align_top col-count-1 tf_box tf_w\">\n\t\t\t<div  data-lazy=\"1\" class=\"sub_column module_column tf_box col-full first tb_7g9m704\" > \n\t    \t    \t        <div class=\"tb-column-inner tf_box tf_w\">\n\t\t    <!-- module text -->\n<div  class=\"module module-text tb_4f91704  repeat \" data-lazy=\"1\">\n        <div  class=\"tb_text_wrap\">\n    <h2>Pon fin a las formaciones desiguales<\/h2>    <\/div>\n<\/div>\n<!-- \/module text --><!-- module text -->\n<div  class=\"module module-text tb_98sr706   \" data-lazy=\"1\">\n        <div  class=\"tb_text_wrap\">\n    <p>Los cursos de formaci\u00f3n seleccionados, as\u00ed como la definici\u00f3n de los empleados para participar en ellos, no siempre se llevan a cabo de la mejor forma posible, utilizando hojas de c\u00e1lculo y correo electr\u00f3nico, lo que en ocasiones conlleva procesos largos y propensos a errores.<\/p><p>Con este m\u00f3dulo no solo se lleva a cabo de forma centralizada el proceso de recogida de necesidades formativas, ya sea globalmente disponible para la organizaci\u00f3n o Departamentos \/ \u00c1reas concretas, sino que adem\u00e1s se tiene un control total sobre los cuestionarios ya contestados o por responder. A partir de la recogida de necesidades formativas, tambi\u00e9n tiene la posibilidad de acelerar el proceso de elaboraci\u00f3n del plan formativo, generando las acciones a realizar as\u00ed como una lista de espera de alumnos en formaci\u00f3n para matricularse.<\/p>    <\/div>\n<\/div>\n<!-- \/module text -->\t        <\/div>\n\t    \t<\/div>\n\t\t    <\/div>\n\t<\/div><!-- \/themify_builder_sub_row -->\n\t\t        <\/div>\n\t    \t<\/div>\n\t\t    <\/div>\n\t    <!-- \/row_inner -->\n\t<\/div>\n\t<!-- \/module_row -->\n\t\t<!-- module_row -->\n\t<div  data-anchor=\"hub\" data-hide-anchor=\"1\" data-css_id=\"3mqy350\" data-lazy=\"1\" class=\"module_row themify_builder_row repeat fullwidth tb_has_section tb_section-hub tb_3mqy350 tf_clearfix\" >\n\t    \t\t<div class=\"row_inner col_align_top col-count-1 tf_box tf_w tf_rel\">\n\t\t\t<div  data-lazy=\"1\" class=\"module_column tb-column col-full first tb_lxa5351 repeat tf_box\">\n\t\t\t    \t        <div class=\"tb-column-inner tf_box tf_w\">\n\t\t    \t<div  data-lazy=\"1\" class=\"module_subrow themify_builder_sub_row repeat tb_kxnp352 tf_w tf_clearfix wow\" data-tf-animation=\"fadeInUp\">\n\t    \t\t<div class=\"subrow_inner col_align_top col-count-2 tf_box tf_w\">\n\t\t\t<div  data-lazy=\"1\" class=\"sub_column module_column tf_box col4-2 first tb_dhdv353 fullcover\" > \n\t    \t    \t<\/div>\n\t\t<div  data-lazy=\"1\" class=\"sub_column module_column tf_box col4-2 last tb_zkf2354\"> \n\t    \t    \t        <div class=\"tb-column-inner tf_box tf_w\">\n\t\t    <!-- module text -->\n<div  class=\"module module-text tb_k4yl264  repeat  wow\" data-tf-animation=\"fadeIn\" data-lazy=\"1\">\n        <div  class=\"tb_text_wrap\">\n    <p style=\"text-align: left;\">RESUMEN DEL PLAN DE FORMACI\u00d3N<\/p>    <\/div>\n<\/div>\n<!-- \/module text --><!-- module text -->\n<div  class=\"module module-text tb_hwa4515    wow\" data-tf-animation=\"fadeIn\" data-lazy=\"1\">\n        <div  class=\"tb_text_wrap\">\n    <p style=\"text-align: left;\">Poner el calendario de formaci\u00f3n a disposici\u00f3n de todos los miembros de la organizaci\u00f3n y mantenerlos siempre actualizados con las acciones y contenidos disponibles. Apoyar la definici\u00f3n de m\u00f3dulos con diferentes horarios y multi-capacitador para que los interesados \u200b\u200btengan toda la informaci\u00f3n disponible a la hora de decidir participar.<\/p>\n<p style=\"text-align: left;\">Debido a la din\u00e1mica t\u00edpica del mundo empresarial en estos d\u00edas, los cambios o ajustes al plan de capacitaci\u00f3n son una realidad, a pesar de que te permitimos comparar las diferentes versiones del Plan, para que tengas una percepci\u00f3n completa de lo planeado. versus lo que se hizo.<\/p>    <\/div>\n<\/div>\n<!-- \/module text -->\t        <\/div>\n\t    \t<\/div>\n\t\t    <\/div>\n\t<\/div><!-- \/themify_builder_sub_row -->\n\t\t        <\/div>\n\t    \t<\/div>\n\t\t    <\/div>\n\t    <!-- \/row_inner -->\n\t<\/div>\n\t<!-- \/module_row -->\n\t\t<!-- module_row -->\n\t<div  data-anchor=\"hub\" data-hide-anchor=\"1\" data-css_id=\"oyb3259\" data-lazy=\"1\" class=\"module_row themify_builder_row repeat fullwidth tb_has_section tb_section-hub tb_oyb3259 tf_clearfix\" >\n\t    \t\t<div class=\"row_inner col_align_top col-count-1 tf_box tf_w tf_rel\">\n\t\t\t<div  data-lazy=\"1\" class=\"module_column tb-column col-full first tb_ztgc261 repeat tf_box\">\n\t\t\t    \t        <div class=\"tb-column-inner tf_box tf_w\">\n\t\t    \t<div  data-lazy=\"1\" class=\"module_subrow themify_builder_sub_row tb_8xji265 tf_w tf_clearfix wow\" data-tf-animation=\"fadeInUp\">\n\t    \t\t<div class=\"subrow_inner col_align_top col-count-2 tf_box tf_w\">\n\t\t\t<div  style=\"width: 55.06%\" data-lazy=\"1\" class=\"sub_column module_column tf_box col4-2 first tb_d9av265 fullcover\" > \n\t    \t    \t        <div class=\"tb-column-inner tf_box tf_w\">\n\t\t    <!-- module text -->\n<div  class=\"module module-text tb_x8or265  repeat  wow\" data-tf-animation=\"fadeIn\" data-lazy=\"1\">\n        <div  class=\"tb_text_wrap\">\n    <p style=\"text-align: left;\">EVALUACI\u00d3N DE LA ACCI\u00d3N DE FORMACI\u00d3N Y LA EFICACIA DE LA FORMACI\u00d3N<\/p>    <\/div>\n<\/div>\n<!-- \/module text --><!-- module text -->\n<div  class=\"module module-text tb_a3q0265    wow\" data-tf-animation=\"fadeIn\" data-lazy=\"1\">\n        <div  class=\"tb_text_wrap\">\n    <p style=\"text-align: left;\">El <strong><a href=\"https:\/\/arquiconsult.com\/es\/employee-portal\/\">Portal del Empleado<\/a><\/strong> permite la recogida de informaci\u00f3n sobre la ejecuci\u00f3n de una Acci\u00f3n Formativa concreta as\u00ed como su an\u00e1lisis global a trav\u00e9s de encuestas totalmente configurables por ti seg\u00fan los criterios que consideres relevantes. La definici\u00f3n de encuestas se realiza mediante el motor de encuestas disponible en el sistema. De esta forma, tras realizar una acci\u00f3n formativa, tienes la posibilidad de facilitar autom\u00e1ticamente una encuesta de respuesta individual asignada a cada alumno para recoger su valoraci\u00f3n de la acci\u00f3n formativa, por otro lado, con el fin de asegurar que la organizaci\u00f3n est\u00e1 apostando por los cursos correctos, se pone a disposici\u00f3n de cada uno de los altos directivos de los alumnos una encuesta para conocer la eficacia de la formaci\u00f3n. La disponibilidad de estas encuestas es configurable y definida por el responsable de formaci\u00f3n.<\/p>    <\/div>\n<\/div>\n<!-- \/module text -->\t        <\/div>\n\t    \t<\/div>\n\t\t<div  style=\"width: 41.74%\" data-lazy=\"1\" class=\"sub_column module_column tf_box col4-2 last tb_ynsq265 fullcover\" > \n\t    \t    \t<\/div>\n\t\t    <\/div>\n\t<\/div><!-- \/themify_builder_sub_row -->\n\t\t        <\/div>\n\t    \t<\/div>\n\t\t    <\/div>\n\t    <!-- \/row_inner -->\n\t<\/div>\n\t<!-- \/module_row -->\n\t\t<!-- module_row -->\n\t<div  data-css_id=\"e0d9342\" data-lazy=\"1\" class=\"module_row themify_builder_row repeat fullwidth_row_container tb_e0d9342 tf_clearfix\" >\n\t    \t\t<div class=\"row_inner col_align_top col-count-1 tf_box tf_w tf_rel\">\n\t\t\t<div  data-lazy=\"1\" class=\"module_column tb-column col-full first tb_3xf3343 tf_box\">\n\t\t\t    \t        <div class=\"tb-column-inner tf_box tf_w\">\n\t\t    \t<div  data-lazy=\"1\" class=\"module_subrow themify_builder_sub_row tb_vgpl343 tf_w tf_clearfix\">\n\t    \t\t<div class=\"subrow_inner col_align_top col-count-1 tf_box tf_w\">\n\t\t\t<div  data-lazy=\"1\" class=\"sub_column module_column tf_box col-full first tb_l2af344\" > \n\t    \t    \t        <div class=\"tb-column-inner tf_box tf_w\">\n\t\t    <!-- module text -->\n<div  class=\"module module-text tb_qttz345  repeat \" data-lazy=\"1\">\n        <div  class=\"tb_text_wrap\">\n    <h2>Dashboards e <span class=\"VIiyi\" jsaction=\"mouseup:BR6jm\" jsname=\"jqKxS\" lang=\"es\"><span jsaction=\"agoMJf:PFBcW;usxOmf:aWLT7;jhKsnd:P7O7bd,F8DmGf;Q4AGo:Gm7gYd,qAKMYb;uFUCPb:pvnm0e,pfE8Hb,PFBcW;f56efd:dJXsye;EnoYf:KNzws,ZJsZZ,JgVSJc;zdMJQc:cCQNKb,ZJsZZ,zchEXc;Ytrrj:JJDvdc;tNR8yc:GeFvjb;oFN6Ye:hij5Wb;bmeZHc:iURhpf;Oxj3Xe:qAKMYb,yaf12d\" jsname=\"txFAF\" class=\"JLqJ4b ChMk0b C1N51c\" data-language-for-alternatives=\"es\" data-language-to-translate-into=\"pt\" data-phrase-index=\"0\" data-number-of-phrases=\"1\" jscontroller=\"Zl5N8\" jsdata=\"uqLsIf;_;$1879\" jsmodel=\"SsMkhd\"><span jsaction=\"click:qtZ4nf,GFf3ac,tMZCfe; contextmenu:Nqw7Te,QP7LD; mouseout:Nqw7Te; mouseover:qtZ4nf,c2aHje\" jsname=\"W297wb\">informes<\/span><\/span><\/span><\/h2>    <\/div>\n<\/div>\n<!-- \/module text --><!-- module text -->\n<div  class=\"module module-text tb_q5e1345   \" data-lazy=\"1\">\n        <div  class=\"tb_text_wrap\">\n    <p style=\"text-align: center;\">El objetivo de implementar el sistema no es solo para la organizaci\u00f3n, la centralizaci\u00f3n de la informaci\u00f3n, sino para revelar un punto de an\u00e1lisis para apoyar los procesos de toma de decisiones. En este sentido, proporcionamos Dashboards contextualizados &#8220;listos para usar&#8221; por:<\/p>    <\/div>\n<\/div>\n<!-- \/module text -->\t        <\/div>\n\t    \t<\/div>\n\t\t    <\/div>\n\t<\/div><!-- \/themify_builder_sub_row -->\n\t\t        <\/div>\n\t    \t<\/div>\n\t\t    <\/div>\n\t    <!-- \/row_inner -->\n\t<\/div>\n\t<!-- \/module_row -->\n\t\t<!-- module_row -->\n\t<div  data-css_id=\"jf2y334\" data-lazy=\"1\" class=\"module_row themify_builder_row caixas-suporte repeat fullwidth tb_jf2y334 tf_clearfix\" >\n\t    \t\t<div class=\"row_inner col_align_top col-count-2 tf_box tf_w tf_rel\"  data-basecol=\"2\" data-col_mobile=\"column-full\">\n\t\t\t<div  data-lazy=\"1\" class=\"module_column tb-column col4-2 first tb_0tcq335 tf_box\">\n\t\t\t    \t        <div class=\"tb-column-inner tf_box tf_w\">\n\t\t    \t<div  data-lazy=\"1\" class=\"module_subrow themify_builder_sub_row repeat tb_dy3n335 tf_w tf_clearfix\">\n\t    \t\t<div class=\"subrow_inner col_align_top col-count-2 tf_box tf_w\">\n\t\t\t<div  style=\"width: 12.29%\" data-lazy=\"1\" class=\"sub_column module_column tf_box col4-2 first tb_rk7c336\" > \n\t    \t    \t        <div class=\"tb-column-inner tf_box tf_w\">\n\t\t    <!-- module image -->\n<div  class=\"module module-image tb_1rsf336  image-certo image-right tf_mw\" data-lazy=\"1\">\n        <div class=\"image-wrap tf_rel tf_mw\">\n\t\t    <img loading=\"lazy\" src=\"https:\/\/arquiconsult.com\/wp-content\/uploads\/2021\/11\/Dynamics-365-BC-Dynamics-365-Enterprise-Sales-Microsoft-Dynamics-365-RGPD-Commerce-Microsoft-Dynamics-NAV-Navision-Microsoft-Softwares-50x50.png\" width=\"50\" height=\"50\" class=\"wp-post-image wp-image-28878\" title=\"Dynamics 365 BC-Dynamics 365 Enterprise-Sales-Microsoft Dynamics 365-RGPD-Commerce-Microsoft Dynamics NAV-Navision-Microsoft-Softwares\" alt=\"Dynamics 365 BC-Dynamics 365 Enterprise-Sales-Microsoft Dynamics 365-RGPD-Commerce-Microsoft Dynamics NAV-Navision-Microsoft-Softwares\">\t\n\t\t<\/div>\n\t<!-- \/image-wrap -->\n    \n    \t<\/div>\n<!-- \/module image -->\t        <\/div>\n\t    \t<\/div>\n\t\t<div  style=\"width: 84.51%\" data-lazy=\"1\" class=\"sub_column module_column tf_box col4-2 last tb_dkoc337 repeat\" > \n\t    \t    \t        <div class=\"tb-column-inner tf_box tf_w\">\n\t\t    <!-- module text -->\n<div  class=\"module module-text tb_1bcd337   \" data-lazy=\"1\">\n        <div  class=\"tb_text_wrap\">\n    <p>Curso &#8211; Conozca cu\u00e1ntas acciones realiza por curso, horas de capacitaci\u00f3n, sus participantes, capacitadores, proveedores, costos incurridos y lista de espera para futuras oportunidades<\/p>    <\/div>\n<\/div>\n<!-- \/module text -->\t        <\/div>\n\t    \t<\/div>\n\t\t    <\/div>\n\t<\/div><!-- \/themify_builder_sub_row -->\n\t\t        <\/div>\n\t    \t<\/div>\n\t\t<div  data-lazy=\"1\" class=\"module_column tb-column col4-2 last tb_rvpn348 tf_box\">\n\t\t\t    \t        <div class=\"tb-column-inner tf_box tf_w\">\n\t\t    \t<div  data-lazy=\"1\" class=\"module_subrow themify_builder_sub_row repeat tb_0d1f738 tf_w tf_clearfix\">\n\t    \t\t<div class=\"subrow_inner col_align_top col-count-2 tf_box tf_w\">\n\t\t\t<div  style=\"width: 12.29%\" data-lazy=\"1\" class=\"sub_column module_column tf_box col4-2 first tb_ae6j738\" > \n\t    \t    \t        <div class=\"tb-column-inner tf_box tf_w\">\n\t\t    <!-- module image -->\n<div  class=\"module module-image tb_hcg6739  image-certo image-right tf_mw\" data-lazy=\"1\">\n        <div class=\"image-wrap tf_rel tf_mw\">\n\t\t    <img loading=\"lazy\" src=\"https:\/\/arquiconsult.com\/wp-content\/uploads\/2021\/11\/Dynamics-365-BC-Dynamics-365-Enterprise-Sales-Microsoft-Dynamics-365-RGPD-Commerce-Microsoft-Dynamics-NAV-Navision-Microsoft-Softwares-50x50.png\" width=\"50\" height=\"50\" class=\"wp-post-image wp-image-28878\" title=\"Dynamics 365 BC-Dynamics 365 Enterprise-Sales-Microsoft Dynamics 365-RGPD-Commerce-Microsoft Dynamics NAV-Navision-Microsoft-Softwares\" alt=\"Dynamics 365 BC-Dynamics 365 Enterprise-Sales-Microsoft Dynamics 365-RGPD-Commerce-Microsoft Dynamics NAV-Navision-Microsoft-Softwares\">\t\n\t\t<\/div>\n\t<!-- \/image-wrap -->\n    \n    \t<\/div>\n<!-- \/module image -->\t        <\/div>\n\t    \t<\/div>\n\t\t<div  style=\"width: 84.51%\" data-lazy=\"1\" class=\"sub_column module_column tf_box col4-2 last tb_gr35739 repeat\" > \n\t    \t    \t        <div class=\"tb-column-inner tf_box tf_w\">\n\t\t    <!-- module text -->\n<div  class=\"module module-text tb_4tj0740   \" data-lazy=\"1\">\n        <div  class=\"tb_text_wrap\">\n    <p>Plan: descripci\u00f3n general de la ejecuci\u00f3n de su plan de formaci\u00f3n, acciones planificadas, en curso, no realizadas, finalizadas, lista de espera, n\u00famero de alumnos, costes<\/p>    <\/div>\n<\/div>\n<!-- \/module text -->\t        <\/div>\n\t    \t<\/div>\n\t\t    <\/div>\n\t<\/div><!-- \/themify_builder_sub_row -->\n\t\t        <\/div>\n\t    \t<\/div>\n\t\t    <\/div>\n\t    <!-- \/row_inner -->\n\t<\/div>\n\t<!-- \/module_row -->\n\t\t<!-- module_row -->\n\t<div  data-css_id=\"z2h8143\" data-lazy=\"1\" class=\"module_row themify_builder_row fullwidth_row_container tb_z2h8143 tf_clearfix\" >\n\t    \t\t<div class=\"row_inner col_align_top col-count-1 tf_box tf_w tf_rel\">\n\t\t\t<div  data-lazy=\"1\" class=\"module_column tb-column col-full first tb_192t144 tf_box\">\n\t\t\t    \t        <div class=\"tb-column-inner tf_box tf_w\">\n\t\t    <!-- module text -->\n<div  class=\"module module-text tb_w3nd192   \" data-lazy=\"1\">\n        <div  class=\"tb_text_wrap\">\n    <p style=\"text-align: center;\">Si esto no fuera suficiente, ofrecemos la posibilidad de extraer la informaci\u00f3n a un formato de hoja de c\u00e1lculo para que puedas realizar tus propios an\u00e1lisis, sin embargo te proporcionamos un conjunto b\u00e1sico de an\u00e1lisis \/ informes que se han ido mejorando a lo largo de los a\u00f1os:<\/p>    <\/div>\n<\/div>\n<!-- \/module text --><!-- module text -->\n<div  class=\"module module-text tb_6u7h948   \" data-lazy=\"1\">\n        <div  class=\"tb_text_wrap\">\n    <h3 style=\"text-align: left;\">Ordenar:<\/h3>    <\/div>\n<\/div>\n<!-- \/module text -->\t        <\/div>\n\t    \t<\/div>\n\t\t    <\/div>\n\t    <!-- \/row_inner -->\n\t<\/div>\n\t<!-- \/module_row -->\n\t\t<!-- module_row -->\n\t<div  data-css_id=\"n1hk111\" data-lazy=\"1\" class=\"module_row themify_builder_row caixas-suporte repeat fullwidth tb_n1hk111 tf_clearfix\" >\n\t    \t\t<div class=\"row_inner col_align_top col-count-1 tf_box tf_w tf_rel\"  data-basecol=\"1\" data-col_mobile=\"column-full\">\n\t\t\t<div  data-lazy=\"1\" class=\"module_column tb-column col-full first tb_6tw0112 tf_box\">\n\t\t\t    \t        <div class=\"tb-column-inner tf_box tf_w\">\n\t\t    \t<div  data-lazy=\"1\" class=\"module_subrow themify_builder_sub_row repeat tb_5l3r112 tf_w tf_clearfix wow\" data-tf-animation=\"pulse\">\n\t    \t\t<div class=\"subrow_inner col_align_top col-count-5 tf_box tf_w\"  data-basecol=\"5\" data-col_mobile=\"column-full\">\n\t\t\t<div  style=\"width: 25.46%\" data-lazy=\"1\" class=\"sub_column module_column tf_box col5-1 first tb_lcna113\" > \n\t    \t    \t        <div class=\"tb-column-inner tf_box tf_w\">\n\t\t    <!-- module text -->\n<div  class=\"module module-text tb_09z9114   \" data-lazy=\"1\">\n        <div  class=\"tb_text_wrap\">\n    <p style=\"text-align: center;\">\u2022 Balance de actividad anual<\/p>    <\/div>\n<\/div>\n<!-- \/module text -->\t        <\/div>\n\t    \t<\/div>\n\t\t<div  style=\"width: 5.33%\" data-lazy=\"1\" class=\"sub_column module_column tf_box col5-1 second tb_rui8114 repeat\" > \n\t    \t    \t        <div class=\"tb-column-inner tf_box tf_w\">\n\t\t    <!-- module text -->\n<div  class=\"module module-text tb_k6ta596 linha-vertical  \" data-lazy=\"1\">\n        <div  class=\"tb_text_wrap\">\n    <br \/>\n    <\/div>\n<\/div>\n<!-- \/module text -->\t        <\/div>\n\t    \t<\/div>\n\t\t<div  style=\"width: 27.16%\" data-lazy=\"1\" class=\"sub_column module_column tf_box col5-1 third tb_fh0s977\"> \n\t    \t    \t        <div class=\"tb-column-inner tf_box tf_w\">\n\t\t    <!-- module text -->\n<div  class=\"module module-text tb_k2sw910   \" data-lazy=\"1\">\n        <div  class=\"tb_text_wrap\">\n    <p>Otros informes:<br \/>\u2022 Declaraci\u00f3n de participaci\u00f3n<br \/>\u2022 Lista de titulados por acci\u00f3n<br \/>\u2022 Lista de necesidades de formaci\u00f3n<br \/>\u2022 Registro individual de formaci\u00f3n recibida<br \/>\u2022 Lista de espera<\/p>    <\/div>\n<\/div>\n<!-- \/module text -->\t        <\/div>\n\t    \t<\/div>\n\t\t<div  style=\"width: 5.2%\" data-lazy=\"1\" class=\"sub_column module_column tf_box col5-1 fourth tb_ix6o173 repeat\" > \n\t    \t    \t        <div class=\"tb-column-inner tf_box tf_w\">\n\t\t    <!-- module text -->\n<div  class=\"module module-text tb_qvgw174 linha-vertical  \" data-lazy=\"1\">\n        <div  class=\"tb_text_wrap\">\n    <br \/>\n    <\/div>\n<\/div>\n<!-- \/module text -->\t        <\/div>\n\t    \t<\/div>\n\t\t<div  style=\"width: 24.05%\" data-lazy=\"1\" class=\"sub_column module_column tf_box col5-1 last tb_i351978\"> \n\t    \t    \t        <div class=\"tb-column-inner tf_box tf_w\">\n\t\t    <!-- module text -->\n<div  class=\"module module-text tb_zdug255   \" data-lazy=\"1\">\n        <div  class=\"tb_text_wrap\">\n    <p style=\"text-align: left;\">\u2022 Evaluaci\u00f3n de acciones<\/p>    <\/div>\n<\/div>\n<!-- \/module text -->\t        <\/div>\n\t    \t<\/div>\n\t\t    <\/div>\n\t<\/div><!-- \/themify_builder_sub_row -->\n\t\t        <\/div>\n\t    \t<\/div>\n\t\t    <\/div>\n\t    <!-- \/row_inner -->\n\t<\/div>\n\t<!-- \/module_row -->\n\t\t<!-- module_row -->\n\t<div  data-css_id=\"346h816\" data-lazy=\"1\" class=\"module_row themify_builder_row fullwidth_row_container tb_346h816 tf_clearfix\" >\n\t    \t\t<div class=\"row_inner col_align_top col-count-1 tf_box tf_w tf_rel\">\n\t\t\t<div  data-lazy=\"1\" class=\"module_column tb-column col-full first tb_egzd817 tf_box\">\n\t\t\t    \t        <div class=\"tb-column-inner tf_box tf_w\">\n\t\t    <!-- module buttons -->\n<div  class=\"module module-buttons tb_xl2k819 buttons-horizontal transparent  large circle tf_textc wow\" data-tf-animation=\"pulse\" data-lazy=\"1\">\n    \t<div class=\"module-buttons-item tf_inline_b\">\n\t\t\t\t\t\t\t<a href=\"https:\/\/arquiconsult.com\/es\/employee-portal\/\" class=\"ui builder_button tb_default_color\" >\n\t\t\t\t\t\t\t\t\t\t\t<span class=\"tf_inline_b tf_vmiddle\">Regreso<\/span>\n\t\t\t\t\t\t\t\t\t\t\t<\/a>\n\t\t\t    \t<\/div>\n\t<\/div>\n<!-- \/module buttons -->\n\t        <\/div>\n\t    \t<\/div>\n\t\t    <\/div>\n\t    <!-- \/row_inner -->\n\t<\/div>\n\t<!-- \/module_row -->\n\t\t<!-- module_row -->\n\t<div  data-css_id=\"1dd647\" data-lazy=\"1\" class=\"module_row themify_builder_row fullwidth_row_container tb_1dd647 tf_clearfix\" >\n\t    \t\t<div class=\"row_inner col_align_top col-count-1 tf_box tf_w tf_rel\">\n\t\t\t<div  data-lazy=\"1\" class=\"module_column tb-column col-full first tb_e0qr48 tf_box\">\n\t\t\t    \t        <div class=\"tb-column-inner tf_box tf_w\">\n\t\t    <!-- module image -->\n<div  class=\"module module-image tb_ov3n636   image-center tf_mw wow\" data-tf-animation=\"fadeInUp\" data-lazy=\"1\">\n        <div class=\"image-wrap tf_rel tf_mw\">\n\t\t    <img loading=\"lazy\" src=\"https:\/\/arquiconsult.com\/wp-content\/uploads\/2021\/11\/Employee-Portal-Logo-200x143.png\" width=\"200\" height=\"143\" class=\"wp-post-image wp-image-28591\" title=\"Employee Portal-Logo\" alt=\"Employee Portal-Logo Presencia\">\t\n\t\t<\/div>\n\t<!-- \/image-wrap -->\n    \n    \t<\/div>\n<!-- \/module image -->\t        <\/div>\n\t    \t<\/div>\n\t\t    <\/div>\n\t    <!-- \/row_inner -->\n\t<\/div>\n\t<!-- \/module_row -->\n\t<\/div>\n<!--\/themify_builder_content-->","protected":false},"excerpt":{"rendered":"<p>FORMACI\u00d3N Recoger necesidades formativas de forma sencilla, planificar accionescapacitaci\u00f3n a realizar, comparar versiones de planes, simplificar uno de los requisitos legales (Informe \u00danico), todo con el uso de este m\u00f3dulo. Pon fin a las formaciones desiguales Los cursos de formaci\u00f3n seleccionados, as\u00ed como la definici\u00f3n de los empleados para participar en ellos, no siempre se [&hellip;]<\/p>\n","protected":false},"author":4,"featured_media":0,"parent":0,"menu_order":0,"comment_status":"closed","ping_status":"closed","template":"","meta":[],"acf":[],"_links":{"self":[{"href":"https:\/\/arquiconsult.com\/es\/wp-json\/wp\/v2\/pages\/33497"}],"collection":[{"href":"https:\/\/arquiconsult.com\/es\/wp-json\/wp\/v2\/pages"}],"about":[{"href":"https:\/\/arquiconsult.com\/es\/wp-json\/wp\/v2\/types\/page"}],"author":[{"embeddable":true,"href":"https:\/\/arquiconsult.com\/es\/wp-json\/wp\/v2\/users\/4"}],"replies":[{"embeddable":true,"href":"https:\/\/arquiconsult.com\/es\/wp-json\/wp\/v2\/comments?post=33497"}],"version-history":[{"count":0,"href":"https:\/\/arquiconsult.com\/es\/wp-json\/wp\/v2\/pages\/33497\/revisions"}],"wp:attachment":[{"href":"https:\/\/arquiconsult.com\/es\/wp-json\/wp\/v2\/media?parent=33497"}],"curies":[{"name":"wp","href":"https:\/\/api.w.org\/{rel}","templated":true}]}}