{"id":33512,"date":"2021-11-29T13:38:17","date_gmt":"2021-11-29T12:38:17","guid":{"rendered":"https:\/\/arquiconsult.com\/?page_id=33512"},"modified":"2025-12-02T12:23:58","modified_gmt":"2025-12-02T12:23:58","slug":"power-apps","status":"publish","type":"page","link":"https:\/\/arquiconsult.com\/es\/power-apps\/","title":{"rendered":"Power Apps"},"content":{"rendered":"<!--themify_builder_content-->\n<div id=\"themify_builder_content-33512\" data-postid=\"33512\" class=\"themify_builder_content themify_builder_content-33512 themify_builder tf_clear\">\n    \t<!-- module_row -->\n\t<div  data-css_id=\"6pn440\" data-lazy=\"1\" class=\"module_row themify_builder_row fullcover fullwidth_row_container tb_6pn440 tb_first tf_clearfix\" >\n\t    <div class=\"builder_row_cover tf_abs\"><\/div>\t\t<div class=\"row_inner col_align_middle col-count-1 tf_box tf_w tf_rel\"  data-basecol=\"1\" data-col_tablet=\"column-full\" data-col_mobile=\"column-full\">\n\t\t\t<div  data-lazy=\"1\" class=\"module_column tb-column col-full first tb_jos741 repeat tf_box\">\n\t\t\t    \t        <div class=\"tb-column-inner tf_box tf_w\">\n\t\t    <!-- module fancy heading -->\n<!--\/* $fields_args['heading_tag']  CODIGO QUE SAIU * \/-->\n<div  class=\"module module-fancy-heading tb_ej6s41 titulo-suporte tb_hide_divider\" data-lazy=\"1\">\n        <h1  class=\"fancy-heading tf_textc\">\n    <span class=\"main-head tf_block\">\n\t\t\t\t\tPOWER APPS - CREACI\u00d3N DE APLICACIONES \t\t    <\/span>\n\n\t\n    <span class=\"sub-head tf_block tf_rel\">\n\t\t\t\t\t\t\t    <\/span>\n    <\/h1>\n<\/div>\n<!-- \/module fancy heading -->\n<!-- module text -->\n<div  class=\"module module-text tb_ilzw42  repeat \" data-lazy=\"1\">\n        <div  class=\"tb_text_wrap\">\n    <p style=\"text-align: center;\">Cree aplicaciones con funciones avanzadas, basadas en plantillas predise\u00f1adas.<\/p>    <\/div>\n<\/div>\n<!-- \/module text --><!-- module image -->\n<div  class=\"module module-image tb_yyeb433   image-top tf_mw\" data-lazy=\"1\">\n        <div class=\"image-wrap tf_rel tf_mw\">\n\t\t    <img loading=\"lazy\" src=\"https:\/\/arquiconsult.com\/wp-content\/uploads\/2021\/10\/platform-100x96.png\" width=\"100\" height=\"96\" class=\"wp-post-image wp-image-25444\" title=\"platform\" alt=\"platform\">\t\n\t\t<\/div>\n\t<!-- \/image-wrap -->\n    \n    \t<\/div>\n<!-- \/module image -->\t        <\/div>\n\t    \t<\/div>\n\t\t    <\/div>\n\t    <!-- \/row_inner -->\n\t<\/div>\n\t<!-- \/module_row -->\n\t\t<!-- module_row -->\n\t<div  data-css_id=\"0sk7525\" data-lazy=\"1\" class=\"module_row themify_builder_row solucoes-sector repeat fullwidth_row_container tb_0sk7525 tf_clearfix\" >\n\t    \t\t<div class=\"row_inner col_align_top col-count-1 tf_box tf_w tf_rel\">\n\t\t\t<div  data-lazy=\"1\" class=\"module_column tb-column col-full first tb_6p7d525 tf_box\">\n\t\t\t    \t        <div class=\"tb-column-inner tf_box tf_w\">\n\t\t    <!-- module text -->\n<div  class=\"module module-text tb_fr7h526  repeat \" data-lazy=\"1\">\n        <div  class=\"tb_text_wrap\">\n    <h2>Funcionalidades Power Apps<\/h2>    <\/div>\n<\/div>\n<!-- \/module text -->\t        <\/div>\n\t    \t<\/div>\n\t\t    <\/div>\n\t    <!-- \/row_inner -->\n\t<\/div>\n\t<!-- \/module_row -->\n\t\t<!-- module_row -->\n\t<div  data-css_id=\"qgjw511\" data-lazy=\"1\" class=\"module_row themify_builder_row caixas-suporte repeat fullwidth tb_qgjw511 tf_clearfix\" >\n\t    \t\t<div class=\"row_inner col_align_top col-count-2 tf_box tf_w tf_rel\"  data-basecol=\"2\" data-col_mobile=\"column-full\">\n\t\t\t<div  data-lazy=\"1\" class=\"module_column tb-column col4-2 first tb_bdvi511 tf_box\">\n\t\t\t    \t        <div class=\"tb-column-inner tf_box tf_w\">\n\t\t    \t<div  data-lazy=\"1\" class=\"module_subrow themify_builder_sub_row repeat tb_jc9s512 tf_w tf_clearfix\">\n\t    \t\t<div class=\"subrow_inner col_align_top col-count-2 tf_box tf_w\">\n\t\t\t<div  style=\"width: 12.29%\" data-lazy=\"1\" class=\"sub_column module_column tf_box col4-2 first tb_6med513\" > \n\t    \t    \t        <div class=\"tb-column-inner tf_box tf_w\">\n\t\t    <!-- module image -->\n<div  class=\"module module-image tb_h77s513  image-certo image-right tf_mw\" data-lazy=\"1\">\n        <div class=\"image-wrap tf_rel tf_mw\">\n\t\t    <img loading=\"lazy\" src=\"https:\/\/arquiconsult.com\/wp-content\/uploads\/2021\/11\/Dynamics-365-BC-Dynamics-365-Enterprise-Sales-Microsoft-Dynamics-365-RGPD-Commerce-Microsoft-Dynamics-NAV-Navision-Microsoft-Softwares-50x50.png\" width=\"50\" height=\"50\" class=\"wp-post-image wp-image-28878\" title=\"Dynamics 365 BC-Dynamics 365 Enterprise-Sales-Microsoft Dynamics 365-RGPD-Commerce-Microsoft Dynamics NAV-Navision-Microsoft-Softwares\" alt=\"Dynamics 365 BC-Dynamics 365 Enterprise-Sales-Microsoft Dynamics 365-RGPD-Commerce-Microsoft Dynamics NAV-Navision-Microsoft-Softwares\">\t\n\t\t<\/div>\n\t<!-- \/image-wrap -->\n    \n    \t<\/div>\n<!-- \/module image -->\t        <\/div>\n\t    \t<\/div>\n\t\t<div  style=\"width: 84.51%\" data-lazy=\"1\" class=\"sub_column module_column tf_box col4-2 last tb_fy8o514 repeat\" > \n\t    \t    \t        <div class=\"tb-column-inner tf_box tf_w\">\n\t\t    <!-- module text -->\n<div  class=\"module module-text tb_pf7l514   \" data-lazy=\"1\">\n        <div  class=\"tb_text_wrap\">\n    <p><strong>POTENCIA A TU ORGANIZACI\u00d3N<\/strong><strong><br \/>CREANDO APLICACIONES<\/strong><\/p>\n<p>Resuelva problemas con herramientas visuales intuitivas que no requieren programaci\u00f3n, trabaje m\u00e1s r\u00e1pido con una plataforma que permite la integraci\u00f3n y distribuci\u00f3n de. Cree y comparta f\u00e1cilmente sus aplicaciones en cualquier dispositivo.<\/p>    <\/div>\n<\/div>\n<!-- \/module text -->\t        <\/div>\n\t    \t<\/div>\n\t\t    <\/div>\n\t<\/div><!-- \/themify_builder_sub_row -->\n\t\t        <\/div>\n\t    \t<\/div>\n\t\t<div  data-lazy=\"1\" class=\"module_column tb-column col4-2 last tb_noob519 tf_box\">\n\t\t\t    \t        <div class=\"tb-column-inner tf_box tf_w\">\n\t\t    \t<div  data-lazy=\"1\" class=\"module_subrow themify_builder_sub_row repeat tb_vbto520 tf_w tf_clearfix\">\n\t    \t\t<div class=\"subrow_inner col_align_top col-count-2 tf_box tf_w\">\n\t\t\t<div  style=\"width: 12.29%\" data-lazy=\"1\" class=\"sub_column module_column tf_box col4-2 first tb_g2fg520\" > \n\t    \t    \t        <div class=\"tb-column-inner tf_box tf_w\">\n\t\t    <!-- module image -->\n<div  class=\"module module-image tb_livu520  image-certo image-right tf_mw\" data-lazy=\"1\">\n        <div class=\"image-wrap tf_rel tf_mw\">\n\t\t    <img loading=\"lazy\" src=\"https:\/\/arquiconsult.com\/wp-content\/uploads\/2021\/11\/Dynamics-365-BC-Dynamics-365-Enterprise-Sales-Microsoft-Dynamics-365-RGPD-Commerce-Microsoft-Dynamics-NAV-Navision-Microsoft-Softwares-50x50.png\" width=\"50\" height=\"50\" class=\"wp-post-image wp-image-28878\" title=\"Dynamics 365 BC-Dynamics 365 Enterprise-Sales-Microsoft Dynamics 365-RGPD-Commerce-Microsoft Dynamics NAV-Navision-Microsoft-Softwares\" alt=\"Dynamics 365 BC-Dynamics 365 Enterprise-Sales-Microsoft Dynamics 365-RGPD-Commerce-Microsoft Dynamics NAV-Navision-Microsoft-Softwares\">\t\n\t\t<\/div>\n\t<!-- \/image-wrap -->\n    \n    \t<\/div>\n<!-- \/module image -->\t        <\/div>\n\t    \t<\/div>\n\t\t<div  style=\"width: 84.51%\" data-lazy=\"1\" class=\"sub_column module_column tf_box col4-2 last tb_bhtl520 repeat\" > \n\t    \t    \t        <div class=\"tb-column-inner tf_box tf_w\">\n\t\t    <!-- module text -->\n<div  class=\"module module-text tb_iar2520   \" data-lazy=\"1\">\n        <div  class=\"tb_text_wrap\">\n    <p><strong>CREAR APLICACIONES<\/strong><strong><br \/>TOTALMENTE PERSONALIZADAS<\/strong><\/p>\n<p>Dise\u00f1e su experiencia de usuario las pantallas de Power Apps y personalice cada detalle para optimizar tareas y funciones espec\u00edficas. Cree una aplicaci\u00f3n para cualquier dispositivo o ejec\u00fatela desde una aplicaci\u00f3n de muestra que presente escenarios comunes como informes de gastos, compras, asignaciones.<\/p>    <\/div>\n<\/div>\n<!-- \/module text -->\t        <\/div>\n\t    \t<\/div>\n\t\t    <\/div>\n\t<\/div><!-- \/themify_builder_sub_row -->\n\t\t        <\/div>\n\t    \t<\/div>\n\t\t    <\/div>\n\t    <!-- \/row_inner -->\n\t<\/div>\n\t<!-- \/module_row -->\n\t\t<!-- module_row -->\n\t<div  data-css_id=\"807m164\" data-lazy=\"1\" class=\"module_row themify_builder_row fullwidth_row_container tb_807m164 tf_clearfix\" >\n\t    \t\t<div class=\"row_inner col_align_top col-count-1 tf_box tf_w tf_rel\">\n\t\t\t<div  data-lazy=\"1\" class=\"module_column tb-column col-full first tb_nmlf165 tf_box\">\n\t\t\t    \t        <div class=\"tb-column-inner tf_box tf_w\">\n\t\t    <!-- module image -->\n<div  class=\"module module-image tb_hwcx202   image-center tf_mw wow\" data-tf-animation=\"fadeInUp\" data-lazy=\"1\">\n        <div class=\"image-wrap tf_rel tf_mw\">\n\t\t    <img loading=\"lazy\" src=\"https:\/\/arquiconsult.com\/wp-content\/uploads\/2021\/11\/Ecra-Power-APPS-700x379.png\" width=\"700\" height=\"379\" class=\"wp-post-image wp-image-28172\" title=\"Ecra-Power APPS\" alt=\"Ecra-Power APPS\">\t\n\t\t<\/div>\n\t<!-- \/image-wrap -->\n    \n    \t<\/div>\n<!-- \/module image -->\t        <\/div>\n\t    \t<\/div>\n\t\t    <\/div>\n\t    <!-- \/row_inner -->\n\t<\/div>\n\t<!-- \/module_row -->\n\t\t<!-- module_row -->\n\t<div  data-css_id=\"x7z6368\" data-lazy=\"1\" class=\"module_row themify_builder_row caixas-suporte repeat fullwidth tb_x7z6368 tf_clearfix\" >\n\t    \t\t<div class=\"row_inner col_align_top col-count-2 tf_box tf_w tf_rel\"  data-basecol=\"2\" data-col_mobile=\"column-full\">\n\t\t\t<div  data-lazy=\"1\" class=\"module_column tb-column col4-2 first tb_k45m369 tf_box\">\n\t\t\t    \t        <div class=\"tb-column-inner tf_box tf_w\">\n\t\t    \t<div  data-lazy=\"1\" class=\"module_subrow themify_builder_sub_row repeat tb_kz1i369 tf_w tf_clearfix\">\n\t    \t\t<div class=\"subrow_inner col_align_top col-count-2 tf_box tf_w\">\n\t\t\t<div  style=\"width: 12.29%\" data-lazy=\"1\" class=\"sub_column module_column tf_box col4-2 first tb_gh0p370\" > \n\t    \t    \t        <div class=\"tb-column-inner tf_box tf_w\">\n\t\t    <!-- module image -->\n<div  class=\"module module-image tb_aqgv370  image-certo image-right tf_mw\" data-lazy=\"1\">\n        <div class=\"image-wrap tf_rel tf_mw\">\n\t\t    <img loading=\"lazy\" src=\"https:\/\/arquiconsult.com\/wp-content\/uploads\/2021\/11\/Dynamics-365-BC-Dynamics-365-Enterprise-Sales-Microsoft-Dynamics-365-RGPD-Commerce-Microsoft-Dynamics-NAV-Navision-Microsoft-Softwares-50x50.png\" width=\"50\" height=\"50\" class=\"wp-post-image wp-image-28878\" title=\"Dynamics 365 BC-Dynamics 365 Enterprise-Sales-Microsoft Dynamics 365-RGPD-Commerce-Microsoft Dynamics NAV-Navision-Microsoft-Softwares\" alt=\"Dynamics 365 BC-Dynamics 365 Enterprise-Sales-Microsoft Dynamics 365-RGPD-Commerce-Microsoft Dynamics NAV-Navision-Microsoft-Softwares\">\t\n\t\t<\/div>\n\t<!-- \/image-wrap -->\n    \n    \t<\/div>\n<!-- \/module image -->\t        <\/div>\n\t    \t<\/div>\n\t\t<div  style=\"width: 84.51%\" data-lazy=\"1\" class=\"sub_column module_column tf_box col4-2 last tb_whub370 repeat\" > \n\t    \t    \t        <div class=\"tb-column-inner tf_box tf_w\">\n\t\t    <!-- module text -->\n<div  class=\"module module-text tb_k75g371   \" data-lazy=\"1\">\n        <div  class=\"tb_text_wrap\">\n    <p><strong>CREA APLICACIONES SOFISTICADAS<br \/>DE SUS DATOS<\/strong><\/p><p>Comience con su modelo de datos y procesos comerciales para generar aplicaciones receptivas e inmersivas que se pueden ejecutar en cualquier dispositivo. Utilice el sistema de arrastrar y soltar para personalizar la experiencia del usuario para roles espec\u00edficos.<\/p>    <\/div>\n<\/div>\n<!-- \/module text -->\t        <\/div>\n\t    \t<\/div>\n\t\t    <\/div>\n\t<\/div><!-- \/themify_builder_sub_row -->\n\t\t        <\/div>\n\t    \t<\/div>\n\t\t<div  data-lazy=\"1\" class=\"module_column tb-column col4-2 last tb_oyv0372 tf_box\">\n\t\t\t    \t        <div class=\"tb-column-inner tf_box tf_w\">\n\t\t    \t<div  data-lazy=\"1\" class=\"module_subrow themify_builder_sub_row repeat tb_s7th372 tf_w tf_clearfix\">\n\t    \t\t<div class=\"subrow_inner col_align_top col-count-2 tf_box tf_w\">\n\t\t\t<div  style=\"width: 12.29%\" data-lazy=\"1\" class=\"sub_column module_column tf_box col4-2 first tb_sbqq372\" > \n\t    \t    \t        <div class=\"tb-column-inner tf_box tf_w\">\n\t\t    <!-- module image -->\n<div  class=\"module module-image tb_899n372  image-certo image-right tf_mw\" data-lazy=\"1\">\n        <div class=\"image-wrap tf_rel tf_mw\">\n\t\t    <img loading=\"lazy\" src=\"https:\/\/arquiconsult.com\/wp-content\/uploads\/2021\/11\/Dynamics-365-BC-Dynamics-365-Enterprise-Sales-Microsoft-Dynamics-365-RGPD-Commerce-Microsoft-Dynamics-NAV-Navision-Microsoft-Softwares-50x50.png\" width=\"50\" height=\"50\" class=\"wp-post-image wp-image-28878\" title=\"Dynamics 365 BC-Dynamics 365 Enterprise-Sales-Microsoft Dynamics 365-RGPD-Commerce-Microsoft Dynamics NAV-Navision-Microsoft-Softwares\" alt=\"Dynamics 365 BC-Dynamics 365 Enterprise-Sales-Microsoft Dynamics 365-RGPD-Commerce-Microsoft Dynamics NAV-Navision-Microsoft-Softwares\">\t\n\t\t<\/div>\n\t<!-- \/image-wrap -->\n    \n    \t<\/div>\n<!-- \/module image -->\t        <\/div>\n\t    \t<\/div>\n\t\t<div  style=\"width: 84.51%\" data-lazy=\"1\" class=\"sub_column module_column tf_box col4-2 last tb_eyp4373 repeat\" > \n\t    \t    \t        <div class=\"tb-column-inner tf_box tf_w\">\n\t\t    <!-- module text -->\n<div  class=\"module module-text tb_uzqn373   \" data-lazy=\"1\">\n        <div  class=\"tb_text_wrap\">\n    <p><strong>CREAR PORTALES SIN PROGRAMADORES PARA CLIENTES Y SOCIOS<\/strong><\/p>\n<p>Desbloquee sus datos de Commun Data Service (CDS), integre formularios, vistas y gr\u00e1ficos basados \u200b\u200ben plantillas, e incruste sus informes o paneles de <a href=\"https:\/\/arquiconsult.com\/es\/power-bi\/\">Power BI<\/a> para crear sitios web con codificaci\u00f3n baja y con im\u00e1genes perfectas. Los usuarios pueden acceder al portal a trav\u00e9s de <a href=\"https:\/\/arquiconsult.com\/es\/microsoft-azure\/\">Azure<\/a> AD, LinkedIn, <a href=\"https:\/\/www.microsoft.com\/pt-pt\/\" target=\"_blank\" rel=\"noopener\">Microsoft<\/a> Account, Okta, entre otros.<\/p>    <\/div>\n<\/div>\n<!-- \/module text -->\t        <\/div>\n\t    \t<\/div>\n\t\t    <\/div>\n\t<\/div><!-- \/themify_builder_sub_row -->\n\t\t        <\/div>\n\t    \t<\/div>\n\t\t    <\/div>\n\t    <!-- \/row_inner -->\n\t<\/div>\n\t<!-- \/module_row -->\n\t\t<!-- module_row -->\n\t<div  data-css_id=\"brh5518\" data-lazy=\"1\" class=\"module_row themify_builder_row fullwidth_row_container tb_brh5518 tf_clearfix\" >\n\t    \t\t<div class=\"row_inner col_align_top col-count-1 tf_box tf_w tf_rel\">\n\t\t\t<div  data-lazy=\"1\" class=\"module_column tb-column col-full first tb_40em519 tf_box\">\n\t\t\t    \t        <div class=\"tb-column-inner tf_box tf_w\">\n\t\t    <!-- module image -->\n<div  class=\"module module-image tb_s3uq519   image-center tf_mw wow\" data-tf-animation=\"fadeInUp\" data-lazy=\"1\">\n        <div class=\"image-wrap tf_rel tf_mw\">\n\t\t    <img loading=\"lazy\" src=\"https:\/\/arquiconsult.com\/wp-content\/uploads\/2021\/11\/Ecra1-Power-APPS-700x331.png\" width=\"700\" height=\"331\" class=\"wp-post-image wp-image-28178\" title=\"Ecra1-Power APPS\" alt=\"Ecra1-Power APPS\">\t\n\t\t<\/div>\n\t<!-- \/image-wrap -->\n    \n    \t<\/div>\n<!-- \/module image -->\t        <\/div>\n\t    \t<\/div>\n\t\t    <\/div>\n\t    <!-- \/row_inner -->\n\t<\/div>\n\t<!-- \/module_row -->\n\t\t<!-- module_row -->\n\t<div  data-css_id=\"aes00\" data-lazy=\"1\" class=\"module_row themify_builder_row repeat fullwidth_row_container tb_aes00 tf_clearfix\" >\n\t    \t\t<div class=\"row_inner col_align_top gutter-narrow col-count-1 tf_box tf_w tf_rel\">\n\t\t\t<div  data-lazy=\"1\" class=\"module_column tb-column col-full first tb_eiq71 tf_box\">\n\t\t\t    \t        <div class=\"tb-column-inner tf_box tf_w\">\n\t\t    <!-- module text -->\n<div  class=\"module module-text tb_pn0i474  repeat \" data-lazy=\"1\">\n        <div  class=\"tb_text_wrap\">\n    <h2 class=\"section-heading text-left\">Power Portals<\/h2>    <\/div>\n<\/div>\n<!-- \/module text -->\t        <\/div>\n\t    \t<\/div>\n\t\t    <\/div>\n\t    <!-- \/row_inner -->\n\t<\/div>\n\t<!-- \/module_row -->\n\t\t<!-- module_row -->\n\t<div  data-css_id=\"4szh943\" data-lazy=\"1\" class=\"module_row themify_builder_row repeat fullwidth_row_container tb_4szh943 tf_clearfix\" >\n\t    \t\t<div class=\"row_inner col_align_top gutter-narrow col-count-2 tf_box tf_w tf_rel\">\n\t\t\t<div  data-lazy=\"1\" class=\"module_column tb-column col4-2 first tb_qjys944 tf_box\">\n\t\t\t    \t        <div class=\"tb-column-inner tf_box tf_w\">\n\t\t    <!-- module text -->\n<div  class=\"module module-text tb_gff2944   \" data-lazy=\"1\">\n        <div  class=\"tb_text_wrap\">\n    <p><strong>DAR A QUIEN QUIERE LA CAPACIDAD DE CREAR SITIOS PERSONALIZADOS<\/strong><\/p>\n<p style=\"text-align: left;\">Dale a los sitios el aspecto y la funcionalidad acordes con tu imagen corporativa, con plantillas personalizables y temas personalizados. Cree y organice contenido, para que los clientes y socios accedan, con una interfaz intuitiva y sin programaci\u00f3n.<\/p>\n<p><strong>INTEGRA TODOS TUS DATOS<\/strong><\/p>\n<p>Mejore los portales con formularios, vistas, listas, gr\u00e1ficos y paneles basados \u200b\u200ben plantillas para ofrecer m\u00e1s valor en cada interacci\u00f3n. Re\u00fana datos de las aplicaciones que usa, incluidas <a href=\"https:\/\/arquiconsult.com\/es\/power-bi\/\">Power BI<\/a> y <a href=\"https:\/\/arquiconsult.com\/es\/power-automate\/\">Power Automate<\/a>, con Common Data Service (CDS) en un solo lugar y permita a los usuarios acceder a los datos cuando los necesiten.<\/p>\n<p><strong>INTERACTUAR CON CLIENTES Y SOCIOS<\/strong><\/p>\n<p>Dele a sus clientes y socios acceso seguro a sus datos, de forma an\u00f3nima o mediante autenticaci\u00f3n comercial o empresarial. Define los requisitos de autenticaci\u00f3n, personaliza los datos de cada usuario y perm\u00edteles enviar su informaci\u00f3n de forma privada y simplificada.<\/p>    <\/div>\n<\/div>\n<!-- \/module text -->\t        <\/div>\n\t    \t<\/div>\n\t\t<div  data-lazy=\"1\" class=\"module_column tb-column col4-2 last tb_sc08945 tf_box\">\n\t\t\t    \t        <div class=\"tb-column-inner tf_box tf_w\">\n\t\t    <!-- module image -->\n<div  class=\"module module-image tb_jj6y945   image-top tf_mw wow\" data-tf-animation=\"fadeInUp\" data-lazy=\"1\">\n        <div class=\"image-wrap tf_rel tf_mw\">\n\t\t    <img loading=\"lazy\" width=\"1366\" height=\"1665\" src=\"https:\/\/arquiconsult.com\/wp-content\/uploads\/2021\/11\/Portal-Power-APPS.png\" class=\"wp-post-image wp-image-28181\" title=\"Portal-Power APPS\" alt=\"Portal-Power APPS\" srcset=\"https:\/\/arquiconsult.com\/wp-content\/uploads\/2021\/11\/Portal-Power-APPS.png 1366w, https:\/\/arquiconsult.com\/wp-content\/uploads\/2021\/11\/Portal-Power-APPS-394x480.png 394w, https:\/\/arquiconsult.com\/wp-content\/uploads\/2021\/11\/Portal-Power-APPS-768x936.png 768w, https:\/\/arquiconsult.com\/wp-content\/uploads\/2021\/11\/Portal-Power-APPS-1260x1536.png 1260w\" sizes=\"(max-width: 1366px) 100vw, 1366px\" \/>\t\n\t\t<\/div>\n\t<!-- \/image-wrap -->\n    \n    \t<\/div>\n<!-- \/module image -->\t        <\/div>\n\t    \t<\/div>\n\t\t    <\/div>\n\t    <!-- \/row_inner -->\n\t<\/div>\n\t<!-- \/module_row -->\n\t\t<!-- module_row -->\n\t<div  data-css_id=\"vgdt709\" data-lazy=\"1\" class=\"module_row themify_builder_row fullcover fullwidth_row_container tb_vgdt709 tf_clearfix wow\" data-tf-animation=\"fadeInUp\" >\n\t    \t\t<div class=\"row_inner col_align_top col-count-1 tf_box tf_w tf_rel\">\n\t\t\t<div  data-lazy=\"1\" class=\"module_column tb-column col-full first tb_4nu3709 tf_box\">\n\t\t\t    \t        <div class=\"tb-column-inner tf_box tf_w\">\n\t\t    <!-- module text -->\n<div  class=\"module module-text tb_5u4d709 texto-slider repeat \" data-lazy=\"1\">\n        <div  class=\"tb_text_wrap\">\n    <p><strong>\u00bfListo para comenzar? Haga clic en el bot\u00f3n de abajo para ver Power Apps en acci\u00f3n.<\/strong><\/p>    <\/div>\n<\/div>\n<!-- \/module text --><!-- module buttons -->\n<div  class=\"module module-buttons tb_fdhj709 buttons-horizontal transparent popmake-62867 large circle tf_textc\" data-lazy=\"1\">\n    \t<div class=\"module-buttons-item tf_inline_b\">\n\t\t\t\t\t\t\t<a href=\"#\" class=\"ui builder_button tb_default_color\" >\n\t\t\t\t\t\t\t\t\t\t\t<span class=\"tf_inline_b tf_vmiddle\">Solicitar una Demostraci\u00f3n<\/span>\n\t\t\t\t\t\t\t\t\t\t\t<\/a>\n\t\t\t    \t<\/div>\n\t<\/div>\n<!-- \/module buttons -->\n\t        <\/div>\n\t    \t<\/div>\n\t\t    <\/div>\n\t    <!-- \/row_inner -->\n\t<\/div>\n\t<!-- \/module_row -->\n\t\t<!-- module_row -->\n\t<div  data-css_id=\"iguu465\" data-lazy=\"1\" class=\"module_row themify_builder_row repeat fullwidth tb_iguu465 tf_clearfix wow\" data-tf-animation=\"fadeIn\" >\n\t    \t\t<div class=\"row_inner col_align_top col-count-5 tf_box tf_w tf_rel\"  data-basecol=\"5\" data-col_tablet_landscape=\"column3-1 tb_3col\" data-col_mobile=\"column-full\">\n\t\t\t<div  data-lazy=\"1\" style=\"width: 16.15%\" class=\"module_column tb-column col5-1 first tb_v6tm466 tf_box\">\n\t\t\t    \t        <div class=\"tb-column-inner tf_box tf_w\">\n\t\t    <!-- module buttons -->\n<div  class=\"module module-buttons tb_s68k466 buttons-horizontal solid  large circle\" data-lazy=\"1\">\n    \t<div class=\"module-buttons-item tf_inline_b\">\n\t\t\t\t\t\t\t<a href=\"https:\/\/arquiconsult.com\/es\/power-platform\/\" class=\"ui builder_button tb_default_color\">\n\t\t\t\t\t\t\t\t\t\t\t<span class=\"tf_inline_b tf_vmiddle\">Power <br>Platform<\/span>\n\t\t\t\t\t\t\t\t\t\t\t<\/a>\n\t\t\t    \t<\/div>\n\t<\/div>\n<!-- \/module buttons -->\n\t        <\/div>\n\t    \t<\/div>\n\t\t<div  data-lazy=\"1\" style=\"width: 16.44%\" class=\"module_column tb-column col5-1 second tb_ub55466 tf_box\">\n\t\t\t    \t        <div class=\"tb-column-inner tf_box tf_w\">\n\t\t    <!-- module buttons -->\n<div  class=\"module module-buttons tb_yv4l466 buttons-horizontal solid  large circle tf_textl\" data-lazy=\"1\">\n    \t<div class=\"module-buttons-item tf_inline_b\">\n\t\t\t\t\t\t\t<a href=\"https:\/\/arquiconsult.com\/es\/power-bi\/\" class=\"ui builder_button tb_default_color\">\n\t\t\t\t\t\t\t\t\t\t\t<span class=\"tf_inline_b tf_vmiddle\">Power <br>BI<\/span>\n\t\t\t\t\t\t\t\t\t\t\t<\/a>\n\t\t\t    \t<\/div>\n\t<\/div>\n<!-- \/module buttons -->\n\t        <\/div>\n\t    \t<\/div>\n\t\t<div  data-lazy=\"1\" style=\"width: 16.12%\" class=\"module_column tb-column col5-1 third tb_boiy466 tf_box\">\n\t\t\t    \t        <div class=\"tb-column-inner tf_box tf_w\">\n\t\t    <!-- module buttons -->\n<div  class=\"module module-buttons tb_nj0b466 buttons-horizontal solid  large circle\" data-lazy=\"1\">\n    \t<div class=\"module-buttons-item tf_inline_b\">\n\t\t\t\t\t\t\t<a href=\"https:\/\/arquiconsult.com\/es\/power-pages\/\" class=\"ui builder_button tb_default_color\">\n\t\t\t\t\t\t\t\t\t\t\t<span class=\"tf_inline_b tf_vmiddle\">Power <br>Pages<\/span>\n\t\t\t\t\t\t\t\t\t\t\t<\/a>\n\t\t\t    \t<\/div>\n\t<\/div>\n<!-- \/module buttons -->\n\t        <\/div>\n\t    \t<\/div>\n\t\t<div  data-lazy=\"1\" style=\"width: 17.92%\" class=\"module_column tb-column col5-1 fourth tb_v5qs466 tf_box\">\n\t\t\t    \t        <div class=\"tb-column-inner tf_box tf_w\">\n\t\t    <!-- module buttons -->\n<div  class=\"module module-buttons tb_svuy466 buttons-horizontal solid  large circle tf_textl\" data-lazy=\"1\">\n    \t<div class=\"module-buttons-item tf_inline_b\">\n\t\t\t\t\t\t\t<a href=\"https:\/\/arquiconsult.com\/es\/power-automate\/\" class=\"ui builder_button tb_default_color\">\n\t\t\t\t\t\t\t\t\t\t\t<span class=\"tf_inline_b tf_vmiddle\">Power Automate<\/span>\n\t\t\t\t\t\t\t\t\t\t\t<\/a>\n\t\t\t    \t<\/div>\n\t<\/div>\n<!-- \/module buttons -->\n\t        <\/div>\n\t    \t<\/div>\n\t\t<div  data-lazy=\"1\" style=\"width: 20.57%\" class=\"module_column tb-column col5-1 last tb_hnf8467 tf_box\">\n\t\t\t    \t        <div class=\"tb-column-inner tf_box tf_w\">\n\t\t    <!-- module buttons -->\n<div  class=\"module module-buttons tb_tz3n467 buttons-horizontal solid  large circle tf_textl\" data-lazy=\"1\">\n    \t<div class=\"module-buttons-item tf_inline_b\">\n\t\t\t\t\t\t\t<a href=\"https:\/\/arquiconsult.com\/es\/power-virtual-agents\/\" class=\"ui builder_button tb_default_color\">\n\t\t\t\t\t\t\t\t\t\t\t<span class=\"tf_inline_b tf_vmiddle\">Power Virtual<br> Agents<\/span>\n\t\t\t\t\t\t\t\t\t\t\t<\/a>\n\t\t\t    \t<\/div>\n\t<\/div>\n<!-- \/module buttons -->\n\t        <\/div>\n\t    \t<\/div>\n\t\t    <\/div>\n\t    <!-- \/row_inner -->\n\t<\/div>\n\t<!-- \/module_row -->\n\t<\/div>\n<!--\/themify_builder_content-->","protected":false},"excerpt":{"rendered":"<p>POWER APPS &#8211; CREACI\u00d3N DE APLICACIONES Cree aplicaciones con funciones avanzadas, basadas en plantillas predise\u00f1adas. Funcionalidades Power Apps POTENCIA A TU ORGANIZACI\u00d3N CREANDO APLICACIONES Resuelva problemas con herramientas visuales intuitivas que no requieren programaci\u00f3n, trabaje m\u00e1s r\u00e1pido con una plataforma que permite la integraci\u00f3n y distribuci\u00f3n de. Cree y comparta f\u00e1cilmente sus aplicaciones en cualquier [&hellip;]<\/p>\n","protected":false},"author":4,"featured_media":0,"parent":0,"menu_order":0,"comment_status":"closed","ping_status":"closed","template":"","meta":[],"acf":[],"_links":{"self":[{"href":"https:\/\/arquiconsult.com\/es\/wp-json\/wp\/v2\/pages\/33512"}],"collection":[{"href":"https:\/\/arquiconsult.com\/es\/wp-json\/wp\/v2\/pages"}],"about":[{"href":"https:\/\/arquiconsult.com\/es\/wp-json\/wp\/v2\/types\/page"}],"author":[{"embeddable":true,"href":"https:\/\/arquiconsult.com\/es\/wp-json\/wp\/v2\/users\/4"}],"replies":[{"embeddable":true,"href":"https:\/\/arquiconsult.com\/es\/wp-json\/wp\/v2\/comments?post=33512"}],"version-history":[{"count":1,"href":"https:\/\/arquiconsult.com\/es\/wp-json\/wp\/v2\/pages\/33512\/revisions"}],"predecessor-version":[{"id":118199,"href":"https:\/\/arquiconsult.com\/es\/wp-json\/wp\/v2\/pages\/33512\/revisions\/118199"}],"wp:attachment":[{"href":"https:\/\/arquiconsult.com\/es\/wp-json\/wp\/v2\/media?parent=33512"}],"curies":[{"name":"wp","href":"https:\/\/api.w.org\/{rel}","templated":true}]}}