{"id":33528,"date":"2021-11-29T13:45:26","date_gmt":"2021-11-29T12:45:26","guid":{"rendered":"https:\/\/arquiconsult.com\/?page_id=33528"},"modified":"2025-12-02T10:06:09","modified_gmt":"2025-12-02T10:06:09","slug":"videoteca","status":"publish","type":"page","link":"https:\/\/arquiconsult.com\/es\/videoteca\/","title":{"rendered":"Videoteca"},"content":{"rendered":"<!--themify_builder_content-->\n<div id=\"themify_builder_content-33528\" data-postid=\"33528\" class=\"themify_builder_content themify_builder_content-33528 themify_builder tf_clear\">\n    \t<!-- module_row -->\n\t<div  data-css_id=\"uzz1797\" data-sticky-active=\"{&quot;d&quot;:{&quot;stick&quot;:{&quot;v&quot;:&quot;117&quot;},&quot;unstick&quot;:{&quot;type&quot;:&quot;builder&quot;}}}\" data-lazy=\"1\" class=\"module_row themify_builder_row repeat fullwidth tb_gs42925f9 tb_uzz1797 tb_first tf_clearfix\" >\n\t    \t\t<div class=\"row_inner col_align_top col-count-1 tf_box tf_w tf_rel\">\n\t\t\t<div  data-lazy=\"1\" class=\"module_column tb-column col-full first tb_qkj3802 repeat tf_box\">\n\t\t\t    \t        <div class=\"tb-column-inner tf_box tf_w\">\n\t\t    <!-- module menu -->\n<div  class=\"module module-menu tb_att7804 menutabtop tb_gs42925f9 mobile-menu-slide tf_textc\" data-menu-style=\"mobile-menu-slide\" data-gs=\"tb_gs42925f9\" data-menu-breakpoint=\"0\" data-element-id=\"tb_att7804\" data-lazy=\"1\">\n    \t\n\t<div class=\"module-menu-container tf_textc\"><ul id=\"menu-menu-news-es\" class=\"ui tf_clearfix nav tf_rel fullwidth blue \"><li id=\"menu-item-34600\" class=\"menu-item-category-2021 menu-item menu-item-type-taxonomy menu-item-object-category menu-item-34600\"><a href=\"https:\/\/arquiconsult.com\/es\/business-articles-noticias\/\">Business Articles<\/a><\/li>\n<li id=\"menu-item-33918\" class=\"menu-item-category-1080 menu-item menu-item-type-taxonomy menu-item-object-category menu-item-33918\"><a href=\"https:\/\/arquiconsult.com\/es\/articulos\/\">Art\u00edculos<\/a><\/li>\n<li id=\"menu-item-38431\" class=\"menu-item-category-2069 menu-item menu-item-type-taxonomy menu-item-object-category menu-item-38431\"><a href=\"https:\/\/arquiconsult.com\/es\/actualizacion-legal-es\/\">Actualizaci\u00f3n legal<\/a><\/li>\n<li id=\"menu-item-38655\" class=\"menu-item-category-2101 menu-item menu-item-type-taxonomy menu-item-object-category menu-item-38655\"><a href=\"https:\/\/arquiconsult.com\/es\/arquinews-es\/\">ArquiNews<\/a><\/li>\n<li id=\"menu-item-38631\" class=\"menu-item-category-2065 menu-item menu-item-type-taxonomy menu-item-object-category menu-item-38631\"><a href=\"https:\/\/arquiconsult.com\/es\/arquitips\/\">ArquiTips<\/a><\/li>\n<li id=\"menu-item-55422\" class=\"menu-item-page-33528 menu-item menu-item-type-post_type menu-item-object-page menu-item-55422\"><a href=\"https:\/\/arquiconsult.com\/es\/videoteca\/\">Videoteca<\/a><\/li>\n<\/ul><\/div>\t\t<style>\n\t\t\t.mobile-menu-module[data-module=\"tb_att7804\"] {\n\t\t\t\tright: -300px;\n\t\t\t}\n\t\t<\/style>\n\t<\/div>\n<!-- \/module menu -->\n\t        <\/div>\n\t    \t<\/div>\n\t\t    <\/div>\n\t    <!-- \/row_inner -->\n\t<\/div>\n\t<!-- \/module_row -->\n\t\t<!-- module_row -->\n\t<div  data-css_id=\"ilow957\" data-lazy=\"1\" class=\"module_row themify_builder_row fullwidth_row_container tb_ilow957 tf_clearfix\" >\n\t    \t\t<div class=\"row_inner col_align_top gutter-narrow col-count-1 tf_box tf_w tf_rel\">\n\t\t\t<div  data-lazy=\"1\" class=\"module_column tb-column col-full first tb_r5ar957 tf_box\">\n\t\t\t    \t        <div class=\"tb-column-inner tf_box tf_w\">\n\t\t    <!-- module plain text -->\n<div  class=\"module module-plain-text tb_kfy9946 margin980px hide-desktop hide-tablet hide-tablet_landscape hide-mobile\" data-lazy=\"1\">\n        <div class=\"tb_text_wrap\">\n\t<nav aria-label=\"breadcrumbs\" class=\"rank-math-breadcrumb\"><p><span class=\"last\">Arquiconsult.es<\/span><\/p><\/nav>    <\/div>\n<\/div>\n<!-- \/module plain text --><!-- module text -->\n<div  class=\"module module-text tb_737i855    hide-on-stick\" data-lazy=\"1\">\n        <div  class=\"tb_text_wrap\">\n    <h1><span class=\"Y2IQFc\" lang=\"es\">Videoteca<\/span><\/h1>    <\/div>\n<\/div>\n<!-- \/module text -->\t        <\/div>\n\t    \t<\/div>\n\t\t    <\/div>\n\t    <!-- \/row_inner -->\n\t<\/div>\n\t<!-- \/module_row -->\n\t\t<!-- module_row -->\n\t<div  data-lazy=\"1\" class=\"module_row themify_builder_row tb_jjoc170 tf_clearfix\" >\n\t    \t\t<div class=\"row_inner col_align_top col-count-5 tf_box tf_w tf_rel\">\n\t\t\t<div  data-lazy=\"1\" class=\"module_column tb-column col5-1 first tb_u6nl171 tf_box\">\n\t\t\t    \t        <div class=\"tb-column-inner tf_box tf_w\">\n\t\t    <!-- module image -->\n<div  class=\"module module-image tb_8cp9171   image-center tf_mw wow\" data-tf-animation=\"pulse\" data-lazy=\"1\">\n        <div class=\"image-wrap tf_rel tf_mw\">\n\t\t    <a href=\"https:\/\/arquiconsult.com\/es\/clientes-y-socios\/\"\n\t       \t       >\n\t\t   \t\t<img loading=\"lazy\" src=\"https:\/\/arquiconsult.com\/wp-content\/uploads\/2021\/06\/clientes-e-parceiros-2-150x150.png\" width=\"150\" height=\"150\" class=\"wp-post-image wp-image-14293\" title=\"clientes-e-parceiros\" alt=\"arquiconsult clientes e parceiros\">\t    <\/a>\n\t\n\t\t<\/div>\n\t<!-- \/image-wrap -->\n    \n    \t<\/div>\n<!-- \/module image --><!-- module text -->\n<div  class=\"module module-text tb_9592171  repeat  hide-on-stick\" data-lazy=\"1\">\n        <div  class=\"tb_text_wrap\">\n    <p style=\"text-align: center; text-decoration: none;\"><a href=\"https:\/\/arquiconsult.com\/en\/arquiconsult-customers-and-partners\/\">Arquiconsult \u2013<br \/>Clientes y Socios<\/a><\/p>    <\/div>\n<\/div>\n<!-- \/module text -->\t        <\/div>\n\t    \t<\/div>\n\t\t<div  data-lazy=\"1\" class=\"module_column tb-column col5-1 second tb_i2h5758 tf_box\">\n\t\t\t    \t        <div class=\"tb-column-inner tf_box tf_w\">\n\t\t    <!-- module image -->\n<div  class=\"module module-image tb_d2bt758   image-center tf_mw wow\" data-tf-animation=\"pulse\" data-lazy=\"1\">\n        <div class=\"image-wrap tf_rel tf_mw\">\n\t\t    <a href=\"https:\/\/arquiconsult.com\/es\/nuestros-eventos\/\"\n\t       \t       >\n\t\t   \t\t<img loading=\"lazy\" src=\"https:\/\/arquiconsult.com\/wp-content\/uploads\/2021\/06\/Eventos-1-150x150.png\" width=\"150\" height=\"150\" class=\"wp-post-image wp-image-14296\" title=\"Eventos\" alt=\"arquiconsult eventos\">\t    <\/a>\n\t\n\t\t<\/div>\n\t<!-- \/image-wrap -->\n    \n    \t<\/div>\n<!-- \/module image --><!-- module text -->\n<div  class=\"module module-text tb_cfrx758  repeat \" data-lazy=\"1\">\n        <div  class=\"tb_text_wrap\">\n    <p style=\"text-align: center; text-decoration: none;\"><a href=\"https:\/\/arquiconsult.com\/es\/nuestros-eventos\/\">Arquiconsult \u2013 Nuestros Eventos<\/a><\/p>    <\/div>\n<\/div>\n<!-- \/module text -->\t        <\/div>\n\t    \t<\/div>\n\t\t<div  data-lazy=\"1\" class=\"module_column tb-column col5-1 third tb_r76m91 tf_box\">\n\t\t\t    \t        <div class=\"tb-column-inner tf_box tf_w\">\n\t\t    <!-- module image -->\n<div  class=\"module module-image tb_t4i692   image-center tf_mw hide-on-stick wow\" data-tf-animation=\"pulse\" data-lazy=\"1\">\n        <div class=\"image-wrap tf_rel tf_mw\">\n\t\t    <a href=\"https:\/\/arquiconsult.com\/es\/quienes-somos\/\"\n\t       \t       >\n\t\t   \t\t<img loading=\"lazy\" src=\"https:\/\/arquiconsult.com\/wp-content\/uploads\/2021\/06\/better-together-1-150x150.png\" width=\"150\" height=\"150\" class=\"wp-post-image wp-image-14290\" title=\"better-together\" alt=\"arquiconsult better together\">\t    <\/a>\n\t\n\t\t<\/div>\n\t<!-- \/image-wrap -->\n    \n    \t<\/div>\n<!-- \/module image --><!-- module text -->\n<div  class=\"module module-text tb_6b1t93  repeat  hide-on-stick\" data-lazy=\"1\">\n        <div  class=\"tb_text_wrap\">\n    <p style=\"text-align: center; text-decoration: none;\"><a href=\"https:\/\/arquiconsult.com\/en\/arquiconsult-who-we-are\/\">Arquiconsult \u2013<br \/>Qu\u00edenes Somos<\/a><\/p>    <\/div>\n<\/div>\n<!-- \/module text -->\t        <\/div>\n\t    \t<\/div>\n\t\t<div  data-lazy=\"1\" class=\"module_column tb-column col5-1 fourth tb_wgkc802 tf_box\">\n\t\t\t    \t        <div class=\"tb-column-inner tf_box tf_w\">\n\t\t    <!-- module image -->\n<div  class=\"module module-image tb_kykf804   image-center tf_mw hide-on-stick wow\" data-tf-animation=\"pulse\" data-lazy=\"1\">\n        <div class=\"image-wrap tf_rel tf_mw\">\n\t\t    <a href=\"https:\/\/arquiconsult.com\/es\/nuestra-oferta\/\"\n\t       \t       >\n\t\t   \t\t<img loading=\"lazy\" src=\"https:\/\/arquiconsult.com\/wp-content\/uploads\/2021\/09\/nossa-oferta1-150x150.png\" width=\"150\" height=\"150\" class=\"wp-post-image wp-image-22717\" title=\"nossa-oferta1\" alt=\"nossa-oferta1\">\t    <\/a>\n\t\n\t\t<\/div>\n\t<!-- \/image-wrap -->\n    \n    \t<\/div>\n<!-- \/module image --><!-- module text -->\n<div  class=\"module module-text tb_86nr804  repeat  hide-on-stick\" data-lazy=\"1\">\n        <div  class=\"tb_text_wrap\">\n    <p style=\"text-align: center; text-decoration: none;\"><a href=\"https:\/\/arquiconsult.com\/en\/arquiconsult-our-offer\/\">Arquiconsult \u2013<br \/>Nuestra Oferta<\/a><\/p>    <\/div>\n<\/div>\n<!-- \/module text -->\t        <\/div>\n\t    \t<\/div>\n\t\t<div  data-lazy=\"1\" class=\"module_column tb-column col5-1 last tb_e8cv46 tf_box\">\n\t\t\t    \t<\/div>\n\t\t    <\/div>\n\t    <!-- \/row_inner -->\n\t<\/div>\n\t<!-- \/module_row -->\n\t\t<!-- module_row -->\n\t<div  data-anchor=\"sobre_nos\" data-hide-anchor=\"1\" data-lazy=\"1\" class=\"module_row themify_builder_row repeat tb_has_section tb_section-sobre_nos tb_r140487 tf_clearfix hide-desktop hide-tablet hide-tablet_landscape hide-mobile\" >\n\t    \t\t<div class=\"row_inner col_align_top col-count-1 tf_box tf_w tf_rel\">\n\t\t\t<div  data-lazy=\"1\" class=\"module_column tb-column col-full first tb_n44q487 tf_box\">\n\t\t\t    \t        <div class=\"tb-column-inner tf_box tf_w\">\n\t\t    <!-- module text -->\n<div  class=\"module module-text tb_bhww101  repeat  hide-desktop hide-tablet hide-tablet_landscape hide-mobile\" data-lazy=\"1\">\n        <div  class=\"tb_text_wrap\">\n    <h2>O que fazemos<\/h2>    <\/div>\n<\/div>\n<!-- \/module text --><!-- module text -->\n<div  class=\"module module-text tb_g7o3418    hide-desktop hide-tablet hide-tablet_landscape hide-mobile\" data-lazy=\"1\">\n        <div  class=\"tb_text_wrap\">\n    <p style=\"text-align: center;\">A Arquiconsult inova constantemente a sua oferta. Procura parcerias com os seus clientes em diversos setores de atividade. Junta valor ao ERP, construindo verticaliza\u00e7\u00f5es para os mais variados setores, tais como Com\u00e9rcio e Distribui\u00e7\u00e3o, Transportes, Navega\u00e7\u00e3o, Constru\u00e7\u00e3o e Gest\u00e3o de Espa\u00e7o, entre outros:<\/p>\n<p><a href=\"https:\/\/www.youtube.com\/channel\/UChKkze5A5s8Zf29_znIVvYw\" target=\"_blank\" rel=\"noopener\">Videos<\/a><\/p>    <\/div>\n<\/div>\n<!-- \/module text -->\t        <\/div>\n\t    \t<\/div>\n\t\t    <\/div>\n\t    <!-- \/row_inner -->\n\t<\/div>\n\t<!-- \/module_row -->\n\t<\/div>\n<!--\/themify_builder_content-->","protected":false},"excerpt":{"rendered":"<p>What\u2019s New Art\u00edculos Eventos Actualizaci\u00f3n legal ArquiNews ArquiTips Videoteca Videoteca Arquiconsult \u2013 Clientes y Socios Arquiconsult \u2013 Nuestros Eventos Arquiconsult \u2013 Qu\u00edenes Somos Arquiconsult \u2013 Nuestra Oferta O que fazemos A Arquiconsult inova constantemente a sua oferta. Procura parcerias com os seus clientes em diversos setores de atividade. Junta valor ao ERP, construindo verticaliza\u00e7\u00f5es para [&hellip;]<\/p>\n","protected":false},"author":4,"featured_media":0,"parent":0,"menu_order":0,"comment_status":"closed","ping_status":"closed","template":"","meta":[],"acf":[],"_links":{"self":[{"href":"https:\/\/arquiconsult.com\/es\/wp-json\/wp\/v2\/pages\/33528"}],"collection":[{"href":"https:\/\/arquiconsult.com\/es\/wp-json\/wp\/v2\/pages"}],"about":[{"href":"https:\/\/arquiconsult.com\/es\/wp-json\/wp\/v2\/types\/page"}],"author":[{"embeddable":true,"href":"https:\/\/arquiconsult.com\/es\/wp-json\/wp\/v2\/users\/4"}],"replies":[{"embeddable":true,"href":"https:\/\/arquiconsult.com\/es\/wp-json\/wp\/v2\/comments?post=33528"}],"version-history":[{"count":1,"href":"https:\/\/arquiconsult.com\/es\/wp-json\/wp\/v2\/pages\/33528\/revisions"}],"predecessor-version":[{"id":117932,"href":"https:\/\/arquiconsult.com\/es\/wp-json\/wp\/v2\/pages\/33528\/revisions\/117932"}],"wp:attachment":[{"href":"https:\/\/arquiconsult.com\/es\/wp-json\/wp\/v2\/media?parent=33528"}],"curies":[{"name":"wp","href":"https:\/\/api.w.org\/{rel}","templated":true}]}}