{"id":33530,"date":"2021-11-29T13:46:19","date_gmt":"2021-11-29T12:46:19","guid":{"rendered":"https:\/\/arquiconsult.com\/?page_id=33530"},"modified":"2025-12-05T14:24:59","modified_gmt":"2025-12-05T14:24:59","slug":"cumplimiento-de-rgpd","status":"publish","type":"page","link":"https:\/\/arquiconsult.com\/es\/cumplimiento-de-rgpd\/","title":{"rendered":"Cumplimiento de RGPD"},"content":{"rendered":"<!--themify_builder_content-->\n<div id=\"themify_builder_content-33530\" data-postid=\"33530\" class=\"themify_builder_content themify_builder_content-33530 themify_builder tf_clear\">\n    \t<!-- module_row -->\n\t<div  data-css_id=\"7aq5422\" data-lazy=\"1\" class=\"module_row themify_builder_row fullcover fullwidth_row_container tb_7aq5422 tb_first tf_clearfix\" >\n\t    <div class=\"builder_row_cover tf_abs\"><\/div>\t\t<div class=\"row_inner col_align_middle col-count-2 tf_box tf_w tf_rel\"  data-basecol=\"2\" data-col_tablet=\"column-full\" data-col_mobile=\"column-full\">\n\t\t\t<div  data-lazy=\"1\" style=\"width: 75.17%\" class=\"module_column tb-column col3-2 first tb_h9v9423 tf_box\">\n\t\t\t    \t        <div class=\"tb-column-inner tf_box tf_w\">\n\t\t    <!-- module text -->\n<div  class=\"module module-text tb_rysv423  repeat \" data-lazy=\"1\">\n        <div  class=\"tb_text_wrap\">\n    <h4><a href=\"https:\/\/arquiconsult.com\/es\">Arquiconsult.com\/es<\/a> \/ <a href=\"#\">Produtividade<\/a> \/ <a href=\"https:\/\/arquiconsult.com\/azure\/\">Microsoft Azure<\/a>\/\u00a0Cumplimiento de RGPD<\/h4>    <\/div>\n<\/div>\n<!-- \/module text --><!-- module fancy heading -->\n<!--\/* $fields_args['heading_tag']  CODIGO QUE SAIU * \/-->\n<div  class=\"module module-fancy-heading tb_x4fv423 titulo-suporte tb_hide_divider\" data-lazy=\"1\">\n        <h1  class=\"fancy-heading tf_textl\">\n    <span class=\"main-head tf_block\">\n\t\t\t\t\tCumplimiento de RGPD\t\t    <\/span>\n\n\t\n    <span class=\"sub-head tf_block tf_rel\">\n\t\t\t\t\t\t\t    <\/span>\n    <\/h2>\n<\/div>\n<!-- \/module fancy heading -->\n<!-- module text -->\n<div  class=\"module module-text tb_ryem423   \" data-lazy=\"1\">\n        <div  class=\"tb_text_wrap\">\n    <p>Microsoft Azure respalda su negocio, garantizando la seguridad y privacidad de sus datos de conformidad con el RGPD.<\/p>    <\/div>\n<\/div>\n<!-- \/module text -->\t        <\/div>\n\t    \t<\/div>\n\t\t<div  data-lazy=\"1\" style=\"width: 21.63%\" class=\"module_column tb-column col3-1 last tb_bfas423 tf_box\">\n\t\t\t    \t<\/div>\n\t\t    <\/div>\n\t    <!-- \/row_inner -->\n\t<\/div>\n\t<!-- \/module_row -->\n\t\t<!-- module_row -->\n\t<div  data-css_id=\"7t6b260\" data-lazy=\"1\" class=\"module_row themify_builder_row repeat fullwidth_row_container tb_7t6b260 tf_clearfix\" >\n\t    \t\t<div class=\"row_inner col_align_top col-count-1 tf_box tf_w tf_rel\">\n\t\t\t<div  data-lazy=\"1\" class=\"module_column tb-column col-full first tb_4c5a261 tf_box\">\n\t\t\t    \t        <div class=\"tb-column-inner tf_box tf_w\">\n\t\t    <!-- module fancy heading -->\n<!--\/* $fields_args['heading_tag']  CODIGO QUE SAIU * \/-->\n<div  class=\"module module-fancy-heading tb_7z8644 titulo-suporte hide-desktop hide-tablet hide-tablet_landscape hide-mobile tb_hide_divider\" data-lazy=\"1\">\n        <h1  class=\"fancy-heading tf_textl\">\n    <span class=\"main-head tf_block\">\n\t\t\t\t\tCumplimiento de RGPD\t\t    <\/span>\n\n\t\n    <span class=\"sub-head tf_block tf_rel\">\n\t\t\t\t\t\t\t    <\/span>\n    <\/h1>\n<\/div>\n<!-- \/module fancy heading -->\n<!-- module text -->\n<div  class=\"module module-text tb_1384262  repeat \" data-lazy=\"1\">\n        <div  class=\"tb_text_wrap\">\n    <h2>FUNCIONALIDADES<\/h2>    <\/div>\n<\/div>\n<!-- \/module text --><!-- module text -->\n<div  class=\"module module-text tb_08h2262   \" data-lazy=\"1\">\n        <div  class=\"tb_text_wrap\">\n    <p>Identificar qu\u00e9 datos tiene y controlar qui\u00e9n tiene acceso a ellos es un requisito cr\u00edtico del RGPD, por lo que <a href=\"https:\/\/arquiconsult.com\/es\/azure\/\">Microsoft Azure<\/a> asegura que puede administrar las identidades de sus usuarios, credenciales, as\u00ed como controlar el acceso a los datos de diferentes formas:<\/p>    <\/div>\n<\/div>\n<!-- \/module text -->\t        <\/div>\n\t    \t<\/div>\n\t\t    <\/div>\n\t    <!-- \/row_inner -->\n\t<\/div>\n\t<!-- \/module_row -->\n\t\t<!-- module_row -->\n\t<div  data-css_id=\"0zxj458\" data-lazy=\"1\" class=\"module_row themify_builder_row solucoes-sector repeat fullwidth_row_container tb_0zxj458 tf_clearfix\" >\n\t    \t\t<div class=\"row_inner col_align_top col-count-1 tf_box tf_w tf_rel\">\n\t\t\t<div  data-lazy=\"1\" class=\"module_column tb-column col-full first tb_zae4459 tf_box\">\n\t\t\t    \t        <div class=\"tb-column-inner tf_box tf_w\">\n\t\t    \t<div  data-lazy=\"1\" class=\"module_subrow themify_builder_sub_row tb_wcsl462 tf_w tf_clearfix\">\n\t    \t\t<div class=\"subrow_inner col_align_top gutter-narrow col-count-2 tf_box tf_w\"  data-basecol=\"2\" data-col_mobile=\"column-full\">\n\t\t\t<div  data-lazy=\"1\" class=\"sub_column module_column tf_box col4-2 first tb_zj7u462 repeat\" > \n\t    \t    \t        <div class=\"tb-column-inner tf_box tf_w\">\n\t\t    <!-- module feature -->\n<div  class=\"module module-feature tb_u4nt462 with-chart layout-icon-top size-small \" data-lazy=\"1\">\n        <div class=\"module-feature-image tf_textc tf_rel\">\n\t\t\t\t\t\t\t<span class=\"module-feature-chart-html5 tf_box tf_rel tf_inline_b\">\n\t\t\t\t\t\t\t<svg class=\"tf_abs tf_w tf_h\">\n\t\t\t\t<circle class=\"tb_feature_fill\" r=\"calc(50% - 1.00px)\" cx=\"50%\" cy=\"50%\" stroke-width=\"2\"\/>\n\t\t\t\t<circle class=\"tb_feature_stroke\" r=\"calc(50% - 1.00px)\" cx=\"50%\" cy=\"50%\" stroke=\"#c41230\" stroke-width=\"2\" data-progress=\"100\" stroke-dasharray=\"0,10000\"\/>\n\t\t\t\t\t\t\t\t<\/svg>\n\t\t\t\t\t\t\t<span class=\"chart-html5-circle tf_w tf_h\">\n\t\t\t\t\t\t\t\t\t\t\t<img style=\"width:calc(100% - 4px);height:calc(100% - 4px)\" src=\"https:\/\/arquiconsult.com\/wp-content\/uploads\/2021\/11\/Dynamics-365-BC-Dynamics-365-Enterprise-Sales-Microsoft-Dynamics-365-RGPD-Commerce-Microsoft-Dynamics-NAV-Navision-Microsoft-Softwares-1.png\" alt=\"Dynamics 365 BC-Dynamics 365 Marketing-Sales-Microsoft Dynamics 365-RGPD-Commerce-Microsoft Dynamics NAV-Navision-Microsoft-Softwares-Main-Tool\" title=\"-\">\n\t\t\t\t\t\t\t\t\t<\/span>\n\n\t\t\t\t\n\t\t\t<\/span>\n\t\t\t    <\/div>\n    <div class=\"module-feature-content tf_textc\">\n\t\t\t\t<div class=\"tb_text_wrap\">\n\t\t\t\t\t<\/div>\n    <\/div>\n<\/div>\n<!-- \/module feature -->\n<!-- module text -->\n<div  class=\"module module-text tb_usod462  repeat \" data-lazy=\"1\">\n        <div  class=\"tb_text_wrap\">\n    <p style=\"text-align: center;\">DIRECTORIO ACTIVO AZUR (AZURE AD)<\/p>    <\/div>\n<\/div>\n<!-- \/module text --><!-- module text -->\n<div  class=\"module module-text tb_dmft462   \" data-lazy=\"1\">\n        <div  class=\"tb_text_wrap\">\n    <p style=\"text-align: center;\">Ayuda a garantizar que solo los usuarios autorizados puedan acceder a aplicaciones, datos y escritorios. Tiene herramientas como la autenticaci\u00f3n multifactor, que permite una autenticaci\u00f3n segura. La administraci\u00f3n de identidades privilegiadas de Azure AD le permite reducir el riesgo al asignar privilegios a trav\u00e9s del control de acceso, la administraci\u00f3n y la generaci\u00f3n de informes.<\/p>    <\/div>\n<\/div>\n<!-- \/module text -->\t        <\/div>\n\t    \t<\/div>\n\t\t<div  data-lazy=\"1\" class=\"sub_column module_column tf_box col4-2 last tb_9w7i434 repeat\" > \n\t    \t    \t        <div class=\"tb-column-inner tf_box tf_w\">\n\t\t    <!-- module feature -->\n<div  class=\"module module-feature tb_bwfx435 with-chart layout-icon-top size-small \" data-lazy=\"1\">\n        <div class=\"module-feature-image tf_textc tf_rel\">\n\t\t\t\t\t\t\t<span class=\"module-feature-chart-html5 tf_box tf_rel tf_inline_b\">\n\t\t\t\t\t\t\t<svg class=\"tf_abs tf_w tf_h\">\n\t\t\t\t<circle class=\"tb_feature_fill\" r=\"calc(50% - 1.00px)\" cx=\"50%\" cy=\"50%\" stroke-width=\"2\"\/>\n\t\t\t\t<circle class=\"tb_feature_stroke\" r=\"calc(50% - 1.00px)\" cx=\"50%\" cy=\"50%\" stroke=\"#c41230\" stroke-width=\"2\" data-progress=\"100\" stroke-dasharray=\"0,10000\"\/>\n\t\t\t\t\t\t\t\t<\/svg>\n\t\t\t\t\t\t\t<span class=\"chart-html5-circle tf_w tf_h\">\n\t\t\t\t\t\t\t\t\t\t\t<img style=\"width:calc(100% - 4px);height:calc(100% - 4px)\" src=\"https:\/\/arquiconsult.com\/wp-content\/uploads\/2021\/11\/Dynamics-365-BC-Dynamics-365-Enterprise-Sales-Microsoft-Dynamics-365-RGPD-Commerce-Microsoft-Dynamics-NAV-Navision-Microsoft-Softwares-1.png\" alt=\"Dynamics 365 BC-Dynamics 365 Marketing-Sales-Microsoft Dynamics 365-RGPD-Commerce-Microsoft Dynamics NAV-Navision-Microsoft-Softwares-Main-Tool\" title=\"-\">\n\t\t\t\t\t\t\t\t\t<\/span>\n\n\t\t\t\t\n\t\t\t<\/span>\n\t\t\t    <\/div>\n    <div class=\"module-feature-content tf_textc\">\n\t\t\t\t<div class=\"tb_text_wrap\">\n\t\t\t\t\t<\/div>\n    <\/div>\n<\/div>\n<!-- \/module feature -->\n<!-- module text -->\n<div  class=\"module module-text tb_a6vt435  repeat \" data-lazy=\"1\">\n        <div  class=\"tb_text_wrap\">\n    <p style=\"text-align: center;\">PROTECCI\u00d3N DE LA INFORMACI\u00d3N AZURE<\/p>    <\/div>\n<\/div>\n<!-- \/module text --><!-- module text -->\n<div  class=\"module module-text tb_t379436   \" data-lazy=\"1\">\n        <div  class=\"tb_text_wrap\">\n    <p style=\"text-align: center;\">Ayuda a garantizar que sus datos sean identificables y seguros, sin importar d\u00f3nde se almacenen o c\u00f3mo se compartan. Le permite clasificar, etiquetar y proteger datos nuevos o existentes, compartirlos de forma segura con personas dentro o fuera de su organizaci\u00f3n, controlar el uso e incluso revocar el acceso de forma remota. Azure Information Protection genera un informe de registro para supervisar la distribuci\u00f3n de datos y las opciones para administrar y controlar las claves de cifrado.<\/p>    <\/div>\n<\/div>\n<!-- \/module text -->\t        <\/div>\n\t    \t<\/div>\n\t\t    <\/div>\n\t<\/div><!-- \/themify_builder_sub_row -->\n\t\t        <\/div>\n\t    \t<\/div>\n\t\t    <\/div>\n\t    <!-- \/row_inner -->\n\t<\/div>\n\t<!-- \/module_row -->\n\t\t<!-- module_row -->\n\t<div  data-css_id=\"sfen555\" data-lazy=\"1\" class=\"module_row themify_builder_row repeat fullwidth_row_container tb_sfen555 tf_clearfix\" >\n\t    \t\t<div class=\"row_inner col_align_top col-count-1 tf_box tf_w tf_rel\">\n\t\t\t<div  data-lazy=\"1\" class=\"module_column tb-column col-full first tb_64y6556 tf_box\">\n\t\t\t    \t        <div class=\"tb-column-inner tf_box tf_w\">\n\t\t    <!-- module text -->\n<div  class=\"module module-text tb_qbqz534  repeat \" data-lazy=\"1\">\n        <div  class=\"tb_text_wrap\">\n    <h2 style=\"text-align: center;\">Y debido a que la protecci\u00f3n de los datos personales en su sistema inform\u00e1tico, as\u00ed como los requisitos de cumplimiento son requisitos fundamentales del RGPD, Azure cuenta con varias herramientas que le permiten cumplir con estas obligaciones:<\/h2>    <\/div>\n<\/div>\n<!-- \/module text -->\t        <\/div>\n\t    \t<\/div>\n\t\t    <\/div>\n\t    <!-- \/row_inner -->\n\t<\/div>\n\t<!-- \/module_row -->\n\t\t<!-- module_row -->\n\t<div  data-css_id=\"8u05966\" data-lazy=\"1\" class=\"module_row themify_builder_row caixas-suporte repeat fullwidth tb_8u05966 tf_clearfix\" >\n\t    \t\t<div class=\"row_inner col_align_top col-count-1 tf_box tf_w tf_rel\"  data-basecol=\"1\" data-col_mobile=\"column-full\">\n\t\t\t<div  data-lazy=\"1\" class=\"module_column tb-column col-full first tb_od5h967 tf_box\">\n\t\t\t    \t        <div class=\"tb-column-inner tf_box tf_w\">\n\t\t    \t<div  data-lazy=\"1\" class=\"module_subrow themify_builder_sub_row repeat tb_mj7j968 tf_w tf_clearfix\">\n\t    \t\t<div class=\"subrow_inner col_align_top col-count-2 tf_box tf_w\">\n\t\t\t<div  style=\"width: 12.29%\" data-lazy=\"1\" class=\"sub_column module_column tf_box col4-2 first tb_pv3s970\" > \n\t    \t    \t        <div class=\"tb-column-inner tf_box tf_w\">\n\t\t    <!-- module image -->\n<div  class=\"module module-image tb_b0u3970  image-certo image-right tf_mw\" data-lazy=\"1\">\n        <div class=\"image-wrap tf_rel tf_mw\">\n\t\t    <img loading=\"lazy\" src=\"https:\/\/arquiconsult.com\/wp-content\/uploads\/2021\/11\/Dynamics-365-BC-Dynamics-365-Enterprise-Sales-Microsoft-Dynamics-365-RGPD-Commerce-Microsoft-Dynamics-NAV-Navision-Microsoft-Softwares-50x50.png\" width=\"50\" height=\"50\" class=\"wp-post-image wp-image-28878\" title=\"Dynamics 365 BC-Dynamics 365 Enterprise-Sales-Microsoft Dynamics 365-RGPD-Commerce-Microsoft Dynamics NAV-Navision-Microsoft-Softwares\" alt=\"Dynamics 365 BC-Dynamics 365 Enterprise-Sales-Microsoft Dynamics 365-RGPD-Commerce-Microsoft Dynamics NAV-Navision-Microsoft-Softwares\">\t\n\t\t<\/div>\n\t<!-- \/image-wrap -->\n    \n    \t<\/div>\n<!-- \/module image -->\t        <\/div>\n\t    \t<\/div>\n\t\t<div  style=\"width: 84.51%\" data-lazy=\"1\" class=\"sub_column module_column tf_box col4-2 last tb_98fz970 repeat\" > \n\t    \t    \t        <div class=\"tb-column-inner tf_box tf_w\">\n\t\t    <!-- module text -->\n<div  class=\"module module-text tb_0xit971   \" data-lazy=\"1\">\n        <div  class=\"tb_text_wrap\">\n    <p><strong>CENTRO DE SEGURIDAD AZURE<\/strong><\/p>\n<p>Proporciona visibilidad y control sobre la seguridad de los recursos de Azure. El an\u00e1lisis avanzado integrado de<strong> Azure Security Center<\/strong> lo ayuda a identificar los ataques al sistema que, de otro modo, podr\u00edan pasar desapercibidos.<\/p>    <\/div>\n<\/div>\n<!-- \/module text -->\t        <\/div>\n\t    \t<\/div>\n\t\t    <\/div>\n\t<\/div><!-- \/themify_builder_sub_row -->\n\t\t<div  data-lazy=\"1\" class=\"module_subrow themify_builder_sub_row repeat tb_q93f374 tf_w tf_clearfix\">\n\t    \t\t<div class=\"subrow_inner col_align_top col-count-2 tf_box tf_w\">\n\t\t\t<div  style=\"width: 12.29%\" data-lazy=\"1\" class=\"sub_column module_column tf_box col4-2 first tb_ehd5375\" > \n\t    \t    \t        <div class=\"tb-column-inner tf_box tf_w\">\n\t\t    <!-- module image -->\n<div  class=\"module module-image tb_l88l375  image-certo image-right tf_mw\" data-lazy=\"1\">\n        <div class=\"image-wrap tf_rel tf_mw\">\n\t\t    <img loading=\"lazy\" src=\"https:\/\/arquiconsult.com\/wp-content\/uploads\/2021\/11\/Dynamics-365-BC-Dynamics-365-Enterprise-Sales-Microsoft-Dynamics-365-RGPD-Commerce-Microsoft-Dynamics-NAV-Navision-Microsoft-Softwares-50x50.png\" width=\"50\" height=\"50\" class=\"wp-post-image wp-image-28878\" title=\"Dynamics 365 BC-Dynamics 365 Enterprise-Sales-Microsoft Dynamics 365-RGPD-Commerce-Microsoft Dynamics NAV-Navision-Microsoft-Softwares\" alt=\"Dynamics 365 BC-Dynamics 365 Enterprise-Sales-Microsoft Dynamics 365-RGPD-Commerce-Microsoft Dynamics NAV-Navision-Microsoft-Softwares\">\t\n\t\t<\/div>\n\t<!-- \/image-wrap -->\n    \n    \t<\/div>\n<!-- \/module image -->\t        <\/div>\n\t    \t<\/div>\n\t\t<div  style=\"width: 84.51%\" data-lazy=\"1\" class=\"sub_column module_column tf_box col4-2 last tb_m1z8375 repeat\" > \n\t    \t    \t        <div class=\"tb-column-inner tf_box tf_w\">\n\t\t    <!-- module text -->\n<div  class=\"module module-text tb_r62b377   \" data-lazy=\"1\">\n        <div  class=\"tb_text_wrap\">\n    <p><strong>CIFRADO DE DATOS DE ALMACENAMIENTO AZURE<\/strong><\/p>\n<p>Cifre autom\u00e1ticamente los datos cuando se escriben. Con <strong>Azure Disk Encryption<\/strong> puede cifrar los sistemas operativos y los discos de datos utilizados por las m\u00e1quinas virtuales. Es posible, por ejemplo, cifrar datos autom\u00e1ticamente cuando se escriben en <strong>Azure Storage<\/strong>. Los datos est\u00e1n protegidos incluso durante la transici\u00f3n de una aplicaci\u00f3n y Azure, permaneciendo seguros en todo momento.<\/p>    <\/div>\n<\/div>\n<!-- \/module text -->\t        <\/div>\n\t    \t<\/div>\n\t\t    <\/div>\n\t<\/div><!-- \/themify_builder_sub_row -->\n\t\t<div  data-lazy=\"1\" class=\"module_subrow themify_builder_sub_row repeat tb_y0m5326 tf_w tf_clearfix\">\n\t    \t\t<div class=\"subrow_inner col_align_top col-count-2 tf_box tf_w\">\n\t\t\t<div  style=\"width: 12.29%\" data-lazy=\"1\" class=\"sub_column module_column tf_box col4-2 first tb_plgc327\" > \n\t    \t    \t        <div class=\"tb-column-inner tf_box tf_w\">\n\t\t    <!-- module image -->\n<div  class=\"module module-image tb_nqyc328  image-certo image-right tf_mw\" data-lazy=\"1\">\n        <div class=\"image-wrap tf_rel tf_mw\">\n\t\t    <img loading=\"lazy\" src=\"https:\/\/arquiconsult.com\/wp-content\/uploads\/2021\/11\/Dynamics-365-BC-Dynamics-365-Enterprise-Sales-Microsoft-Dynamics-365-RGPD-Commerce-Microsoft-Dynamics-NAV-Navision-Microsoft-Softwares-50x50.png\" width=\"50\" height=\"50\" class=\"wp-post-image wp-image-28878\" title=\"Dynamics 365 BC-Dynamics 365 Enterprise-Sales-Microsoft Dynamics 365-RGPD-Commerce-Microsoft Dynamics NAV-Navision-Microsoft-Softwares\" alt=\"Dynamics 365 BC-Dynamics 365 Enterprise-Sales-Microsoft Dynamics 365-RGPD-Commerce-Microsoft Dynamics NAV-Navision-Microsoft-Softwares\">\t\n\t\t<\/div>\n\t<!-- \/image-wrap -->\n    \n    \t<\/div>\n<!-- \/module image -->\t        <\/div>\n\t    \t<\/div>\n\t\t<div  style=\"width: 84.51%\" data-lazy=\"1\" class=\"sub_column module_column tf_box col4-2 last tb_ia9m328 repeat\" > \n\t    \t    \t        <div class=\"tb-column-inner tf_box tf_w\">\n\t\t    <!-- module text -->\n<div  class=\"module module-text tb_bv8h329   \" data-lazy=\"1\">\n        <div  class=\"tb_text_wrap\">\n    <p><strong>AZURE KEY VAULT<\/strong><\/p>\n<p>Le permite proteger las claves de cifrado, certificados y contrase\u00f1as que protegen sus datos. A trav\u00e9s de m\u00f3dulos de seguridad de hardware (<strong>HSM<\/strong>), Key Volt est\u00e1 dise\u00f1ado para darle control sobre las claves, incluida la garant\u00eda de que Microsoft no acceda a ellas.<\/p>    <\/div>\n<\/div>\n<!-- \/module text -->\t        <\/div>\n\t    \t<\/div>\n\t\t    <\/div>\n\t<\/div><!-- \/themify_builder_sub_row -->\n\t\t<div  data-lazy=\"1\" class=\"module_subrow themify_builder_sub_row repeat tb_bv7n663 tf_w tf_clearfix\">\n\t    \t\t<div class=\"subrow_inner col_align_top col-count-2 tf_box tf_w\">\n\t\t\t<div  style=\"width: 12.29%\" data-lazy=\"1\" class=\"sub_column module_column tf_box col4-2 first tb_7s1t664\" > \n\t    \t    \t        <div class=\"tb-column-inner tf_box tf_w\">\n\t\t    <!-- module image -->\n<div  class=\"module module-image tb_thzy664  image-certo image-right tf_mw\" data-lazy=\"1\">\n        <div class=\"image-wrap tf_rel tf_mw\">\n\t\t    <img loading=\"lazy\" src=\"https:\/\/arquiconsult.com\/wp-content\/uploads\/2021\/11\/Dynamics-365-BC-Dynamics-365-Enterprise-Sales-Microsoft-Dynamics-365-RGPD-Commerce-Microsoft-Dynamics-NAV-Navision-Microsoft-Softwares-50x50.png\" width=\"50\" height=\"50\" class=\"wp-post-image wp-image-28878\" title=\"Dynamics 365 BC-Dynamics 365 Enterprise-Sales-Microsoft Dynamics 365-RGPD-Commerce-Microsoft Dynamics NAV-Navision-Microsoft-Softwares\" alt=\"Dynamics 365 BC-Dynamics 365 Enterprise-Sales-Microsoft Dynamics 365-RGPD-Commerce-Microsoft Dynamics NAV-Navision-Microsoft-Softwares\">\t\n\t\t<\/div>\n\t<!-- \/image-wrap -->\n    \n    \t<\/div>\n<!-- \/module image -->\t        <\/div>\n\t    \t<\/div>\n\t\t<div  style=\"width: 84.51%\" data-lazy=\"1\" class=\"sub_column module_column tf_box col4-2 last tb_osqt664 repeat\" > \n\t    \t    \t        <div class=\"tb-column-inner tf_box tf_w\">\n\t\t    <!-- module text -->\n<div  class=\"module module-text tb_w7qb665   \" data-lazy=\"1\">\n        <div  class=\"tb_text_wrap\">\n    <p><strong>AN\u00c1LISIS DE REGISTRO<\/strong><\/p>\n<p>Le ayuda a identificar y reparar brechas de seguridad para prevenir brechas en el sistema. Le permite analizar los datos generados en la nube u otros entornos locales, proporcionando informaci\u00f3n en tiempo real a partir de paneles personalizados, para analizar miles de registros en todas las estaciones de trabajo y servidores, independientemente de su ubicaci\u00f3n f\u00edsica.<\/p>    <\/div>\n<\/div>\n<!-- \/module text -->\t        <\/div>\n\t    \t<\/div>\n\t\t    <\/div>\n\t<\/div><!-- \/themify_builder_sub_row -->\n\t\t        <\/div>\n\t    \t<\/div>\n\t\t    <\/div>\n\t    <!-- \/row_inner -->\n\t<\/div>\n\t<!-- \/module_row -->\n\t\t<!-- module_row -->\n\t<div  data-css_id=\"8m4x666\" data-lazy=\"1\" class=\"module_row themify_builder_row repeat fullwidth_row_container tb_8m4x666 tf_clearfix\" >\n\t    \t\t<div class=\"row_inner col_align_top col-count-1 tf_box tf_w tf_rel\">\n\t\t\t<div  data-lazy=\"1\" class=\"module_column tb-column col-full first tb_cp5o667 tf_box\">\n\t\t\t    \t        <div class=\"tb-column-inner tf_box tf_w\">\n\t\t    <!-- module buttons -->\n<div  class=\"module module-buttons tb_tbld187 buttons-horizontal transparent popmake-44567 large circle tf_textc\" data-lazy=\"1\">\n    \t<div class=\"module-buttons-item tf_inline_b\">\n\t\t\t\t\t\t\t<a href=\"#\" class=\"ui builder_button tb_default_color\" >\n\t\t\t\t\t\t\t\t\t\t\t<span class=\"tf_inline_b tf_vmiddle\">Comprar Azure<\/span>\n\t\t\t\t\t\t\t\t\t\t\t<\/a>\n\t\t\t    \t<\/div>\n\t<\/div>\n<!-- \/module buttons -->\n\t        <\/div>\n\t    \t<\/div>\n\t\t    <\/div>\n\t    <!-- \/row_inner -->\n\t<\/div>\n\t<!-- \/module_row -->\n\t<\/div>\n<!--\/themify_builder_content-->","protected":false},"excerpt":{"rendered":"<p>Arquiconsult.com\/es \/ Produtividade \/ Microsoft Azure\/\u00a0Cumplimiento de RGPD Cumplimiento de RGPD Microsoft Azure respalda su negocio, garantizando la seguridad y privacidad de sus datos de conformidad con el RGPD. Cumplimiento de RGPD FUNCIONALIDADES Identificar qu\u00e9 datos tiene y controlar qui\u00e9n tiene acceso a ellos es un requisito cr\u00edtico del RGPD, por lo que Microsoft Azure [&hellip;]<\/p>\n","protected":false},"author":4,"featured_media":0,"parent":0,"menu_order":0,"comment_status":"closed","ping_status":"closed","template":"","meta":[],"acf":[],"_links":{"self":[{"href":"https:\/\/arquiconsult.com\/es\/wp-json\/wp\/v2\/pages\/33530"}],"collection":[{"href":"https:\/\/arquiconsult.com\/es\/wp-json\/wp\/v2\/pages"}],"about":[{"href":"https:\/\/arquiconsult.com\/es\/wp-json\/wp\/v2\/types\/page"}],"author":[{"embeddable":true,"href":"https:\/\/arquiconsult.com\/es\/wp-json\/wp\/v2\/users\/4"}],"replies":[{"embeddable":true,"href":"https:\/\/arquiconsult.com\/es\/wp-json\/wp\/v2\/comments?post=33530"}],"version-history":[{"count":1,"href":"https:\/\/arquiconsult.com\/es\/wp-json\/wp\/v2\/pages\/33530\/revisions"}],"predecessor-version":[{"id":118333,"href":"https:\/\/arquiconsult.com\/es\/wp-json\/wp\/v2\/pages\/33530\/revisions\/118333"}],"wp:attachment":[{"href":"https:\/\/arquiconsult.com\/es\/wp-json\/wp\/v2\/media?parent=33530"}],"curies":[{"name":"wp","href":"https:\/\/api.w.org\/{rel}","templated":true}]}}