{"id":33554,"date":"2021-11-29T14:03:45","date_gmt":"2021-11-29T13:03:45","guid":{"rendered":"https:\/\/arquiconsult.com\/?page_id=33554"},"modified":"2025-12-05T13:46:53","modified_gmt":"2025-12-05T13:46:53","slug":"corcho","status":"publish","type":"page","link":"https:\/\/arquiconsult.com\/es\/corcho\/","title":{"rendered":"Corcho"},"content":{"rendered":"<!--themify_builder_content-->\n<div id=\"themify_builder_content-33554\" data-postid=\"33554\" class=\"themify_builder_content themify_builder_content-33554 themify_builder tf_clear\">\n    \t<!-- module_row -->\n\t<div  data-css_id=\"rggk886\" data-lazy=\"1\" class=\"module_row themify_builder_row fullcover fullwidth_row_container tb_rggk886 tb_first tf_clearfix\" >\n\t    <div class=\"builder_row_cover tf_abs\"><\/div>\t\t<div class=\"row_inner col_align_middle col-count-2 tf_box tf_w tf_rel\"  data-basecol=\"2\" data-col_tablet=\"column-full\" data-col_mobile=\"column-full\">\n\t\t\t<div  data-lazy=\"1\" style=\"width: 50.2%\" class=\"module_column tb-column col3-2 first tb_0ycc887 tf_box\">\n\t\t\t    \t        <div class=\"tb-column-inner tf_box tf_w\">\n\t\t    <!-- module text -->\n<div  class=\"module module-text tb_sgng887  repeat \" data-lazy=\"1\">\n        <div  class=\"tb_text_wrap\">\n    <h4><a href=\"https:\/\/arquiconsult.com\">Arquiconsult.com\/es<\/a> \/ <a href=\"#\">Sectores<\/a> \/ Corcho &#8211; CorkVision<\/h4>    <\/div>\n<\/div>\n<!-- \/module text --><!-- module fancy heading -->\n<!--\/* $fields_args['heading_tag']  CODIGO QUE SAIU * \/-->\n<div  class=\"module module-fancy-heading tb_s5sg887 titulo-suporte tb_hide_divider\" data-lazy=\"1\">\n        <h1  class=\"fancy-heading tf_textl\">\n    <span class=\"main-head tf_block\">\n\t\t\t\t\tCorkVision\t\t    <\/span>\n\n\t\n    <span class=\"sub-head tf_block tf_rel\">\n\t\t\t\t\t\t\t    <\/span>\n    <\/h2>\n<\/div>\n<!-- \/module fancy heading -->\n<!-- module text -->\n<div  class=\"module module-text tb_aa46887   \" data-lazy=\"1\">\n        <div  class=\"tb_text_wrap\">\n    <p>La soluci\u00f3n dise\u00f1ada de acuerdo con las mejores pr\u00e1cticas comerciales de la Industria del Corcho.<\/p>    <\/div>\n<\/div>\n<!-- \/module text --><!-- module buttons -->\n<div  class=\"module module-buttons tb_enyp887 buttons-horizontal transparent  large circle\" data-lazy=\"1\">\n    \t<div class=\"module-buttons-item tf_inline_b\">\n\t\t\t\t\t\t\t<a href=\"#crm_form\" class=\"ui builder_button tb_default_color\" >\n\t\t\t\t\t\t\t\t\t\t\t<span class=\"tf_inline_b tf_vmiddle\">\u00a1Hable con nuestro equipo!<\/span>\n\t\t\t\t\t\t\t\t\t\t\t<\/a>\n\t\t\t    \t<\/div>\n\t<\/div>\n<!-- \/module buttons -->\n\t        <\/div>\n\t    \t<\/div>\n\t\t<div  data-lazy=\"1\" style=\"width: 46.6%\" class=\"module_column tb-column col3-1 last tb_5f2p887 tf_box\">\n\t\t\t    \t<\/div>\n\t\t    <\/div>\n\t    <!-- \/row_inner -->\n\t<\/div>\n\t<!-- \/module_row -->\n\t\t<!-- module_row -->\n\t<div  data-css_id=\"53pz874\" data-lazy=\"1\" class=\"module_row themify_builder_row fullcover fullwidth tb_53pz874 tf_clearfix wow\" data-tf-animation=\"pulse\" >\n\t    \t\t<div class=\"row_inner col_align_top col-count-1 tf_box tf_w tf_rel\">\n\t\t\t<div  data-lazy=\"1\" class=\"module_column tb-column col-full first tb_btu0875 tf_box\">\n\t\t\t    \t        <div class=\"tb-column-inner tf_box tf_w\">\n\t\t    <!-- module text -->\n<div  class=\"module module-text tb_8dmp875  repeat \" data-lazy=\"1\">\n        <div  class=\"tb_text_wrap\">\n    <p style=\"text-align: center;\">\u00bfControla el margen a lo largo de las diferentes fases del negocio, desde la compra de materias primas, fabricaci\u00f3n, selecci\u00f3n y venta? \u00bfPractica una gesti\u00f3n de muestras eficaz, ya sean est\u00e1ndar (internas y externas) o espec\u00edficas del cliente? \u00bfTiene un seguimiento completo del producto en todas las etapas de producci\u00f3n y subcontrataci\u00f3n?<\/p>    <\/div>\n<\/div>\n<!-- \/module text -->\t        <\/div>\n\t    \t<\/div>\n\t\t    <\/div>\n\t    <!-- \/row_inner -->\n\t<\/div>\n\t<!-- \/module_row -->\n\t\t<!-- module_row -->\n\t<div  data-desktop-padding=\"20px,20px\" data-css_id=\"jtl0826\" data-lazy=\"1\" class=\"module_row themify_builder_row repeat fullwidth_row_container tb_jtl0826 tf_clearfix\" >\n\t    \t\t<div class=\"row_inner col_align_top col-count-2 tf_box tf_w tf_rel\"  data-basecol=\"2\" data-col_mobile=\"column-full\">\n\t\t\t<div  data-lazy=\"1\" class=\"module_column tb-column col4-2 first tb_p1me826 repeat tf_box\">\n\t\t\t    \t        <div class=\"tb-column-inner tf_box tf_w\">\n\t\t    <!-- module image -->\n<div  class=\"module module-image tb_5r9b826   image-center tf_mw\" data-lazy=\"1\">\n        <div class=\"image-wrap tf_rel tf_mw\">\n\t\t    <img loading=\"lazy\" src=\"https:\/\/arquiconsult.com\/wp-content\/uploads\/2024\/01\/corretagem-120x116.png\" width=\"120\" height=\"116\" class=\"wp-post-image wp-image-59171\" title=\"corretagem\" alt=\"corretagem\">\t\n\t\t<\/div>\n\t<!-- \/image-wrap -->\n    \n    \t<\/div>\n<!-- \/module image --><!-- module text -->\n<div  class=\"module module-text tb_7dms826  repeat \" data-lazy=\"1\">\n        <div  class=\"tb_text_wrap\">\n    <h3 style=\"text-align: center;\">La respuesta a estas preguntas y muchas otras relacionadas con su negocio se resuelven en CorkVision, la soluci\u00f3n dise\u00f1ada de acuerdo con las mejores pr\u00e1cticas comerciales de la Industria del Corcho. En un mercado cada vez m\u00e1s exigente y global, el control eficiente e integrado de todos los procesos comerciales y la calidad de la informaci\u00f3n son factores cr\u00edticos para el \u00e9xito de su empresa. En una industria con caracter\u00edsticas muy particulares y complejas, solo una soluci\u00f3n espec\u00edficamente dise\u00f1ada e implementada por una empresa que conoce profundamente el sector y habla su idioma, es capaz de responder con \u00e9xito a los diferentes desaf\u00edos que se presentan, ya sea para empresas con intervenci\u00f3n exclusivamente local, ya sea a empresas con diferentes sucursales o representaciones a nivel mundial.<\/h3>    <\/div>\n<\/div>\n<!-- \/module text -->\t        <\/div>\n\t    \t<\/div>\n\t\t<div  data-lazy=\"1\" class=\"module_column tb-column col4-2 last tb_wlss826 repeat tf_box\">\n\t\t\t    \t        <div class=\"tb-column-inner tf_box tf_w\">\n\t\t    <!-- module image -->\n<div  class=\"module module-image tb_o7xo826   image-center tf_mw\" data-lazy=\"1\">\n        <div class=\"image-wrap tf_rel tf_mw\">\n\t\t    <img loading=\"lazy\" src=\"https:\/\/arquiconsult.com\/wp-content\/uploads\/2024\/01\/traderntal-traders-120x116.png\" width=\"120\" height=\"116\" class=\"wp-post-image wp-image-59195\" title=\"traderntal-traders\" alt=\"traderntal-traders\">\t\n\t\t<\/div>\n\t<!-- \/image-wrap -->\n    \n    \t<\/div>\n<!-- \/module image --><!-- module text -->\n<div  class=\"module module-text tb_kr4z827  repeat \" data-lazy=\"1\">\n        <div  class=\"tb_text_wrap\">\n    <h3 style=\"text-align: center;\">En <a href=\"https:\/\/arquiconsult.com\/es\">Arquiconsult<\/a>, la experiencia adquirida a trav\u00e9s de numerosas implementaciones en diferentes continentes, nos permite implementar soluciones y apoyar a las <a href=\"https:\/\/arquiconsult.com\/es\/nearshore\/\">empresas globales<\/a> a trav\u00e9s de la acci\u00f3n local, ya sea de acuerdo con los requisitos legales o con sus requisitos operativos. La soluci\u00f3n de Corkvision fue dise\u00f1ada de manera integral para que pueda administrar su operaci\u00f3n de manera global y al mismo tiempo habilitar una implementaci\u00f3n local, basada en versiones localizadas de <a href=\"https:\/\/arquiconsult.com\/erp-business-central\/\">ERP Dynamics 365 Business Central<\/a> (AKA Dynamics NAV) en m\u00e1s de 40 pa\u00edses disponibles en nuestra red de cobertura mundial.<\/h3>    <\/div>\n<\/div>\n<!-- \/module text -->\t        <\/div>\n\t    \t<\/div>\n\t\t    <\/div>\n\t    <!-- \/row_inner -->\n\t<\/div>\n\t<!-- \/module_row -->\n\t\t<!-- module_row -->\n\t<div  data-css_id=\"qxey173\" data-lazy=\"1\" class=\"module_row themify_builder_row fullcover fullwidth tb_qxey173 tf_clearfix wow\" data-tf-animation=\"pulse\" >\n\t    \t\t<div class=\"row_inner col_align_top col-count-1 tf_box tf_w tf_rel\">\n\t\t\t<div  data-lazy=\"1\" class=\"module_column tb-column col-full first tb_bov2173 tf_box\">\n\t\t\t    \t        <div class=\"tb-column-inner tf_box tf_w\">\n\t\t    <!-- module text -->\n<div  class=\"module module-text tb_m7l2174  repeat \" data-lazy=\"1\">\n        <div  class=\"tb_text_wrap\">\n    <h2>CorkVision es una soluci\u00f3n modular que consta de<\/h2>    <\/div>\n<\/div>\n<!-- \/module text -->\t        <\/div>\n\t    \t<\/div>\n\t\t    <\/div>\n\t    <!-- \/row_inner -->\n\t<\/div>\n\t<!-- \/module_row -->\n\t\t<!-- module_row -->\n\t<div  data-css_id=\"ohq3791\" data-lazy=\"1\" class=\"module_row themify_builder_row repeat fullwidth tb_ohq3791 tf_clearfix\" >\n\t    \t\t<div class=\"row_inner col_align_top gutter-narrow col-count-5 tf_box tf_w tf_rel\"  data-basecol=\"5\" data-col_tablet_landscape=\"column3-1 tb_3col\" data-col_mobile=\"column-full\">\n\t\t\t<div  data-lazy=\"1\" class=\"module_column tb-column col5-1 first tb_zapo791 repeat tf_box\">\n\t\t\t    \t        <div class=\"tb-column-inner tf_box tf_w\">\n\t\t    <!-- module image -->\n<div  class=\"module module-image tb_v7wl791   image-center tf_mw wow\" data-tf-animation=\"slideInLeft\" data-tf-animation_delay=\".5\" data-lazy=\"1\">\n        <div class=\"image-wrap tf_rel tf_mw\">\n\t\t    \t\n\t\t<\/div>\n\t<!-- \/image-wrap -->\n    \n    \t<div class=\"image-content\">\n\t    \t\t\t<h3 class=\"image-title\">\n\t\t\t\t\t\t\t\t\tCORKVISION BASE\t\t\t\t\t\t\t<\/h3>\n\t    \n\t    \t\t<div class=\"image-caption tb_text_wrap\">\n\t\t    Incluye la gesti\u00f3n de la base de productos y la estructura del configurador de productos. El objetivo principal de este m\u00f3dulo es apoyar una base de clasificaci\u00f3n (referencias de art\u00edculos) que le permita controlar las diferentes etapas de transformaci\u00f3n que atraviesa el producto a lo largo de la cadena de valor en su empresa o en socios.\t    <\/div>\n\t    <!-- \/image-caption -->\n\t    \t<\/div>\n\t<!-- \/image-content -->\n    \t<\/div>\n<!-- \/module image -->\t        <\/div>\n\t    \t<\/div>\n\t\t<div  data-lazy=\"1\" class=\"module_column tb-column col5-1 second tb_m09f791 tf_box\">\n\t\t\t    \t        <div class=\"tb-column-inner tf_box tf_w\">\n\t\t    <!-- module image -->\n<div  class=\"module module-image tb_l2uv791   image-center tf_mw wow\" data-tf-animation=\"slideInLeft\" data-lazy=\"1\">\n        <div class=\"image-wrap tf_rel tf_mw\">\n\t\t    \t\n\t\t<\/div>\n\t<!-- \/image-wrap -->\n    \n    \t<div class=\"image-content\">\n\t    \t\t\t<h3 class=\"image-title\">\n\t\t\t\t\t\t\t\t\tCORKVISION SALES\t\t\t\t\t\t\t<\/h3>\n\t    \n\t    \t\t<div class=\"image-caption tb_text_wrap\">\n\t\t    Presenta todas las funcionalidades habitualmente necesarias para gestionar la estructura de ventas, incluido el proceso de gesti\u00f3n de la relaci\u00f3n producto \/ cliente y la integraci\u00f3n operativa de la fuerza de ventas, CRM Microsoft Dynamics 365.\t    <\/div>\n\t    <!-- \/image-caption -->\n\t    \t<\/div>\n\t<!-- \/image-content -->\n    \t<\/div>\n<!-- \/module image -->\t        <\/div>\n\t    \t<\/div>\n\t\t<div  data-lazy=\"1\" class=\"module_column tb-column col5-1 third tb_g4ky791 tf_box\">\n\t\t\t    \t        <div class=\"tb-column-inner tf_box tf_w\">\n\t\t    <!-- module image -->\n<div  class=\"module module-image tb_gxde791   image-center tf_mw wow\" data-tf-animation=\"slideInRight\" data-lazy=\"1\">\n        <div class=\"image-wrap tf_rel tf_mw\">\n\t\t    \t\n\t\t<\/div>\n\t<!-- \/image-wrap -->\n    \n    \t<div class=\"image-content\">\n\t    \t\t\t<h3 class=\"image-title\">\n\t\t\t\t\t\t\t\t\tCORKVISION PROCESSING\t\t\t\t\t\t\t<\/h3>\n\t    \n\t    \t\t<div class=\"image-caption tb_text_wrap\">\n\t\t    Dirigido a la gesti\u00f3n operativa de producci\u00f3n y control de planta (permite la integraci\u00f3n con la soluci\u00f3n de movilidad).\t    <\/div>\n\t    <!-- \/image-caption -->\n\t    \t<\/div>\n\t<!-- \/image-content -->\n    \t<\/div>\n<!-- \/module image -->\t        <\/div>\n\t    \t<\/div>\n\t\t<div  data-lazy=\"1\" class=\"module_column tb-column col5-1 fourth tb_jqr3792 tf_box\">\n\t\t\t    \t        <div class=\"tb-column-inner tf_box tf_w\">\n\t\t    <!-- module image -->\n<div  class=\"module module-image tb_efkd792   image-center tf_mw wow\" data-tf-animation=\"slideInRight\" data-lazy=\"1\">\n        <div class=\"image-wrap tf_rel tf_mw\">\n\t\t    \t\n\t\t<\/div>\n\t<!-- \/image-wrap -->\n    \n    \t<div class=\"image-content\">\n\t    \t\t\t<h3 class=\"image-title\">\n\t\t\t\t\t\t\t\t\tCORKVISION SORT\t\t\t\t\t\t\t<\/h3>\n\t    \n\t    \t\t<div class=\"image-caption tb_text_wrap\">\n\t\t    Tanto en t\u00e9rminos de fabricaci\u00f3n como de marketing, el proceso de selecci\u00f3n es una etapa cr\u00edtica en la cadena de valor de su empresa. Este m\u00f3dulo le permite acceder a la funcionalidad necesaria para simplificar este proceso y al mismo tiempo controlar eficazmente sus operaciones, mejorando tambi\u00e9n la visibilidad interna de este proceso.\t    <\/div>\n\t    <!-- \/image-caption -->\n\t    \t<\/div>\n\t<!-- \/image-content -->\n    \t<\/div>\n<!-- \/module image -->\t        <\/div>\n\t    \t<\/div>\n\t\t<div  data-lazy=\"1\" class=\"module_column tb-column col5-1 last tb_io7d792 tf_box\">\n\t\t\t    \t        <div class=\"tb-column-inner tf_box tf_w\">\n\t\t    <!-- module image -->\n<div  class=\"module module-image tb_0mvj792   image-center tf_mw wow\" data-tf-animation=\"slideInRight\" data-lazy=\"1\">\n        <div class=\"image-wrap tf_rel tf_mw\">\n\t\t    \t\n\t\t<\/div>\n\t<!-- \/image-wrap -->\n    \n    \t<div class=\"image-content\">\n\t    \t\t\t<h3 class=\"image-title\">\n\t\t\t\t\t\t\t\t\tCORKVISION LOGISTICS\t\t\t\t\t\t\t<\/h3>\n\t    \n\t    \t\t<div class=\"image-caption tb_text_wrap\">\n\t\t    \u00c1rea dedicada a la gesti\u00f3n de la cadena de suministro de su empresa, que abarca la recepci\u00f3n de material y etiquetado respectivo, integraci\u00f3n de c\u00f3digos de barras, interfaces con dispositivos de medici\u00f3n, gesti\u00f3n de procesos de almacenamiento f\u00edsico en el almac\u00e9n y, finalmente, el env\u00edo de material integrado con un proceso de etiquetado de producto final y nota de carga.\t    <\/div>\n\t    <!-- \/image-caption -->\n\t    \t<\/div>\n\t<!-- \/image-content -->\n    \t<\/div>\n<!-- \/module image -->\t        <\/div>\n\t    \t<\/div>\n\t\t    <\/div>\n\t    <!-- \/row_inner -->\n\t<\/div>\n\t<!-- \/module_row -->\n\t\t<!-- module_row -->\n\t<div  data-css_id=\"rr4r793\" data-lazy=\"1\" class=\"module_row themify_builder_row fullcover fullwidth tb_rr4r793 tf_clearfix wow\" data-tf-animation=\"pulse\" >\n\t    \t\t<div class=\"row_inner col_align_top col-count-1 tf_box tf_w tf_rel\">\n\t\t\t<div  data-lazy=\"1\" class=\"module_column tb-column col-full first tb_e2zs794 tf_box\">\n\t\t\t    \t        <div class=\"tb-column-inner tf_box tf_w\">\n\t\t    <!-- module buttons -->\n<div  class=\"module module-buttons tb_t87u794 buttons-horizontal transparent  large circle tf_textc\" data-lazy=\"1\">\n    \t<div class=\"module-buttons-item tf_inline_b\">\n\t\t\t\t\t\t\t<a href=\"https:\/\/arquiconsult.com\/wp-content\/uploads\/2023\/04\/Factsheet-Corkvision_2022.pdf\" class=\"ui builder_button tb_default_color\" target=\"_blank\" rel=\"noopener\">\n\t\t\t\t\t\t\t\t\t\t\t<span class=\"tf_inline_b tf_vmiddle\">Descargar hoja de producto<\/span>\n\t\t\t\t\t\t\t\t\t\t\t<\/a>\n\t\t\t    \t<\/div>\n\t<\/div>\n<!-- \/module buttons -->\n\t        <\/div>\n\t    \t<\/div>\n\t\t    <\/div>\n\t    <!-- \/row_inner -->\n\t<\/div>\n\t<!-- \/module_row -->\n\t\t<!-- module_row -->\n\t<div  data-anchor=\"crm_form\" data-lazy=\"1\" class=\"module_row themify_builder_row tb_has_section tb_section-crm_form tb_4j0t957 tf_clearfix\" >\n\t    \t\t<div class=\"row_inner col_align_top col-count-1 tf_box tf_w tf_rel\">\n\t\t\t<div  data-lazy=\"1\" class=\"module_column tb-column col-full first tb_yagi958 tf_box\">\n\t\t\t    \t        <div class=\"tb-column-inner tf_box tf_w\">\n\t\t    <!-- module plain text -->\n<div  class=\"module module-plain-text tb_121n958 \" data-lazy=\"1\">\n        <div class=\"tb_text_wrap\">\n\t<div\n        data-form-id='47d34776-d7a9-f011-bbd2-000d3a26b221'\n        data-form-api-url='https:\/\/public-eur.mkt.dynamics.com\/api\/v1.0\/orgs\/89d90a5a-468d-436c-8bd1-5cc7cfa5e05b\/landingpageforms'\n        data-cached-form-url='https:\/\/assets-eur.mkt.dynamics.com\/89d90a5a-468d-436c-8bd1-5cc7cfa5e05b\/digitalassets\/forms\/47d34776-d7a9-f011-bbd2-000d3a26b221' ><\/div>\n        <script src = 'https:\/\/cxppusa1formui01cdnsa01-endpoint.azureedge.net\/eur\/FormLoader\/FormLoader.bundle.js' ><\/script>\n    <\/div>\n<\/div>\n<!-- \/module plain text -->\t        <\/div>\n\t    \t<\/div>\n\t\t    <\/div>\n\t    <!-- \/row_inner -->\n\t<\/div>\n\t<!-- \/module_row -->\n\t<\/div>\n<!--\/themify_builder_content-->","protected":false},"excerpt":{"rendered":"<p>Arquiconsult.com\/es \/ Sectores \/ Corcho &#8211; CorkVision CorkVision La soluci\u00f3n dise\u00f1ada de acuerdo con las mejores pr\u00e1cticas comerciales de la Industria del Corcho. \u00a1Hable con nuestro equipo! \u00bfControla el margen a lo largo de las diferentes fases del negocio, desde la compra de materias primas, fabricaci\u00f3n, selecci\u00f3n y venta? \u00bfPractica una gesti\u00f3n de muestras eficaz, [&hellip;]<\/p>\n","protected":false},"author":4,"featured_media":0,"parent":0,"menu_order":0,"comment_status":"closed","ping_status":"closed","template":"","meta":[],"acf":[],"_links":{"self":[{"href":"https:\/\/arquiconsult.com\/es\/wp-json\/wp\/v2\/pages\/33554"}],"collection":[{"href":"https:\/\/arquiconsult.com\/es\/wp-json\/wp\/v2\/pages"}],"about":[{"href":"https:\/\/arquiconsult.com\/es\/wp-json\/wp\/v2\/types\/page"}],"author":[{"embeddable":true,"href":"https:\/\/arquiconsult.com\/es\/wp-json\/wp\/v2\/users\/4"}],"replies":[{"embeddable":true,"href":"https:\/\/arquiconsult.com\/es\/wp-json\/wp\/v2\/comments?post=33554"}],"version-history":[{"count":1,"href":"https:\/\/arquiconsult.com\/es\/wp-json\/wp\/v2\/pages\/33554\/revisions"}],"predecessor-version":[{"id":112514,"href":"https:\/\/arquiconsult.com\/es\/wp-json\/wp\/v2\/pages\/33554\/revisions\/112514"}],"wp:attachment":[{"href":"https:\/\/arquiconsult.com\/es\/wp-json\/wp\/v2\/media?parent=33554"}],"curies":[{"name":"wp","href":"https:\/\/api.w.org\/{rel}","templated":true}]}}