{"id":38900,"date":"2022-02-11T10:21:39","date_gmt":"2022-02-11T10:21:39","guid":{"rendered":"https:\/\/arquiconsult.com\/?page_id=38900"},"modified":"2024-11-20T10:04:10","modified_gmt":"2024-11-20T10:04:10","slug":"kit-digital-microsoft-red-es","status":"publish","type":"page","link":"https:\/\/arquiconsult.com\/es\/kit-digital-microsoft-red-es\/","title":{"rendered":"Kit Digital"},"content":{"rendered":"<!--themify_builder_content-->\n<div id=\"themify_builder_content-38900\" data-postid=\"38900\" class=\"themify_builder_content themify_builder_content-38900 themify_builder tf_clear\">\n    \t<!-- module_row -->\n\t<div  data-css_id=\"u0ap495\" data-lazy=\"1\" class=\"module_row themify_builder_row fullcover fullwidth_row_container tb_u0ap495 tb_first tf_clearfix\" >\n\t    <div class=\"builder_row_cover tf_abs\"><\/div>\t\t<div class=\"row_inner col_align_middle col-count-1 tf_box tf_w tf_rel\"  data-basecol=\"1\" data-col_tablet=\"column-full\" data-col_mobile=\"column-full\">\n\t\t\t<div  data-lazy=\"1\" class=\"module_column tb-column col-full first tb_4ldl496 repeat tf_box\">\n\t\t\t    \t        <div class=\"tb-column-inner tf_box tf_w\">\n\t\t    <!-- module image -->\n<div  class=\"module module-image tb_nyfh496   image-top tf_mw\" data-lazy=\"1\">\n        <div class=\"image-wrap tf_rel tf_mw\">\n\t\t    <img loading=\"lazy\" src=\"https:\/\/arquiconsult.com\/wp-content\/uploads\/2022\/02\/Logo-digitalizadores-1536x178-1-900x104.png\" width=\"900\" height=\"104\" class=\"wp-post-image wp-image-38909\" title=\"Logo-digitalizadores-1536x178\" alt=\"Logo-digitalizadores-1536x178-Kit Digital CRM\">\t\n\t\t<\/div>\n\t<!-- \/image-wrap -->\n    \n    \t<\/div>\n<!-- \/module image --><!-- module fancy heading -->\n<!--\/* $fields_args['heading_tag']  CODIGO QUE SAIU * \/-->\n<div  class=\"module module-fancy-heading tb_7qp8496 titulo-suporte tb_hide_divider\" data-lazy=\"1\">\n        <h1  class=\"fancy-heading tf_textc\">\n    <span class=\"main-head tf_block\">\n\t\t\t\t\tKIT DIGITAL - Soluci\u00f3n oficial de Microsoft\t\t    <\/span>\n\n\t\n    <span class=\"sub-head tf_block tf_rel\">\n\t\t\t\t\t\t\t    <\/span>\n    <\/h1>\n<\/div>\n<!-- \/module fancy heading -->\n<!-- module text -->\n<div  class=\"module module-text tb_rtd1759  repeat \" data-lazy=\"1\">\n        <div  class=\"tb_text_wrap\">\n    <div class=\"elementor-element elementor-element-194590b elementor-widget elementor-widget-heading\" data-id=\"194590b\" data-element_type=\"widget\" data-widget_type=\"heading.default\">\n<div class=\"elementor-widget-container\">\n<p class=\"elementor-heading-title elementor-size-default\" style=\"text-align: center;\">Te presentamos nuestras soluciones subvencionables con el Kit Digital de Red.es<\/p>\n<\/div>\n<\/div>    <\/div>\n<\/div>\n<!-- \/module text --><!-- module text -->\n<div  class=\"module module-text tb_0loy655  repeat \" data-lazy=\"1\">\n        <div  class=\"tb_text_wrap\">\n    <div class=\"elementor-element elementor-element-194590b elementor-widget elementor-widget-heading\" data-id=\"194590b\" data-element_type=\"widget\" data-widget_type=\"heading.default\">\n<div class=\"elementor-widget-container\">\n<div class=\"elementor-element elementor-element-1b22c3b elementor-widget elementor-widget-text-editor\" data-id=\"1b22c3b\" data-element_type=\"widget\" data-widget_type=\"text-editor.default\">\n<div class=\"elementor-widget-container\">\n<div class=\"elementor-text-editor elementor-clearfix\">\n<p style=\"text-align: center;\">Soluci\u00f3n oficial de Microsoft<\/p>\n<\/div>\n<\/div>\n<\/div>\n<\/div>\n<\/div>    <\/div>\n<\/div>\n<!-- \/module text --><!-- module image -->\n<div  class=\"module module-image tb_w838995   image-top tf_mw hide-on-stick\" data-lazy=\"1\">\n        <div class=\"image-wrap tf_rel tf_mw\">\n\t\t    <img loading=\"lazy\" src=\"https:\/\/arquiconsult.com\/wp-content\/uploads\/2022\/02\/Microsoftlogo-120x52.jpg\" width=\"120\" height=\"52\" class=\"wp-post-image wp-image-38912\" title=\"Microsoftlogo\" alt=\"Microsoftlogo-Kit Digital\">\t\n\t\t<\/div>\n\t<!-- \/image-wrap -->\n    \n    \t<\/div>\n<!-- \/module image -->\t        <\/div>\n\t    \t<\/div>\n\t\t    <\/div>\n\t    <!-- \/row_inner -->\n\t<\/div>\n\t<!-- \/module_row -->\n\t\t<!-- module_row -->\n\t<div  data-css_id=\"cpno222\" data-lazy=\"1\" class=\"module_row themify_builder_row repeat fullwidth_row_container tb_cpno222 tf_clearfix\" >\n\t    \t\t<div class=\"row_inner col_align_top col-count-1 tf_box tf_w tf_rel\">\n\t\t\t<div  data-lazy=\"1\" class=\"module_column tb-column col-full first tb_v0pd222 tf_box\">\n\t\t\t    \t        <div class=\"tb-column-inner tf_box tf_w\">\n\t\t    \t<div  data-lazy=\"1\" class=\"module_subrow themify_builder_sub_row tb_attx223 tf_w tf_clearfix\">\n\t    \t\t<div class=\"subrow_inner col_align_top col-count-1 tf_box tf_w\">\n\t\t\t<div  data-lazy=\"1\" class=\"sub_column module_column tf_box col-full first tb_lj1z223\" > \n\t    \t    \t        <div class=\"tb-column-inner tf_box tf_w\">\n\t\t    <!-- module text -->\n<div  class=\"module module-text tb_4yq8862  repeat \" data-lazy=\"1\">\n        <div  class=\"tb_text_wrap\">\n    <h2>Que es Kit Digital<\/h2>    <\/div>\n<\/div>\n<!-- \/module text --><!-- module text -->\n<div  class=\"module module-text tb_0cxm223   \" data-lazy=\"1\">\n        <div  class=\"tb_text_wrap\">\n    <p><strong>El Kit Digital es una iniciativa del Gobierno de Espa\u00f1a. Es un plan de ayudas cuya financiaci\u00f3n se efect\u00faa con fondos del Plan de Recuperaci\u00f3n, Transformaci\u00f3n y Resiliencia de Espa\u00f1a, financiado por el Plan europeo Next Generation EU.<\/strong><br \/>Tiene como objetivo subvencionar la implantaci\u00f3n de soluciones digitales disponibles al mercado para conseguir un avance significativo en el nivel de madurez digital.<\/p>\n<p>Las soluciones digitales que proporciona el Kit Digital est\u00e1n orientadas a las necesidades de las peque\u00f1as empresas, microempresas y trabajadores aut\u00f3nomos, que pertenezcan a cualquier sector o tipolog\u00eda de negocio.<\/p>\n<p><\/p>\n<p>Con un total de hasta 12.000\u20ac (seg\u00fan tama\u00f1o de empresa) pod\u00e9is elegir uno o varios tipos de productos, cada uno valorado con una cantidad, hasta que, de ser necesario, se puede llegar a la suma de dicha cantidad.<\/p>    <\/div>\n<\/div>\n<!-- \/module text -->\t        <\/div>\n\t    \t<\/div>\n\t\t    <\/div>\n\t<\/div><!-- \/themify_builder_sub_row -->\n\t\t        <\/div>\n\t    \t<\/div>\n\t\t    <\/div>\n\t    <!-- \/row_inner -->\n\t<\/div>\n\t<!-- \/module_row -->\n\t\t<!-- module_row -->\n\t<div  data-anchor=\"beneficios\" data-hide-anchor=\"1\" data-css_id=\"c064877\" data-lazy=\"1\" class=\"module_row themify_builder_row repeat fullwidth_row_container tb_has_section tb_section-beneficios tb_c064877 tf_clearfix\" >\n\t    \t\t<div class=\"row_inner col_align_top col-count-1 tf_box tf_w tf_rel\">\n\t\t\t<div  data-lazy=\"1\" class=\"module_column tb-column col-full first tb_wyg4877 tf_box\">\n\t\t\t    \t        <div class=\"tb-column-inner tf_box tf_w\">\n\t\t    <!-- module text -->\n<div  class=\"module module-text tb_ph9n540  repeat \" data-lazy=\"1\">\n        <div  class=\"tb_text_wrap\">\n    <h2 class=\"elementor-heading-title elementor-size-default\"><strong>Nuestras soluciones incluidas en el Kit Digital<\/strong><\/h2>    <\/div>\n<\/div>\n<!-- \/module text -->\t<div  data-lazy=\"1\" class=\"module_subrow themify_builder_sub_row tb_6epp878 tf_w tf_clearfix\">\n\t    \t\t<div class=\"subrow_inner col_align_top gutter-narrow col-count-3 tf_box tf_w\"  data-basecol=\"3\" data-col_mobile=\"column-full\">\n\t\t\t<div  data-lazy=\"1\" class=\"sub_column module_column tf_box col3-1 first tb_i7p9878 repeat\" > \n\t    \t    \t        <div class=\"tb-column-inner tf_box tf_w\">\n\t\t    <!-- module feature -->\n<div  class=\"module module-feature tb_ibvp878 with-chart layout-icon-top size-small icon-animation wow\" data-tf-animation=\"pulse\" data-lazy=\"1\">\n        <div class=\"module-feature-image tf_textc tf_rel\">\n\t\t\t\t\t\t\t<span class=\"module-feature-chart-html5 tf_box tf_rel tf_inline_b\">\n\t\t\t\t\t\t\t<svg class=\"tf_abs tf_w tf_h\">\n\t\t\t\t<circle class=\"tb_feature_fill\" r=\"calc(50% - 1.00px)\" cx=\"50%\" cy=\"50%\" stroke-width=\"2\"\/>\n\t\t\t\t<circle class=\"tb_feature_stroke\" r=\"calc(50% - 1.00px)\" cx=\"50%\" cy=\"50%\" stroke=\"#c41230\" stroke-width=\"2\" data-progress=\"10\" stroke-dasharray=\"0,10000\"\/>\n\t\t\t\t\t\t\t\t<\/svg>\n\t\t\t\t\t\t\t<span class=\"chart-html5-circle tf_w tf_h\">\n\t\t\t\t\t\t\t\t\t\t\t<img style=\"width:calc(100% - 4px);height:calc(100% - 4px)\" src=\"https:\/\/arquiconsult.com\/wp-content\/uploads\/2021\/11\/Dynamics-365-BC-Dynamics-365-Enterprise-Sales-Microsoft-Dynamics-365-RGPD-Commerce-Microsoft-Dynamics-NAV-Navision-Microsoft-Softwares-1.png\" alt=\"Dynamics 365 BC-Dynamics 365 Marketing-Sales-Microsoft Dynamics 365-RGPD-Commerce-Microsoft Dynamics NAV-Navision-Microsoft-Softwares-Main-Tool\" title=\"-\">\n\t\t\t\t\t\t\t\t\t<\/span>\n\n\t\t\t\t\n\t\t\t<\/span>\n\t\t\t    <\/div>\n    <div class=\"module-feature-content tf_textc\">\n\t\t\t\t<div class=\"tb_text_wrap\">\n\t\t\t\t\t<\/div>\n    <\/div>\n<\/div>\n<!-- \/module feature -->\n<!-- module text -->\n<div  class=\"module module-text tb_t01o734  repeat \" data-lazy=\"1\">\n        <div  class=\"tb_text_wrap\">\n    <p style=\"text-align: center;\">Categor\u00eda<br \/>Gesti\u00f3n de Procesos<\/p>\n<p style=\"text-align: center;\"><strong>Subvenci\u00f3n m\u00e1xima <br \/><\/strong><strong>6.000\u20ac<\/strong><\/p>\n<p style=\"text-align: center;\"><strong>Importe Kit Arquiconsult<br \/><\/strong><strong>\u00a06.000\u20ac &#8211; 45.000\u20ac<\/strong><\/p>    <\/div>\n<\/div>\n<!-- \/module text --><!-- module text -->\n<div  class=\"module module-text tb_ibck761  repeat \" data-lazy=\"1\">\n        <div  class=\"tb_text_wrap\">\n    <h3 class=\"elementor-flip-box__layer__title\" style=\"text-align: center;\">ARQUICONSULT KIT DIGITAL ERP<\/h3>\n<p style=\"text-align: center;\"><span>Te presentamos nuestra soluci\u00f3n para digitalizar tus procesos con el ERP Business Central<\/span><\/p>    <\/div>\n<\/div>\n<!-- \/module text --><!-- module buttons -->\n<div  class=\"module module-buttons tb_f7jy563 buttons-horizontal transparent  large circle tf_textc\" data-lazy=\"1\">\n    \t<div class=\"module-buttons-item tf_inline_b\">\n\t\t\t\t\t\t\t<a href=\"https:\/\/arquiconsult.com\/es\/kit-digital-erp\/\" class=\"ui builder_button tb_default_color\" >\n\t\t\t\t\t\t\t\t\t\t\t<span class=\"tf_inline_b tf_vmiddle\">M\u00e1s Informaci\u00f3n<\/span>\n\t\t\t\t\t\t\t\t\t\t\t<\/a>\n\t\t\t    \t<\/div>\n\t<\/div>\n<!-- \/module buttons -->\n\t        <\/div>\n\t    \t<\/div>\n\t\t<div  data-lazy=\"1\" class=\"sub_column module_column tf_box col3-1 middle tb_jzo1879 repeat\" > \n\t    \t    \t        <div class=\"tb-column-inner tf_box tf_w\">\n\t\t    <!-- module feature -->\n<div  class=\"module module-feature tb_ngzn879 with-chart layout-icon-top size-small icon-animation wow\" data-tf-animation=\"pulse\" data-lazy=\"1\">\n        <div class=\"module-feature-image tf_textc tf_rel\">\n\t\t\t\t\t\t\t<span class=\"module-feature-chart-html5 tf_box tf_rel tf_inline_b\">\n\t\t\t\t\t\t\t<svg class=\"tf_abs tf_w tf_h\">\n\t\t\t\t<circle class=\"tb_feature_fill\" r=\"calc(50% - 1.00px)\" cx=\"50%\" cy=\"50%\" stroke-width=\"2\"\/>\n\t\t\t\t<circle class=\"tb_feature_stroke\" r=\"calc(50% - 1.00px)\" cx=\"50%\" cy=\"50%\" stroke=\"#c41230\" stroke-width=\"2\" data-progress=\"30\" stroke-dasharray=\"0,10000\"\/>\n\t\t\t\t\t\t\t\t<\/svg>\n\t\t\t\t\t\t\t<span class=\"chart-html5-circle tf_w tf_h\">\n\t\t\t\t\t\t\t\t\t\t\t<img style=\"width:calc(100% - 4px);height:calc(100% - 4px)\" src=\"https:\/\/arquiconsult.com\/wp-content\/uploads\/2021\/11\/Dynamics-365-BC-Dynamics-365-Enterprise-Sales-Microsoft-Dynamics-365-RGPD-Commerce-Microsoft-Dynamics-NAV-Navision-Microsoft-Softwares-1.png\" alt=\"Dynamics 365 BC-Dynamics 365 Marketing-Sales-Microsoft Dynamics 365-RGPD-Commerce-Microsoft Dynamics NAV-Navision-Microsoft-Softwares-Main-Tool\" title=\"-\">\n\t\t\t\t\t\t\t\t\t<\/span>\n\n\t\t\t\t\n\t\t\t<\/span>\n\t\t\t    <\/div>\n    <div class=\"module-feature-content tf_textc\">\n\t\t\t\t<div class=\"tb_text_wrap\">\n\t\t\t\t\t<\/div>\n    <\/div>\n<\/div>\n<!-- \/module feature -->\n<!-- module text -->\n<div  class=\"module module-text tb_t1pc91  repeat \" data-lazy=\"1\">\n        <div  class=\"tb_text_wrap\">\n    <p style=\"text-align: center;\">Categor\u00eda<br \/>Gesti\u00f3n de clientes \u00a0<\/p>\n<p style=\"text-align: center;\"><strong>Subvenci\u00f3n m\u00e1xima<\/strong><br \/><strong>4.000\u20ac<\/strong><\/p>\n<p style=\"text-align: center;\"><strong>Importe Kit Arquiconsult<\/strong><br \/><strong>4.000\u20ac &#8211; 35.000\u20ac<\/strong><\/p>    <\/div>\n<\/div>\n<!-- \/module text --><!-- module text -->\n<div  class=\"module module-text tb_p6dj445  repeat \" data-lazy=\"1\">\n        <div  class=\"tb_text_wrap\">\n    <h3 class=\"elementor-flip-box__layer__title\" style=\"text-align: center;\">ARQUICONSULT KIT DIGITAL CRM<\/h3>\n<p style=\"text-align: center;\"><span>Te presentamos nuestra soluci\u00f3n para digitalizar la gesti\u00f3n de tus clientes con el CRM D365 for Sales<\/span><\/p>    <\/div>\n<\/div>\n<!-- \/module text --><!-- module buttons -->\n<div  class=\"module module-buttons tb_jxmr853 buttons-horizontal transparent  large circle tf_textc\" data-lazy=\"1\">\n    \t<div class=\"module-buttons-item tf_inline_b\">\n\t\t\t\t\t\t\t<a href=\"https:\/\/arquiconsult.com\/es\/kit-digital-crm-microsoft-red-es\/\" class=\"ui builder_button tb_default_color\" >\n\t\t\t\t\t\t\t\t\t\t\t<span class=\"tf_inline_b tf_vmiddle\">M\u00e1s Informaci\u00f3n<\/span>\n\t\t\t\t\t\t\t\t\t\t\t<\/a>\n\t\t\t    \t<\/div>\n\t<\/div>\n<!-- \/module buttons -->\n\t        <\/div>\n\t    \t<\/div>\n\t\t<div  data-lazy=\"1\" class=\"sub_column module_column tf_box col3-1 last tb_8yqt879 repeat\" > \n\t    \t    \t        <div class=\"tb-column-inner tf_box tf_w\">\n\t\t    <!-- module feature -->\n<div  class=\"module module-feature tb_tk4q880 with-chart layout-icon-top size-small icon-animation wow\" data-tf-animation=\"pulse\" data-lazy=\"1\">\n        <div class=\"module-feature-image tf_textc tf_rel\">\n\t\t\t\t\t\t\t<span class=\"module-feature-chart-html5 tf_box tf_rel tf_inline_b\">\n\t\t\t\t\t\t\t<svg class=\"tf_abs tf_w tf_h\">\n\t\t\t\t<circle class=\"tb_feature_fill\" r=\"calc(50% - 1.00px)\" cx=\"50%\" cy=\"50%\" stroke-width=\"2\"\/>\n\t\t\t\t<circle class=\"tb_feature_stroke\" r=\"calc(50% - 1.00px)\" cx=\"50%\" cy=\"50%\" stroke=\"#c41230\" stroke-width=\"2\" data-progress=\"50\" stroke-dasharray=\"0,10000\"\/>\n\t\t\t\t\t\t\t\t<\/svg>\n\t\t\t\t\t\t\t<span class=\"chart-html5-circle tf_w tf_h\">\n\t\t\t\t\t\t\t\t\t\t\t<img style=\"width:calc(100% - 4px);height:calc(100% - 4px)\" src=\"https:\/\/arquiconsult.com\/wp-content\/uploads\/2021\/11\/Dynamics-365-BC-Dynamics-365-Enterprise-Sales-Microsoft-Dynamics-365-RGPD-Commerce-Microsoft-Dynamics-NAV-Navision-Microsoft-Softwares-1.png\" alt=\"Dynamics 365 BC-Dynamics 365 Marketing-Sales-Microsoft Dynamics 365-RGPD-Commerce-Microsoft Dynamics NAV-Navision-Microsoft-Softwares-Main-Tool\" title=\"-\">\n\t\t\t\t\t\t\t\t\t<\/span>\n\n\t\t\t\t\n\t\t\t<\/span>\n\t\t\t    <\/div>\n    <div class=\"module-feature-content tf_textc\">\n\t\t\t\t<div class=\"tb_text_wrap\">\n\t\t\t\t\t<\/div>\n    <\/div>\n<\/div>\n<!-- \/module feature -->\n<!-- module text -->\n<div  class=\"module module-text tb_ypok175  repeat \" data-lazy=\"1\">\n        <div  class=\"tb_text_wrap\">\n    <p style=\"text-align: center;\">\u00a0\u00a0\u00a0\u00a0\u00a0\u00a0 Categor\u00eda<br \/>Gesti\u00f3n de Bi y Analitica<\/p>\n<p style=\"text-align: center;\"><strong>Subvenci\u00f3n m\u00e1xima<\/strong><br \/><strong>4.000\u20ac<\/strong><\/p>\n<p style=\"text-align: center;\"><strong>Importe Kit Arquiconsult<\/strong><br \/><strong>4.000\u20ac &#8211; 15.000\u20ac<\/strong><\/p>    <\/div>\n<\/div>\n<!-- \/module text --><!-- module text -->\n<div  class=\"module module-text tb_ptb1248  repeat \" data-lazy=\"1\">\n        <div  class=\"tb_text_wrap\">\n    <h3 class=\"elementor-flip-box__layer__title\" style=\"text-align: center;\">ARQUICONSULT KIT DIGITAL BI<\/h3>\n<p style=\"text-align: center;\"><span>Te presentamos nuestra soluci\u00f3n para explotar los datos para mejorar la toma de decisiones<\/span><\/p>    <\/div>\n<\/div>\n<!-- \/module text --><!-- module buttons -->\n<div  class=\"module module-buttons tb_5gn342 buttons-horizontal transparent  large circle tf_textc\" data-lazy=\"1\">\n    \t<div class=\"module-buttons-item tf_inline_b\">\n\t\t\t\t\t\t\t<a href=\"https:\/\/arquiconsult.com\/es\/kit-digital-bi\/\" class=\"ui builder_button tb_default_color\" >\n\t\t\t\t\t\t\t\t\t\t\t<span class=\"tf_inline_b tf_vmiddle\">M\u00e1s Informaci\u00f3n<\/span>\n\t\t\t\t\t\t\t\t\t\t\t<\/a>\n\t\t\t    \t<\/div>\n\t<\/div>\n<!-- \/module buttons -->\n\t        <\/div>\n\t    \t<\/div>\n\t\t    <\/div>\n\t<\/div><!-- \/themify_builder_sub_row -->\n\t\t        <\/div>\n\t    \t<\/div>\n\t\t    <\/div>\n\t    <!-- \/row_inner -->\n\t<\/div>\n\t<!-- \/module_row -->\n\t\t<!-- module_row -->\n\t<div  data-lazy=\"1\" class=\"module_row themify_builder_row repeat tb_e46z710 tf_clearfix\" >\n\t    \t\t<div class=\"row_inner col_align_top col-count-1 tf_box tf_w tf_rel\">\n\t\t\t<div  data-lazy=\"1\" class=\"module_column tb-column col-full first tb_ntmc710 tf_box\">\n\t\t\t    \t        <div class=\"tb-column-inner tf_box tf_w\">\n\t\t    <!-- module text -->\n<div  class=\"module module-text tb_r6mc710   \" data-lazy=\"1\">\n        <div  class=\"tb_text_wrap\">\n    <p class=\"elementor-heading-title elementor-size-default\"><strong>\u00bfQuieres m\u00e1s informaci\u00f3n?<\/strong><\/p>    <\/div>\n<\/div>\n<!-- \/module text --><!-- module buttons -->\n<div  class=\"module module-buttons tb_t7py710 buttons-horizontal transparent popmake-38922 large circle tf_textc hover-wow\" data-tf-animation_hover=\"pulse\" data-lazy=\"1\">\n    \t<div class=\"module-buttons-item tf_inline_b\">\n\t\t\t\t\t\t\t<a href=\"#\" class=\"ui builder_button transparent\" >\n\t\t\t\t\t\t\t\t\t\t\t<span class=\"tf_inline_b tf_vmiddle\">Cont\u00e1ctenos<\/span>\n\t\t\t\t\t\t\t\t\t\t\t<\/a>\n\t\t\t    \t<\/div>\n\t<\/div>\n<!-- \/module buttons -->\n\t        <\/div>\n\t    \t<\/div>\n\t\t    <\/div>\n\t    <!-- \/row_inner -->\n\t<\/div>\n\t<!-- \/module_row -->\n\t\t<!-- module_row -->\n\t<div  data-anchor=\"clientes\" data-hide-anchor=\"1\" data-lazy=\"1\" class=\"module_row themify_builder_row clientes repeat tb_has_section tb_section-clientes tb_ja9s893 tf_clearfix\" >\n\t    \t\t<div class=\"row_inner col_align_top col-count-1 tf_box tf_w tf_rel\">\n\t\t\t<div  data-lazy=\"1\" class=\"module_column tb-column col-full first tb_n4nh894 tf_box\">\n\t\t\t    \t        <div class=\"tb-column-inner tf_box tf_w\">\n\t\t    <!-- module text -->\n<div  class=\"module module-text tb_hnbv894   \" data-lazy=\"1\">\n        <div  class=\"tb_text_wrap\">\n    <h2>Powered By<\/h2>    <\/div>\n<\/div>\n<!-- \/module text --><div  class=\"module tf_clearfix themify_builder_slider_wrap module-slider tb_i610894  slider-default themify_builder_slider_vertical \" data-lazy=\"1\">\n        <div class=\"themify_builder_slider tf_carousel tf_swiper-container tf_rel tf_overflow\" data-lazy=\"1\"\t\t    data-tbreakpoints=\"1280\"\n\t\t    data-mbreakpoints=\"680\"\n\tdata-visible=\"4\"\n\tdata-tab-visible=\"0\"\n\tdata-mob-visible=\"0\"\n\tdata-scroll=\"4\"\n\t\t    \t\t\t    data-nav_out=\"1\"\n\t\t    \t\t    \tdata-speed=\"1\"\n\tdata-wrapvar=\"1\"\n\tdata-slider_nav=\"1\"\n\tdata-pager=\"0\"\n\tdata-effect=\"scroll\" \n\tdata-height=\"variable\"\n\tdata-horizontal=\"0\"\n\t\t    data-css_url=\"https:\/\/arquiconsult.com\/wp-content\/themes\/themify-ultra\/themify\/themify-builder\/css\/modules\/sliders\/carousel.css,https:\/\/arquiconsult.com\/wp-content\/themes\/themify-ultra\/themify\/themify-builder\/css\/modules\/sliders\/slider.css\"\n\t>\n\t\t    <div class=\"tf_swiper-wrapper tf_lazy tf_rel tf_w tf_h tf_textc\">\n\t        <!-- module slider image -->\n\n                     <div class=\"tf_swiper-slide\">\n            <div class=\"slide-inner-wrap\" style=\"margin-left:55px;margin-right:55px;\">\n                                    <div class=\"tf_rel tf_lazy slide-image\">\n                                                                            <img loading=\"lazy\" width=\"354\" height=\"250\" src=\"https:\/\/arquiconsult.com\/wp-content\/uploads\/2022\/02\/arquiconsult_logo1.png\" class=\"wp-post-image wp-image-39008\" title=\"arquiconsult_logo1\" alt=\"arquiconsult_logo1\">                                            <\/div><!-- \/slide-image -->\n                \n                            <\/div>\n        <\/div>\n    \t\t    <\/div>\n    <\/div>\n<\/div>\n\t        <\/div>\n\t    \t<\/div>\n\t\t    <\/div>\n\t    <!-- \/row_inner -->\n\t<\/div>\n\t<!-- \/module_row -->\n\t<\/div>\n<!--\/themify_builder_content-->","protected":false},"excerpt":{"rendered":"<p>KIT DIGITAL &#8211; Soluci\u00f3n oficial de Microsoft Te presentamos nuestras soluciones subvencionables con el Kit Digital de Red.es Soluci\u00f3n oficial de Microsoft Que es Kit Digital El Kit Digital es una iniciativa del Gobierno de Espa\u00f1a. Es un plan de ayudas cuya financiaci\u00f3n se efect\u00faa con fondos del Plan de Recuperaci\u00f3n, Transformaci\u00f3n y Resiliencia de [&hellip;]<\/p>\n","protected":false},"author":4,"featured_media":0,"parent":0,"menu_order":0,"comment_status":"closed","ping_status":"closed","template":"","meta":[],"acf":[],"_links":{"self":[{"href":"https:\/\/arquiconsult.com\/es\/wp-json\/wp\/v2\/pages\/38900"}],"collection":[{"href":"https:\/\/arquiconsult.com\/es\/wp-json\/wp\/v2\/pages"}],"about":[{"href":"https:\/\/arquiconsult.com\/es\/wp-json\/wp\/v2\/types\/page"}],"author":[{"embeddable":true,"href":"https:\/\/arquiconsult.com\/es\/wp-json\/wp\/v2\/users\/4"}],"replies":[{"embeddable":true,"href":"https:\/\/arquiconsult.com\/es\/wp-json\/wp\/v2\/comments?post=38900"}],"version-history":[{"count":0,"href":"https:\/\/arquiconsult.com\/es\/wp-json\/wp\/v2\/pages\/38900\/revisions"}],"wp:attachment":[{"href":"https:\/\/arquiconsult.com\/es\/wp-json\/wp\/v2\/media?parent=38900"}],"curies":[{"name":"wp","href":"https:\/\/api.w.org\/{rel}","templated":true}]}}