{"id":39053,"date":"2022-02-11T14:02:54","date_gmt":"2022-02-11T14:02:54","guid":{"rendered":"https:\/\/arquiconsult.com\/?page_id=39053"},"modified":"2024-11-20T10:23:24","modified_gmt":"2024-11-20T10:23:24","slug":"kit-digital-bi","status":"publish","type":"page","link":"https:\/\/arquiconsult.com\/es\/kit-digital-bi\/","title":{"rendered":"Kit Digital BI"},"content":{"rendered":"<!--themify_builder_content-->\n<div id=\"themify_builder_content-39053\" data-postid=\"39053\" class=\"themify_builder_content themify_builder_content-39053 themify_builder tf_clear\">\n    \t<!-- module_row -->\n\t<div  data-css_id=\"u0ap495\" data-lazy=\"1\" class=\"module_row themify_builder_row fullcover fullwidth_row_container tb_u0ap495 tb_first tf_clearfix\" >\n\t    <div class=\"builder_row_cover tf_abs\"><\/div>\t\t<div class=\"row_inner col_align_middle col-count-1 tf_box tf_w tf_rel\"  data-basecol=\"1\" data-col_tablet=\"column-full\" data-col_mobile=\"column-full\">\n\t\t\t<div  data-lazy=\"1\" class=\"module_column tb-column col-full first tb_4ldl496 repeat tf_box\">\n\t\t\t    \t        <div class=\"tb-column-inner tf_box tf_w\">\n\t\t    <!-- module image -->\n<div  class=\"module module-image tb_nyfh496   image-top tf_mw\" data-lazy=\"1\">\n        <div class=\"image-wrap tf_rel tf_mw\">\n\t\t    <img loading=\"lazy\" src=\"https:\/\/arquiconsult.com\/wp-content\/uploads\/2022\/02\/Logo-digitalizadores-1536x178-1-900x104.png\" width=\"900\" height=\"104\" class=\"wp-post-image wp-image-38909\" title=\"Logo-digitalizadores-1536x178\" alt=\"Logo-digitalizadores-1536x178-Kit Digital CRM\">\t\n\t\t<\/div>\n\t<!-- \/image-wrap -->\n    \n    \t<\/div>\n<!-- \/module image --><!-- module fancy heading -->\n<!--\/* $fields_args['heading_tag']  CODIGO QUE SAIU * \/-->\n<div  class=\"module module-fancy-heading tb_7qp8496 titulo-suporte tb_hide_divider\" data-lazy=\"1\">\n        <h1  class=\"fancy-heading tf_textc\">\n    <span class=\"main-head tf_block\">\n\t\t\t\t\tKit Digital BI\t\t    <\/span>\n\n\t\n    <span class=\"sub-head tf_block tf_rel\">\n\t\t\t\t\t\t\t    <\/span>\n    <\/h1>\n<\/div>\n<!-- \/module fancy heading -->\n<!-- module text -->\n<div  class=\"module module-text tb_rtd1759  repeat \" data-lazy=\"1\">\n        <div  class=\"tb_text_wrap\">\n    <div class=\"elementor-element elementor-element-194590b elementor-widget elementor-widget-heading\" data-id=\"194590b\" data-element_type=\"widget\" data-widget_type=\"heading.default\">\n<div class=\"elementor-widget-container\">\n<p class=\"elementor-headline\" style=\"text-align: center;\"><span class=\"elementor-headline-plain-text elementor-headline-text-wrapper\">Power BI subvencionable con el<\/span><span>\u00a0<\/span><span class=\"elementor-headline-dynamic-wrapper elementor-headline-text-wrapper\"><span class=\"elementor-headline-dynamic-text elementor-headline-text-active\">Kit Digita<\/span><\/span><span>\u00a0<\/span><span class=\"elementor-headline-plain-text elementor-headline-text-wrapper\">de Red.es<\/span><\/p>\n<\/div>\n<\/div>    <\/div>\n<\/div>\n<!-- \/module text -->\t        <\/div>\n\t    \t<\/div>\n\t\t    <\/div>\n\t    <!-- \/row_inner -->\n\t<\/div>\n\t<!-- \/module_row -->\n\t\t<!-- module_row -->\n\t<div  data-css_id=\"cpno222\" data-lazy=\"1\" class=\"module_row themify_builder_row repeat fullwidth_row_container tb_cpno222 tf_clearfix\" >\n\t    \t\t<div class=\"row_inner col_align_top col-count-1 tf_box tf_w tf_rel\">\n\t\t\t<div  data-lazy=\"1\" class=\"module_column tb-column col-full first tb_v0pd222 tf_box\">\n\t\t\t    \t        <div class=\"tb-column-inner tf_box tf_w\">\n\t\t    \t<div  data-lazy=\"1\" class=\"module_subrow themify_builder_sub_row tb_attx223 tf_w tf_clearfix\">\n\t    \t\t<div class=\"subrow_inner col_align_top col-count-1 tf_box tf_w\">\n\t\t\t<div  data-lazy=\"1\" class=\"sub_column module_column tf_box col-full first tb_lj1z223\" > \n\t    \t    \t        <div class=\"tb-column-inner tf_box tf_w\">\n\t\t    <!-- module text -->\n<div  class=\"module module-text tb_0cxm223   \" data-lazy=\"1\">\n        <div  class=\"tb_text_wrap\">\n    <p style=\"text-align: center;\">El objetivo de esta categor\u00eda es posibilitarte la explotaci\u00f3n de datos de tu empresa para la mejora del proceso de toma de decisiones.<\/p>\n    <\/div>\n<\/div>\n<!-- \/module text -->\t        <\/div>\n\t    \t<\/div>\n\t\t    <\/div>\n\t<\/div><!-- \/themify_builder_sub_row -->\n\t\t        <\/div>\n\t    \t<\/div>\n\t\t    <\/div>\n\t    <!-- \/row_inner -->\n\t<\/div>\n\t<!-- \/module_row -->\n\t\t<!-- module_row -->\n\t<div  data-hide-anchor=\"1\" data-lazy=\"1\" class=\"module_row themify_builder_row repeat tb_t2ex467 tf_clearfix\" >\n\t    \t\t<div class=\"row_inner col_align_top col-count-1 tf_box tf_w tf_rel\">\n\t\t\t<div  data-lazy=\"1\" class=\"module_column tb-column col-full first tb_naos469 tf_box\">\n\t\t\t    \t        <div class=\"tb-column-inner tf_box tf_w\">\n\t\t    \t<div  data-lazy=\"1\" class=\"module_subrow themify_builder_sub_row tb_bq2b469 tf_w tf_clearfix wow\" data-tf-animation=\"slideInUp\">\n\t    \t\t<div class=\"subrow_inner col_align_top col-count-1 tf_box tf_w\"  data-basecol=\"1\" data-col_mobile=\"column-full\">\n\t\t\t<div  data-lazy=\"1\" class=\"sub_column module_column tf_box col-full first tb_9ogt470\" > \n\t    \t    \t        <div class=\"tb-column-inner tf_box tf_w\">\n\t\t    <!-- module text -->\n<div  class=\"module module-text tb_056i471   \" data-lazy=\"1\">\n        <div  class=\"tb_text_wrap\">\n    <p><!-- wp:paragraph --><\/p>\n<div class=\"elementor-element elementor-element-67e94a1 elementor-widget elementor-widget-heading\" data-id=\"67e94a1\" data-element_type=\"widget\" data-widget_type=\"heading.default\">\n<div class=\"elementor-widget-container\">\n<p style=\"color: black; text-align: left;\"><b>FUNCIONALIDADES Y SERVICIOS<\/b><\/p>\n<ul>\n<li><strong>Integraci\u00f3n de datos con otras bases de datos:\u00a0<\/strong>tendr\u00e1s acceso a otras bases de datos y a la realizaci\u00f3n de comparaciones con los datos expuestos.<\/li>\n<li><strong>Almacenamiento de datos:\u00a0<\/strong>dispondr\u00e1s de una capacidad de almacenamiento como m\u00ednimo de 1 GB por usuario.<\/li>\n<li><strong>Creaci\u00f3n de paneles de datos estructurados y visuales:<\/strong>contar\u00e1s con paneles de datos personalizados con datos relevantes y distintas formas de visualizaci\u00f3n.<\/li>\n<li><strong>Exportaci\u00f3n de datos:\u00a0<\/strong>podr\u00e1s exportar datos a im\u00e1genes o a documentos de Excel, creando sinergias y compatibilidades con distintos programas que utilices com\u00fanmente.<\/li>\n<\/ul>\n<\/div>\n<\/div>    <\/div>\n<\/div>\n<!-- \/module text -->\t        <\/div>\n\t    \t<\/div>\n\t\t    <\/div>\n\t<\/div><!-- \/themify_builder_sub_row -->\n\t\t        <\/div>\n\t    \t<\/div>\n\t\t    <\/div>\n\t    <!-- \/row_inner -->\n\t<\/div>\n\t<!-- \/module_row -->\n\t\t<!-- module_row -->\n\t<div  data-lazy=\"1\" class=\"module_row themify_builder_row repeat tb_eg7p642 tf_clearfix\" >\n\t    \t\t<div class=\"row_inner col_align_top col-count-1 tf_box tf_w tf_rel\">\n\t\t\t<div  data-lazy=\"1\" class=\"module_column tb-column col-full first tb_h9a0643 tf_box\">\n\t\t\t    \t        <div class=\"tb-column-inner tf_box tf_w\">\n\t\t    <!-- module text -->\n<div  class=\"module module-text tb_ehi9644  repeat \" data-lazy=\"1\">\n        <div  class=\"tb_text_wrap\">\n    <h2>IMPORTE M\u00c1XIMO DE LA AYUDA<\/h2>    <\/div>\n<\/div>\n<!-- \/module text -->\t        <\/div>\n\t    \t<\/div>\n\t\t    <\/div>\n\t    <!-- \/row_inner -->\n\t<\/div>\n\t<!-- \/module_row -->\n\t\t<!-- module_row -->\n\t<div  data-css_id=\"qv16647\" data-lazy=\"1\" class=\"module_row themify_builder_row repeat fullwidth_row_container tb_qv16647 tf_clearfix\" >\n\t    \t\t<div class=\"row_inner col_align_top col-count-1 tf_box tf_w tf_rel\">\n\t\t\t<div  data-lazy=\"1\" class=\"module_column tb-column col-full first tb_urb4648 tf_box\">\n\t\t\t    \t        <div class=\"tb-column-inner tf_box tf_w\">\n\t\t    \t<div  data-lazy=\"1\" class=\"module_subrow themify_builder_sub_row tb_jovq649 tf_w tf_clearfix\">\n\t    \t\t<div class=\"subrow_inner col_align_top gutter-narrow col-count-3 tf_box tf_w\"  data-basecol=\"3\" data-col_mobile=\"column-full\">\n\t\t\t<div  data-lazy=\"1\" class=\"sub_column module_column tf_box col3-1 first tb_bdb0649 repeat\" > \n\t    \t    \t        <div class=\"tb-column-inner tf_box tf_w\">\n\t\t    <!-- module image -->\n<div  class=\"module module-image tb_c2gy650   image-center tf_mw\" data-lazy=\"1\">\n        <div class=\"image-wrap tf_rel tf_mw\">\n\t\t    <img loading=\"lazy\" src=\"https:\/\/arquiconsult.com\/wp-content\/uploads\/2021\/11\/Dynamics-365-BC-Dynamics-365-Enterprise-Sales-Microsoft-Dynamics-365-RGPD-Commerce-Microsoft-Dynamics-NAV-Navision-Microsoft-Softwares-3-90x90.png\" width=\"90\" height=\"90\" class=\"wp-post-image wp-image-31143\" title=\"-Dynamics 365 BC-Dynamics 365 Enterprise-Sales-Microsoft Dynamics 365-RGPD-Commerce-Microsoft Dynamics NAV-Navision-Microsoft-Softwares\" alt=\"-Dynamics 365 BC-Dynamics 365 Enterprise-Sales-Microsoft Dynamics 365-RGPD-Commerce-Microsoft Dynamics NAV-Navision-Microsoft-Softwares-Kit digital BI-kit Digital ERP\">\t\n\t\t<\/div>\n\t<!-- \/image-wrap -->\n    \n    \t<\/div>\n<!-- \/module image --><!-- module text -->\n<div  class=\"module module-text tb_qkgu650  repeat \" data-lazy=\"1\">\n        <div  class=\"tb_text_wrap\">\n    <p style=\"text-align: center;\">0 &lt; 3 empleados: 1.500\u20ac (incluye 1 usuario)<\/p>    <\/div>\n<\/div>\n<!-- \/module text -->\t        <\/div>\n\t    \t<\/div>\n\t\t<div  data-lazy=\"1\" class=\"sub_column module_column tf_box col3-1 middle tb_rno8650 repeat\" > \n\t    \t    \t        <div class=\"tb-column-inner tf_box tf_w\">\n\t\t    <!-- module image -->\n<div  class=\"module module-image tb_h473651   image-center tf_mw\" data-lazy=\"1\">\n        <div class=\"image-wrap tf_rel tf_mw\">\n\t\t    <img loading=\"lazy\" src=\"https:\/\/arquiconsult.com\/wp-content\/uploads\/2021\/11\/Dynamics-365-BC-Dynamics-365-Enterprise-Sales-Microsoft-Dynamics-365-RGPD-Commerce-Microsoft-Dynamics-NAV-Navision-Microsoft-Softwares-3-90x90.png\" width=\"90\" height=\"90\" class=\"wp-post-image wp-image-31143\" title=\"-Dynamics 365 BC-Dynamics 365 Enterprise-Sales-Microsoft Dynamics 365-RGPD-Commerce-Microsoft Dynamics NAV-Navision-Microsoft-Softwares\" alt=\"-Dynamics 365 BC-Dynamics 365 Enterprise-Sales-Microsoft Dynamics 365-RGPD-Commerce-Microsoft Dynamics NAV-Navision-Microsoft-Softwares-Kit digital BI-kit Digital ERP\">\t\n\t\t<\/div>\n\t<!-- \/image-wrap -->\n    \n    \t<\/div>\n<!-- \/module image --><!-- module text -->\n<div  class=\"module module-text tb_qiz7651  repeat \" data-lazy=\"1\">\n        <div  class=\"tb_text_wrap\">\n    <p style=\"text-align: center;\">3 &lt; 9 empleados: 2.000\u20ac (incluye 1 usuario)<\/p>    <\/div>\n<\/div>\n<!-- \/module text -->\t        <\/div>\n\t    \t<\/div>\n\t\t<div  data-lazy=\"1\" class=\"sub_column module_column tf_box col3-1 last tb_u82a651\" > \n\t    \t    \t        <div class=\"tb-column-inner tf_box tf_w\">\n\t\t    <!-- module image -->\n<div  class=\"module module-image tb_pv7b652   image-center tf_mw\" data-lazy=\"1\">\n        <div class=\"image-wrap tf_rel tf_mw\">\n\t\t    <img loading=\"lazy\" src=\"https:\/\/arquiconsult.com\/wp-content\/uploads\/2021\/11\/Dynamics-365-BC-Dynamics-365-Enterprise-Sales-Microsoft-Dynamics-365-RGPD-Commerce-Microsoft-Dynamics-NAV-Navision-Microsoft-Softwares-3-90x90.png\" width=\"90\" height=\"90\" class=\"wp-post-image wp-image-31143\" title=\"-Dynamics 365 BC-Dynamics 365 Enterprise-Sales-Microsoft Dynamics 365-RGPD-Commerce-Microsoft Dynamics NAV-Navision-Microsoft-Softwares\" alt=\"-Dynamics 365 BC-Dynamics 365 Enterprise-Sales-Microsoft Dynamics 365-RGPD-Commerce-Microsoft Dynamics NAV-Navision-Microsoft-Softwares-Kit digital BI-kit Digital ERP\">\t\n\t\t<\/div>\n\t<!-- \/image-wrap -->\n    \n    \t<\/div>\n<!-- \/module image --><!-- module text -->\n<div  class=\"module module-text tb_tino652  repeat \" data-lazy=\"1\">\n        <div  class=\"tb_text_wrap\">\n    <p style=\"text-align: center;\">10 &lt; 50 empleados: 4.000\u20ac (incluye 3 usuarios)<\/p>    <\/div>\n<\/div>\n<!-- \/module text -->\t        <\/div>\n\t    \t<\/div>\n\t\t    <\/div>\n\t<\/div><!-- \/themify_builder_sub_row -->\n\t\t        <\/div>\n\t    \t<\/div>\n\t\t    <\/div>\n\t    <!-- \/row_inner -->\n\t<\/div>\n\t<!-- \/module_row -->\n\t\t<!-- module_row -->\n\t<div  data-lazy=\"1\" class=\"module_row themify_builder_row repeat tb_e46z710 tf_clearfix\" >\n\t    \t\t<div class=\"row_inner col_align_top col-count-1 tf_box tf_w tf_rel\">\n\t\t\t<div  data-lazy=\"1\" class=\"module_column tb-column col-full first tb_ntmc710 tf_box\">\n\t\t\t    \t        <div class=\"tb-column-inner tf_box tf_w\">\n\t\t    <!-- module text -->\n<div  class=\"module module-text tb_r6mc710   \" data-lazy=\"1\">\n        <div  class=\"tb_text_wrap\">\n    <p class=\"elementor-heading-title elementor-size-default\"><strong>\u00bfQuieres m\u00e1s informaci\u00f3n?<\/strong><\/p>    <\/div>\n<\/div>\n<!-- \/module text --><!-- module buttons -->\n<div  class=\"module module-buttons tb_t7py710 buttons-horizontal transparent popmake-38922 large circle tf_textc hover-wow\" data-tf-animation_hover=\"pulse\" data-lazy=\"1\">\n    \t<div class=\"module-buttons-item tf_inline_b\">\n\t\t\t\t\t\t\t<a href=\"#\" class=\"ui builder_button transparent\" >\n\t\t\t\t\t\t\t\t\t\t\t<span class=\"tf_inline_b tf_vmiddle\">Cont\u00e1ctenos<\/span>\n\t\t\t\t\t\t\t\t\t\t\t<\/a>\n\t\t\t    \t<\/div>\n\t<\/div>\n<!-- \/module buttons -->\n\t        <\/div>\n\t    \t<\/div>\n\t\t    <\/div>\n\t    <!-- \/row_inner -->\n\t<\/div>\n\t<!-- \/module_row -->\n\t\t<!-- module_row -->\n\t<div  data-anchor=\"clientes\" data-hide-anchor=\"1\" data-lazy=\"1\" class=\"module_row themify_builder_row clientes repeat tb_has_section tb_section-clientes tb_bldp162 tf_clearfix\" >\n\t    \t\t<div class=\"row_inner col_align_top col-count-1 tf_box tf_w tf_rel\">\n\t\t\t<div  data-lazy=\"1\" class=\"module_column tb-column col-full first tb_fli3162 tf_box\">\n\t\t\t    \t        <div class=\"tb-column-inner tf_box tf_w\">\n\t\t    <!-- module text -->\n<div  class=\"module module-text tb_5lks162   \" data-lazy=\"1\">\n        <div  class=\"tb_text_wrap\">\n    <h2>Powered By<\/h2>    <\/div>\n<\/div>\n<!-- \/module text --><div  class=\"module tf_clearfix themify_builder_slider_wrap module-slider tb_ik5a162  slider-default themify_builder_slider_vertical \" data-lazy=\"1\">\n        <div class=\"themify_builder_slider tf_carousel tf_swiper-container tf_rel tf_overflow\" data-lazy=\"1\"\t\t    data-tbreakpoints=\"1280\"\n\t\t    data-mbreakpoints=\"680\"\n\tdata-visible=\"4\"\n\tdata-tab-visible=\"0\"\n\tdata-mob-visible=\"0\"\n\tdata-scroll=\"4\"\n\t\t    \t\t\t    data-nav_out=\"1\"\n\t\t    \t\t    \tdata-speed=\"1\"\n\tdata-wrapvar=\"1\"\n\tdata-slider_nav=\"1\"\n\tdata-pager=\"0\"\n\tdata-effect=\"scroll\" \n\tdata-height=\"variable\"\n\tdata-horizontal=\"0\"\n\t\t    data-css_url=\"https:\/\/arquiconsult.com\/wp-content\/themes\/themify-ultra\/themify\/themify-builder\/css\/modules\/sliders\/carousel.css,https:\/\/arquiconsult.com\/wp-content\/themes\/themify-ultra\/themify\/themify-builder\/css\/modules\/sliders\/slider.css\"\n\t>\n\t\t    <div class=\"tf_swiper-wrapper tf_lazy tf_rel tf_w tf_h tf_textc\">\n\t        <!-- module slider image -->\n\n                     <div class=\"tf_swiper-slide\">\n            <div class=\"slide-inner-wrap\" style=\"margin-left:55px;margin-right:55px;\">\n                                    <div class=\"tf_rel tf_lazy slide-image\">\n                                                                            <img loading=\"lazy\" width=\"354\" height=\"250\" src=\"https:\/\/arquiconsult.com\/wp-content\/uploads\/2022\/02\/arquiconsult_logo1.png\" class=\"wp-post-image wp-image-39008\" title=\"arquiconsult_logo1\" alt=\"arquiconsult_logo1\">                                            <\/div><!-- \/slide-image -->\n                \n                            <\/div>\n        <\/div>\n    \t\t    <\/div>\n    <\/div>\n<\/div>\n\t        <\/div>\n\t    \t<\/div>\n\t\t    <\/div>\n\t    <!-- \/row_inner -->\n\t<\/div>\n\t<!-- \/module_row -->\n\t\t<!-- module_row -->\n\t<div  data-lazy=\"1\" class=\"module_row themify_builder_row tb_r20h611 tf_clearfix\" >\n\t    \t\t<div class=\"row_inner col_align_top col-count-1 tf_box tf_w tf_rel\">\n\t\t\t<div  data-lazy=\"1\" class=\"module_column tb-column col-full first tb_2p5v611 tf_box\">\n\t\t\t    \t        <div class=\"tb-column-inner tf_box tf_w\">\n\t\t    <!-- module buttons -->\n<div  class=\"module module-buttons tb_pr9k611 buttons-horizontal transparent  large circle tf_textc wow\" data-tf-animation=\"pulse\" data-lazy=\"1\">\n    \t<div class=\"module-buttons-item tf_inline_b\">\n\t\t\t\t\t\t\t<a href=\"https:\/\/arquiconsult.com\/es\/kit-digital-microsoft-red-es\/\" class=\"ui builder_button tb_default_color\" >\n\t\t\t\t\t\t\t\t\t\t\t<span class=\"tf_inline_b tf_vmiddle\">Regreso<\/span>\n\t\t\t\t\t\t\t\t\t\t\t<\/a>\n\t\t\t    \t<\/div>\n\t<\/div>\n<!-- \/module buttons -->\n\t        <\/div>\n\t    \t<\/div>\n\t\t    <\/div>\n\t    <!-- \/row_inner -->\n\t<\/div>\n\t<!-- \/module_row -->\n\t<\/div>\n<!--\/themify_builder_content-->","protected":false},"excerpt":{"rendered":"<p>Kit Digital BI Power BI subvencionable con el\u00a0Kit Digita\u00a0de Red.es El objetivo de esta categor\u00eda es posibilitarte la explotaci\u00f3n de datos de tu empresa para la mejora del proceso de toma de decisiones. FUNCIONALIDADES Y SERVICIOS Integraci\u00f3n de datos con otras bases de datos:\u00a0tendr\u00e1s acceso a otras bases de datos y a la realizaci\u00f3n de [&hellip;]<\/p>\n","protected":false},"author":4,"featured_media":0,"parent":0,"menu_order":0,"comment_status":"closed","ping_status":"closed","template":"","meta":[],"acf":[],"_links":{"self":[{"href":"https:\/\/arquiconsult.com\/es\/wp-json\/wp\/v2\/pages\/39053"}],"collection":[{"href":"https:\/\/arquiconsult.com\/es\/wp-json\/wp\/v2\/pages"}],"about":[{"href":"https:\/\/arquiconsult.com\/es\/wp-json\/wp\/v2\/types\/page"}],"author":[{"embeddable":true,"href":"https:\/\/arquiconsult.com\/es\/wp-json\/wp\/v2\/users\/4"}],"replies":[{"embeddable":true,"href":"https:\/\/arquiconsult.com\/es\/wp-json\/wp\/v2\/comments?post=39053"}],"version-history":[{"count":0,"href":"https:\/\/arquiconsult.com\/es\/wp-json\/wp\/v2\/pages\/39053\/revisions"}],"wp:attachment":[{"href":"https:\/\/arquiconsult.com\/es\/wp-json\/wp\/v2\/media?parent=39053"}],"curies":[{"name":"wp","href":"https:\/\/api.w.org\/{rel}","templated":true}]}}