{"id":41046,"date":"2022-09-13T16:28:45","date_gmt":"2022-09-13T15:28:45","guid":{"rendered":"https:\/\/arquiconsult.com\/?page_id=41046"},"modified":"2025-12-02T16:30:59","modified_gmt":"2025-12-02T16:30:59","slug":"navitrans-transitarios","status":"publish","type":"page","link":"https:\/\/arquiconsult.com\/es\/navitrans-transitarios\/","title":{"rendered":"Navitrans Transitarios"},"content":{"rendered":"<!--themify_builder_content-->\n<div id=\"themify_builder_content-41046\" data-postid=\"41046\" class=\"themify_builder_content themify_builder_content-41046 themify_builder tf_clear\">\n    \t<!-- module_row -->\n\t<div  data-css_id=\"cj26284\" data-lazy=\"1\" class=\"module_row themify_builder_row fullcover fullwidth_row_container tb_cj26284 tb_first tf_clearfix\" >\n\t    <div class=\"builder_row_cover tf_abs\"><\/div>\t\t<div class=\"row_inner col_align_middle col-count-2 tf_box tf_w tf_rel\"  data-basecol=\"2\" data-col_tablet=\"column-full\" data-col_mobile=\"column-full\">\n\t\t\t<div  data-lazy=\"1\" style=\"width: 90.86%\" class=\"module_column tb-column col3-2 first tb_6d2a284 tf_box\">\n\t\t\t    \t        <div class=\"tb-column-inner tf_box tf_w\">\n\t\t    <!-- module text -->\n<div  class=\"module module-text tb_pybd284  repeat \" data-lazy=\"1\">\n        <div  class=\"tb_text_wrap\">\n    <h4>Arquiconsult.com \/ Sectores \/ Transporte y log\u00edstica \/ Navitrans Transitarios<\/h4>    <\/div>\n<\/div>\n<!-- \/module text --><!-- module fancy heading -->\n<!--\/* $fields_args['heading_tag']  CODIGO QUE SAIU * \/-->\n<div  class=\"module module-fancy-heading tb_w604284 titulo-suporte tb_hide_divider\" data-lazy=\"1\">\n        <h1  class=\"fancy-heading tf_textl\">\n    <span class=\"main-head tf_block\">\n\t\t\t\t\tNavitrans Transitarios\t\t    <\/span>\n\n\t\n    <span class=\"sub-head tf_block tf_rel\">\n\t\t\t\t\t\t\t    <\/span>\n    <\/h1>\n<\/div>\n<!-- \/module fancy heading -->\n<!-- module text -->\n<div  class=\"module module-text tb_ccbw284   \" data-lazy=\"1\">\n        <div  class=\"tb_text_wrap\">\n    <h4>El m\u00f3dulo Navitrans Transitarios es un sistema de gesti\u00f3n de mercanc\u00edas (FMS) de f\u00e1cil uso.<\/h4>    <\/div>\n<\/div>\n<!-- \/module text -->\t        <\/div>\n\t    \t<\/div>\n\t\t<div  data-lazy=\"1\" style=\"width: 5.94%\" class=\"module_column tb-column col3-1 last tb_rmmp284 tf_box\">\n\t\t\t    \t<\/div>\n\t\t    <\/div>\n\t    <!-- \/row_inner -->\n\t<\/div>\n\t<!-- \/module_row -->\n\t\t<!-- module_row -->\n\t<div  data-css_id=\"pi23393\" data-lazy=\"1\" class=\"module_row themify_builder_row fullcover fullwidth tb_pi23393 tf_clearfix wow\" data-tf-animation=\"pulse\" >\n\t    \t\t<div class=\"row_inner col_align_top col-count-1 tf_box tf_w tf_rel\">\n\t\t\t<div  data-lazy=\"1\" class=\"module_column tb-column col-full first tb_ltav393 tf_box\">\n\t\t\t    \t        <div class=\"tb-column-inner tf_box tf_w\">\n\t\t    <!-- module text -->\n<div  class=\"module module-text tb_64ej393  repeat \" data-lazy=\"1\">\n        <div  class=\"tb_text_wrap\">\n    <h2>Navitrans Transitarios<\/h2>    <\/div>\n<\/div>\n<!-- \/module text --><!-- module text -->\n<div  class=\"module module-text tb_vm4i393  repeat \" data-lazy=\"1\">\n        <div  class=\"tb_text_wrap\">\n    <p style=\"text-align: center;\">Este m\u00f3dulo es un sistema de gesti\u00f3n de f\u00e1cil manejo (FMS) que automatiza, estructura y optimiza los procesos log\u00edsticos de las empresas de transporte de mercanc\u00edas. \u00bfEl resultado? Un trabajo m\u00e1s r\u00e1pido, eficiente y centrado.<\/p>    <\/div>\n<\/div>\n<!-- \/module text -->\t        <\/div>\n\t    \t<\/div>\n\t\t    <\/div>\n\t    <!-- \/row_inner -->\n\t<\/div>\n\t<!-- \/module_row -->\n\t\t<!-- module_row -->\n\t<div  data-anchor=\"support\" data-hide-anchor=\"1\" data-lazy=\"1\" class=\"module_row themify_builder_row repeat tb_has_section tb_section-support tb_3e1t38 tf_clearfix\" >\n\t    \t\t<div class=\"row_inner col_align_top col-count-1 tf_box tf_w tf_rel\">\n\t\t\t<div  data-lazy=\"1\" class=\"module_column tb-column col-full first tb_ip9d38 tf_box\">\n\t\t\t    \t        <div class=\"tb-column-inner tf_box tf_w\">\n\t\t    \t<div  data-lazy=\"1\" class=\"module_subrow themify_builder_sub_row tb_ac8g39 tf_w tf_clearfix\">\n\t    \t\t<div class=\"subrow_inner col_align_top col-count-1 tf_box tf_w\">\n\t\t\t<div  data-lazy=\"1\" class=\"sub_column module_column tf_box col-full first tb_esfz39\"> \n\t    \t    \t        <div class=\"tb-column-inner tf_box tf_w\">\n\t\t    <!-- module text -->\n<div  class=\"module module-text tb_tdrq39  repeat \" data-lazy=\"1\">\n        <div  class=\"tb_text_wrap\">\n    <h2>\u00bfQu\u00e9 se puede esperar de un software de gesti\u00f3n del tr\u00e1fico como Navitrans?<\/h2>    <\/div>\n<\/div>\n<!-- \/module text -->\t        <\/div>\n\t    \t<\/div>\n\t\t    <\/div>\n\t<\/div><!-- \/themify_builder_sub_row -->\n\t\t        <\/div>\n\t    \t<\/div>\n\t\t    <\/div>\n\t    <!-- \/row_inner -->\n\t<\/div>\n\t<!-- \/module_row -->\n\t\t<!-- module_row -->\n\t<div  data-desktop-padding=\"20px,20px\" data-css_id=\"qud9767\" data-lazy=\"1\" class=\"module_row themify_builder_row repeat fullwidth_row_container tb_qud9767 tf_clearfix\" >\n\t    \t\t<div class=\"row_inner col_align_top col-count-4 tf_box tf_w tf_rel\"  data-basecol=\"4\" data-col_mobile=\"column-full\">\n\t\t\t<div  data-lazy=\"1\" class=\"module_column tb-column col4-1 first tb_gz5u767 repeat tf_box\">\n\t\t\t    \t        <div class=\"tb-column-inner tf_box tf_w\">\n\t\t    <!-- module text -->\n<div  class=\"module module-text tb_p3dx768  repeat \" data-lazy=\"1\">\n        <div  class=\"tb_text_wrap\">\n    <h3 style=\"text-align: center;\"><strong><b>F\u00e1cil de usar y flexible<\/b><br \/><\/strong><\/h3>\n<p style=\"text-align: center;\">. Entorno intuitivo y pantallas personalizables pantallas por usuario.<br \/>. Registro sencillo y r\u00e1pido de los procesos manuales o procesos 100% autom\u00e1ticos.<br \/>. Integraci\u00f3n v\u00eda EDI para la creaci\u00f3n de procesos.<br \/>. Lanzamiento de costes y servicios autom\u00e1ticos.<\/p>    <\/div>\n<\/div>\n<!-- \/module text -->\t        <\/div>\n\t    \t<\/div>\n\t\t<div  data-lazy=\"1\" class=\"module_column tb-column col4-1 second tb_0tt6768 repeat tf_box\">\n\t\t\t    \t        <div class=\"tb-column-inner tf_box tf_w\">\n\t\t    <!-- module text -->\n<div  class=\"module module-text tb_e769768  repeat \" data-lazy=\"1\">\n        <div  class=\"tb_text_wrap\">\n    <h3 style=\"text-align: center;\"><strong><b>Control del proceso comercial y de ventas<\/b><br \/><\/strong><\/h3>\n<p style=\"text-align: center;\">. Creaci\u00f3n y seguimiento de propuestas comerciales.<br \/>. C\u00e1lculo de los costes de subcontrataci\u00f3n.<br \/>. Uso de tarifas generales o espec\u00edficas.<br \/>. Transformaci\u00f3n de las propuestas comerciales en \u00f3rdenes de transporte.<br \/>. Costes e ingresos: Precalculado, presupuestado y realizado.<\/p>    <\/div>\n<\/div>\n<!-- \/module text -->\t        <\/div>\n\t    \t<\/div>\n\t\t<div  data-lazy=\"1\" class=\"module_column tb-column col4-1 third tb_wbju768 repeat tf_box\">\n\t\t\t    \t        <div class=\"tb-column-inner tf_box tf_w\">\n\t\t    <!-- module text -->\n<div  class=\"module module-text tb_h2q7768  repeat \" data-lazy=\"1\">\n        <div  class=\"tb_text_wrap\">\n    <h3 style=\"text-align: center;\"><b>Adaptable a las diversidades del mercado<\/b><\/h3>\n<p style=\"text-align: center;\">. Procesos mar\u00edtimos, a\u00e9reos, de carretera y ferroviarios &#8211; &gt; DELETED \u201cY LOS FERROCARRILES\u201d.<br \/>. Procesos FTL, LTL, FCL, LCL y Groupage.<br \/>. Carga general, convencional, ADR, residuos Transportes previos y posteriores de recogida y entrega.<\/p>    <\/div>\n<\/div>\n<!-- \/module text -->\t        <\/div>\n\t    \t<\/div>\n\t\t<div  data-lazy=\"1\" class=\"module_column tb-column col4-1 last tb_n8t7768 repeat tf_box\">\n\t\t\t    \t        <div class=\"tb-column-inner tf_box tf_w\">\n\t\t    <!-- module text -->\n<div  class=\"module module-text tb_4db2769  repeat \" data-lazy=\"1\">\n        <div  class=\"tb_text_wrap\">\n    <h3 style=\"text-align: center;\"><b>Garantiza todos los tr\u00e1mites necesarios<\/b><\/h3>\n<p style=\"text-align: center;\">. Procedimientos y tareas por tipo de proceso.<br \/>. Gesti\u00f3n y distribuci\u00f3n de tareas.<br \/>. Plantillas de Word para la emisi\u00f3n de la Documentaci\u00f3n operativa.<br \/>. Plantillas de correo electr\u00f3nico para el env\u00edo de documentaci\u00f3n.<br \/>. Dossier digital del proceso, Drag &amp; Drop.<\/p>    <\/div>\n<\/div>\n<!-- \/module text -->\t        <\/div>\n\t    \t<\/div>\n\t\t    <\/div>\n\t    <!-- \/row_inner -->\n\t<\/div>\n\t<!-- \/module_row -->\n\t\t<!-- module_row -->\n\t<div  data-desktop-padding=\"20px,20px\" data-css_id=\"dy6d643\" data-lazy=\"1\" class=\"module_row themify_builder_row repeat fullwidth_row_container tb_dy6d643 tf_clearfix\" >\n\t    \t\t<div class=\"row_inner col_align_top col-count-3 tf_box tf_w tf_rel\"  data-basecol=\"3\" data-col_mobile=\"column-full\">\n\t\t\t<div  data-lazy=\"1\" class=\"module_column tb-column col3-1 first tb_al0z643 repeat tf_box\">\n\t\t\t    \t        <div class=\"tb-column-inner tf_box tf_w\">\n\t\t    <!-- module text -->\n<div  class=\"module module-text tb_6e9c643  repeat \" data-lazy=\"1\">\n        <div  class=\"tb_text_wrap\">\n    <h3 style=\"text-align: center;\"><strong><b>Seguimiento y control <br \/>de la actividad operativa<\/b><br \/><\/strong><\/h3>\n<p style=\"text-align: center;\">. Integraci\u00f3n con INTTRA.<br \/>. Control presupuestario de los procesos de tr\u00e1nsito.<br \/>. Almacenes de tr\u00e1nsito.<br \/>. Control del estado de la carga y de las no conformidades.<br \/>. Gestor de alertas.<\/p>    <\/div>\n<\/div>\n<!-- \/module text -->\t        <\/div>\n\t    \t<\/div>\n\t\t<div  data-lazy=\"1\" class=\"module_column tb-column col3-1 middle tb_nt1c643 repeat tf_box\">\n\t\t\t    \t        <div class=\"tb-column-inner tf_box tf_w\">\n\t\t    <!-- module text -->\n<div  class=\"module module-text tb_kjqf643  repeat \" data-lazy=\"1\">\n        <div  class=\"tb_text_wrap\">\n    <h3 style=\"text-align: center;\"><b>Digitalizar y agilizar los tr\u00e1mites de la actividad financiera<\/b><\/h3>\n<p style=\"text-align: center;\">. Integraci\u00f3n autom\u00e1tica con Microsoft Dynamics 365 Business Central.<br \/>. Una facturaci\u00f3n m\u00e1s r\u00e1pida y diversificada.<br \/>. Integraci\u00f3n con herramientas OCR para facturas de compra y documentos de viaje (CMR\\POD).<br \/>. La gesti\u00f3n de la DQO.<\/p>    <\/div>\n<\/div>\n<!-- \/module text -->\t        <\/div>\n\t    \t<\/div>\n\t\t<div  data-lazy=\"1\" class=\"module_column tb-column col3-1 last tb_npmr643 repeat tf_box\">\n\t\t\t    \t        <div class=\"tb-column-inner tf_box tf_w\">\n\t\t    <!-- module text -->\n<div  class=\"module module-text tb_wij3643  repeat \" data-lazy=\"1\">\n        <div  class=\"tb_text_wrap\">\n    <h3 style=\"text-align: center;\"><strong><b>Datos de an\u00e1lisis para apoyar la toma de decisiones<\/b><br \/><\/strong><\/h3>\n<p style=\"text-align: center;\">. Cuenta de resultados.<br \/>. Centros de coste y an\u00e1lisis D365BC.<br \/>. Integraci\u00f3n de PowerBI.<br \/>. Uso de herramientas de BI (BITrans).<\/p>    <\/div>\n<\/div>\n<!-- \/module text -->\t        <\/div>\n\t    \t<\/div>\n\t\t    <\/div>\n\t    <!-- \/row_inner -->\n\t<\/div>\n\t<!-- \/module_row -->\n\t\t<!-- module_row -->\n\t<div  data-css_id=\"rxo0111\" data-lazy=\"1\" class=\"module_row themify_builder_row solucoes-sector repeat fullwidth_row_container tb_rxo0111 tf_clearfix\" >\n\t    \t\t<div class=\"row_inner col_align_top col-count-2 tf_box tf_w tf_rel\"  data-basecol=\"2\" data-col_mobile=\"column-full\">\n\t\t\t<div  data-lazy=\"1\" style=\"width: 50.78%\" class=\"module_column tb-column col4-2 first tb_6273111 tf_box\">\n\t\t\t    \t        <div class=\"tb-column-inner tf_box tf_w\">\n\t\t    <!-- module image -->\n<div  class=\"module module-image tb_xk4k111   image-top tf_mw wow\" data-tf-animation=\"fadeIn\" data-lazy=\"1\">\n        <div class=\"image-wrap tf_rel tf_mw\">\n\t\t    <img loading=\"lazy\" src=\"https:\/\/arquiconsult.com\/wp-content\/uploads\/2024\/01\/water-transport-2023-11-27-05-25-03-utc-scaled-500x333.jpg\" width=\"500\" height=\"333\" class=\"wp-post-image wp-image-59582\" title=\"water-transport-2023-11-27-05-25-03-utc\" alt=\"water-transport-2023-11-27-05-25-03-utc\">\t\n\t\t<\/div>\n\t<!-- \/image-wrap -->\n    \n    \t<\/div>\n<!-- \/module image -->\t        <\/div>\n\t    \t<\/div>\n\t\t<div  data-lazy=\"1\" style=\"width: 46.02%\" class=\"module_column tb-column col4-2 last tb_rihb112 tf_box\">\n\t\t\t    \t        <div class=\"tb-column-inner tf_box tf_w\">\n\t\t    <!-- module text -->\n<div  class=\"module module-text tb_igeo112  repeat \" data-lazy=\"1\">\n        <div  class=\"tb_text_wrap\">\n    <h2 style=\"text-align: left;\"><strong>Y as\u00ed es exactamente como se dise\u00f1\u00f3 este m\u00f3dulo: para ayudar a las empresas y los servicios log\u00edsticos a tener un mejor control de los costes y aumentar su margen.<\/strong><\/h2>    <\/div>\n<\/div>\n<!-- \/module text --><!-- module text -->\n<div  class=\"module module-text tb_6s2w112  repeat \" data-lazy=\"1\">\n        <div  class=\"tb_text_wrap\">\n    <p style=\"text-align: left;\">Navitrans es un software modular, adaptado a su negocio. Tiene m\u00faltiples posibilidades de configuraci\u00f3n para adaptarse a aplicaciones est\u00e1ndar o sus procedimientos espec\u00edficos. Cada usuario puede adaptar y personalizar su pantalla para evitar informaci\u00f3n o tablas redundantes. Y tambi\u00e9n funciona de manera eficiente.<\/p>    <\/div>\n<\/div>\n<!-- \/module text --><!-- module buttons -->\n<div  class=\"module module-buttons tb_1l9h112 buttons-horizontal transparent popmake-44531 large circle tf_textc wow\" data-tf-animation=\"pulse\" data-lazy=\"1\">\n    \t<div class=\"module-buttons-item tf_inline_b\">\n\t\t\t\t\t\t\t<a href=\"#\" class=\"ui builder_button tb_default_color\" >\n\t\t\t\t\t\t\t\t\t\t\t<span class=\"tf_inline_b tf_vmiddle\">M\u00e1s Informaci\u00f3n<\/span>\n\t\t\t\t\t\t\t\t\t\t\t<\/a>\n\t\t\t    \t<\/div>\n\t<\/div>\n<!-- \/module buttons -->\n\t        <\/div>\n\t    \t<\/div>\n\t\t    <\/div>\n\t    <!-- \/row_inner -->\n\t<\/div>\n\t<!-- \/module_row -->\n\t<\/div>\n<!--\/themify_builder_content-->","protected":false},"excerpt":{"rendered":"<p>Arquiconsult.com \/ Sectores \/ Transporte y log\u00edstica \/ Navitrans Transitarios Navitrans Transitarios El m\u00f3dulo Navitrans Transitarios es un sistema de gesti\u00f3n de mercanc\u00edas (FMS) de f\u00e1cil uso. Navitrans Transitarios Este m\u00f3dulo es un sistema de gesti\u00f3n de f\u00e1cil manejo (FMS) que automatiza, estructura y optimiza los procesos log\u00edsticos de las empresas de transporte de mercanc\u00edas. [&hellip;]<\/p>\n","protected":false},"author":4,"featured_media":0,"parent":0,"menu_order":0,"comment_status":"closed","ping_status":"closed","template":"","meta":[],"acf":[],"_links":{"self":[{"href":"https:\/\/arquiconsult.com\/es\/wp-json\/wp\/v2\/pages\/41046"}],"collection":[{"href":"https:\/\/arquiconsult.com\/es\/wp-json\/wp\/v2\/pages"}],"about":[{"href":"https:\/\/arquiconsult.com\/es\/wp-json\/wp\/v2\/types\/page"}],"author":[{"embeddable":true,"href":"https:\/\/arquiconsult.com\/es\/wp-json\/wp\/v2\/users\/4"}],"replies":[{"embeddable":true,"href":"https:\/\/arquiconsult.com\/es\/wp-json\/wp\/v2\/comments?post=41046"}],"version-history":[{"count":1,"href":"https:\/\/arquiconsult.com\/es\/wp-json\/wp\/v2\/pages\/41046\/revisions"}],"predecessor-version":[{"id":118256,"href":"https:\/\/arquiconsult.com\/es\/wp-json\/wp\/v2\/pages\/41046\/revisions\/118256"}],"wp:attachment":[{"href":"https:\/\/arquiconsult.com\/es\/wp-json\/wp\/v2\/media?parent=41046"}],"curies":[{"name":"wp","href":"https:\/\/api.w.org\/{rel}","templated":true}]}}