{"id":41055,"date":"2022-09-13T16:34:44","date_gmt":"2022-09-13T15:34:44","guid":{"rendered":"https:\/\/arquiconsult.com\/?page_id=41055"},"modified":"2025-12-02T16:32:49","modified_gmt":"2025-12-02T16:32:49","slug":"navitrans-almacenamiento","status":"publish","type":"page","link":"https:\/\/arquiconsult.com\/es\/navitrans-almacenamiento\/","title":{"rendered":"Navitrans Almacenamiento"},"content":{"rendered":"<!--themify_builder_content-->\n<div id=\"themify_builder_content-41055\" data-postid=\"41055\" class=\"themify_builder_content themify_builder_content-41055 themify_builder tf_clear\">\n    \t<!-- module_row -->\n\t<div  data-css_id=\"fqpt376\" data-lazy=\"1\" class=\"module_row themify_builder_row fullcover fullwidth_row_container tb_fqpt376 tb_first tf_clearfix\" >\n\t    <div class=\"builder_row_cover tf_abs\"><\/div>\t\t<div class=\"row_inner col_align_middle col-count-2 tf_box tf_w tf_rel\"  data-basecol=\"2\" data-col_tablet=\"column-full\" data-col_mobile=\"column-full\">\n\t\t\t<div  data-lazy=\"1\" style=\"width: 90.44%\" class=\"module_column tb-column col3-2 first tb_trgq376 tf_box\">\n\t\t\t    \t        <div class=\"tb-column-inner tf_box tf_w\">\n\t\t    <!-- module text -->\n<div  class=\"module module-text tb_frqd377  repeat \" data-lazy=\"1\">\n        <div  class=\"tb_text_wrap\">\n    <h4>Arquiconsult.com \/ Sectores \/ Transporte y log\u00edstica \/ Almacenamiento Navitrans<\/h4>    <\/div>\n<\/div>\n<!-- \/module text --><!-- module fancy heading -->\n<!--\/* $fields_args['heading_tag']  CODIGO QUE SAIU * \/-->\n<div  class=\"module module-fancy-heading tb_5fr2377 titulo-suporte tb_hide_divider\" data-lazy=\"1\">\n        <h1  class=\"fancy-heading tf_textl\">\n    <span class=\"main-head tf_block\">\n\t\t\t\t\tNavitrans Almacenamiento\t\t    <\/span>\n\n\t\n    <span class=\"sub-head tf_block tf_rel\">\n\t\t\t\t\t\t\t    <\/span>\n    <\/h1>\n<\/div>\n<!-- \/module fancy heading -->\n<!-- module text -->\n<div  class=\"module module-text tb_g96j377   \" data-lazy=\"1\">\n        <div  class=\"tb_text_wrap\">\n    <h4>Navitrans almacenamiento es un sistema de gesti\u00f3n de almacenes (WMS) f\u00e1cil de usar.<\/h4>    <\/div>\n<\/div>\n<!-- \/module text -->\t        <\/div>\n\t    \t<\/div>\n\t\t<div  data-lazy=\"1\" style=\"width: 6.36%\" class=\"module_column tb-column col3-1 last tb_203k377 tf_box\">\n\t\t\t    \t<\/div>\n\t\t    <\/div>\n\t    <!-- \/row_inner -->\n\t<\/div>\n\t<!-- \/module_row -->\n\t\t<!-- module_row -->\n\t<div  data-css_id=\"ivqp342\" data-lazy=\"1\" class=\"module_row themify_builder_row fullcover fullwidth tb_ivqp342 tf_clearfix wow\" data-tf-animation=\"pulse\" >\n\t    \t\t<div class=\"row_inner col_align_top col-count-1 tf_box tf_w tf_rel\">\n\t\t\t<div  data-lazy=\"1\" class=\"module_column tb-column col-full first tb_74qa342 tf_box\">\n\t\t\t    \t        <div class=\"tb-column-inner tf_box tf_w\">\n\t\t    <!-- module text -->\n<div  class=\"module module-text tb_wcqo342  repeat \" data-lazy=\"1\">\n        <div  class=\"tb_text_wrap\">\n    <h2>Navitrans Almacenamiento<\/h2>    <\/div>\n<\/div>\n<!-- \/module text --><!-- module text -->\n<div  class=\"module module-text tb_0axs342  repeat \" data-lazy=\"1\">\n        <div  class=\"tb_text_wrap\">\n    <p style=\"text-align: center;\">Se trata de un sistema de gesti\u00f3n de almacenes (SGA) de f\u00e1cil manejo que automatiza, estructura y optimiza los procesos de almacenamiento de los proveedores de servicios log\u00edsticos. \u00bfEl resultado? Un trabajo m\u00e1s r\u00e1pido, eficiente y centrado.<\/p>    <\/div>\n<\/div>\n<!-- \/module text -->\t        <\/div>\n\t    \t<\/div>\n\t\t    <\/div>\n\t    <!-- \/row_inner -->\n\t<\/div>\n\t<!-- \/module_row -->\n\t\t<!-- module_row -->\n\t<div  data-anchor=\"support\" data-hide-anchor=\"1\" data-lazy=\"1\" class=\"module_row themify_builder_row repeat tb_has_section tb_section-support tb_qqvq519 tf_clearfix\" >\n\t    \t\t<div class=\"row_inner col_align_top col-count-1 tf_box tf_w tf_rel\">\n\t\t\t<div  data-lazy=\"1\" class=\"module_column tb-column col-full first tb_d9rb520 tf_box\">\n\t\t\t    \t        <div class=\"tb-column-inner tf_box tf_w\">\n\t\t    \t<div  data-lazy=\"1\" class=\"module_subrow themify_builder_sub_row tb_w657520 tf_w tf_clearfix\">\n\t    \t\t<div class=\"subrow_inner col_align_top col-count-1 tf_box tf_w\">\n\t\t\t<div  data-lazy=\"1\" class=\"sub_column module_column tf_box col-full first tb_3wxm520\"> \n\t    \t    \t        <div class=\"tb-column-inner tf_box tf_w\">\n\t\t    <!-- module text -->\n<div  class=\"module module-text tb_l211520  repeat \" data-lazy=\"1\">\n        <div  class=\"tb_text_wrap\">\n    <h2>\u00bfQu\u00e9 se puede esperar del software de gesti\u00f3n de almacenamiento?<\/h2>    <\/div>\n<\/div>\n<!-- \/module text -->\t        <\/div>\n\t    \t<\/div>\n\t\t    <\/div>\n\t<\/div><!-- \/themify_builder_sub_row -->\n\t\t        <\/div>\n\t    \t<\/div>\n\t\t    <\/div>\n\t    <!-- \/row_inner -->\n\t<\/div>\n\t<!-- \/module_row -->\n\t\t<!-- module_row -->\n\t<div  data-desktop-padding=\"20px,20px\" data-css_id=\"ofwe801\" data-lazy=\"1\" class=\"module_row themify_builder_row repeat fullwidth_row_container tb_ofwe801 tf_clearfix\" >\n\t    \t\t<div class=\"row_inner col_align_top col-count-4 tf_box tf_w tf_rel\"  data-basecol=\"4\" data-col_mobile=\"column-full\">\n\t\t\t<div  data-lazy=\"1\" class=\"module_column tb-column col4-1 first tb_ccal801 repeat tf_box\">\n\t\t\t    \t        <div class=\"tb-column-inner tf_box tf_w\">\n\t\t    <!-- module text -->\n<div  class=\"module module-text tb_r64h801  repeat \" data-lazy=\"1\">\n        <div  class=\"tb_text_wrap\">\n    <h3 style=\"text-align: center;\"><strong><b>F\u00e1cil de usar y r\u00e1pido<\/b><br \/><\/strong><\/h3>\n<p style=\"text-align: center;\">. Entorno intuitivo y pantallas personalizables pantallas por usuario.<br \/>. Integraci\u00f3n de los pedidos entrantes y salientes v\u00eda EDI.<br \/>. Software de gr\u00e1ficos para esc\u00e1neres.<br \/>. Contabilizaci\u00f3n autom\u00e1tica de costes y servicios basada en funci\u00f3n de las cargas de movimiento, el almacenamiento o las tareas de VAL.<\/p>    <\/div>\n<\/div>\n<!-- \/module text -->\t        <\/div>\n\t    \t<\/div>\n\t\t<div  data-lazy=\"1\" class=\"module_column tb-column col4-1 second tb_79kv801 repeat tf_box\">\n\t\t\t    \t        <div class=\"tb-column-inner tf_box tf_w\">\n\t\t    <!-- module text -->\n<div  class=\"module module-text tb_rdsf801  repeat \" data-lazy=\"1\">\n        <div  class=\"tb_text_wrap\">\n    <h3 style=\"text-align: center;\"><strong><b>Flexible y adaptable a las necesidades del cliente<\/b><br \/><\/strong><\/h3>\n<p style=\"text-align: center;\">. Dise\u00f1o de almacenes, \u00e1reas, zonas y posiciones y puestos.<br \/>. \u00d3rdenes de entrada, recepci\u00f3n y almacenamiento.<br \/>. \u00d3rdenes de salida, pickings y expediciones.<br \/>. Pickings FIFO, FEFO, LIFO.<br \/>. Trazabilidad completa, lotes, caducidades, n\u00fameros de serie.<br \/>. Estrategias de selecci\u00f3n, ordenaci\u00f3n y Reposici\u00f3n.<br \/>. VAL Tareas, transformaciones y cambios de estado.<br \/>. Quay, Planificaci\u00f3n de Recursos y Empleados.<br \/>. Control del rendimiento de la ejecuci\u00f3n de tareas.<br \/>. Viajes WMS.<\/p>    <\/div>\n<\/div>\n<!-- \/module text -->\t        <\/div>\n\t    \t<\/div>\n\t\t<div  data-lazy=\"1\" class=\"module_column tb-column col4-1 third tb_zuov801 repeat tf_box\">\n\t\t\t    \t        <div class=\"tb-column-inner tf_box tf_w\">\n\t\t    <!-- module text -->\n<div  class=\"module module-text tb_d4ug801  repeat \" data-lazy=\"1\">\n        <div  class=\"tb_text_wrap\">\n    <h3 style=\"text-align: center;\"><strong><b>Seguimiento y control de la actividad operativa<\/b><br \/><\/strong><\/h3>\n<p style=\"text-align: center;\">. Control de calidad.<br \/>. Gesti\u00f3n de tareas y tiempos de ejecuci\u00f3n.<br \/>. Cualificaciones.<br \/>. Visibilidad de las existencias.<br \/>. Inventario y recuentos c\u00edclicos.<\/p>    <\/div>\n<\/div>\n<!-- \/module text -->\t        <\/div>\n\t    \t<\/div>\n\t\t<div  data-lazy=\"1\" class=\"module_column tb-column col4-1 last tb_p5gv801 repeat tf_box\">\n\t\t\t    \t        <div class=\"tb-column-inner tf_box tf_w\">\n\t\t    <!-- module text -->\n<div  class=\"module module-text tb_7zg2801  repeat \" data-lazy=\"1\">\n        <div  class=\"tb_text_wrap\">\n    <h3 style=\"text-align: center;\"><b>Apoyo a la facturaci\u00f3n y a la rentabilidad<\/b><\/h3>\n<p style=\"text-align: center;\">. Integraci\u00f3n autom\u00e1tica con Microsoft Dynamics 365 Business Central.<br \/>. Una facturaci\u00f3n m\u00e1s r\u00e1pida y diversificada.<br \/>. Tarifas generales y para clientes.<br \/>. Tarifas de movimiento, de ocupaci\u00f3n, peri\u00f3dicas y de VAN.<\/p>    <\/div>\n<\/div>\n<!-- \/module text -->\t        <\/div>\n\t    \t<\/div>\n\t\t    <\/div>\n\t    <!-- \/row_inner -->\n\t<\/div>\n\t<!-- \/module_row -->\n\t\t<!-- module_row -->\n\t<div  data-css_id=\"dne1738\" data-lazy=\"1\" class=\"module_row themify_builder_row solucoes-sector repeat fullwidth_row_container tb_dne1738 tf_clearfix\" >\n\t    \t\t<div class=\"row_inner col_align_top col-count-2 tf_box tf_w tf_rel\"  data-basecol=\"2\" data-col_mobile=\"column-full\">\n\t\t\t<div  data-lazy=\"1\" style=\"width: 51.94%\" class=\"module_column tb-column col4-2 first tb_alyy738 tf_box\">\n\t\t\t    \t        <div class=\"tb-column-inner tf_box tf_w\">\n\t\t    <!-- module image -->\n<div  class=\"module module-image tb_tmkc738   image-top tf_mw wow\" data-tf-animation=\"fadeIn\" data-lazy=\"1\">\n        <div class=\"image-wrap tf_rel tf_mw\">\n\t\t    <img loading=\"lazy\" src=\"https:\/\/arquiconsult.com\/wp-content\/uploads\/2021\/11\/banner-Navitrans-Armazem-500x281.jpg\" width=\"500\" height=\"281\" class=\"wp-post-image wp-image-28936\" title=\"banner-Navitrans Armaz\u00e9m\" alt=\"banner-Navitrans Armaz\u00e9m\">\t\n\t\t<\/div>\n\t<!-- \/image-wrap -->\n    \n    \t<\/div>\n<!-- \/module image -->\t        <\/div>\n\t    \t<\/div>\n\t\t<div  data-lazy=\"1\" style=\"width: 44.86%\" class=\"module_column tb-column col4-2 last tb_gdd7738 tf_box\">\n\t\t\t    \t        <div class=\"tb-column-inner tf_box tf_w\">\n\t\t    <!-- module text -->\n<div  class=\"module module-text tb_7b4z738  repeat \" data-lazy=\"1\">\n        <div  class=\"tb_text_wrap\">\n    <h2 style=\"text-align: left;\"><strong>Y as\u00ed fue exactamente como se concibi\u00f3: ayudar a las empresas <br>y los servicios log\u00edsticos a tener un mejor control de los costes y aumentar su margen.<\/strong><\/h2>\n    <\/div>\n<\/div>\n<!-- \/module text --><!-- module text -->\n<div  class=\"module module-text tb_df2h738  repeat \" data-lazy=\"1\">\n        <div  class=\"tb_text_wrap\">\n    <p style=\"text-align: left;\">Navitrans es un software modular, adaptado a su negocio. Tiene m\u00faltiples posibilidades de configuraci\u00f3n para adaptarse a aplicaciones est\u00e1ndar o sus procedimientos espec\u00edficos. Cada usuario puede adaptar y personalizar su pantalla para evitar informaci\u00f3n o tablas redundantes. Y tambi\u00e9n funciona de manera eficiente.<\/p>    <\/div>\n<\/div>\n<!-- \/module text --><!-- module buttons -->\n<div  class=\"module module-buttons tb_91zq738 buttons-horizontal transparent popmake-44531 large circle tf_textc wow\" data-tf-animation=\"pulse\" data-lazy=\"1\">\n    \t<div class=\"module-buttons-item tf_inline_b\">\n\t\t\t\t\t\t\t<a href=\"#\" class=\"ui builder_button tb_default_color\" >\n\t\t\t\t\t\t\t\t\t\t\t<span class=\"tf_inline_b tf_vmiddle\">M\u00e1s Informaci\u00f3n<\/span>\n\t\t\t\t\t\t\t\t\t\t\t<\/a>\n\t\t\t    \t<\/div>\n\t<\/div>\n<!-- \/module buttons -->\n\t        <\/div>\n\t    \t<\/div>\n\t\t    <\/div>\n\t    <!-- \/row_inner -->\n\t<\/div>\n\t<!-- \/module_row -->\n\t<\/div>\n<!--\/themify_builder_content-->","protected":false},"excerpt":{"rendered":"<p>Arquiconsult.com \/ Sectores \/ Transporte y log\u00edstica \/ Almacenamiento Navitrans Navitrans Almacenamiento Navitrans almacenamiento es un sistema de gesti\u00f3n de almacenes (WMS) f\u00e1cil de usar. Navitrans Almacenamiento Se trata de un sistema de gesti\u00f3n de almacenes (SGA) de f\u00e1cil manejo que automatiza, estructura y optimiza los procesos de almacenamiento de los proveedores de servicios log\u00edsticos. [&hellip;]<\/p>\n","protected":false},"author":4,"featured_media":0,"parent":0,"menu_order":0,"comment_status":"closed","ping_status":"closed","template":"","meta":[],"acf":[],"_links":{"self":[{"href":"https:\/\/arquiconsult.com\/es\/wp-json\/wp\/v2\/pages\/41055"}],"collection":[{"href":"https:\/\/arquiconsult.com\/es\/wp-json\/wp\/v2\/pages"}],"about":[{"href":"https:\/\/arquiconsult.com\/es\/wp-json\/wp\/v2\/types\/page"}],"author":[{"embeddable":true,"href":"https:\/\/arquiconsult.com\/es\/wp-json\/wp\/v2\/users\/4"}],"replies":[{"embeddable":true,"href":"https:\/\/arquiconsult.com\/es\/wp-json\/wp\/v2\/comments?post=41055"}],"version-history":[{"count":1,"href":"https:\/\/arquiconsult.com\/es\/wp-json\/wp\/v2\/pages\/41055\/revisions"}],"predecessor-version":[{"id":118257,"href":"https:\/\/arquiconsult.com\/es\/wp-json\/wp\/v2\/pages\/41055\/revisions\/118257"}],"wp:attachment":[{"href":"https:\/\/arquiconsult.com\/es\/wp-json\/wp\/v2\/media?parent=41055"}],"curies":[{"name":"wp","href":"https:\/\/api.w.org\/{rel}","templated":true}]}}