{"id":41064,"date":"2022-09-13T16:49:37","date_gmt":"2022-09-13T15:49:37","guid":{"rendered":"https:\/\/arquiconsult.com\/?page_id=41064"},"modified":"2025-12-02T16:28:34","modified_gmt":"2025-12-02T16:28:34","slug":"navitrans-transportes","status":"publish","type":"page","link":"https:\/\/arquiconsult.com\/es\/navitrans-transportes\/","title":{"rendered":"Navitrans Transportes"},"content":{"rendered":"<!--themify_builder_content-->\n<div id=\"themify_builder_content-41064\" data-postid=\"41064\" class=\"themify_builder_content themify_builder_content-41064 themify_builder tf_clear\">\n    \t<!-- module_row -->\n\t<div  data-css_id=\"32xe77\" data-lazy=\"1\" class=\"module_row themify_builder_row fullcover fullwidth_row_container tb_32xe77 tb_first tf_clearfix\" >\n\t    <div class=\"builder_row_cover tf_abs\"><\/div>\t\t<div class=\"row_inner col_align_middle col-count-2 tf_box tf_w tf_rel\"  data-basecol=\"2\" data-col_tablet=\"column-full\" data-col_mobile=\"column-full\">\n\t\t\t<div  data-lazy=\"1\" style=\"width: 77.43%\" class=\"module_column tb-column col3-2 first tb_8r3p78 tf_box\">\n\t\t\t    \t        <div class=\"tb-column-inner tf_box tf_w\">\n\t\t    <!-- module text -->\n<div  class=\"module module-text tb_pm1y78  repeat \" data-lazy=\"1\">\n        <div  class=\"tb_text_wrap\">\n    <h4>Arquiconsult.com \/ Sectores \/ Transporte y log\u00edstica \/ Navitrans Transportes<\/h4>    <\/div>\n<\/div>\n<!-- \/module text --><!-- module fancy heading -->\n<!--\/* $fields_args['heading_tag']  CODIGO QUE SAIU * \/-->\n<div  class=\"module module-fancy-heading tb_dkv178 titulo-suporte tb_hide_divider\" data-lazy=\"1\">\n        <h1  class=\"fancy-heading tf_textl\">\n    <span class=\"main-head tf_block\">\n\t\t\t\t\tTransportes Navitrans\t\t    <\/span>\n\n\t\n    <span class=\"sub-head tf_block tf_rel\">\n\t\t\t\t\t\t\t    <\/span>\n    <\/h1>\n<\/div>\n<!-- \/module fancy heading -->\n<!-- module text -->\n<div  class=\"module module-text tb_5cj378   \" data-lazy=\"1\">\n        <div  class=\"tb_text_wrap\">\n    <h4>El m\u00f3dulo de Navitrans Transportes es un sistema de gesti\u00f3n del transporte (TMS) de f\u00e1cil manejo.<\/h4>    <\/div>\n<\/div>\n<!-- \/module text -->\t        <\/div>\n\t    \t<\/div>\n\t\t<div  data-lazy=\"1\" style=\"width: 19.37%\" class=\"module_column tb-column col3-1 last tb_hrtd79 tf_box\">\n\t\t\t    \t<\/div>\n\t\t    <\/div>\n\t    <!-- \/row_inner -->\n\t<\/div>\n\t<!-- \/module_row -->\n\t\t<!-- module_row -->\n\t<div  data-css_id=\"t5mt55\" data-lazy=\"1\" class=\"module_row themify_builder_row fullcover fullwidth tb_t5mt55 tf_clearfix wow\" data-tf-animation=\"pulse\" >\n\t    \t\t<div class=\"row_inner col_align_top col-count-1 tf_box tf_w tf_rel\">\n\t\t\t<div  data-lazy=\"1\" class=\"module_column tb-column col-full first tb_e7nk55 tf_box\">\n\t\t\t    \t        <div class=\"tb-column-inner tf_box tf_w\">\n\t\t    <!-- module text -->\n<div  class=\"module module-text tb_9nvo55  repeat \" data-lazy=\"1\">\n        <div  class=\"tb_text_wrap\">\n    <h2>Navitrans Transportes<\/h2>    <\/div>\n<\/div>\n<!-- \/module text --><!-- module text -->\n<div  class=\"module module-text tb_ieej56  repeat \" data-lazy=\"1\">\n        <div  class=\"tb_text_wrap\">\n    <p style=\"text-align: center;\">El m\u00f3dulo de Navitrans Transportes es un sistema de gesti\u00f3n del transporte (TMS) de f\u00e1cil manejo que automatiza, estructura y optimiza los procesos log\u00edsticos de las empresas de transporte. \u00bfEl resultado? Un trabajo m\u00e1s r\u00e1pido, eficiente y centrado.<\/p>    <\/div>\n<\/div>\n<!-- \/module text -->\t        <\/div>\n\t    \t<\/div>\n\t\t    <\/div>\n\t    <!-- \/row_inner -->\n\t<\/div>\n\t<!-- \/module_row -->\n\t\t<!-- module_row -->\n\t<div  data-anchor=\"support\" data-hide-anchor=\"1\" data-lazy=\"1\" class=\"module_row themify_builder_row repeat tb_has_section tb_section-support tb_j60k603 tf_clearfix\" >\n\t    \t\t<div class=\"row_inner col_align_top col-count-1 tf_box tf_w tf_rel\">\n\t\t\t<div  data-lazy=\"1\" class=\"module_column tb-column col-full first tb_dur2603 tf_box\">\n\t\t\t    \t        <div class=\"tb-column-inner tf_box tf_w\">\n\t\t    \t<div  data-lazy=\"1\" class=\"module_subrow themify_builder_sub_row tb_uii1603 tf_w tf_clearfix\">\n\t    \t\t<div class=\"subrow_inner col_align_top col-count-1 tf_box tf_w\">\n\t\t\t<div  data-lazy=\"1\" class=\"sub_column module_column tf_box col-full first tb_e0nl603\"> \n\t    \t    \t        <div class=\"tb-column-inner tf_box tf_w\">\n\t\t    <!-- module text -->\n<div  class=\"module module-text tb_91ct603  repeat \" data-lazy=\"1\">\n        <div  class=\"tb_text_wrap\">\n    <h2>\u00bfQu\u00e9 esperar de un software de gesti\u00f3n de transporte?<\/h2>    <\/div>\n<\/div>\n<!-- \/module text -->\t        <\/div>\n\t    \t<\/div>\n\t\t    <\/div>\n\t<\/div><!-- \/themify_builder_sub_row -->\n\t\t        <\/div>\n\t    \t<\/div>\n\t\t    <\/div>\n\t    <!-- \/row_inner -->\n\t<\/div>\n\t<!-- \/module_row -->\n\t\t<!-- module_row -->\n\t<div  data-desktop-padding=\"20px,20px\" data-css_id=\"8cj4247\" data-lazy=\"1\" class=\"module_row themify_builder_row repeat fullwidth_row_container tb_8cj4247 tf_clearfix\" >\n\t    \t\t<div class=\"row_inner col_align_top col-count-4 tf_box tf_w tf_rel\"  data-basecol=\"4\" data-col_mobile=\"column-full\">\n\t\t\t<div  data-lazy=\"1\" class=\"module_column tb-column col4-1 first tb_6df5247 repeat tf_box\">\n\t\t\t    \t        <div class=\"tb-column-inner tf_box tf_w\">\n\t\t    <!-- module text -->\n<div  class=\"module module-text tb_rtei247  repeat \" data-lazy=\"1\">\n        <div  class=\"tb_text_wrap\">\n    <h3 style=\"text-align: center;\"><strong><b>F\u00e1cil de usar y flexible<br \/><\/b><\/strong><\/h3>\n<p style=\"text-align: center;\">. Entorno intuitivo y pantallas personalizables pantallas por usuario.<br \/>. Registro r\u00e1pido manual o 100% autom\u00e1tico.<br \/>. Integraci\u00f3n v\u00eda EDI para la creaci\u00f3n de \u00f3rdenes de transporte.<br \/>. Integraci\u00f3n con la bolsa de cargas, Transporeon, Transwide, LogitOne.<br \/>. Contabilizaci\u00f3n autom\u00e1tica de costes y servicios.<\/p>    <\/div>\n<\/div>\n<!-- \/module text -->\t        <\/div>\n\t    \t<\/div>\n\t\t<div  data-lazy=\"1\" class=\"module_column tb-column col4-1 second tb_mrgn248 repeat tf_box\">\n\t\t\t    \t        <div class=\"tb-column-inner tf_box tf_w\">\n\t\t    <!-- module text -->\n<div  class=\"module module-text tb_6nsn248  repeat \" data-lazy=\"1\">\n        <div  class=\"tb_text_wrap\">\n    <h3 style=\"text-align: center;\"><strong><b>Control del proceso comercial y de ventas<\/b><br \/><\/strong><\/h3>\n<p style=\"text-align: center;\">. Creaci\u00f3n y seguimiento de propuestas comerciales.<br \/>. C\u00e1lculo detallado de costes.<br \/>. Uso de tarifas generales o espec\u00edficas.<br \/>. Transformaci\u00f3n de las propuestas comerciales en \u00f3rdenes de transporte.<\/p>    <\/div>\n<\/div>\n<!-- \/module text -->\t        <\/div>\n\t    \t<\/div>\n\t\t<div  data-lazy=\"1\" class=\"module_column tb-column col4-1 third tb_4r0z248 repeat tf_box\">\n\t\t\t    \t        <div class=\"tb-column-inner tf_box tf_w\">\n\t\t    <!-- module text -->\n<div  class=\"module module-text tb_4iyc248  repeat \" data-lazy=\"1\">\n        <div  class=\"tb_text_wrap\">\n    <h3 style=\"text-align: center;\"><strong><b>Herramientas para una planificaci\u00f3n eficaz<\/b><br \/><\/strong><\/h3>\n<p style=\"text-align: center;\">. Procesos y viajes FTL, LTL y de grupaje.<br \/>. Carga general, ADR, Residuos.<br \/>. Dep\u00f3sitos, recogidas, traslados y entregas.<br \/>. Planificaci\u00f3n gr\u00e1fica y en el mapa.<br \/>. Cartograf\u00eda y c\u00e1lculo de distancias, tiempos peajes y CO2.<br \/>. Integraci\u00f3n con la planificaci\u00f3n avanzada herramientas de planificaci\u00f3n.<br \/>. Integraci\u00f3n con herramientas de optimizaci\u00f3n de rutas y herramientas de optimizaci\u00f3n de rutas y planificaci\u00f3n autom\u00e1tica.<\/p>    <\/div>\n<\/div>\n<!-- \/module text -->\t        <\/div>\n\t    \t<\/div>\n\t\t<div  data-lazy=\"1\" class=\"module_column tb-column col4-1 last tb_mtn5248 repeat tf_box\">\n\t\t\t    \t        <div class=\"tb-column-inner tf_box tf_w\">\n\t\t    <!-- module text -->\n<div  class=\"module module-text tb_hrtc248  repeat \" data-lazy=\"1\">\n        <div  class=\"tb_text_wrap\">\n    <h3 style=\"text-align: center;\"><b>Seguimiento y control de la actividad operativa<\/b><\/h3>\n<p style=\"text-align: center;\">. Integraciones con soluciones OBC (Mensajer\u00eda a bordo).<br \/>. Aplicaci\u00f3n del conductor.<br \/>. Integraci\u00f3n con la aplicaci\u00f3n Cross-Docking.<br \/>. Control de los estados de carga y de las no conformidades.<br \/>. Gesti\u00f3n de alertas.<\/p>    <\/div>\n<\/div>\n<!-- \/module text -->\t        <\/div>\n\t    \t<\/div>\n\t\t    <\/div>\n\t    <!-- \/row_inner -->\n\t<\/div>\n\t<!-- \/module_row -->\n\t\t<!-- module_row -->\n\t<div  data-desktop-padding=\"20px,20px\" data-css_id=\"aiq9980\" data-lazy=\"1\" class=\"module_row themify_builder_row repeat fullwidth_row_container tb_aiq9980 tf_clearfix\" >\n\t    \t\t<div class=\"row_inner col_align_top col-count-3 tf_box tf_w tf_rel\"  data-basecol=\"3\" data-col_mobile=\"column-full\">\n\t\t\t<div  data-lazy=\"1\" class=\"module_column tb-column col3-1 first tb_obsj981 repeat tf_box\">\n\t\t\t    \t        <div class=\"tb-column-inner tf_box tf_w\">\n\t\t    <!-- module text -->\n<div  class=\"module module-text tb_kuvu981  repeat \" data-lazy=\"1\">\n        <div  class=\"tb_text_wrap\">\n    <h3 style=\"text-align: center;\"><strong><b>Seguimiento y control de los<br \/>recursos operativos<\/b><br \/><\/strong><\/h3>\n<p style=\"text-align: center;\">. Gesti\u00f3n del mantenimiento.<br \/>. Importaci\u00f3n de combustible y peajes.<br \/>. Gesti\u00f3n de las fechas de caducidad.<br \/>. Reclamaciones, lavados y multas.<br \/>. Gesti\u00f3n de los neum\u00e1ticos.<\/p>    <\/div>\n<\/div>\n<!-- \/module text -->\t        <\/div>\n\t    \t<\/div>\n\t\t<div  data-lazy=\"1\" class=\"module_column tb-column col3-1 middle tb_lans981 repeat tf_box\">\n\t\t\t    \t        <div class=\"tb-column-inner tf_box tf_w\">\n\t\t    <!-- module text -->\n<div  class=\"module module-text tb_fzna981  repeat \" data-lazy=\"1\">\n        <div  class=\"tb_text_wrap\">\n    <h3 style=\"text-align: center;\"><strong><b>Digitalizar y agilizar los tr\u00e1mites de la<br \/>actividad financiera<\/b><\/strong><\/h3>\n<p style=\"text-align: center;\">. Integraci\u00f3n autom\u00e1tica con Microsoft Dynamics 365 Business Central.<br \/>. Una facturaci\u00f3n m\u00e1s r\u00e1pida y diversificada.<br \/>. Integraci\u00f3n con herramientas OCR para facturas de compra y documentos de viaje (CMR\\POD).<br \/>. La gesti\u00f3n de la DQO.<\/p>    <\/div>\n<\/div>\n<!-- \/module text -->\t        <\/div>\n\t    \t<\/div>\n\t\t<div  data-lazy=\"1\" class=\"module_column tb-column col3-1 last tb_2t2y981 repeat tf_box\">\n\t\t\t    \t        <div class=\"tb-column-inner tf_box tf_w\">\n\t\t    <!-- module text -->\n<div  class=\"module module-text tb_tj8n981  repeat \" data-lazy=\"1\">\n        <div  class=\"tb_text_wrap\">\n    <h3 style=\"text-align: center;\"><strong><b>Datos de an\u00e1lisis para apoyar la toma de decisiones<\/b><br \/><\/strong><\/h3>\n<p style=\"text-align: center;\">. Cuenta de resultados.<br \/>. Centros de coste y an\u00e1lisis D365BC.<br \/>. Integraci\u00f3n de PowerBI.<br \/>. Uso de herramientas de BI (BITrans).<\/p>    <\/div>\n<\/div>\n<!-- \/module text -->\t        <\/div>\n\t    \t<\/div>\n\t\t    <\/div>\n\t    <!-- \/row_inner -->\n\t<\/div>\n\t<!-- \/module_row -->\n\t\t<!-- module_row -->\n\t<div  data-css_id=\"f5tc213\" data-lazy=\"1\" class=\"module_row themify_builder_row solucoes-sector repeat fullwidth_row_container tb_f5tc213 tf_clearfix\" >\n\t    \t\t<div class=\"row_inner col_align_top col-count-2 tf_box tf_w tf_rel\"  data-basecol=\"2\" data-col_mobile=\"column-full\">\n\t\t\t<div  data-lazy=\"1\" style=\"width: 48.57%\" class=\"module_column tb-column col4-2 first tb_vbvu213 tf_box\">\n\t\t\t    \t        <div class=\"tb-column-inner tf_box tf_w\">\n\t\t    <!-- module image -->\n<div  class=\"module module-image tb_7h81213   image-top tf_mw wow\" data-tf-animation=\"fadeIn\" data-lazy=\"1\">\n        <div class=\"image-wrap tf_rel tf_mw\">\n\t\t    <img loading=\"lazy\" src=\"https:\/\/arquiconsult.com\/wp-content\/uploads\/2021\/11\/Dynamics-AX-e-365-FO-Renovacao-do-certificado-para-Comunicacao-de-Documentos-de-Transporte-a-AT-AX-FO-Localization-Portuguese-500x333.jpg\" width=\"500\" height=\"333\" class=\"wp-post-image wp-image-30787\" title=\"Dynamics AX e 365 FO Renova\u00e7\u00e3o do certificado para Comunica\u00e7\u00e3o de Documentos de Transporte \u00e0 AT-AX, FO, Localization Portuguese\" alt=\"Dynamics AX e 365 FO Renova\u00e7\u00e3o do certificado para Comunica\u00e7\u00e3o de Documentos de Transporte \u00e0 AT-AX, FO, Localization Portuguese\">\t\n\t\t<\/div>\n\t<!-- \/image-wrap -->\n    \n    \t<\/div>\n<!-- \/module image -->\t        <\/div>\n\t    \t<\/div>\n\t\t<div  data-lazy=\"1\" style=\"width: 48.23%\" class=\"module_column tb-column col4-2 last tb_wfvg213 tf_box\">\n\t\t\t    \t        <div class=\"tb-column-inner tf_box tf_w\">\n\t\t    <!-- module text -->\n<div  class=\"module module-text tb_ynro213  repeat \" data-lazy=\"1\">\n        <div  class=\"tb_text_wrap\">\n    <h2 style=\"text-align: left;\"><strong>Y as\u00ed es exactamente como se concibi\u00f3 Navitrans Transport: ayudar a las empresas y los servicios log\u00edsticos a tener un mejor control de los costes y aumentar su margen.<\/strong><\/h2>    <\/div>\n<\/div>\n<!-- \/module text --><!-- module text -->\n<div  class=\"module module-text tb_bvxd214  repeat \" data-lazy=\"1\">\n        <div  class=\"tb_text_wrap\">\n    <p style=\"text-align: left;\">Navitrans es un software modular, adaptado a su negocio. Tiene m\u00faltiples posibilidades de configuraci\u00f3n para adaptarse a aplicaciones est\u00e1ndar o sus procedimientos espec\u00edficos. Cada usuario puede adaptar y personalizar su pantalla para evitar informaci\u00f3n o tablas redundantes. Y tambi\u00e9n funciona de manera eficiente.<\/p>    <\/div>\n<\/div>\n<!-- \/module text --><!-- module buttons -->\n<div  class=\"module module-buttons tb_07fs214 buttons-horizontal transparent popmake-44531 large circle tf_textc wow\" data-tf-animation=\"pulse\" data-lazy=\"1\">\n    \t<div class=\"module-buttons-item tf_inline_b\">\n\t\t\t\t\t\t\t<a href=\"#\" class=\"ui builder_button tb_default_color\" >\n\t\t\t\t\t\t\t\t\t\t\t<span class=\"tf_inline_b tf_vmiddle\">M\u00e1s Informaci\u00f3n<\/span>\n\t\t\t\t\t\t\t\t\t\t\t<\/a>\n\t\t\t    \t<\/div>\n\t<\/div>\n<!-- \/module buttons -->\n\t        <\/div>\n\t    \t<\/div>\n\t\t    <\/div>\n\t    <!-- \/row_inner -->\n\t<\/div>\n\t<!-- \/module_row -->\n\t<\/div>\n<!--\/themify_builder_content-->","protected":false},"excerpt":{"rendered":"<p>Arquiconsult.com \/ Sectores \/ Transporte y log\u00edstica \/ Navitrans Transportes Transportes Navitrans El m\u00f3dulo de Navitrans Transportes es un sistema de gesti\u00f3n del transporte (TMS) de f\u00e1cil manejo. Navitrans Transportes El m\u00f3dulo de Navitrans Transportes es un sistema de gesti\u00f3n del transporte (TMS) de f\u00e1cil manejo que automatiza, estructura y optimiza los procesos log\u00edsticos de [&hellip;]<\/p>\n","protected":false},"author":4,"featured_media":0,"parent":0,"menu_order":0,"comment_status":"closed","ping_status":"closed","template":"","meta":[],"acf":[],"_links":{"self":[{"href":"https:\/\/arquiconsult.com\/es\/wp-json\/wp\/v2\/pages\/41064"}],"collection":[{"href":"https:\/\/arquiconsult.com\/es\/wp-json\/wp\/v2\/pages"}],"about":[{"href":"https:\/\/arquiconsult.com\/es\/wp-json\/wp\/v2\/types\/page"}],"author":[{"embeddable":true,"href":"https:\/\/arquiconsult.com\/es\/wp-json\/wp\/v2\/users\/4"}],"replies":[{"embeddable":true,"href":"https:\/\/arquiconsult.com\/es\/wp-json\/wp\/v2\/comments?post=41064"}],"version-history":[{"count":1,"href":"https:\/\/arquiconsult.com\/es\/wp-json\/wp\/v2\/pages\/41064\/revisions"}],"predecessor-version":[{"id":118255,"href":"https:\/\/arquiconsult.com\/es\/wp-json\/wp\/v2\/pages\/41064\/revisions\/118255"}],"wp:attachment":[{"href":"https:\/\/arquiconsult.com\/es\/wp-json\/wp\/v2\/media?parent=41064"}],"curies":[{"name":"wp","href":"https:\/\/api.w.org\/{rel}","templated":true}]}}