{"id":41096,"date":"2022-09-13T15:04:11","date_gmt":"2022-09-13T14:04:11","guid":{"rendered":"https:\/\/arquiconsult.com\/?page_id=41096"},"modified":"2025-12-02T16:36:54","modified_gmt":"2025-12-02T16:36:54","slug":"videos-navitrans","status":"publish","type":"page","link":"https:\/\/arquiconsult.com\/es\/videos-navitrans\/","title":{"rendered":"Videos Navitrans"},"content":{"rendered":"<!--themify_builder_content-->\n<div id=\"themify_builder_content-41096\" data-postid=\"41096\" class=\"themify_builder_content themify_builder_content-41096 themify_builder tf_clear\">\n    \t<!-- module_row -->\n\t<div  data-css_id=\"xoqi851\" data-lazy=\"1\" class=\"module_row themify_builder_row fullcover fullwidth tb_xoqi851 tb_first tf_clearfix wow\" data-tf-animation=\"pulse\" >\n\t    \t\t<div class=\"row_inner col_align_top col-count-1 tf_box tf_w tf_rel\">\n\t\t\t<div  data-lazy=\"1\" class=\"module_column tb-column col-full first tb_z8ii851 tf_box\">\n\t\t\t    \t        <div class=\"tb-column-inner tf_box tf_w\">\n\t\t    <!-- module text -->\n<div  class=\"module module-text tb_e7q4851  repeat \" data-lazy=\"1\">\n        <div  class=\"tb_text_wrap\">\n    <h2>Videos Navitrans<\/h2>    <\/div>\n<\/div>\n<!-- \/module text --><!-- module text -->\n<div  class=\"module module-text tb_r8is851  repeat \" data-lazy=\"1\">\n        <div  class=\"tb_text_wrap\">\n    <p style=\"text-align: center;\"><strong>La soluci\u00f3n ERP para empresas que prestan Servicios de Log\u00edstica, transporte de mercanc\u00edas, distribuci\u00f3n, tr\u00e1nsito, almacenaje o incluso ofrecen varios de estos servicios de forma integrada.<\/strong><\/p>\n<p style=\"text-align: center;\">M\u00e1s que palabras son los v\u00eddeos sobre los beneficios de nuestras ventajas Navitrans, desde el punto de vista de varios clientes de arquiconsult.<\/p>    <\/div>\n<\/div>\n<!-- \/module text --><!-- module image -->\n<div  class=\"module module-image tb_qekk851   image-top tf_mw\" data-lazy=\"1\">\n        <div class=\"image-wrap tf_rel tf_mw\">\n\t\t    <img loading=\"lazy\" src=\"https:\/\/arquiconsult.com\/wp-content\/uploads\/2023\/01\/Navitrans-logo-1-200x53.png\" width=\"200\" height=\"53\" class=\"wp-post-image wp-image-48288\" title=\"Navitrans-logo\" alt=\"Navitrans-new_logo\">\t\n\t\t<\/div>\n\t<!-- \/image-wrap -->\n    \n    \t<\/div>\n<!-- \/module image -->\t        <\/div>\n\t    \t<\/div>\n\t\t    <\/div>\n\t    <!-- \/row_inner -->\n\t<\/div>\n\t<!-- \/module_row -->\n\t\t<!-- module_row -->\n\t<div  data-lazy=\"1\" class=\"module_row themify_builder_row repeat tb_uaen305 tf_clearfix\" >\n\t    \t\t<div class=\"row_inner col_align_top col-count-2 tf_box tf_w tf_rel\">\n\t\t\t<div  data-lazy=\"1\" class=\"module_column tb-column col4-2 first tb_dxt9305 repeat tf_box\">\n\t\t\t    \t        <div class=\"tb-column-inner tf_box tf_w\">\n\t\t    <!-- module video -->\n<div  class=\"module module-video tb_ilmx305 video-top video-tja  wow\" data-tf-animation=\"fadeInUp\" data-lazy=\"1\" data-url=\"https:\/\/www.youtube.com\/watch?v=legZeKMC2kk\">\n    \t\t\t\t<div class=\"video-wrap-outer\" style=\"max-width:900px;\">\n\t\t\t<div class=\"video-wrap tf_rel tf_overflow\">\n\t\t\t\t\t\t\t<\/div>\n\t\t\t<!-- \/video-wrap -->\n\t\t<\/div>\n\t\t<!-- \/video-wrap-outer -->\n\t\t\t<\/div>\n\t        <\/div>\n\t    \t<\/div>\n\t\t<div  data-lazy=\"1\" class=\"module_column tb-column col4-2 last tb_jd24305 tf_box\">\n\t\t\t    \t        <div class=\"tb-column-inner tf_box tf_w\">\n\t\t    <!-- module video -->\n<div  class=\"module module-video tb_r7x0305 video-top video-tja  wow\" data-tf-animation=\"fadeInUp\" data-lazy=\"1\" data-url=\"https:\/\/youtu.be\/rbiDL3RZpnQ\">\n    \t\t\t\t<div class=\"video-wrap-outer\" style=\"max-width:900px;\">\n\t\t\t<div class=\"video-wrap tf_rel tf_overflow\">\n\t\t\t\t\t\t\t<\/div>\n\t\t\t<!-- \/video-wrap -->\n\t\t<\/div>\n\t\t<!-- \/video-wrap-outer -->\n\t\t\t<\/div>\n\t        <\/div>\n\t    \t<\/div>\n\t\t    <\/div>\n\t    <!-- \/row_inner -->\n\t<\/div>\n\t<!-- \/module_row -->\n\t\t<!-- module_row -->\n\t<div  data-lazy=\"1\" class=\"module_row themify_builder_row repeat tb_ua9t576 tf_clearfix\" >\n\t    \t\t<div class=\"row_inner col_align_top col-count-2 tf_box tf_w tf_rel\">\n\t\t\t<div  data-lazy=\"1\" class=\"module_column tb-column col4-2 first tb_ck25576 repeat tf_box\">\n\t\t\t    \t        <div class=\"tb-column-inner tf_box tf_w\">\n\t\t    <!-- module video -->\n<div  class=\"module module-video tb_9ywz576 video-top video-tja  wow\" data-tf-animation=\"fadeInUp\" data-lazy=\"1\" data-url=\"https:\/\/youtu.be\/w3ZxS2JHi_E\">\n    \t\t\t\t<div class=\"video-wrap-outer\" style=\"max-width:900px;\">\n\t\t\t<div class=\"video-wrap tf_rel tf_overflow\">\n\t\t\t\t\t\t\t<\/div>\n\t\t\t<!-- \/video-wrap -->\n\t\t<\/div>\n\t\t<!-- \/video-wrap-outer -->\n\t\t\t<\/div>\n\t        <\/div>\n\t    \t<\/div>\n\t\t<div  data-lazy=\"1\" class=\"module_column tb-column col4-2 last tb_shfc576 tf_box\">\n\t\t\t    \t        <div class=\"tb-column-inner tf_box tf_w\">\n\t\t    <!-- module video -->\n<div  class=\"module module-video tb_jomf576 video-top video-tja  wow\" data-tf-animation=\"fadeInUp\" data-lazy=\"1\" data-url=\"https:\/\/youtu.be\/OQSlX8lKZuo\">\n    \t\t\t\t<div class=\"video-wrap-outer\" style=\"max-width:900px;\">\n\t\t\t<div class=\"video-wrap tf_rel tf_overflow\">\n\t\t\t\t\t\t\t<\/div>\n\t\t\t<!-- \/video-wrap -->\n\t\t<\/div>\n\t\t<!-- \/video-wrap-outer -->\n\t\t\t<\/div>\n\t        <\/div>\n\t    \t<\/div>\n\t\t    <\/div>\n\t    <!-- \/row_inner -->\n\t<\/div>\n\t<!-- \/module_row -->\n\t\t<!-- module_row -->\n\t<div  data-lazy=\"1\" class=\"module_row themify_builder_row repeat tb_rrzw700 tf_clearfix\" >\n\t    \t\t<div class=\"row_inner col_align_top col-count-2 tf_box tf_w tf_rel\">\n\t\t\t<div  data-lazy=\"1\" class=\"module_column tb-column col4-2 first tb_1ets700 repeat tf_box\">\n\t\t\t    \t        <div class=\"tb-column-inner tf_box tf_w\">\n\t\t    <!-- module video -->\n<div  class=\"module module-video tb_6rcv701 video-top video-tja  wow\" data-tf-animation=\"fadeInUp\" data-lazy=\"1\" data-url=\"https:\/\/youtu.be\/fVQwvQl2LyE\">\n    \t\t\t\t<div class=\"video-wrap-outer\" style=\"max-width:900px;\">\n\t\t\t<div class=\"video-wrap tf_rel tf_overflow\">\n\t\t\t\t\t\t\t<\/div>\n\t\t\t<!-- \/video-wrap -->\n\t\t<\/div>\n\t\t<!-- \/video-wrap-outer -->\n\t\t\t<\/div>\n\t        <\/div>\n\t    \t<\/div>\n\t\t<div  data-lazy=\"1\" class=\"module_column tb-column col4-2 last tb_8ov8701 tf_box\">\n\t\t\t    \t        <div class=\"tb-column-inner tf_box tf_w\">\n\t\t    <!-- module video -->\n<div  class=\"module module-video tb_er5b701 video-top video-tja  wow\" data-tf-animation=\"fadeInUp\" data-lazy=\"1\" data-url=\"https:\/\/youtu.be\/t-gk2gfS4-g\">\n    \t\t\t\t<div class=\"video-wrap-outer\" style=\"max-width:900px;\">\n\t\t\t<div class=\"video-wrap tf_rel tf_overflow\">\n\t\t\t\t\t\t\t<\/div>\n\t\t\t<!-- \/video-wrap -->\n\t\t<\/div>\n\t\t<!-- \/video-wrap-outer -->\n\t\t\t<\/div>\n\t        <\/div>\n\t    \t<\/div>\n\t\t    <\/div>\n\t    <!-- \/row_inner -->\n\t<\/div>\n\t<!-- \/module_row -->\n\t<\/div>\n<!--\/themify_builder_content-->","protected":false},"excerpt":{"rendered":"<p>Videos Navitrans La soluci\u00f3n ERP para empresas que prestan Servicios de Log\u00edstica, transporte de mercanc\u00edas, distribuci\u00f3n, tr\u00e1nsito, almacenaje o incluso ofrecen varios de estos servicios de forma integrada. M\u00e1s que palabras son los v\u00eddeos sobre los beneficios de nuestras ventajas Navitrans, desde el punto de vista de varios clientes de arquiconsult.<\/p>\n","protected":false},"author":4,"featured_media":0,"parent":0,"menu_order":0,"comment_status":"closed","ping_status":"closed","template":"","meta":[],"acf":[],"_links":{"self":[{"href":"https:\/\/arquiconsult.com\/es\/wp-json\/wp\/v2\/pages\/41096"}],"collection":[{"href":"https:\/\/arquiconsult.com\/es\/wp-json\/wp\/v2\/pages"}],"about":[{"href":"https:\/\/arquiconsult.com\/es\/wp-json\/wp\/v2\/types\/page"}],"author":[{"embeddable":true,"href":"https:\/\/arquiconsult.com\/es\/wp-json\/wp\/v2\/users\/4"}],"replies":[{"embeddable":true,"href":"https:\/\/arquiconsult.com\/es\/wp-json\/wp\/v2\/comments?post=41096"}],"version-history":[{"count":1,"href":"https:\/\/arquiconsult.com\/es\/wp-json\/wp\/v2\/pages\/41096\/revisions"}],"predecessor-version":[{"id":118259,"href":"https:\/\/arquiconsult.com\/es\/wp-json\/wp\/v2\/pages\/41096\/revisions\/118259"}],"wp:attachment":[{"href":"https:\/\/arquiconsult.com\/es\/wp-json\/wp\/v2\/media?parent=41096"}],"curies":[{"name":"wp","href":"https:\/\/api.w.org\/{rel}","templated":true}]}}