{"id":45832,"date":"2022-09-21T10:37:13","date_gmt":"2022-09-21T09:37:13","guid":{"rendered":"https:\/\/arquiconsult.com\/?page_id=45832"},"modified":"2025-12-05T13:57:12","modified_gmt":"2025-12-05T13:57:12","slug":"yaveon-apps","status":"publish","type":"page","link":"https:\/\/arquiconsult.com\/es\/yaveon-apps\/","title":{"rendered":"Yaveon Apps"},"content":{"rendered":"<!--themify_builder_content-->\n<div id=\"themify_builder_content-45832\" data-postid=\"45832\" class=\"themify_builder_content themify_builder_content-45832 themify_builder tf_clear\">\n    \t<!-- module_row -->\n\t<div  data-css_id=\"wgms159\" data-lazy=\"1\" class=\"module_row themify_builder_row fullcover fullwidth_row_container tb_wgms159 tb_first tf_clearfix\" >\n\t    <div class=\"builder_row_cover tf_abs\"><\/div>\t\t<div class=\"row_inner col_align_middle col-count-1 tf_box tf_w tf_rel\"  data-basecol=\"1\" data-col_tablet=\"column-full\" data-col_mobile=\"column-full\">\n\t\t\t<div  data-lazy=\"1\" class=\"module_column tb-column col-full first tb_bv1p159 repeat tf_box\">\n\t\t\t    \t        <div class=\"tb-column-inner tf_box tf_w\">\n\t\t    <!-- module text -->\n<div  class=\"module module-text tb_vxsr159  repeat \" data-lazy=\"1\">\n        <div  class=\"tb_text_wrap\">\n    <p style=\"text-align: center;\">Yaveon \u2013 el ERP adecuado para la gesti\u00f3n de la industria.<\/p>    <\/div>\n<\/div>\n<!-- \/module text --><!-- module image -->\n<div  class=\"module module-image tb_e9sa159   image-top tf_mw\" data-lazy=\"1\">\n        <div class=\"image-wrap tf_rel tf_mw\">\n\t\t    <img loading=\"lazy\" src=\"https:\/\/arquiconsult.com\/wp-content\/uploads\/2025\/07\/yaveon-logo-neg-srgb-1-250x81.png\" width=\"250\" height=\"81\" class=\"wp-post-image wp-image-105856\" title=\"yaveon-logo-neg-srgb\" alt=\"yaveon-logo-pos-srgb\">\t\n\t\t<\/div>\n\t<!-- \/image-wrap -->\n    \n    \t<\/div>\n<!-- \/module image -->\t        <\/div>\n\t    \t<\/div>\n\t\t    <\/div>\n\t    <!-- \/row_inner -->\n\t<\/div>\n\t<!-- \/module_row -->\n\t\t<!-- module_row -->\n\t<div  data-css_id=\"rs7s926\" data-lazy=\"1\" class=\"module_row themify_builder_row fullwidth_row_container tb_rs7s926 tf_clearfix\" >\n\t    \t\t<div class=\"row_inner col_align_top col-count-1 tf_box tf_w tf_rel\">\n\t\t\t<div  data-lazy=\"1\" class=\"module_column tb-column col-full first tb_fs6y927 tf_box\">\n\t\t\t    \t        <div class=\"tb-column-inner tf_box tf_w\">\n\t\t    <!-- module text -->\n<div  class=\"module module-text tb_3y9d927  repeat \" data-lazy=\"1\">\n        <div  class=\"tb_text_wrap\">\n    <h2>APLICACIONES PRINCIPALES YAVEON<\/h2>    <\/div>\n<\/div>\n<!-- \/module text -->\t        <\/div>\n\t    \t<\/div>\n\t\t    <\/div>\n\t    <!-- \/row_inner -->\n\t<\/div>\n\t<!-- \/module_row -->\n\t\t<!-- module_row -->\n\t<div  data-lazy=\"1\" class=\"module_row themify_builder_row tb_rzio899 tf_clearfix\" >\n\t    \t\t<div class=\"row_inner col_align_top col-count-1 tf_box tf_w tf_rel\">\n\t\t\t<div  data-lazy=\"1\" class=\"module_column tb-column col-full first tb_ui2k900 tf_box\">\n\t\t\t    \t        <div class=\"tb-column-inner tf_box tf_w\">\n\t\t    \t<div  data-lazy=\"1\" class=\"module_subrow themify_builder_sub_row tb_d4dn902 tf_w tf_clearfix\">\n\t    \t\t<div class=\"subrow_inner col_align_top gutter-narrow col-count-3 tf_box tf_w\"  data-basecol=\"3\" data-col_mobile=\"column-full\">\n\t\t\t<div  data-lazy=\"1\" class=\"sub_column module_column tf_box col3-1 first tb_9hua757 best-fit-image\" > \n\t    <div class=\"builder_row_cover tf_abs\"><\/div>\t    \t        <div class=\"tb-column-inner tf_box tf_w\">\n\t\t    <!-- module text -->\n<div  class=\"module module-text tb_nu3a758  repeat \" data-lazy=\"1\">\n        <div  class=\"tb_text_wrap\">\n    <p style=\"text-align: center;\"><strong><br \/>GESTI\u00d3N DE LOTES<\/strong><\/p><p style=\"text-align: center;\">Administre sus lotes: sistem\u00e1ticamente y con solo presionar un bot\u00f3n<\/p>    <\/div>\n<\/div>\n<!-- \/module text -->\t        <\/div>\n\t    \t<\/div>\n\t\t<div  data-lazy=\"1\" class=\"sub_column module_column tf_box col3-1 middle tb_685r845 best-fit-image\" > \n\t    <div class=\"builder_row_cover tf_abs\"><\/div>\t    \t        <div class=\"tb-column-inner tf_box tf_w\">\n\t\t    <!-- module text -->\n<div  class=\"module module-text tb_rfdq845  repeat \" data-lazy=\"1\">\n        <div  class=\"tb_text_wrap\">\n    <p style=\"text-align: center;\"><strong><br \/><\/strong><strong>CUMPLIMIENTO<\/strong><\/p><p style=\"text-align: center;\">Satisfaga las altas exigencias de un entorno regulado y cumpla con los reglamentos y normas legales<\/p>    <\/div>\n<\/div>\n<!-- \/module text -->\t        <\/div>\n\t    \t<\/div>\n\t\t<div  data-lazy=\"1\" class=\"sub_column module_column tf_box col3-1 last tb_4d8l851 best-fit-image\" > \n\t    <div class=\"builder_row_cover tf_abs\"><\/div>\t    \t        <div class=\"tb-column-inner tf_box tf_w\">\n\t\t    <!-- module text -->\n<div  class=\"module module-text tb_p637851  repeat \" data-lazy=\"1\">\n        <div  class=\"tb_text_wrap\">\n    <p style=\"text-align: center;\"><strong><br \/>FABRICACI\u00d3N<\/strong><\/p><p style=\"text-align: center;\">YAVEON 365 Manufacturing admite la planificaci\u00f3n y el procesamiento de la fabricaci\u00f3n gestionada por lotes<\/p>    <\/div>\n<\/div>\n<!-- \/module text -->\t        <\/div>\n\t    \t<\/div>\n\t\t    <\/div>\n\t<\/div><!-- \/themify_builder_sub_row -->\n\t\t<div  data-lazy=\"1\" class=\"module_subrow themify_builder_sub_row tb_ky88126 tf_w tf_clearfix\">\n\t    \t\t<div class=\"subrow_inner col_align_top gutter-narrow col-count-3 tf_box tf_w\"  data-basecol=\"3\" data-col_mobile=\"column-full\">\n\t\t\t<div  data-lazy=\"1\" class=\"sub_column module_column tf_box col3-1 first tb_deln854 best-fit-image\" > \n\t    <div class=\"builder_row_cover tf_abs\"><\/div>\t    \t        <div class=\"tb-column-inner tf_box tf_w\">\n\t\t    <!-- module text -->\n<div  class=\"module module-text tb_q9ws854  repeat \" data-lazy=\"1\">\n        <div  class=\"tb_text_wrap\">\n    <p style=\"text-align: center;\"><strong><br \/><\/strong><strong>SEGURO DE CALIDAD<\/strong><\/p><p style=\"text-align: center;\">Compruebe su calidad: de forma continua, autom\u00e1tica y fiable<\/p>    <\/div>\n<\/div>\n<!-- \/module text -->\t        <\/div>\n\t    \t<\/div>\n\t\t<div  data-lazy=\"1\" class=\"sub_column module_column tf_box col3-1 middle tb_dehf756 best-fit-image\" > \n\t    <div class=\"builder_row_cover tf_abs\"><\/div>\t    \t        <div class=\"tb-column-inner tf_box tf_w\">\n\t\t    <!-- module text -->\n<div  class=\"module module-text tb_ae0z756  repeat \" data-lazy=\"1\">\n        <div  class=\"tb_text_wrap\">\n    <p style=\"text-align: center;\"><strong><br \/>COMERCIO<\/strong><\/p><p style=\"text-align: center;\">Encuentre el precio negociado, no solo el m\u00e1s bajo<\/p>    <\/div>\n<\/div>\n<!-- \/module text -->\t        <\/div>\n\t    \t<\/div>\n\t\t<div  data-lazy=\"1\" class=\"sub_column module_column tf_box col3-1 last tb_flrp142 best-fit-image\" > \n\t    <div class=\"builder_row_cover tf_abs\"><\/div>\t    \t        <div class=\"tb-column-inner tf_box tf_w\">\n\t\t    <!-- module text -->\n<div  class=\"module module-text tb_4rpi142  repeat \" data-lazy=\"1\">\n        <div  class=\"tb_text_wrap\">\n    <p style=\"text-align: center;\"><strong><br \/>VENTA Y COMPRA<\/strong><\/p><p style=\"text-align: center;\">Mejora la eficiencia en tu proceso de compra y venta<\/p>    <\/div>\n<\/div>\n<!-- \/module text -->\t        <\/div>\n\t    \t<\/div>\n\t\t    <\/div>\n\t<\/div><!-- \/themify_builder_sub_row -->\n\t\t<div  data-lazy=\"1\" class=\"module_subrow themify_builder_sub_row tb_tyiz340 tf_w tf_clearfix\">\n\t    \t\t<div class=\"subrow_inner col_align_top gutter-narrow col-count-3 tf_box tf_w\"  data-basecol=\"3\" data-col_mobile=\"column-full\">\n\t\t\t<div  data-lazy=\"1\" class=\"sub_column module_column tf_box col3-1 first tb_6vjn646 best-fit-image\" > \n\t    <div class=\"builder_row_cover tf_abs\"><\/div>\t    \t        <div class=\"tb-column-inner tf_box tf_w\">\n\t\t    <!-- module text -->\n<div  class=\"module module-text tb_2bl5646  repeat \" data-lazy=\"1\">\n        <div  class=\"tb_text_wrap\">\n    <p style=\"text-align: center;\"><strong><br \/>GESTI\u00d3N DE SUSTANCIAS PELIGROSAS<\/strong><\/p><p style=\"text-align: center;\">Une tu ERP con tu Sistema de Gesti\u00f3n de Materiales Peligrosos<\/p>    <\/div>\n<\/div>\n<!-- \/module text -->\t        <\/div>\n\t    \t<\/div>\n\t\t<div  data-lazy=\"1\" class=\"sub_column module_column tf_box col3-1 middle tb_xhog136 best-fit-image\" > \n\t    <div class=\"builder_row_cover tf_abs\"><\/div>\t    \t        <div class=\"tb-column-inner tf_box tf_w\">\n\t\t    <!-- module text -->\n<div  class=\"module module-text tb_ffoy136  repeat \" data-lazy=\"1\">\n        <div  class=\"tb_text_wrap\">\n    <p style=\"text-align: center;\"><strong><br \/>COSTES<\/strong><\/p><p style=\"text-align: center;\">Calcule el precio y los costes de los art\u00edculos: de forma sencilla y sencilla<\/p>    <\/div>\n<\/div>\n<!-- \/module text -->\t        <\/div>\n\t    \t<\/div>\n\t\t<div  data-lazy=\"1\" class=\"sub_column module_column tf_box col3-1 last tb_uhky861 best-fit-image\" > \n\t    <div class=\"builder_row_cover tf_abs\"><\/div>\t    \t        <div class=\"tb-column-inner tf_box tf_w\">\n\t\t    <!-- module text -->\n<div  class=\"module module-text tb_uqp3861  repeat \" data-lazy=\"1\">\n        <div  class=\"tb_text_wrap\">\n    <p style=\"text-align: center;\"><strong><br \/>GESTION DE ALMACENES<\/strong><\/p><p style=\"text-align: center;\">Simplemente autom\u00e1tico, autom\u00e1ticamente simple: almacene y mueva su stock de manera m\u00e1s eficiente<\/p>    <\/div>\n<\/div>\n<!-- \/module text -->\t        <\/div>\n\t    \t<\/div>\n\t\t    <\/div>\n\t<\/div><!-- \/themify_builder_sub_row -->\n\t\t<div  data-lazy=\"1\" class=\"module_subrow themify_builder_sub_row tb_qjmr834 tf_w tf_clearfix\">\n\t    \t\t<div class=\"subrow_inner col_align_top gutter-narrow col-count-3 tf_box tf_w\"  data-basecol=\"3\" data-col_mobile=\"column-full\">\n\t\t\t<div  data-lazy=\"1\" class=\"sub_column module_column tf_box col3-1 first tb_yv0d156 best-fit-image\" > \n\t    <div class=\"builder_row_cover tf_abs\"><\/div>\t    \t        <div class=\"tb-column-inner tf_box tf_w\">\n\t\t    <!-- module text -->\n<div  class=\"module module-text tb_l16t156  repeat \" data-lazy=\"1\">\n        <div  class=\"tb_text_wrap\">\n    <p style=\"text-align: center;\"><strong><br \/>PRODUCCI\u00d3N CONJUNTA<\/strong><\/p><p style=\"text-align: center;\">Mapear hol\u00edsticamente los procesos de producci\u00f3n que van m\u00e1s all\u00e1 de un solo producto principal<\/p>    <\/div>\n<\/div>\n<!-- \/module text -->\t        <\/div>\n\t    \t<\/div>\n\t\t<div  data-lazy=\"1\" class=\"sub_column module_column tf_box col3-1 middle tb_u5ie411 best-fit-image\" > \n\t    <div class=\"builder_row_cover tf_abs\"><\/div>\t    \t        <div class=\"tb-column-inner tf_box tf_w\">\n\t\t    <!-- module text -->\n<div  class=\"module module-text tb_3dr6411  repeat \" data-lazy=\"1\">\n        <div  class=\"tb_text_wrap\">\n    <p style=\"text-align: center;\"><strong><br \/>CLASIFICACI\u00d3N DE ENTREGA<\/strong><\/p><p style=\"text-align: center;\">Clasificaci\u00f3n simplificada: eval\u00fae la calidad de sus proveedores y sus entregas<\/p>    <\/div>\n<\/div>\n<!-- \/module text -->\t        <\/div>\n\t    \t<\/div>\n\t\t<div  data-lazy=\"1\" class=\"sub_column module_column tf_box col3-1 last tb_ix9b93 best-fit-image\" > \n\t    <div class=\"builder_row_cover tf_abs\"><\/div>\t    \t        <div class=\"tb-column-inner tf_box tf_w\">\n\t\t    <!-- module text -->\n<div  class=\"module module-text tb_ellt93  repeat \" data-lazy=\"1\">\n        <div  class=\"tb_text_wrap\">\n    <p style=\"text-align: center;\"><strong><br \/>INVESTIGACI\u00d3N Y DESARROLLO<\/strong><\/p><p style=\"text-align: center;\">I+D integrado: Desarrollo de nuevos productos y recetas, integrados en sus procesos de negocio<\/p>    <\/div>\n<\/div>\n<!-- \/module text -->\t        <\/div>\n\t    \t<\/div>\n\t\t    <\/div>\n\t<\/div><!-- \/themify_builder_sub_row -->\n\t\t<div  data-lazy=\"1\" class=\"module_subrow themify_builder_sub_row tb_4jmy646 tf_w tf_clearfix\">\n\t    \t\t<div class=\"subrow_inner col_align_top gutter-narrow col-count-2 tf_box tf_w\"  data-basecol=\"2\" data-col_mobile=\"column-full\">\n\t\t\t<div  style=\"width: 49.61%\" data-lazy=\"1\" class=\"sub_column module_column tf_box col4-2 first tb_r00n425 best-fit-image\" > \n\t    <div class=\"builder_row_cover tf_abs\"><\/div>\t    \t        <div class=\"tb-column-inner tf_box tf_w\">\n\t\t    <!-- module text -->\n<div  class=\"module module-text tb_42te425  repeat \" data-lazy=\"1\">\n        <div  class=\"tb_text_wrap\">\n    <p style=\"text-align: center;\"><strong><br \/>EXPLORACI\u00d3N<\/strong><\/p><p style=\"text-align: center;\">Optimice la gesti\u00f3n de su almac\u00e9n gracias a los di\u00e1logos de escaneo simplificados<\/p>    <\/div>\n<\/div>\n<!-- \/module text -->\t        <\/div>\n\t    \t<\/div>\n\t\t<div  style=\"width: 48.79%\" data-lazy=\"1\" class=\"sub_column module_column tf_box col4-2 last tb_it2w454 best-fit-image\" > \n\t    <div class=\"builder_row_cover tf_abs\"><\/div>\t    \t        <div class=\"tb-column-inner tf_box tf_w\">\n\t\t    <!-- module text -->\n<div  class=\"module module-text tb_nphp454  repeat \" data-lazy=\"1\">\n        <div  class=\"tb_text_wrap\">\n    <p style=\"text-align: center;\"><strong><br \/><\/strong><strong>ADQUISICI\u00d3N DE DATOS DE LA PLANTA<\/strong><\/p><p style=\"text-align: center;\">Adquisici\u00f3n de datos de planta sin papel: \u00bfes posible? \u00a1No hay problema!<\/p>    <\/div>\n<\/div>\n<!-- \/module text -->\t        <\/div>\n\t    \t<\/div>\n\t\t    <\/div>\n\t<\/div><!-- \/themify_builder_sub_row -->\n\t\t        <\/div>\n\t    \t<\/div>\n\t\t    <\/div>\n\t    <!-- \/row_inner -->\n\t<\/div>\n\t<!-- \/module_row -->\n\t\t<!-- module_row -->\n\t<div  data-css_id=\"k4uj986\" data-lazy=\"1\" class=\"module_row themify_builder_row solucoes-sector repeat fullwidth_row_container tb_k4uj986 tf_clearfix\" >\n\t    \t\t<div class=\"row_inner col_align_top col-count-1 tf_box tf_w tf_rel\">\n\t\t\t<div  data-lazy=\"1\" class=\"module_column tb-column col-full first tb_vayg987 tf_box\">\n\t\t\t    \t        <div class=\"tb-column-inner tf_box tf_w\">\n\t\t    <!-- module buttons -->\n<div  class=\"module module-buttons tb_6p90989 buttons-horizontal solid popmake-44498 xlarge circle tf_textc wow\" data-tf-animation=\"pulse\" data-lazy=\"1\">\n    \t<div class=\"module-buttons-item tf_inline_b\">\n\t\t\t\t\t\t\t<a href=\"#\" class=\"ui builder_button tb_default_color\" >\n\t\t\t\t\t\t\t\t\t\t\t<span class=\"tf_inline_b tf_vmiddle\">SOLICITE UNA DEMO<\/span>\n\t\t\t\t\t\t\t\t\t\t\t<\/a>\n\t\t\t    \t<\/div>\n\t<\/div>\n<!-- \/module buttons -->\n\t        <\/div>\n\t    \t<\/div>\n\t\t    <\/div>\n\t    <!-- \/row_inner -->\n\t<\/div>\n\t<!-- \/module_row -->\n\t<\/div>\n<!--\/themify_builder_content-->","protected":false},"excerpt":{"rendered":"<p>Yaveon \u2013 el ERP adecuado para la gesti\u00f3n de la industria. APLICACIONES PRINCIPALES YAVEON GESTI\u00d3N DE LOTES Administre sus lotes: sistem\u00e1ticamente y con solo presionar un bot\u00f3n CUMPLIMIENTO Satisfaga las altas exigencias de un entorno regulado y cumpla con los reglamentos y normas legales FABRICACI\u00d3N YAVEON 365 Manufacturing admite la planificaci\u00f3n y el procesamiento de [&hellip;]<\/p>\n","protected":false},"author":4,"featured_media":0,"parent":0,"menu_order":1,"comment_status":"closed","ping_status":"closed","template":"","meta":[],"acf":[],"_links":{"self":[{"href":"https:\/\/arquiconsult.com\/es\/wp-json\/wp\/v2\/pages\/45832"}],"collection":[{"href":"https:\/\/arquiconsult.com\/es\/wp-json\/wp\/v2\/pages"}],"about":[{"href":"https:\/\/arquiconsult.com\/es\/wp-json\/wp\/v2\/types\/page"}],"author":[{"embeddable":true,"href":"https:\/\/arquiconsult.com\/es\/wp-json\/wp\/v2\/users\/4"}],"replies":[{"embeddable":true,"href":"https:\/\/arquiconsult.com\/es\/wp-json\/wp\/v2\/comments?post=45832"}],"version-history":[{"count":1,"href":"https:\/\/arquiconsult.com\/es\/wp-json\/wp\/v2\/pages\/45832\/revisions"}],"predecessor-version":[{"id":118326,"href":"https:\/\/arquiconsult.com\/es\/wp-json\/wp\/v2\/pages\/45832\/revisions\/118326"}],"wp:attachment":[{"href":"https:\/\/arquiconsult.com\/es\/wp-json\/wp\/v2\/media?parent=45832"}],"curies":[{"name":"wp","href":"https:\/\/api.w.org\/{rel}","templated":true}]}}