{"id":47210,"date":"2022-12-22T15:22:58","date_gmt":"2022-12-22T15:22:58","guid":{"rendered":"https:\/\/arquiconsult.com\/?page_id=47210"},"modified":"2025-12-09T11:07:22","modified_gmt":"2025-12-09T11:07:22","slug":"bridge-to-the-cloud","status":"publish","type":"page","link":"https:\/\/arquiconsult.com\/es\/bridge-to-the-cloud\/","title":{"rendered":"Bridge to the Cloud"},"content":{"rendered":"<p><!--\n\n\n\n<style>\n                \t\/* styles in post_content, from the import *\/<br \/>                \t.module-image.module-featured-image{<br \/>                    \tdisplay: none;<br \/>                    }<br \/>                <\/style>\n\n<iframe loading=\"lazy\" type=\"text\/html\" width=\"640\" height=\"360\" src=\"https:\/\/www.youtube.com\/embed\/b_RDQSxMM7o\" frameborder=\"0\"><\/iframe> --><\/p>\n<!--themify_builder_content-->\n<div id=\"themify_builder_content-47210\" data-postid=\"47210\" class=\"themify_builder_content themify_builder_content-47210 themify_builder tf_clear\">\n    \t<!-- module_row -->\n\t<div  data-css_id=\"b9z4163\" data-lazy=\"1\" class=\"module_row themify_builder_row fullcover fullwidth_row_container tb_b9z4163 tb_first tf_clearfix\" >\n\t    <div class=\"builder_row_cover tf_abs\"><\/div>\t\t<div class=\"row_inner col_align_middle col-count-2 tf_box tf_w tf_rel\"  data-basecol=\"2\" data-col_tablet=\"column-full\" data-col_mobile=\"column-full\">\n\t\t\t<div  data-lazy=\"1\" style=\"width: 76.37%\" class=\"module_column tb-column col3-2 first tb_lfyi164 tf_box\">\n\t\t\t    \t        <div class=\"tb-column-inner tf_box tf_w\">\n\t\t    <!-- module text -->\n<div  class=\"module module-text tb_38py164  repeat \" data-lazy=\"1\">\n        <div  class=\"tb_text_wrap\">\n    <h4><a href=\"https:\/\/arquiconsult.com\">Arquiconsult.com<\/a> \/ <a href=\"#\">Soluciones<\/a> \/\u00a0<a href=\"https:\/\/arquiconsult.com\/en\/arqebi\/#\">Microsoft Dynamics 365<\/a> \/ ERP Finance and Operations \/ Bridge to the Cloud<\/h4>    <\/div>\n<\/div>\n<!-- \/module text --><!-- module fancy heading -->\n<!--\/* $fields_args['heading_tag']  CODIGO QUE SAIU * \/-->\n<div  class=\"module module-fancy-heading tb_cdo0164 titulo-suporte tb_hide_divider\" data-lazy=\"1\">\n        <h1  class=\"fancy-heading tf_textl\">\n    <span class=\"main-head tf_block\">\n\t\t\t\t\tBridge to the Cloud\t\t    <\/span>\n\n\t\n    <span class=\"sub-head tf_block tf_rel\">\n\t\t\t\t\t\t\t    <\/span>\n    <\/h2>\n<\/div>\n<!-- \/module fancy heading -->\n<!-- module text -->\n<div  class=\"module module-text tb_qaxk164   \" data-lazy=\"1\">\n        <div  class=\"tb_text_wrap\">\n    <p>Pisando fuerte en tu transformaci\u00f3n digital<\/p>    <\/div>\n<\/div>\n<!-- \/module text --><!-- module buttons -->\n<div  class=\"module module-buttons tb_4g8n164 buttons-horizontal transparent popmake-47882 large circle\" data-lazy=\"1\">\n    \t<div class=\"module-buttons-item tf_inline_b\">\n\t\t\t\t\t\t\t<a href=\"#\" class=\"ui builder_button tb_default_color\" >\n\t\t\t\t\t\t\t\t\t\t\t<span class=\"tf_inline_b tf_vmiddle\">Solicitar Demostraci\u00f3n<\/span>\n\t\t\t\t\t\t\t\t\t\t\t<\/a>\n\t\t\t    \t<\/div>\n\t<\/div>\n<!-- \/module buttons -->\n<!-- module image -->\n<div  class=\"module module-image tb_i9pe164   image-top tf_mw\" data-lazy=\"1\">\n        <div class=\"image-wrap tf_rel tf_mw\">\n\t\t    \t\n\t\t<\/div>\n\t<!-- \/image-wrap -->\n    \n    \t<\/div>\n<!-- \/module image -->\t        <\/div>\n\t    \t<\/div>\n\t\t<div  data-lazy=\"1\" style=\"width: 20.43%\" class=\"module_column tb-column col3-1 last tb_vx2l164 repeat tf_box\">\n\t\t\t    \t<\/div>\n\t\t    <\/div>\n\t    <!-- \/row_inner -->\n\t<\/div>\n\t<!-- \/module_row -->\n\t\t<!-- module_row -->\n\t<div  data-css_id=\"a9db871\" data-lazy=\"1\" class=\"module_row themify_builder_row repeat fullwidth_row_container tb_a9db871 tf_clearfix\" >\n\t    \t\t<div class=\"row_inner col_align_top col-count-1 tf_box tf_w tf_rel\">\n\t\t\t<div  data-lazy=\"1\" class=\"module_column tb-column col-full first tb_xi80871 tf_box\">\n\t\t\t    \t        <div class=\"tb-column-inner tf_box tf_w\">\n\t\t    \t<div  data-lazy=\"1\" class=\"module_subrow themify_builder_sub_row tb_ljqh871 tf_w tf_clearfix\">\n\t    \t\t<div class=\"subrow_inner col_align_top col-count-1 tf_box tf_w\">\n\t\t\t<div  data-lazy=\"1\" class=\"sub_column module_column tf_box col-full first tb_g3p8871\" > \n\t    \t    \t        <div class=\"tb-column-inner tf_box tf_w\">\n\t\t    <!-- module text -->\n<div  class=\"module module-text tb_qonu871  repeat \" data-lazy=\"1\">\n        <div  class=\"tb_text_wrap\">\n    <h2>Razones por las que podr\u00eda querer migrar a la nube<\/h2>    <\/div>\n<\/div>\n<!-- \/module text --><!-- module text -->\n<div  class=\"module module-text tb_nmq8871   \" data-lazy=\"1\">\n        <div  class=\"tb_text_wrap\">\n    <p>\u2022 Obtener informaci\u00f3n procesable en tiempo real a trav\u00e9s de paneles en Power BI para tomar decisiones m\u00e1s r\u00e1pidas y fiables<\/p><p>\u2022 Capacite a los empleados con espacios de trabajo basados en roles que maximicen la eficiencia para obtener mejores resultados comerciales<\/p><p>\u2022 Aumentar los ingresos, la satisfacci\u00f3n del cliente y la lealtad a la marca al dar una experiencia consistente a sus contactos<\/p><p>\u2022 Mejorar la seguridad, la privacidad y la confiabilidad mediante el almacenamiento de datos comerciales confidenciales en centros de datos de \u00faltima generaci\u00f3n altamente seguros que le pertenecen y son administrados por Microsoft<\/p>    <\/div>\n<\/div>\n<!-- \/module text -->\t        <\/div>\n\t    \t<\/div>\n\t\t    <\/div>\n\t<\/div><!-- \/themify_builder_sub_row -->\n\t\t        <\/div>\n\t    \t<\/div>\n\t\t    <\/div>\n\t    <!-- \/row_inner -->\n\t<\/div>\n\t<!-- \/module_row -->\n\t\t<!-- module_row -->\n\t<div  data-css_id=\"y1uj650\" data-lazy=\"1\" class=\"module_row themify_builder_row repeat fullwidth tb_y1uj650 tf_clearfix hide-mobile\" >\n\t    \t\t<div class=\"row_inner col_align_top col-count-1 tf_box tf_w tf_rel\">\n\t\t\t<div  data-lazy=\"1\" class=\"module_column tb-column col-full first tb_lbs7651 tf_box\">\n\t\t\t    \t        <div class=\"tb-column-inner tf_box tf_w\">\n\t\t    <!-- module text -->\n<div  class=\"module module-text tb_cw51652  repeat \" data-lazy=\"1\">\n        <div  class=\"tb_text_wrap\">\n    <h2>Principales beneficios<\/h2>    <\/div>\n<\/div>\n<!-- \/module text -->\t<div  data-lazy=\"1\" class=\"module_subrow themify_builder_sub_row tb_vrwy652 tf_w tf_clearfix\">\n\t    \t\t<div class=\"subrow_inner col_align_top gutter-narrow col-count-2 tf_box tf_w\"  data-basecol=\"2\" data-col_mobile=\"column-full\">\n\t\t\t<div  data-lazy=\"1\" class=\"sub_column module_column tf_box col4-2 first tb_x6i7653 repeat\" > \n\t    \t    \t        <div class=\"tb-column-inner tf_box tf_w\">\n\t\t    <!-- module image -->\n<div  class=\"module module-image tb_9ulz653   image-top auto_fullwidth tf_mw\" data-lazy=\"1\">\n        <div class=\"image-wrap tf_rel tf_mw\">\n\t\t    <img loading=\"lazy\" src=\"https:\/\/arquiconsult.com\/wp-content\/uploads\/2022\/07\/young-curly-black-designer-is-posing-looking-at-t-2021-09-02-08-06-32-utc-scaled-500x300.jpg\" width=\"500\" height=\"300\" class=\"wp-post-image wp-image-42863\" title=\"Young curly black designer is posing, looking at the camera, smi\" alt=\"Bridge to the cloud bc\">\t\n\t\t<\/div>\n\t<!-- \/image-wrap -->\n    \n    \t<\/div>\n<!-- \/module image --><!-- module text -->\n<div  class=\"module module-text tb_2olp653  repeat \" data-lazy=\"1\">\n        <div  class=\"tb_text_wrap\">\n    <p style=\"text-align: center;\"><strong>Derechos de acceso dual<br \/><\/strong>Durante el plazo de la promoci\u00f3n, los clientes pueden seguir usando, ampliando y actualizando su sistema On-Premise heredado mientras completan la migraci\u00f3n sin comprar EP adicional.<\/p><p style=\"text-align: center;\">(Nota: ampliar la cantidad de usuarios locales requiere la compra de licencias locales adicionales).<\/p>    <\/div>\n<\/div>\n<!-- \/module text -->\t        <\/div>\n\t    \t<\/div>\n\t\t<div  data-lazy=\"1\" class=\"sub_column module_column tf_box col4-2 last tb_qxdg653 repeat\" > \n\t    \t    \t        <div class=\"tb-column-inner tf_box tf_w\">\n\t\t    <!-- module image -->\n<div  class=\"module module-image tb_977h654   image-top auto_fullwidth tf_mw\" data-lazy=\"1\">\n        <div class=\"image-wrap tf_rel tf_mw\">\n\t\t    <img loading=\"lazy\" src=\"https:\/\/arquiconsult.com\/wp-content\/uploads\/2022\/07\/it-s-never-been-easier-to-settle-your-monthly-bill-2022-03-31-18-25-28-utc-scaled-500x300.jpg\" width=\"500\" height=\"300\" class=\"wp-post-image wp-image-42866\" title=\"It&#039;s never been easier to settle your monthly bills\" alt=\"It&#039;s never been easier to settle your monthly bills\">\t\n\t\t<\/div>\n\t<!-- \/image-wrap -->\n    \n    \t<\/div>\n<!-- \/module image --><!-- module text -->\n<div  class=\"module module-text tb_vj0k654  repeat \" data-lazy=\"1\">\n        <div  class=\"tb_text_wrap\">\n    <p style=\"text-align: center;\"><strong>Facturaci\u00f3n<br \/><\/strong>Cada partner\u00a0 CSP determinar\u00e1 los t\u00e9rminos de facturaci\u00f3n disponibles para cada uno de sus clientes y todas las suscripciones Cloud elegibles para esta promoci\u00f3n tienen un plazo fijo de 3 a\u00f1os (no cancelable).<\/p>    <\/div>\n<\/div>\n<!-- \/module text -->\t        <\/div>\n\t    \t<\/div>\n\t\t    <\/div>\n\t<\/div><!-- \/themify_builder_sub_row -->\n\t\t        <\/div>\n\t    \t<\/div>\n\t\t    <\/div>\n\t    <!-- \/row_inner -->\n\t<\/div>\n\t<!-- \/module_row -->\n\t\t<!-- module_row -->\n\t<div  data-css_id=\"6ei6838\" data-lazy=\"1\" class=\"module_row themify_builder_row repeat fullwidth tb_6ei6838 tf_clearfix hide-desktop hide-tablet hide-tablet_landscape\" >\n\t    \t\t<div class=\"row_inner col_align_top col-count-1 tf_box tf_w tf_rel\">\n\t\t\t<div  data-lazy=\"1\" class=\"module_column tb-column col-full first tb_wcwz839 tf_box\">\n\t\t\t    \t        <div class=\"tb-column-inner tf_box tf_w\">\n\t\t    <!-- module text -->\n<div  class=\"module module-text tb_rlto839  repeat \" data-lazy=\"1\">\n        <div  class=\"tb_text_wrap\">\n    <h2>Quais s\u00e3o os principais benef\u00edcios?<\/h2>    <\/div>\n<\/div>\n<!-- \/module text -->\t<div  data-lazy=\"1\" class=\"module_subrow themify_builder_sub_row tb_yzk0839 tf_w tf_clearfix\">\n\t    \t\t<div class=\"subrow_inner col_align_top gutter-narrow col-count-1 tf_box tf_w\"  data-basecol=\"1\" data-col_mobile=\"column-full\">\n\t\t\t<div  data-lazy=\"1\" class=\"sub_column module_column tf_box col-full first tb_fg4n840 repeat\" > \n\t    \t    \t        <div class=\"tb-column-inner tf_box tf_w\">\n\t\t    <!-- module image -->\n<div  class=\"module module-image tb_smnt840   image-top auto_fullwidth tf_mw\" data-lazy=\"1\">\n        <div class=\"image-wrap tf_rel tf_mw\">\n\t\t    <img loading=\"lazy\" src=\"https:\/\/arquiconsult.com\/wp-content\/uploads\/2022\/07\/young-curly-black-designer-is-posing-looking-at-t-2021-09-02-08-06-32-utc-scaled-500x300.jpg\" width=\"500\" height=\"300\" class=\"wp-post-image wp-image-42863\" title=\"Young curly black designer is posing, looking at the camera, smi\" alt=\"Bridge to the cloud bc\">\t\n\t\t<\/div>\n\t<!-- \/image-wrap -->\n    \n    \t<\/div>\n<!-- \/module image --><!-- module text -->\n<div  class=\"module module-text tb_0jlr840  repeat \" data-lazy=\"1\">\n        <div  class=\"tb_text_wrap\">\n    <p style=\"text-align: center;\"><strong>Dual Access Rights<br \/><\/strong>Durante o per\u00edodo promocional, os clientes podem continuar a usar, expandir e atualizar o seu sistema on-premises actual enquanto concluem a migra\u00e7\u00e3o, sem adquirir um EP adicional.<\/p><p style=\"text-align: center;\">(Observa\u00e7\u00e3o: expandir o n\u00famero de utilizadores locais requer a compra de licen\u00e7as locais adicionais).<\/p>    <\/div>\n<\/div>\n<!-- \/module text --><!-- module image -->\n<div  class=\"module module-image tb_1101841   image-top auto_fullwidth tf_mw\" data-lazy=\"1\">\n        <div class=\"image-wrap tf_rel tf_mw\">\n\t\t    <img loading=\"lazy\" src=\"https:\/\/arquiconsult.com\/wp-content\/uploads\/2022\/07\/it-s-never-been-easier-to-settle-your-monthly-bill-2022-03-31-18-25-28-utc-scaled-500x300.jpg\" width=\"500\" height=\"300\" class=\"wp-post-image wp-image-42866\" title=\"It&#039;s never been easier to settle your monthly bills\" alt=\"It&#039;s never been easier to settle your monthly bills\">\t\n\t\t<\/div>\n\t<!-- \/image-wrap -->\n    \n    \t<\/div>\n<!-- \/module image --><!-- module text -->\n<div  class=\"module module-text tb_t2vl841  repeat \" data-lazy=\"1\">\n        <div  class=\"tb_text_wrap\">\n    <p style=\"text-align: center;\"><strong> Fatura\u00e7\u00e3o<br \/><\/strong>Cada parceiro CSP determina quais os termos fatura\u00e7\u00e3o dispon\u00edveis aos seus clientes e todas as assinaturas online qualificadas para esta promo\u00e7\u00e3o t\u00eam um prazo fixo de 3 anos (n\u00e3o cancel\u00e1vel).<\/p>    <\/div>\n<\/div>\n<!-- \/module text -->\t        <\/div>\n\t    \t<\/div>\n\t\t    <\/div>\n\t<\/div><!-- \/themify_builder_sub_row -->\n\t\t        <\/div>\n\t    \t<\/div>\n\t\t    <\/div>\n\t    <!-- \/row_inner -->\n\t<\/div>\n\t<!-- \/module_row -->\n\t\t<!-- module_row -->\n\t<div  data-css_id=\"b9vg78\" data-lazy=\"1\" class=\"module_row themify_builder_row repeat fullwidth_row_container tb_b9vg78 tf_clearfix\" >\n\t    \t\t<div class=\"row_inner col_align_top col-count-2 tf_box tf_w tf_rel\">\n\t\t\t<div  data-lazy=\"1\" class=\"module_column tb-column col4-2 first tb_coi078 tf_box\">\n\t\t\t    \t        <div class=\"tb-column-inner tf_box tf_w\">\n\t\t    <!-- module text -->\n<div  class=\"module module-text tb_hl4j78  repeat \" data-lazy=\"1\">\n        <div  class=\"tb_text_wrap\">\n    <h2>Detalles de la promoci\u00f3n<\/h2>    <\/div>\n<\/div>\n<!-- \/module text --><!-- module text -->\n<div  class=\"module module-text tb_ansh78  repeat \" data-lazy=\"1\">\n        <div  class=\"tb_text_wrap\">\n    <ul><li><strong>Productos elegibles<\/strong>: esta promoci\u00f3n se aplica a los clientes que migran desde la mayor\u00eda de los productos On-Premise de Dynamics con un plazo de 3 a\u00f1os.<\/li><li><strong>Per\u00edodo de registro<\/strong>: 1 de enero de 2023 &#8211; 31 de diciembre de 2025. Para registrarse, el partner debe inscribirse en una suscripci\u00f3n de CSP NCE aplicable con esta promoci\u00f3n seleccionada y seguir el proceso a continuaci\u00f3n para notificar a Operations (ROC) para extender sus beneficios de EP On-premise.<\/li><li><strong>Duraci\u00f3n de la promoci\u00f3n<\/strong>: Plazo fijo de 3 a\u00f1os desde la inscripci\u00f3n. No renovable. Una vez finalizada la promoci\u00f3n, se aplicar\u00e1n los precios normales.<\/li><li><strong>Precios<\/strong>: 40% de descuento sobre el precio de lista comercial est\u00e1ndar.<\/li><li><strong>Programa de licencias<\/strong>: Cloud Solotion Proveider \u00a0(CSP)<\/li><\/ul>    <\/div>\n<\/div>\n<!-- \/module text -->\t        <\/div>\n\t    \t<\/div>\n\t\t<div  data-lazy=\"1\" class=\"module_column tb-column col4-2 last tb_w74h79 tf_box\">\n\t\t\t    \t        <div class=\"tb-column-inner tf_box tf_w\">\n\t\t    <!-- module text -->\n<div  class=\"module module-text tb_spv179  repeat \" data-lazy=\"1\">\n        <div  class=\"tb_text_wrap\">\n    <h2>Requerimientos del cliente<\/h2>    <\/div>\n<\/div>\n<!-- \/module text --><!-- module text -->\n<div  class=\"module module-text tb_ng6e79  repeat \" data-lazy=\"1\">\n        <div  class=\"tb_text_wrap\">\n    <ul><li>Licencias on-line elegibles de Dynamics con un valor anualizado<\/li><li>Los clientes deben mantener la licencia m\u00ednima de CSP<\/li><li>El cliente debe tener un plan EP activo para el sistema On-Premise que se est\u00e1 migrando<\/li><li>La migraci\u00f3n debe ser a un producto funcionalmente similar.<\/li><li>La promoci\u00f3n se limita a las zonas geogr\u00e1ficas donde est\u00e1n disponibles el programa CSP y el producto Cloud de Dynamics 365 deseado.<\/li><li>Nuevo cliente en producto en la nube. El cliente no debe haber comprado previamente el mismo producto Cloud a trav\u00e9s de CSP<\/li><li>El producto On-Premise de Dynamics original del cliente debe haber obtenido la licencia antes del 1 de septiembre de 2022.<\/li><\/ul>    <\/div>\n<\/div>\n<!-- \/module text -->\t        <\/div>\n\t    \t<\/div>\n\t\t    <\/div>\n\t    <!-- \/row_inner -->\n\t<\/div>\n\t<!-- \/module_row -->\n\t\t<!-- module_row -->\n\t<div  data-css_id=\"guls720\" data-lazy=\"1\" class=\"module_row themify_builder_row repeat fullwidth tb_guls720 tf_clearfix hide-mobile\" >\n\t    \t\t<div class=\"row_inner col_align_top col-count-1 tf_box tf_w tf_rel\">\n\t\t\t<div  data-lazy=\"1\" class=\"module_column tb-column col-full first tb_nw3o722 tf_box\">\n\t\t\t    \t        <div class=\"tb-column-inner tf_box tf_w\">\n\t\t    <!-- module text -->\n<div  class=\"module module-text tb_77dq722  repeat \" data-lazy=\"1\">\n        <div  class=\"tb_text_wrap\">\n    <p style=\"text-align: center;\">Esta promoci\u00f3n est\u00e1 destinada a clientes comprometidos con la migraci\u00f3n a la nube. Los clientes que regresan o permanecen en las licencias locales despu\u00e9s del per\u00edodo promocional que desean los beneficios del Plan de mejora (EP) est\u00e1n sujetos a las pol\u00edticas normales de pago atrasado y penalizaci\u00f3n.<\/p><p style=\"text-align: center;\"><em>Nota:<\/em><strong><em><br \/><\/em><\/strong><em> Microsoft se reserva el derecho de suspender esta promoci\u00f3n y\/o modificar estas pol\u00edticas, los t\u00e9rminos, condiciones y fecha prevista de lanzamiento de la promoci\u00f3n, en cualquier momento.<\/em><\/p>    <\/div>\n<\/div>\n<!-- \/module text -->\t        <\/div>\n\t    \t<\/div>\n\t\t    <\/div>\n\t    <!-- \/row_inner -->\n\t<\/div>\n\t<!-- \/module_row -->\n\t\t<!-- module_row -->\n\t<div  data-css_id=\"8s1q35\" data-lazy=\"1\" class=\"module_row themify_builder_row repeat fullwidth tb_8s1q35 tf_clearfix hide-desktop hide-tablet hide-tablet_landscape\" >\n\t    \t\t<div class=\"row_inner col_align_top col-count-1 tf_box tf_w tf_rel\">\n\t\t\t<div  data-lazy=\"1\" class=\"module_column tb-column col-full first tb_iphv36 tf_box\">\n\t\t\t    \t        <div class=\"tb-column-inner tf_box tf_w\">\n\t\t    <!-- module text -->\n<div  class=\"module module-text tb_ufz436  repeat \" data-lazy=\"1\">\n        <div  class=\"tb_text_wrap\">\n    <p style=\"text-align: center;\">Esta promoci\u00f3n est\u00e1 destinada a clientes comprometidos con la migraci\u00f3n a la nube. Los clientes que regresan o permanecen en las licencias locales despu\u00e9s del per\u00edodo promocional que desean los beneficios del Plan de mejora (EP) est\u00e1n sujetos a las pol\u00edticas normales de pago atrasado y penalizaci\u00f3n.<\/p><p style=\"text-align: center;\"><em>Nota:<\/em><strong><em><br \/><\/em><\/strong><em> Microsoft se reserva el derecho de suspender esta promoci\u00f3n y\/o modificar estas pol\u00edticas, los t\u00e9rminos, condiciones y fecha prevista de lanzamiento de la promoci\u00f3n, en cualquier momento.<\/em><\/p>    <\/div>\n<\/div>\n<!-- \/module text -->\t        <\/div>\n\t    \t<\/div>\n\t\t    <\/div>\n\t    <!-- \/row_inner -->\n\t<\/div>\n\t<!-- \/module_row -->\n\t\t<!-- module_row -->\n\t<div  data-css_id=\"tc0a883\" data-lazy=\"1\" class=\"module_row themify_builder_row fullcover fullwidth tb_tc0a883 tf_clearfix hide-mobile\" >\n\t    \t\t<div class=\"row_inner col_align_top col-count-1 tf_box tf_w tf_rel\">\n\t\t\t<div  data-lazy=\"1\" class=\"module_column tb-column col-full first tb_or1i883 tf_box\">\n\t\t\t    \t        <div class=\"tb-column-inner tf_box tf_w\">\n\t\t    <!-- module buttons -->\n<div  class=\"module module-buttons tb_lo7k229 buttons-horizontal transparent popmake-47882 large circle tf_textc\" data-lazy=\"1\">\n    \t<div class=\"module-buttons-item tf_inline_b\">\n\t\t\t\t\t\t\t<a href=\"#\" class=\"ui builder_button tb_default_color\" >\n\t\t\t\t\t\t\t\t\t\t\t<span class=\"tf_inline_b tf_vmiddle\">PARA M\u00c1S INFORMACI\u00d3N, P\u00d3NGASE EN CONTACTO CON NOSOTROS<\/span>\n\t\t\t\t\t\t\t\t\t\t\t<\/a>\n\t\t\t    \t<\/div>\n\t<\/div>\n<!-- \/module buttons -->\n\t        <\/div>\n\t    \t<\/div>\n\t\t    <\/div>\n\t    <!-- \/row_inner -->\n\t<\/div>\n\t<!-- \/module_row -->\n\t\t<!-- module_row -->\n\t<div  data-css_id=\"ijau874\" data-lazy=\"1\" class=\"module_row themify_builder_row fullcover fullwidth tb_ijau874 tf_clearfix hide-desktop hide-tablet hide-tablet_landscape\" >\n\t    \t\t<div class=\"row_inner col_align_top col-count-1 tf_box tf_w tf_rel\">\n\t\t\t<div  data-lazy=\"1\" class=\"module_column tb-column col-full first tb_dr2t875 tf_box\">\n\t\t\t    \t        <div class=\"tb-column-inner tf_box tf_w\">\n\t\t    <!-- module buttons -->\n<div  class=\"module module-buttons tb_97jt875 buttons-horizontal transparent popmake-47882 large circle tf_textc\" data-lazy=\"1\">\n    \t<div class=\"module-buttons-item tf_inline_b\">\n\t\t\t\t\t\t\t<a href=\"#\" class=\"ui builder_button tb_default_color\" >\n\t\t\t\t\t\t\t\t\t\t\t<span class=\"tf_inline_b tf_vmiddle\">PARA M\u00c1S INFORMACI\u00d3N, P\u00d3NGASE EN CONTACTO CON NOSOTROS<\/span>\n\t\t\t\t\t\t\t\t\t\t\t<\/a>\n\t\t\t    \t<\/div>\n\t<\/div>\n<!-- \/module buttons -->\n\t        <\/div>\n\t    \t<\/div>\n\t\t    <\/div>\n\t    <!-- \/row_inner -->\n\t<\/div>\n\t<!-- \/module_row -->\n\t<\/div>\n<!--\/themify_builder_content-->","protected":false},"excerpt":{"rendered":"<p>Arquiconsult.com \/ Soluciones \/\u00a0Microsoft Dynamics 365 \/ ERP Finance and Operations \/ Bridge to the Cloud Bridge to the Cloud Pisando fuerte en tu transformaci\u00f3n digital Solicitar Demostraci\u00f3n Razones por las que podr\u00eda querer migrar a la nube \u2022 Obtener informaci\u00f3n procesable en tiempo real a trav\u00e9s de paneles en Power BI para tomar decisiones [&hellip;]<\/p>\n","protected":false},"author":4,"featured_media":0,"parent":0,"menu_order":0,"comment_status":"closed","ping_status":"closed","template":"","meta":[],"acf":[],"_links":{"self":[{"href":"https:\/\/arquiconsult.com\/es\/wp-json\/wp\/v2\/pages\/47210"}],"collection":[{"href":"https:\/\/arquiconsult.com\/es\/wp-json\/wp\/v2\/pages"}],"about":[{"href":"https:\/\/arquiconsult.com\/es\/wp-json\/wp\/v2\/types\/page"}],"author":[{"embeddable":true,"href":"https:\/\/arquiconsult.com\/es\/wp-json\/wp\/v2\/users\/4"}],"replies":[{"embeddable":true,"href":"https:\/\/arquiconsult.com\/es\/wp-json\/wp\/v2\/comments?post=47210"}],"version-history":[{"count":1,"href":"https:\/\/arquiconsult.com\/es\/wp-json\/wp\/v2\/pages\/47210\/revisions"}],"predecessor-version":[{"id":118542,"href":"https:\/\/arquiconsult.com\/es\/wp-json\/wp\/v2\/pages\/47210\/revisions\/118542"}],"wp:attachment":[{"href":"https:\/\/arquiconsult.com\/es\/wp-json\/wp\/v2\/media?parent=47210"}],"curies":[{"name":"wp","href":"https:\/\/api.w.org\/{rel}","templated":true}]}}