{"id":52913,"date":"2023-03-29T15:51:43","date_gmt":"2023-03-29T14:51:43","guid":{"rendered":"https:\/\/arquiconsult.com\/?page_id=52913"},"modified":"2024-12-02T16:59:45","modified_gmt":"2024-12-02T16:59:45","slug":"envisioning-assessment","status":"publish","type":"page","link":"https:\/\/arquiconsult.com\/es\/envisioning-assessment\/","title":{"rendered":"Envisioning Assessment"},"content":{"rendered":"<!--themify_builder_content-->\n<div id=\"themify_builder_content-52913\" data-postid=\"52913\" class=\"themify_builder_content themify_builder_content-52913 themify_builder tf_clear\">\n    \t<!-- module_row -->\n\t<div  data-css_id=\"oqt3557\" data-lazy=\"1\" class=\"module_row themify_builder_row fullcover fullwidth_row_container tb_oqt3557 tb_first tf_clearfix\" >\n\t    <div class=\"builder_row_cover tf_abs\"><\/div>\t\t<div class=\"row_inner col_align_middle col-count-2 tf_box tf_w tf_rel\"  data-basecol=\"2\" data-col_tablet=\"column-full\" data-col_mobile=\"column-full\">\n\t\t\t<div  data-lazy=\"1\" style=\"width: 68.08%\" class=\"module_column tb-column col3-2 first tb_qrkb558 tf_box\">\n\t\t\t    \t        <div class=\"tb-column-inner tf_box tf_w\">\n\t\t    <!-- module fancy heading -->\n<!--\/* $fields_args['heading_tag']  CODIGO QUE SAIU * \/-->\n<div  class=\"module module-fancy-heading tb_vimh558 titulo-suporte tb_hide_divider\" data-lazy=\"1\">\n        <h1  class=\"fancy-heading tf_textl\">\n    <span class=\"main-head tf_block\">\n\t\t\t\t\tActualizaci\u00f3n de Dynamics AX a Dynamics 365:  Realice nuestra evaluacion gratuita de 2 d\u00edas\t\t    <\/span>\n\n\t\n    <span class=\"sub-head tf_block tf_rel\">\n\t\t\t\t\t\t\t    <\/span>\n    <\/h2>\n<\/div>\n<!-- \/module fancy heading -->\n<!-- module text -->\n<div  class=\"module module-text tb_05c4558   \" data-lazy=\"1\">\n        <div  class=\"tb_text_wrap\">\n    <p>Una evaluaci\u00f3n de migraci\u00f3n es el primer paso para ayudarle a conocer el valor de la migraci\u00f3n a la nube<\/p>    <\/div>\n<\/div>\n<!-- \/module text --><!-- module image -->\n<div  class=\"module module-image tb_w5ld558   image-top tf_mw\" data-lazy=\"1\">\n        <div class=\"image-wrap tf_rel tf_mw\">\n\t\t    <img loading=\"lazy\" src=\"https:\/\/arquiconsult.com\/wp-content\/uploads\/2023\/02\/brancoarqui-250x57.png\" width=\"250\" height=\"57\" class=\"wp-post-image wp-image-50785\" title=\"brancoarqui\" alt=\"Envisioning Assessment\">\t\n\t\t<\/div>\n\t<!-- \/image-wrap -->\n    \n    \t<\/div>\n<!-- \/module image -->\t        <\/div>\n\t    \t<\/div>\n\t\t<div  data-lazy=\"1\" style=\"width: 28.72%\" class=\"module_column tb-column col3-1 last tb_f1f0558 tf_box\">\n\t\t\t    \t<\/div>\n\t\t    <\/div>\n\t    <!-- \/row_inner -->\n\t<\/div>\n\t<!-- \/module_row -->\n\t\t<!-- module_row -->\n\t<div  data-anchor=\"hub\" data-hide-anchor=\"1\" data-css_id=\"yenq78\" data-lazy=\"1\" class=\"module_row themify_builder_row repeat fullwidth tb_has_section tb_section-hub tb_yenq78 tf_clearfix\" >\n\t    \t\t<div class=\"row_inner col_align_top col-count-1 tf_box tf_w tf_rel\">\n\t\t\t<div  data-lazy=\"1\" class=\"module_column tb-column col-full first tb_2fgc78 repeat tf_box\">\n\t\t\t    \t        <div class=\"tb-column-inner tf_box tf_w\">\n\t\t    \t<div  data-lazy=\"1\" class=\"module_subrow themify_builder_sub_row tb_0tgd78 tf_w tf_clearfix\">\n\t    \t\t<div class=\"subrow_inner col_align_top gutter-none col-count-2 tf_box tf_w\"  data-basecol=\"2\" data-col_tablet_landscape=\"column-full\">\n\t\t\t<div  style=\"width: 49.54%\" data-lazy=\"1\" class=\"sub_column module_column tf_box col4-2 first tb_cw8c79 fullcover\" > \n\t    \t    \t        <div class=\"tb-column-inner tf_box tf_w\">\n\t\t    <!-- module text -->\n<div  class=\"module module-text tb_jgr079  repeat  wow\" data-tf-animation=\"pulse\" data-lazy=\"1\">\n        <div  class=\"tb_text_wrap\">\n    <h2 style=\"text-align: left;\"><b>Solicite su evaluaci\u00f3n gratuita<\/b><\/h2>    <\/div>\n<\/div>\n<!-- \/module text --><!-- module text -->\n<div  class=\"module module-text tb_7kp279  repeat  wow\" data-tf-animation=\"pulse\" data-lazy=\"1\">\n        <div  class=\"tb_text_wrap\">\n    <div role=\"form\" class=\"wpcf7\" id=\"wpcf7-f52929-o1\" lang=\"en-US\" dir=\"ltr\">\n<div class=\"screen-reader-response\"><p role=\"status\" aria-live=\"polite\" aria-atomic=\"true\"><\/p> <ul><\/ul><\/div>\n<form action=\"\/es\/wp-json\/wp\/v2\/pages\/52913#wpcf7-f52929-o1\" method=\"post\" class=\"wpcf7-form init\" novalidate=\"novalidate\" data-status=\"init\">\n<div style=\"display: none;\">\n<input type=\"hidden\" name=\"_wpcf7\" value=\"52929\" \/>\n<input type=\"hidden\" name=\"_wpcf7_version\" value=\"5.6.4\" \/>\n<input type=\"hidden\" name=\"_wpcf7_locale\" value=\"en_US\" \/>\n<input type=\"hidden\" name=\"_wpcf7_unit_tag\" value=\"wpcf7-f52929-o1\" \/>\n<input type=\"hidden\" name=\"_wpcf7_container_post\" value=\"0\" \/>\n<input type=\"hidden\" name=\"_wpcf7_posted_data_hash\" value=\"\" \/>\n<input type=\"hidden\" name=\"_wpcf7_recaptcha_response\" value=\"\" \/>\n<\/div>\n<form>\n<fieldset>\n<table style=\"text-align:left\">\n<tr>\n<td>\n<p style=\"margin-bottom:-20px\"><span style=\"font-weight:500\">Nombre<\/span><span style=\"color:#ed1e24\"> *<\/span><\/p>\n<p>    <label style=\"padding:0px 0px 0px 0px\"><br \/>\n    <span class=\"wpcf7-form-control-wrap\" data-name=\"Name\"><input type=\"text\" name=\"Name\" value=\"\" size=\"40\" class=\"wpcf7-form-control wpcf7-text wpcf7-validates-as-required\" aria-required=\"true\" aria-invalid=\"false\" \/><\/span> <\/label>\n   <\/td>\n<td>\n<p style=\"margin-bottom:-20px\"><span style=\"font-weight:500\">Correo Electr\u00f3nico<\/span><span style=\"color:#ed1e24\"> *<\/span><\/p>\n<p>    <label style=\"padding:0px 0px 0px 0px\"><br \/>\n    <span class=\"wpcf7-form-control-wrap\" data-name=\"Email\"><input type=\"email\" name=\"Email\" value=\"\" size=\"40\" class=\"wpcf7-form-control wpcf7-text wpcf7-email wpcf7-validates-as-required wpcf7-validates-as-email\" aria-required=\"true\" aria-invalid=\"false\" \/><\/span> <\/label>\n   <\/td>\n<\/tr>\n<\/table>\n<\/fieldset>\n<fieldset>\n<table style=\"text-align:left\">\n<tr>\n<td>\n<p style=\"margin-bottom:-20px\"><span style=\"font-weight:500\">Tel\u00e9fono<\/span><\/p>\n<p>    <label style=\"padding:0px 0px 0px 0px\"><br \/>\n    <span class=\"wpcf7-form-control-wrap\" data-name=\"Phone\"><input type=\"tel\" name=\"Phone\" value=\"\" size=\"40\" class=\"wpcf7-form-control wpcf7-text wpcf7-tel wpcf7-validates-as-tel\" aria-invalid=\"false\" \/><\/span> <\/label>\n   <\/td>\n<td>\n<p style=\"margin-bottom:-20px\"><span style=\"font-weight:500\">Compa\u00f1\u00eda<\/span><\/p>\n<p>    <label style=\"padding:0px 0px 0px 0px\"><br \/>\n    <span class=\"wpcf7-form-control-wrap\" data-name=\"Company\"><input type=\"text\" name=\"Company\" value=\"\" size=\"40\" class=\"wpcf7-form-control wpcf7-text\" aria-invalid=\"false\" \/><\/span> <\/label>\n   <\/td>\n<\/tr>\n<\/table>\n<\/fieldset>\n<fieldset>\n<table style=\"text-align:center\">\n<tr>\n<td>\n<p style=\"margin-bottom:-20px\"><span style=\"font-weight:500\">Mensaje<\/span><span style=\"color:#ed1e24\"> *<\/span><\/p>\n<p>    <label style=\"padding:0px 210px 0px 210px\"><br \/>\n    <span class=\"wpcf7-form-control-wrap\" data-name=\"Message\"><textarea name=\"Message\" cols=\"40\" rows=\"10\" class=\"wpcf7-form-control wpcf7-textarea wpcf7-validates-as-required\" aria-required=\"true\" aria-invalid=\"false\"><\/textarea><\/span> <\/label>\n   <\/td>\n<\/tr>\n<tr>\n<td>\n<button class=\"submit\" type=\"submit\" name=\"signUp\" style=\"padding:15px 100px 15px 100px\" style=\"text-align:center\" style=\"color:#ed1e24\">Enviar Correo Electr\u00f3nico<\/button>\n   <\/td>\n<\/tr>\n<\/table>\n<\/fieldset>\n<\/form>\n<input type='hidden' class='wpcf7-pum' value='{\"closepopup\":false,\"closedelay\":0,\"openpopup\":false,\"openpopup_id\":0}' \/><div class=\"wpcf7-response-output\" aria-hidden=\"true\"><\/div><\/form><\/div>    <\/div>\n<\/div>\n<!-- \/module text --><!-- module image -->\n<div  class=\"module module-image tb_f6uy79   image-full-overlay tf_mw wow\" data-tf-animation=\"zoomIn\" data-lazy=\"1\">\n        <div class=\"image-wrap tf_rel tf_mw\">\n\t\t    <a href=\"https:\/\/arquiconsult.com\/en\/erp-fscm\/\"\n\t       \t       >\n\t\t   \t\t<img loading=\"lazy\" src=\"https:\/\/arquiconsult.com\/wp-content\/uploads\/2023\/02\/MicrosoftTeams-image-1-800x700.jpg\" width=\"800\" height=\"700\" class=\"wp-post-image wp-image-51041\" title=\"MicrosoftTeams-image (1)\" alt=\"MicrosoftTeams-image (1)\">\t    <\/a>\n\t\n\t\t<\/div>\n\t<!-- \/image-wrap -->\n    \n    \t<div class=\"image-content tf_overflow\">\n\t    \n\t    \t\t<div class=\"image-caption tb_text_wrap\">\n\t\t    \n\t    <\/div>\n\t    <!-- \/image-caption -->\n\t    \t<\/div>\n\t<!-- \/image-content -->\n    \t<\/div>\n<!-- \/module image -->\t        <\/div>\n\t    \t<\/div>\n\t\t<div  style=\"width: 50.46%\" data-lazy=\"1\" class=\"sub_column module_column tf_box col4-2 last tb_yag079 fullcover\" > \n\t    \t    \t        <div class=\"tb-column-inner tf_box tf_w\">\n\t\t    <!-- module text -->\n<div  class=\"module module-text tb_oiiv79  repeat  wow\" data-tf-animation=\"pulse\" data-lazy=\"1\">\n        <div  class=\"tb_text_wrap\">\n    <h3 style=\"text-align: left;\"><b>Comience migrando sus soluciones locales a la nube con la orientaci\u00f3n de expertos de Microsoft a trav\u00e9s del programa de migraci\u00f3n de Dynamics 365.\u00a0<\/b><\/h3><p style=\"text-align: left;\">Solicite gratis la evaluaci\u00f3n de 2 d\u00edas de <a href=\"https:\/\/arquiconsult.com\/es\/dynamics-365-finance-scm\/\">Dynamics 365<\/a> Envisioning de Arquiconsult y desc\u00fabralo.<\/p><p style=\"text-align: left;\"><b>La evaluaci\u00f3n de migraci\u00f3n est\u00e1 disponible en todo el mundo para los usuarios id\u00f3neos de Dynamics AX y Dynamics CRM.<\/b><\/p><p style=\"text-align: left;\">Arquiconsult tambi\u00e9n le ayudar\u00e1 en el proceso de transici\u00f3n a licencias de Dynamics 365 for Finance and Operations.<\/p>    <\/div>\n<\/div>\n<!-- \/module text --><!-- module text -->\n<div  class=\"module module-text tb_mrki79  repeat  wow\" data-tf-animation=\"pulse\" data-lazy=\"1\">\n        <div  class=\"tb_text_wrap\">\n    <h2 style=\"text-align: left;\"><b>Temas abordados en la Evaluaci\u00f3n 365 <\/b><b>Envisioning<\/b><b> de <\/b><b>Arquiconsult<\/b><strong>:<\/strong><\/h2><ol><li style=\"text-align: left;\">Revisi\u00f3n funcional y proceso de negocio de alto nivel: comprenda sus procesos de negocio actuales que se administran en su versi\u00f3n local y as\u00edgnelo a las capacidades de Dynamics 365.<\/li><li style=\"text-align: left;\">Personalizaci\u00f3n, ISV y evaluaci\u00f3n de la interfaz: evaluaci\u00f3n de alto nivel de personalizaciones y soluciones implementadas por ISV en su entorno actual.<\/li><li style=\"text-align: left;\">Comprender la infraestructura y la implementaci\u00f3n actuales, as\u00ed como analizar las principales personalizaciones \/ integraciones \/ migraci\u00f3n de datos.<\/li><li style=\"text-align: left;\">Desarrollar una estrategia de transici\u00f3n de licencias.<\/li><\/ol>    <\/div>\n<\/div>\n<!-- \/module text --><!-- module text -->\n<div  class=\"module module-text tb_60b780  repeat  wow\" data-tf-animation=\"pulse\" data-lazy=\"1\">\n        <div  class=\"tb_text_wrap\">\n    <h2 style=\"text-align: left;\"><b>Lo que te ofrecemos<\/b><span style=\"font-weight: bold;\">:<\/span><\/h2><ul style=\"text-align: left;\"><li>Con nuestra evaluaci\u00f3n de visi\u00f3n de 2 d\u00edas, evaluaremos su entorno t\u00e9cnico AS-IS existente. Tambi\u00e9n proporcionaremos un plan de actualizaci\u00f3n detallado que incluye:<\/li><li>Recomendaci\u00f3n sobre la actualizaci\u00f3n frente a la reimplementaci\u00f3n<\/li><li>Posible hoja de ruta y pr\u00f3ximos pasos<\/li><li>Gu\u00eda de transformaci\u00f3n de licencias<\/li><li>Comprensi\u00f3n de alto nivel de las licencias<\/li><li>Analizar la viabilidad general de la actualizaci\u00f3n de Dynamics 365 para su negocio<\/li><\/ul><h3 style=\"text-align: left;\"><b>Descubra las ventajas de actualizar a<\/b><strong>\u00a0<a href=\"https:\/\/arquiconsult.com\/es\/bridge-to-the-cloud-fo\/\">Cloud<\/a>.<\/strong><b>\u00a0\u00a1Podr\u00eda ayudarte en tus primeros pasos!.<\/b><\/h3>    <\/div>\n<\/div>\n<!-- \/module text -->\t        <\/div>\n\t    \t<\/div>\n\t\t    <\/div>\n\t<\/div><!-- \/themify_builder_sub_row -->\n\t\t        <\/div>\n\t    \t<\/div>\n\t\t    <\/div>\n\t    <!-- \/row_inner -->\n\t<\/div>\n\t<!-- \/module_row -->\n\t<\/div>\n<!--\/themify_builder_content-->","protected":false},"excerpt":{"rendered":"<p>Actualizaci\u00f3n de Dynamics AX a Dynamics 365: Realice nuestra evaluacion gratuita de 2 d\u00edas Una evaluaci\u00f3n de migraci\u00f3n es el primer paso para ayudarle a conocer el valor de la migraci\u00f3n a la nube Solicite su evaluaci\u00f3n gratuita Comience migrando sus soluciones locales a la nube con la orientaci\u00f3n de expertos de Microsoft a trav\u00e9s [&hellip;]<\/p>\n","protected":false},"author":4,"featured_media":0,"parent":0,"menu_order":0,"comment_status":"closed","ping_status":"closed","template":"","meta":[],"acf":[],"_links":{"self":[{"href":"https:\/\/arquiconsult.com\/es\/wp-json\/wp\/v2\/pages\/52913"}],"collection":[{"href":"https:\/\/arquiconsult.com\/es\/wp-json\/wp\/v2\/pages"}],"about":[{"href":"https:\/\/arquiconsult.com\/es\/wp-json\/wp\/v2\/types\/page"}],"author":[{"embeddable":true,"href":"https:\/\/arquiconsult.com\/es\/wp-json\/wp\/v2\/users\/4"}],"replies":[{"embeddable":true,"href":"https:\/\/arquiconsult.com\/es\/wp-json\/wp\/v2\/comments?post=52913"}],"version-history":[{"count":0,"href":"https:\/\/arquiconsult.com\/es\/wp-json\/wp\/v2\/pages\/52913\/revisions"}],"wp:attachment":[{"href":"https:\/\/arquiconsult.com\/es\/wp-json\/wp\/v2\/media?parent=52913"}],"curies":[{"name":"wp","href":"https:\/\/api.w.org\/{rel}","templated":true}]}}