{"id":56504,"date":"2023-09-11T10:27:25","date_gmt":"2023-09-11T09:27:25","guid":{"rendered":"https:\/\/arquiconsult.com\/?page_id=56504"},"modified":"2024-12-09T16:04:56","modified_gmt":"2024-12-09T16:04:56","slug":"whistleblowing","status":"publish","type":"page","link":"https:\/\/arquiconsult.com\/es\/whistleblowing\/","title":{"rendered":"Whistleblowing"},"content":{"rendered":"<!--themify_builder_content-->\n<div id=\"themify_builder_content-56504\" data-postid=\"56504\" class=\"themify_builder_content themify_builder_content-56504 themify_builder tf_clear\">\n    \t<!-- module_row -->\n\t<div  data-lazy=\"1\" class=\"module_row themify_builder_row repeat tb_do9t672 tb_first tf_clearfix\" >\n\t    \t\t<div class=\"row_inner col_align_top col-count-1 tf_box tf_w tf_rel\">\n\t\t\t<div  data-lazy=\"1\" class=\"module_column tb-column col-full first tb_q5b4672 tf_box\">\n\t\t\t    \t        <div class=\"tb-column-inner tf_box tf_w\">\n\t\t    \t<div  data-lazy=\"1\" class=\"module_subrow themify_builder_sub_row tb_i9jm672 tf_w tf_clearfix\">\n\t    \t\t<div class=\"subrow_inner col_align_top col-count-1 tf_box tf_w\">\n\t\t\t<div  data-lazy=\"1\" class=\"sub_column module_column tf_box col-full first tb_pmau672\" > \n\t    \t    \t        <div class=\"tb-column-inner tf_box tf_w\">\n\t\t    <!-- module text -->\n<div  class=\"module module-text tb_zd31672  repeat  hide-desktop hide-tablet hide-tablet_landscape hide-mobile\" data-lazy=\"1\">\n        <div  class=\"tb_text_wrap\">\n    <h1>Whistleblowing<\/h1>    <\/div>\n<\/div>\n<!-- \/module text --><!-- module text -->\n<div  class=\"module module-text tb_3omc274  repeat \" data-lazy=\"1\">\n        <div  class=\"tb_text_wrap\">\n    <h2>Arquiconsult Whistleblowing<\/h2>    <\/div>\n<\/div>\n<!-- \/module text -->\t        <\/div>\n\t    \t<\/div>\n\t\t    <\/div>\n\t<\/div><!-- \/themify_builder_sub_row -->\n\t\t        <\/div>\n\t    \t<\/div>\n\t\t    <\/div>\n\t    <!-- \/row_inner -->\n\t<\/div>\n\t<!-- \/module_row -->\n\t\t<!-- module_row -->\n\t<div  data-lazy=\"1\" class=\"module_row themify_builder_row repeat tb_1mfh469 tf_clearfix\" >\n\t    \t\t<div class=\"row_inner col_align_top col-count-1 tf_box tf_w tf_rel\">\n\t\t\t<div  data-lazy=\"1\" class=\"module_column tb-column col-full first tb_9sx2469 tf_box\">\n\t\t\t    \t        <div class=\"tb-column-inner tf_box tf_w\">\n\t\t    \t<div  data-lazy=\"1\" class=\"module_subrow themify_builder_sub_row tb_f38b469 tf_w tf_clearfix\">\n\t    \t\t<div class=\"subrow_inner col_align_top gutter-narrow col-count-1 tf_box tf_w\"  data-basecol=\"1\" data-col_mobile=\"column-full\">\n\t\t\t<div  data-lazy=\"1\" class=\"sub_column module_column tf_box col-full first tb_19gh469 repeat\" > \n\t    \t    \t        <div class=\"tb-column-inner tf_box tf_w\">\n\t\t    <!-- module feature -->\n<div  class=\"module module-feature tb_gobu469 with-chart layout-icon-top size-small \" data-layout-mobile=\"icon-top\" data-layout-desktop=\"icon-top\" data-lazy=\"1\">\n        <div class=\"module-feature-image tf_textc tf_rel\">\n\t\t\t\t\t\t\t<span class=\"module-feature-chart-html5 tf_box tf_rel tf_inline_b\">\n\t\t\t\t\t\t\t<svg class=\"tf_abs tf_w tf_h\">\n\t\t\t\t<circle class=\"tb_feature_fill\" r=\"calc(50% - 1.00px)\" cx=\"50%\" cy=\"50%\" stroke-width=\"2\"\/>\n\t\t\t\t<circle class=\"tb_feature_stroke\" r=\"calc(50% - 1.00px)\" cx=\"50%\" cy=\"50%\" stroke=\"#c41230\" stroke-width=\"2\" data-progress=\"100\" stroke-dasharray=\"0,10000\"\/>\n\t\t\t\t\t\t\t\t<\/svg>\n\t\t\t\t\t\t\t<span class=\"chart-html5-circle tf_w tf_h\">\n\t\t\t\t\t\t\t\t\t\t\t<img style=\"width:calc(100% - 4px);height:calc(100% - 4px)\" src=\"https:\/\/arquiconsult.com\/wp-content\/uploads\/2023\/02\/16.png\" alt=\"16\" title=\"-\">\n\t\t\t\t\t\t\t\t\t<\/span>\n\n\t\t\t\t\n\t\t\t<\/span>\n\t\t\t    <\/div>\n    <div class=\"module-feature-content tf_textc\">\n\t\t\t\t<div class=\"tb_text_wrap\">\n\t\t\t\t\t<\/div>\n    <\/div>\n<\/div>\n<!-- \/module feature -->\n<!-- module text -->\n<div  class=\"module module-text tb_ubsy470   \" data-lazy=\"1\">\n        <div  class=\"tb_text_wrap\">\n    <p style=\"text-align: center;\"><strong>O canal Arquiconsult whistleblowing \u00e9 uma ferramenta de comunica\u00e7\u00e3o externa e interna para a realiza\u00e7\u00e3o de den\u00fancias relativas as condutas tipificadas \u00a0no artigo 2.\u00ba da\u00a0<a href=\"https:\/\/files.dre.pt\/1s\/2021\/12\/24400\/0000300015.pdf\" target=\"_blank\" rel=\"noopener\">Lei n.\u00ba 93\/2021<\/a>, de 20 de dezembro\u200b\u00a0(estabelece o\u00a0Regime Geral de Prote\u00e7\u00e3o de Denunciantes de Infra\u00e7\u00f5es\u00a0&#8211; RGPDI\u00a0&#8211; e procede \u00e0 transposi\u00e7\u00e3o da\u00a0<a href=\"https:\/\/eur-lex.europa.eu\/legal-content\/PT\/TXT\/PDF\/?uri=CELEX:32019L1937&amp;from=en\" target=\"_blank\" rel=\"noopener\">Diretiva (UE) 2019\/1937, do Parlamento Europeu e do Conselho, de 23 de outubro de 2019\u200b<\/a>, relativa \u00e0 prote\u00e7\u00e3o das pessoas que denunciam viola\u00e7\u00f5es do direito da Uni\u00e3o) concretiza os\u00a0requisitos e procedimentos a adotar nos canais de den\u00fancias, interno e externo\u00a0de infra\u00e7\u00f5es tipificadas no referido RGPDI.<\/strong><\/p>\n<p style=\"text-align: center;\">O canal Arquiconsult whistleblowing tamb\u00e9m poder\u00e1 ser utilizado para a realiza\u00e7\u00e3o de den\u00fancias que tenham por objeto situa\u00e7\u00f5es de ass\u00e9dio moral ou sexual nos termos do ponto V, do C\u00f3digo de Boa Conduta para a Preven\u00e7\u00e3o e Combate ao Ass\u00e9dio no Trabalho e de n\u00e3o Discrimina\u00e7\u00e3o da Arquiconsult.<\/p>\n<p style=\"text-align: center;\"><strong>Com efeito, atendendo \u00e0 adequa\u00e7\u00e3o, oportunidade e efic\u00e1cia da den\u00fancia solicitamos que avalie previamente se o objetivo e objetivo da mesma se encontra tanto na referida na referida lei como no mencionado c\u00f3digo.<\/strong><\/p>\n<p style=\"text-align: center;\"><strong>Antes utilizar o canal Arquiconsult whistleblowing, dever\u00e1 ponderar se a conduta motivadora da queixa n\u00e3o se enquadra nos meios de den\u00fancia e se n\u00e3o poder\u00e1 ser debelada ou esclarecida pela pr\u00f3pria Arquiconsult.<\/strong><\/p>\n<p style=\"text-align: center;\">Caso n\u00e3o se sinta \u00e0 vontade para o fazer ou n\u00e3o saiba quem contactar, pode reportar a situa\u00e7\u00e3o \u00e0 Arquiconsult\u00a0atrav\u00e9s do\u00a0canal onde tamb\u00e9m poder\u00e1 encontrar informa\u00e7\u00f5es sobre como a Arquiconsult ir\u00e1 responder \u00e0 sua den\u00fancia ou alerta.<\/p>\n<p style=\"text-align: center;\">A situa\u00e7\u00e3o reportada ser\u00e1 encaminhada para a dire\u00e7\u00e3o jur\u00eddica externa e independente da\u00a0Arquiconsult\u00a0que tratar\u00e1 de rever e investigar a situa\u00e7\u00e3o.<\/p>\n<p style=\"text-align: center;\"><strong>O denunciante dever\u00e1 utilizar este canal com a seriedade, probidade e legalidade, princ\u00edpios pelos quais a Arquiconsult o criou. Assim, as den\u00fancias tidas como infundadas e\/ou caluniosas ter\u00e3o o tratamento previsto e punido por lei.<\/strong><\/p>    <\/div>\n<\/div>\n<!-- \/module text -->\t        <\/div>\n\t    \t<\/div>\n\t\t    <\/div>\n\t<\/div><!-- \/themify_builder_sub_row -->\n\t\t        <\/div>\n\t    \t<\/div>\n\t\t    <\/div>\n\t    <!-- \/row_inner -->\n\t<\/div>\n\t<!-- \/module_row -->\n\t\t<!-- module_row -->\n\t<div  data-lazy=\"1\" class=\"module_row themify_builder_row repeat tb_poq3783 tf_clearfix\" >\n\t    \t\t<div class=\"row_inner col_align_top col-count-1 tf_box tf_w tf_rel\">\n\t\t\t<div  data-lazy=\"1\" class=\"module_column tb-column col-full first tb_6huw783 repeat tf_box\">\n\t\t\t    \t        <div class=\"tb-column-inner tf_box tf_w\">\n\t\t    \t<div  data-lazy=\"1\" class=\"module_subrow themify_builder_sub_row tb_4l4a783 tf_w tf_clearfix\">\n\t    \t\t<div class=\"subrow_inner col_align_top gutter-narrow col-count-1 tf_box tf_w\"  data-basecol=\"1\" data-col_mobile=\"column-full\">\n\t\t\t<div  data-lazy=\"1\" class=\"sub_column module_column tf_box col-full first tb_bz4v783 repeat\" > \n\t    \t    \t        <div class=\"tb-column-inner tf_box tf_w\">\n\t\t    <!-- module buttons -->\n<div  class=\"module module-buttons tb_jhfj784 buttons-horizontal solid  small circle tf_textc\" data-lazy=\"1\">\n    \t<div class=\"module-buttons-item tf_inline_b\">\n\t\t\t\t\t\t\t<a href=\"https:\/\/arquiconsult.com\/arquiconsult-whistleblowing\/\" class=\"ui builder_button tb_default_color\">\n\t\t\t\t\t\t\t\t\t\t\t<span class=\"tf_inline_b tf_vmiddle\">Continuar<\/span>\n\t\t\t\t\t\t\t\t\t\t\t<\/a>\n\t\t\t    \t<\/div>\n\t<\/div>\n<!-- \/module buttons -->\n\t        <\/div>\n\t    \t<\/div>\n\t\t    <\/div>\n\t<\/div><!-- \/themify_builder_sub_row -->\n\t\t        <\/div>\n\t    \t<\/div>\n\t\t    <\/div>\n\t    <!-- \/row_inner -->\n\t<\/div>\n\t<!-- \/module_row -->\n\t<\/div>\n<!--\/themify_builder_content-->","protected":false},"excerpt":{"rendered":"<p>Whistleblowing Arquiconsult Whistleblowing O canal Arquiconsult whistleblowing \u00e9 uma ferramenta de comunica\u00e7\u00e3o externa e interna para a realiza\u00e7\u00e3o de den\u00fancias relativas as condutas tipificadas \u00a0no artigo 2.\u00ba da\u00a0Lei n.\u00ba 93\/2021, de 20 de dezembro\u200b\u00a0(estabelece o\u00a0Regime Geral de Prote\u00e7\u00e3o de Denunciantes de Infra\u00e7\u00f5es\u00a0&#8211; RGPDI\u00a0&#8211; e procede \u00e0 transposi\u00e7\u00e3o da\u00a0Diretiva (UE) 2019\/1937, do Parlamento Europeu e do [&hellip;]<\/p>\n","protected":false},"author":4,"featured_media":0,"parent":0,"menu_order":0,"comment_status":"closed","ping_status":"closed","template":"","meta":[],"acf":[],"_links":{"self":[{"href":"https:\/\/arquiconsult.com\/es\/wp-json\/wp\/v2\/pages\/56504"}],"collection":[{"href":"https:\/\/arquiconsult.com\/es\/wp-json\/wp\/v2\/pages"}],"about":[{"href":"https:\/\/arquiconsult.com\/es\/wp-json\/wp\/v2\/types\/page"}],"author":[{"embeddable":true,"href":"https:\/\/arquiconsult.com\/es\/wp-json\/wp\/v2\/users\/4"}],"replies":[{"embeddable":true,"href":"https:\/\/arquiconsult.com\/es\/wp-json\/wp\/v2\/comments?post=56504"}],"version-history":[{"count":0,"href":"https:\/\/arquiconsult.com\/es\/wp-json\/wp\/v2\/pages\/56504\/revisions"}],"wp:attachment":[{"href":"https:\/\/arquiconsult.com\/es\/wp-json\/wp\/v2\/media?parent=56504"}],"curies":[{"name":"wp","href":"https:\/\/api.w.org\/{rel}","templated":true}]}}