{"id":56566,"date":"2023-09-11T11:58:45","date_gmt":"2023-09-11T10:58:45","guid":{"rendered":"https:\/\/arquiconsult.com\/?page_id=56566"},"modified":"2024-10-09T16:51:19","modified_gmt":"2024-10-09T15:51:19","slug":"formulario-whistleblowing","status":"publish","type":"page","link":"https:\/\/arquiconsult.com\/es\/formulario-whistleblowing\/","title":{"rendered":"Formul\u00e1rio Whistleblowing"},"content":{"rendered":"<!--themify_builder_content-->\n<div id=\"themify_builder_content-56566\" data-postid=\"56566\" class=\"themify_builder_content themify_builder_content-56566 themify_builder tf_clear\">\n    \t<!-- module_row -->\n\t<div  data-anchor=\"hub\" data-hide-anchor=\"1\" data-css_id=\"qlg3918\" data-lazy=\"1\" class=\"module_row themify_builder_row repeat fullwidth tb_has_section tb_section-hub tb_qlg3918 tb_first tf_clearfix\" >\n\t    \t\t<div class=\"row_inner col_align_top col-count-1 tf_box tf_w tf_rel\">\n\t\t\t<div  data-lazy=\"1\" class=\"module_column tb-column col-full first tb_wed9918 repeat tf_box\">\n\t\t\t    \t        <div class=\"tb-column-inner tf_box tf_w\">\n\t\t    \t<div  data-lazy=\"1\" class=\"module_subrow themify_builder_sub_row tb_lfkm918 tf_w tf_clearfix\">\n\t    \t\t<div class=\"subrow_inner col_align_top col-count-1 tf_box tf_w\">\n\t\t\t<div  data-lazy=\"1\" class=\"sub_column module_column tf_box col-full first tb_synj918 fullcover\" > \n\t    \t    \t        <div class=\"tb-column-inner tf_box tf_w\">\n\t\t    <!-- module text -->\n<div  class=\"module module-text tb_unrr919  repeat  wow\" data-tf-animation=\"pulse\" data-lazy=\"1\">\n        <div  class=\"tb_text_wrap\">\n    <h1 style=\"text-align: center;\"><strong>Den\u00fancia<\/strong><\/h1>    <\/div>\n<\/div>\n<!-- \/module text --><!-- module text -->\n<div  class=\"module module-text tb_iu4b919   \" data-lazy=\"1\">\n        <div  class=\"tb_text_wrap\">\n    <p>A Arquiconsult promove a legalidade, transpar\u00eancia e honestidade enquanto empresa, estendendo esse compromisso a todos os seus colaboradores e a quem com ela se relacionada.<\/p>\n<p><strong>&#8220;*&#8221; indica campos obrigat\u00f3rios<\/strong><br \/><br \/><\/p>\n<p>Nota: Os dados ter\u00e3o de ser partilhados inevitavelmente, no entanto, a forma como s\u00e3o posteriormente tratados poder\u00e1 ser definida na op\u00e7\u00e3o de manter anonimato. A recolha dos dados servir\u00e1 para que a entidade jur\u00eddica tenha a possibilidade de proceder com a investiga\u00e7\u00e3o.<\/p>    <\/div>\n<\/div>\n<!-- \/module text --><!-- module text -->\n<div  class=\"module module-text tb_9ixw919   \" data-lazy=\"1\">\n        <div  class=\"tb_text_wrap\">\n    <div role=\"form\" class=\"wpcf7\" id=\"wpcf7-f56579-o1\" lang=\"en-US\" dir=\"ltr\">\n<div class=\"screen-reader-response\"><p role=\"status\" aria-live=\"polite\" aria-atomic=\"true\"><\/p> <ul><\/ul><\/div>\n<form action=\"\/es\/wp-json\/wp\/v2\/pages\/56566#wpcf7-f56579-o1\" method=\"post\" class=\"wpcf7-form init\" novalidate=\"novalidate\" data-status=\"init\">\n<div style=\"display: none;\">\n<input type=\"hidden\" name=\"_wpcf7\" value=\"56579\" \/>\n<input type=\"hidden\" name=\"_wpcf7_version\" value=\"5.6.4\" \/>\n<input type=\"hidden\" name=\"_wpcf7_locale\" value=\"en_US\" \/>\n<input type=\"hidden\" name=\"_wpcf7_unit_tag\" value=\"wpcf7-f56579-o1\" \/>\n<input type=\"hidden\" name=\"_wpcf7_container_post\" value=\"0\" \/>\n<input type=\"hidden\" name=\"_wpcf7_posted_data_hash\" value=\"\" \/>\n<input type=\"hidden\" name=\"_wpcf7_recaptcha_response\" value=\"\" \/>\n<\/div>\n<form style=\"text-align:center\">\n<fieldset style=\"padding-left:125px\">\n<table>\n<tr>\n<td>\n<p style=\"margin-bottom:-20px\"><span style=\"font-weight:500\">Nome<\/span><span style=\"color:#ed1e24\"> *<\/span><\/p>\n<p>    <label><br \/>\n    <span class=\"wpcf7-form-control-wrap\" data-name=\"Name\"><input type=\"text\" name=\"Name\" value=\"\" size=\"40\" class=\"wpcf7-form-control wpcf7-text wpcf7-validates-as-required\" aria-required=\"true\" aria-invalid=\"false\" \/><\/span> <\/label>\n   <\/td>\n<td>\n<p style=\"margin-bottom:-20px\"><span style=\"font-weight:500\">Email<\/span><span style=\"color:#ed1e24\"> *<\/span><\/p>\n<p>    <label><br \/>\n    <span class=\"wpcf7-form-control-wrap\" data-name=\"Email\"><input type=\"email\" name=\"Email\" value=\"\" size=\"40\" class=\"wpcf7-form-control wpcf7-text wpcf7-email wpcf7-validates-as-required wpcf7-validates-as-email\" aria-required=\"true\" aria-invalid=\"false\" \/><\/span> <\/label>\n   <\/td>\n<\/tr>\n<\/table>\n<\/fieldset>\n<fieldset style=\"padding-left:125px\">\n<table>\n<tr>\n<td>\n<p style=\"margin-bottom:-20px\"><span style=\"font-weight:500\">Tel.<\/span><\/p>\n<p>    <label><br \/>\n    <span class=\"wpcf7-form-control-wrap\" data-name=\"Phone\"><input type=\"tel\" name=\"Phone\" value=\"\" size=\"40\" class=\"wpcf7-form-control wpcf7-text wpcf7-tel wpcf7-validates-as-tel\" aria-invalid=\"false\" \/><\/span> <\/label>\n   <\/td>\n<td>\n<p style=\"margin-bottom:-20px\"><span style=\"font-weight:500\">Manter Anonimato<\/span><span style=\"color:#ed1e24\"> *<\/span><\/p>\n<p>    <label><br \/>\n    <span class=\"wpcf7-form-control-wrap\" data-name=\"ManterAnonimato\"><span class=\"wpcf7-form-control wpcf7-checkbox wpcf7-validates-as-required\"><span class=\"wpcf7-list-item first\"><label><input type=\"checkbox\" name=\"ManterAnonimato[]\" value=\"Sim\" \/><span class=\"wpcf7-list-item-label\">Sim<\/span><\/label><\/span><span class=\"wpcf7-list-item last\"><label><input type=\"checkbox\" name=\"ManterAnonimato[]\" value=\"N\u00e3o\" \/><span class=\"wpcf7-list-item-label\">N\u00e3o<\/span><\/label><\/span><\/span><\/span> <\/label>\n<\/td>\n<\/tr>\n<\/table>\n<\/fieldset>\n<fieldset style=\"padding-left:125px\">\n<table>\n<tr>\n<td>\n<p style=\"margin-bottom:-20px\"><span style=\"font-weight:500\">Data da Ocorr\u00eancia<\/span><span style=\"color:#ed1e24\"> *<\/span><\/p>\n<p>    <label><br \/>\n    <span class=\"wpcf7-form-control-wrap\" data-name=\"date-919\"><input type=\"date\" name=\"date-919\" value=\"\" class=\"wpcf7-form-control wpcf7-date wpcf7-validates-as-required wpcf7-validates-as-date\" aria-required=\"true\" aria-invalid=\"false\" \/><\/span> <\/label>\n   <\/td>\n<td>\n<p style=\"margin-bottom:-20px\"><span style=\"font-weight:500\" style=\"text-align:center\">Tipo de Den\u00fancia<\/span><span style=\"color:#ed1e24\"> *<\/span><\/p>\n<p>    <label><br \/>\n    <span class=\"wpcf7-form-control-wrap\" data-name=\"recipient\"><select name=\"recipient\" class=\"wpcf7-form-control wpcf7-select wpcf7-validates-as-required\" aria-required=\"true\" aria-invalid=\"false\"><option value=\"Contrata\u00e7\u00e3o p\u00fablica\">Contrata\u00e7\u00e3o p\u00fablica<\/option><option value=\"Servi\u00e7os, produtos e mercados financeiros e &lt;br&gt; preven\u00e7\u00e3o do branqueamento de capitais e do financiamento do terrorismo\">Servi\u00e7os, produtos e mercados financeiros e &lt;br&gt; preven\u00e7\u00e3o do branqueamento de capitais e do financiamento do terrorismo<\/option><option value=\"Seguran\u00e7a e conformidade dos produtos\">Seguran\u00e7a e conformidade dos produtos<\/option><option value=\"Seguran\u00e7a dos transportes; Prote\u00e7\u00e3o do ambiente\">Seguran\u00e7a dos transportes; Prote\u00e7\u00e3o do ambiente<\/option><option value=\"Prote\u00e7\u00e3o contra radia\u00e7\u00f5es e seguran\u00e7a nuclear\">Prote\u00e7\u00e3o contra radia\u00e7\u00f5es e seguran\u00e7a nuclear<\/option><option value=\"Seguran\u00e7a dos alimentos para consumo humano e animal, sa\u00fade animal e bem-estar animal; Sa\u00fade p\u00fablica\">Seguran\u00e7a dos alimentos para consumo humano e animal, sa\u00fade animal e bem-estar animal; Sa\u00fade p\u00fablica<\/option><option value=\"Defesa do consumidor\">Defesa do consumidor<\/option><option value=\"Prote\u00e7\u00e3o da privacidade e dos dados pessoais e seguran\u00e7a da rede e dos sistemas de informa\u00e7\u00e3o\">Prote\u00e7\u00e3o da privacidade e dos dados pessoais e seguran\u00e7a da rede e dos sistemas de informa\u00e7\u00e3o<\/option><option value=\"Concorr\u00eancia e aux\u00edlios estatais\">Concorr\u00eancia e aux\u00edlios estatais<\/option><option value=\"Fiscalidade societ\u00e1ria\">Fiscalidade societ\u00e1ria<\/option><option value=\"Criminalidade violenta, especialmente violenta e altamente organizada\">Criminalidade violenta, especialmente violenta e altamente organizada<\/option><\/select><\/span> <\/label>\n   <\/td>\n<\/tr>\n<\/table>\n<\/fieldset>\n<fieldset style=\"text-align:center\">\n<table>\n<tr>\n<td>\n<p style=\"margin-bottom:-20px\"><span style=\"font-weight:500\">Rela\u00e7\u00e3o com a Arquiconsult<\/span><span style=\"color:#ed1e24\"> *<\/span><\/p>\n<p>    <label style=\"margin:10px\"><br \/>\n    <span class=\"wpcf7-form-control-wrap\" data-name=\"Relacao\"><textarea name=\"Relacao\" cols=\"40\" rows=\"10\" class=\"wpcf7-form-control wpcf7-textarea wpcf7-validates-as-required\" aria-required=\"true\" aria-invalid=\"false\"><\/textarea><\/span> <\/label>\n   <\/td>\n<td>\n<p style=\"margin-bottom:-20px\"><span style=\"font-weight:500\">Descri\u00e7\u00e3o do incidente o mais detalhado poss\u00edvel<\/span><span style=\"color:#ed1e24\"> *<\/span><\/p>\n<p>    <label style=\"margin:10px\"><br \/>\n    <span class=\"wpcf7-form-control-wrap\" data-name=\"Message\"><textarea name=\"Message\" cols=\"40\" rows=\"10\" class=\"wpcf7-form-control wpcf7-textarea wpcf7-validates-as-required\" aria-required=\"true\" aria-invalid=\"false\"><\/textarea><\/span> <\/label>\n   <\/td>\n<\/tr>\n<\/table>\n<\/fieldset>\n<fieldset style=\"padding-left:210px\">\n<table>\n<tr>\n<td>\n<button class=\"submit\" type=\"submit\" name=\"signUp\" style=\"padding:15px 100px 15px 100px\" style=\"text-align:center\" style=\"color:#ed1e24\">Submeter Den\u00fancia<\/button>\n   <\/td>\n<\/tr>\n<\/table>\n<\/fieldset>\n<\/form>\n<input type='hidden' class='wpcf7-pum' value='{\"closepopup\":false,\"closedelay\":0,\"openpopup\":false,\"openpopup_id\":0}' \/><div class=\"wpcf7-response-output\" aria-hidden=\"true\"><\/div><\/form><\/div>    <\/div>\n<\/div>\n<!-- \/module text -->\t        <\/div>\n\t    \t<\/div>\n\t\t    <\/div>\n\t<\/div><!-- \/themify_builder_sub_row -->\n\t\t        <\/div>\n\t    \t<\/div>\n\t\t    <\/div>\n\t    <!-- \/row_inner -->\n\t<\/div>\n\t<!-- \/module_row -->\n\t<\/div>\n<!--\/themify_builder_content-->","protected":false},"excerpt":{"rendered":"<p>Den\u00fancia A Arquiconsult promove a legalidade, transpar\u00eancia e honestidade enquanto empresa, estendendo esse compromisso a todos os seus colaboradores e a quem com ela se relacionada. &#8220;*&#8221; indica campos obrigat\u00f3rios Nota: Os dados ter\u00e3o de ser partilhados inevitavelmente, no entanto, a forma como s\u00e3o posteriormente tratados poder\u00e1 ser definida na op\u00e7\u00e3o de manter anonimato. A [&hellip;]<\/p>\n","protected":false},"author":4,"featured_media":0,"parent":0,"menu_order":0,"comment_status":"closed","ping_status":"closed","template":"","meta":[],"acf":[],"_links":{"self":[{"href":"https:\/\/arquiconsult.com\/es\/wp-json\/wp\/v2\/pages\/56566"}],"collection":[{"href":"https:\/\/arquiconsult.com\/es\/wp-json\/wp\/v2\/pages"}],"about":[{"href":"https:\/\/arquiconsult.com\/es\/wp-json\/wp\/v2\/types\/page"}],"author":[{"embeddable":true,"href":"https:\/\/arquiconsult.com\/es\/wp-json\/wp\/v2\/users\/4"}],"replies":[{"embeddable":true,"href":"https:\/\/arquiconsult.com\/es\/wp-json\/wp\/v2\/comments?post=56566"}],"version-history":[{"count":0,"href":"https:\/\/arquiconsult.com\/es\/wp-json\/wp\/v2\/pages\/56566\/revisions"}],"wp:attachment":[{"href":"https:\/\/arquiconsult.com\/es\/wp-json\/wp\/v2\/media?parent=56566"}],"curies":[{"name":"wp","href":"https:\/\/api.w.org\/{rel}","templated":true}]}}