{"id":58312,"date":"2024-02-05T16:59:53","date_gmt":"2024-02-05T16:59:53","guid":{"rendered":"https:\/\/arquiconsult.com\/?page_id=58312"},"modified":"2025-12-02T14:45:31","modified_gmt":"2025-12-02T14:45:31","slug":"sectores-ls-retail-restaurantes","status":"publish","type":"page","link":"https:\/\/arquiconsult.com\/es\/sectores-ls-retail-restaurantes\/","title":{"rendered":"Sectores LS Retail &#8211; Restaurantes"},"content":{"rendered":"<!--themify_builder_content-->\n<div id=\"themify_builder_content-58312\" data-postid=\"58312\" class=\"themify_builder_content themify_builder_content-58312 themify_builder tf_clear\">\n    \t<!-- module_row -->\n\t<div  data-anchor=\"restauracao\" data-hide-anchor=\"1\" data-css_id=\"g4yx693\" data-lazy=\"1\" class=\"module_row themify_builder_row fullcover fullwidth_row_container tb_has_section tb_section-restauracao tb_g4yx693 tb_first tf_clearfix wow\" data-tf-animation=\"bounceInUp\" >\n\t    <div class=\"builder_row_cover tf_abs\"><\/div>\t\t<div class=\"row_inner col_align_top col-count-2 tf_box tf_w tf_rel\"  data-basecol=\"2\" data-col_mobile=\"column-full\">\n\t\t\t<div  data-lazy=\"1\" style=\"width: 79.53%\" class=\"module_column tb-column col4-2 first tb_k0vd693 repeat tf_box\">\n\t\t\t    \t        <div class=\"tb-column-inner tf_box tf_w\">\n\t\t    <!-- module text -->\n<div  class=\"module module-text tb_l0xf693  repeat \" data-lazy=\"1\">\n        <div  class=\"tb_text_wrap\">\n    <h4 style=\"font-weight: 300;\">LS Retail &#8211; Una soluci\u00f3n completa para restaurantes<\/h4>    <\/div>\n<\/div>\n<!-- \/module text --><!-- module text -->\n<div  class=\"module module-text tb_66tt699  repeat  hide-desktop hide-tablet hide-tablet_landscape hide-mobile\" data-lazy=\"1\">\n        <div  class=\"tb_text_wrap\">\n    <h2 style=\"font-weight: 300;\">LS Retail\u00a0<\/h2>    <\/div>\n<\/div>\n<!-- \/module text --><!-- module text -->\n<div  class=\"module module-text tb_6nnw98  repeat  hide-desktop hide-tablet hide-tablet_landscape hide-mobile\" data-lazy=\"1\">\n        <div  class=\"tb_text_wrap\">\n    <h1 style=\"font-weight: 300;\">LS Retail restaurantes<\/h1>    <\/div>\n<\/div>\n<!-- \/module text -->\t        <\/div>\n\t    \t<\/div>\n\t\t<div  data-lazy=\"1\" style=\"width: 17.27%\" class=\"module_column tb-column col4-2 last tb_40xh693 tf_box\">\n\t\t\t    \t<\/div>\n\t\t    <\/div>\n\t    <!-- \/row_inner -->\n\t<\/div>\n\t<!-- \/module_row -->\n\t\t<!-- module_row -->\n\t<div  data-css_id=\"aed8209\" data-lazy=\"1\" class=\"module_row themify_builder_row fullcover fullwidth tb_aed8209 tf_clearfix wow\" data-tf-animation=\"pulse\" >\n\t    \t\t<div class=\"row_inner col_align_top col-count-1 tf_box tf_w tf_rel\">\n\t\t\t<div  data-lazy=\"1\" class=\"module_column tb-column col-full first tb_092i210 tf_box\">\n\t\t\t    \t        <div class=\"tb-column-inner tf_box tf_w\">\n\t\t    <!-- module text -->\n<div  class=\"module module-text tb_v9xf210  repeat \" data-lazy=\"1\">\n        <div  class=\"tb_text_wrap\">\n    <p style=\"text-align: center;\">La soluci\u00f3n de gesti\u00f3n de restaurantes de LS Retail facilita operaciones eficientes en la cocina y la gesti\u00f3n de mesas, agilizando pedidos y garantizando servicios a tiempo. La plataforma \u00fanica, LS Retail para Restaurantes, proporciona una vista completa del negocio, interconectando operaciones diarias con procesos financieros. Entre sus aspectos destacados se incluyen la f\u00e1cil adaptaci\u00f3n a solicitudes, gesti\u00f3n centralizada de reservas para mesas o eventos especiales.<\/p>    <\/div>\n<\/div>\n<!-- \/module text -->\t        <\/div>\n\t    \t<\/div>\n\t\t    <\/div>\n\t    <!-- \/row_inner -->\n\t<\/div>\n\t<!-- \/module_row -->\n\t\t<!-- module_row -->\n\t<div  data-css_id=\"tllw628\" data-lazy=\"1\" class=\"module_row themify_builder_row repeat fullwidth_row_container tb_tllw628 tf_clearfix\" >\n\t    \t\t<div class=\"row_inner col_align_top col-count-2 tf_box tf_w tf_rel\"  data-basecol=\"2\" data-col_mobile=\"column-full\">\n\t\t\t<div  data-lazy=\"1\" style=\"width: 47.83%\" class=\"module_column tb-column col4-2 first tb_1hde628 tf_box\">\n\t\t\t    \t        <div class=\"tb-column-inner tf_box tf_w\">\n\t\t    \t<div  data-lazy=\"1\" class=\"module_subrow themify_builder_sub_row tb_dzzu628 tf_w tf_clearfix\">\n\t    \t\t<div class=\"subrow_inner col_align_top col-count-1 tf_box tf_w\">\n\t\t\t<div  data-lazy=\"1\" class=\"sub_column module_column tf_box col-full first tb_muhw628\" > \n\t    \t    \t        <div class=\"tb-column-inner tf_box tf_w\">\n\t\t    <!-- module text -->\n<div  class=\"module module-text tb_luhg628  repeat \" data-lazy=\"1\">\n        <div  class=\"tb_text_wrap\">\n    <h2 style=\"text-align: left;\"><strong>Conector de Delivery LS Retail<\/strong><\/h2>    <\/div>\n<\/div>\n<!-- \/module text --><!-- module text -->\n<div  class=\"module module-text tb_6yrq628   \" data-lazy=\"1\">\n        <div  class=\"tb_text_wrap\">\n    <p style=\"text-align: left;\"><strong>Dise\u00f1ado para empresas que ofrecen servicio de entrega y necesitan ayuda para gestionar todos los canales de entrega.<\/strong><\/p>\n<p style=\"text-align: left;\">Soluci\u00f3n\u00a0<strong>desarrollada por Arquiconsult<\/strong> basada en LS Retail para soportar Canales de Entrega con Delivery en BC. Esta aplicaci\u00f3n integra todos los procesos de los canales de entrega y la informaci\u00f3n de los productos, reduciendo los costes de operaci\u00f3n y los procesos del personal, simplificando su gesti\u00f3n y precisando el proceso de pedidos de entrega.<\/p>    <\/div>\n<\/div>\n<!-- \/module text --><!-- module buttons -->\n<div  class=\"module module-buttons tb_0crz628 buttons-horizontal transparent  large circle tf_textc\" data-lazy=\"1\">\n    \t<div class=\"module-buttons-item tf_inline_b\">\n\t\t\t\t\t\t\t<a href=\"https:\/\/arquiconsult.com\/wp-content\/uploads\/2024\/09\/Factsheet_LS_Delivery_Con_es_Appsource.pdf\" class=\"ui builder_button tb_default_color\" target=\"_blank\" rel=\"noopener\">\n\t\t\t\t\t\t\t\t\t\t\t<span class=\"tf_inline_b tf_vmiddle\">Hoja Informativa<\/span>\n\t\t\t\t\t\t\t\t\t\t\t<\/a>\n\t\t\t    \t<\/div>\n\t<\/div>\n<!-- \/module buttons -->\n\t        <\/div>\n\t    \t<\/div>\n\t\t    <\/div>\n\t<\/div><!-- \/themify_builder_sub_row -->\n\t\t        <\/div>\n\t    \t<\/div>\n\t\t<div  data-lazy=\"1\" style=\"width: 48.97%\" class=\"module_column tb-column col4-2 last tb_sfwy628 tf_box\">\n\t\t\t    \t        <div class=\"tb-column-inner tf_box tf_w\">\n\t\t    <!-- module image -->\n<div  class=\"module module-image tb_zh9b628   image-top tf_mw wow\" data-tf-animation=\"fadeIn\" data-lazy=\"1\">\n        <div class=\"image-wrap tf_rel tf_mw\">\n\t\t    <img loading=\"lazy\" src=\"https:\/\/arquiconsult.com\/wp-content\/uploads\/2024\/09\/boneca-ES-1-500x492.png\" width=\"500\" height=\"492\" class=\"wp-post-image wp-image-76928\" title=\"boneca-ES\" alt=\"boneca-ES\" srcset=\"https:\/\/arquiconsult.com\/wp-content\/uploads\/2024\/09\/boneca-ES-1-500x492.png 500w, https:\/\/arquiconsult.com\/wp-content\/uploads\/2024\/09\/boneca-ES-1-488x480.png 488w, https:\/\/arquiconsult.com\/wp-content\/uploads\/2024\/09\/boneca-ES-1-768x756.png 768w, https:\/\/arquiconsult.com\/wp-content\/uploads\/2024\/09\/boneca-ES-1-320x315.png 320w, https:\/\/arquiconsult.com\/wp-content\/uploads\/2024\/09\/boneca-ES-1-480x472.png 480w, https:\/\/arquiconsult.com\/wp-content\/uploads\/2024\/09\/boneca-ES-1-800x787.png 800w, https:\/\/arquiconsult.com\/wp-content\/uploads\/2024\/09\/boneca-ES-1.png 813w\" sizes=\"(max-width: 500px) 100vw, 500px\" \/>\t\n\t\t<\/div>\n\t<!-- \/image-wrap -->\n    \n    \t<\/div>\n<!-- \/module image -->\t        <\/div>\n\t    \t<\/div>\n\t\t    <\/div>\n\t    <!-- \/row_inner -->\n\t<\/div>\n\t<!-- \/module_row -->\n\t\t<!-- module_row -->\n\t<div  data-css_id=\"39ko296\" data-lazy=\"1\" class=\"module_row themify_builder_row repeat fullwidth_row_container tb_39ko296 tf_clearfix\" >\n\t    \t\t<div class=\"row_inner col_align_top gutter-narrow col-count-4 tf_box tf_w tf_rel\"  data-basecol=\"4\" data-col_mobile=\"column-full\">\n\t\t\t<div  data-lazy=\"1\" class=\"module_column tb-column col4-1 first tb_ufi7297 repeat tf_box\">\n\t\t\t    \t        <div class=\"tb-column-inner tf_box tf_w\">\n\t\t    <!-- module image -->\n<div  class=\"module module-image tb_tpfs297   image-center tf_mw wow\" data-tf-animation=\"slideInLeft\" data-tf-animation_delay=\".5\" data-lazy=\"1\">\n        <div class=\"image-wrap tf_rel tf_mw\">\n\t\t    \t\n\t\t<\/div>\n\t<!-- \/image-wrap -->\n    \n    \t<div class=\"image-content\">\n\t    \t\t\t<h3 class=\"image-title\">\n\t\t\t\t\t\t\t\t\tControl Total de Restaurantes\t\t\t\t\t\t\t<\/h3>\n\t    \n\t    \t\t<div class=\"image-caption tb_text_wrap\">\n\t\t    Reemplace las numerosas soluciones de software, con LS Retail para restaurantes y empresas de servicio de alimentos, con solo un sistema de software para toda la empresa.\t    <\/div>\n\t    <!-- \/image-caption -->\n\t    \t<\/div>\n\t<!-- \/image-content -->\n    \t<\/div>\n<!-- \/module image -->\t        <\/div>\n\t    \t<\/div>\n\t\t<div  data-lazy=\"1\" class=\"module_column tb-column col4-1 second tb_irk7297 tf_box\">\n\t\t\t    \t        <div class=\"tb-column-inner tf_box tf_w\">\n\t\t    <!-- module image -->\n<div  class=\"module module-image tb_c70n297   image-center tf_mw wow\" data-tf-animation=\"slideInLeft\" data-lazy=\"1\">\n        <div class=\"image-wrap tf_rel tf_mw\">\n\t\t    \t\n\t\t<\/div>\n\t<!-- \/image-wrap -->\n    \n    \t<div class=\"image-content\">\n\t    \t\t\t<h3 class=\"image-title\">\n\t\t\t\t\t\t\t\t\tEliminar Errores con LS Retail y mejore los resultados finales\t\t\t\t\t\t\t<\/h3>\n\t    \n\t    \t\t<div class=\"image-caption tb_text_wrap\">\n\t\t    Eval\u00fae los platos para asegurar ganancias, reduzca el desperdicio con las cantidades correctas, acelere el servicio de mesa, reserve libros para optimizar el espacio y el tiempo.\t    <\/div>\n\t    <!-- \/image-caption -->\n\t    \t<\/div>\n\t<!-- \/image-content -->\n    \t<\/div>\n<!-- \/module image -->\t        <\/div>\n\t    \t<\/div>\n\t\t<div  data-lazy=\"1\" class=\"module_column tb-column col4-1 third tb_uclj297 tf_box\">\n\t\t\t    \t        <div class=\"tb-column-inner tf_box tf_w\">\n\t\t    <!-- module image -->\n<div  class=\"module module-image tb_rbsq297   image-center tf_mw wow\" data-tf-animation=\"slideInRight\" data-lazy=\"1\">\n        <div class=\"image-wrap tf_rel tf_mw\">\n\t\t    \t\n\t\t<\/div>\n\t<!-- \/image-wrap -->\n    \n    \t<div class=\"image-content\">\n\t    \t\t\t<h3 class=\"image-title\">\n\t\t\t\t\t\t\t\t\tFidelidad de Clientes con LS Retail, Gane lealtad de sus clientes y ellos volver\u00e1n\t\t\t\t\t\t\t<\/h3>\n\t    \n\t    \t\t<div class=\"image-caption tb_text_wrap\">\n\t\t    Proporcione un servicio al cliente excepcional. Sorprenda a los clientes con agilidad en la recepci\u00f3n de pedidos y pagos en la mesa con la soluci\u00f3n m\u00f3vil, con informaci\u00f3n precisa sobre ingredientes y al\u00e9rgenos.\t    <\/div>\n\t    <!-- \/image-caption -->\n\t    \t<\/div>\n\t<!-- \/image-content -->\n    \t<\/div>\n<!-- \/module image -->\t        <\/div>\n\t    \t<\/div>\n\t\t<div  data-lazy=\"1\" class=\"module_column tb-column col4-1 last tb_9bus297 tf_box\">\n\t\t\t    \t        <div class=\"tb-column-inner tf_box tf_w\">\n\t\t    <!-- module image -->\n<div  class=\"module module-image tb_61r9297   image-center tf_mw wow\" data-tf-animation=\"slideInRight\" data-lazy=\"1\">\n        <div class=\"image-wrap tf_rel tf_mw\">\n\t\t    \t\n\t\t<\/div>\n\t<!-- \/image-wrap -->\n    \n    \t<div class=\"image-content\">\n\t    \t\t\t<h3 class=\"image-title\">\n\t\t\t\t\t\t\t\t\tFront-Back-Office-Cocina con LS Retail Front office, back office y cocina\t\t\t\t\t\t\t<\/h3>\n\t    \n\t    \t\t<div class=\"image-caption tb_text_wrap\">\n\t\t    Tenga la soluci\u00f3n fija y m\u00f3vil en la sala, gesti\u00f3n de back-office para administrar recetas, men\u00fas y promociones. Obtenga control de la cocina con comunicaci\u00f3n clara con la sala, sistema de visualizaci\u00f3n de control y producci\u00f3n de platos sincronizada.\t    <\/div>\n\t    <!-- \/image-caption -->\n\t    \t<\/div>\n\t<!-- \/image-content -->\n    \t<\/div>\n<!-- \/module image -->\t        <\/div>\n\t    \t<\/div>\n\t\t    <\/div>\n\t    <!-- \/row_inner -->\n\t<\/div>\n\t<!-- \/module_row -->\n\t\t<!-- module_row -->\n\t<div  data-css_id=\"u5rc974\" data-lazy=\"1\" class=\"module_row themify_builder_row fullcover fullwidth tb_u5rc974 tf_clearfix wow\" data-tf-animation=\"pulse\" >\n\t    \t\t<div class=\"row_inner col_align_top col-count-2 tf_box tf_w tf_rel\"  data-basecol=\"2\" data-col_mobile=\"column-full\">\n\t\t\t<div  data-lazy=\"1\" class=\"module_column tb-column col4-2 first tb_ivxy974 tf_box\">\n\t\t\t    \t        <div class=\"tb-column-inner tf_box tf_w\">\n\t\t    <!-- module buttons -->\n<div  class=\"module module-buttons tb_ynsv974 buttons-horizontal transparent popmake-61894 large circle tf_textc\" data-lazy=\"1\">\n    \t<div class=\"module-buttons-item tf_inline_b\">\n\t\t\t\t\t\t\t<a href=\"#\" class=\"ui builder_button tb_default_color\" >\n\t\t\t\t\t\t\t\t\t\t\t<span class=\"tf_inline_b tf_vmiddle\">Solicite una Demostraci\u00f3n<\/span>\n\t\t\t\t\t\t\t\t\t\t\t<\/a>\n\t\t\t    \t<\/div>\n\t<\/div>\n<!-- \/module buttons -->\n\t        <\/div>\n\t    \t<\/div>\n\t\t<div  data-lazy=\"1\" class=\"module_column tb-column col4-2 last tb_wg3s974 tf_box\">\n\t\t\t    \t        <div class=\"tb-column-inner tf_box tf_w\">\n\t\t    <!-- module buttons -->\n<div  class=\"module module-buttons tb_d2be974 buttons-horizontal transparent  large circle tf_textc\" data-lazy=\"1\">\n    \t<div class=\"module-buttons-item tf_inline_b\">\n\t\t\t\t\t\t\t<a href=\"https:\/\/arquiconsult.com\/wp-content\/uploads\/2024\/03\/LS-Retail-Restaurants-ES.pdf\" class=\"ui builder_button tb_default_color\" target=\"_blank\" rel=\"noopener\">\n\t\t\t\t\t\t\t\t\t\t\t<span class=\"tf_inline_b tf_vmiddle\">Descargar Hoja Informativa<\/span>\n\t\t\t\t\t\t\t\t\t\t\t<\/a>\n\t\t\t    \t<\/div>\n\t<\/div>\n<!-- \/module buttons -->\n\t        <\/div>\n\t    \t<\/div>\n\t\t    <\/div>\n\t    <!-- \/row_inner -->\n\t<\/div>\n\t<!-- \/module_row -->\n\t<\/div>\n<!--\/themify_builder_content-->","protected":false},"excerpt":{"rendered":"<p>LS Retail &#8211; Una soluci\u00f3n completa para restaurantes LS Retail\u00a0 LS Retail restaurantes La soluci\u00f3n de gesti\u00f3n de restaurantes de LS Retail facilita operaciones eficientes en la cocina y la gesti\u00f3n de mesas, agilizando pedidos y garantizando servicios a tiempo. La plataforma \u00fanica, LS Retail para Restaurantes, proporciona una vista completa del negocio, interconectando operaciones [&hellip;]<\/p>\n","protected":false},"author":4,"featured_media":0,"parent":0,"menu_order":0,"comment_status":"closed","ping_status":"closed","template":"","meta":[],"acf":[],"_links":{"self":[{"href":"https:\/\/arquiconsult.com\/es\/wp-json\/wp\/v2\/pages\/58312"}],"collection":[{"href":"https:\/\/arquiconsult.com\/es\/wp-json\/wp\/v2\/pages"}],"about":[{"href":"https:\/\/arquiconsult.com\/es\/wp-json\/wp\/v2\/types\/page"}],"author":[{"embeddable":true,"href":"https:\/\/arquiconsult.com\/es\/wp-json\/wp\/v2\/users\/4"}],"replies":[{"embeddable":true,"href":"https:\/\/arquiconsult.com\/es\/wp-json\/wp\/v2\/comments?post=58312"}],"version-history":[{"count":1,"href":"https:\/\/arquiconsult.com\/es\/wp-json\/wp\/v2\/pages\/58312\/revisions"}],"predecessor-version":[{"id":118214,"href":"https:\/\/arquiconsult.com\/es\/wp-json\/wp\/v2\/pages\/58312\/revisions\/118214"}],"wp:attachment":[{"href":"https:\/\/arquiconsult.com\/es\/wp-json\/wp\/v2\/media?parent=58312"}],"curies":[{"name":"wp","href":"https:\/\/api.w.org\/{rel}","templated":true}]}}