{"id":58565,"date":"2023-12-13T09:05:46","date_gmt":"2023-12-13T09:05:46","guid":{"rendered":"https:\/\/arquiconsult.com\/?page_id=58565"},"modified":"2026-01-07T11:24:17","modified_gmt":"2026-01-07T11:24:17","slug":"iso-9001","status":"publish","type":"page","link":"https:\/\/arquiconsult.com\/es\/iso-9001\/","title":{"rendered":"ISO 9001 &#8211; N\u00e3o apagar (Oculta)"},"content":{"rendered":"<!--themify_builder_content-->\n<div id=\"themify_builder_content-58565\" data-postid=\"58565\" class=\"themify_builder_content themify_builder_content-58565 themify_builder tf_clear\">\n    \t<!-- module_row -->\n\t<div  data-css_id=\"j3st902\" data-lazy=\"1\" class=\"module_row themify_builder_row fullcover fullwidth_row_container tb_j3st902 tb_first tf_clearfix\" >\n\t    <div class=\"builder_row_cover tf_abs\"><\/div>\t\t<div class=\"row_inner col_align_middle col-count-2 tf_box tf_w tf_rel\"  data-basecol=\"2\" data-col_tablet=\"column-full\" data-col_mobile=\"column-full\">\n\t\t\t<div  data-lazy=\"1\" style=\"width: 72.07%\" class=\"module_column tb-column col3-2 first tb_0ed2903 tf_box\">\n\t\t\t    \t        <div class=\"tb-column-inner tf_box tf_w\">\n\t\t    <!-- module text -->\n<div  class=\"module module-text tb_twad904  repeat \" data-lazy=\"1\">\n        <div  class=\"tb_text_wrap\">\n    <p><a href=\"#\">arquiconsult.com<\/a> \/ <a href=\"#\">ISO<\/a><\/p>    <\/div>\n<\/div>\n<!-- \/module text --><!-- module fancy heading -->\n<!--\/* $fields_args['heading_tag']  CODIGO QUE SAIU * \/-->\n<div  class=\"module module-fancy-heading tb_jcat904 titulo-suporte tb_hide_divider\" data-lazy=\"1\">\n        <h1  class=\"fancy-heading tf_textl\">\n    <span class=\"main-head tf_block\">\n\t\t\t\t\tISO 9001\t\t    <\/span>\n\n\t\n    <span class=\"sub-head tf_block tf_rel\">\n\t\t\t\t\t\t\t    <\/span>\n    <\/h1>\n<\/div>\n<!-- \/module fancy heading -->\n<!-- module image -->\n<div  class=\"module module-image tb_510u27   image-top tf_mw\" data-lazy=\"1\">\n        <div class=\"image-wrap tf_rel tf_mw\">\n\t\t    <img loading=\"lazy\" src=\"https:\/\/arquiconsult.com\/wp-content\/uploads\/2021\/05\/Logo-arquiconsult-Branco-200x50.png\" width=\"200\" height=\"50\" class=\"wp-post-image wp-image-8400\" title=\"Logo-arquiconsult-Branco\" alt=\"Logo-arquiconsult-Branco\">\t\n\t\t<\/div>\n\t<!-- \/image-wrap -->\n    \n    \t<\/div>\n<!-- \/module image -->\t        <\/div>\n\t    \t<\/div>\n\t\t<div  data-lazy=\"1\" style=\"width: 24.73%\" class=\"module_column tb-column col3-1 last tb_6z6j905 repeat tf_box\">\n\t\t\t    \t<\/div>\n\t\t    <\/div>\n\t    <!-- \/row_inner -->\n\t<\/div>\n\t<!-- \/module_row -->\n\t\t<!-- module_row -->\n\t<div  data-lazy=\"1\" class=\"module_row themify_builder_row repeat tb_lwii902 tf_clearfix\" >\n\t    \t\t<div class=\"row_inner col_align_top col-count-1 tf_box tf_w tf_rel\">\n\t\t\t<div  data-lazy=\"1\" class=\"module_column tb-column col-full first tb_nhe6910 tf_box\">\n\t\t\t    \t        <div class=\"tb-column-inner tf_box tf_w\">\n\t\t    \t<div  data-lazy=\"1\" class=\"module_subrow themify_builder_sub_row tb_6x3d911 tf_w tf_clearfix\">\n\t    \t\t<div class=\"subrow_inner col_align_top col-count-1 tf_box tf_w\">\n\t\t\t<div  data-lazy=\"1\" class=\"sub_column module_column tf_box col-full first tb_98ls912\" > \n\t    \t    \t        <div class=\"tb-column-inner tf_box tf_w\">\n\t\t    <!-- module text -->\n<div  class=\"module module-text tb_ce3g320  repeat \" data-lazy=\"1\">\n        <div  class=\"tb_text_wrap\">\n    <h3 style=\"text-align: left;\">ISO 9001<\/h3>    <\/div>\n<\/div>\n<!-- \/module text --><!-- module text -->\n<div  class=\"module module-text tb_d001742   \" data-lazy=\"1\">\n        <div  class=\"tb_text_wrap\">\n    <p style=\"text-align: left;\"><span class=\"ui-provider ee bmd bme bmf bmg bmh bmi bmj bmk bml bmm bmn bmo bmp bmq bmr bms bmt bmu bmv bmw bmx bmy bmz bna bnb bnc bnd bne bnf bng bnh bni bnj bnk\" dir=\"ltr\">Preocupamo-nos com os nossos colaboradores, clientes, parceiros, fornecedores e com a sociedade em geral. Cuidamos das nossas pessoas, queremos proteger o ambiente e acrescentar valor aos neg\u00f3cios dos nossos clientes. Queremos contribuir para o desenvolvimento sustent\u00e1vel da sociedade. Apost\u00e1mos na qualidade e certifica\u00e7\u00f5es implementando um Sistema de Gest\u00e3o Integrado.<\/span><\/p>    <\/div>\n<\/div>\n<!-- \/module text -->\t        <\/div>\n\t    \t<\/div>\n\t\t    <\/div>\n\t<\/div><!-- \/themify_builder_sub_row -->\n\t\t        <\/div>\n\t    \t<\/div>\n\t\t    <\/div>\n\t    <!-- \/row_inner -->\n\t<\/div>\n\t<!-- \/module_row -->\n\t\t<!-- module_row -->\n\t<div  data-lazy=\"1\" class=\"module_row themify_builder_row repeat tb_ty8a247 tf_clearfix hide-desktop hide-tablet hide-tablet_landscape hide-mobile\" >\n\t    \t\t<div class=\"row_inner col_align_top col-count-1 tf_box tf_w tf_rel\">\n\t\t\t<div  data-lazy=\"1\" class=\"module_column tb-column col-full first tb_hf9d248 tf_box\">\n\t\t\t    \t        <div class=\"tb-column-inner tf_box tf_w\">\n\t\t    \t<div  data-lazy=\"1\" class=\"module_subrow themify_builder_sub_row tb_1v88249 tf_w tf_clearfix\">\n\t    \t\t<div class=\"subrow_inner col_align_top col-count-1 tf_box tf_w\">\n\t\t\t<div  data-lazy=\"1\" class=\"sub_column module_column tf_box col-full first tb_ojgb249\" > \n\t    \t    \t        <div class=\"tb-column-inner tf_box tf_w\">\n\t\t    <!-- module text -->\n<div  class=\"module module-text tb_n8rp751    hide-on-stick\" data-lazy=\"1\">\n        <div  class=\"tb_text_wrap\">\n    <h2 style=\"text-align: left;\"><strong>As nossas certifica\u00e7\u00f5es<\/strong><\/h2>    <\/div>\n<\/div>\n<!-- \/module text -->\t        <\/div>\n\t    \t<\/div>\n\t\t    <\/div>\n\t<\/div><!-- \/themify_builder_sub_row -->\n\t\t        <\/div>\n\t    \t<\/div>\n\t\t    <\/div>\n\t    <!-- \/row_inner -->\n\t<\/div>\n\t<!-- \/module_row -->\n\t\t<!-- module_row -->\n\t<div  data-lazy=\"1\" class=\"module_row themify_builder_row tb_5bfg747 tf_clearfix\" >\n\t    \t\t<div class=\"row_inner col_align_top col-count-1 tf_box tf_w tf_rel\">\n\t\t\t<div  data-lazy=\"1\" class=\"module_column tb-column col-full first tb_ce3p747 tf_box\">\n\t\t\t    \t        <div class=\"tb-column-inner tf_box tf_w\">\n\t\t    \t<div  data-lazy=\"1\" class=\"module_subrow themify_builder_sub_row tb_24jx748 tf_w tf_clearfix\">\n\t    \t\t<div class=\"subrow_inner col_align_top col-count-2 tf_box tf_w\"  data-basecol=\"2\" data-col_tablet=\"column4-2\" data-col_tablet_landscape=\"column4-2\" data-col_mobile=\"column-full\">\n\t\t\t<div  style=\"width: 83.18%\" data-lazy=\"1\" class=\"sub_column module_column tf_box col4-2 first tb_7fmg748\"> \n\t    \t    \t        <div class=\"tb-column-inner tf_box tf_w\">\n\t\t    <!-- module text -->\n<div  class=\"module module-text tb_s5wi748  repeat  hide-desktop hide-tablet hide-tablet_landscape hide-mobile\" data-lazy=\"1\">\n        <div  class=\"tb_text_wrap\">\n    <h4><strong>Pol\u00edtica do Sistema de Gest\u00e3o da Qualidade, Ambiente, Sa\u00fade e Seguran\u00e7a no Trabalho e Continuidade do Neg\u00f3cio<\/strong><\/h4>\n<p>A Pol\u00edtica do Sistema de Gest\u00e3o Integrado est\u00e1 enquadrada com a Miss\u00e3o, Vis\u00e3o e os Valores da Arquiconsult e alinhada com as necessidades das partes interessadas.<\/p>    <\/div>\n<\/div>\n<!-- \/module text --><!-- module text -->\n<div  class=\"module module-text tb_a9ex749  repeat  hide-desktop hide-tablet hide-tablet_landscape hide-mobile\" data-lazy=\"1\">\n        <div  class=\"tb_text_wrap\">\n    <h4><strong>Sistema de Gest\u00e3o de Sa\u00fade e Seguran\u00e7a no Trabalho | NP ISO 45001: 2019<\/strong><\/h4>\n<p>Eliminamos os perigos e reduzimos os riscos de quem trabalha connosco, os nossos colaboradores, parceiros e fornecedores.<\/p>    <\/div>\n<\/div>\n<!-- \/module text --><!-- module text -->\n<div  class=\"module module-text tb_m0by749  repeat \" data-lazy=\"1\">\n        <div  class=\"tb_text_wrap\">\n    <h4><a href=\"https:\/\/arquiconsult.com\/wp-content\/uploads\/2023\/12\/Certificado-ISO-9-Portugues-copia.pdf\" target=\"_blank\" rel=\"noopener\"><strong>Sistema de Gest\u00e3o da Qualidade | ISO9001: 2015<\/strong><\/a><\/h4>\n<p><span class=\"ui-provider ee bmd bme bmf bmg bmh bmi bmj bmk bml bmm bmn bmo bmp bmq bmr bms bmt bmu bmv bmw bmx bmy bmz bna bnb bnc bnd bne bnf bng bnh bni bnj bnk\" dir=\"ltr\">Foco no cliente, na qualidade da entrega criando valor no servi\u00e7o prestado.<\/span><\/p>    <\/div>\n<\/div>\n<!-- \/module text --><!-- module text -->\n<div  class=\"module module-text tb_5x8q749  repeat  hide-desktop hide-tablet hide-tablet_landscape hide-mobile\" data-lazy=\"1\">\n        <div  class=\"tb_text_wrap\">\n    <h4><strong>Sistema de Gest\u00e3o Ambiental | ISO14001: 2015<\/strong><\/h4>\n<p>Preocupamo-nos em melhorar continuamente o nosso desempenho ambiental, gerindo de forma eficaz os aspetos ambientais resultantes da nossa atividade prevenindo a polui\u00e7\u00e3o e o desperd\u00edcio.<\/p>    <\/div>\n<\/div>\n<!-- \/module text --><!-- module text -->\n<div  class=\"module module-text tb_pmp2749  repeat  hide-desktop hide-tablet hide-tablet_landscape hide-mobile\" data-lazy=\"1\">\n        <div  class=\"tb_text_wrap\">\n    <h4><strong>Sistema de Gest\u00e3o da Continuidade de Neg\u00f3cio | ISO22301: 2020<\/strong><\/h4>\n<p>Preocupamo-nos em garantir a continuidade do neg\u00f3cio dos nossos clientes perante acontecimentos disruptivos.<\/p>    <\/div>\n<\/div>\n<!-- \/module text --><!-- module text -->\n<div  class=\"module module-text tb_qtp0749  repeat  hide-desktop hide-tablet hide-tablet_landscape hide-mobile\" data-lazy=\"1\">\n        <div  class=\"tb_text_wrap\">\n    <h4><strong>Sistema de Gest\u00e3o de Servi\u00e7os de TI | ISO20000-1:2018<\/strong><\/h4>\n<p>Comprometemo-nos na entrega cont\u00ednua e consistente dos servi\u00e7os de TI com qualidade reconhecida e eficiente.<\/p>    <\/div>\n<\/div>\n<!-- \/module text --><!-- module text -->\n<div  class=\"module module-text tb_ijlv749  repeat  hide-desktop hide-tablet hide-tablet_landscape hide-mobile\" data-lazy=\"1\">\n        <div  class=\"tb_text_wrap\">\n    <h4><strong><span lang=\"PT\">Sistema de Seguran\u00e7a da Informa\u00e7\u00e3o | ISO27001: 2013<\/span><\/strong><\/h4>\n<p>Comprometemo-nos na preserva\u00e7\u00e3o da confidencialidade, integridade e disponibilidade da informa\u00e7\u00e3o atrav\u00e9s da aplica\u00e7\u00e3o de um processo de gest\u00e3o do risco e dar confian\u00e7a \u00e0s partes interessadas de que os riscos s\u00e3o geridos adequadamente.<\/p>    <\/div>\n<\/div>\n<!-- \/module text -->\t        <\/div>\n\t    \t<\/div>\n\t\t<div  style=\"width: 13.62%\" data-lazy=\"1\" class=\"sub_column module_column tf_box col4-2 last tb_jzrm752\"> \n\t    \t    \t<\/div>\n\t\t    <\/div>\n\t<\/div><!-- \/themify_builder_sub_row -->\n\t\t        <\/div>\n\t    \t<\/div>\n\t\t    <\/div>\n\t    <!-- \/row_inner -->\n\t<\/div>\n\t<!-- \/module_row -->\n\t<\/div>\n<!--\/themify_builder_content-->","protected":false},"excerpt":{"rendered":"<p>arquiconsult.com \/ ISO ISO 9001 ISO 9001 Preocupamo-nos com os nossos colaboradores, clientes, parceiros, fornecedores e com a sociedade em geral. Cuidamos das nossas pessoas, queremos proteger o ambiente e acrescentar valor aos neg\u00f3cios dos nossos clientes. Queremos contribuir para o desenvolvimento sustent\u00e1vel da sociedade. Apost\u00e1mos na qualidade e certifica\u00e7\u00f5es implementando um Sistema de Gest\u00e3o [&hellip;]<\/p>\n","protected":false},"author":4,"featured_media":0,"parent":0,"menu_order":0,"comment_status":"closed","ping_status":"closed","template":"","meta":[],"acf":[],"_links":{"self":[{"href":"https:\/\/arquiconsult.com\/es\/wp-json\/wp\/v2\/pages\/58565"}],"collection":[{"href":"https:\/\/arquiconsult.com\/es\/wp-json\/wp\/v2\/pages"}],"about":[{"href":"https:\/\/arquiconsult.com\/es\/wp-json\/wp\/v2\/types\/page"}],"author":[{"embeddable":true,"href":"https:\/\/arquiconsult.com\/es\/wp-json\/wp\/v2\/users\/4"}],"replies":[{"embeddable":true,"href":"https:\/\/arquiconsult.com\/es\/wp-json\/wp\/v2\/comments?post=58565"}],"version-history":[{"count":2,"href":"https:\/\/arquiconsult.com\/es\/wp-json\/wp\/v2\/pages\/58565\/revisions"}],"predecessor-version":[{"id":120792,"href":"https:\/\/arquiconsult.com\/es\/wp-json\/wp\/v2\/pages\/58565\/revisions\/120792"}],"wp:attachment":[{"href":"https:\/\/arquiconsult.com\/es\/wp-json\/wp\/v2\/media?parent=58565"}],"curies":[{"name":"wp","href":"https:\/\/api.w.org\/{rel}","templated":true}]}}