{"id":67661,"date":"2024-06-05T14:57:00","date_gmt":"2024-06-05T13:57:00","guid":{"rendered":"https:\/\/arquiconsult.com\/?page_id=67661"},"modified":"2025-12-02T17:04:04","modified_gmt":"2025-12-02T17:04:04","slug":"enwis-funcionalidad","status":"publish","type":"page","link":"https:\/\/arquiconsult.com\/es\/enwis-funcionalidad\/","title":{"rendered":"Enwis &#8211; Funcionalidad"},"content":{"rendered":"<!--themify_builder_content-->\n<div id=\"themify_builder_content-67661\" data-postid=\"67661\" class=\"themify_builder_content themify_builder_content-67661 themify_builder tf_clear\">\n    \t<!-- module_row -->\n\t<div  data-anchor=\"hoteis\" data-hide-anchor=\"1\" data-css_id=\"syah17\" data-lazy=\"1\" class=\"module_row themify_builder_row fullcover fullwidth_row_container tb_has_section tb_section-hoteis tb_syah17 tb_first tf_clearfix wow\" data-tf-animation=\"fadeInUp\" >\n\t    <div class=\"builder_row_cover tf_abs\"><\/div>\t\t<div class=\"row_inner col_align_top col-count-2 tf_box tf_w tf_rel\"  data-basecol=\"2\" data-col_mobile=\"column-full\">\n\t\t\t<div  data-lazy=\"1\" style=\"width: 47.51%\" class=\"module_column tb-column col4-2 first tb_apv417 repeat tf_box\">\n\t\t\t    \t        <div class=\"tb-column-inner tf_box tf_w\">\n\t\t    <!-- module text -->\n<div  class=\"module module-text tb_y6e217  repeat \" data-lazy=\"1\">\n        <div  class=\"tb_text_wrap\">\n    <h4 style=\"font-weight: 300;\"><strong>TegosSuite<\/strong> &#8211; Funcionalidad<\/h4>    <\/div>\n<\/div>\n<!-- \/module text -->\t        <\/div>\n\t    \t<\/div>\n\t\t<div  data-lazy=\"1\" style=\"width: 49.29%\" class=\"module_column tb-column col4-2 last tb_7te918 tf_box\">\n\t\t\t    \t<\/div>\n\t\t    <\/div>\n\t    <!-- \/row_inner -->\n\t<\/div>\n\t<!-- \/module_row -->\n\t\t<!-- module_row -->\n\t<div  data-css_id=\"x0je797\" data-lazy=\"1\" class=\"module_row themify_builder_row repeat fullwidth tb_x0je797 tf_clearfix\" >\n\t    \t\t<div class=\"row_inner col_align_top col-count-5 tf_box tf_w tf_rel\"  data-basecol=\"5\" data-col_tablet_landscape=\"column3-1 tb_3col\" data-col_mobile=\"column-full\">\n\t\t\t<div  data-lazy=\"1\" style=\"width: 17.32%\" class=\"module_column tb-column col5-1 first tb_no14797 repeat tf_box\">\n\t\t\t    \t        <div class=\"tb-column-inner tf_box tf_w\">\n\t\t    <!-- module image -->\n<div  class=\"module module-image tb_15gu797   image-center tf_mw\" data-lazy=\"1\">\n        <div class=\"image-wrap tf_rel tf_mw\">\n\t\t    <img loading=\"lazy\" src=\"https:\/\/arquiconsult.com\/wp-content\/uploads\/2021\/11\/Commercial-Management-Contratos-Enwis-100x100.png\" width=\"100\" height=\"100\" class=\"wp-post-image wp-image-31691\" title=\"Commercial-Management-Contratos-Enwis\" alt=\"Commercial-Management-Contratos-Enwis\">\t\n\t\t<\/div>\n\t<!-- \/image-wrap -->\n    \n    \t<\/div>\n<!-- \/module image --><!-- module text -->\n<div  class=\"module module-text tb_j31s797  repeat \" data-lazy=\"1\">\n        <div  class=\"tb_text_wrap\">\n    <p style=\"text-align: center;\"><strong>GESTI\u00d3N COMERCIAL Y DE CONTRATOS<br \/><\/strong><\/p><p style=\"text-align: center;\">Nuestro m\u00f3dulo de Gesti\u00f3n Comercial y de Contratos ofrece una soluci\u00f3n integral para gestionar eficientemente Socios Comerciales (Clientes y Proveedores), Contactos, Ofertas y Contratos. Con funciones avanzadas y herramientas intuitivas, simplifica todo el proceso, desde la participaci\u00f3n inicial del cliente hasta la ejecuci\u00f3n del contrato y m\u00e1s.<\/p>    <\/div>\n<\/div>\n<!-- \/module text -->\t        <\/div>\n\t    \t<\/div>\n\t\t<div  data-lazy=\"1\" style=\"width: 17.82%\" class=\"module_column tb-column col5-1 second tb_mxgu798 repeat tf_box\">\n\t\t\t    \t        <div class=\"tb-column-inner tf_box tf_w\">\n\t\t    <!-- module image -->\n<div  class=\"module module-image tb_38o0798   image-center tf_mw\" data-lazy=\"1\">\n        <div class=\"image-wrap tf_rel tf_mw\">\n\t\t    <img loading=\"lazy\" src=\"https:\/\/arquiconsult.com\/wp-content\/uploads\/2021\/11\/Billing-Enwis-100x100.png\" width=\"100\" height=\"100\" class=\"wp-post-image wp-image-31694\" title=\"Billing-Enwis\" alt=\"Billing-Enwis\">\t\n\t\t<\/div>\n\t<!-- \/image-wrap -->\n    \n    \t<\/div>\n<!-- \/module image --><!-- module text -->\n<div  class=\"module module-text tb_yg8p798  repeat \" data-lazy=\"1\">\n        <div  class=\"tb_text_wrap\">\n    <p style=\"text-align: center;\"><strong><span class=\"ui-provider a b c d e f g h i j k l m n o p q r s t u v w x y z ab ac ae af ag ah ai aj ak\" dir=\"ltr\">GESTI\u00d3N DE SERVICIOS Y FACTURACI\u00d3N AUTOMATIZADA<\/span><br \/><\/strong><strong><br \/><\/strong>TegosSuite ofrece una soluci\u00f3n s\u00f3lida para gestionar todos los servicios y agilizar los procesos de facturaci\u00f3n. Nuestra plataforma proporciona herramientas integrales para realizar un seguimiento de los servicios realizados, gestionar facturas pendientes y automatizar tareas de facturaci\u00f3n, garantizando eficiencia y precisi\u00f3n en sus operaciones de facturaci\u00f3n.<\/p>    <\/div>\n<\/div>\n<!-- \/module text -->\t        <\/div>\n\t    \t<\/div>\n\t\t<div  data-lazy=\"1\" style=\"width: 17.71%\" class=\"module_column tb-column col5-1 third tb_1c4t798 repeat tf_box\">\n\t\t\t    \t        <div class=\"tb-column-inner tf_box tf_w\">\n\t\t    <!-- module image -->\n<div  class=\"module module-image tb_m5bm798   image-center tf_mw\" data-lazy=\"1\">\n        <div class=\"image-wrap tf_rel tf_mw\">\n\t\t    <img loading=\"lazy\" src=\"https:\/\/arquiconsult.com\/wp-content\/uploads\/2021\/11\/Planning-Routes-Enwis-100x100.png\" width=\"100\" height=\"100\" class=\"wp-post-image wp-image-31703\" title=\"Planning-Routes-Enwis\" alt=\"Planning-Routes-Enwis\">\t\n\t\t<\/div>\n\t<!-- \/image-wrap -->\n    \n    \t<\/div>\n<!-- \/module image --><!-- module text -->\n<div  class=\"module module-text tb_rn1i798  repeat \" data-lazy=\"1\">\n        <div  class=\"tb_text_wrap\">\n    <p style=\"text-align: center;\"><strong>PLANIFICACI\u00d3N Y <br \/>GESTI\u00d3N DE RUTAS<\/strong><b><\/b><b><\/b><\/p><p style=\"text-align: center;\">Nuestro m\u00f3dulo de Planificaci\u00f3n y Gesti\u00f3n de Rutas ofrece potentes herramientas para agilizar la gesti\u00f3n de rutas, garantizando operaciones de entrega eficientes y el cumplimiento de los requisitos legales. Con caracter\u00edsticas avanzadas y funcionalidades intuitivas, simplifica todo el proceso, desde la creaci\u00f3n de rutas hasta el seguimiento de residuos y la emisi\u00f3n de documentaci\u00f3n. Podemos ampliar este m\u00f3dulo de planificaci\u00f3n mediante la integraci\u00f3n con soluciones de terceros.<\/p>    <\/div>\n<\/div>\n<!-- \/module text -->\t        <\/div>\n\t    \t<\/div>\n\t\t<div  data-lazy=\"1\" style=\"width: 17.18%\" class=\"module_column tb-column col5-1 fourth tb_rfud798 repeat tf_box\">\n\t\t\t    \t        <div class=\"tb-column-inner tf_box tf_w\">\n\t\t    <!-- module image -->\n<div  class=\"module module-image tb_ige8798   image-center tf_mw\" data-lazy=\"1\">\n        <div class=\"image-wrap tf_rel tf_mw\">\n\t\t    <img loading=\"lazy\" src=\"https:\/\/arquiconsult.com\/wp-content\/uploads\/2021\/11\/Reception-Dispatch-store-Residuos-Enwis-100x100.png\" width=\"100\" height=\"100\" class=\"wp-post-image wp-image-31700\" title=\"Reception-Dispatch-store-Residuos-Enwis\" alt=\"Reception-Dispatch-store-Residuos-Enwis\">\t\n\t\t<\/div>\n\t<!-- \/image-wrap -->\n    \n    \t<\/div>\n<!-- \/module image --><!-- module text -->\n<div  class=\"module module-text tb_om2q799  repeat \" data-lazy=\"1\">\n        <div  class=\"tb_text_wrap\">\n    <p style=\"text-align: center;\"><strong>RECEPCI\u00d3N, ENV\u00cdO DE RESIDUOS Y GESTI\u00d3N DE ALMACENES <\/strong><\/p><p style=\"text-align: center;\">Nuestro m\u00f3dulo integral de recepci\u00f3n, env\u00edo y gesti\u00f3n de almacenes proporciona una plataforma s\u00f3lida para gestionar de manera eficiente todos los aspectos del manejo de residuos, desde la recepci\u00f3n hasta el env\u00edo y el almacenamiento. Con caracter\u00edsticas avanzadas y funcionalidades intuitivas, agiliza las operaciones, garantiza el cumplimiento y facilita el an\u00e1lisis de rentabilidad.<\/p>    <\/div>\n<\/div>\n<!-- \/module text -->\t        <\/div>\n\t    \t<\/div>\n\t\t<div  data-lazy=\"1\" style=\"width: 17.17%\" class=\"module_column tb-column col5-1 last tb_y8qa799 repeat tf_box\">\n\t\t\t    \t        <div class=\"tb-column-inner tf_box tf_w\">\n\t\t    <!-- module image -->\n<div  class=\"module module-image tb_ttbr799   image-center tf_mw\" data-lazy=\"1\">\n        <div class=\"image-wrap tf_rel tf_mw\">\n\t\t    <img loading=\"lazy\" src=\"https:\/\/arquiconsult.com\/wp-content\/uploads\/2021\/11\/Treatment-Production-Enwis-100x100.png\" width=\"100\" height=\"100\" class=\"wp-post-image wp-image-31697\" title=\"Treatment-Production-Enwis\" alt=\"Treatment-Production-Enwis\">\t\n\t\t<\/div>\n\t<!-- \/image-wrap -->\n    \n    \t<\/div>\n<!-- \/module image --><!-- module text -->\n<div  class=\"module module-text tb_wwr4799  repeat \" data-lazy=\"1\">\n        <div  class=\"tb_text_wrap\">\n    <p style=\"text-align: center;\"><strong>TRATAMIENTO Y GESTI\u00d3N <br \/>DE PRODUCCI\u00d3N<\/strong><\/p><p style=\"text-align: center;\">Nuestro m\u00f3dulo de Tratamiento y Producci\u00f3n proporciona una plataforma integral para gestionar los procesos de transformaci\u00f3n y las actividades de producci\u00f3n relacionadas con los residuos. Con caracter\u00edsticas avanzadas y funcionalidades intuitivas, agiliza los m\u00e9todos de producci\u00f3n, facilita las sugerencias de materiales y garantiza el cumplimiento de los requisitos de certificaci\u00f3n.<\/p>    <\/div>\n<\/div>\n<!-- \/module text -->\t        <\/div>\n\t    \t<\/div>\n\t\t    <\/div>\n\t    <!-- \/row_inner -->\n\t<\/div>\n\t<!-- \/module_row -->\n\t\t<!-- module_row -->\n\t<div  data-css_id=\"ifok282\" data-lazy=\"1\" class=\"module_row themify_builder_row repeat fullwidth_row_container tb_ifok282 tf_clearfix\" >\n\t    \t\t<div class=\"row_inner col_align_top col-count-1 tf_box tf_w tf_rel\">\n\t\t\t<div  data-lazy=\"1\" class=\"module_column tb-column col-full first tb_e2s4282 tf_box\">\n\t\t\t    \t        <div class=\"tb-column-inner tf_box tf_w\">\n\t\t    <!-- module video -->\n<div  class=\"module module-video tb_tko1282 video-overlay video-tja  wow\" data-tf-animation=\"fadeInUp\" data-lazy=\"1\" data-url=\"https:\/\/youtu.be\/HhyN_j36WG8?si=w-RISyxsBPr_jnKd\">\n    \t\t\t\t<div class=\"video-wrap-outer\" style=\"max-width:900px;\">\n\t\t\t<div class=\"video-wrap tf_rel tf_overflow\">\n\t\t\t\t\t\t\t<\/div>\n\t\t\t<!-- \/video-wrap -->\n\t\t<\/div>\n\t\t<!-- \/video-wrap-outer -->\n\t\t\t<\/div>\n\t        <\/div>\n\t    \t<\/div>\n\t\t    <\/div>\n\t    <!-- \/row_inner -->\n\t<\/div>\n\t<!-- \/module_row -->\n\t<\/div>\n<!--\/themify_builder_content-->","protected":false},"excerpt":{"rendered":"<p>TegosSuite &#8211; Funcionalidad GESTI\u00d3N COMERCIAL Y DE CONTRATOS Nuestro m\u00f3dulo de Gesti\u00f3n Comercial y de Contratos ofrece una soluci\u00f3n integral para gestionar eficientemente Socios Comerciales (Clientes y Proveedores), Contactos, Ofertas y Contratos. Con funciones avanzadas y herramientas intuitivas, simplifica todo el proceso, desde la participaci\u00f3n inicial del cliente hasta la ejecuci\u00f3n del contrato y m\u00e1s. [&hellip;]<\/p>\n","protected":false},"author":4,"featured_media":0,"parent":0,"menu_order":0,"comment_status":"closed","ping_status":"closed","template":"","meta":[],"acf":[],"_links":{"self":[{"href":"https:\/\/arquiconsult.com\/es\/wp-json\/wp\/v2\/pages\/67661"}],"collection":[{"href":"https:\/\/arquiconsult.com\/es\/wp-json\/wp\/v2\/pages"}],"about":[{"href":"https:\/\/arquiconsult.com\/es\/wp-json\/wp\/v2\/types\/page"}],"author":[{"embeddable":true,"href":"https:\/\/arquiconsult.com\/es\/wp-json\/wp\/v2\/users\/4"}],"replies":[{"embeddable":true,"href":"https:\/\/arquiconsult.com\/es\/wp-json\/wp\/v2\/comments?post=67661"}],"version-history":[{"count":1,"href":"https:\/\/arquiconsult.com\/es\/wp-json\/wp\/v2\/pages\/67661\/revisions"}],"predecessor-version":[{"id":118261,"href":"https:\/\/arquiconsult.com\/es\/wp-json\/wp\/v2\/pages\/67661\/revisions\/118261"}],"wp:attachment":[{"href":"https:\/\/arquiconsult.com\/es\/wp-json\/wp\/v2\/media?parent=67661"}],"curies":[{"name":"wp","href":"https:\/\/api.w.org\/{rel}","templated":true}]}}