{"id":69908,"date":"2024-11-20T14:25:10","date_gmt":"2024-11-20T14:25:10","guid":{"rendered":"https:\/\/arquiconsult.com\/?page_id=69908"},"modified":"2024-11-20T14:33:45","modified_gmt":"2024-11-20T14:33:45","slug":"crm-d365-marketing","status":"publish","type":"page","link":"https:\/\/arquiconsult.com\/es\/crm-d365-marketing\/","title":{"rendered":"CRM &#8211; D365 Marketing"},"content":{"rendered":"<!--themify_builder_content-->\n<div id=\"themify_builder_content-69908\" data-postid=\"69908\" class=\"themify_builder_content themify_builder_content-69908 themify_builder tf_clear\">\n    \t<!-- module_row -->\n\t<div  data-anchor=\"hoteis\" data-hide-anchor=\"1\" data-css_id=\"w1gm90\" data-lazy=\"1\" class=\"module_row themify_builder_row fullcover fullwidth_row_container tb_has_section tb_section-hoteis tb_w1gm90 tb_first tf_clearfix wow\" data-tf-animation=\"fadeInUp\" >\n\t    <div class=\"builder_row_cover tf_abs\"><\/div>\t\t<div class=\"row_inner col_align_top col-count-1 tf_box tf_w tf_rel\"  data-basecol=\"1\" data-col_mobile=\"column-full\">\n\t\t\t<div  data-lazy=\"1\" class=\"module_column tb-column col-full first tb_xs7190 repeat tf_box\">\n\t\t\t    \t        <div class=\"tb-column-inner tf_box tf_w\">\n\t\t    <!-- module text -->\n<div  class=\"module module-text tb_wbfh90  repeat \" data-lazy=\"1\">\n        <div  class=\"tb_text_wrap\">\n    <h4 style=\"font-weight: 300;\"><strong>MICROSOFT COPILOT FOR D365 Marketing\u00a0 &#8211; <\/strong>\u00bfC\u00f3mo utiliza Copilot la IA generativa para revolucionar la exploraci\u00f3n de datos? Con Copilot en Dynamics 365 Marketing, los profesionales de marketing pueden desbloquear el poder de los datos de sus clientes sin necesidad de analistas. Utilizando un lenguaje natural simple, pueden descubrir nueva informaci\u00f3n y maximizar el potencial de los datos.<\/h4>    <\/div>\n<\/div>\n<!-- \/module text -->\t        <\/div>\n\t    \t<\/div>\n\t\t    <\/div>\n\t    <!-- \/row_inner -->\n\t<\/div>\n\t<!-- \/module_row -->\n\t\t<!-- module_row -->\n\t<div  data-css_id=\"mti2505\" id=\"mar-2-2-2-2-2-2\" data-lazy=\"1\" class=\"module_row themify_builder_row repeat fullwidth tb_mti2505 tf_clearfix\" >\n\t    \t\t<div class=\"row_inner col_align_top col-count-1 tf_box tf_w tf_rel\">\n\t\t\t<div  data-lazy=\"1\" class=\"module_column tb-column col-full first tb_6oi0505 tf_box\">\n\t\t\t    \t        <div class=\"tb-column-inner tf_box tf_w\">\n\t\t    <!-- module text -->\n<div  class=\"module module-text tb_f172506   \" data-lazy=\"1\">\n        <div  class=\"tb_text_wrap\">\n    <p style=\"text-align: center;\"><b>MICROSOFT COPILOT FOR <\/b><strong><b>MARKETING<\/b><\/strong><\/p><p style=\"text-align: center;\">MAYOR EFICIENCIA Y RENTABILIDAD EN MARKETING<\/p>    <\/div>\n<\/div>\n<!-- \/module text -->\t        <\/div>\n\t    \t<\/div>\n\t\t    <\/div>\n\t    <!-- \/row_inner -->\n\t<\/div>\n\t<!-- \/module_row -->\n\t\t<!-- module_row -->\n\t<div  id=\"mar-2-2-2\" data-lazy=\"1\" class=\"module_row themify_builder_row repeat tb_3gsj92 tf_clearfix\" >\n\t    \t\t<div class=\"row_inner col_align_top col-count-2 tf_box tf_w tf_rel\"  data-basecol=\"2\" data-col_mobile=\"column-full\">\n\t\t\t<div  data-lazy=\"1\" style=\"width: 45.16%\" class=\"module_column tb-column col4-2 first tb_tinj93 repeat tf_box\">\n\t\t\t    \t        <div class=\"tb-column-inner tf_box tf_w\">\n\t\t    <!-- module text -->\n<div  class=\"module module-text tb_4zqf93  repeat \" data-lazy=\"1\">\n        <div  class=\"tb_text_wrap\">\n    <h3 style=\"text-align: left;\"><strong>Rapidez en la creaci\u00f3n de segmentos<\/strong><\/h3>    <\/div>\n<\/div>\n<!-- \/module text --><!-- module text -->\n<div  class=\"module module-text tb_lbdm93   \" data-lazy=\"1\">\n        <div  class=\"tb_text_wrap\">\n    <p>La funcionalidad <strong>Copilot Query Assist<\/strong> simplifica el proceso de creaci\u00f3n de segmentos:<\/p><ul><li>Los usuarios pueden describir f\u00e1cilmente un segmento utilizando lenguaje natural.<\/li><li>Cree nuevos segmentos o identifique p\u00fablicos objetivo con recomendaciones de IA que se actualizan en tiempo real.<\/li><\/ul><p>Esto no solo aumenta la productividad, sino que tambi\u00e9n reduce la dependencia del tiempo y conocimiento de un miembro espec\u00edfico del equipo para realizar esta tarea.<\/p>    <\/div>\n<\/div>\n<!-- \/module text -->\t        <\/div>\n\t    \t<\/div>\n\t\t<div  data-lazy=\"1\" style=\"width: 51.64%\" class=\"module_column tb-column col4-2 last tb_t71s93 tf_box\">\n\t\t\t    \t        <div class=\"tb-column-inner tf_box tf_w\">\n\t\t    <!-- module image -->\n<div  class=\"module module-image tb_67t893   image-center tf_mw wow\" data-tf-animation=\"slideInRight\" data-tf-animation_delay=\".5\" data-lazy=\"1\">\n        <div class=\"image-wrap tf_rel tf_mw\">\n\t\t    <img loading=\"lazy\" width=\"1270\" height=\"875\" src=\"https:\/\/arquiconsult.com\/wp-content\/uploads\/2024\/09\/a.-segments.png\" class=\"wp-post-image wp-image-76793\" title=\"a. segments\" alt=\"a. segments\" srcset=\"https:\/\/arquiconsult.com\/wp-content\/uploads\/2024\/09\/a.-segments.png 1270w, https:\/\/arquiconsult.com\/wp-content\/uploads\/2024\/09\/a.-segments-640x441.png 640w, https:\/\/arquiconsult.com\/wp-content\/uploads\/2024\/09\/a.-segments-768x529.png 768w, https:\/\/arquiconsult.com\/wp-content\/uploads\/2024\/09\/a.-segments-320x220.png 320w, https:\/\/arquiconsult.com\/wp-content\/uploads\/2024\/09\/a.-segments-480x331.png 480w, https:\/\/arquiconsult.com\/wp-content\/uploads\/2024\/09\/a.-segments-800x551.png 800w\" sizes=\"(max-width: 1270px) 100vw, 1270px\" \/>\t\n\t\t<\/div>\n\t<!-- \/image-wrap -->\n    \n    \t<\/div>\n<!-- \/module image -->\t        <\/div>\n\t    \t<\/div>\n\t\t    <\/div>\n\t    <!-- \/row_inner -->\n\t<\/div>\n\t<!-- \/module_row -->\n\t\t<!-- module_row -->\n\t<div  data-lazy=\"1\" class=\"module_row themify_builder_row repeat tb_11aw587 tf_clearfix\" >\n\t    \t\t<div class=\"row_inner col_align_top col-count-2 tf_box tf_w tf_rel\"  data-basecol=\"2\" data-col_mobile=\"column-full\">\n\t\t\t<div  data-lazy=\"1\" style=\"width: 48.02%\" class=\"module_column tb-column col4-2 first tb_3yz4587 repeat tf_box\">\n\t\t\t    \t        <div class=\"tb-column-inner tf_box tf_w\">\n\t\t    <!-- module image -->\n<div  class=\"module module-image tb_tb55587   image-center tf_mw wow\" data-tf-animation=\"slideInRight\" data-tf-animation_delay=\".5\" data-lazy=\"1\">\n        <div class=\"image-wrap tf_rel tf_mw\">\n\t\t    <img loading=\"lazy\" width=\"468\" height=\"263\" src=\"https:\/\/arquiconsult.com\/wp-content\/uploads\/2024\/09\/b.-content-idea.png\" class=\"wp-post-image wp-image-76796\" title=\"b. content idea\" alt=\"b. content idea\" srcset=\"https:\/\/arquiconsult.com\/wp-content\/uploads\/2024\/09\/b.-content-idea.png 468w, https:\/\/arquiconsult.com\/wp-content\/uploads\/2024\/09\/b.-content-idea-320x180.png 320w\" sizes=\"(max-width: 468px) 100vw, 468px\" \/>\t\n\t\t<\/div>\n\t<!-- \/image-wrap -->\n    \n    \t<\/div>\n<!-- \/module image -->\t        <\/div>\n\t    \t<\/div>\n\t\t<div  data-lazy=\"1\" style=\"width: 48.78%\" class=\"module_column tb-column col4-2 last tb_fnis588 tf_box\">\n\t\t\t    \t        <div class=\"tb-column-inner tf_box tf_w\">\n\t\t    <!-- module text -->\n<div  class=\"module module-text tb_k4k8588  repeat \" data-lazy=\"1\">\n        <div  class=\"tb_text_wrap\">\n    <h3 style=\"text-align: left;\"><strong>Creaci\u00f3n simplificada de contenidos relevantes con Copilot<\/strong><\/h3>    <\/div>\n<\/div>\n<!-- \/module text --><!-- module text -->\n<div  class=\"module module-text tb_dnhy588   \" data-lazy=\"1\">\n        <div  class=\"tb_text_wrap\">\n    <p>El <strong>Copilot Content Idea<\/strong> act\u00faa como un socio en la creaci\u00f3n de ideas y contenido:<\/p><ul><li>Ayuda a transformar conceptos en correos electr\u00f3nicos completos de manera m\u00e1s r\u00e1pida y eficiente.<\/li><li>Proporciona una lista inicial de ideas clave y sugiere un tono de voz para generar contenido personalizado.<\/li><li>Permite utilizar las sugerencias como inspiraci\u00f3n, agregarlas al borrador o explorar nuevas direcciones.<\/li><\/ul><p>Esta funcionalidad acelera significativamente el proceso de creaci\u00f3n de correos electr\u00f3nicos relevantes sin requerir una gran inversi\u00f3n de tiempo.<\/p>    <\/div>\n<\/div>\n<!-- \/module text -->\t        <\/div>\n\t    \t<\/div>\n\t\t    <\/div>\n\t    <!-- \/row_inner -->\n\t<\/div>\n\t<!-- \/module_row -->\n\t\t<!-- module_row -->\n\t<div  data-lazy=\"1\" class=\"module_row themify_builder_row repeat tb_rjuy386 tf_clearfix\" >\n\t    \t\t<div class=\"row_inner col_align_top col-count-2 tf_box tf_w tf_rel\"  data-basecol=\"2\" data-col_mobile=\"column-full\">\n\t\t\t<div  data-lazy=\"1\" style=\"width: 44.33%\" class=\"module_column tb-column col4-2 first tb_j4m6386 repeat tf_box\">\n\t\t\t    \t        <div class=\"tb-column-inner tf_box tf_w\">\n\t\t    <!-- module text -->\n<div  class=\"module module-text tb_klo9386  repeat \" data-lazy=\"1\">\n        <div  class=\"tb_text_wrap\">\n    <h3 style=\"text-align: left;\"><strong>Creaci\u00f3n r\u00e1pida de recorridos con Copilot<\/strong><\/h3>    <\/div>\n<\/div>\n<!-- \/module text --><!-- module text -->\n<div  class=\"module module-text tb_thgp387   \" data-lazy=\"1\">\n        <div  class=\"tb_text_wrap\">\n    <ul><li>Escriba los objetivos de su recorrido en lenguaje natural, y Copilot crear\u00e1 autom\u00e1ticamente las rutas en tiempo real.<\/li><li>Analice su intenci\u00f3n y reciba sugerencias sobre puntos de contacto, transiciones y objetivos clave.<\/li><li>Cada recorrido mapea la &#8220;viaje ideal&#8221; del cliente, con acciones asociadas, simplificando un proceso tradicionalmente laborioso.<\/li><\/ul><p><strong>Customer Journeys:<\/strong> Copilot permite a los usuarios describir una ruta utilizando lenguaje simple, mientras la IA se encarga de los detalles t\u00e9cnicos.<\/p>    <\/div>\n<\/div>\n<!-- \/module text -->\t        <\/div>\n\t    \t<\/div>\n\t\t<div  data-lazy=\"1\" style=\"width: 52.47%\" class=\"module_column tb-column col4-2 last tb_85ls387 tf_box\">\n\t\t\t    \t        <div class=\"tb-column-inner tf_box tf_w\">\n\t\t    <!-- module image -->\n<div  class=\"module module-image tb_8t37387   image-center tf_mw wow\" data-tf-animation=\"slideInRight\" data-tf-animation_delay=\".5\" data-lazy=\"1\">\n        <div class=\"image-wrap tf_rel tf_mw\">\n\t\t    <img loading=\"lazy\" width=\"900\" height=\"409\" src=\"https:\/\/arquiconsult.com\/wp-content\/uploads\/2024\/09\/c.-jorneys.png\" class=\"wp-post-image wp-image-76799\" title=\"c. jorneys\" alt=\"c. jorneys\" srcset=\"https:\/\/arquiconsult.com\/wp-content\/uploads\/2024\/09\/c.-jorneys.png 900w, https:\/\/arquiconsult.com\/wp-content\/uploads\/2024\/09\/c.-jorneys-640x291.png 640w, https:\/\/arquiconsult.com\/wp-content\/uploads\/2024\/09\/c.-jorneys-768x349.png 768w, https:\/\/arquiconsult.com\/wp-content\/uploads\/2024\/09\/c.-jorneys-320x145.png 320w, https:\/\/arquiconsult.com\/wp-content\/uploads\/2024\/09\/c.-jorneys-480x218.png 480w, https:\/\/arquiconsult.com\/wp-content\/uploads\/2024\/09\/c.-jorneys-800x364.png 800w\" sizes=\"(max-width: 900px) 100vw, 900px\" \/>\t\n\t\t<\/div>\n\t<!-- \/image-wrap -->\n    \n    \t<\/div>\n<!-- \/module image -->\t        <\/div>\n\t    \t<\/div>\n\t\t    <\/div>\n\t    <!-- \/row_inner -->\n\t<\/div>\n\t<!-- \/module_row -->\n\t<\/div>\n<!--\/themify_builder_content-->","protected":false},"excerpt":{"rendered":"<p>TegosSuite &#8211; Funcionalidad GESTI\u00d3N COMERCIAL Y DE CONTRATOS Nuestro m\u00f3dulo de Gesti\u00f3n Comercial y de Contratos ofrece una soluci\u00f3n integral para gestionar eficientemente Socios Comerciales (Clientes y Proveedores), Contactos, Ofertas y Contratos. Con funciones avanzadas y herramientas intuitivas, simplifica todo el proceso, desde la participaci\u00f3n inicial del cliente hasta la ejecuci\u00f3n del contrato y m\u00e1s. [&hellip;]<\/p>\n","protected":false},"author":4,"featured_media":0,"parent":0,"menu_order":0,"comment_status":"closed","ping_status":"closed","template":"","meta":[],"acf":[],"_links":{"self":[{"href":"https:\/\/arquiconsult.com\/es\/wp-json\/wp\/v2\/pages\/69908"}],"collection":[{"href":"https:\/\/arquiconsult.com\/es\/wp-json\/wp\/v2\/pages"}],"about":[{"href":"https:\/\/arquiconsult.com\/es\/wp-json\/wp\/v2\/types\/page"}],"author":[{"embeddable":true,"href":"https:\/\/arquiconsult.com\/es\/wp-json\/wp\/v2\/users\/4"}],"replies":[{"embeddable":true,"href":"https:\/\/arquiconsult.com\/es\/wp-json\/wp\/v2\/comments?post=69908"}],"version-history":[{"count":0,"href":"https:\/\/arquiconsult.com\/es\/wp-json\/wp\/v2\/pages\/69908\/revisions"}],"wp:attachment":[{"href":"https:\/\/arquiconsult.com\/es\/wp-json\/wp\/v2\/media?parent=69908"}],"curies":[{"name":"wp","href":"https:\/\/api.w.org\/{rel}","templated":true}]}}