{"id":76668,"date":"2024-11-20T14:13:04","date_gmt":"2024-11-20T14:13:04","guid":{"rendered":"https:\/\/arquiconsult.com\/?page_id=76668"},"modified":"2024-11-20T14:23:36","modified_gmt":"2024-11-20T14:23:36","slug":"crm-copilot-sales","status":"publish","type":"page","link":"https:\/\/arquiconsult.com\/es\/crm-copilot-sales\/","title":{"rendered":"CRM &#8211; Copilot Sales"},"content":{"rendered":"<!--themify_builder_content-->\n<div id=\"themify_builder_content-76668\" data-postid=\"76668\" class=\"themify_builder_content themify_builder_content-76668 themify_builder tf_clear\">\n    \t<!-- module_row -->\n\t<div  data-anchor=\"hoteis\" data-hide-anchor=\"1\" data-css_id=\"agk6216\" data-lazy=\"1\" class=\"module_row themify_builder_row fullcover fullwidth_row_container tb_has_section tb_section-hoteis tb_agk6216 tb_first tf_clearfix wow\" data-tf-animation=\"fadeInUp\" >\n\t    <div class=\"builder_row_cover tf_abs\"><\/div>\t\t<div class=\"row_inner col_align_top col-count-2 tf_box tf_w tf_rel\"  data-basecol=\"2\" data-col_mobile=\"column-full\">\n\t\t\t<div  data-lazy=\"1\" style=\"width: 57.58%\" class=\"module_column tb-column col4-2 first tb_24bg217 repeat tf_box\">\n\t\t\t    \t        <div class=\"tb-column-inner tf_box tf_w\">\n\t\t    <!-- module text -->\n<div  class=\"module module-text tb_a27r217  repeat \" data-lazy=\"1\">\n        <div  class=\"tb_text_wrap\">\n    <h4 style=\"font-weight: 300;\"><strong>MICROSOFT COPILOT\u00a0 FOR\u00a0 SALES &#8211; <br \/><\/strong>\u00bfC\u00f3mo mejora el desempe\u00f1o de las ventas el Copilot?<\/h4>    <\/div>\n<\/div>\n<!-- \/module text -->\t        <\/div>\n\t    \t<\/div>\n\t\t<div  data-lazy=\"1\" style=\"width: 39.22%\" class=\"module_column tb-column col4-2 last tb_d6kj217 tf_box\">\n\t\t\t    \t<\/div>\n\t\t    <\/div>\n\t    <!-- \/row_inner -->\n\t<\/div>\n\t<!-- \/module_row -->\n\t\t<!-- module_row -->\n\t<div  id=\"mar-2-2-2\" data-lazy=\"1\" class=\"module_row themify_builder_row repeat tb_0f34400 tf_clearfix\" >\n\t    \t\t<div class=\"row_inner col_align_top col-count-1 tf_box tf_w tf_rel\">\n\t\t\t<div  data-lazy=\"1\" class=\"module_column tb-column col-full first tb_qhqz400 tf_box\">\n\t\t\t    \t        <div class=\"tb-column-inner tf_box tf_w\">\n\t\t    <!-- module text -->\n<div  class=\"module module-text tb_c2dn400   \" data-lazy=\"1\">\n        <div  class=\"tb_text_wrap\">\n    <p style=\"text-align: center;\"><b>MICROSOFT COPILOT FOR SALES<\/b><\/p><p>AUMENTA LA PRODUCTIVIDAD DEL EQUIPO DE VENTAS<\/p>    <\/div>\n<\/div>\n<!-- \/module text -->\t        <\/div>\n\t    \t<\/div>\n\t\t    <\/div>\n\t    <!-- \/row_inner -->\n\t<\/div>\n\t<!-- \/module_row -->\n\t\t<!-- module_row -->\n\t<div  id=\"mar-2-2-3\" data-lazy=\"1\" class=\"module_row themify_builder_row repeat tb_l6qi368 tf_clearfix\" >\n\t    \t\t<div class=\"row_inner col_align_top col-count-2 tf_box tf_w tf_rel\"  data-basecol=\"2\" data-col_mobile=\"column-full\">\n\t\t\t<div  data-lazy=\"1\" style=\"width: 50.9%\" class=\"module_column tb-column col4-2 first tb_kaqy368 repeat tf_box\">\n\t\t\t    \t        <div class=\"tb-column-inner tf_box tf_w\">\n\t\t    <!-- module text -->\n<div  class=\"module module-text tb_i7k9368  repeat \" data-lazy=\"1\">\n        <div  class=\"tb_text_wrap\">\n    <h3 style=\"text-align: left;\"><strong>Aumenta la productividad del equipo de ventas<\/strong><\/h3>    <\/div>\n<\/div>\n<!-- \/module text --><!-- module text -->\n<div  class=\"module module-text tb_clp6368   \" data-lazy=\"1\">\n        <div  class=\"tb_text_wrap\">\n    <p style=\"text-align: left;\"><strong>La simplificaci\u00f3n y automatizaci\u00f3n de tareas de soporte mediante IA se traduce en un incremento efectivo de la productividad:<\/strong><\/p><ul><li><strong>Acceso centralizado:<\/strong> Obtenga res\u00famenes, transcripciones y correos electr\u00f3nicos relacionados con clientes y reuniones, generados y compilados autom\u00e1ticamente por IA.<\/li><li><strong>Historial de reuniones accesible:<\/strong> Mantenga siempre informada a su fuerza de ventas con f\u00e1cil acceso al historial de reuniones.<\/li><li><strong>Gesti\u00f3n de datos en una plataforma \u00fanica:<\/strong> Compile y almacene datos relevantes en una plataforma accesible para todo el equipo.<\/li><li><strong>Planificaci\u00f3n eficiente:<\/strong> Programe seguimientos (follow-ups) y evite solapamientos en las agendas.<\/li><\/ul>    <\/div>\n<\/div>\n<!-- \/module text -->\t        <\/div>\n\t    \t<\/div>\n\t\t<div  data-lazy=\"1\" style=\"width: 45.9%\" class=\"module_column tb-column col4-2 last tb_fdtj368 tf_box\">\n\t\t\t    \t        <div class=\"tb-column-inner tf_box tf_w\">\n\t\t    <!-- module image -->\n<div  class=\"module module-image tb_pfpv368   image-center tf_mw wow\" data-tf-animation=\"slideInRight\" data-tf-animation_delay=\".5\" data-lazy=\"1\">\n        <div class=\"image-wrap tf_rel tf_mw\">\n\t\t    <img loading=\"lazy\" width=\"382\" height=\"415\" src=\"https:\/\/arquiconsult.com\/wp-content\/uploads\/2024\/09\/Imagem1-1.png\" class=\"wp-post-image wp-image-76687\" title=\"Imagem1\" alt=\"Imagem1\" srcset=\"https:\/\/arquiconsult.com\/wp-content\/uploads\/2024\/09\/Imagem1-1.png 382w, https:\/\/arquiconsult.com\/wp-content\/uploads\/2024\/09\/Imagem1-1-320x348.png 320w\" sizes=\"(max-width: 382px) 100vw, 382px\" \/>\t\n\t\t<\/div>\n\t<!-- \/image-wrap -->\n    \n    \t<\/div>\n<!-- \/module image -->\t        <\/div>\n\t    \t<\/div>\n\t\t    <\/div>\n\t    <!-- \/row_inner -->\n\t<\/div>\n\t<!-- \/module_row -->\n\t\t<!-- module_row -->\n\t<div  data-lazy=\"1\" class=\"module_row themify_builder_row repeat tb_26sk842 tf_clearfix\" >\n\t    \t\t<div class=\"row_inner col_align_top col-count-2 tf_box tf_w tf_rel\"  data-basecol=\"2\" data-col_mobile=\"column-full\">\n\t\t\t<div  data-lazy=\"1\" style=\"width: 48.02%\" class=\"module_column tb-column col4-2 first tb_cnrl842 repeat tf_box\">\n\t\t\t    \t        <div class=\"tb-column-inner tf_box tf_w\">\n\t\t    <!-- module image -->\n<div  class=\"module module-image tb_5uvt842   image-center tf_mw wow\" data-tf-animation=\"slideInRight\" data-tf-animation_delay=\".5\" data-lazy=\"1\">\n        <div class=\"image-wrap tf_rel tf_mw\">\n\t\t    <img loading=\"lazy\" width=\"567\" height=\"303\" src=\"https:\/\/arquiconsult.com\/wp-content\/uploads\/2024\/09\/Imagem4-1.png\" class=\"wp-post-image wp-image-76698\" title=\"Imagem4\" alt=\"Imagem4\" srcset=\"https:\/\/arquiconsult.com\/wp-content\/uploads\/2024\/09\/Imagem4-1.png 567w, https:\/\/arquiconsult.com\/wp-content\/uploads\/2024\/09\/Imagem4-1-320x171.png 320w, https:\/\/arquiconsult.com\/wp-content\/uploads\/2024\/09\/Imagem4-1-480x257.png 480w\" sizes=\"(max-width: 567px) 100vw, 567px\" \/>\t\n\t\t<\/div>\n\t<!-- \/image-wrap -->\n    \n    \t<\/div>\n<!-- \/module image -->\t        <\/div>\n\t    \t<\/div>\n\t\t<div  data-lazy=\"1\" style=\"width: 48.78%\" class=\"module_column tb-column col4-2 last tb_lkoz842 tf_box\">\n\t\t\t    \t        <div class=\"tb-column-inner tf_box tf_w\">\n\t\t    <!-- module text -->\n<div  class=\"module module-text tb_0v15842  repeat \" data-lazy=\"1\">\n        <div  class=\"tb_text_wrap\">\n    <h3 style=\"text-align: left;\"><strong>Personaliza las interacciones con los clientes<\/strong><\/h3>    <\/div>\n<\/div>\n<!-- \/module text --><!-- module text -->\n<div  class=\"module module-text tb_g4mh842   \" data-lazy=\"1\">\n        <div  class=\"tb_text_wrap\">\n    <p style=\"text-align: left;\"><strong>Obtenga insights, contenido y recomendaciones relevantes a trav\u00e9s de IA para personalizar los argumentos y aumentar las posibilidades de \u00e9xito:<\/strong><\/p><ul><li style=\"text-align: left;\"><strong>Contenido personalizado:<\/strong> Prepare compromisos con clientes respaldados por datos y hechos relevantes.<\/li><li><strong>Recomendaciones en tiempo real:<\/strong> Durante las reuniones, reciba sugerencias relacionadas y respuestas a preguntas de los clientes.<\/li><li><strong>An\u00e1lisis de sentimientos:<\/strong> Eval\u00fae las dudas, necesidades o KPIs de los clientes para entender su perspectiva.<\/li><\/ul>    <\/div>\n<\/div>\n<!-- \/module text -->\t        <\/div>\n\t    \t<\/div>\n\t\t    <\/div>\n\t    <!-- \/row_inner -->\n\t<\/div>\n\t<!-- \/module_row -->\n\t\t<!-- module_row -->\n\t<div  data-lazy=\"1\" class=\"module_row themify_builder_row repeat tb_4fjj334 tf_clearfix\" >\n\t    \t\t<div class=\"row_inner col_align_top col-count-2 tf_box tf_w tf_rel\"  data-basecol=\"2\" data-col_mobile=\"column-full\">\n\t\t\t<div  data-lazy=\"1\" style=\"width: 44.33%\" class=\"module_column tb-column col4-2 first tb_3f67334 repeat tf_box\">\n\t\t\t    \t        <div class=\"tb-column-inner tf_box tf_w\">\n\t\t    <!-- module text -->\n<div  class=\"module module-text tb_8fvs334  repeat \" data-lazy=\"1\">\n        <div  class=\"tb_text_wrap\">\n    <h3 style=\"text-align: left;\"><strong>Mantiene un flujo de trabajo consistente<\/strong><\/h3>    <\/div>\n<\/div>\n<!-- \/module text --><!-- module text -->\n<div  class=\"module module-text tb_n63i334   \" data-lazy=\"1\">\n        <div  class=\"tb_text_wrap\">\n    <p style=\"text-align: left;\"><strong>La integraci\u00f3n perfecta entre Microsoft 365 y el CRM asegura un flujo continuo de trabajo:<\/strong><\/p><ul><li style=\"text-align: left;\"><strong>Sincronizaci\u00f3n autom\u00e1tica:<\/strong> Capture y edite autom\u00e1ticamente los detalles del cliente en Microsoft Teams y\/o Outlook, sincroniz\u00e1ndolos con el CRM.<\/li><li><strong>Datos accesibles:<\/strong> Consulte informaci\u00f3n de oportunidades y cuentas desde Microsoft Teams y Outlook.<\/li><li><strong>Colaboraci\u00f3n eficaz:<\/strong> Proporcione espacios de colaboraci\u00f3n en Microsoft Teams sincronizados con el CRM para unificar el trabajo del equipo.<\/li><\/ul>    <\/div>\n<\/div>\n<!-- \/module text -->\t        <\/div>\n\t    \t<\/div>\n\t\t<div  data-lazy=\"1\" style=\"width: 52.47%\" class=\"module_column tb-column col4-2 last tb_wa6g334 tf_box\">\n\t\t\t    \t        <div class=\"tb-column-inner tf_box tf_w\">\n\t\t    <!-- module image -->\n<div  class=\"module module-image tb_o0mt335   image-center tf_mw wow\" data-tf-animation=\"slideInRight\" data-tf-animation_delay=\".5\" data-lazy=\"1\">\n        <div class=\"image-wrap tf_rel tf_mw\">\n\t\t    <img loading=\"lazy\" width=\"769\" height=\"212\" src=\"https:\/\/arquiconsult.com\/wp-content\/uploads\/2024\/09\/Imagem2-1.png\" class=\"wp-post-image wp-image-76691\" title=\"Imagem2\" alt=\"Imagem2\" srcset=\"https:\/\/arquiconsult.com\/wp-content\/uploads\/2024\/09\/Imagem2-1.png 769w, https:\/\/arquiconsult.com\/wp-content\/uploads\/2024\/09\/Imagem2-1-640x176.png 640w, https:\/\/arquiconsult.com\/wp-content\/uploads\/2024\/09\/Imagem2-1-320x88.png 320w, https:\/\/arquiconsult.com\/wp-content\/uploads\/2024\/09\/Imagem2-1-480x132.png 480w\" sizes=\"(max-width: 769px) 100vw, 769px\" \/>\t\n\t\t<\/div>\n\t<!-- \/image-wrap -->\n    \n    \t<\/div>\n<!-- \/module image --><!-- module image -->\n<div  class=\"module module-image tb_cir5335   image-center tf_mw wow\" data-tf-animation=\"slideInRight\" data-tf-animation_delay=\".5\" data-lazy=\"1\">\n        <div class=\"image-wrap tf_rel tf_mw\">\n\t\t    <img loading=\"lazy\" width=\"567\" height=\"300\" src=\"https:\/\/arquiconsult.com\/wp-content\/uploads\/2024\/09\/Imagem3-1.png\" class=\"wp-post-image wp-image-76694\" title=\"Imagem3\" alt=\"Imagem3\" srcset=\"https:\/\/arquiconsult.com\/wp-content\/uploads\/2024\/09\/Imagem3-1.png 567w, https:\/\/arquiconsult.com\/wp-content\/uploads\/2024\/09\/Imagem3-1-320x169.png 320w, https:\/\/arquiconsult.com\/wp-content\/uploads\/2024\/09\/Imagem3-1-480x254.png 480w\" sizes=\"(max-width: 567px) 100vw, 567px\" \/>\t\n\t\t<\/div>\n\t<!-- \/image-wrap -->\n    \n    \t<\/div>\n<!-- \/module image -->\t        <\/div>\n\t    \t<\/div>\n\t\t    <\/div>\n\t    <!-- \/row_inner -->\n\t<\/div>\n\t<!-- \/module_row -->\n\t\t<!-- module_row -->\n\t<div  data-anchor=\"clientes\" data-hide-anchor=\"1\" data-lazy=\"1\" class=\"module_row themify_builder_row clientes repeat tb_has_section tb_section-clientes tb_0dku551 tf_clearfix\" >\n\t    \t\t<div class=\"row_inner col_align_top col-count-1 tf_box tf_w tf_rel\">\n\t\t\t<div  data-lazy=\"1\" class=\"module_column tb-column col-full first tb_xo1x551 tf_box\">\n\t\t\t    \t        <div class=\"tb-column-inner tf_box tf_w\">\n\t\t    <!-- module image -->\n<div  class=\"module module-image tb_56py551   image-center tf_mw wow\" data-tf-animation=\"slideInRight\" data-tf-animation_delay=\".5\" data-lazy=\"1\">\n        <div class=\"image-wrap tf_rel tf_mw\">\n\t\t    <img loading=\"lazy\" width=\"627\" height=\"372\" src=\"https:\/\/arquiconsult.com\/wp-content\/uploads\/2024\/09\/Imagem5.jpg\" class=\"wp-post-image wp-image-76702\" title=\"Imagem5\" alt=\"Imagem5\" srcset=\"https:\/\/arquiconsult.com\/wp-content\/uploads\/2024\/09\/Imagem5.jpg 627w, https:\/\/arquiconsult.com\/wp-content\/uploads\/2024\/09\/Imagem5-320x190.jpg 320w, https:\/\/arquiconsult.com\/wp-content\/uploads\/2024\/09\/Imagem5-480x285.jpg 480w\" sizes=\"(max-width: 627px) 100vw, 627px\" \/>\t\n\t\t<\/div>\n\t<!-- \/image-wrap -->\n    \n    \t<\/div>\n<!-- \/module image -->\t        <\/div>\n\t    \t<\/div>\n\t\t    <\/div>\n\t    <!-- \/row_inner -->\n\t<\/div>\n\t<!-- \/module_row -->\n\t<\/div>\n<!--\/themify_builder_content-->","protected":false},"excerpt":{"rendered":"<p>MICROSOFT COPILOT\u00a0 FOR\u00a0 SALES &#8211; \u00bfC\u00f3mo mejora el desempe\u00f1o de las ventas el Copilot? MICROSOFT COPILOT FOR SALES AUMENTA LA PRODUCTIVIDAD DEL EQUIPO DE VENTAS Aumenta la productividad del equipo de ventas La simplificaci\u00f3n y automatizaci\u00f3n de tareas de soporte mediante IA se traduce en un incremento efectivo de la productividad: Acceso centralizado: Obtenga res\u00famenes, [&hellip;]<\/p>\n","protected":false},"author":4,"featured_media":0,"parent":0,"menu_order":0,"comment_status":"closed","ping_status":"closed","template":"","meta":[],"acf":[],"_links":{"self":[{"href":"https:\/\/arquiconsult.com\/es\/wp-json\/wp\/v2\/pages\/76668"}],"collection":[{"href":"https:\/\/arquiconsult.com\/es\/wp-json\/wp\/v2\/pages"}],"about":[{"href":"https:\/\/arquiconsult.com\/es\/wp-json\/wp\/v2\/types\/page"}],"author":[{"embeddable":true,"href":"https:\/\/arquiconsult.com\/es\/wp-json\/wp\/v2\/users\/4"}],"replies":[{"embeddable":true,"href":"https:\/\/arquiconsult.com\/es\/wp-json\/wp\/v2\/comments?post=76668"}],"version-history":[{"count":0,"href":"https:\/\/arquiconsult.com\/es\/wp-json\/wp\/v2\/pages\/76668\/revisions"}],"wp:attachment":[{"href":"https:\/\/arquiconsult.com\/es\/wp-json\/wp\/v2\/media?parent=76668"}],"curies":[{"name":"wp","href":"https:\/\/api.w.org\/{rel}","templated":true}]}}