{"id":93721,"date":"2025-03-05T11:08:31","date_gmt":"2025-03-05T11:08:31","guid":{"rendered":"https:\/\/arquiconsult.com\/?page_id=93721"},"modified":"2025-12-05T14:41:49","modified_gmt":"2025-12-05T14:41:49","slug":"continia-sustainability","status":"publish","type":"page","link":"https:\/\/arquiconsult.com\/es\/continia-sustainability\/","title":{"rendered":"Continia Sustainability"},"content":{"rendered":"<!--themify_builder_content-->\n<div id=\"themify_builder_content-93721\" data-postid=\"93721\" class=\"themify_builder_content themify_builder_content-93721 themify_builder tf_clear\">\n    \t<!-- module_row -->\n\t<div  data-css_id=\"zunm777\" data-lazy=\"1\" class=\"module_row themify_builder_row fullcover fullwidth_row_container tb_zunm777 tb_first tf_clearfix\" >\n\t    <div class=\"builder_row_cover tf_abs\"><\/div>\t\t<div class=\"row_inner col_align_middle col-count-2 tf_box tf_w tf_rel\"  data-basecol=\"2\" data-col_tablet=\"column-full\" data-col_mobile=\"column-full\">\n\t\t\t<div  data-lazy=\"1\" style=\"width: 56.52%\" class=\"module_column tb-column col3-2 first tb_kjgw777 tf_box\">\n\t\t\t    \t        <div class=\"tb-column-inner tf_box tf_w\">\n\t\t    <!-- module text -->\n<div  class=\"module module-text tb_ygmz778  repeat \" data-lazy=\"1\">\n        <div  class=\"tb_text_wrap\">\n    <h4><a href=\"#\">Arquiconsult.com<\/a> \/\u00a0<a href=\"#\">Soluciones<\/a> \/ <strong>Continia\u00a0Sustainability<\/strong><\/h4>    <\/div>\n<\/div>\n<!-- \/module text --><!-- module fancy heading -->\n<!--\/* $fields_args['heading_tag']  CODIGO QUE SAIU * \/-->\n<div  class=\"module module-fancy-heading tb_kms0778 titulo-suporte tb_hide_divider\" data-lazy=\"1\">\n        <h1  class=\"fancy-heading tf_textl\">\n    <span class=\"main-head tf_block\">\n\t\t\t\t\tContinia Sustainability \t\t    <\/span>\n\n\t\n    <span class=\"sub-head tf_block tf_rel\">\n\t\t\t\t\t\t\t    <\/span>\n    <\/h2>\n<\/div>\n<!-- \/module fancy heading -->\n<!-- module text -->\n<div  class=\"module module-text tb_rx8g778   \" data-lazy=\"1\">\n        <div  class=\"tb_text_wrap\">\n    <p>Reporte sus emisiones de carbono directamente en Business Central. \u00a1Empiece hoy mismo su viaje sostenible!<\/p>    <\/div>\n<\/div>\n<!-- \/module text --><!-- module buttons -->\n<div  class=\"module module-buttons tb_7nui778 buttons-horizontal transparent popmake-94963 large circle\" data-lazy=\"1\">\n    \t<div class=\"module-buttons-item tf_inline_b\">\n\t\t\t\t\t\t\t<a href=\"#\" class=\"ui builder_button tb_default_color\" >\n\t\t\t\t\t\t\t\t\t\t\t<span class=\"tf_inline_b tf_vmiddle\">Solicite una Demostraci\u00f3n<\/span>\n\t\t\t\t\t\t\t\t\t\t\t<\/a>\n\t\t\t    \t<\/div>\n\t<\/div>\n<!-- \/module buttons -->\n<!-- module image -->\n<div  class=\"module module-image tb_0q76778   image-top tf_mw\" data-lazy=\"1\">\n        <div class=\"image-wrap tf_rel tf_mw\">\n\t\t    <img loading=\"lazy\" src=\"https:\/\/arquiconsult.com\/wp-content\/uploads\/2022\/11\/primary-logo-white-150x22.png\" width=\"150\" height=\"22\" class=\"wp-post-image wp-image-46811\" title=\"primary-logo-white\" alt=\"continia logo\">\t\n\t\t<\/div>\n\t<!-- \/image-wrap -->\n    \n    \t<\/div>\n<!-- \/module image -->\t        <\/div>\n\t    \t<\/div>\n\t\t<div  data-lazy=\"1\" style=\"width: 40.28%\" class=\"module_column tb-column col3-1 last tb_bf4d778 tf_box\">\n\t\t\t    \t<\/div>\n\t\t    <\/div>\n\t    <!-- \/row_inner -->\n\t<\/div>\n\t<!-- \/module_row -->\n\t\t<!-- module_row -->\n\t<div  data-css_id=\"swtw944\" data-lazy=\"1\" class=\"module_row themify_builder_row repeat fullwidth_row_container tb_swtw944 tf_clearfix\" >\n\t    \t\t<div class=\"row_inner col_align_top col-count-2 tf_box tf_w tf_rel\"  data-basecol=\"2\" data-col_mobile=\"column-full\">\n\t\t\t<div  data-lazy=\"1\" style=\"width: 53.64%\" class=\"module_column tb-column col4-2 first tb_7n1p944 tf_box\">\n\t\t\t    \t        <div class=\"tb-column-inner tf_box tf_w\">\n\t\t    \t<div  data-lazy=\"1\" class=\"module_subrow themify_builder_sub_row tb_s5oq944 tf_w tf_clearfix\">\n\t    \t\t<div class=\"subrow_inner col_align_top col-count-1 tf_box tf_w\">\n\t\t\t<div  data-lazy=\"1\" class=\"sub_column module_column tf_box col-full first tb_qtqo945\" > \n\t    \t    \t        <div class=\"tb-column-inner tf_box tf_w\">\n\t\t    <!-- module text -->\n<div  class=\"module module-text tb_zier945  repeat \" data-lazy=\"1\">\n        <div  class=\"tb_text_wrap\">\n    <h2 style=\"text-align: left;\"><strong>\u00bfQu\u00e9 es Continia Sustainability?<\/strong><\/h2>    <\/div>\n<\/div>\n<!-- \/module text --><!-- module text -->\n<div  class=\"module module-text tb_3v1n945  repeat \" data-lazy=\"1\">\n        <div  class=\"tb_text_wrap\">\n    <p style=\"text-align: left;\">Continia Sustainability es una herramienta integrada de contabilidad de carbono que aprovecha los datos financieros ya disponibles en su <strong>Microsoft Dynamics 365 Business Central.<\/strong><\/p><p style=\"text-align: left;\">Puede f\u00e1cilmente recoger, organizar y monitorear toda la informaci\u00f3n sobre el impacto ambiental de su empresa. La soluci\u00f3n convierte sus datos en equivalentes de carbono, proporcion\u00e1ndole una visi\u00f3n clara de su impacto clim\u00e1tico y apoyo para alcanzar sus objetivos de sostenibilidad.<\/p>    <\/div>\n<\/div>\n<!-- \/module text -->\t        <\/div>\n\t    \t<\/div>\n\t\t    <\/div>\n\t<\/div><!-- \/themify_builder_sub_row -->\n\t\t        <\/div>\n\t    \t<\/div>\n\t\t<div  data-lazy=\"1\" style=\"width: 43.16%\" class=\"module_column tb-column col4-2 last tb_qu7t945 tf_box\">\n\t\t\t    \t        <div class=\"tb-column-inner tf_box tf_w\">\n\t\t    <!-- module image -->\n<div  class=\"module module-image tb_mwa1945   image-top tf_mw wow\" data-tf-animation=\"fadeIn\" data-lazy=\"1\">\n        <div class=\"image-wrap tf_rel tf_mw\">\n\t\t    <img loading=\"lazy\" src=\"https:\/\/arquiconsult.com\/wp-content\/uploads\/2025\/02\/business-team-people-planning-hand-using-laptop-fo-2024-11-01-21-24-41-utc-scaled-500x260.jpg\" width=\"500\" height=\"260\" class=\"wp-post-image wp-image-93840\" title=\"business-team-people-planning-hand-using-laptop-fo-2024-11-01-21-24-41-utc\" alt=\"business-team-people-planning-hand-using-laptop-fo-2024-11-01-21-24-41-utc\">\t\n\t\t<\/div>\n\t<!-- \/image-wrap -->\n    \n    \t<\/div>\n<!-- \/module image -->\t        <\/div>\n\t    \t<\/div>\n\t\t    <\/div>\n\t    <!-- \/row_inner -->\n\t<\/div>\n\t<!-- \/module_row -->\n\t\t<!-- module_row -->\n\t<div  data-css_id=\"k2cf79\" data-lazy=\"1\" class=\"module_row themify_builder_row fullcover fullwidth tb_k2cf79 tf_clearfix wow\" data-tf-animation=\"pulse\" >\n\t    \t\t<div class=\"row_inner col_align_top col-count-1 tf_box tf_w tf_rel\">\n\t\t\t<div  data-lazy=\"1\" class=\"module_column tb-column col-full first tb_91tu79 tf_box\">\n\t\t\t    \t        <div class=\"tb-column-inner tf_box tf_w\">\n\t\t    <!-- module text -->\n<div  class=\"module module-text tb_q1mp79  repeat \" data-lazy=\"1\">\n        <div  class=\"tb_text_wrap\">\n    <h2 style=\"text-align: center;\"><b>CONTABILIDAD DE CARBONO SIMPLIFICADA<\/b><\/h2><p style=\"text-align: center;\">La introducci\u00f3n de la Directiva sobre Informes de Sostenibilidad Corporativa (CSRD) en la Uni\u00f3n Europea significa que la elaboraci\u00f3n de informes de sostenibilidad pronto se convertir\u00e1 en una prioridad para su organizaci\u00f3n, si a\u00fan no lo es. Continia Sustainability le ayuda a cumplir con todas las nuevas regulaciones gubernamentales, utilizando todos los est\u00e1ndares de informes actualizados del Greenhouse Gas Protocol.<\/p>    <\/div>\n<\/div>\n<!-- \/module text -->\t        <\/div>\n\t    \t<\/div>\n\t\t    <\/div>\n\t    <!-- \/row_inner -->\n\t<\/div>\n\t<!-- \/module_row -->\n\t\t<!-- module_row -->\n\t<div  data-css_id=\"05gt58\" data-lazy=\"1\" class=\"module_row themify_builder_row fullcover fullwidth tb_05gt58 tf_clearfix wow\" data-tf-animation=\"pulse\" >\n\t    \t\t<div class=\"row_inner col_align_top col-count-1 tf_box tf_w tf_rel\">\n\t\t\t<div  data-lazy=\"1\" class=\"module_column tb-column col-full first tb_uq7l59 tf_box\">\n\t\t\t    \t        <div class=\"tb-column-inner tf_box tf_w\">\n\t\t    <!-- module text -->\n<div  class=\"module module-text tb_yt2d59  repeat \" data-lazy=\"1\">\n        <div  class=\"tb_text_wrap\">\n    <h2><strong>Caracter\u00edsticas principales que agregan valor a su jornada laboral<\/strong><\/h2>    <\/div>\n<\/div>\n<!-- \/module text -->\t        <\/div>\n\t    \t<\/div>\n\t\t    <\/div>\n\t    <!-- \/row_inner -->\n\t<\/div>\n\t<!-- \/module_row -->\n\t\t<!-- module_row -->\n\t<div  data-css_id=\"07i416\" data-lazy=\"1\" class=\"module_row themify_builder_row repeat fullwidth tb_07i416 tf_clearfix\" >\n\t    \t\t<div class=\"row_inner col_align_top gutter-narrow col-count-6 tf_box tf_w tf_rel\"  data-basecol=\"6\" data-col_tablet_landscape=\"column3-1 tb_3col\" data-col_mobile=\"column-full\">\n\t\t\t<div  data-lazy=\"1\" class=\"module_column tb-column col6-1 first tb_q05116 repeat tf_box\">\n\t\t\t    \t        <div class=\"tb-column-inner tf_box tf_w\">\n\t\t    <!-- module image -->\n<div  class=\"module module-image tb_fyr117   image-center tf_mw wow\" data-tf-animation=\"slideInLeft\" data-tf-animation_delay=\".5\" data-lazy=\"1\">\n        <div class=\"image-wrap tf_rel tf_mw\">\n\t\t    \t\n\t\t<\/div>\n\t<!-- \/image-wrap -->\n    \n    \t<div class=\"image-content\">\n\t    \t\t\t<h3 class=\"image-title\">\n\t\t\t\t\t\t\t\t\tConjuntos de factores de emisi\u00f3n integrados\t\t\t\t\t\t\t<\/h3>\n\t    \n\t    \t\t<div class=\"image-caption tb_text_wrap\">\n\t\t    Garantice c\u00e1lculos precisos de la huella de carbono con factores de emisi\u00f3n incorporados. Utilice conjuntos de datos actuales de fuentes oficiales para calcular f\u00e1cilmente la producci\u00f3n de su empresa.\t    <\/div>\n\t    <!-- \/image-caption -->\n\t    \t<\/div>\n\t<!-- \/image-content -->\n    \t<\/div>\n<!-- \/module image -->\t        <\/div>\n\t    \t<\/div>\n\t\t<div  data-lazy=\"1\" class=\"module_column tb-column col6-1 second tb_x43l17 tf_box\">\n\t\t\t    \t        <div class=\"tb-column-inner tf_box tf_w\">\n\t\t    <!-- module image -->\n<div  class=\"module module-image tb_r8a517   image-center tf_mw wow\" data-tf-animation=\"slideInLeft\" data-lazy=\"1\">\n        <div class=\"image-wrap tf_rel tf_mw\">\n\t\t    \t\n\t\t<\/div>\n\t<!-- \/image-wrap -->\n    \n    \t<div class=\"image-content\">\n\t    \t\t\t<h3 class=\"image-title\">\n\t\t\t\t\t\t\t\t\tInterfaz intuitiva\t\t\t\t\t\t\t<\/h3>\n\t    \n\t    \t\t<div class=\"image-caption tb_text_wrap\">\n\t\t    Mantenga su forma habitual de trabajar con centros de funciones familiares, registros, paneles de navegaci\u00f3n y funciones de introducci\u00f3n de datos.\t    <\/div>\n\t    <!-- \/image-caption -->\n\t    \t<\/div>\n\t<!-- \/image-content -->\n    \t<\/div>\n<!-- \/module image -->\t        <\/div>\n\t    \t<\/div>\n\t\t<div  data-lazy=\"1\" class=\"module_column tb-column col6-1 third tb_q1by17 tf_box\">\n\t\t\t    \t        <div class=\"tb-column-inner tf_box tf_w\">\n\t\t    <!-- module image -->\n<div  class=\"module module-image tb_vvhz17   image-center tf_mw wow\" data-tf-animation=\"slideInRight\" data-lazy=\"1\">\n        <div class=\"image-wrap tf_rel tf_mw\">\n\t\t    \t\n\t\t<\/div>\n\t<!-- \/image-wrap -->\n    \n    \t<div class=\"image-content\">\n\t    \t\t\t<h3 class=\"image-title\">\n\t\t\t\t\t\t\t\t\tEst\u00e1ndares alineados\t\t\t\t\t\t\t<\/h3>\n\t    \n\t    \t\t<div class=\"image-caption tb_text_wrap\">\n\t\t    Continia Sustainability sigue los est\u00e1ndares del GHG Protocol para una elaboraci\u00f3n de informes consistente y comparable de las emisiones de gases, incluyendo tres \u00e1mbitos y quince categor\u00edas.\t    <\/div>\n\t    <!-- \/image-caption -->\n\t    \t<\/div>\n\t<!-- \/image-content -->\n    \t<\/div>\n<!-- \/module image -->\t        <\/div>\n\t    \t<\/div>\n\t\t<div  data-lazy=\"1\" class=\"module_column tb-column col6-1 fourth tb_cioc17 tf_box\">\n\t\t\t    \t        <div class=\"tb-column-inner tf_box tf_w\">\n\t\t    <!-- module image -->\n<div  class=\"module module-image tb_dp4t17   image-center tf_mw wow\" data-tf-animation=\"slideInRight\" data-lazy=\"1\">\n        <div class=\"image-wrap tf_rel tf_mw\">\n\t\t    \t\n\t\t<\/div>\n\t<!-- \/image-wrap -->\n    \n    \t<div class=\"image-content\">\n\t    \t\t\t<h3 class=\"image-title\">\n\t\t\t\t\t\t\t\t\tAuditor\u00eda transparente\t\t\t\t\t\t\t<\/h3>\n\t    \n\t    \t\t<div class=\"image-caption tb_text_wrap\">\n\t\t    Verifique f\u00e1cilmente los factores de emisi\u00f3n, recalcule su producci\u00f3n de carbono siempre que sea necesario y siga cualquier cambio en los datos.\t    <\/div>\n\t    <!-- \/image-caption -->\n\t    \t<\/div>\n\t<!-- \/image-content -->\n    \t<\/div>\n<!-- \/module image -->\t        <\/div>\n\t    \t<\/div>\n\t\t<div  data-lazy=\"1\" class=\"module_column tb-column col6-1 fifth tb_kujy17 tf_box\">\n\t\t\t    \t        <div class=\"tb-column-inner tf_box tf_w\">\n\t\t    <!-- module image -->\n<div  class=\"module module-image tb_w73917   image-center tf_mw wow\" data-tf-animation=\"slideInRight\" data-lazy=\"1\">\n        <div class=\"image-wrap tf_rel tf_mw\">\n\t\t    \t\n\t\t<\/div>\n\t<!-- \/image-wrap -->\n    \n    \t<div class=\"image-content\">\n\t    \t\t\t<h3 class=\"image-title\">\n\t\t\t\t\t\t\t\t\tAutomatizaci\u00f3n integrada\t\t\t\t\t\t\t<\/h3>\n\t    \n\t    \t\t<div class=\"image-caption tb_text_wrap\">\n\t\t    Simplifique su flujo de trabajo recopilando autom\u00e1ticamente datos financieros de registros como gastos de viaje y facturas.\t    <\/div>\n\t    <!-- \/image-caption -->\n\t    \t<\/div>\n\t<!-- \/image-content -->\n    \t<\/div>\n<!-- \/module image -->\t        <\/div>\n\t    \t<\/div>\n\t\t<div  data-lazy=\"1\" class=\"module_column tb-column col6-1 last tb_1e6t17 tf_box\">\n\t\t\t    \t        <div class=\"tb-column-inner tf_box tf_w\">\n\t\t    <!-- module image -->\n<div  class=\"module module-image tb_zoxz17   image-center tf_mw wow\" data-tf-animation=\"slideInRight\" data-lazy=\"1\">\n        <div class=\"image-wrap tf_rel tf_mw\">\n\t\t    \t\n\t\t<\/div>\n\t<!-- \/image-wrap -->\n    \n    \t<div class=\"image-content\">\n\t    \t\t\t<h3 class=\"image-title\">\n\t\t\t\t\t\t\t\t\tInformes y visualizaci\u00f3n\t\t\t\t\t\t\t<\/h3>\n\t    \n\t    \t\t<div class=\"image-caption tb_text_wrap\">\n\t\t    Cree f\u00e1cilmente informes detallados, gr\u00e1ficos y tablas para decisiones internas y necesidades externas.\t    <\/div>\n\t    <!-- \/image-caption -->\n\t    \t<\/div>\n\t<!-- \/image-content -->\n    \t<\/div>\n<!-- \/module image -->\t        <\/div>\n\t    \t<\/div>\n\t\t    <\/div>\n\t    <!-- \/row_inner -->\n\t<\/div>\n\t<!-- \/module_row -->\n\t\t<!-- module_row -->\n\t<div  data-css_id=\"hi83475\" data-lazy=\"1\" class=\"module_row themify_builder_row fullcover fullwidth tb_hi83475 tf_clearfix wow\" data-tf-animation=\"pulse\" >\n\t    \t\t<div class=\"row_inner col_align_top col-count-1 tf_box tf_w tf_rel\">\n\t\t\t<div  data-lazy=\"1\" class=\"module_column tb-column col-full first tb_nzbb475 tf_box\">\n\t\t\t    \t        <div class=\"tb-column-inner tf_box tf_w\">\n\t\t    <!-- module buttons -->\n<div  class=\"module module-buttons tb_9llg475 buttons-horizontal transparent popmake-94963 large circle tf_textc\" data-lazy=\"1\">\n    \t<div class=\"module-buttons-item tf_inline_b\">\n\t\t\t\t\t\t\t<a href=\"#\" class=\"ui builder_button tb_default_color\" >\n\t\t\t\t\t\t\t\t\t\t\t<span class=\"tf_inline_b tf_vmiddle\">Solicite una Demostraci\u00f3n<\/span>\n\t\t\t\t\t\t\t\t\t\t\t<\/a>\n\t\t\t    \t<\/div>\n\t<\/div>\n<!-- \/module buttons -->\n\t        <\/div>\n\t    \t<\/div>\n\t\t    <\/div>\n\t    <!-- \/row_inner -->\n\t<\/div>\n\t<!-- \/module_row -->\n\t\t<!-- module_row -->\n\t<div  data-anchor=\"vantagens\" data-hide-anchor=\"1\" data-lazy=\"1\" class=\"module_row themify_builder_row repeat tb_has_section tb_section-vantagens tb_cdxp836 tf_clearfix\" >\n\t    \t\t<div class=\"row_inner col_align_top col-count-1 tf_box tf_w tf_rel\">\n\t\t\t<div  data-lazy=\"1\" class=\"module_column tb-column col-full first tb_88sr836 tf_box\">\n\t\t\t    \t        <div class=\"tb-column-inner tf_box tf_w\">\n\t\t    <!-- module text -->\n<div  class=\"module module-text tb_v64m836  repeat \" data-lazy=\"1\">\n        <div  class=\"tb_text_wrap\">\n    <h2 style=\"text-align: center;\"><strong>Resumen de caracter\u00edsticas:<\/strong><\/h2>    <\/div>\n<\/div>\n<!-- \/module text -->\t        <\/div>\n\t    \t<\/div>\n\t\t    <\/div>\n\t    <!-- \/row_inner -->\n\t<\/div>\n\t<!-- \/module_row -->\n\t\t<!-- module_row -->\n\t<div  data-css_id=\"j333131\" data-lazy=\"1\" class=\"module_row themify_builder_row fullwidth_row_container tb_j333131 tf_clearfix\" >\n\t    \t\t<div class=\"row_inner col_align_top col-count-1 tf_box tf_w tf_rel\">\n\t\t\t<div  data-lazy=\"1\" class=\"module_column tb-column col-full first tb_kwsc132 tf_box\">\n\t\t\t    \t        <div class=\"tb-column-inner tf_box tf_w\">\n\t\t    <!-- module image -->\n<div  class=\"module module-image tb_0m96132   image-top tf_mw\" data-lazy=\"1\">\n        <div class=\"image-wrap tf_rel tf_mw\">\n\t\t    <img loading=\"lazy\" src=\"https:\/\/arquiconsult.com\/wp-content\/uploads\/2025\/03\/certo2es-800x523.png\" width=\"800\" height=\"523\" class=\"wp-post-image wp-image-94955\" title=\"certo2\u00abes\" alt=\"certo2\u00abes\" srcset=\"https:\/\/arquiconsult.com\/wp-content\/uploads\/2025\/03\/certo2es-800x523.png 800w, https:\/\/arquiconsult.com\/wp-content\/uploads\/2025\/03\/certo2es-640x419.png 640w, https:\/\/arquiconsult.com\/wp-content\/uploads\/2025\/03\/certo2es-768x502.png 768w, https:\/\/arquiconsult.com\/wp-content\/uploads\/2025\/03\/certo2es-320x209.png 320w, https:\/\/arquiconsult.com\/wp-content\/uploads\/2025\/03\/certo2es-480x314.png 480w, https:\/\/arquiconsult.com\/wp-content\/uploads\/2025\/03\/certo2es-152x100.png 152w, https:\/\/arquiconsult.com\/wp-content\/uploads\/2025\/03\/certo2es.png 1047w\" sizes=\"(max-width: 800px) 100vw, 800px\" \/>\t\n\t\t<\/div>\n\t<!-- \/image-wrap -->\n    \n    \t<\/div>\n<!-- \/module image -->\t        <\/div>\n\t    \t<\/div>\n\t\t    <\/div>\n\t    <!-- \/row_inner -->\n\t<\/div>\n\t<!-- \/module_row -->\n\t\t<!-- module_row -->\n\t<div  data-anchor=\"support\" data-hide-anchor=\"1\" data-lazy=\"1\" class=\"module_row themify_builder_row repeat tb_has_section tb_section-support tb_7m2v848 tf_clearfix\" >\n\t    \t\t<div class=\"row_inner col_align_top col-count-1 tf_box tf_w tf_rel\">\n\t\t\t<div  data-lazy=\"1\" class=\"module_column tb-column col-full first tb_j9i6848 tf_box\">\n\t\t\t    \t        <div class=\"tb-column-inner tf_box tf_w\">\n\t\t    \t<div  data-lazy=\"1\" class=\"module_subrow themify_builder_sub_row tb_s9rl848 tf_w tf_clearfix\">\n\t    \t\t<div class=\"subrow_inner col_align_top col-count-1 tf_box tf_w\">\n\t\t\t<div  data-lazy=\"1\" class=\"sub_column module_column tf_box col-full first tb_2y95849\"> \n\t    \t    \t        <div class=\"tb-column-inner tf_box tf_w\">\n\t\t    <!-- module text -->\n<div  class=\"module module-text tb_njbn849  repeat \" data-lazy=\"1\">\n        <div  class=\"tb_text_wrap\">\n    <h2 style=\"text-align: center;\"><strong>\u00bfPOR QU\u00c9 CONTINIA SUSTAINABILITY?<\/strong><\/h2>    <\/div>\n<\/div>\n<!-- \/module text -->\t        <\/div>\n\t    \t<\/div>\n\t\t    <\/div>\n\t<\/div><!-- \/themify_builder_sub_row -->\n\t\t        <\/div>\n\t    \t<\/div>\n\t\t    <\/div>\n\t    <!-- \/row_inner -->\n\t<\/div>\n\t<!-- \/module_row -->\n\t\t<!-- module_row -->\n\t<div  data-desktop-padding=\"20px,20px\" data-css_id=\"cigy308\" data-lazy=\"1\" class=\"module_row themify_builder_row repeat fullwidth_row_container tb_cigy308 tf_clearfix\" >\n\t    \t\t<div class=\"row_inner col_align_top col-count-5 tf_box tf_w tf_rel\"  data-basecol=\"5\" data-col_mobile=\"column-full\">\n\t\t\t<div  data-lazy=\"1\" style=\"width: 5.3%\" class=\"module_column tb-column col5-1 first tb_0cmd309 repeat tf_box\">\n\t\t\t    \t<\/div>\n\t\t<div  data-lazy=\"1\" style=\"width: 25.71%\" class=\"module_column tb-column col5-1 second tb_aweu309 repeat tf_box\">\n\t\t\t    \t        <div class=\"tb-column-inner tf_box tf_w\">\n\t\t    <!-- module image -->\n<div  class=\"module module-image tb_qzdm309   image-center tf_mw\" data-lazy=\"1\">\n        <div class=\"image-wrap tf_rel tf_mw\">\n\t\t    <img loading=\"lazy\" src=\"https:\/\/arquiconsult.com\/wp-content\/uploads\/2025\/02\/envrit-1-120x116.png\" width=\"120\" height=\"116\" class=\"wp-post-image wp-image-93861\" title=\"envrit\" alt=\"envrit\">\t\n\t\t<\/div>\n\t<!-- \/image-wrap -->\n    \n    \t<\/div>\n<!-- \/module image --><!-- module text -->\n<div  class=\"module module-text tb_wj5p309  repeat \" data-lazy=\"1\">\n        <div  class=\"tb_text_wrap\">\n    <h3 style=\"text-align: center;\">Gestione todos los datos ambientales relevantes<\/h3><p style=\"text-align: center;\">Integrado en su Business Central para un flujo de trabajo continuo e importaci\u00f3n flexible de datos. Permite el registro manual de cualquier otro dato ambiental.<\/p>    <\/div>\n<\/div>\n<!-- \/module text -->\t        <\/div>\n\t    \t<\/div>\n\t\t<div  data-lazy=\"1\" style=\"width: 25.87%\" class=\"module_column tb-column col5-1 third tb_d120309 repeat tf_box\">\n\t\t\t    \t        <div class=\"tb-column-inner tf_box tf_w\">\n\t\t    <!-- module image -->\n<div  class=\"module module-image tb_o9n2309   image-center tf_mw\" data-lazy=\"1\">\n        <div class=\"image-wrap tf_rel tf_mw\">\n\t\t    <img loading=\"lazy\" src=\"https:\/\/arquiconsult.com\/wp-content\/uploads\/2025\/02\/carbon-2-120x116.png\" width=\"120\" height=\"116\" class=\"wp-post-image wp-image-93880\" title=\"carbon\" alt=\"carbon\">\t\n\t\t<\/div>\n\t<!-- \/image-wrap -->\n    \n    \t<\/div>\n<!-- \/module image --><!-- module text -->\n<div  class=\"module module-text tb_u8vq309  repeat \" data-lazy=\"1\">\n        <div  class=\"tb_text_wrap\">\n    <h3 style=\"text-align: center;\">Calcule y asigne las emisiones de carbono<\/h3><p style=\"text-align: center;\">Basado en los m\u00e9todos de consolidaci\u00f3n y configuraciones de su empresa. De datos financieros y cuantitativos a emisiones de carbono con un solo clic.<\/p>    <\/div>\n<\/div>\n<!-- \/module text -->\t        <\/div>\n\t    \t<\/div>\n\t\t<div  data-lazy=\"1\" style=\"width: 24.81%\" class=\"module_column tb-column col5-1 fourth tb_j15q309 repeat tf_box\">\n\t\t\t    \t        <div class=\"tb-column-inner tf_box tf_w\">\n\t\t    <!-- module image -->\n<div  class=\"module module-image tb_43cn309   image-center tf_mw\" data-lazy=\"1\">\n        <div class=\"image-wrap tf_rel tf_mw\">\n\t\t    <img loading=\"lazy\" src=\"https:\/\/arquiconsult.com\/wp-content\/uploads\/2025\/02\/rport-120x116.png\" width=\"120\" height=\"116\" class=\"wp-post-image wp-image-93869\" title=\"rport\" alt=\"rport\">\t\n\t\t<\/div>\n\t<!-- \/image-wrap -->\n    \n    \t<\/div>\n<!-- \/module image --><!-- module text -->\n<div  class=\"module module-text tb_qwlf309  repeat \" data-lazy=\"1\">\n        <div  class=\"tb_text_wrap\">\n    <h3 style=\"text-align: center;\">Reporte las emisiones de acuerdo con el GHGP<\/h3><p style=\"text-align: center;\">Cree informes confiables alineados con el est\u00e1ndar internacional del GHG Protocol. \u00daselos como base para guiar las pol\u00edticas de reducci\u00f3n del impacto ambiental.<\/p>    <\/div>\n<\/div>\n<!-- \/module text -->\t        <\/div>\n\t    \t<\/div>\n\t\t<div  data-lazy=\"1\" style=\"width: 5.51%\" class=\"module_column tb-column col5-1 last tb_z0p1309 repeat tf_box\">\n\t\t\t    \t<\/div>\n\t\t    <\/div>\n\t    <!-- \/row_inner -->\n\t<\/div>\n\t<!-- \/module_row -->\n\t<\/div>\n<!--\/themify_builder_content-->","protected":false},"excerpt":{"rendered":"<p>Arquiconsult.com \/\u00a0Soluciones \/ Continia\u00a0Sustainability Continia Sustainability Reporte sus emisiones de carbono directamente en Business Central. \u00a1Empiece hoy mismo su viaje sostenible! Solicite una Demostraci\u00f3n \u00bfQu\u00e9 es Continia Sustainability? Continia Sustainability es una herramienta integrada de contabilidad de carbono que aprovecha los datos financieros ya disponibles en su Microsoft Dynamics 365 Business Central. Puede f\u00e1cilmente recoger, [&hellip;]<\/p>\n","protected":false},"author":4,"featured_media":0,"parent":0,"menu_order":0,"comment_status":"closed","ping_status":"closed","template":"","meta":[],"acf":[],"_links":{"self":[{"href":"https:\/\/arquiconsult.com\/es\/wp-json\/wp\/v2\/pages\/93721"}],"collection":[{"href":"https:\/\/arquiconsult.com\/es\/wp-json\/wp\/v2\/pages"}],"about":[{"href":"https:\/\/arquiconsult.com\/es\/wp-json\/wp\/v2\/types\/page"}],"author":[{"embeddable":true,"href":"https:\/\/arquiconsult.com\/es\/wp-json\/wp\/v2\/users\/4"}],"replies":[{"embeddable":true,"href":"https:\/\/arquiconsult.com\/es\/wp-json\/wp\/v2\/comments?post=93721"}],"version-history":[{"count":1,"href":"https:\/\/arquiconsult.com\/es\/wp-json\/wp\/v2\/pages\/93721\/revisions"}],"predecessor-version":[{"id":118341,"href":"https:\/\/arquiconsult.com\/es\/wp-json\/wp\/v2\/pages\/93721\/revisions\/118341"}],"wp:attachment":[{"href":"https:\/\/arquiconsult.com\/es\/wp-json\/wp\/v2\/media?parent=93721"}],"curies":[{"name":"wp","href":"https:\/\/api.w.org\/{rel}","templated":true}]}}