{"id":95430,"date":"2025-06-23T17:00:27","date_gmt":"2025-06-23T16:00:27","guid":{"rendered":"https:\/\/arquiconsult.com\/?page_id=95430"},"modified":"2025-12-09T10:58:01","modified_gmt":"2025-12-09T10:58:01","slug":"dynamics-365-scm","status":"publish","type":"page","link":"https:\/\/arquiconsult.com\/es\/dynamics-365-scm\/","title":{"rendered":"Dynamics 365 SCM"},"content":{"rendered":"<!--themify_builder_content-->\n<div id=\"themify_builder_content-95430\" data-postid=\"95430\" class=\"themify_builder_content themify_builder_content-95430 themify_builder tf_clear\">\n    \t<!-- module_row -->\n\t<div  data-css_id=\"g1sg564\" data-lazy=\"1\" class=\"module_row themify_builder_row fullcover fullwidth_row_container tb_g1sg564 tb_first tf_clearfix\" >\n\t    <div class=\"builder_row_cover tf_abs\"><\/div>\t\t<div class=\"row_inner col_align_middle col-count-2 tf_box tf_w tf_rel\"  data-basecol=\"2\" data-col_tablet=\"column-full\" data-col_mobile=\"column-full\">\n\t\t\t<div  data-lazy=\"1\" style=\"width: 66.64%\" class=\"module_column tb-column col3-2 first tb_clpe564 tf_box\">\n\t\t\t    \t        <div class=\"tb-column-inner tf_box tf_w\">\n\t\t    <!-- module text -->\n<div  class=\"module module-text tb_yln8564  repeat \" data-lazy=\"1\">\n        <div  class=\"tb_text_wrap\">\n    <h4><a href=\"https:\/\/arquiconsult.com\">Arquiconsult.com<\/a> \/ <a href=\"#\">Soluciones<\/a> \/ ERP Finance and Operations &#8211; Dynamics 365 Supply Chain Management<\/h4>    <\/div>\n<\/div>\n<!-- \/module text --><!-- module fancy heading -->\n<!--\/* $fields_args['heading_tag']  CODIGO QUE SAIU * \/-->\n<div  class=\"module module-fancy-heading tb_osnp565 titulo-suporte tb_hide_divider\" data-lazy=\"1\">\n        <h1  class=\"fancy-heading tf_textl\">\n    <span class=\"main-head tf_block\">\n\t\t\t\t\tDynamics 365 Supply Chain Management\t\t    <\/span>\n\n\t\n    <span class=\"sub-head tf_block tf_rel\">\n\t\t\t\t\t\t\t    <\/span>\n    <\/h2>\n<\/div>\n<!-- \/module fancy heading -->\n<!-- module text -->\n<div  class=\"module module-text tb_5n3u565   \" data-lazy=\"1\">\n        <div  class=\"tb_text_wrap\">\n    <p>Microsoft Dynamics 365 Supply Chain Management: Impulsando operaciones resilientes, \u00e1giles y potenciadas por inteligencia artificial.&#8221;<\/p>    <\/div>\n<\/div>\n<!-- \/module text --><!-- module buttons -->\n<div  class=\"module module-buttons tb_zirc565 buttons-horizontal transparent popmake-100467 large circle\" data-lazy=\"1\">\n    \t<div class=\"module-buttons-item tf_inline_b\">\n\t\t\t\t\t\t\t<a href=\"#\" class=\"ui builder_button tb_default_color\" >\n\t\t\t\t\t\t\t\t\t\t\t<span class=\"tf_inline_b tf_vmiddle\">Solicite una demostraci\u00f3n<\/span>\n\t\t\t\t\t\t\t\t\t\t\t<\/a>\n\t\t\t    \t<\/div>\n\t<\/div>\n<!-- \/module buttons -->\n<!-- module image -->\n<div  class=\"module module-image tb_1s3o565   image-top tf_mw\" data-lazy=\"1\">\n        <div class=\"image-wrap tf_rel tf_mw\">\n\t\t    <img loading=\"lazy\" src=\"https:\/\/arquiconsult.com\/wp-content\/uploads\/2025\/05\/image_1024-1-70x67.png\" width=\"70\" height=\"67\" class=\"wp-post-image wp-image-102377\" title=\"supply chain management\" alt=\"supply chain management\">\t\n\t\t<\/div>\n\t<!-- \/image-wrap -->\n    \n    \t<\/div>\n<!-- \/module image -->\t        <\/div>\n\t    \t<\/div>\n\t\t<div  data-lazy=\"1\" style=\"width: 30.16%\" class=\"module_column tb-column col3-1 last tb_kq34565 repeat tf_box\">\n\t\t\t    \t<\/div>\n\t\t    <\/div>\n\t    <!-- \/row_inner -->\n\t<\/div>\n\t<!-- \/module_row -->\n\t\t<!-- module_row -->\n\t<div  data-css_id=\"02ib988\" data-lazy=\"1\" class=\"module_row themify_builder_row repeat fullwidth_row_container tb_02ib988 tf_clearfix\" >\n\t    \t\t<div class=\"row_inner col_align_top col-count-2 tf_box tf_w tf_rel\"  data-basecol=\"2\" data-col_mobile=\"column-full\">\n\t\t\t<div  data-lazy=\"1\" style=\"width: 50.9%\" class=\"module_column tb-column col4-2 first tb_n0xi988 tf_box\">\n\t\t\t    \t        <div class=\"tb-column-inner tf_box tf_w\">\n\t\t    \t<div  data-lazy=\"1\" class=\"module_subrow themify_builder_sub_row tb_a03j988 tf_w tf_clearfix\">\n\t    \t\t<div class=\"subrow_inner col_align_top col-count-1 tf_box tf_w\">\n\t\t\t<div  data-lazy=\"1\" class=\"sub_column module_column tf_box col-full first tb_yb3z989\" > \n\t    \t    \t        <div class=\"tb-column-inner tf_box tf_w\">\n\t\t    <!-- module text -->\n<div  class=\"module module-text tb_u53l989  repeat \" data-lazy=\"1\">\n        <div  class=\"tb_text_wrap\">\n    <h2 style=\"text-align: left;\"><strong>Optimice el Rendimiento de la Cadena de Suministro con Informaci\u00f3n Inteligente<\/strong><\/h2>    <\/div>\n<\/div>\n<!-- \/module text --><!-- module text -->\n<div  class=\"module module-text tb_s6kc989   \" data-lazy=\"1\">\n        <div  class=\"tb_text_wrap\">\n    <p style=\"text-align: left;\">Microsoft Dynamics 365 Supply Chain Management es una soluci\u00f3n ERP en la nube que permite a las empresas desarrollar cadenas de suministro resilientes, \u00e1giles y eficientes. Gracias al uso de inteligencia artificial, automatizaci\u00f3n y an\u00e1lisis en tiempo real, optimiza la gesti\u00f3n de inventarios, mejora la planificaci\u00f3n de la producci\u00f3n y agiliza la log\u00edstica. Con Microsoft 365 Copilot para Supply Chain, las organizaciones pueden aprovechar recomendaciones impulsadas por IA, an\u00e1lisis predictivos y automatizaci\u00f3n para anticipar interrupciones y acelerar la toma de decisiones.<\/p><p style=\"text-align: left;\">Desde la adquisici\u00f3n de materiales hasta la distribuci\u00f3n, Dynamics 365 Supply Chain Management ofrece a las empresas las herramientas necesarias para mantenerse a la vanguardia en un mercado en constante evoluci\u00f3n, garantizando eficiencia de costos, sostenibilidad y excelencia operativa.<\/p><p style=\"text-align: left;\">\u00a0<\/p>    <\/div>\n<\/div>\n<!-- \/module text -->\t        <\/div>\n\t    \t<\/div>\n\t\t    <\/div>\n\t<\/div><!-- \/themify_builder_sub_row -->\n\t\t        <\/div>\n\t    \t<\/div>\n\t\t<div  data-lazy=\"1\" style=\"width: 45.9%\" class=\"module_column tb-column col4-2 last tb_xjqf990 tf_box\">\n\t\t\t    \t        <div class=\"tb-column-inner tf_box tf_w\">\n\t\t    <!-- module image -->\n<div  class=\"module module-image tb_0uma990   image-top tf_mw wow\" data-tf-animation=\"fadeIn\" data-lazy=\"1\">\n        <div class=\"image-wrap tf_rel tf_mw\">\n\t\t    <img loading=\"lazy\" src=\"https:\/\/arquiconsult.com\/wp-content\/uploads\/2025\/03\/business-partners-working-under-pressure-in-a-boar-2025-02-20-07-03-22-utc-scaled-700x393.jpg\" width=\"700\" height=\"393\" class=\"wp-post-image wp-image-95775\" title=\"business-partners-working-under-pressure-in-a-boar-2025-02-20-07-03-22-utc\" alt=\"business-partners-working-under-pressure-in-a-boar-2025-02-20-07-03-22-utc\">\t\n\t\t<\/div>\n\t<!-- \/image-wrap -->\n    \n    \t<\/div>\n<!-- \/module image -->\t        <\/div>\n\t    \t<\/div>\n\t\t    <\/div>\n\t    <!-- \/row_inner -->\n\t<\/div>\n\t<!-- \/module_row -->\n\t\t<!-- module_row -->\n\t<div  data-anchor=\"finance\" data-css_id=\"55j8324\" data-lazy=\"1\" class=\"module_row themify_builder_row fullcover fullwidth tb_has_section tb_section-finance tb_55j8324 tf_clearfix wow\" data-tf-animation=\"pulse\" >\n\t    \t\t<div class=\"row_inner col_align_top col-count-1 tf_box tf_w tf_rel\">\n\t\t\t<div  data-lazy=\"1\" class=\"module_column tb-column col-full first tb_tus1324 tf_box\">\n\t\t\t    \t        <div class=\"tb-column-inner tf_box tf_w\">\n\t\t    <!-- module text -->\n<div  class=\"module module-text tb_35m9324  repeat \" data-lazy=\"1\">\n        <div  class=\"tb_text_wrap\">\n    <h2><strong>Capacidades Funcionales Clave de Microsoft Dynamics 365 Supply Chain Management<\/strong><\/h2>    <\/div>\n<\/div>\n<!-- \/module text -->\t        <\/div>\n\t    \t<\/div>\n\t\t    <\/div>\n\t    <!-- \/row_inner -->\n\t<\/div>\n\t<!-- \/module_row -->\n\t\t<!-- module_row -->\n\t<div  data-css_id=\"8ghz418\" data-lazy=\"1\" class=\"module_row themify_builder_row repeat fullwidth tb_8ghz418 tf_clearfix\" >\n\t    \t\t<div class=\"row_inner col_align_top col-count-4 tf_box tf_w tf_rel\"  data-basecol=\"4\" data-col_mobile=\"column-full\">\n\t\t\t<div  data-lazy=\"1\" class=\"module_column tb-column col4-1 first tb_2y33418 repeat tf_box\">\n\t\t\t    \t        <div class=\"tb-column-inner tf_box tf_w\">\n\t\t    <!-- module image -->\n<div  class=\"module module-image tb_j7yx418   image-center tf_mw\" data-lazy=\"1\">\n        <div class=\"image-wrap tf_rel tf_mw\">\n\t\t    <img loading=\"lazy\" src=\"https:\/\/arquiconsult.com\/wp-content\/uploads\/2025\/03\/planning-100x100.png\" width=\"100\" height=\"100\" class=\"wp-post-image wp-image-95785\" title=\"planning\" alt=\"planning\">\t\n\t\t<\/div>\n\t<!-- \/image-wrap -->\n    \n    \t<\/div>\n<!-- \/module image --><!-- module text -->\n<div  class=\"module module-text tb_tlxz418  repeat \" data-lazy=\"1\">\n        <div  class=\"tb_text_wrap\">\n    <h3 style=\"text-align: center;\"><strong>Pron\u00f3stico y Planificaci\u00f3n de la Demanda Impulsados por IA<\/strong><\/h3><ul><li>Microsoft 365 Copilot para Supply Chain ofrece previsiones de demanda basadas en inteligencia artificial.<\/li><li>An\u00e1lisis predictivos para una planificaci\u00f3n precisa de ventas y demanda.<\/li><li>Recomendaciones automatizadas de reposici\u00f3n para evitar roturas de stock y sobreaprovisionamiento.<\/li><\/ul>    <\/div>\n<\/div>\n<!-- \/module text -->\t        <\/div>\n\t    \t<\/div>\n\t\t<div  data-lazy=\"1\" class=\"module_column tb-column col4-1 second tb_7ua8419 repeat tf_box\">\n\t\t\t    \t        <div class=\"tb-column-inner tf_box tf_w\">\n\t\t    <!-- module image -->\n<div  class=\"module module-image tb_0nra419   image-center tf_mw\" data-lazy=\"1\">\n        <div class=\"image-wrap tf_rel tf_mw\">\n\t\t    <img loading=\"lazy\" src=\"https:\/\/arquiconsult.com\/wp-content\/uploads\/2025\/03\/iventory-100x100.png\" width=\"100\" height=\"100\" class=\"wp-post-image wp-image-95790\" title=\"iventory\" alt=\"iventory\">\t\n\t\t<\/div>\n\t<!-- \/image-wrap -->\n    \n    \t<\/div>\n<!-- \/module image --><!-- module text -->\n<div  class=\"module module-text tb_ikg2419  repeat \" data-lazy=\"1\">\n        <div  class=\"tb_text_wrap\">\n    <h3 style=\"text-align: center;\"><strong>Gesti\u00f3n Inteligente de Inventarios y Almacenes<\/strong><\/h3><ul><li>Optimizaci\u00f3n de niveles de stock impulsada por IA para mejorar la visibilidad del inventario.<\/li><li>Automatizaci\u00f3n avanzada de almacenes con seguimiento en tiempo real.<\/li><li>Integraci\u00f3n fluida con tecnolog\u00edas RFID, c\u00f3digos de barras e IoT para garantizar la precisi\u00f3n del inventario.<\/li><\/ul>    <\/div>\n<\/div>\n<!-- \/module text -->\t        <\/div>\n\t    \t<\/div>\n\t\t<div  data-lazy=\"1\" class=\"module_column tb-column col4-1 third tb_idc2419 repeat tf_box\">\n\t\t\t    \t        <div class=\"tb-column-inner tf_box tf_w\">\n\t\t    <!-- module image -->\n<div  class=\"module module-image tb_2q44419   image-center tf_mw\" data-lazy=\"1\">\n        <div class=\"image-wrap tf_rel tf_mw\">\n\t\t    <img loading=\"lazy\" src=\"https:\/\/arquiconsult.com\/wp-content\/uploads\/2025\/03\/colaboration-100x100.png\" width=\"100\" height=\"100\" class=\"wp-post-image wp-image-95795\" title=\"colaboration\" alt=\"colaboration\">\t\n\t\t<\/div>\n\t<!-- \/image-wrap -->\n    \n    \t<\/div>\n<!-- \/module image --><!-- module text -->\n<div  class=\"module module-text tb_8quh419  repeat \" data-lazy=\"1\">\n        <div  class=\"tb_text_wrap\">\n    <h3 style=\"text-align: center;\"><strong>Gesti\u00f3n Integral de Compras y Colaboraci\u00f3n con Proveedores<\/strong><\/h3><ul><li>Flujos de trabajo de aprovisionamiento automatizados con clasificaci\u00f3n de proveedores y recomendaciones.<\/li><li>An\u00e1lisis de riesgos impulsado por IA para la supervisi\u00f3n del rendimiento de los proveedores.<\/li><li>Gesti\u00f3n integral del ciclo de vida de contratos integrada con Dynamics 365 Finance.<\/li><\/ul>    <\/div>\n<\/div>\n<!-- \/module text -->\t        <\/div>\n\t    \t<\/div>\n\t\t<div  data-lazy=\"1\" class=\"module_column tb-column col4-1 last tb_8e6t419 repeat tf_box\">\n\t\t\t    \t        <div class=\"tb-column-inner tf_box tf_w\">\n\t\t    <!-- module image -->\n<div  class=\"module module-image tb_c72q419   image-center tf_mw\" data-lazy=\"1\">\n        <div class=\"image-wrap tf_rel tf_mw\">\n\t\t    <img loading=\"lazy\" src=\"https:\/\/arquiconsult.com\/wp-content\/uploads\/2025\/03\/product-100x100.png\" width=\"100\" height=\"100\" class=\"wp-post-image wp-image-95800\" title=\"product\" alt=\"product\">\t\n\t\t<\/div>\n\t<!-- \/image-wrap -->\n    \n    \t<\/div>\n<!-- \/module image --><!-- module text -->\n<div  class=\"module module-text tb_cvmm420  repeat \" data-lazy=\"1\">\n        <div  class=\"tb_text_wrap\">\n    <h3 style=\"text-align: center;\"><strong>Operaciones de Fabricaci\u00f3n y Producci\u00f3n Eficientes<\/strong><\/h3><ul><li>Programaci\u00f3n de producci\u00f3n optimizada mediante inteligencia artificial para un uso eficiente de los recursos.<\/li><li>Planta de producci\u00f3n conectada con IoT y realidad mixta para una supervisi\u00f3n mejorada.<\/li><li>Visibilidad en tiempo real de indicadores clave de producci\u00f3n (KPIs) para una mejora continua.<\/li><\/ul>    <\/div>\n<\/div>\n<!-- \/module text -->\t        <\/div>\n\t    \t<\/div>\n\t\t    <\/div>\n\t    <!-- \/row_inner -->\n\t<\/div>\n\t<!-- \/module_row -->\n\t\t<!-- module_row -->\n\t<div  data-css_id=\"bpav862\" data-lazy=\"1\" class=\"module_row themify_builder_row repeat fullwidth tb_bpav862 tf_clearfix\" >\n\t    \t\t<div class=\"row_inner col_align_top col-count-3 tf_box tf_w tf_rel\"  data-basecol=\"3\" data-col_tablet_landscape=\"column3-1 tb_3col\" data-col_mobile=\"column-full\">\n\t\t\t<div  data-lazy=\"1\" class=\"module_column tb-column col3-1 first tb_wt8c862 repeat tf_box\">\n\t\t\t    \t        <div class=\"tb-column-inner tf_box tf_w\">\n\t\t    <!-- module image -->\n<div  class=\"module module-image tb_6k42862   image-center tf_mw\" data-lazy=\"1\">\n        <div class=\"image-wrap tf_rel tf_mw\">\n\t\t    <img loading=\"lazy\" src=\"https:\/\/arquiconsult.com\/wp-content\/uploads\/2025\/03\/logistic-100x100.png\" width=\"100\" height=\"100\" class=\"wp-post-image wp-image-95804\" title=\"logistic\" alt=\"logistic\">\t\n\t\t<\/div>\n\t<!-- \/image-wrap -->\n    \n    \t<\/div>\n<!-- \/module image --><!-- module text -->\n<div  class=\"module module-text tb_3lfa862  repeat \" data-lazy=\"1\">\n        <div  class=\"tb_text_wrap\">\n    <h3 style=\"text-align: center;\"><strong>Gesti\u00f3n Resiliente de Log\u00edstica y Transporte<\/strong><\/h3><ul><li>Optimizaci\u00f3n de rutas impulsada por IA para reducir costos y acelerar entregas.<\/li><li>Selecci\u00f3n automatizada de transportistas seg\u00fan coste, tiempo y disponibilidad.<\/li><li>Seguimiento de env\u00edos en tiempo real y detecci\u00f3n de anomal\u00edas.<\/li><\/ul>    <\/div>\n<\/div>\n<!-- \/module text -->\t        <\/div>\n\t    \t<\/div>\n\t\t<div  data-lazy=\"1\" class=\"module_column tb-column col3-1 middle tb_j6b0862 repeat tf_box\">\n\t\t\t    \t        <div class=\"tb-column-inner tf_box tf_w\">\n\t\t    <!-- module image -->\n<div  class=\"module module-image tb_tphe862   image-center tf_mw\" data-lazy=\"1\">\n        <div class=\"image-wrap tf_rel tf_mw\">\n\t\t    <img loading=\"lazy\" src=\"https:\/\/arquiconsult.com\/wp-content\/uploads\/2025\/03\/predective-100x100.png\" width=\"100\" height=\"100\" class=\"wp-post-image wp-image-95809\" title=\"predective\" alt=\"predective\">\t\n\t\t<\/div>\n\t<!-- \/image-wrap -->\n    \n    \t<\/div>\n<!-- \/module image --><!-- module text -->\n<div  class=\"module module-text tb_rtpm862  repeat \" data-lazy=\"1\">\n        <div  class=\"tb_text_wrap\">\n    <h3 style=\"text-align: center;\"><strong>Gesti\u00f3n Integrada de Activos y Mantenimiento Predictivo<\/strong><\/h3><ul><li>Mantenimiento predictivo basado en IA para minimizar tiempos de inactividad.<\/li><li>Gesti\u00f3n automatizada de \u00f3rdenes de trabajo para optimizar la atenci\u00f3n a activos.<\/li><li>Seguimiento de activos y supervisi\u00f3n de condiciones habilitados por IoT.<\/li><\/ul>    <\/div>\n<\/div>\n<!-- \/module text -->\t        <\/div>\n\t    \t<\/div>\n\t\t<div  data-lazy=\"1\" class=\"module_column tb-column col3-1 last tb_3xfj862 repeat tf_box\">\n\t\t\t    \t        <div class=\"tb-column-inner tf_box tf_w\">\n\t\t    <!-- module image -->\n<div  class=\"module module-image tb_hvgi862   image-center tf_mw\" data-lazy=\"1\">\n        <div class=\"image-wrap tf_rel tf_mw\">\n\t\t    <img loading=\"lazy\" src=\"https:\/\/arquiconsult.com\/wp-content\/uploads\/2025\/03\/sustainable-100x100.png\" width=\"100\" height=\"100\" class=\"wp-post-image wp-image-95817\" title=\"sustainable\" alt=\"sustainable\">\t\n\t\t<\/div>\n\t<!-- \/image-wrap -->\n    \n    \t<\/div>\n<!-- \/module image --><!-- module text -->\n<div  class=\"module module-text tb_almo862  repeat \" data-lazy=\"1\">\n        <div  class=\"tb_text_wrap\">\n    <h3 style=\"text-align: center;\"><strong>Cadena de Suministro Sostenible y Gesti\u00f3n de Cumplimiento Normativo<\/strong><\/h3><ul><li>Informaci\u00f3n integrada sobre sostenibilidad para reducir residuos y huella de carbono.<\/li><li>Supervisi\u00f3n automatizada del cumplimiento de normativas globales.<\/li><li>Evaluaci\u00f3n de riesgos impulsada por IA para garantizar aprovisionamiento \u00e9tico y sostenible.<\/li><\/ul>    <\/div>\n<\/div>\n<!-- \/module text -->\t        <\/div>\n\t    \t<\/div>\n\t\t    <\/div>\n\t    <!-- \/row_inner -->\n\t<\/div>\n\t<!-- \/module_row -->\n\t\t<!-- module_row -->\n\t<div  data-css_id=\"nmh658\" data-lazy=\"1\" class=\"module_row themify_builder_row fullcover fullwidth tb_nmh658 tf_clearfix wow\" data-tf-animation=\"pulse\" >\n\t    \t\t<div class=\"row_inner col_align_top col-count-2 tf_box tf_w tf_rel\"  data-basecol=\"2\" data-col_mobile=\"column-full\">\n\t\t\t<div  data-lazy=\"1\" style=\"width: 50.98%\" class=\"module_column tb-column col4-2 first tb_eqol58 tf_box\">\n\t\t\t    \t        <div class=\"tb-column-inner tf_box tf_w\">\n\t\t    <!-- module text -->\n<div  class=\"module module-text tb_7h3b58  repeat \" data-lazy=\"1\">\n        <div  class=\"tb_text_wrap\">\n    <h2 style=\"text-align: left;\"><strong>\u00bfPor Qu\u00e9 Elegir Dynamics 365 Supply Chain Management?<\/strong><\/h2>    <\/div>\n<\/div>\n<!-- \/module text --><!-- module text -->\n<div  class=\"module module-text tb_d7nw59   \" data-lazy=\"1\">\n        <div  class=\"tb_text_wrap\">\n    <ul><li style=\"text-align: left;\"><strong>Optimizaci\u00f3n de la Cadena de Suministro Impulsada por IA<\/strong> \u2013 Mejore la eficiencia con Microsoft 365 Copilot para Supply Chain.<\/li><li style=\"text-align: left;\"><strong>Visibilidad de Extremo a Extremo<\/strong> \u2013 Obtenga informaci\u00f3n en tiempo real sobre inventario, producci\u00f3n y log\u00edstica.<\/li><li style=\"text-align: left;\"><strong>Escalable y Resiliente<\/strong> \u2013 Ad\u00e1ptese r\u00e1pidamente a disrupciones del mercado y desaf\u00edos operativos.<\/li><li style=\"text-align: left;\"><strong>Integraci\u00f3n Perfecta con el Ecosistema de Microsoft<\/strong> \u2013 Con\u00e9ctese f\u00e1cilmente con Dynamics 365 Finance, Power Platform y Azure AI.<\/li><li style=\"text-align: left;\"><strong>Preparado para Sostenibilidad y Cumplimiento<\/strong> \u2013 Antic\u00edpese a las normativas globales y a los objetivos medioambientales.<\/li><\/ul>    <\/div>\n<\/div>\n<!-- \/module text -->\t        <\/div>\n\t    \t<\/div>\n\t\t<div  data-lazy=\"1\" style=\"width: 45.82%\" class=\"module_column tb-column col4-2 last tb_76ef59 tf_box\">\n\t\t\t    \t        <div class=\"tb-column-inner tf_box tf_w\">\n\t\t    <!-- module image -->\n<div  class=\"module module-image tb_51mt59   image-top tf_mw wow\" data-tf-animation=\"fadeIn\" data-lazy=\"1\">\n        <div class=\"image-wrap tf_rel tf_mw\">\n\t\t    <img src=\"https:\/\/arquiconsult.com\/wp-content\/uploads\/2025\/03\/285644-DYN-FinancePDP-1.2-2000x1125-1-533x300.jpg\" height=\"300\" class=\"wp-post-image wp-image-95638\" title=\"285644-DYN-FinancePDP-1.2-2000x1125\" alt=\"285644-DYN-FinancePDP-1.4-2000x1125\">\t\n\t\t<\/div>\n\t<!-- \/image-wrap -->\n    \n    \t<\/div>\n<!-- \/module image --><!-- module image -->\n<div  class=\"module module-image tb_conu59   image-top tf_mw wow\" data-tf-animation=\"fadeIn\" data-lazy=\"1\">\n        <div class=\"image-wrap tf_rel tf_mw\">\n\t\t    <img src=\"https:\/\/arquiconsult.com\/wp-content\/uploads\/2025\/03\/285642-DYN-SupplyChainManagementPDP-1-2-533x300.jpg\" height=\"300\" class=\"wp-post-image wp-image-95633\" title=\"285642-DYN-SupplyChainManagementPDP-1 (2)\" alt=\"285644-DYN-FinancePDP-1.4-2000x1125\">\t\n\t\t<\/div>\n\t<!-- \/image-wrap -->\n    \n    \t<\/div>\n<!-- \/module image -->\t        <\/div>\n\t    \t<\/div>\n\t\t    <\/div>\n\t    <!-- \/row_inner -->\n\t<\/div>\n\t<!-- \/module_row -->\n\t\t<!-- module_row -->\n\t<div  data-css_id=\"83hz537\" data-lazy=\"1\" class=\"module_row themify_builder_row solucoes-sector repeat fullwidth_row_container tb_83hz537 tf_clearfix\" >\n\t    \t\t<div class=\"row_inner col_align_top col-count-2 tf_box tf_w tf_rel\">\n\t\t\t<div  data-lazy=\"1\" class=\"module_column tb-column col4-2 first tb_rj2v537 tf_box\">\n\t\t\t    \t        <div class=\"tb-column-inner tf_box tf_w\">\n\t\t    <!-- module image -->\n<div  class=\"module module-image tb_5q5i537   image-top auto_fullwidth tf_mw wow\" data-tf-animation=\"fadeIn\" data-lazy=\"1\">\n        <div class=\"image-wrap tf_rel tf_mw\">\n\t\t    <img loading=\"lazy\" width=\"1132\" height=\"637\" src=\"https:\/\/arquiconsult.com\/wp-content\/uploads\/2025\/03\/285642-DYN-SupplyChainManagementPDP-1-1-2.jpg\" class=\"wp-post-image wp-image-95762\" title=\"285642-DYN-SupplyChainManagementPDP-1 (1)-2\" alt=\"285642-DYN-SupplyChainManagementPDP-1 (1)-2\" srcset=\"https:\/\/arquiconsult.com\/wp-content\/uploads\/2025\/03\/285642-DYN-SupplyChainManagementPDP-1-1-2.jpg 1132w, https:\/\/arquiconsult.com\/wp-content\/uploads\/2025\/03\/285642-DYN-SupplyChainManagementPDP-1-1-2-640x360.jpg 640w, https:\/\/arquiconsult.com\/wp-content\/uploads\/2025\/03\/285642-DYN-SupplyChainManagementPDP-1-1-2-768x432.jpg 768w, https:\/\/arquiconsult.com\/wp-content\/uploads\/2025\/03\/285642-DYN-SupplyChainManagementPDP-1-1-2-320x180.jpg 320w, https:\/\/arquiconsult.com\/wp-content\/uploads\/2025\/03\/285642-DYN-SupplyChainManagementPDP-1-1-2-480x270.jpg 480w, https:\/\/arquiconsult.com\/wp-content\/uploads\/2025\/03\/285642-DYN-SupplyChainManagementPDP-1-1-2-800x450.jpg 800w\" sizes=\"(max-width: 1132px) 100vw, 1132px\" \/>\t\n\t\t<\/div>\n\t<!-- \/image-wrap -->\n    \n    \t<\/div>\n<!-- \/module image -->\t        <\/div>\n\t    \t<\/div>\n\t\t<div  data-lazy=\"1\" class=\"module_column tb-column col4-2 last tb_ih1y537 tf_box\">\n\t\t\t    \t        <div class=\"tb-column-inner tf_box tf_w\">\n\t\t    <!-- module image -->\n<div  class=\"module module-image tb_962d537   image-top auto_fullwidth tf_mw wow\" data-tf-animation=\"fadeIn\" data-lazy=\"1\">\n        <div class=\"image-wrap tf_rel tf_mw\">\n\t\t    <img loading=\"lazy\" width=\"2000\" height=\"1125\" src=\"https:\/\/arquiconsult.com\/wp-content\/uploads\/2025\/03\/285642-DYN-SupplyChainManagementPDP-1.jpg\" class=\"wp-post-image wp-image-95765\" title=\"285642-DYN-SupplyChainManagementPDP-1\" alt=\"285642-DYN-SupplyChainManagementPDP-1\" srcset=\"https:\/\/arquiconsult.com\/wp-content\/uploads\/2025\/03\/285642-DYN-SupplyChainManagementPDP-1.jpg 2000w, https:\/\/arquiconsult.com\/wp-content\/uploads\/2025\/03\/285642-DYN-SupplyChainManagementPDP-1-640x360.jpg 640w, https:\/\/arquiconsult.com\/wp-content\/uploads\/2025\/03\/285642-DYN-SupplyChainManagementPDP-1-768x432.jpg 768w, https:\/\/arquiconsult.com\/wp-content\/uploads\/2025\/03\/285642-DYN-SupplyChainManagementPDP-1-1536x864.jpg 1536w, https:\/\/arquiconsult.com\/wp-content\/uploads\/2025\/03\/285642-DYN-SupplyChainManagementPDP-1-320x180.jpg 320w, https:\/\/arquiconsult.com\/wp-content\/uploads\/2025\/03\/285642-DYN-SupplyChainManagementPDP-1-480x270.jpg 480w, https:\/\/arquiconsult.com\/wp-content\/uploads\/2025\/03\/285642-DYN-SupplyChainManagementPDP-1-800x450.jpg 800w\" sizes=\"(max-width: 2000px) 100vw, 2000px\" \/>\t\n\t\t<\/div>\n\t<!-- \/image-wrap -->\n    \n    \t<\/div>\n<!-- \/module image -->\t        <\/div>\n\t    \t<\/div>\n\t\t    <\/div>\n\t    <!-- \/row_inner -->\n\t<\/div>\n\t<!-- \/module_row -->\n\t\t<!-- module_row -->\n\t<div  data-anchor=\"portuguese\" data-hide-anchor=\"1\" data-lazy=\"1\" class=\"module_row themify_builder_row repeat tb_has_section tb_section-portuguese tb_b3av277 tf_clearfix\" >\n\t    \t\t<div class=\"row_inner col_align_top col-count-1 tf_box tf_w tf_rel\">\n\t\t\t<div  data-lazy=\"1\" class=\"module_column tb-column col-full first tb_oks3277 tf_box\">\n\t\t\t    \t        <div class=\"tb-column-inner tf_box tf_w\">\n\t\t    <!-- module text -->\n<div  class=\"module module-text tb_s3i4277  repeat \" data-lazy=\"1\">\n        <div  class=\"tb_text_wrap\">\n    <h2 style=\"text-align: center;\"><strong>Revolucione su Cadena de Suministro con Capacidades Impulsadas por IA<\/strong><\/h2>    <\/div>\n<\/div>\n<!-- \/module text --><!-- module text -->\n<div  class=\"module module-text tb_rbi3277   \" data-lazy=\"1\">\n        <div  class=\"tb_text_wrap\">\n    <p style=\"text-align: center;\">Microsoft Dynamics 365 Supply Chain Management es la soluci\u00f3n definitiva para las empresas que buscan agilidad, resiliencia e inteligencia en la gesti\u00f3n de sus operaciones de cadena de suministro. \u00bfEst\u00e1 listo para transformar su cadena de suministro?<\/p>    <\/div>\n<\/div>\n<!-- \/module text -->\t        <\/div>\n\t    \t<\/div>\n\t\t    <\/div>\n\t    <!-- \/row_inner -->\n\t<\/div>\n\t<!-- \/module_row -->\n\t<\/div>\n<!--\/themify_builder_content-->","protected":false},"excerpt":{"rendered":"<p>Arquiconsult.com \/ Soluciones \/ ERP Finance and Operations &#8211; Dynamics 365 Supply Chain Management Dynamics 365 Supply Chain Management Microsoft Dynamics 365 Supply Chain Management: Impulsando operaciones resilientes, \u00e1giles y potenciadas por inteligencia artificial.&#8221; Solicite una demostraci\u00f3n Optimice el Rendimiento de la Cadena de Suministro con Informaci\u00f3n Inteligente Microsoft Dynamics 365 Supply Chain Management es [&hellip;]<\/p>\n","protected":false},"author":4,"featured_media":0,"parent":0,"menu_order":0,"comment_status":"closed","ping_status":"closed","template":"","meta":[],"acf":[],"_links":{"self":[{"href":"https:\/\/arquiconsult.com\/es\/wp-json\/wp\/v2\/pages\/95430"}],"collection":[{"href":"https:\/\/arquiconsult.com\/es\/wp-json\/wp\/v2\/pages"}],"about":[{"href":"https:\/\/arquiconsult.com\/es\/wp-json\/wp\/v2\/types\/page"}],"author":[{"embeddable":true,"href":"https:\/\/arquiconsult.com\/es\/wp-json\/wp\/v2\/users\/4"}],"replies":[{"embeddable":true,"href":"https:\/\/arquiconsult.com\/es\/wp-json\/wp\/v2\/comments?post=95430"}],"version-history":[{"count":1,"href":"https:\/\/arquiconsult.com\/es\/wp-json\/wp\/v2\/pages\/95430\/revisions"}],"predecessor-version":[{"id":118537,"href":"https:\/\/arquiconsult.com\/es\/wp-json\/wp\/v2\/pages\/95430\/revisions\/118537"}],"wp:attachment":[{"href":"https:\/\/arquiconsult.com\/es\/wp-json\/wp\/v2\/media?parent=95430"}],"curies":[{"name":"wp","href":"https:\/\/api.w.org\/{rel}","templated":true}]}}