{"id":95493,"date":"2025-06-25T09:48:21","date_gmt":"2025-06-25T08:48:21","guid":{"rendered":"https:\/\/arquiconsult.com\/?page_id=95493"},"modified":"2025-12-05T16:09:39","modified_gmt":"2025-12-05T16:09:39","slug":"project-operations","status":"publish","type":"page","link":"https:\/\/arquiconsult.com\/es\/project-operations\/","title":{"rendered":"Project Operations"},"content":{"rendered":"<!--themify_builder_content-->\n<div id=\"themify_builder_content-95493\" data-postid=\"95493\" class=\"themify_builder_content themify_builder_content-95493 themify_builder tf_clear\">\n    \t<!-- module_row -->\n\t<div  data-css_id=\"bx3y681\" data-lazy=\"1\" class=\"module_row themify_builder_row fullcover fullwidth_row_container tb_bx3y681 tb_first tf_clearfix\" >\n\t    <div class=\"builder_row_cover tf_abs\"><\/div>\t\t<div class=\"row_inner col_align_middle col-count-2 tf_box tf_w tf_rel\"  data-basecol=\"2\" data-col_tablet=\"column-full\" data-col_mobile=\"column-full\">\n\t\t\t<div  data-lazy=\"1\" style=\"width: 89.84%\" class=\"module_column tb-column col3-2 first tb_6vc3682 tf_box\">\n\t\t\t    \t        <div class=\"tb-column-inner tf_box tf_w\">\n\t\t    <!-- module text -->\n<div  class=\"module module-text tb_dn46682  repeat \" data-lazy=\"1\">\n        <div  class=\"tb_text_wrap\">\n    <h4><a href=\"https:\/\/arquiconsult.com\">Arquiconsult.com<\/a> \/ <a href=\"#\">Soluciones<\/a> \/\u00a0<span lang=\"EN-US\">Project Operations<\/span><\/h4>    <\/div>\n<\/div>\n<!-- \/module text --><!-- module fancy heading -->\n<!--\/* $fields_args['heading_tag']  CODIGO QUE SAIU * \/-->\n<div  class=\"module module-fancy-heading tb_7o9l682 titulo-suporte tb_hide_divider\" data-lazy=\"1\">\n        <h1  class=\"fancy-heading tf_textl\">\n    <span class=\"main-head tf_block\">\n\t\t\t\t\tProject Operations\t\t    <\/span>\n\n\t\n    <span class=\"sub-head tf_block tf_rel\">\n\t\t\t\t\t\t\t    <\/span>\n    <\/h2>\n<\/div>\n<!-- \/module fancy heading -->\n<!-- module text -->\n<div  class=\"module module-text tb_tlfr682   \" data-lazy=\"1\">\n        <div  class=\"tb_text_wrap\">\n    <p>Microsoft Dynamics 365 Project Operations \u2013 Potenciando negocios centrados en proyectos<\/p>    <\/div>\n<\/div>\n<!-- \/module text --><!-- module buttons -->\n<div  class=\"module module-buttons tb_8ma2682 buttons-horizontal transparent popmake-100568 large circle\" data-lazy=\"1\">\n    \t<div class=\"module-buttons-item tf_inline_b\">\n\t\t\t\t\t\t\t<a href=\"#\" class=\"ui builder_button tb_default_color\" >\n\t\t\t\t\t\t\t\t\t\t\t<span class=\"tf_inline_b tf_vmiddle\">Descargar hoja informativa<\/span>\n\t\t\t\t\t\t\t\t\t\t\t<\/a>\n\t\t\t    \t<\/div>\n\t<\/div>\n<!-- \/module buttons -->\n\t        <\/div>\n\t    \t<\/div>\n\t\t<div  data-lazy=\"1\" style=\"width: 6.96%\" class=\"module_column tb-column col3-1 last tb_fkne682 tf_box\">\n\t\t\t    \t<\/div>\n\t\t    <\/div>\n\t    <!-- \/row_inner -->\n\t<\/div>\n\t<!-- \/module_row -->\n\t\t<!-- module_row -->\n\t<div  data-css_id=\"08ho975\" data-lazy=\"1\" class=\"module_row themify_builder_row fullcover fullwidth tb_08ho975 tf_clearfix wow\" data-tf-animation=\"pulse\" >\n\t    \t\t<div class=\"row_inner col_align_top col-count-1 tf_box tf_w tf_rel\">\n\t\t\t<div  data-lazy=\"1\" class=\"module_column tb-column col-full first tb_9zw9975 tf_box\">\n\t\t\t    \t        <div class=\"tb-column-inner tf_box tf_w\">\n\t\t    <!-- module text -->\n<div  class=\"module module-text tb_pnr1976  repeat \" data-lazy=\"1\">\n        <div  class=\"tb_text_wrap\">\n    <h3 style=\"text-align: center;\"><strong>Optimice la entrega de proyectos, maximice la rentabilidad y potencie la colaboraci\u00f3n<\/strong><\/h3><p style=\"text-align: center;\">Microsoft Dynamics 365 Project Operations es una soluci\u00f3n integral dise\u00f1ada para empresas que planifican, gestionan y ejecutan proyectos con precisi\u00f3n. Ya sea que su organizaci\u00f3n gestione proyectos con inventario, sin inventario o basados en recursos, esta plataforma impulsada por IA permite a los equipos agilizar operaciones, optimizar recursos y alcanzar el \u00e9xito financiero.<\/p><p style=\"text-align: center;\">Con integraci\u00f3n fluida con Microsoft Project for the Web, Dynamics 365 Finance y Dynamics 365 Supply Chain Management, las organizaciones pueden unificar ventas, planificaci\u00f3n, ejecuci\u00f3n y seguimiento financiero para garantizar la rentabilidad de los proyectos. Adem\u00e1s, Microsoft Power Platform potencia la automatizaci\u00f3n y an\u00e1lisis, proporcionando insights accionables para la toma de decisiones en tiempo real.<\/p>    <\/div>\n<\/div>\n<!-- \/module text -->\t        <\/div>\n\t    \t<\/div>\n\t\t    <\/div>\n\t    <!-- \/row_inner -->\n\t<\/div>\n\t<!-- \/module_row -->\n\t\t<!-- module_row -->\n\t<div  data-css_id=\"sjx6259\" data-lazy=\"1\" class=\"module_row themify_builder_row fullcover fullwidth tb_sjx6259 tf_clearfix wow\" data-tf-animation=\"pulse\" >\n\t    \t\t<div class=\"row_inner col_align_top col-count-1 tf_box tf_w tf_rel\">\n\t\t\t<div  data-lazy=\"1\" class=\"module_column tb-column col-full first tb_c773259 tf_box\">\n\t\t\t    \t        <div class=\"tb-column-inner tf_box tf_w\">\n\t\t    <!-- module text -->\n<div  class=\"module module-text tb_yp33260  repeat \" data-lazy=\"1\">\n        <div  class=\"tb_text_wrap\">\n    <h2><strong>Capacidades Funcionales Clave de Microsoft Dynamics 365 Project Operations<\/strong><\/h2>    <\/div>\n<\/div>\n<!-- \/module text -->\t        <\/div>\n\t    \t<\/div>\n\t\t    <\/div>\n\t    <!-- \/row_inner -->\n\t<\/div>\n\t<!-- \/module_row -->\n\t\t<!-- module_row -->\n\t<div  data-css_id=\"h4cj677\" data-lazy=\"1\" class=\"module_row themify_builder_row repeat fullwidth tb_h4cj677 tf_clearfix\" >\n\t    \t\t<div class=\"row_inner col_align_top col-count-3 tf_box tf_w tf_rel\"  data-basecol=\"3\" data-col_mobile=\"column-full\">\n\t\t\t<div  data-lazy=\"1\" class=\"module_column tb-column col3-1 first tb_35fw677 repeat tf_box\">\n\t\t\t    \t        <div class=\"tb-column-inner tf_box tf_w\">\n\t\t    <!-- module text -->\n<div  class=\"module module-text tb_wf0x677  repeat \" data-lazy=\"1\">\n        <div  class=\"tb_text_wrap\">\n    <p style=\"text-align: center;\"><strong><img loading=\"lazy\" class=\"alignnone wp-image-96273\" src=\"https:\/\/arquiconsult.com\/wp-content\/uploads\/2025\/03\/compreensv.png\" alt=\"-\" width=\"90\" height=\"90\" title=\"-\"><br \/><\/strong><strong>Gesti\u00f3n Integral de Proyectos<\/strong><\/p><ul><li>Planificaci\u00f3n de proyectos integrada con Microsoft Project for the Web.<\/li><li>Optimizaci\u00f3n de programaci\u00f3n mediante IA para una asignaci\u00f3n eficiente de recursos.<\/li><li>Visualizaci\u00f3n de dependencias de tareas y cronogramas para mejorar la previsi\u00f3n.<\/li><li>Seguimiento \u00e1gil de proyectos con actualizaciones en tiempo real.<\/li><\/ul>    <\/div>\n<\/div>\n<!-- \/module text -->\t        <\/div>\n\t    \t<\/div>\n\t\t<div  data-lazy=\"1\" class=\"module_column tb-column col3-1 middle tb_2gln677 repeat tf_box\">\n\t\t\t    \t        <div class=\"tb-column-inner tf_box tf_w\">\n\t\t    <!-- module text -->\n<div  class=\"module module-text tb_aw61677  repeat \" data-lazy=\"1\">\n        <div  class=\"tb_text_wrap\">\n    <p style=\"text-align: center;\"><strong><img loading=\"lazy\" class=\"alignnone wp-image-96280\" src=\"https:\/\/arquiconsult.com\/wp-content\/uploads\/2025\/03\/stoked.png\" alt=\"-\" width=\"90\" height=\"90\" title=\"-\"><br \/><\/strong><strong>Escenarios con Inventario y Sin Inventario (Basados en Recursos)<\/strong><\/p><ul><li>Escenarios con inventario: gesti\u00f3n de proyectos basados en materiales con visibilidad integrada de la cadena de suministro y automatizaci\u00f3n de compras.<\/li><li>Escenarios sin inventario\/basados en servicios: ejecuci\u00f3n de proyectos orientada a servicios con seguimiento de tiempos, gesti\u00f3n de costos y optimizaci\u00f3n de utilizaci\u00f3n facturable.<\/li><li>Modelos flexibles de costos y precios para diferentes tipos de proyectos.<\/li><li>Seguimiento de gastos y facturaci\u00f3n fluida para garantizar la rentabilidad.<\/li><\/ul>    <\/div>\n<\/div>\n<!-- \/module text -->\t        <\/div>\n\t    \t<\/div>\n\t\t<div  data-lazy=\"1\" class=\"module_column tb-column col3-1 last tb_dtk6678 repeat tf_box\">\n\t\t\t    \t        <div class=\"tb-column-inner tf_box tf_w\">\n\t\t    <!-- module text -->\n<div  class=\"module module-text tb_guoe678  repeat \" data-lazy=\"1\">\n        <div  class=\"tb_text_wrap\">\n    <p style=\"text-align: center;\"><strong><img loading=\"lazy\" class=\"alignnone wp-image-96285\" src=\"https:\/\/arquiconsult.com\/wp-content\/uploads\/2025\/03\/resources.png\" alt=\"-\" width=\"92\" height=\"92\" title=\"-\"><br \/><\/strong><strong>Gesti\u00f3n Avanzada de Recursos y Programaci\u00f3n<\/strong><\/p><ul><li>Programaci\u00f3n inteligente de recursos potenciada por IA.<\/li><li>Seguimiento en tiempo real de disponibilidad para maximizar la utilizaci\u00f3n de recursos.<\/li><li>Asignaci\u00f3n \u00f3ptima basada en habilidades para conformar equipos eficientes.<\/li><li>Compartici\u00f3n de recursos entre organizaciones para mejorar la eficiencia.<\/li><\/ul>    <\/div>\n<\/div>\n<!-- \/module text -->\t        <\/div>\n\t    \t<\/div>\n\t\t    <\/div>\n\t    <!-- \/row_inner -->\n\t<\/div>\n\t<!-- \/module_row -->\n\t\t<!-- module_row -->\n\t<div  data-css_id=\"6agg444\" data-lazy=\"1\" class=\"module_row themify_builder_row repeat fullwidth tb_6agg444 tf_clearfix\" >\n\t    \t\t<div class=\"row_inner col_align_top col-count-3 tf_box tf_w tf_rel\"  data-basecol=\"3\" data-col_mobile=\"column-full\">\n\t\t\t<div  data-lazy=\"1\" class=\"module_column tb-column col3-1 first tb_cxye444 repeat tf_box\">\n\t\t\t    \t        <div class=\"tb-column-inner tf_box tf_w\">\n\t\t    <!-- module text -->\n<div  class=\"module module-text tb_v6c5444  repeat \" data-lazy=\"1\">\n        <div  class=\"tb_text_wrap\">\n    <p style=\"text-align: center;\"><strong><img loading=\"lazy\" class=\"alignnone wp-image-96294\" src=\"https:\/\/arquiconsult.com\/wp-content\/uploads\/2025\/03\/financial.png\" alt=\"-\" width=\"84\" height=\"84\" title=\"-\"><br \/><\/strong><strong>Gesti\u00f3n Financiera Integrada y Seguimiento de Rentabilidad<\/strong><\/p><ul><li>Visibilidad financiera integral del proyecto con integraci\u00f3n a Dynamics 365 Finance.<\/li><li>Reconocimiento automatizado de ingresos conforme a normas IFRS y GAAP.<\/li><li>Gesti\u00f3n flexible de contratos que soporta proyectos por tiempo y materiales o tarifa fija.<\/li><li>Presupuestaci\u00f3n y previsi\u00f3n precisa para mejorar la toma de decisiones.<\/li><\/ul>    <\/div>\n<\/div>\n<!-- \/module text -->\t        <\/div>\n\t    \t<\/div>\n\t\t<div  data-lazy=\"1\" class=\"module_column tb-column col3-1 middle tb_9j33445 repeat tf_box\">\n\t\t\t    \t        <div class=\"tb-column-inner tf_box tf_w\">\n\t\t    <!-- module text -->\n<div  class=\"module module-text tb_xlk4445  repeat \" data-lazy=\"1\">\n        <div  class=\"tb_text_wrap\">\n    <p style=\"text-align: center;\"><strong><img loading=\"lazy\" class=\"alignnone wp-image-96299\" src=\"https:\/\/arquiconsult.com\/wp-content\/uploads\/2025\/03\/colaboration-1.png\" alt=\"-\" width=\"83\" height=\"84\" title=\"-\"><br \/><\/strong><strong>Colaboraci\u00f3n Fluida y Capacidades de Power Platform<\/strong><\/p><ul><li>Integraci\u00f3n con Microsoft Teams y Power Automate para automatizaci\u00f3n de flujos de trabajo y mejora de la colaboraci\u00f3n.<\/li><li>Insights impulsados por IA para predecir riesgos y optimizar decisiones.<\/li><li>Paneles de Power BI para seguimiento de rendimiento en tiempo real.<\/li><li>Aprobaciones y notificaciones automatizadas para agilizar operaciones.<\/li><\/ul>    <\/div>\n<\/div>\n<!-- \/module text -->\t        <\/div>\n\t    \t<\/div>\n\t\t<div  data-lazy=\"1\" class=\"module_column tb-column col3-1 last tb_o4zf445 repeat tf_box\">\n\t\t\t    \t        <div class=\"tb-column-inner tf_box tf_w\">\n\t\t    <!-- module text -->\n<div  class=\"module module-text tb_doiv445  repeat \" data-lazy=\"1\">\n        <div  class=\"tb_text_wrap\">\n    <p style=\"text-align: center;\"><strong><img loading=\"lazy\" class=\"alignnone wp-image-96305\" src=\"https:\/\/arquiconsult.com\/wp-content\/uploads\/2025\/03\/sales.png\" alt=\"-\" width=\"78\" height=\"84\" title=\"-\"><br \/><\/strong><strong>Gesti\u00f3n Integral de Ventas y Compromiso con el Cliente<\/strong><\/p><ul><li>Gesti\u00f3n completa de oportunidades desde el lead hasta el contrato.<\/li><li>Recomendaciones de precios impulsadas por IA para cotizaciones competitivas.<\/li><li>Plantillas de contratos integradas para acelerar el cierre de acuerdos.<\/li><li>Transici\u00f3n fluida de ventas a ejecuci\u00f3n para mejorar la satisfacci\u00f3n del cliente.<\/li><\/ul>    <\/div>\n<\/div>\n<!-- \/module text -->\t        <\/div>\n\t    \t<\/div>\n\t\t    <\/div>\n\t    <!-- \/row_inner -->\n\t<\/div>\n\t<!-- \/module_row -->\n\t\t<!-- module_row -->\n\t<div  data-css_id=\"f9d2834\" data-lazy=\"1\" class=\"module_row themify_builder_row fullcover fullwidth tb_f9d2834 tf_clearfix wow\" data-tf-animation=\"pulse\" >\n\t    \t\t<div class=\"row_inner col_align_top col-count-2 tf_box tf_w tf_rel\"  data-basecol=\"2\" data-col_mobile=\"column-full\">\n\t\t\t<div  data-lazy=\"1\" style=\"width: 50.98%\" class=\"module_column tb-column col4-2 first tb_iy0a835 tf_box\">\n\t\t\t    \t        <div class=\"tb-column-inner tf_box tf_w\">\n\t\t    <!-- module text -->\n<div  class=\"module module-text tb_8x3c835  repeat \" data-lazy=\"1\">\n        <div  class=\"tb_text_wrap\">\n    <h2 style=\"text-align: left;\"><strong>\u00bfPor qu\u00e9 elegir Dynamics 365 Project Operations?<\/strong><\/h2>    <\/div>\n<\/div>\n<!-- \/module text --><!-- module text -->\n<div  class=\"module module-text tb_zuvt835   \" data-lazy=\"1\">\n        <div  class=\"tb_text_wrap\">\n    <ul><li style=\"text-align: left;\"><strong>Plataforma unificada de gesti\u00f3n de proyectos:<\/strong> Integra ventas, planificaci\u00f3n, ejecuci\u00f3n y finanzas de proyectos en una \u00fanica soluci\u00f3n.<\/li><li style=\"text-align: left;\"><strong>Toma de decisiones impulsada por IA:<\/strong> Aprovecha an\u00e1lisis predictivos para mejorar el rendimiento del proyecto y mitigar riesgos.<\/li><li style=\"text-align: left;\"><strong>Utilizaci\u00f3n optimizada de recursos:<\/strong> Garantiza que los recursos adecuados est\u00e9n asignados en el momento justo para maximizar la eficiencia.<\/li><li style=\"text-align: left;\"><strong>Seguimiento financiero integral:<\/strong> Desde la presupuestaci\u00f3n hasta la facturaci\u00f3n, obt\u00e9n visibilidad en tiempo real de la rentabilidad del proyecto.<\/li><li style=\"text-align: left;\"><strong>Integraci\u00f3n fluida con Microsoft Cloud:<\/strong> Con\u00e9ctate con Dynamics 365 Finance, Supply Chain Management, Microsoft Project y Power Platform para un enfoque inteligente y basado en datos.<\/li><\/ul>    <\/div>\n<\/div>\n<!-- \/module text -->\t        <\/div>\n\t    \t<\/div>\n\t\t<div  data-lazy=\"1\" style=\"width: 45.82%\" class=\"module_column tb-column col4-2 last tb_v700835 tf_box\">\n\t\t\t    \t        <div class=\"tb-column-inner tf_box tf_w\">\n\t\t    <!-- module image -->\n<div  class=\"module module-image tb_yifp835   image-top tf_mw wow\" data-tf-animation=\"fadeIn\" data-lazy=\"1\">\n        <div class=\"image-wrap tf_rel tf_mw\">\n\t\t    <img src=\"https:\/\/arquiconsult.com\/wp-content\/uploads\/2025\/03\/285644-DYN-FinancePDP-1.2-2000x1125-1-533x300.jpg\" height=\"300\" class=\"wp-post-image wp-image-95638\" title=\"285644-DYN-FinancePDP-1.2-2000x1125\" alt=\"285644-DYN-FinancePDP-1.4-2000x1125\">\t\n\t\t<\/div>\n\t<!-- \/image-wrap -->\n    \n    \t<\/div>\n<!-- \/module image --><!-- module image -->\n<div  class=\"module module-image tb_vnsf835   image-top tf_mw wow\" data-tf-animation=\"fadeIn\" data-lazy=\"1\">\n        <div class=\"image-wrap tf_rel tf_mw\">\n\t\t    <img src=\"https:\/\/arquiconsult.com\/wp-content\/uploads\/2025\/03\/1-1-Overview1-610x340-1-scaled-538x300.jpg\" height=\"300\" class=\"wp-post-image wp-image-95979\" title=\"1-1-Overview1-610x340\" alt=\"projects operations\">\t\n\t\t<\/div>\n\t<!-- \/image-wrap -->\n    \n    \t<\/div>\n<!-- \/module image -->\t        <\/div>\n\t    \t<\/div>\n\t\t    <\/div>\n\t    <!-- \/row_inner -->\n\t<\/div>\n\t<!-- \/module_row -->\n\t\t<!-- module_row -->\n\t<div  data-css_id=\"244w49\" data-lazy=\"1\" class=\"module_row themify_builder_row solucoes-sector repeat fullwidth_row_container tb_244w49 tf_clearfix\" >\n\t    \t\t<div class=\"row_inner col_align_top col-count-2 tf_box tf_w tf_rel\">\n\t\t\t<div  data-lazy=\"1\" class=\"module_column tb-column col4-2 first tb_9mrt50 tf_box\">\n\t\t\t    \t        <div class=\"tb-column-inner tf_box tf_w\">\n\t\t    <!-- module image -->\n<div  class=\"module module-image tb_44sn50   image-top auto_fullwidth tf_mw wow\" data-tf-animation=\"fadeIn\" data-lazy=\"1\">\n        <div class=\"image-wrap tf_rel tf_mw\">\n\t\t    <img loading=\"lazy\" width=\"2130\" height=\"1188\" src=\"https:\/\/arquiconsult.com\/wp-content\/uploads\/2025\/03\/1-2-1.jpg\" class=\"wp-post-image wp-image-95970\" title=\"1-2\" alt=\"projects operations\" srcset=\"https:\/\/arquiconsult.com\/wp-content\/uploads\/2025\/03\/1-2-1.jpg 2130w, https:\/\/arquiconsult.com\/wp-content\/uploads\/2025\/03\/1-2-1-640x357.jpg 640w, https:\/\/arquiconsult.com\/wp-content\/uploads\/2025\/03\/1-2-1-2000x1115.jpg 2000w, https:\/\/arquiconsult.com\/wp-content\/uploads\/2025\/03\/1-2-1-768x428.jpg 768w, https:\/\/arquiconsult.com\/wp-content\/uploads\/2025\/03\/1-2-1-1536x857.jpg 1536w, https:\/\/arquiconsult.com\/wp-content\/uploads\/2025\/03\/1-2-1-2048x1142.jpg 2048w, https:\/\/arquiconsult.com\/wp-content\/uploads\/2025\/03\/1-2-1-320x178.jpg 320w, https:\/\/arquiconsult.com\/wp-content\/uploads\/2025\/03\/1-2-1-480x268.jpg 480w, https:\/\/arquiconsult.com\/wp-content\/uploads\/2025\/03\/1-2-1-800x446.jpg 800w\" sizes=\"(max-width: 2130px) 100vw, 2130px\" \/>\t\n\t\t<\/div>\n\t<!-- \/image-wrap -->\n    \n    \t<\/div>\n<!-- \/module image -->\t        <\/div>\n\t    \t<\/div>\n\t\t<div  data-lazy=\"1\" class=\"module_column tb-column col4-2 last tb_7z5k50 tf_box\">\n\t\t\t    \t        <div class=\"tb-column-inner tf_box tf_w\">\n\t\t    <!-- module image -->\n<div  class=\"module module-image tb_ovl550   image-top auto_fullwidth tf_mw wow\" data-tf-animation=\"fadeIn\" data-lazy=\"1\">\n        <div class=\"image-wrap tf_rel tf_mw\">\n\t\t    <img loading=\"lazy\" width=\"1664\" height=\"928\" src=\"https:\/\/arquiconsult.com\/wp-content\/uploads\/2025\/03\/1-2-2.jpg\" class=\"wp-post-image wp-image-95967\" title=\"1 (2)-2\" alt=\"microsoft teams\" srcset=\"https:\/\/arquiconsult.com\/wp-content\/uploads\/2025\/03\/1-2-2.jpg 1664w, https:\/\/arquiconsult.com\/wp-content\/uploads\/2025\/03\/1-2-2-640x357.jpg 640w, https:\/\/arquiconsult.com\/wp-content\/uploads\/2025\/03\/1-2-2-768x428.jpg 768w, https:\/\/arquiconsult.com\/wp-content\/uploads\/2025\/03\/1-2-2-1536x857.jpg 1536w, https:\/\/arquiconsult.com\/wp-content\/uploads\/2025\/03\/1-2-2-320x178.jpg 320w, https:\/\/arquiconsult.com\/wp-content\/uploads\/2025\/03\/1-2-2-480x268.jpg 480w, https:\/\/arquiconsult.com\/wp-content\/uploads\/2025\/03\/1-2-2-800x446.jpg 800w\" sizes=\"(max-width: 1664px) 100vw, 1664px\" \/>\t\n\t\t<\/div>\n\t<!-- \/image-wrap -->\n    \n    \t<\/div>\n<!-- \/module image -->\t        <\/div>\n\t    \t<\/div>\n\t\t    <\/div>\n\t    <!-- \/row_inner -->\n\t<\/div>\n\t<!-- \/module_row -->\n\t\t<!-- module_row -->\n\t<div  data-anchor=\"portuguese\" data-hide-anchor=\"1\" data-lazy=\"1\" class=\"module_row themify_builder_row repeat tb_has_section tb_section-portuguese tb_eqv8521 tf_clearfix\" >\n\t    \t\t<div class=\"row_inner col_align_top col-count-1 tf_box tf_w tf_rel\">\n\t\t\t<div  data-lazy=\"1\" class=\"module_column tb-column col-full first tb_7uku521 tf_box\">\n\t\t\t    \t        <div class=\"tb-column-inner tf_box tf_w\">\n\t\t    <!-- module text -->\n<div  class=\"module module-text tb_y4z0521  repeat \" data-lazy=\"1\">\n        <div  class=\"tb_text_wrap\">\n    <h2 style=\"text-align: center;\"><strong>Transforme las operaciones centradas en proyectos con la inteligencia artificial de Microsoft<\/strong><\/h2>    <\/div>\n<\/div>\n<!-- \/module text --><!-- module text -->\n<div  class=\"module module-text tb_gf7g522   \" data-lazy=\"1\">\n        <div  class=\"tb_text_wrap\">\n    <p style=\"text-align: center;\">Microsoft Dynamics 365 Project Operations es la soluci\u00f3n ideal para empresas que buscan aumentar la eficiencia en la gesti\u00f3n de proyectos, maximizar la rentabilidad y ofrecer experiencias superiores a sus clientes. \u00bfListo para optimizar su estrategia de gesti\u00f3n de proyectos?<\/p>    <\/div>\n<\/div>\n<!-- \/module text -->\t        <\/div>\n\t    \t<\/div>\n\t\t    <\/div>\n\t    <!-- \/row_inner -->\n\t<\/div>\n\t<!-- \/module_row -->\n\t<\/div>\n<!--\/themify_builder_content-->","protected":false},"excerpt":{"rendered":"<p>Arquiconsult.com \/ Soluciones \/\u00a0Project Operations Project Operations Microsoft Dynamics 365 Project Operations \u2013 Potenciando negocios centrados en proyectos Descargar hoja informativa Optimice la entrega de proyectos, maximice la rentabilidad y potencie la colaboraci\u00f3n Microsoft Dynamics 365 Project Operations es una soluci\u00f3n integral dise\u00f1ada para empresas que planifican, gestionan y ejecutan proyectos con precisi\u00f3n. Ya sea [&hellip;]<\/p>\n","protected":false},"author":4,"featured_media":0,"parent":0,"menu_order":0,"comment_status":"closed","ping_status":"closed","template":"","meta":[],"acf":[],"_links":{"self":[{"href":"https:\/\/arquiconsult.com\/es\/wp-json\/wp\/v2\/pages\/95493"}],"collection":[{"href":"https:\/\/arquiconsult.com\/es\/wp-json\/wp\/v2\/pages"}],"about":[{"href":"https:\/\/arquiconsult.com\/es\/wp-json\/wp\/v2\/types\/page"}],"author":[{"embeddable":true,"href":"https:\/\/arquiconsult.com\/es\/wp-json\/wp\/v2\/users\/4"}],"replies":[{"embeddable":true,"href":"https:\/\/arquiconsult.com\/es\/wp-json\/wp\/v2\/comments?post=95493"}],"version-history":[{"count":2,"href":"https:\/\/arquiconsult.com\/es\/wp-json\/wp\/v2\/pages\/95493\/revisions"}],"predecessor-version":[{"id":118363,"href":"https:\/\/arquiconsult.com\/es\/wp-json\/wp\/v2\/pages\/95493\/revisions\/118363"}],"wp:attachment":[{"href":"https:\/\/arquiconsult.com\/es\/wp-json\/wp\/v2\/media?parent=95493"}],"curies":[{"name":"wp","href":"https:\/\/api.w.org\/{rel}","templated":true}]}}