{"id":95853,"date":"2025-05-09T17:51:37","date_gmt":"2025-05-09T16:51:37","guid":{"rendered":"https:\/\/arquiconsult.com\/?page_id=95853"},"modified":"2025-05-09T17:51:37","modified_gmt":"2025-05-09T16:51:37","slug":"obrigado-pelo-contacto-recursos-humanos","status":"publish","type":"page","link":"https:\/\/arquiconsult.com\/es\/obrigado-pelo-contacto-recursos-humanos\/","title":{"rendered":"Obrigado pelo Contacto &#8211; Recursos Humanos"},"content":{"rendered":"<!--themify_builder_content-->\n<div id=\"themify_builder_content-95853\" data-postid=\"95853\" class=\"themify_builder_content themify_builder_content-95853 themify_builder tf_clear\">\n    \t<!-- module_row -->\n\t<div  data-css_id=\"jabv503\" data-lazy=\"1\" class=\"module_row themify_builder_row repeat fullwidth tb_jabv503 tb_first tf_clearfix\" >\n\t    \t\t<div class=\"row_inner col_align_top col-count-1 tf_box tf_w tf_rel\">\n\t\t\t<div  data-lazy=\"1\" class=\"module_column tb-column col-full first tb_h3yu503 tf_box\">\n\t\t\t    \t        <div class=\"tb-column-inner tf_box tf_w\">\n\t\t    \t<div  data-lazy=\"1\" class=\"module_subrow themify_builder_sub_row tb_056f504 tf_w tf_clearfix\">\n\t    \t\t<div class=\"subrow_inner col_align_top col-count-1 tf_box tf_w\">\n\t\t\t<div  data-lazy=\"1\" class=\"sub_column module_column tf_box col-full first tb_e46e505\" > \n\t    \t    \t        <div class=\"tb-column-inner tf_box tf_w\">\n\t\t    <!-- module text -->\n<div  class=\"module module-text tb_bui1505  repeat \" data-lazy=\"1\">\n        <div  class=\"tb_text_wrap\">\n    <h1><span style=\"color: red;\">Agradecemos o contato e interesse demonstrado nas Solu\u00e7\u00f5es Arquiconsult &#8211; Recursos Humanos.<\/span><\/h1>    <\/div>\n<\/div>\n<!-- \/module text --><!-- module text -->\n<div  class=\"module module-text tb_gddv505   \" data-lazy=\"1\">\n        <div  class=\"tb_text_wrap\">\n    <p>A nossa equipa brevemente entrar\u00e1 contacto, para dar seguimento ao pedido.<\/p>    <\/div>\n<\/div>\n<!-- \/module text -->\t        <\/div>\n\t    \t<\/div>\n\t\t    <\/div>\n\t<\/div><!-- \/themify_builder_sub_row -->\n\t\t        <\/div>\n\t    \t<\/div>\n\t\t    <\/div>\n\t    <!-- \/row_inner -->\n\t<\/div>\n\t<!-- \/module_row -->\n\t<\/div>\n<!--\/themify_builder_content-->","protected":false},"excerpt":{"rendered":"<p>Agradecemos o contato e interesse demonstrado nas Solu\u00e7\u00f5es Arquiconsult &#8211; Bridge to the Cloud BC. A nossa equipa brevemente entrar\u00e1 contacto, para dar seguimento ao pedido.<\/p>\n","protected":false},"author":4,"featured_media":0,"parent":0,"menu_order":0,"comment_status":"closed","ping_status":"closed","template":"","meta":[],"acf":[],"_links":{"self":[{"href":"https:\/\/arquiconsult.com\/es\/wp-json\/wp\/v2\/pages\/95853"}],"collection":[{"href":"https:\/\/arquiconsult.com\/es\/wp-json\/wp\/v2\/pages"}],"about":[{"href":"https:\/\/arquiconsult.com\/es\/wp-json\/wp\/v2\/types\/page"}],"author":[{"embeddable":true,"href":"https:\/\/arquiconsult.com\/es\/wp-json\/wp\/v2\/users\/4"}],"replies":[{"embeddable":true,"href":"https:\/\/arquiconsult.com\/es\/wp-json\/wp\/v2\/comments?post=95853"}],"version-history":[{"count":0,"href":"https:\/\/arquiconsult.com\/es\/wp-json\/wp\/v2\/pages\/95853\/revisions"}],"wp:attachment":[{"href":"https:\/\/arquiconsult.com\/es\/wp-json\/wp\/v2\/media?parent=95853"}],"curies":[{"name":"wp","href":"https:\/\/api.w.org\/{rel}","templated":true}]}}