{"id":96847,"date":"2025-03-27T10:23:19","date_gmt":"2025-03-27T10:23:19","guid":{"rendered":"https:\/\/arquiconsult.com\/?page_id=96847"},"modified":"2025-12-02T11:24:24","modified_gmt":"2025-12-02T11:24:24","slug":"data-analytics","status":"publish","type":"page","link":"https:\/\/arquiconsult.com\/es\/data-analytics\/","title":{"rendered":"Data &#038; Analytics"},"content":{"rendered":"<!--themify_builder_content-->\n<div id=\"themify_builder_content-96847\" data-postid=\"96847\" class=\"themify_builder_content themify_builder_content-96847 themify_builder tf_clear\">\n    \t<!-- module_row -->\n\t<div  data-css_id=\"layj517\" data-lazy=\"1\" class=\"module_row themify_builder_row fullcover fullwidth_row_container tb_layj517 tb_first tf_clearfix\" >\n\t    <div class=\"builder_row_cover tf_abs\"><\/div>\t\t<div class=\"row_inner col_align_middle col-count-2 tf_box tf_w tf_rel\"  data-basecol=\"2\" data-col_tablet=\"column-full\" data-col_mobile=\"column-full\">\n\t\t\t<div  data-lazy=\"1\" style=\"width: 73.91%\" class=\"module_column tb-column col3-2 first tb_icvy517 tf_box\">\n\t\t\t    \t        <div class=\"tb-column-inner tf_box tf_w\">\n\t\t    <!-- module text -->\n<div  class=\"module module-text tb_nhvl517  repeat \" data-lazy=\"1\">\n        <div  class=\"tb_text_wrap\">\n    <h4><a href=\"https:\/\/arquiconsult.com\">Arquiconsult.com<\/a> \/ <a href=\"#\">Data Analytics<\/a> \/ Data &amp; Analytics<\/h4>    <\/div>\n<\/div>\n<!-- \/module text --><!-- module fancy heading -->\n<!--\/* $fields_args['heading_tag']  CODIGO QUE SAIU * \/-->\n<div  class=\"module module-fancy-heading tb_v5t5518 titulo-suporte tb_hide_divider\" data-lazy=\"1\">\n        <h1  class=\"fancy-heading tf_textl\">\n    <span class=\"main-head tf_block\">\n\t\t\t\t\tData & Analytics\t\t    <\/span>\n\n\t\n    <span class=\"sub-head tf_block tf_rel\">\n\t\t\t\t\t\t\t    <\/span>\n    <\/h2>\n<\/div>\n<!-- \/module fancy heading -->\n<!-- module text -->\n<div  class=\"module module-text tb_xqx9518   \" data-lazy=\"1\">\n        <div  class=\"tb_text_wrap\">\n    <p>Potencie su negocio con la anal\u00edtica.<\/p>    <\/div>\n<\/div>\n<!-- \/module text --><!-- module buttons -->\n<div  class=\"module module-buttons tb_ifmb518 buttons-horizontal transparent popmake-44197 large circle\" data-lazy=\"1\">\n    \t<div class=\"module-buttons-item tf_inline_b\">\n\t\t\t\t\t\t\t<a href=\"#crm_form\" class=\"ui builder_button tb_default_color\" >\n\t\t\t\t\t\t\t\t\t\t\t<span class=\"tf_inline_b tf_vmiddle\">\u00a1Hable con nuestro equipo!<\/span>\n\t\t\t\t\t\t\t\t\t\t\t<\/a>\n\t\t\t    \t<\/div>\n\t<\/div>\n<!-- \/module buttons -->\n\t        <\/div>\n\t    \t<\/div>\n\t\t<div  data-lazy=\"1\" style=\"width: 22.89%\" class=\"module_column tb-column col3-1 last tb_xabw518 tf_box\">\n\t\t\t    \t<\/div>\n\t\t    <\/div>\n\t    <!-- \/row_inner -->\n\t<\/div>\n\t<!-- \/module_row -->\n\t\t<!-- module_row -->\n\t<div  data-css_id=\"kstz920\" data-lazy=\"1\" class=\"module_row themify_builder_row fullcover fullwidth tb_kstz920 tf_clearfix wow\" data-tf-animation=\"pulse\" >\n\t    \t\t<div class=\"row_inner col_align_top col-count-1 tf_box tf_w tf_rel\">\n\t\t\t<div  data-lazy=\"1\" class=\"module_column tb-column col-full first tb_vmfv920 tf_box\">\n\t\t\t    \t        <div class=\"tb-column-inner tf_box tf_w\">\n\t\t    <!-- module text -->\n<div  class=\"module module-text tb_8ff5921  repeat \" data-lazy=\"1\">\n        <div  class=\"tb_text_wrap\">\n    <h2 style=\"text-align: center;\"><b><strong>Potencia tu negocio con Analytics<\/strong><\/b><\/h2>    <\/div>\n<\/div>\n<!-- \/module text --><!-- module text -->\n<div  class=\"module module-text tb_59j8921  repeat \" data-lazy=\"1\">\n        <div  class=\"tb_text_wrap\">\n    <p style=\"text-align: center;\"><strong>Data analytics<\/strong> es la base para la toma de decisiones basadas en datos. Al extraer valiosos insights de los datos, las empresas pueden mejorar procesos, impulsar la innovaci\u00f3n y alcanzar sus objetivos estrat\u00e9gicos.<\/p><p style=\"text-align: left;\">\u00a0<\/p>    <\/div>\n<\/div>\n<!-- \/module text -->\t        <\/div>\n\t    \t<\/div>\n\t\t    <\/div>\n\t    <!-- \/row_inner -->\n\t<\/div>\n\t<!-- \/module_row -->\n\t\t<!-- module_row -->\n\t<div  data-css_id=\"hct2689\" data-lazy=\"1\" class=\"module_row themify_builder_row best-fit-image fullwidth tb_hct2689 tf_clearfix\" >\n\t    \t\t<div class=\"row_inner col_align_top col-count-1 tf_box tf_w tf_rel\"  data-basecol=\"1\" data-col_mobile=\"column-full\">\n\t\t\t<div  data-lazy=\"1\" class=\"module_column tb-column col-full first tb_rp48689 repeat tf_box\">\n\t\t\t    \t        <div class=\"tb-column-inner tf_box tf_w\">\n\t\t    <!-- module text -->\n<div  class=\"module module-text tb_9gfa689  repeat \" data-lazy=\"1\">\n        <div  class=\"tb_text_wrap\">\n    <p style=\"text-align: right;\">\u00a1Da el paso hacia el Futuro <br \/>de Analytics con <strong>Arquiconsult!<\/strong><\/p>    <\/div>\n<\/div>\n<!-- \/module text --><!-- module buttons -->\n<div  class=\"module module-buttons tb_r7on690 buttons-horizontal transparent  large circle tf_textr\" data-lazy=\"1\">\n    \t<div class=\"module-buttons-item tf_inline_b\">\n\t\t\t\t\t\t\t<a href=\"#crm_form\" class=\"ui builder_button tb_default_color\" target=\"_blank\" rel=\"noopener\">\n\t\t\t\t\t\t\t\t\t\t\t<span class=\"tf_inline_b tf_vmiddle\">P\u00f3ngase en contacto<\/span>\n\t\t\t\t\t\t\t\t\t\t\t<\/a>\n\t\t\t    \t<\/div>\n\t<\/div>\n<!-- \/module buttons -->\n\t        <\/div>\n\t    \t<\/div>\n\t\t    <\/div>\n\t    <!-- \/row_inner -->\n\t<\/div>\n\t<!-- \/module_row -->\n\t\t<!-- module_row -->\n\t<div  data-css_id=\"6m6y266\" data-lazy=\"1\" class=\"module_row themify_builder_row fullcover fullwidth tb_6m6y266 tf_clearfix wow\" data-tf-animation=\"pulse\" >\n\t    \t\t<div class=\"row_inner col_align_top col-count-1 tf_box tf_w tf_rel\">\n\t\t\t<div  data-lazy=\"1\" class=\"module_column tb-column col-full first tb_jbl7266 tf_box\">\n\t\t\t    \t        <div class=\"tb-column-inner tf_box tf_w\">\n\t\t    <!-- module text -->\n<div  class=\"module module-text tb_7q62266  repeat \" data-lazy=\"1\">\n        <div  class=\"tb_text_wrap\">\n    <h2><strong>Eleva tu Impacto con Analytics<\/strong><\/h2>    <\/div>\n<\/div>\n<!-- \/module text -->\t        <\/div>\n\t    \t<\/div>\n\t\t    <\/div>\n\t    <!-- \/row_inner -->\n\t<\/div>\n\t<!-- \/module_row -->\n\t\t<!-- module_row -->\n\t<div  data-css_id=\"8lob793\" data-lazy=\"1\" class=\"module_row themify_builder_row repeat fullwidth_row_container tb_8lob793 tf_clearfix\" >\n\t    \t\t<div class=\"row_inner col_align_top gutter-narrow col-count-3 tf_box tf_w tf_rel\"  data-basecol=\"3\" data-col_mobile=\"column-full\">\n\t\t\t<div  data-lazy=\"1\" class=\"module_column tb-column col3-1 first tb_612k793 repeat tf_box\">\n\t\t\t    \t        <div class=\"tb-column-inner tf_box tf_w\">\n\t\t    <!-- module image -->\n<div  class=\"module module-image tb_8bmz793   image-center tf_mw wow\" data-tf-animation=\"slideInLeft\" data-tf-animation_delay=\".5\" data-lazy=\"1\">\n        <div class=\"image-wrap tf_rel tf_mw\">\n\t\t    \t\n\t\t<\/div>\n\t<!-- \/image-wrap -->\n    \n    \t<div class=\"image-content\">\n\t    \t\t\t<h3 class=\"image-title\">\n\t\t\t\t\t\t\t\t\tCrea Decisiones Insightful\t\t\t\t\t\t\t<\/h3>\n\t    \n\t    \t\t<div class=\"image-caption tb_text_wrap\">\n\t\t    El an\u00e1lisis de datos permite a las empresas tomar decisiones bien fundamentadas mediante insights derivados de los datos, lo que resulta en mayores ganancias, eficiencia y rendimiento.\t    <\/div>\n\t    <!-- \/image-caption -->\n\t    \t<\/div>\n\t<!-- \/image-content -->\n    \t<\/div>\n<!-- \/module image -->\t        <\/div>\n\t    \t<\/div>\n\t\t<div  data-lazy=\"1\" class=\"module_column tb-column col3-1 middle tb_5mzx794 tf_box\">\n\t\t\t    \t        <div class=\"tb-column-inner tf_box tf_w\">\n\t\t    <!-- module image -->\n<div  class=\"module module-image tb_kr0i794   image-center tf_mw wow\" data-tf-animation=\"slideInLeft\" data-lazy=\"1\">\n        <div class=\"image-wrap tf_rel tf_mw\">\n\t\t    \t\n\t\t<\/div>\n\t<!-- \/image-wrap -->\n    \n    \t<div class=\"image-content\">\n\t    \t\t\t<h3 class=\"image-title\">\n\t\t\t\t\t\t\t\t\tObt\u00e9n Insights en Tiempo Real\t\t\t\t\t\t\t<\/h3>\n\t    \n\t    \t\t<div class=\"image-caption tb_text_wrap\">\n\t\t    Al aprovechar los an\u00e1lisis, las organizaciones pueden seguir m\u00e9tricas de rendimiento esenciales al instante, permitiendo modificaciones proactivas y mejoras para aumentar la eficiencia y mantener una ventaja competitiva.\t    <\/div>\n\t    <!-- \/image-caption -->\n\t    \t<\/div>\n\t<!-- \/image-content -->\n    \t<\/div>\n<!-- \/module image -->\t        <\/div>\n\t    \t<\/div>\n\t\t<div  data-lazy=\"1\" class=\"module_column tb-column col3-1 last tb_5529794 tf_box\">\n\t\t\t    \t        <div class=\"tb-column-inner tf_box tf_w\">\n\t\t    <!-- module image -->\n<div  class=\"module module-image tb_b7t1794   image-center tf_mw wow\" data-tf-animation=\"slideInRight\" data-lazy=\"1\">\n        <div class=\"image-wrap tf_rel tf_mw\">\n\t\t    \t\n\t\t<\/div>\n\t<!-- \/image-wrap -->\n    \n    \t<div class=\"image-content\">\n\t    \t\t\t<h3 class=\"image-title\">\n\t\t\t\t\t\t\t\t\tMantente Adelante de las Tendencias Futuras\t\t\t\t\t\t\t<\/h3>\n\t    \n\t    \t\t<div class=\"image-caption tb_text_wrap\">\n\t\t    Al aprovechar los an\u00e1lisis, las organizaciones pueden prever desarrollos y fluctuaciones del mercado, facilitando decisiones estrat\u00e9gicas y preparaciones para mantener una ventaja sobre la competencia.\t    <\/div>\n\t    <!-- \/image-caption -->\n\t    \t<\/div>\n\t<!-- \/image-content -->\n    \t<\/div>\n<!-- \/module image -->\t        <\/div>\n\t    \t<\/div>\n\t\t    <\/div>\n\t    <!-- \/row_inner -->\n\t<\/div>\n\t<!-- \/module_row -->\n\t\t<!-- module_row -->\n\t<div  data-css_id=\"o54e630\" data-lazy=\"1\" class=\"module_row themify_builder_row fullcover fullwidth tb_o54e630 tf_clearfix hide-mobile wow\" data-tf-animation=\"pulse\" >\n\t    \t\t<div class=\"row_inner col_align_top col-count-1 tf_box tf_w tf_rel\">\n\t\t\t<div  data-lazy=\"1\" class=\"module_column tb-column col-full first tb_iasy630 tf_box\">\n\t\t\t    \t<\/div>\n\t\t    <\/div>\n\t    <!-- \/row_inner -->\n\t<\/div>\n\t<!-- \/module_row -->\n\t\t<!-- module_row -->\n\t<div  data-css_id=\"y8je767\" data-lazy=\"1\" class=\"module_row themify_builder_row fullcover fullwidth tb_y8je767 tf_clearfix wow\" data-tf-animation=\"pulse\" >\n\t    \t\t<div class=\"row_inner col_align_top col-count-1 tf_box tf_w tf_rel\">\n\t\t\t<div  data-lazy=\"1\" class=\"module_column tb-column col-full first tb_x2f6767 tf_box\">\n\t\t\t    \t        <div class=\"tb-column-inner tf_box tf_w\">\n\t\t    <!-- module text -->\n<div  class=\"module module-text tb_a6uv767  repeat \" data-lazy=\"1\">\n        <div  class=\"tb_text_wrap\">\n    <h2><strong>Nuestros Servicios de Data &amp; Analytics<\/strong><\/h2>    <\/div>\n<\/div>\n<!-- \/module text -->\t        <\/div>\n\t    \t<\/div>\n\t\t    <\/div>\n\t    <!-- \/row_inner -->\n\t<\/div>\n\t<!-- \/module_row -->\n\t\t<!-- module_row -->\n\t<div  data-css_id=\"55ar449\" data-lazy=\"1\" class=\"module_row themify_builder_row fullwidth tb_55ar449 tf_clearfix\" >\n\t    \t\t<div class=\"row_inner col_align_top col-count-4 tf_box tf_w tf_rel\"  data-basecol=\"4\" data-col_tablet=\"column-full\" data-col_tablet_landscape=\"column6-1\" data-col_mobile=\"column-full\">\n\t\t\t<div  data-lazy=\"1\" class=\"module_column tb-column col4-1 first tb_3p3e449 repeat tf_box\">\n\t\t\t    \t        <div class=\"tb-column-inner tf_box tf_w\">\n\t\t    <!-- module text -->\n<div  class=\"module module-text tb_oxr0449  repeat \" data-lazy=\"1\">\n        <div  class=\"tb_text_wrap\">\n    <p style=\"text-align: center;\"><b><img loading=\"lazy\" class=\"alignnone wp-image-95684\" src=\"https:\/\/arquiconsult.com\/wp-content\/uploads\/2025\/03\/automation.png\" alt=\"-\" width=\"92\" height=\"92\" srcset=\"https:\/\/arquiconsult.com\/wp-content\/uploads\/2025\/03\/automation.png 150w, https:\/\/arquiconsult.com\/wp-content\/uploads\/2025\/03\/automation-100x100.png 100w\" sizes=\"(max-width: 92px) 100vw, 92px\" title=\"-\"><br \/><strong>Data Insights<\/strong><\/b><\/p><p style=\"text-align: center;\">Transformamos datos en bruto en valiosos insights utilizando an\u00e1lisis avanzados y herramientas visuales f\u00e1ciles de usar. Nuestros dashboards personalizables ofrecen vistas en tiempo real de m\u00e9tricas clave, ayudando a las empresas a tomar decisiones confiadas y basadas en datos. A trav\u00e9s de nuestro an\u00e1lisis competitivo, proporcionamos informaci\u00f3n clave sobre la din\u00e1mica del mercado, el comportamiento del cliente y las estrategias de los competidores, ayudando a las empresas a mantenerse a la vanguardia en el mercado.<\/p>    <\/div>\n<\/div>\n<!-- \/module text -->\t        <\/div>\n\t    \t<\/div>\n\t\t<div  data-lazy=\"1\" class=\"module_column tb-column col4-1 second tb_zl42449 repeat tf_box\">\n\t\t\t    \t        <div class=\"tb-column-inner tf_box tf_w\">\n\t\t    <!-- module text -->\n<div  class=\"module module-text tb_a6ep449  repeat \" data-lazy=\"1\">\n        <div  class=\"tb_text_wrap\">\n    <p style=\"text-align: center;\"><b><img loading=\"lazy\" class=\"alignnone wp-image-95788\" src=\"https:\/\/arquiconsult.com\/wp-content\/uploads\/2025\/03\/iventory.png\" alt=\"-\" width=\"100\" height=\"100\" srcset=\"https:\/\/arquiconsult.com\/wp-content\/uploads\/2025\/03\/iventory.png 150w, https:\/\/arquiconsult.com\/wp-content\/uploads\/2025\/03\/iventory-100x100.png 100w\" sizes=\"(max-width: 100px) 100vw, 100px\" title=\"-\"><br \/><strong>An\u00e1lisis Competitivo<\/strong><\/b><\/p><p style=\"text-align: center;\">A trav\u00e9s de nuestro an\u00e1lisis competitivo, proporcionamos informaci\u00f3n clave sobre la din\u00e1mica del mercado, el comportamiento del cliente y las estrategias de los competidores, ayudando a las empresas a mantenerse a la vanguardia en el mercado.<\/p>    <\/div>\n<\/div>\n<!-- \/module text -->\t        <\/div>\n\t    \t<\/div>\n\t\t<div  data-lazy=\"1\" class=\"module_column tb-column col4-1 third tb_5qk0449 repeat tf_box\">\n\t\t\t    \t        <div class=\"tb-column-inner tf_box tf_w\">\n\t\t    <!-- module text -->\n<div  class=\"module module-text tb_u9pl450  repeat \" data-lazy=\"1\">\n        <div  class=\"tb_text_wrap\">\n    <p style=\"text-align: center;\"><b><img loading=\"lazy\" class=\"alignnone wp-image-95793\" src=\"https:\/\/arquiconsult.com\/wp-content\/uploads\/2025\/03\/colaboration.png\" alt=\"-\" width=\"95\" height=\"95\" srcset=\"https:\/\/arquiconsult.com\/wp-content\/uploads\/2025\/03\/colaboration.png 150w, https:\/\/arquiconsult.com\/wp-content\/uploads\/2025\/03\/colaboration-100x100.png 100w\" sizes=\"(max-width: 95px) 100vw, 95px\" title=\"-\"><br \/><strong>Identificaci\u00f3n y Captaci\u00f3n de Segmentos Clave de Clientes<\/strong><br \/><\/b><\/p><p style=\"text-align: center;\">Mediante el an\u00e1lisis del comportamiento del cliente, demograf\u00eda y caracter\u00edsticas adicionales, ayudamos a las empresas a afinar sus estrategias de marketing y personalizar el recorrido del cliente.<\/p>    <\/div>\n<\/div>\n<!-- \/module text -->\t        <\/div>\n\t    \t<\/div>\n\t\t<div  data-lazy=\"1\" class=\"module_column tb-column col4-1 last tb_8qdd450 repeat tf_box\">\n\t\t\t    \t        <div class=\"tb-column-inner tf_box tf_w\">\n\t\t    <!-- module text -->\n<div  class=\"module module-text tb_ls1c450  repeat \" data-lazy=\"1\">\n        <div  class=\"tb_text_wrap\">\n    <p style=\"text-align: center;\"><b><img loading=\"lazy\" class=\"alignnone wp-image-95802\" src=\"https:\/\/arquiconsult.com\/wp-content\/uploads\/2025\/03\/logistic.png\" alt=\"-\" width=\"90\" height=\"90\" srcset=\"https:\/\/arquiconsult.com\/wp-content\/uploads\/2025\/03\/logistic.png 150w, https:\/\/arquiconsult.com\/wp-content\/uploads\/2025\/03\/logistic-100x100.png 100w\" sizes=\"(max-width: 90px) 100vw, 90px\" title=\"-\"><br \/><strong>Servicios Personalizados de An\u00e1lisis de Datos<\/strong><br \/><\/b><\/p><p style=\"text-align: center;\">Ofrecemos soluciones de an\u00e1lisis adaptadas a las necesidades y objetivos \u00fanicos de cada cliente, garantizando resultados \u00f3ptimos y un retorno de inversi\u00f3n elevado.<\/p>    <\/div>\n<\/div>\n<!-- \/module text -->\t        <\/div>\n\t    \t<\/div>\n\t\t    <\/div>\n\t    <!-- \/row_inner -->\n\t<\/div>\n\t<!-- \/module_row -->\n\t\t<!-- module_row -->\n\t<div  data-css_id=\"r4qf188\" data-lazy=\"1\" class=\"module_row themify_builder_row best-fit-image fullwidth tb_r4qf188 tf_clearfix\" >\n\t    \t\t<div class=\"row_inner col_align_top col-count-1 tf_box tf_w tf_rel\"  data-basecol=\"1\" data-col_mobile=\"column-full\">\n\t\t\t<div  data-lazy=\"1\" class=\"module_column tb-column col-full first tb_94ki188 repeat tf_box\">\n\t\t\t    \t        <div class=\"tb-column-inner tf_box tf_w\">\n\t\t    <!-- module text -->\n<div  class=\"module module-text tb_nwcb188  repeat \" data-lazy=\"1\">\n        <div  class=\"tb_text_wrap\">\n    <p style=\"text-align: left;\">\u00a1Descubre lo que <br \/>nuestros clientes <br \/>dicen <strong>sobre nosotros!<\/strong><\/p>    <\/div>\n<\/div>\n<!-- \/module text --><!-- module buttons -->\n<div  class=\"module module-buttons tb_fo47188 buttons-horizontal transparent  large circle tf_textl\" data-lazy=\"1\">\n    \t<div class=\"module-buttons-item tf_inline_b\">\n\t\t\t\t\t\t\t<a href=\"https:\/\/arquiconsult.com\/es\/casos-de-exito\/#businessintelligence\" class=\"ui builder_button tb_default_color\" target=\"_blank\" rel=\"noopener\">\n\t\t\t\t\t\t\t\t\t\t\t<span class=\"tf_inline_b tf_vmiddle\">Casos de \u00c9xito<\/span>\n\t\t\t\t\t\t\t\t\t\t\t<\/a>\n\t\t\t    \t<\/div>\n\t<\/div>\n<!-- \/module buttons -->\n\t        <\/div>\n\t    \t<\/div>\n\t\t    <\/div>\n\t    <!-- \/row_inner -->\n\t<\/div>\n\t<!-- \/module_row -->\n\t\t<!-- module_row -->\n\t<div  data-anchor=\"crm_form\" data-lazy=\"1\" class=\"module_row themify_builder_row tb_has_section tb_section-crm_form tb_utlw333 tf_clearfix\" >\n\t    \t\t<div class=\"row_inner col_align_top col-count-1 tf_box tf_w tf_rel\">\n\t\t\t<div  data-lazy=\"1\" class=\"module_column tb-column col-full first tb_06o9333 tf_box\">\n\t\t\t    \t        <div class=\"tb-column-inner tf_box tf_w\">\n\t\t    <!-- module plain text -->\n<div  class=\"module module-plain-text tb_u115333 \" data-lazy=\"1\">\n        <div class=\"tb_text_wrap\">\n\t<div\n        data-form-id='de81affd-d7a9-f011-bbd2-000d3a26b221'\n        data-form-api-url='https:\/\/public-eur.mkt.dynamics.com\/api\/v1.0\/orgs\/89d90a5a-468d-436c-8bd1-5cc7cfa5e05b\/landingpageforms'\n        data-cached-form-url='https:\/\/assets-eur.mkt.dynamics.com\/89d90a5a-468d-436c-8bd1-5cc7cfa5e05b\/digitalassets\/forms\/de81affd-d7a9-f011-bbd2-000d3a26b221' ><\/div>\n        <script src = 'https:\/\/cxppusa1formui01cdnsa01-endpoint.azureedge.net\/eur\/FormLoader\/FormLoader.bundle.js' ><\/script>    <\/div>\n<\/div>\n<!-- \/module plain text -->\t        <\/div>\n\t    \t<\/div>\n\t\t    <\/div>\n\t    <!-- \/row_inner -->\n\t<\/div>\n\t<!-- \/module_row -->\n\t<\/div>\n<!--\/themify_builder_content-->","protected":false},"excerpt":{"rendered":"<p>Arquiconsult.com \/ Data Analytics \/ Data &amp; Analytics Data &#038; Analytics Potencie su negocio con la anal\u00edtica. \u00a1Hable con nuestro equipo! Potencia tu negocio con Analytics Data analytics es la base para la toma de decisiones basadas en datos. Al extraer valiosos insights de los datos, las empresas pueden mejorar procesos, impulsar la innovaci\u00f3n y [&hellip;]<\/p>\n","protected":false},"author":4,"featured_media":0,"parent":0,"menu_order":0,"comment_status":"closed","ping_status":"closed","template":"","meta":[],"acf":[],"_links":{"self":[{"href":"https:\/\/arquiconsult.com\/es\/wp-json\/wp\/v2\/pages\/96847"}],"collection":[{"href":"https:\/\/arquiconsult.com\/es\/wp-json\/wp\/v2\/pages"}],"about":[{"href":"https:\/\/arquiconsult.com\/es\/wp-json\/wp\/v2\/types\/page"}],"author":[{"embeddable":true,"href":"https:\/\/arquiconsult.com\/es\/wp-json\/wp\/v2\/users\/4"}],"replies":[{"embeddable":true,"href":"https:\/\/arquiconsult.com\/es\/wp-json\/wp\/v2\/comments?post=96847"}],"version-history":[{"count":2,"href":"https:\/\/arquiconsult.com\/es\/wp-json\/wp\/v2\/pages\/96847\/revisions"}],"predecessor-version":[{"id":118180,"href":"https:\/\/arquiconsult.com\/es\/wp-json\/wp\/v2\/pages\/96847\/revisions\/118180"}],"wp:attachment":[{"href":"https:\/\/arquiconsult.com\/es\/wp-json\/wp\/v2\/media?parent=96847"}],"curies":[{"name":"wp","href":"https:\/\/api.w.org\/{rel}","templated":true}]}}