{"id":10180,"date":"2021-05-20T18:49:44","date_gmt":"2021-05-20T16:49:44","guid":{"rendered":"https:\/\/arquiconsult.com\/supply-chain-management-2\/"},"modified":"2025-12-05T12:09:07","modified_gmt":"2025-12-05T12:09:07","slug":"main-tool","status":"publish","type":"page","link":"https:\/\/arquiconsult.com\/pt-br\/main-tool\/","title":{"rendered":"Main-Tool"},"content":{"rendered":"<!--themify_builder_content-->\n<div id=\"themify_builder_content-10180\" data-postid=\"10180\" class=\"themify_builder_content themify_builder_content-10180 themify_builder tf_clear\">\n    \t<!-- module_row -->\n\t<div  data-css_id=\"x7k4382\" data-lazy=\"1\" class=\"module_row themify_builder_row fullcover fullwidth_row_container tb_x7k4382 tb_first tf_clearfix\" >\n\t    <div class=\"builder_row_cover tf_abs\"><\/div>\t\t<div class=\"row_inner col_align_middle col-count-2 tf_box tf_w tf_rel\"  data-basecol=\"2\" data-col_tablet=\"column-full\" data-col_mobile=\"column-full\">\n\t\t\t<div  data-lazy=\"1\" style=\"width: 50.2%\" class=\"module_column tb-column col3-2 first tb_d6zl382 tf_box\">\n\t\t\t    \t        <div class=\"tb-column-inner tf_box tf_w\">\n\t\t    <!-- module text -->\n<div  class=\"module module-text tb_gbgf382  repeat \" data-lazy=\"1\">\n        <div  class=\"tb_text_wrap\">\n    <h4 style=\"text-align: left;\"><a href=\"https:\/\/arquiconsult.com\">Arquiconsult.com<\/a> \/\u00a0<a href=\"https:\/\/arquiconsult.com\/qmobile\/#\">Sectores<\/a> \/ Manuten\u00e7\u00e3o &#8211;<strong>\u00a0<\/strong><strong>Main-Tool<\/strong><\/h4>    <\/div>\n<\/div>\n<!-- \/module text --><!-- module fancy heading -->\n<!--\/* $fields_args['heading_tag']  CODIGO QUE SAIU * \/-->\n<div  class=\"module module-fancy-heading tb_ls0f382 titulo-suporte tb_hide_divider\" data-lazy=\"1\">\n        <h1  class=\"fancy-heading tf_textl\">\n    <span class=\"main-head tf_block\">\n\t\t\t\t\tMAIN-TOOL\t\t    <\/span>\n\n\t\n    <span class=\"sub-head tf_block tf_rel\">\n\t\t\t\t\t\t\t    <\/span>\n    <\/h2>\n<\/div>\n<!-- \/module fancy heading -->\n<!-- module text -->\n<div  class=\"module module-text tb_lmie382   \" data-lazy=\"1\">\n        <div  class=\"tb_text_wrap\">\n    <p style=\"text-align: left;\">Gest\u00e3o da manuten\u00e7\u00e3o de equipas industriais.<\/p>    <\/div>\n<\/div>\n<!-- \/module text --><!-- module buttons -->\n<div  class=\"module module-buttons tb_78h9383 buttons-horizontal transparent  large circle\" data-lazy=\"1\">\n    \t<div class=\"module-buttons-item tf_inline_b\">\n\t\t\t\t\t\t\t<a href=\"#crm_form\" class=\"ui builder_button tb_default_color\" >\n\t\t\t\t\t\t\t\t\t\t\t<span class=\"tf_inline_b tf_vmiddle\">Fale com a nossa equipa!<\/span>\n\t\t\t\t\t\t\t\t\t\t\t<\/a>\n\t\t\t    \t<\/div>\n\t<\/div>\n<!-- \/module buttons -->\n\t        <\/div>\n\t    \t<\/div>\n\t\t<div  data-lazy=\"1\" style=\"width: 46.6%\" class=\"module_column tb-column col3-1 last tb_ibfs383 tf_box\">\n\t\t\t    \t<\/div>\n\t\t    <\/div>\n\t    <!-- \/row_inner -->\n\t<\/div>\n\t<!-- \/module_row -->\n\t\t<!-- module_row -->\n\t<div  data-css_id=\"2zw3536\" data-lazy=\"1\" class=\"module_row themify_builder_row fullcover fullwidth tb_2zw3536 tf_clearfix wow\" data-tf-animation=\"pulse\" >\n\t    \t\t<div class=\"row_inner col_align_top col-count-1 tf_box tf_w tf_rel\">\n\t\t\t<div  data-lazy=\"1\" class=\"module_column tb-column col-full first tb_t0ao537 tf_box\">\n\t\t\t    \t        <div class=\"tb-column-inner tf_box tf_w\">\n\t\t    <!-- module text -->\n<div  class=\"module module-text tb_oxn3537  repeat \" data-lazy=\"1\">\n        <div  class=\"tb_text_wrap\">\n    <h2>O QUE \u00c9 O MAIN-TOOL?<\/h2>    <\/div>\n<\/div>\n<!-- \/module text --><!-- module text -->\n<div  class=\"module module-text tb_8u3x537  repeat \" data-lazy=\"1\">\n        <div  class=\"tb_text_wrap\">\n    <p style=\"text-align: center;\">A solu\u00e7\u00e3o de Gest\u00e3o T\u00e9cnica de Manuten\u00e7\u00e3o, funciona como uma solu\u00e7\u00e3o horizontal assente no <a href=\"https:\/\/arquiconsult.com\/erp-business-central\/\">Microsoft Dynamics 365 Business Central<\/a>. Embora maioritariamente usada em unidades industriais, a solu\u00e7\u00e3o de Gest\u00e3o da Manuten\u00e7\u00e3o, n\u00e3o \u00e9 um sistema direcionado para nenhum sector de atividade em particular. Esta solu\u00e7\u00e3o gere os sistemas t\u00e9cnicos, das organiza\u00e7\u00f5es, ao longo da sua vida \u00fatil e descreve os processos de manuten\u00e7\u00e3o, inspe\u00e7\u00e3o e repara\u00e7\u00e3o.<\/p><p style=\"text-align: center;\">O Main-Tool permite tele-diagn\u00f3sticos e disponibiliza a funcionalidade de gest\u00e3o de \u201cShutdown\u201c para repara\u00e7\u00f5es de larga escala em unidades industriais. O sistema de gest\u00e3o integrada assegura a Gest\u00e3o da Qualidade, de acordo com as normas <a href=\"https:\/\/arquiconsult.com\/iso-9001\/\">ISO 9001<\/a>.<\/p>    <\/div>\n<\/div>\n<!-- \/module text -->\t        <\/div>\n\t    \t<\/div>\n\t\t    <\/div>\n\t    <!-- \/row_inner -->\n\t<\/div>\n\t<!-- \/module_row -->\n\t\t<!-- module_row -->\n\t<div  data-css_id=\"m94g979\" data-lazy=\"1\" class=\"module_row themify_builder_row fullcover fullwidth tb_m94g979 tf_clearfix wow\" data-tf-animation=\"pulse\" >\n\t    \t\t<div class=\"row_inner col_align_top col-count-1 tf_box tf_w tf_rel\">\n\t\t\t<div  data-lazy=\"1\" class=\"module_column tb-column col-full first tb_07y4979 tf_box\">\n\t\t\t    \t        <div class=\"tb-column-inner tf_box tf_w\">\n\t\t    <!-- module text -->\n<div  class=\"module module-text tb_07jt979  repeat \" data-lazy=\"1\">\n        <div  class=\"tb_text_wrap\">\n    <h2>PROCESSOS AGILIZADOS<\/h2>    <\/div>\n<\/div>\n<!-- \/module text -->\t        <\/div>\n\t    \t<\/div>\n\t\t    <\/div>\n\t    <!-- \/row_inner -->\n\t<\/div>\n\t<!-- \/module_row -->\n\t\t<!-- module_row -->\n\t<div  data-css_id=\"98ji340\" data-lazy=\"1\" class=\"module_row themify_builder_row fullwidth_row_container tb_98ji340 tf_clearfix\" >\n\t    \t\t<div class=\"row_inner col_align_top col-count-1 tf_box tf_w tf_rel\">\n\t\t\t<div  data-lazy=\"1\" class=\"module_column tb-column col-full first tb_0331340 tf_box\">\n\t\t\t    \t        <div class=\"tb-column-inner tf_box tf_w\">\n\t\t    <!-- module image -->\n<div  class=\"module module-image tb_zo2b340   image-top auto_fullwidth tf_mw\" data-lazy=\"1\">\n        <div class=\"image-wrap tf_rel tf_mw\">\n\t\t    <img loading=\"lazy\" width=\"7033\" height=\"4716\" src=\"https:\/\/arquiconsult.com\/wp-content\/uploads\/2024\/07\/esquema-main-tool-3.png\" class=\"wp-post-image wp-image-74355\" title=\"esquema-main-tool\" alt=\"esquema-main-tool\" srcset=\"https:\/\/arquiconsult.com\/wp-content\/uploads\/2024\/07\/esquema-main-tool-3.png 7033w, https:\/\/arquiconsult.com\/wp-content\/uploads\/2024\/07\/esquema-main-tool-3-640x429.png 640w, https:\/\/arquiconsult.com\/wp-content\/uploads\/2024\/07\/esquema-main-tool-3-2000x1341.png 2000w, https:\/\/arquiconsult.com\/wp-content\/uploads\/2024\/07\/esquema-main-tool-3-768x515.png 768w, https:\/\/arquiconsult.com\/wp-content\/uploads\/2024\/07\/esquema-main-tool-3-1536x1030.png 1536w, https:\/\/arquiconsult.com\/wp-content\/uploads\/2024\/07\/esquema-main-tool-3-2048x1373.png 2048w, https:\/\/arquiconsult.com\/wp-content\/uploads\/2024\/07\/esquema-main-tool-3-320x215.png 320w, https:\/\/arquiconsult.com\/wp-content\/uploads\/2024\/07\/esquema-main-tool-3-480x322.png 480w, https:\/\/arquiconsult.com\/wp-content\/uploads\/2024\/07\/esquema-main-tool-3-800x536.png 800w\" sizes=\"(max-width: 7033px) 100vw, 7033px\" \/>\t\n\t\t<\/div>\n\t<!-- \/image-wrap -->\n    \n    \t<\/div>\n<!-- \/module image -->\t        <\/div>\n\t    \t<\/div>\n\t\t    <\/div>\n\t    <!-- \/row_inner -->\n\t<\/div>\n\t<!-- \/module_row -->\n\t\t<!-- module_row -->\n\t<div  data-css_id=\"lv51445\" data-lazy=\"1\" class=\"module_row themify_builder_row fullcover fullwidth tb_lv51445 tf_clearfix wow\" data-tf-animation=\"pulse\" >\n\t    \t\t<div class=\"row_inner col_align_top col-count-1 tf_box tf_w tf_rel\">\n\t\t\t<div  data-lazy=\"1\" class=\"module_column tb-column col-full first tb_k4zz446 tf_box\">\n\t\t\t    \t        <div class=\"tb-column-inner tf_box tf_w\">\n\t\t    <!-- module text -->\n<div  class=\"module module-text tb_mnm1446  repeat \" data-lazy=\"1\">\n        <div  class=\"tb_text_wrap\">\n    <h2>PRINCIPAIS FUNCIONALIDADES<\/h2>    <\/div>\n<\/div>\n<!-- \/module text --><!-- module text -->\n<div  class=\"module module-text tb_7ghn446   \" data-lazy=\"1\">\n        <div  class=\"tb_text_wrap\">\n    <p>Com a implementa\u00e7\u00e3o da solu\u00e7\u00e3o de Gest\u00e3o T\u00e9cnica de Manuten\u00e7\u00e3o, as organiza\u00e7\u00f5es beneficiam de vantagens como:<\/p>\n    <\/div>\n<\/div>\n<!-- \/module text -->\t        <\/div>\n\t    \t<\/div>\n\t\t    <\/div>\n\t    <!-- \/row_inner -->\n\t<\/div>\n\t<!-- \/module_row -->\n\t\t<!-- module_row -->\n\t<div  data-css_id=\"acwu523\" data-lazy=\"1\" class=\"module_row themify_builder_row repeat fullwidth_row_container tb_acwu523 tf_clearfix\" >\n\t    \t\t<div class=\"row_inner col_align_top gutter-narrow col-count-5 tf_box tf_w tf_rel\"  data-basecol=\"5\" data-col_mobile=\"column-full\">\n\t\t\t<div  data-lazy=\"1\" class=\"module_column tb-column col5-1 first tb_kmsj523 repeat tf_box\">\n\t\t\t    \t        <div class=\"tb-column-inner tf_box tf_w\">\n\t\t    <!-- module image -->\n<div  class=\"module module-image tb_unf5524   image-center tf_mw wow\" data-tf-animation=\"slideInLeft\" data-tf-animation_delay=\".5\" data-lazy=\"1\">\n        <div class=\"image-wrap tf_rel tf_mw\">\n\t\t    \t\n\t\t<\/div>\n\t<!-- \/image-wrap -->\n    \n    \t<div class=\"image-content\">\n\t    \n\t    \t\t<div class=\"image-caption tb_text_wrap\">\n\t\t    R\u00e1pida implementa\u00e7\u00e3o <br>do projeto\t    <\/div>\n\t    <!-- \/image-caption -->\n\t    \t<\/div>\n\t<!-- \/image-content -->\n    \t<\/div>\n<!-- \/module image -->\t        <\/div>\n\t    \t<\/div>\n\t\t<div  data-lazy=\"1\" class=\"module_column tb-column col5-1 second tb_8sxg524 tf_box\">\n\t\t\t    \t        <div class=\"tb-column-inner tf_box tf_w\">\n\t\t    <!-- module image -->\n<div  class=\"module module-image tb_0tp2524   image-center tf_mw wow\" data-tf-animation=\"slideInLeft\" data-lazy=\"1\">\n        <div class=\"image-wrap tf_rel tf_mw\">\n\t\t    \t\n\t\t<\/div>\n\t<!-- \/image-wrap -->\n    \n    \t<div class=\"image-content\">\n\t    \n\t    \t\t<div class=\"image-caption tb_text_wrap\">\n\t\t    Servi\u00e7o e atualiza\u00e7\u00e3o <br> do programa\t    <\/div>\n\t    <!-- \/image-caption -->\n\t    \t<\/div>\n\t<!-- \/image-content -->\n    \t<\/div>\n<!-- \/module image -->\t        <\/div>\n\t    \t<\/div>\n\t\t<div  data-lazy=\"1\" class=\"module_column tb-column col5-1 third tb_pxgd524 tf_box\">\n\t\t\t    \t        <div class=\"tb-column-inner tf_box tf_w\">\n\t\t    <!-- module image -->\n<div  class=\"module module-image tb_1vxc524   image-center tf_mw wow\" data-tf-animation=\"slideInRight\" data-lazy=\"1\">\n        <div class=\"image-wrap tf_rel tf_mw\">\n\t\t    \t\n\t\t<\/div>\n\t<!-- \/image-wrap -->\n    \n    \t<div class=\"image-content\">\n\t    \n\t    \t\t<div class=\"image-caption tb_text_wrap\">\n\t\t    Alta qualidade garantida pela certifica\u00e7\u00e3o Microsoft\t    <\/div>\n\t    <!-- \/image-caption -->\n\t    \t<\/div>\n\t<!-- \/image-content -->\n    \t<\/div>\n<!-- \/module image -->\t        <\/div>\n\t    \t<\/div>\n\t\t<div  data-lazy=\"1\" class=\"module_column tb-column col5-1 fourth tb_xhwr524 tf_box\">\n\t\t\t    \t        <div class=\"tb-column-inner tf_box tf_w\">\n\t\t    <!-- module image -->\n<div  class=\"module module-image tb_o837524   image-center tf_mw wow\" data-tf-animation=\"slideInRight\" data-lazy=\"1\">\n        <div class=\"image-wrap tf_rel tf_mw\">\n\t\t    \t\n\t\t<\/div>\n\t<!-- \/image-wrap -->\n    \n    \t<div class=\"image-content\">\n\t    \n\t    \t\t<div class=\"image-caption tb_text_wrap\">\n\t\t    Funcionalidades espec\u00edficas do sector <br>de atividade\t    <\/div>\n\t    <!-- \/image-caption -->\n\t    \t<\/div>\n\t<!-- \/image-content -->\n    \t<\/div>\n<!-- \/module image -->\t        <\/div>\n\t    \t<\/div>\n\t\t<div  data-lazy=\"1\" class=\"module_column tb-column col5-1 last tb_53oy524 tf_box\">\n\t\t\t    \t        <div class=\"tb-column-inner tf_box tf_w\">\n\t\t    <!-- module image -->\n<div  class=\"module module-image tb_5asw524   image-center tf_mw wow\" data-tf-animation=\"slideInRight\" data-lazy=\"1\">\n        <div class=\"image-wrap tf_rel tf_mw\">\n\t\t    \t\n\t\t<\/div>\n\t<!-- \/image-wrap -->\n    \n    \t<div class=\"image-content\">\n\t    \n\t    \t\t<div class=\"image-caption tb_text_wrap\">\n\t\t    F\u00e1cil personaliza\u00e7\u00e3o adaptada a cada uma das organiza\u00e7\u00f5es\t    <\/div>\n\t    <!-- \/image-caption -->\n\t    \t<\/div>\n\t<!-- \/image-content -->\n    \t<\/div>\n<!-- \/module image -->\t        <\/div>\n\t    \t<\/div>\n\t\t    <\/div>\n\t    <!-- \/row_inner -->\n\t<\/div>\n\t<!-- \/module_row -->\n\t\t<!-- module_row -->\n\t<div  data-css_id=\"20p3757\" data-lazy=\"1\" class=\"module_row themify_builder_row fullcover fullwidth tb_20p3757 tf_clearfix wow\" data-tf-animation=\"pulse\" >\n\t    \t\t<div class=\"row_inner col_align_top col-count-1 tf_box tf_w tf_rel\">\n\t\t\t<div  data-lazy=\"1\" class=\"module_column tb-column col-full first tb_bgi3758 tf_box\">\n\t\t\t    \t        <div class=\"tb-column-inner tf_box tf_w\">\n\t\t    <!-- module buttons -->\n<div  class=\"module module-buttons tb_85vi758 buttons-horizontal transparent  large circle tf_textc\" data-lazy=\"1\">\n    \t<div class=\"module-buttons-item tf_inline_b\">\n\t\t\t\t\t\t\t<a href=\"https:\/\/arquiconsult.com\/wp-content\/uploads\/2024\/04\/Factsheet-Main-Tool.pdf\" class=\"ui builder_button tb_default_color\" target=\"_blank\" rel=\"noopener\">\n\t\t\t\t\t\t\t\t\t\t\t<span class=\"tf_inline_b tf_vmiddle\">Download Factsheet<\/span>\n\t\t\t\t\t\t\t\t\t\t\t<\/a>\n\t\t\t    \t<\/div>\n\t<\/div>\n<!-- \/module buttons -->\n\t        <\/div>\n\t    \t<\/div>\n\t\t    <\/div>\n\t    <!-- \/row_inner -->\n\t<\/div>\n\t<!-- \/module_row -->\n\t\t<!-- module_row -->\n\t<div  data-anchor=\"crm_form\" data-lazy=\"1\" class=\"module_row themify_builder_row tb_has_section tb_section-crm_form tb_rrzs67 tf_clearfix\" >\n\t    \t\t<div class=\"row_inner col_align_top col-count-1 tf_box tf_w tf_rel\">\n\t\t\t<div  data-lazy=\"1\" class=\"module_column tb-column col-full first tb_9roh68 tf_box\">\n\t\t\t    \t        <div class=\"tb-column-inner tf_box tf_w\">\n\t\t    <!-- module plain text -->\n<div  class=\"module module-plain-text tb_uzbz68 \" data-lazy=\"1\">\n        <div class=\"tb_text_wrap\">\n\t<div\n        data-form-id='6365265b-daa9-f011-bbd2-7ced8d9527c3'\n        data-form-api-url='https:\/\/public-eur.mkt.dynamics.com\/api\/v1.0\/orgs\/89d90a5a-468d-436c-8bd1-5cc7cfa5e05b\/landingpageforms'\n        data-cached-form-url='https:\/\/assets-eur.mkt.dynamics.com\/89d90a5a-468d-436c-8bd1-5cc7cfa5e05b\/digitalassets\/forms\/6365265b-daa9-f011-bbd2-7ced8d9527c3' ><\/div>\n        <script src = 'https:\/\/cxppusa1formui01cdnsa01-endpoint.azureedge.net\/eur\/FormLoader\/FormLoader.bundle.js' ><\/script>    <\/div>\n<\/div>\n<!-- \/module plain text -->\t        <\/div>\n\t    \t<\/div>\n\t\t    <\/div>\n\t    <!-- \/row_inner -->\n\t<\/div>\n\t<!-- \/module_row -->\n\t<\/div>\n<!--\/themify_builder_content-->","protected":false},"excerpt":{"rendered":"<p>Arquiconsult.com \/\u00a0Sectores \/ Manuten\u00e7\u00e3o &#8211;\u00a0Main-Tool MAIN-TOOL Gest\u00e3o da manuten\u00e7\u00e3o de equipas industriais. Fale com a nossa equipa! O QUE \u00c9 O MAIN-TOOL? A solu\u00e7\u00e3o de Gest\u00e3o T\u00e9cnica de Manuten\u00e7\u00e3o, funciona como uma solu\u00e7\u00e3o horizontal assente no Microsoft Dynamics 365 Business Central. Embora maioritariamente usada em unidades industriais, a solu\u00e7\u00e3o de Gest\u00e3o da Manuten\u00e7\u00e3o, n\u00e3o \u00e9 [&hellip;]<\/p>\n","protected":false},"author":4,"featured_media":0,"parent":0,"menu_order":0,"comment_status":"closed","ping_status":"closed","template":"","meta":[],"acf":[],"_links":{"self":[{"href":"https:\/\/arquiconsult.com\/pt-br\/wp-json\/wp\/v2\/pages\/10180"}],"collection":[{"href":"https:\/\/arquiconsult.com\/pt-br\/wp-json\/wp\/v2\/pages"}],"about":[{"href":"https:\/\/arquiconsult.com\/pt-br\/wp-json\/wp\/v2\/types\/page"}],"author":[{"embeddable":true,"href":"https:\/\/arquiconsult.com\/pt-br\/wp-json\/wp\/v2\/users\/4"}],"replies":[{"embeddable":true,"href":"https:\/\/arquiconsult.com\/pt-br\/wp-json\/wp\/v2\/comments?post=10180"}],"version-history":[{"count":2,"href":"https:\/\/arquiconsult.com\/pt-br\/wp-json\/wp\/v2\/pages\/10180\/revisions"}],"predecessor-version":[{"id":118319,"href":"https:\/\/arquiconsult.com\/pt-br\/wp-json\/wp\/v2\/pages\/10180\/revisions\/118319"}],"wp:attachment":[{"href":"https:\/\/arquiconsult.com\/pt-br\/wp-json\/wp\/v2\/media?parent=10180"}],"curies":[{"name":"wp","href":"https:\/\/api.w.org\/{rel}","templated":true}]}}