{"id":10780,"date":"2021-06-07T12:58:09","date_gmt":"2021-06-07T10:58:09","guid":{"rendered":"https:\/\/arquiconsult.com\/assiduidade-2\/"},"modified":"2024-12-16T17:13:05","modified_gmt":"2024-12-16T17:13:05","slug":"avaliacao-de-desempenho","status":"publish","type":"page","link":"https:\/\/arquiconsult.com\/pt-br\/avaliacao-de-desempenho\/","title":{"rendered":"Avalia\u00e7\u00e3o de Desempenho"},"content":{"rendered":"<!--themify_builder_content-->\n<div id=\"themify_builder_content-10780\" data-postid=\"10780\" class=\"themify_builder_content themify_builder_content-10780 themify_builder tf_clear\">\n    \t<!-- module_row -->\n\t<div  data-css_id=\"z9mw51\" data-lazy=\"1\" class=\"module_row themify_builder_row fullcover fullwidth_row_container tb_z9mw51 tb_first tf_clearfix\" >\n\t    <div class=\"builder_row_cover tf_abs\"><\/div>\t\t<div class=\"row_inner col_align_middle col-count-1 tf_box tf_w tf_rel\"  data-basecol=\"1\" data-col_tablet=\"column-full\" data-col_mobile=\"column-full\">\n\t\t\t<div  data-lazy=\"1\" class=\"module_column tb-column col-full first tb_vfma51 tf_box\">\n\t\t\t    \t        <div class=\"tb-column-inner tf_box tf_w\">\n\t\t    <!-- module fancy heading -->\n<!--\/* $fields_args['heading_tag']  CODIGO QUE SAIU * \/-->\n<div  class=\"module module-fancy-heading tb_cem152 titulo-suporte tb_hide_divider\" data-lazy=\"1\">\n        <h1  class=\"fancy-heading tf_textc\">\n    <span class=\"main-head tf_block\">\n\t\t\t\t\tAVALIA\u00c7\u00c3O DE DESEMPENHO\t\t    <\/span>\n\n\t\n    <span class=\"sub-head tf_block tf_rel\">\n\t\t\t\t\t\t\t    <\/span>\n    <\/h1>\n<\/div>\n<!-- \/module fancy heading -->\n<!-- module text -->\n<div  class=\"module module-text tb_q02c52   \" data-lazy=\"1\">\n        <div  class=\"tb_text_wrap\">\n    <p style=\"text-align: center;\">Esque\u00e7a a complexidade de gerir e analisar um processo de avalia\u00e7\u00e3o de desempenho em papel e veja como pode ser simples.<\/p>    <\/div>\n<\/div>\n<!-- \/module text -->\t        <\/div>\n\t    \t<\/div>\n\t\t    <\/div>\n\t    <!-- \/row_inner -->\n\t<\/div>\n\t<!-- \/module_row -->\n\t\t<!-- module_row -->\n\t<div  data-lazy=\"1\" class=\"module_row themify_builder_row repeat tb_8e52698 tf_clearfix\" >\n\t    \t\t<div class=\"row_inner col_align_top col-count-1 tf_box tf_w tf_rel\">\n\t\t\t<div  data-lazy=\"1\" class=\"module_column tb-column col-full first tb_u2hi702 tf_box\">\n\t\t\t    \t        <div class=\"tb-column-inner tf_box tf_w\">\n\t\t    \t<div  data-lazy=\"1\" class=\"module_subrow themify_builder_sub_row tb_x1mm702 tf_w tf_clearfix\">\n\t    \t\t<div class=\"subrow_inner col_align_top col-count-1 tf_box tf_w\">\n\t\t\t<div  data-lazy=\"1\" class=\"sub_column module_column tf_box col-full first tb_7g9m704\" > \n\t    \t    \t        <div class=\"tb-column-inner tf_box tf_w\">\n\t\t    <!-- module text -->\n<div  class=\"module module-text tb_4f91704  repeat \" data-lazy=\"1\">\n        <div  class=\"tb_text_wrap\">\n    <h2>O Processo de Avalia\u00e7\u00e3o do Desempenho n\u00e3o precisa ser um pesadelo<\/h2>    <\/div>\n<\/div>\n<!-- \/module text --><!-- module text -->\n<div  class=\"module module-text tb_98sr706   \" data-lazy=\"1\">\n        <div  class=\"tb_text_wrap\">\n    <p>Sistema centralizado que lhe permite gerir todo o processo de configura\u00e7\u00e3o de inqu\u00e9ritos de Avalia\u00e7\u00e3o de Desempenho, intervenientes no mesmo, segundo os crit\u00e9rios que melhor se adaptam \u00e0 sua organiza\u00e7\u00e3o, as vezes que entender. De uma forma aut\u00f3noma sem a necessidade de conhecimentos avan\u00e7ados de Inform\u00e1tica.<\/p>\n<p>Consulte o hist\u00f3rico de processos arquivados, analise o desempenho de um determinado departamento, fun\u00e7\u00e3o, empregado ou a organiza\u00e7\u00e3o como um todo. N\u00e3o se trata apenas de registar informa\u00e7\u00e3o, mas ter facilidade na consulta e an\u00e1lise dos seus dados.<\/p>\n<p>Inerente a este, inicie o seu processo de Recolha de Necessidades de Forma\u00e7\u00e3o e d\u00ea o primeiro passo na defini\u00e7\u00e3o do seu <a href=\"https:\/\/arquiconsult.com\/formacao\/\">Plano de Forma\u00e7\u00e3o<\/a>.<\/p>\n<p>Plano de Ac\u00e7\u00e3o? Defini\u00e7\u00e3o de Objectivos? Recomenda\u00e7\u00f5es de Compensa\u00e7\u00e3o\/B\u00f3nus? Um eficaz plano de Recursos Humanos contempla estes aspectos fundamentais. Tudo ao seu alcance no <a href=\"https:\/\/arquiconsult.com\/employee-portal\/\">Employee Portal<\/a>.<\/p>    <\/div>\n<\/div>\n<!-- \/module text -->\t        <\/div>\n\t    \t<\/div>\n\t\t    <\/div>\n\t<\/div><!-- \/themify_builder_sub_row -->\n\t\t        <\/div>\n\t    \t<\/div>\n\t\t    <\/div>\n\t    <!-- \/row_inner -->\n\t<\/div>\n\t<!-- \/module_row -->\n\t\t<!-- module_row -->\n\t<div  data-anchor=\"hub\" data-hide-anchor=\"1\" data-css_id=\"3mqy350\" data-lazy=\"1\" class=\"module_row themify_builder_row repeat fullwidth tb_has_section tb_section-hub tb_3mqy350 tf_clearfix\" >\n\t    \t\t<div class=\"row_inner col_align_top col-count-1 tf_box tf_w tf_rel\">\n\t\t\t<div  data-lazy=\"1\" class=\"module_column tb-column col-full first tb_lxa5351 repeat tf_box\">\n\t\t\t    \t        <div class=\"tb-column-inner tf_box tf_w\">\n\t\t    \t<div  data-lazy=\"1\" class=\"module_subrow themify_builder_sub_row repeat tb_kxnp352 tf_w tf_clearfix\">\n\t    \t\t<div class=\"subrow_inner col_align_top col-count-2 tf_box tf_w\">\n\t\t\t<div  data-lazy=\"1\" class=\"sub_column module_column tf_box col4-2 first tb_dhdv353 fullcover\" > \n\t    \t    \t<\/div>\n\t\t<div  data-lazy=\"1\" class=\"sub_column module_column tf_box col4-2 last tb_zkf2354\"> \n\t    \t    \t        <div class=\"tb-column-inner tf_box tf_w\">\n\t\t    <!-- module text -->\n<div  class=\"module module-text tb_k4yl264  repeat  wow\" data-tf-animation=\"fadeIn\" data-lazy=\"1\">\n        <div  class=\"tb_text_wrap\">\n    <p style=\"text-align: left;\">DEFINA OS SEUS TEMPLATES DE AVALIA\u00c7\u00c3O<\/p>    <\/div>\n<\/div>\n<!-- \/module text --><!-- module text -->\n<div  class=\"module module-text tb_hwa4515    wow\" data-tf-animation=\"fadeIn\" data-lazy=\"1\">\n        <div  class=\"tb_text_wrap\">\n    <p style=\"text-align: left;\">O Employee Portal disponibiliza-lhe a flexibilidade de definir m\u00faltiplos modelos de avalia\u00e7\u00e3o com diferentes conte\u00fados, conforme as suas necessidades, seja a defini\u00e7\u00e3o de um formul\u00e1rio para toda a organiza\u00e7\u00e3o, por departamento, por fun\u00e7\u00e3o ou, no limite, por pessoa ou grupo de pessoas.<\/p>\n<p style=\"text-align: left;\">Tire partido de configura\u00e7\u00f5es de question\u00e1rios anteriores atrav\u00e9s da op\u00e7\u00e3o de Clonar Template, ou crie blocos template que podem ser reutilizados na defini\u00e7\u00e3o de novos question\u00e1rios, utilizando o mesmo ou diferentes crit\u00e9rios de avalia\u00e7\u00e3o, escala num\u00e9rica, texto livre, lista de selec\u00e7\u00e3o ou percentagem.<\/p>\n<p style=\"text-align: left;\">Sabemos como \u00e9 importante pr\u00e9-visualizar esta informa\u00e7\u00e3o antes de a tornar p\u00fablica, a op\u00e7\u00e3o de &#8220;Preview&#8221; est\u00e1 dispon\u00edvel no nosso motor de question\u00e1rios utilizado, n\u00e3o s\u00f3 neste m\u00f3dulo, como no m\u00f3dulo de Gest\u00e3o de Forma\u00e7\u00e3o.<\/p>    <\/div>\n<\/div>\n<!-- \/module text -->\t        <\/div>\n\t    \t<\/div>\n\t\t    <\/div>\n\t<\/div><!-- \/themify_builder_sub_row -->\n\t\t        <\/div>\n\t    \t<\/div>\n\t\t    <\/div>\n\t    <!-- \/row_inner -->\n\t<\/div>\n\t<!-- \/module_row -->\n\t\t<!-- module_row -->\n\t<div  data-lazy=\"1\" class=\"module_row themify_builder_row repeat tb_e0d9342 tf_clearfix\" >\n\t    \t\t<div class=\"row_inner col_align_top col-count-1 tf_box tf_w tf_rel\">\n\t\t\t<div  data-lazy=\"1\" class=\"module_column tb-column col-full first tb_3xf3343 tf_box\">\n\t\t\t    \t        <div class=\"tb-column-inner tf_box tf_w\">\n\t\t    \t<div  data-lazy=\"1\" class=\"module_subrow themify_builder_sub_row tb_vgpl343 tf_w tf_clearfix\">\n\t    \t\t<div class=\"subrow_inner col_align_top col-count-1 tf_box tf_w\">\n\t\t\t<div  data-lazy=\"1\" class=\"sub_column module_column tf_box col-full first tb_l2af344\" > \n\t    \t    \t        <div class=\"tb-column-inner tf_box tf_w\">\n\t\t    <!-- module text -->\n<div  class=\"module module-text tb_qttz345  repeat \" data-lazy=\"1\">\n        <div  class=\"tb_text_wrap\">\n    <h2>Disponibilize os question\u00e1rios <br \/>de Avalia\u00e7\u00e3o sem sobressaltos<\/h2>    <\/div>\n<\/div>\n<!-- \/module text --><!-- module text -->\n<div  class=\"module module-text tb_q5e1345   \" data-lazy=\"1\">\n        <div  class=\"tb_text_wrap\">\n    <p>\u00c0 semelhan\u00e7a dos restantes m\u00f3dulos do <a href=\"https:\/\/arquiconsult.com\/employee-portal\/\">Employee Portal<\/a>, o m\u00f3dulo de Avalia\u00e7\u00e3o de Desempenho utiliza componentes partilhados por toda a solu\u00e7\u00e3o, nomeadamente a defini\u00e7\u00e3o da Estrutura Hier\u00e1rquica. Esta componente \u00e9, na realidade, o pilar de todos os Workflows dispon\u00edveis no sistema, sendo com base na sua defini\u00e7\u00e3o que o sistema consulta os diferentes intervenientes a notificar e atribuir tarefas no processo de Avalia\u00e7\u00e3o de Desempenho. Esta defini\u00e7\u00e3o permite acelerar o processo de configura\u00e7\u00e3o dos intervenientes aquando a gera\u00e7\u00e3o e atribui\u00e7\u00e3o dos question\u00e1rios de Avalia\u00e7\u00e3o de Desempenho. Disponibilizamos inclusive a possibilidade de configura\u00e7\u00e3o de diferentes Estruturas Hier\u00e1rquicas (uma por m\u00f3dulo) que lhe permite ter a flexibilidade que a sua organiza\u00e7\u00e3o necessita.<\/p><p>Diferentes departamentos apresentam, em muitos casos, din\u00e2micas diferentes, como tal ter a vis\u00e3o global do seu processo de Avalia\u00e7\u00e3o de Desempenho dever\u00e1 estar \u00e0 dist\u00e2ncia de um clique, nomeadamente saber que question\u00e1rios foram conclu\u00eddos ou continuam por concluir, para que possa incidir sobre os casos que efectivamente necessita.<\/p>    <\/div>\n<\/div>\n<!-- \/module text -->\t        <\/div>\n\t    \t<\/div>\n\t\t    <\/div>\n\t<\/div><!-- \/themify_builder_sub_row -->\n\t\t        <\/div>\n\t    \t<\/div>\n\t\t    <\/div>\n\t    <!-- \/row_inner -->\n\t<\/div>\n\t<!-- \/module_row -->\n\t\t<!-- module_row -->\n\t<div  data-anchor=\"hub\" data-hide-anchor=\"1\" data-css_id=\"oyb3259\" data-lazy=\"1\" class=\"module_row themify_builder_row repeat fullwidth tb_has_section tb_section-hub tb_oyb3259 tf_clearfix\" >\n\t    \t\t<div class=\"row_inner col_align_top col-count-1 tf_box tf_w tf_rel\">\n\t\t\t<div  data-lazy=\"1\" class=\"module_column tb-column col-full first tb_ztgc261 repeat tf_box\">\n\t\t\t    \t        <div class=\"tb-column-inner tf_box tf_w\">\n\t\t    \t<div  data-lazy=\"1\" class=\"module_subrow themify_builder_sub_row tb_8xji265 tf_w tf_clearfix\">\n\t    \t\t<div class=\"subrow_inner col_align_top col-count-2 tf_box tf_w\">\n\t\t\t<div  style=\"width: 55.06%\" data-lazy=\"1\" class=\"sub_column module_column tf_box col4-2 first tb_d9av265 fullcover\" > \n\t    \t    \t        <div class=\"tb-column-inner tf_box tf_w\">\n\t\t    <!-- module text -->\n<div  class=\"module module-text tb_x8or265  repeat  wow\" data-tf-animation=\"fadeIn\" data-lazy=\"1\">\n        <div  class=\"tb_text_wrap\">\n    <p style=\"text-align: left;\">SIMPLE DE UTILIZAR, MAIOR N\u00cdVEL DE ACEITA\u00c7\u00c3O DA SOLU\u00c7\u00c3O<\/p>    <\/div>\n<\/div>\n<!-- \/module text --><!-- module text -->\n<div  class=\"module module-text tb_a3q0265    wow\" data-tf-animation=\"fadeIn\" data-lazy=\"1\">\n        <div  class=\"tb_text_wrap\">\n    <p style=\"text-align: left;\">O f\u00e1cil acesso \u00e0 solu\u00e7\u00e3o, simplicidade de utiliza\u00e7\u00e3o e interpreta\u00e7\u00e3o da informa\u00e7\u00e3o disponibilizada s\u00e3o factores essenciais na adop\u00e7\u00e3o de um Sistema de Informa\u00e7\u00e3o, mais relevante quando um dos processos disponibilizados \u00e9 relacionado com a avalia\u00e7\u00e3o da massa cr\u00edtica da organiza\u00e7\u00e3o, dai disponibilizarmos ecr\u00e3s de f\u00e1cil utiliza\u00e7\u00e3o, navega\u00e7\u00e3o simplificada orientados ao processo que o utilizador visa concluir.<\/p>\n<p style=\"text-align: left;\">Sendo este um dos processos base no crescimento de qualquer empresa, disponibilizamos uma solu\u00e7\u00e3o altamente configur\u00e1vel que permite operacionalizar os diversos tipos de avalia\u00e7\u00e3o, desde 360\u00ba, auto-avalia\u00e7\u00e3o, chefia, 180\u00ba entre outros.<\/p>\n<p style=\"text-align: left;\">Recursos bem informados, com uma vis\u00e3o clara de quais as tarefas que t\u00eam por realizar, mesmo que com diferentes responsabilidades, contribuem n\u00e3o s\u00f3 para um sistema actualizado, com facilidade de acesso mas tamb\u00e9m para que mais processos de avalia\u00e7\u00e3o sejam finalizados atempadamente, situa\u00e7\u00e3o que a todos benef\u00edcia.<\/p>    <\/div>\n<\/div>\n<!-- \/module text -->\t        <\/div>\n\t    \t<\/div>\n\t\t<div  style=\"width: 41.74%\" data-lazy=\"1\" class=\"sub_column module_column tf_box col4-2 last tb_ynsq265 fullcover\" > \n\t    \t    \t<\/div>\n\t\t    <\/div>\n\t<\/div><!-- \/themify_builder_sub_row -->\n\t\t        <\/div>\n\t    \t<\/div>\n\t\t    <\/div>\n\t    <!-- \/row_inner -->\n\t<\/div>\n\t<!-- \/module_row -->\n\t\t<!-- module_row -->\n\t<div  data-lazy=\"1\" class=\"module_row themify_builder_row tb_z2h8143 tf_clearfix\" >\n\t    \t\t<div class=\"row_inner col_align_top col-count-1 tf_box tf_w tf_rel\">\n\t\t\t<div  data-lazy=\"1\" class=\"module_column tb-column col-full first tb_192t144 tf_box\">\n\t\t\t    \t        <div class=\"tb-column-inner tf_box tf_w\">\n\t\t    <!-- module buttons -->\n<div  class=\"module module-buttons tb_nm38190 buttons-horizontal transparent  large circle tf_textc wow\" data-tf-animation=\"pulse\" data-lazy=\"1\">\n    \t<div class=\"module-buttons-item tf_inline_b\">\n\t\t\t\t\t\t\t<a href=\"https:\/\/arquiconsult.com\/employee-portal\/\" class=\"ui builder_button tb_default_color\" >\n\t\t\t\t\t\t\t\t\t\t\t<span class=\"tf_inline_b tf_vmiddle\">Voltar<\/span>\n\t\t\t\t\t\t\t\t\t\t\t<\/a>\n\t\t\t    \t<\/div>\n\t<\/div>\n<!-- \/module buttons -->\n\t        <\/div>\n\t    \t<\/div>\n\t\t    <\/div>\n\t    <!-- \/row_inner -->\n\t<\/div>\n\t<!-- \/module_row -->\n\t\t<!-- module_row -->\n\t<div  data-lazy=\"1\" class=\"module_row themify_builder_row tb_4dqo197 tf_clearfix\" >\n\t    \t\t<div class=\"row_inner col_align_top col-count-1 tf_box tf_w tf_rel\">\n\t\t\t<div  data-lazy=\"1\" class=\"module_column tb-column col-full first tb_0hok198 tf_box\">\n\t\t\t    \t        <div class=\"tb-column-inner tf_box tf_w\">\n\t\t    <!-- module image -->\n<div  class=\"module module-image tb_a712198   image-center tf_mw wow\" data-tf-animation=\"fadeInUp\" data-lazy=\"1\">\n        <div class=\"image-wrap tf_rel tf_mw\">\n\t\t    <img loading=\"lazy\" src=\"https:\/\/arquiconsult.com\/wp-content\/uploads\/2021\/11\/Employee-Portal-Logo-200x143.png\" width=\"200\" height=\"143\" class=\"wp-post-image wp-image-28589\" title=\"Employee Portal-Logo\" alt=\"Employee Portal-Logo\" srcset=\"https:\/\/arquiconsult.com\/wp-content\/uploads\/2021\/11\/Employee-Portal-Logo-200x143.png 200w, https:\/\/arquiconsult.com\/wp-content\/uploads\/2021\/11\/Employee-Portal-Logo.png 331w\" sizes=\"(max-width: 200px) 100vw, 200px\" \/>\t\n\t\t<\/div>\n\t<!-- \/image-wrap -->\n    \n    \t<\/div>\n<!-- \/module image -->\t        <\/div>\n\t    \t<\/div>\n\t\t    <\/div>\n\t    <!-- \/row_inner -->\n\t<\/div>\n\t<!-- \/module_row -->\n\t<\/div>\n<!--\/themify_builder_content-->","protected":false},"excerpt":{"rendered":"<p>AVALIA\u00c7\u00c3O DE DESEMPENHO Esque\u00e7a a complexidade de gerir e analisar um processo de avalia\u00e7\u00e3o de desempenho em papel e veja como pode ser simples. O Processo de Avalia\u00e7\u00e3o do Desempenho n\u00e3o precisa ser um pesadelo Sistema centralizado que lhe permite gerir todo o processo de configura\u00e7\u00e3o de inqu\u00e9ritos de Avalia\u00e7\u00e3o de Desempenho, intervenientes no mesmo, [&hellip;]<\/p>\n","protected":false},"author":4,"featured_media":0,"parent":0,"menu_order":0,"comment_status":"closed","ping_status":"closed","template":"","meta":[],"acf":[],"_links":{"self":[{"href":"https:\/\/arquiconsult.com\/pt-br\/wp-json\/wp\/v2\/pages\/10780"}],"collection":[{"href":"https:\/\/arquiconsult.com\/pt-br\/wp-json\/wp\/v2\/pages"}],"about":[{"href":"https:\/\/arquiconsult.com\/pt-br\/wp-json\/wp\/v2\/types\/page"}],"author":[{"embeddable":true,"href":"https:\/\/arquiconsult.com\/pt-br\/wp-json\/wp\/v2\/users\/4"}],"replies":[{"embeddable":true,"href":"https:\/\/arquiconsult.com\/pt-br\/wp-json\/wp\/v2\/comments?post=10780"}],"version-history":[{"count":0,"href":"https:\/\/arquiconsult.com\/pt-br\/wp-json\/wp\/v2\/pages\/10780\/revisions"}],"wp:attachment":[{"href":"https:\/\/arquiconsult.com\/pt-br\/wp-json\/wp\/v2\/media?parent=10780"}],"curies":[{"name":"wp","href":"https:\/\/api.w.org\/{rel}","templated":true}]}}