{"id":10808,"date":"2021-06-07T13:36:07","date_gmt":"2021-06-07T11:36:07","guid":{"rendered":"https:\/\/arquiconsult.com\/assiduidade-2\/"},"modified":"2024-12-16T17:15:35","modified_gmt":"2024-12-16T17:15:35","slug":"formacao","status":"publish","type":"page","link":"https:\/\/arquiconsult.com\/pt-br\/formacao\/","title":{"rendered":"Forma\u00e7\u00e3o"},"content":{"rendered":"<!--themify_builder_content-->\n<div id=\"themify_builder_content-10808\" data-postid=\"10808\" class=\"themify_builder_content themify_builder_content-10808 themify_builder tf_clear\">\n    \t<!-- module_row -->\n\t<div  data-css_id=\"ox71804\" data-lazy=\"1\" class=\"module_row themify_builder_row fullcover fullwidth_row_container tb_ox71804 tb_first tf_clearfix\" >\n\t    <div class=\"builder_row_cover tf_abs\"><\/div>\t\t<div class=\"row_inner col_align_middle col-count-1 tf_box tf_w tf_rel\"  data-basecol=\"1\" data-col_tablet=\"column-full\" data-col_mobile=\"column-full\">\n\t\t\t<div  data-lazy=\"1\" class=\"module_column tb-column col-full first tb_3kg9806 tf_box\">\n\t\t\t    \t        <div class=\"tb-column-inner tf_box tf_w\">\n\t\t    <!-- module fancy heading -->\n<!--\/* $fields_args['heading_tag']  CODIGO QUE SAIU * \/-->\n<div  class=\"module module-fancy-heading tb_vfkq807 titulo-suporte tb_hide_divider\" data-lazy=\"1\">\n        <h1  class=\"fancy-heading tf_textc\">\n    <span class=\"main-head tf_block\">\n\t\t\t\t\tFORMA\u00c7\u00c3O\t\t    <\/span>\n\n\t\n    <span class=\"sub-head tf_block tf_rel\">\n\t\t\t\t\t\t\t    <\/span>\n    <\/h1>\n<\/div>\n<!-- \/module fancy heading -->\n<!-- module text -->\n<div  class=\"module module-text tb_n7l8807   \" data-lazy=\"1\">\n        <div  class=\"tb_text_wrap\">\n    <p style=\"text-align: center;\">Proceda \u00e0 recolha de necessidades de forma\u00e7\u00e3o de uma forma simples, planifique as a\u00e7\u00f5es <br \/>formativas a realizar, compare vers\u00f5es de plano, simplifique uma das obrigatoriedades legais (Relat\u00f3rio \u00danico), tudo com a utiliza\u00e7\u00e3o deste m\u00f3dulo.<\/p>    <\/div>\n<\/div>\n<!-- \/module text -->\t        <\/div>\n\t    \t<\/div>\n\t\t    <\/div>\n\t    <!-- \/row_inner -->\n\t<\/div>\n\t<!-- \/module_row -->\n\t\t<!-- module_row -->\n\t<div  data-lazy=\"1\" class=\"module_row themify_builder_row repeat tb_8e52698 tf_clearfix\" >\n\t    \t\t<div class=\"row_inner col_align_top col-count-1 tf_box tf_w tf_rel\">\n\t\t\t<div  data-lazy=\"1\" class=\"module_column tb-column col-full first tb_u2hi702 tf_box\">\n\t\t\t    \t        <div class=\"tb-column-inner tf_box tf_w\">\n\t\t    \t<div  data-lazy=\"1\" class=\"module_subrow themify_builder_sub_row tb_x1mm702 tf_w tf_clearfix\">\n\t    \t\t<div class=\"subrow_inner col_align_top col-count-1 tf_box tf_w\">\n\t\t\t<div  data-lazy=\"1\" class=\"sub_column module_column tf_box col-full first tb_7g9m704\" > \n\t    \t    \t        <div class=\"tb-column-inner tf_box tf_w\">\n\t\t    <!-- module text -->\n<div  class=\"module module-text tb_4f91704  repeat \" data-lazy=\"1\">\n        <div  class=\"tb_text_wrap\">\n    <h2>Acabe com as Forma\u00e7\u00f5es desajustadas<\/h2>    <\/div>\n<\/div>\n<!-- \/module text --><!-- module text -->\n<div  class=\"module module-text tb_98sr706   \" data-lazy=\"1\">\n        <div  class=\"tb_text_wrap\">\n    <p>Nem sempre as forma\u00e7\u00f5es seleccionadas bem como a defini\u00e7\u00e3o de empregados a participar nas mesmas \u00e9 efectuada da melhor forma, recorrendo a folhas de calculo e email o que origina por vezes processos morosos e suscept\u00edveis a erro.<\/p>\n<p>Com este m\u00f3dulo n\u00e3o s\u00f3 o processo de recolha de necessidades formativas \u00e9 efectuado de uma forma centralizada, seja globalmente disponibilizado para a organiza\u00e7\u00e3o ou Departamentos\/\u00c1reas em especifico, como tem total controlo sobre os question\u00e1rios j\u00e1 respondidos ou por responder. Com base na recolha de necessidades formativas tem ainda a possibilidade de acelerar o processo de cria\u00e7\u00e3o do plano de forma\u00e7\u00e3o, ao gerar as a\u00e7\u00f5es a realizar bem como uma fila de espera de formandos a inscrever.<\/p>    <\/div>\n<\/div>\n<!-- \/module text -->\t        <\/div>\n\t    \t<\/div>\n\t\t    <\/div>\n\t<\/div><!-- \/themify_builder_sub_row -->\n\t\t        <\/div>\n\t    \t<\/div>\n\t\t    <\/div>\n\t    <!-- \/row_inner -->\n\t<\/div>\n\t<!-- \/module_row -->\n\t\t<!-- module_row -->\n\t<div  data-anchor=\"hub\" data-hide-anchor=\"1\" data-css_id=\"3mqy350\" data-lazy=\"1\" class=\"module_row themify_builder_row repeat fullwidth tb_has_section tb_section-hub tb_3mqy350 tf_clearfix\" >\n\t    \t\t<div class=\"row_inner col_align_top col-count-1 tf_box tf_w tf_rel\">\n\t\t\t<div  data-lazy=\"1\" class=\"module_column tb-column col-full first tb_lxa5351 repeat tf_box\">\n\t\t\t    \t        <div class=\"tb-column-inner tf_box tf_w\">\n\t\t    \t<div  data-lazy=\"1\" class=\"module_subrow themify_builder_sub_row repeat tb_kxnp352 tf_w tf_clearfix wow\" data-tf-animation=\"fadeInUp\">\n\t    \t\t<div class=\"subrow_inner col_align_top col-count-2 tf_box tf_w\">\n\t\t\t<div  data-lazy=\"1\" class=\"sub_column module_column tf_box col4-2 first tb_dhdv353 fullcover\" > \n\t    \t    \t<\/div>\n\t\t<div  data-lazy=\"1\" class=\"sub_column module_column tf_box col4-2 last tb_zkf2354\"> \n\t    \t    \t        <div class=\"tb-column-inner tf_box tf_w\">\n\t\t    <!-- module text -->\n<div  class=\"module module-text tb_k4yl264  repeat  wow\" data-tf-animation=\"fadeIn\" data-lazy=\"1\">\n        <div  class=\"tb_text_wrap\">\n    <p style=\"text-align: left;\">OVERVIEW GERAL DO PLANO DE FORMA\u00c7\u00c3O<\/p>    <\/div>\n<\/div>\n<!-- \/module text --><!-- module text -->\n<div  class=\"module module-text tb_hwa4515    wow\" data-tf-animation=\"fadeIn\" data-lazy=\"1\">\n        <div  class=\"tb_text_wrap\">\n    <p style=\"text-align: left;\">Disponibilize o calend\u00e1rio formativo a todos os membros da organiza\u00e7\u00e3o e mantenha-os sempre actualizados com as a\u00e7\u00f5es e conte\u00fados dispon\u00edveis. Suporte a defini\u00e7\u00e3o de m\u00f3dulos com diferentes hor\u00e1rios e multi-formador para que os eventuais interessados tenham toda a informa\u00e7\u00e3o dispon\u00edvel na altura de decidir a sua participa\u00e7\u00e3o.<\/p>\n<p style=\"text-align: left;\">Decorrente da din\u00e2mica t\u00edpica do mundo empresarial nos dias de hoje, altera\u00e7\u00f5es ou ajustes ao plano formativo s\u00e3o uma realidade, n\u00e3o obstante permitimos que compare as diferentes vers\u00f5es do Plano, para que tenha uma total percep\u00e7\u00e3o do planeado vs realizado.<\/p>    <\/div>\n<\/div>\n<!-- \/module text -->\t        <\/div>\n\t    \t<\/div>\n\t\t    <\/div>\n\t<\/div><!-- \/themify_builder_sub_row -->\n\t\t        <\/div>\n\t    \t<\/div>\n\t\t    <\/div>\n\t    <!-- \/row_inner -->\n\t<\/div>\n\t<!-- \/module_row -->\n\t\t<!-- module_row -->\n\t<div  data-anchor=\"hub\" data-hide-anchor=\"1\" data-css_id=\"oyb3259\" data-lazy=\"1\" class=\"module_row themify_builder_row repeat fullwidth tb_has_section tb_section-hub tb_oyb3259 tf_clearfix\" >\n\t    \t\t<div class=\"row_inner col_align_top col-count-1 tf_box tf_w tf_rel\">\n\t\t\t<div  data-lazy=\"1\" class=\"module_column tb-column col-full first tb_ztgc261 repeat tf_box\">\n\t\t\t    \t        <div class=\"tb-column-inner tf_box tf_w\">\n\t\t    \t<div  data-lazy=\"1\" class=\"module_subrow themify_builder_sub_row tb_8xji265 tf_w tf_clearfix wow\" data-tf-animation=\"fadeInUp\">\n\t    \t\t<div class=\"subrow_inner col_align_top col-count-2 tf_box tf_w\">\n\t\t\t<div  style=\"width: 55.06%\" data-lazy=\"1\" class=\"sub_column module_column tf_box col4-2 first tb_d9av265 fullcover\" > \n\t    \t    \t        <div class=\"tb-column-inner tf_box tf_w\">\n\t\t    <!-- module text -->\n<div  class=\"module module-text tb_x8or265  repeat  wow\" data-tf-animation=\"fadeIn\" data-lazy=\"1\">\n        <div  class=\"tb_text_wrap\">\n    <p style=\"text-align: left;\">AVALIA\u00c7\u00c3O DA A\u00c7\u00c3O DE FORMA\u00c7\u00c3O E EFIC\u00c1CIA DA FORMA\u00c7\u00c3O<\/p>    <\/div>\n<\/div>\n<!-- \/module text --><!-- module text -->\n<div  class=\"module module-text tb_a3q0265    wow\" data-tf-animation=\"fadeIn\" data-lazy=\"1\">\n        <div  class=\"tb_text_wrap\">\n    <p style=\"text-align: left;\">O <strong><a href=\"https:\/\/arquiconsult.com\/employee-portal\/\">Portal de Empregado<\/a><\/strong> permite a recolha de informa\u00e7\u00e3o sobre a execu\u00e7\u00e3o de determinada Ac\u00e7\u00e3o de Forma\u00e7\u00e3o bem como a sua an\u00e1lise global atrav\u00e9s de Inqu\u00e9ritos totalmente configur\u00e1veis por si segundo os crit\u00e9rios que considera relevantes. A defini\u00e7\u00e3o dos inqu\u00e9ritos \u00e9 efectuada atrav\u00e9s do motor de inqu\u00e9ritos dispon\u00edvel no sistema. Desta forma ap\u00f3s a realiza\u00e7\u00e3o de uma ac\u00e7\u00e3o de forma\u00e7\u00e3o tem a possibilidade de automaticamente disponibilizar um inqu\u00e9rito de resposta individual atribu\u00eddo a cada um dos formandos para recolha da sua avalia\u00e7\u00e3o da ac\u00e7\u00e3o de forma\u00e7\u00e3o, por outro lado e por forma a garantir que a organiza\u00e7\u00e3o est\u00e1 a apostar nos cursos correctos, \u00e9 disponibilizado a cada um dos respons\u00e1veis hier\u00e1rquicos dos formandos um inqu\u00e9rito para recolha da efic\u00e1cia da forma\u00e7\u00e3o. A de disponibiliza\u00e7\u00e3o destes inqu\u00e9ritos \u00e9 configur\u00e1vel e definida pelo gestor da forma\u00e7\u00e3o.<\/p>    <\/div>\n<\/div>\n<!-- \/module text -->\t        <\/div>\n\t    \t<\/div>\n\t\t<div  style=\"width: 41.74%\" data-lazy=\"1\" class=\"sub_column module_column tf_box col4-2 last tb_ynsq265 fullcover\" > \n\t    \t    \t<\/div>\n\t\t    <\/div>\n\t<\/div><!-- \/themify_builder_sub_row -->\n\t\t        <\/div>\n\t    \t<\/div>\n\t\t    <\/div>\n\t    <!-- \/row_inner -->\n\t<\/div>\n\t<!-- \/module_row -->\n\t\t<!-- module_row -->\n\t<div  data-lazy=\"1\" class=\"module_row themify_builder_row repeat tb_e0d9342 tf_clearfix\" >\n\t    \t\t<div class=\"row_inner col_align_top col-count-1 tf_box tf_w tf_rel\">\n\t\t\t<div  data-lazy=\"1\" class=\"module_column tb-column col-full first tb_3xf3343 tf_box\">\n\t\t\t    \t        <div class=\"tb-column-inner tf_box tf_w\">\n\t\t    \t<div  data-lazy=\"1\" class=\"module_subrow themify_builder_sub_row tb_vgpl343 tf_w tf_clearfix\">\n\t    \t\t<div class=\"subrow_inner col_align_top col-count-1 tf_box tf_w\">\n\t\t\t<div  data-lazy=\"1\" class=\"sub_column module_column tf_box col-full first tb_l2af344\" > \n\t    \t    \t        <div class=\"tb-column-inner tf_box tf_w\">\n\t\t    <!-- module text -->\n<div  class=\"module module-text tb_qttz345  repeat \" data-lazy=\"1\">\n        <div  class=\"tb_text_wrap\">\n    <h2>Dashboards, relat\u00f3rios e mais dashboards<\/h2>    <\/div>\n<\/div>\n<!-- \/module text --><!-- module text -->\n<div  class=\"module module-text tb_q5e1345   \" data-lazy=\"1\">\n        <div  class=\"tb_text_wrap\">\n    <p style=\"text-align: center;\">O objectivo de implementa\u00e7\u00e3o do sistema n\u00e3o passa apenas pela organiza\u00e7\u00e3o, centraliza\u00e7\u00e3o de informa\u00e7\u00e3o mas que se revele um ponto de analise que o apoie em processos de tomada de decis\u00e3o. Nesse sentido disponibilizamos Dashboards contextualizados &#8220;out-off-the-box&#8221; por:<\/p>    <\/div>\n<\/div>\n<!-- \/module text -->\t        <\/div>\n\t    \t<\/div>\n\t\t    <\/div>\n\t<\/div><!-- \/themify_builder_sub_row -->\n\t\t        <\/div>\n\t    \t<\/div>\n\t\t    <\/div>\n\t    <!-- \/row_inner -->\n\t<\/div>\n\t<!-- \/module_row -->\n\t\t<!-- module_row -->\n\t<div  data-css_id=\"jf2y334\" data-lazy=\"1\" class=\"module_row themify_builder_row caixas-suporte repeat fullwidth tb_jf2y334 tf_clearfix\" >\n\t    \t\t<div class=\"row_inner col_align_top col-count-2 tf_box tf_w tf_rel\"  data-basecol=\"2\" data-col_mobile=\"column-full\">\n\t\t\t<div  data-lazy=\"1\" class=\"module_column tb-column col4-2 first tb_0tcq335 tf_box\">\n\t\t\t    \t        <div class=\"tb-column-inner tf_box tf_w\">\n\t\t    \t<div  data-lazy=\"1\" class=\"module_subrow themify_builder_sub_row repeat tb_dy3n335 tf_w tf_clearfix\">\n\t    \t\t<div class=\"subrow_inner col_align_top col-count-2 tf_box tf_w\">\n\t\t\t<div  style=\"width: 12.29%\" data-lazy=\"1\" class=\"sub_column module_column tf_box col4-2 first tb_rk7c336\" > \n\t    \t    \t        <div class=\"tb-column-inner tf_box tf_w\">\n\t\t    <!-- module image -->\n<div  class=\"module module-image tb_1rsf336  image-certo image-right tf_mw\" data-lazy=\"1\">\n        <div class=\"image-wrap tf_rel tf_mw\">\n\t\t    <img loading=\"lazy\" src=\"https:\/\/arquiconsult.com\/wp-content\/uploads\/2021\/11\/Dynamics-365-BC-Dynamics-365-Enterprise-Sales-Microsoft-Dynamics-365-RGPD-Commerce-Microsoft-Dynamics-NAV-Navision-Microsoft-Softwares-50x50.png\" width=\"50\" height=\"50\" class=\"wp-post-image wp-image-28876\" title=\"Dynamics 365 BC-Dynamics 365 Enterprise-Sales-Microsoft Dynamics 365-RGPD-Commerce-Microsoft Dynamics NAV-Navision-Microsoft-Softwares\" alt=\"Dynamics 365 BC-Dynamics 365 Enterprise-Sales-Microsoft Dynamics 365-RGPD-Commerce-Microsoft Dynamics NAV-Navision-Microsoft-Softwares\" srcset=\"https:\/\/arquiconsult.com\/wp-content\/uploads\/2021\/11\/Dynamics-365-BC-Dynamics-365-Enterprise-Sales-Microsoft-Dynamics-365-RGPD-Commerce-Microsoft-Dynamics-NAV-Navision-Microsoft-Softwares-50x50.png 50w, https:\/\/arquiconsult.com\/wp-content\/uploads\/2021\/11\/Dynamics-365-BC-Dynamics-365-Enterprise-Sales-Microsoft-Dynamics-365-RGPD-Commerce-Microsoft-Dynamics-NAV-Navision-Microsoft-Softwares-70x71.png 70w, https:\/\/arquiconsult.com\/wp-content\/uploads\/2021\/11\/Dynamics-365-BC-Dynamics-365-Enterprise-Sales-Microsoft-Dynamics-365-RGPD-Commerce-Microsoft-Dynamics-NAV-Navision-Microsoft-Softwares-60x60.png 60w, https:\/\/arquiconsult.com\/wp-content\/uploads\/2021\/11\/Dynamics-365-BC-Dynamics-365-Enterprise-Sales-Microsoft-Dynamics-365-RGPD-Commerce-Microsoft-Dynamics-NAV-Navision-Microsoft-Softwares-200x203.png 200w, https:\/\/arquiconsult.com\/wp-content\/uploads\/2021\/11\/Dynamics-365-BC-Dynamics-365-Enterprise-Sales-Microsoft-Dynamics-365-RGPD-Commerce-Microsoft-Dynamics-NAV-Navision-Microsoft-Softwares-30x30.png 30w, https:\/\/arquiconsult.com\/wp-content\/uploads\/2021\/11\/Dynamics-365-BC-Dynamics-365-Enterprise-Sales-Microsoft-Dynamics-365-RGPD-Commerce-Microsoft-Dynamics-NAV-Navision-Microsoft-Softwares.png 61w\" sizes=\"(max-width: 50px) 100vw, 50px\" \/>\t\n\t\t<\/div>\n\t<!-- \/image-wrap -->\n    \n    \t<\/div>\n<!-- \/module image -->\t        <\/div>\n\t    \t<\/div>\n\t\t<div  style=\"width: 84.51%\" data-lazy=\"1\" class=\"sub_column module_column tf_box col4-2 last tb_dkoc337 repeat\" > \n\t    \t    \t        <div class=\"tb-column-inner tf_box tf_w\">\n\t\t    <!-- module text -->\n<div  class=\"module module-text tb_1bcd337   \" data-lazy=\"1\">\n        <div  class=\"tb_text_wrap\">\n    <p>Curso &#8211; Saiba quantas a\u00e7\u00f5es realizou por curso, horas de forma\u00e7\u00e3o, os seus participantes, formadores, fornecedores custos incorridos e lista de espera para futuras oportunidades<\/p>    <\/div>\n<\/div>\n<!-- \/module text -->\t        <\/div>\n\t    \t<\/div>\n\t\t    <\/div>\n\t<\/div><!-- \/themify_builder_sub_row -->\n\t\t        <\/div>\n\t    \t<\/div>\n\t\t<div  data-lazy=\"1\" class=\"module_column tb-column col4-2 last tb_rvpn348 tf_box\">\n\t\t\t    \t        <div class=\"tb-column-inner tf_box tf_w\">\n\t\t    \t<div  data-lazy=\"1\" class=\"module_subrow themify_builder_sub_row repeat tb_0d1f738 tf_w tf_clearfix\">\n\t    \t\t<div class=\"subrow_inner col_align_top col-count-2 tf_box tf_w\">\n\t\t\t<div  style=\"width: 12.29%\" data-lazy=\"1\" class=\"sub_column module_column tf_box col4-2 first tb_ae6j738\" > \n\t    \t    \t        <div class=\"tb-column-inner tf_box tf_w\">\n\t\t    <!-- module image -->\n<div  class=\"module module-image tb_hcg6739  image-certo image-right tf_mw\" data-lazy=\"1\">\n        <div class=\"image-wrap tf_rel tf_mw\">\n\t\t    <img loading=\"lazy\" src=\"https:\/\/arquiconsult.com\/wp-content\/uploads\/2021\/11\/Dynamics-365-BC-Dynamics-365-Enterprise-Sales-Microsoft-Dynamics-365-RGPD-Commerce-Microsoft-Dynamics-NAV-Navision-Microsoft-Softwares-50x50.png\" width=\"50\" height=\"50\" class=\"wp-post-image wp-image-28876\" title=\"Dynamics 365 BC-Dynamics 365 Enterprise-Sales-Microsoft Dynamics 365-RGPD-Commerce-Microsoft Dynamics NAV-Navision-Microsoft-Softwares\" alt=\"Dynamics 365 BC-Dynamics 365 Enterprise-Sales-Microsoft Dynamics 365-RGPD-Commerce-Microsoft Dynamics NAV-Navision-Microsoft-Softwares\" srcset=\"https:\/\/arquiconsult.com\/wp-content\/uploads\/2021\/11\/Dynamics-365-BC-Dynamics-365-Enterprise-Sales-Microsoft-Dynamics-365-RGPD-Commerce-Microsoft-Dynamics-NAV-Navision-Microsoft-Softwares-50x50.png 50w, https:\/\/arquiconsult.com\/wp-content\/uploads\/2021\/11\/Dynamics-365-BC-Dynamics-365-Enterprise-Sales-Microsoft-Dynamics-365-RGPD-Commerce-Microsoft-Dynamics-NAV-Navision-Microsoft-Softwares-70x71.png 70w, https:\/\/arquiconsult.com\/wp-content\/uploads\/2021\/11\/Dynamics-365-BC-Dynamics-365-Enterprise-Sales-Microsoft-Dynamics-365-RGPD-Commerce-Microsoft-Dynamics-NAV-Navision-Microsoft-Softwares-60x60.png 60w, https:\/\/arquiconsult.com\/wp-content\/uploads\/2021\/11\/Dynamics-365-BC-Dynamics-365-Enterprise-Sales-Microsoft-Dynamics-365-RGPD-Commerce-Microsoft-Dynamics-NAV-Navision-Microsoft-Softwares-200x203.png 200w, https:\/\/arquiconsult.com\/wp-content\/uploads\/2021\/11\/Dynamics-365-BC-Dynamics-365-Enterprise-Sales-Microsoft-Dynamics-365-RGPD-Commerce-Microsoft-Dynamics-NAV-Navision-Microsoft-Softwares-30x30.png 30w, https:\/\/arquiconsult.com\/wp-content\/uploads\/2021\/11\/Dynamics-365-BC-Dynamics-365-Enterprise-Sales-Microsoft-Dynamics-365-RGPD-Commerce-Microsoft-Dynamics-NAV-Navision-Microsoft-Softwares.png 61w\" sizes=\"(max-width: 50px) 100vw, 50px\" \/>\t\n\t\t<\/div>\n\t<!-- \/image-wrap -->\n    \n    \t<\/div>\n<!-- \/module image -->\t        <\/div>\n\t    \t<\/div>\n\t\t<div  style=\"width: 84.51%\" data-lazy=\"1\" class=\"sub_column module_column tf_box col4-2 last tb_gr35739 repeat\" > \n\t    \t    \t        <div class=\"tb-column-inner tf_box tf_w\">\n\t\t    <!-- module text -->\n<div  class=\"module module-text tb_4tj0740   \" data-lazy=\"1\">\n        <div  class=\"tb_text_wrap\">\n    <p>Plano &#8211; Vis\u00e3o global da execu\u00e7\u00e3o do seu plano de forma\u00e7\u00e3o, a\u00e7\u00f5es planeadas, em curso, n\u00e3o realizadas, conclu\u00eddas, lista de espera, n\u00famero de formandos, custos<\/p>    <\/div>\n<\/div>\n<!-- \/module text -->\t        <\/div>\n\t    \t<\/div>\n\t\t    <\/div>\n\t<\/div><!-- \/themify_builder_sub_row -->\n\t\t        <\/div>\n\t    \t<\/div>\n\t\t    <\/div>\n\t    <!-- \/row_inner -->\n\t<\/div>\n\t<!-- \/module_row -->\n\t\t<!-- module_row -->\n\t<div  data-lazy=\"1\" class=\"module_row themify_builder_row tb_z2h8143 tf_clearfix\">\n\t    \t\t<div class=\"row_inner col_align_top col-count-1 tf_box tf_w tf_rel\">\n\t\t\t<div  data-lazy=\"1\" class=\"module_column tb-column col-full first tb_192t144 tf_box\">\n\t\t\t    \t        <div class=\"tb-column-inner tf_box tf_w\">\n\t\t    <!-- module text -->\n<div  class=\"module module-text tb_w3nd192   \" data-lazy=\"1\">\n        <div  class=\"tb_text_wrap\">\n    <p style=\"text-align: center;\">Caso n\u00e3o seja suficiente disponibilizamos a possibilidade de extrair a informa\u00e7\u00e3o para formato de folha de c\u00e1lculo para que realize as suas pr\u00f3prias an\u00e1lises, no entanto disponibilizamos de base um conjunto de an\u00e1lises\/relat\u00f3rios aperfei\u00e7oados ao longo dos anos que passam por:<\/p>    <\/div>\n<\/div>\n<!-- \/module text -->\t        <\/div>\n\t    \t<\/div>\n\t\t    <\/div>\n\t    <!-- \/row_inner -->\n\t<\/div>\n\t<!-- \/module_row -->\n\t\t<!-- module_row -->\n\t<div  data-css_id=\"n1hk111\" data-lazy=\"1\" class=\"module_row themify_builder_row caixas-suporte repeat fullwidth tb_n1hk111 tf_clearfix\" >\n\t    \t\t<div class=\"row_inner col_align_top col-count-1 tf_box tf_w tf_rel\">\n\t\t\t<div  data-lazy=\"1\" class=\"module_column tb-column col-full first tb_6tw0112 tf_box\">\n\t\t\t    \t        <div class=\"tb-column-inner tf_box tf_w\">\n\t\t    \t<div  data-lazy=\"1\" class=\"module_subrow themify_builder_sub_row repeat tb_5l3r112 tf_w tf_clearfix wow\" data-tf-animation=\"pulse\">\n\t    \t\t<div class=\"subrow_inner col_align_top col-count-5 tf_box tf_w\"  data-basecol=\"5\" data-col_mobile=\"column5-1\">\n\t\t\t<div  style=\"width: 25.46%\" data-lazy=\"1\" class=\"sub_column module_column tf_box col5-1 first tb_lcna113\" > \n\t    \t    \t        <div class=\"tb-column-inner tf_box tf_w\">\n\t\t    <!-- module text -->\n<div  class=\"module module-text tb_09z9114   \" data-lazy=\"1\">\n        <div  class=\"tb_text_wrap\">\n    <p style=\"text-align: center;\">\u2022 Balan\u00e7o Anual de Actividades<\/p>    <\/div>\n<\/div>\n<!-- \/module text -->\t        <\/div>\n\t    \t<\/div>\n\t\t<div  style=\"width: 5.33%\" data-lazy=\"1\" class=\"sub_column module_column tf_box col5-1 second tb_rui8114 repeat\" > \n\t    \t    \t        <div class=\"tb-column-inner tf_box tf_w\">\n\t\t    <!-- module text -->\n<div  class=\"module module-text tb_k6ta596 linha-vertical  \" data-lazy=\"1\">\n        <div  class=\"tb_text_wrap\">\n    <br \/>\n    <\/div>\n<\/div>\n<!-- \/module text -->\t        <\/div>\n\t    \t<\/div>\n\t\t<div  style=\"width: 27.16%\" data-lazy=\"1\" class=\"sub_column module_column tf_box col5-1 third tb_fh0s977\"> \n\t    \t    \t        <div class=\"tb-column-inner tf_box tf_w\">\n\t\t    <!-- module text -->\n<div  class=\"module module-text tb_k2sw910   \" data-lazy=\"1\">\n        <div  class=\"tb_text_wrap\">\n    <p>Outros relat\u00f3rios:<br \/>\u2022 Declara\u00e7\u00e3o de participa\u00e7\u00e3o<br \/>\u2022 Lista de formandos por a\u00e7\u00e3o<br \/>\u2022 Lista de Necessidades de forma\u00e7\u00e3o<br \/>\u2022 Registo individual de forma\u00e7\u00e3o recebida<br \/>\u2022 Lista de espera<\/p>    <\/div>\n<\/div>\n<!-- \/module text -->\t        <\/div>\n\t    \t<\/div>\n\t\t<div  style=\"width: 5.2%\" data-lazy=\"1\" class=\"sub_column module_column tf_box col5-1 fourth tb_ix6o173 repeat\" > \n\t    \t    \t        <div class=\"tb-column-inner tf_box tf_w\">\n\t\t    <!-- module text -->\n<div  class=\"module module-text tb_qvgw174 linha-vertical  \" data-lazy=\"1\">\n        <div  class=\"tb_text_wrap\">\n    <br \/>\n    <\/div>\n<\/div>\n<!-- \/module text -->\t        <\/div>\n\t    \t<\/div>\n\t\t<div  style=\"width: 24.05%\" data-lazy=\"1\" class=\"sub_column module_column tf_box col5-1 last tb_i351978\"> \n\t    \t    \t        <div class=\"tb-column-inner tf_box tf_w\">\n\t\t    <!-- module text -->\n<div  class=\"module module-text tb_zdug255   \" data-lazy=\"1\">\n        <div  class=\"tb_text_wrap\">\n    <p style=\"text-align: left;\">\u2022 Avalia\u00e7\u00e3o da A\u00e7\u00e3o<\/p>    <\/div>\n<\/div>\n<!-- \/module text -->\t        <\/div>\n\t    \t<\/div>\n\t\t    <\/div>\n\t<\/div><!-- \/themify_builder_sub_row -->\n\t\t        <\/div>\n\t    \t<\/div>\n\t\t    <\/div>\n\t    <!-- \/row_inner -->\n\t<\/div>\n\t<!-- \/module_row -->\n\t\t<!-- module_row -->\n\t<div  data-lazy=\"1\" class=\"module_row themify_builder_row tb_346h816 tf_clearfix\">\n\t    \t\t<div class=\"row_inner col_align_top col-count-1 tf_box tf_w tf_rel\">\n\t\t\t<div  data-lazy=\"1\" class=\"module_column tb-column col-full first tb_egzd817 tf_box\">\n\t\t\t    \t        <div class=\"tb-column-inner tf_box tf_w\">\n\t\t    <!-- module buttons -->\n<div  class=\"module module-buttons tb_xl2k819 buttons-horizontal transparent  large circle tf_textc wow\" data-tf-animation=\"pulse\" data-lazy=\"1\">\n    \t<div class=\"module-buttons-item tf_inline_b\">\n\t\t\t\t\t\t\t<a href=\"https:\/\/arquiconsult.com\/employee-portal\/\" class=\"ui builder_button tb_default_color\" >\n\t\t\t\t\t\t\t\t\t\t\t<span class=\"tf_inline_b tf_vmiddle\">Voltar<\/span>\n\t\t\t\t\t\t\t\t\t\t\t<\/a>\n\t\t\t    \t<\/div>\n\t<\/div>\n<!-- \/module buttons -->\n\t        <\/div>\n\t    \t<\/div>\n\t\t    <\/div>\n\t    <!-- \/row_inner -->\n\t<\/div>\n\t<!-- \/module_row -->\n\t\t<!-- module_row -->\n\t<div  data-lazy=\"1\" class=\"module_row themify_builder_row tb_1dd647 tf_clearfix\" >\n\t    \t\t<div class=\"row_inner col_align_top col-count-1 tf_box tf_w tf_rel\">\n\t\t\t<div  data-lazy=\"1\" class=\"module_column tb-column col-full first tb_e0qr48 tf_box\">\n\t\t\t    \t        <div class=\"tb-column-inner tf_box tf_w\">\n\t\t    <!-- module image -->\n<div  class=\"module module-image tb_ov3n636   image-center tf_mw wow\" data-tf-animation=\"fadeInUp\" data-lazy=\"1\">\n        <div class=\"image-wrap tf_rel tf_mw\">\n\t\t    <img loading=\"lazy\" src=\"https:\/\/arquiconsult.com\/wp-content\/uploads\/2021\/11\/Employee-Portal-Logo-200x143.png\" width=\"200\" height=\"143\" class=\"wp-post-image wp-image-28589\" title=\"Employee Portal-Logo\" alt=\"Employee Portal-Logo\" srcset=\"https:\/\/arquiconsult.com\/wp-content\/uploads\/2021\/11\/Employee-Portal-Logo-200x143.png 200w, https:\/\/arquiconsult.com\/wp-content\/uploads\/2021\/11\/Employee-Portal-Logo.png 331w\" sizes=\"(max-width: 200px) 100vw, 200px\" \/>\t\n\t\t<\/div>\n\t<!-- \/image-wrap -->\n    \n    \t<\/div>\n<!-- \/module image -->\t        <\/div>\n\t    \t<\/div>\n\t\t    <\/div>\n\t    <!-- \/row_inner -->\n\t<\/div>\n\t<!-- \/module_row -->\n\t<\/div>\n<!--\/themify_builder_content-->","protected":false},"excerpt":{"rendered":"<p>FORMA\u00c7\u00c3O Proceda \u00e0 recolha de necessidades de forma\u00e7\u00e3o de uma forma simples, planifique as a\u00e7\u00f5es formativas a realizar, compare vers\u00f5es de plano, simplifique uma das obrigatoriedades legais (Relat\u00f3rio \u00danico), tudo com a utiliza\u00e7\u00e3o deste m\u00f3dulo. Acabe com as Forma\u00e7\u00f5es desajustadas Nem sempre as forma\u00e7\u00f5es seleccionadas bem como a defini\u00e7\u00e3o de empregados a participar nas mesmas [&hellip;]<\/p>\n","protected":false},"author":4,"featured_media":0,"parent":0,"menu_order":0,"comment_status":"closed","ping_status":"closed","template":"","meta":[],"acf":[],"_links":{"self":[{"href":"https:\/\/arquiconsult.com\/pt-br\/wp-json\/wp\/v2\/pages\/10808"}],"collection":[{"href":"https:\/\/arquiconsult.com\/pt-br\/wp-json\/wp\/v2\/pages"}],"about":[{"href":"https:\/\/arquiconsult.com\/pt-br\/wp-json\/wp\/v2\/types\/page"}],"author":[{"embeddable":true,"href":"https:\/\/arquiconsult.com\/pt-br\/wp-json\/wp\/v2\/users\/4"}],"replies":[{"embeddable":true,"href":"https:\/\/arquiconsult.com\/pt-br\/wp-json\/wp\/v2\/comments?post=10808"}],"version-history":[{"count":0,"href":"https:\/\/arquiconsult.com\/pt-br\/wp-json\/wp\/v2\/pages\/10808\/revisions"}],"wp:attachment":[{"href":"https:\/\/arquiconsult.com\/pt-br\/wp-json\/wp\/v2\/media?parent=10808"}],"curies":[{"name":"wp","href":"https:\/\/api.w.org\/{rel}","templated":true}]}}