{"id":116611,"date":"2025-12-16T09:45:08","date_gmt":"2025-12-16T09:45:08","guid":{"rendered":"https:\/\/arquiconsult.com\/?page_id=116611"},"modified":"2025-12-16T10:01:28","modified_gmt":"2025-12-16T10:01:28","slug":"os-nossos-servicos-de-capacitacao","status":"publish","type":"page","link":"https:\/\/arquiconsult.com\/pt-br\/os-nossos-servicos-de-capacitacao\/","title":{"rendered":"Os Nossos Servi\u00e7os de Capacita\u00e7\u00e3o"},"content":{"rendered":"<!--themify_builder_content-->\n<div id=\"themify_builder_content-116611\" data-postid=\"116611\" class=\"themify_builder_content themify_builder_content-116611 themify_builder tf_clear\">\n    \t<!-- module_row -->\n\t<div  data-css_id=\"rc17995\" data-lazy=\"1\" class=\"module_row themify_builder_row repeat fullwidth tb_rc17995 tb_first tf_clearfix wow\" data-tf-animation=\"fadeInUp\" >\n\t    \t\t<div class=\"row_inner col_align_top col-count-1 tf_box tf_w tf_rel\">\n\t\t\t<div  data-lazy=\"1\" class=\"module_column tb-column col-full first tb_yv6w995 tf_box\">\n\t\t\t    \t        <div class=\"tb-column-inner tf_box tf_w\">\n\t\t    <!-- module text -->\n<div  class=\"module module-text tb_ajlv995  repeat \" data-lazy=\"1\">\n        <div  class=\"tb_text_wrap\">\n    <h2 style=\"text-align: center;\"><strong>Os Nossos Servi\u00e7os de Capacita\u00e7\u00e3o<\/strong><\/h2>    <\/div>\n<\/div>\n<!-- \/module text -->\t        <\/div>\n\t    \t<\/div>\n\t\t    <\/div>\n\t    <!-- \/row_inner -->\n\t<\/div>\n\t<!-- \/module_row -->\n\t\t<!-- module_row -->\n\t<div  data-css_id=\"l0rl669\" data-lazy=\"1\" class=\"module_row themify_builder_row repeat fullwidth tb_l0rl669 tf_clearfix\" >\n\t    \t\t<div class=\"row_inner col_align_top col-count-3 tf_box tf_w tf_rel\"  data-basecol=\"3\" data-col_tablet=\"column-full\" data-col_tablet_landscape=\"column6-1\" data-col_mobile=\"column-full\">\n\t\t\t<div  data-lazy=\"1\" class=\"module_column tb-column col3-1 first tb_0q12669 repeat tf_box\">\n\t\t\t    \t        <div class=\"tb-column-inner tf_box tf_w\">\n\t\t    <!-- module image -->\n<div  class=\"module module-image tb_bhab669   image-center tf_mw\" data-lazy=\"1\">\n        <div class=\"image-wrap tf_rel tf_mw\">\n\t\t    \t\n\t\t<\/div>\n\t<!-- \/image-wrap -->\n    \n    \t<div class=\"image-content\">\n\t    \t\t\t<h3 class=\"image-title\">\n\t\t\t\t\t\t\t\t\tImplementa\u00e7\u00e3o da Estrutura de Governa\u00e7\u00e3o de IA\t\t\t\t\t\t\t<\/h3>\n\t    \n\t    \t\t<div class=\"image-caption tb_text_wrap\">\n\t\t    Estabele\u00e7a as pol\u00edticas, procedimentos e mecanismos de supervis\u00e3o necess\u00e1rios para uma ado\u00e7\u00e3o respons\u00e1vel e escal\u00e1vel da IA em toda a organiza\u00e7\u00e3o. Ajudamos a conceber e implementar estruturas de governa\u00e7\u00e3o que equilibram inova\u00e7\u00e3o com seguran\u00e7a, conformidade e considera\u00e7\u00f5es \u00e9ticas.\t    <\/div>\n\t    <!-- \/image-caption -->\n\t    \t<\/div>\n\t<!-- \/image-content -->\n    \t<\/div>\n<!-- \/module image --><!-- module text -->\n<div  class=\"module module-text tb_piwj670  repeat \" data-lazy=\"1\">\n        <div  class=\"tb_text_wrap\">\n    <p style=\"text-align: left;\"><style>#sp-ea-119484 .spcollapsing { height: 0; overflow: hidden; transition-property: height;transition-duration: 300ms;}#sp-ea-119484.sp-easy-accordion>.sp-ea-single {margin-bottom: 10px; border: 0px solid #e2e2e2; }#sp-ea-119484.sp-easy-accordion>.sp-ea-single>.ea-header a {color: #444;}#sp-ea-119484.sp-easy-accordion>.sp-ea-single>.sp-collapse>.ea-body {background: transparent; color: #444;}#sp-ea-119484.sp-easy-accordion>.sp-ea-single {background: transparent;}#sp-ea-119484.sp-easy-accordion>.sp-ea-single>.ea-header a .ea-expand-icon { float: left; color: #444;font-size: 16px;}<\/style><div id=\"sp_easy_accordion-1765878617\"><div id=\"sp-ea-119484\" class=\"sp-ea-one sp-easy-accordion\" data-ea-active=\"ea-click\" data-ea-mode=\"vertical\" data-preloader=\"\" data-scroll-active-item=\"\" data-offset-to-scroll=\"0\"><div class=\"ea-card ea-expand sp-ea-single\"><h3 class=\"ea-header\"><a class=\"collapsed\" id=\"ea-header-1194840\" role=\"button\" data-sptoggle=\"spcollapse\" data-sptarget=\"#collapse1194840\" aria-controls=\"collapse1194840\" href=\"#\" aria-expanded=\"true\" tabindex=\"0\"><i aria-hidden=\"true\" role=\"presentation\" class=\"ea-expand-icon eap-icon-ea-expand-minus\"><\/i> Componentes da Governa\u00e7\u00e3o:<\/a><\/h3><div class=\"sp-collapse spcollapse collapsed show\" id=\"collapse1194840\" data-parent=\"#sp-ea-119484\" role=\"region\" aria-labelledby=\"ea-header-1194840\"> <div class=\"ea-body\">. Pol\u00edticas de utiliza\u00e7\u00e3o de IA e diretrizes \u00e9ticas;<br>. Normas de governa\u00e7\u00e3o de dados e prote\u00e7\u00e3o da privacidade;<br>. Controlo de acessos e permiss\u00f5es baseados em fun\u00e7\u00f5es;<br>. Fluxos de aprova\u00e7\u00e3o para agentes de IA e processos de implementa\u00e7\u00e3o;<br>. Monitoriza\u00e7\u00e3o, auditoria e relat\u00f3rios de conformidade;<br>. Melhoria cont\u00ednua e evolu\u00e7\u00e3o das pol\u00edticas.<\/div><\/div><\/div><\/div><\/div><\/p>    <\/div>\n<\/div>\n<!-- \/module text -->\t        <\/div>\n\t    \t<\/div>\n\t\t<div  data-lazy=\"1\" class=\"module_column tb-column col3-1 middle tb_xy8d670 repeat tf_box\">\n\t\t\t    \t        <div class=\"tb-column-inner tf_box tf_w\">\n\t\t    <!-- module image -->\n<div  class=\"module module-image tb_b1ml670   image-center tf_mw\" data-lazy=\"1\">\n        <div class=\"image-wrap tf_rel tf_mw\">\n\t\t    \t\n\t\t<\/div>\n\t<!-- \/image-wrap -->\n    \n    \t<div class=\"image-content\">\n\t    \t\t\t<h3 class=\"image-title\">\n\t\t\t\t\t\t\t\t\tGest\u00e3o da Mudan\u00e7a e Estrat\u00e9gia de Ado\u00e7\u00e3o\t\t\t\t\t\t\t<\/h3>\n\t    \n\t    \t\t<div class=\"image-caption tb_text_wrap\">\n\t\t    A transforma\u00e7\u00e3o com IA exige mudan\u00e7a organizacional. Desenvolvemos e executamos estrat\u00e9gias de gest\u00e3o da mudan\u00e7a que preparam a for\u00e7a de trabalho, criam entusiasmo em torno das capacidades de IA, abordam resist\u00eancias e formam \u201cchampions\u201d que impulsionam a ado\u00e7\u00e3o em todos os departamentos.\t    <\/div>\n\t    <!-- \/image-caption -->\n\t    \t<\/div>\n\t<!-- \/image-content -->\n    \t<\/div>\n<!-- \/module image --><!-- module text -->\n<div  class=\"module module-text tb_kson670  repeat \" data-lazy=\"1\">\n        <div  class=\"tb_text_wrap\">\n    <p style=\"text-align: left;\"><style>#sp-ea-119486 .spcollapsing { height: 0; overflow: hidden; transition-property: height;transition-duration: 300ms;}#sp-ea-119486.sp-easy-accordion>.sp-ea-single {margin-bottom: 10px; border: 0px solid #e2e2e2; }#sp-ea-119486.sp-easy-accordion>.sp-ea-single>.ea-header a {color: #444;}#sp-ea-119486.sp-easy-accordion>.sp-ea-single>.sp-collapse>.ea-body {background: transparent; color: #444;}#sp-ea-119486.sp-easy-accordion>.sp-ea-single {background: transparent;}#sp-ea-119486.sp-easy-accordion>.sp-ea-single>.ea-header a .ea-expand-icon { float: left; color: #444;font-size: 16px;}<\/style><div id=\"sp_easy_accordion-1765878717\"><div id=\"sp-ea-119486\" class=\"sp-ea-one sp-easy-accordion\" data-ea-active=\"ea-click\" data-ea-mode=\"vertical\" data-preloader=\"\" data-scroll-active-item=\"\" data-offset-to-scroll=\"0\"><div class=\"ea-card ea-expand sp-ea-single\"><h3 class=\"ea-header\"><a class=\"collapsed\" id=\"ea-header-1194860\" role=\"button\" data-sptoggle=\"spcollapse\" data-sptarget=\"#collapse1194860\" aria-controls=\"collapse1194860\" href=\"#\" aria-expanded=\"true\" tabindex=\"0\"><i aria-hidden=\"true\" role=\"presentation\" class=\"ea-expand-icon eap-icon-ea-expand-minus\"><\/i> A Nossa Abordagem de Gest\u00e3o da Mudan\u00e7a:<\/a><\/h3><div class=\"sp-collapse spcollapse collapsed show\" id=\"collapse1194860\" data-parent=\"#sp-ea-119486\" role=\"region\" aria-labelledby=\"ea-header-1194860\"> <div class=\"ea-body\">. An\u00e1lise das partes interessadas e planeamento do envolvimento;<br>. Ativa\u00e7\u00e3o do patroc\u00ednio executivo;<br>. Campanhas de comunica\u00e7\u00e3o e programas de sensibiliza\u00e7\u00e3o;<br>. Desenvolvimento e capacita\u00e7\u00e3o da rede de \u201cchampions\u201d;<br>. Recolha de feedback e melhoria cont\u00ednua;<br>. M\u00e9tricas de ado\u00e7\u00e3o e medi\u00e7\u00e3o do sucesso.<\/div><\/div><\/div><\/div><\/div><\/p>    <\/div>\n<\/div>\n<!-- \/module text -->\t        <\/div>\n\t    \t<\/div>\n\t\t<div  data-lazy=\"1\" class=\"module_column tb-column col3-1 last tb_o4bd671 repeat tf_box\">\n\t\t\t    \t        <div class=\"tb-column-inner tf_box tf_w\">\n\t\t    <!-- module image -->\n<div  class=\"module module-image tb_rnio671   image-center tf_mw\" data-lazy=\"1\">\n        <div class=\"image-wrap tf_rel tf_mw\">\n\t\t    \t\n\t\t<\/div>\n\t<!-- \/image-wrap -->\n    \n    \t<div class=\"image-content\">\n\t    \t\t\t<h3 class=\"image-title\">\n\t\t\t\t\t\t\t\t\tProgramas de Forma\u00e7\u00e3o e Requalifica\u00e7\u00e3o\t\t\t\t\t\t\t<\/h3>\n\t    \n\t    \t\t<div class=\"image-caption tb_text_wrap\">\n\t\t    Capacite as suas equipas com conhecimentos e compet\u00eancias para utilizar a IA de forma eficaz. Concebemos e entregamos programas de forma\u00e7\u00e3o baseados em fun\u00e7\u00f5es que combinam compreens\u00e3o conceptual com pr\u00e1tica, garantindo que os utilizadores aplicam as ferramentas de IA com confian\u00e7a no seu trabalho di\u00e1rio.\t    <\/div>\n\t    <!-- \/image-caption -->\n\t    \t<\/div>\n\t<!-- \/image-content -->\n    \t<\/div>\n<!-- \/module image --><!-- module text -->\n<div  class=\"module module-text tb_xpta671  repeat \" data-lazy=\"1\">\n        <div  class=\"tb_text_wrap\">\n    <p style=\"text-align: left;\"><style>#sp-ea-119487 .spcollapsing { height: 0; overflow: hidden; transition-property: height;transition-duration: 300ms;}#sp-ea-119487.sp-easy-accordion>.sp-ea-single {margin-bottom: 10px; border: 0px solid #e2e2e2; }#sp-ea-119487.sp-easy-accordion>.sp-ea-single>.ea-header a {color: #444;}#sp-ea-119487.sp-easy-accordion>.sp-ea-single>.sp-collapse>.ea-body {background: transparent; color: #444;}#sp-ea-119487.sp-easy-accordion>.sp-ea-single {background: transparent;}#sp-ea-119487.sp-easy-accordion>.sp-ea-single>.ea-header a .ea-expand-icon { float: left; color: #444;font-size: 16px;}<\/style><div id=\"sp_easy_accordion-1765878823\"><div id=\"sp-ea-119487\" class=\"sp-ea-one sp-easy-accordion\" data-ea-active=\"ea-click\" data-ea-mode=\"vertical\" data-preloader=\"\" data-scroll-active-item=\"\" data-offset-to-scroll=\"0\"><div class=\"ea-card ea-expand sp-ea-single\"><h3 class=\"ea-header\"><a class=\"collapsed\" id=\"ea-header-1194870\" role=\"button\" data-sptoggle=\"spcollapse\" data-sptarget=\"#collapse1194870\" aria-controls=\"collapse1194870\" href=\"#\" aria-expanded=\"true\" tabindex=\"0\"><i aria-hidden=\"true\" role=\"presentation\" class=\"ea-expand-icon eap-icon-ea-expand-minus\"><\/i> Elementos do Programa de Forma\u00e7\u00e3o:<\/a><\/h3><div class=\"sp-collapse spcollapse collapsed show\" id=\"collapse1194870\" data-parent=\"#sp-ea-119487\" role=\"region\" aria-labelledby=\"ea-header-1194870\"> <div class=\"ea-body\">. Sess\u00f5es para executivos sobre estrat\u00e9gia de IA e valor para o neg\u00f3cio;<br>. Forma\u00e7\u00e3o para utilizadores finais do Copilot em Vendas, Servi\u00e7o e Finan\u00e7as;<br>. Workshops avan\u00e7ados para Copilot Studio e agentes personalizados;<br>. Forma\u00e7\u00e3o para administradores de TI sobre implementa\u00e7\u00e3o e gest\u00e3o;<br>. Recursos de aprendizagem cont\u00ednua e plataformas de partilha de conhecimento;<br>. Percursos de certifica\u00e7\u00e3o para criadores de solu\u00e7\u00f5es de IA.<\/div><\/div><\/div><\/div><\/div><\/p>    <\/div>\n<\/div>\n<!-- \/module text -->\t        <\/div>\n\t    \t<\/div>\n\t\t    <\/div>\n\t    <!-- \/row_inner -->\n\t<\/div>\n\t<!-- \/module_row -->\n\t\t<!-- module_row -->\n\t<div  data-css_id=\"11qa19\" data-lazy=\"1\" class=\"module_row themify_builder_row repeat fullwidth tb_11qa19 tf_clearfix\" >\n\t    \t\t<div class=\"row_inner col_align_top col-count-3 tf_box tf_w tf_rel\"  data-basecol=\"3\" data-col_tablet=\"column-full\" data-col_tablet_landscape=\"column6-1\" data-col_mobile=\"column-full\">\n\t\t\t<div  data-lazy=\"1\" class=\"module_column tb-column col3-1 first tb_xql619 repeat tf_box\">\n\t\t\t    \t        <div class=\"tb-column-inner tf_box tf_w\">\n\t\t    <!-- module image -->\n<div  class=\"module module-image tb_lz4h20   image-center tf_mw\" data-lazy=\"1\">\n        <div class=\"image-wrap tf_rel tf_mw\">\n\t\t    \t\n\t\t<\/div>\n\t<!-- \/image-wrap -->\n    \n    \t<div class=\"image-content\">\n\t    \t\t\t<h3 class=\"image-title\">\n\t\t\t\t\t\t\t\t\tServi\u00e7os de Implementa\u00e7\u00e3o do Copilot\t\t\t\t\t\t\t<\/h3>\n\t    \n\t    \t\t<div class=\"image-caption tb_text_wrap\">\n\t\t    Prestamos servi\u00e7os completos de implementa\u00e7\u00e3o para o Microsoft 365 Copilot e solu\u00e7\u00f5es Copilot baseadas em fun\u00e7\u00f5es em todo o seu ambiente Dynamics 365. A nossa metodologia segue as melhores pr\u00e1ticas da Microsoft e recomenda\u00e7\u00f5es FastTrack para garantir um lan\u00e7amento bem-sucedido.\t    <\/div>\n\t    <!-- \/image-caption -->\n\t    \t<\/div>\n\t<!-- \/image-content -->\n    \t<\/div>\n<!-- \/module image --><!-- module text -->\n<div  class=\"module module-text tb_dv9c20  repeat \" data-lazy=\"1\">\n        <div  class=\"tb_text_wrap\">\n    <p style=\"text-align: left;\"><style>#sp-ea-119489 .spcollapsing { height: 0; overflow: hidden; transition-property: height;transition-duration: 300ms;}#sp-ea-119489.sp-easy-accordion>.sp-ea-single {margin-bottom: 10px; border: 0px solid #e2e2e2; }#sp-ea-119489.sp-easy-accordion>.sp-ea-single>.ea-header a {color: #444;}#sp-ea-119489.sp-easy-accordion>.sp-ea-single>.sp-collapse>.ea-body {background: transparent; color: #444;}#sp-ea-119489.sp-easy-accordion>.sp-ea-single {background: transparent;}#sp-ea-119489.sp-easy-accordion>.sp-ea-single>.ea-header a .ea-expand-icon { float: left; color: #444;font-size: 16px;}<\/style><div id=\"sp_easy_accordion-1765878914\"><div id=\"sp-ea-119489\" class=\"sp-ea-one sp-easy-accordion\" data-ea-active=\"ea-click\" data-ea-mode=\"vertical\" data-preloader=\"\" data-scroll-active-item=\"\" data-offset-to-scroll=\"0\"><div class=\"ea-card ea-expand sp-ea-single\"><h3 class=\"ea-header\"><a class=\"collapsed\" id=\"ea-header-1194890\" role=\"button\" data-sptoggle=\"spcollapse\" data-sptarget=\"#collapse1194890\" aria-controls=\"collapse1194890\" href=\"#\" aria-expanded=\"true\" tabindex=\"0\"><i aria-hidden=\"true\" role=\"presentation\" class=\"ea-expand-icon eap-icon-ea-expand-minus\"><\/i> Servi\u00e7os de Implementa\u00e7\u00e3o Incluem:<\/a><\/h3><div class=\"sp-collapse spcollapse collapsed show\" id=\"collapse1194890\" data-parent=\"#sp-ea-119489\" role=\"region\" aria-labelledby=\"ea-header-1194890\"> <div class=\"ea-body\">. Valida\u00e7\u00e3o e configura\u00e7\u00e3o dos pr\u00e9-requisitos t\u00e9cnicos;<br>. Refor\u00e7o de seguran\u00e7a e conformidade;<br>. Planeamento e execu\u00e7\u00e3o de implementa\u00e7\u00e3o faseada;<br>. Aprovisionamento de utilizadores e gest\u00e3o de licen\u00e7as;<br>. Integra\u00e7\u00e3o com Dynamics 365 e Power Platform;<br>. Monitoriza\u00e7\u00e3o de desempenho e resolu\u00e7\u00e3o de problemas.<\/div><\/div><\/div><\/div><\/div><\/p>    <\/div>\n<\/div>\n<!-- \/module text -->\t        <\/div>\n\t    \t<\/div>\n\t\t<div  data-lazy=\"1\" class=\"module_column tb-column col3-1 middle tb_n8ux20 repeat tf_box\">\n\t\t\t    \t        <div class=\"tb-column-inner tf_box tf_w\">\n\t\t    <!-- module image -->\n<div  class=\"module module-image tb_m2xx20   image-center tf_mw\" data-lazy=\"1\">\n        <div class=\"image-wrap tf_rel tf_mw\">\n\t\t    \t\n\t\t<\/div>\n\t<!-- \/image-wrap -->\n    \n    \t<div class=\"image-content\">\n\t    \t\t\t<h3 class=\"image-title\">\n\t\t\t\t\t\t\t\t\tDesenvolvimento de Agentes Personalizados com Copilot Studio\t\t\t\t\t\t\t<\/h3>\n\t    \n\t    \t\t<div class=\"image-caption tb_text_wrap\">\n\t\t    Crie agentes inteligentes adaptados aos seus processos de neg\u00f3cio utilizando o Copilot Studio. Os nossos programadores certificados desenvolvem copilots personalizados que automatizam fluxos de trabalho, respondem a perguntas dos colaboradores, integram-se com sistemas empresariais e expandem as capacidades do Microsoft 365 Copilot.\t    <\/div>\n\t    <!-- \/image-caption -->\n\t    \t<\/div>\n\t<!-- \/image-content -->\n    \t<\/div>\n<!-- \/module image --><!-- module text -->\n<div  class=\"module module-text tb_bqbq20  repeat \" data-lazy=\"1\">\n        <div  class=\"tb_text_wrap\">\n    <p style=\"text-align: left;\"><style>#sp-ea-119491 .spcollapsing { height: 0; overflow: hidden; transition-property: height;transition-duration: 300ms;}#sp-ea-119491.sp-easy-accordion>.sp-ea-single {margin-bottom: 10px; border: 0px solid #e2e2e2; }#sp-ea-119491.sp-easy-accordion>.sp-ea-single>.ea-header a {color: #444;}#sp-ea-119491.sp-easy-accordion>.sp-ea-single>.sp-collapse>.ea-body {background: transparent; color: #444;}#sp-ea-119491.sp-easy-accordion>.sp-ea-single {background: transparent;}#sp-ea-119491.sp-easy-accordion>.sp-ea-single>.ea-header a .ea-expand-icon { float: left; color: #444;font-size: 16px;}<\/style><div id=\"sp_easy_accordion-1765879016\"><div id=\"sp-ea-119491\" class=\"sp-ea-one sp-easy-accordion\" data-ea-active=\"ea-click\" data-ea-mode=\"vertical\" data-preloader=\"\" data-scroll-active-item=\"\" data-offset-to-scroll=\"0\"><div class=\"ea-card ea-expand sp-ea-single\"><h3 class=\"ea-header\"><a class=\"collapsed\" id=\"ea-header-1194910\" role=\"button\" data-sptoggle=\"spcollapse\" data-sptarget=\"#collapse1194910\" aria-controls=\"collapse1194910\" href=\"#\" aria-expanded=\"true\" tabindex=\"0\"><i aria-hidden=\"true\" role=\"presentation\" class=\"ea-expand-icon eap-icon-ea-expand-minus\"><\/i> Solu\u00e7\u00f5es de Agentes Personalizados:<\/a><\/h3><div class=\"sp-collapse spcollapse collapsed show\" id=\"collapse1194910\" data-parent=\"#sp-ea-119491\" role=\"region\" aria-labelledby=\"ea-header-1194910\"> <div class=\"ea-body\">. IA conversacional para self-service dos colaboradores;<br>. Agentes de automa\u00e7\u00e3o de processos para finan\u00e7as, RH e opera\u00e7\u00f5es;<br>. Integra\u00e7\u00e3o com bases de conhecimento e pesquisa inteligente;<br>. Agentes de integra\u00e7\u00e3o com CRM e ERP;<br>. Conectores personalizados para sistemas de terceiros;<br>. Orquestra\u00e7\u00e3o de fluxos de trabalho e automa\u00e7\u00e3o de aprova\u00e7\u00f5es.<\/div><\/div><\/div><\/div><\/div><\/p>    <\/div>\n<\/div>\n<!-- \/module text -->\t        <\/div>\n\t    \t<\/div>\n\t\t<div  data-lazy=\"1\" class=\"module_column tb-column col3-1 last tb_trcv20 repeat tf_box\">\n\t\t\t    \t        <div class=\"tb-column-inner tf_box tf_w\">\n\t\t    <!-- module image -->\n<div  class=\"module module-image tb_xgyq20   image-center tf_mw\" data-lazy=\"1\">\n        <div class=\"image-wrap tf_rel tf_mw\">\n\t\t    \t\n\t\t<\/div>\n\t<!-- \/image-wrap -->\n    \n    \t<div class=\"image-content\">\n\t    \t\t\t<h3 class=\"image-title\">\n\t\t\t\t\t\t\t\t\tMonitoriza\u00e7\u00e3o de Desempenho e Otimiza\u00e7\u00e3o\t\t\t\t\t\t\t<\/h3>\n\t    \n\t    \t\t<div class=\"image-caption tb_text_wrap\">\n\t\t    A transforma\u00e7\u00e3o com IA n\u00e3o termina na implementa\u00e7\u00e3o. Estabelecemos estruturas de monitoriza\u00e7\u00e3o para acompanhar m\u00e9tricas de ado\u00e7\u00e3o, satisfa\u00e7\u00e3o dos utilizadores, impacto no neg\u00f3cio e desempenho t\u00e9cnico. Com base nos insights recolhidos, otimizamos continuamente as suas solu\u00e7\u00f5es de IA para maximizar o valor.\t    <\/div>\n\t    <!-- \/image-caption -->\n\t    \t<\/div>\n\t<!-- \/image-content -->\n    \t<\/div>\n<!-- \/module image --><!-- module text -->\n<div  class=\"module module-text tb_nffz21  repeat \" data-lazy=\"1\">\n        <div  class=\"tb_text_wrap\">\n    <p style=\"text-align: left;\"><style>#sp-ea-119493 .spcollapsing { height: 0; overflow: hidden; transition-property: height;transition-duration: 300ms;}#sp-ea-119493.sp-easy-accordion>.sp-ea-single {margin-bottom: 10px; border: 0px solid #e2e2e2; }#sp-ea-119493.sp-easy-accordion>.sp-ea-single>.ea-header a {color: #444;}#sp-ea-119493.sp-easy-accordion>.sp-ea-single>.sp-collapse>.ea-body {background: transparent; color: #444;}#sp-ea-119493.sp-easy-accordion>.sp-ea-single {background: transparent;}#sp-ea-119493.sp-easy-accordion>.sp-ea-single>.ea-header a .ea-expand-icon { float: left; color: #444;font-size: 16px;}<\/style><div id=\"sp_easy_accordion-1765879111\"><div id=\"sp-ea-119493\" class=\"sp-ea-one sp-easy-accordion\" data-ea-active=\"ea-click\" data-ea-mode=\"vertical\" data-preloader=\"\" data-scroll-active-item=\"\" data-offset-to-scroll=\"0\"><div class=\"ea-card ea-expand sp-ea-single\"><h3 class=\"ea-header\"><a class=\"collapsed\" id=\"ea-header-1194930\" role=\"button\" data-sptoggle=\"spcollapse\" data-sptarget=\"#collapse1194930\" aria-controls=\"collapse1194930\" href=\"#\" aria-expanded=\"true\" tabindex=\"0\"><i aria-hidden=\"true\" role=\"presentation\" class=\"ea-expand-icon eap-icon-ea-expand-minus\"><\/i> Servi\u00e7os de Otimiza\u00e7\u00e3o:<\/a><\/h3><div class=\"sp-collapse spcollapse collapsed show\" id=\"collapse1194930\" data-parent=\"#sp-ea-119493\" role=\"region\" aria-labelledby=\"ea-header-1194930\"> <div class=\"ea-body\">. An\u00e1lise de ado\u00e7\u00e3o e relat\u00f3rios de utiliza\u00e7\u00e3o;<br>. Recolha e an\u00e1lise de feedback dos utilizadores;<br>. Ajuste de desempenho e melhoria de capacidades;<br>. Identifica\u00e7\u00e3o e prioriza\u00e7\u00e3o de novos casos de utiliza\u00e7\u00e3o;<br>. Partilha de boas pr\u00e1ticas e aprendizagem cont\u00ednua;<br>. Medi\u00e7\u00e3o e reporting do ROI.<\/div><\/div><\/div><\/div><\/div><\/p>    <\/div>\n<\/div>\n<!-- \/module text -->\t        <\/div>\n\t    \t<\/div>\n\t\t    <\/div>\n\t    <!-- \/row_inner -->\n\t<\/div>\n\t<!-- \/module_row -->\n\t\t<!-- module_row -->\n\t<div  data-lazy=\"1\" class=\"module_row themify_builder_row tb_8pga821 tf_clearfix\">\n\t    \t\t<div class=\"row_inner col_align_top col-count-1 tf_box tf_w tf_rel\">\n\t\t\t<div  data-lazy=\"1\" class=\"module_column tb-column col-full first tb_bgu8821 tf_box\">\n\t\t\t    \t        <div class=\"tb-column-inner tf_box tf_w\">\n\t\t    <!-- module buttons -->\n<div  class=\"module module-buttons tb_9b4k821 buttons-horizontal solid  xlarge rounded tf_textc\" data-lazy=\"1\">\n    \t<div class=\"module-buttons-item tf_inline_b\">\n\t\t\t\t\t\t\t<a href=\"https:\/\/arquiconsult.com\/capacitacao-em-ia-e-parceiro-de-transformacao-digital\/\" class=\"ui builder_button red\" >\n\t\t\t\t\t\t\t\t\t\t\t<span class=\"tf_inline_b tf_vmiddle\">Voltar a<\/span>\n\t\t\t\t\t\t\t\t\t\t\t<\/a>\n\t\t\t    \t<\/div>\n\t<\/div>\n<!-- \/module buttons -->\n\t        <\/div>\n\t    \t<\/div>\n\t\t    <\/div>\n\t    <!-- \/row_inner -->\n\t<\/div>\n\t<!-- \/module_row -->\n\t<\/div>\n<!--\/themify_builder_content-->","protected":false},"excerpt":{"rendered":"<p>Os Nossos Servi\u00e7os de Capacita\u00e7\u00e3o Implementa\u00e7\u00e3o da Estrutura de Governa\u00e7\u00e3o de IA Estabele\u00e7a as pol\u00edticas, procedimentos e mecanismos de supervis\u00e3o necess\u00e1rios para uma ado\u00e7\u00e3o respons\u00e1vel e escal\u00e1vel da IA em toda a organiza\u00e7\u00e3o. Ajudamos a conceber e implementar estruturas de governa\u00e7\u00e3o que equilibram inova\u00e7\u00e3o com seguran\u00e7a, conformidade e considera\u00e7\u00f5es \u00e9ticas. Gest\u00e3o da Mudan\u00e7a e Estrat\u00e9gia [&hellip;]<\/p>\n","protected":false},"author":4,"featured_media":0,"parent":0,"menu_order":0,"comment_status":"closed","ping_status":"closed","template":"","meta":[],"acf":[],"_links":{"self":[{"href":"https:\/\/arquiconsult.com\/pt-br\/wp-json\/wp\/v2\/pages\/116611"}],"collection":[{"href":"https:\/\/arquiconsult.com\/pt-br\/wp-json\/wp\/v2\/pages"}],"about":[{"href":"https:\/\/arquiconsult.com\/pt-br\/wp-json\/wp\/v2\/types\/page"}],"author":[{"embeddable":true,"href":"https:\/\/arquiconsult.com\/pt-br\/wp-json\/wp\/v2\/users\/4"}],"replies":[{"embeddable":true,"href":"https:\/\/arquiconsult.com\/pt-br\/wp-json\/wp\/v2\/comments?post=116611"}],"version-history":[{"count":11,"href":"https:\/\/arquiconsult.com\/pt-br\/wp-json\/wp\/v2\/pages\/116611\/revisions"}],"predecessor-version":[{"id":119497,"href":"https:\/\/arquiconsult.com\/pt-br\/wp-json\/wp\/v2\/pages\/116611\/revisions\/119497"}],"wp:attachment":[{"href":"https:\/\/arquiconsult.com\/pt-br\/wp-json\/wp\/v2\/media?parent=116611"}],"curies":[{"name":"wp","href":"https:\/\/api.w.org\/{rel}","templated":true}]}}