{"id":117647,"date":"2025-12-18T09:56:24","date_gmt":"2025-12-18T09:56:24","guid":{"rendered":"https:\/\/arquiconsult.com\/?page_id=117647"},"modified":"2025-12-18T10:12:58","modified_gmt":"2025-12-18T10:12:58","slug":"casos-de-utilizacao-de-agentes-personalizados","status":"publish","type":"page","link":"https:\/\/arquiconsult.com\/pt-br\/casos-de-utilizacao-de-agentes-personalizados\/","title":{"rendered":"Casos de Utiliza\u00e7\u00e3o de Agentes Personalizados"},"content":{"rendered":"<!--themify_builder_content-->\n<div id=\"themify_builder_content-117647\" data-postid=\"117647\" class=\"themify_builder_content themify_builder_content-117647 themify_builder tf_clear\">\n    \t<!-- module_row -->\n\t<div  data-css_id=\"c27l853\" data-lazy=\"1\" class=\"module_row themify_builder_row repeat fullwidth tb_c27l853 tb_first tf_clearfix wow\" data-tf-animation=\"fadeInUp\" >\n\t    \t\t<div class=\"row_inner col_align_top col-count-1 tf_box tf_w tf_rel\">\n\t\t\t<div  data-lazy=\"1\" class=\"module_column tb-column col-full first tb_nnfz853 tf_box\">\n\t\t\t    \t        <div class=\"tb-column-inner tf_box tf_w\">\n\t\t    <!-- module text -->\n<div  class=\"module module-text tb_xpqf853  repeat \" data-lazy=\"1\">\n        <div  class=\"tb_text_wrap\">\n    <h2 style=\"text-align: center;\"><strong>Casos de Utiliza\u00e7\u00e3o de Agentes Personalizados<\/strong><\/h2>    <\/div>\n<\/div>\n<!-- \/module text -->\t        <\/div>\n\t    \t<\/div>\n\t\t    <\/div>\n\t    <!-- \/row_inner -->\n\t<\/div>\n\t<!-- \/module_row -->\n\t\t<!-- module_row -->\n\t<div  data-css_id=\"546a945\" data-lazy=\"1\" class=\"module_row themify_builder_row repeat fullwidth tb_546a945 tf_clearfix\" >\n\t    \t\t<div class=\"row_inner col_align_top col-count-3 tf_box tf_w tf_rel\"  data-basecol=\"3\" data-col_tablet=\"column-full\" data-col_tablet_landscape=\"column6-1\" data-col_mobile=\"column-full\">\n\t\t\t<div  data-lazy=\"1\" class=\"module_column tb-column col3-1 first tb_v63s945 repeat tf_box\">\n\t\t\t    \t        <div class=\"tb-column-inner tf_box tf_w\">\n\t\t    <!-- module image -->\n<div  class=\"module module-image tb_e1nv945   image-center tf_mw\" data-lazy=\"1\">\n        <div class=\"image-wrap tf_rel tf_mw\">\n\t\t    \t\n\t\t<\/div>\n\t<!-- \/image-wrap -->\n    \n    \t<div class=\"image-content\">\n\t    \t\t\t<h3 class=\"image-title\">\n\t\t\t\t\t\t\t\t\tAgentes de Auto-atendimento para Colaboradores\t\t\t\t\t\t\t<\/h3>\n\t    \n\t    \t\t<div class=\"image-caption tb_text_wrap\">\n\t\t    Crie agentes de IA conversacional que respondem a perguntas dos colaboradores, os orientam em processos e automatizam tarefas rotineiras de RH, TI e administrativas \u2014 reduzindo o volume de suporte e aumentando a satisfa\u00e7\u00e3o dos colaboradores.\t    <\/div>\n\t    <!-- \/image-caption -->\n\t    \t<\/div>\n\t<!-- \/image-content -->\n    \t<\/div>\n<!-- \/module image --><!-- module text -->\n<div  class=\"module module-text tb_891i945  repeat \" data-lazy=\"1\">\n        <div  class=\"tb_text_wrap\">\n    <p style=\"text-align: left;\"><style>#sp-ea-120128 .spcollapsing { height: 0; overflow: hidden; transition-property: height;transition-duration: 300ms;}#sp-ea-120128.sp-easy-accordion>.sp-ea-single {margin-bottom: 10px; border: 0px solid #e2e2e2; }#sp-ea-120128.sp-easy-accordion>.sp-ea-single>.ea-header a {color: #444;}#sp-ea-120128.sp-easy-accordion>.sp-ea-single>.sp-collapse>.ea-body {background: transparent; color: #444;}#sp-ea-120128.sp-easy-accordion>.sp-ea-single {background: transparent;}#sp-ea-120128.sp-easy-accordion>.sp-ea-single>.ea-header a .ea-expand-icon { float: left; color: #444;font-size: 16px;}<\/style><div id=\"sp_easy_accordion-1766052211\"><div id=\"sp-ea-120128\" class=\"sp-ea-one sp-easy-accordion\" data-ea-active=\"ea-click\" data-ea-mode=\"vertical\" data-preloader=\"\" data-scroll-active-item=\"\" data-offset-to-scroll=\"0\"><div class=\"ea-card ea-expand sp-ea-single\"><h3 class=\"ea-header\"><a class=\"collapsed\" id=\"ea-header-1201280\" role=\"button\" data-sptoggle=\"spcollapse\" data-sptarget=\"#collapse1201280\" aria-controls=\"collapse1201280\" href=\"#\" aria-expanded=\"true\" tabindex=\"0\"><i aria-hidden=\"true\" role=\"presentation\" class=\"ea-expand-icon eap-icon-ea-expand-minus\"><\/i> Exemplos de Casos de Utiliza\u00e7\u00e3o:<\/a><\/h3><div class=\"sp-collapse spcollapse collapsed show\" id=\"collapse1201280\" data-parent=\"#sp-ea-120128\" role=\"region\" aria-labelledby=\"ea-header-1201280\"> <div class=\"ea-body\">. Agente de informa\u00e7\u00e3o sobre benef\u00edcios e pol\u00edticas de RH;<br>. Automa\u00e7\u00e3o de helpdesk de TI e redefini\u00e7\u00e3o de palavras-passe;<br>. Fluxos de reporte de despesas e aprova\u00e7\u00e3o;<br>. Orienta\u00e7\u00e3o e documenta\u00e7\u00e3o para onboarding;<br>. Pedidos de instala\u00e7\u00f5es e servi\u00e7os no local de trabalho.<\/div><\/div><\/div><\/div><\/div><\/p>    <\/div>\n<\/div>\n<!-- \/module text -->\t        <\/div>\n\t    \t<\/div>\n\t\t<div  data-lazy=\"1\" class=\"module_column tb-column col3-1 middle tb_24cu946 repeat tf_box\">\n\t\t\t    \t        <div class=\"tb-column-inner tf_box tf_w\">\n\t\t    <!-- module image -->\n<div  class=\"module module-image tb_odjn946   image-center tf_mw\" data-lazy=\"1\">\n        <div class=\"image-wrap tf_rel tf_mw\">\n\t\t    \t\n\t\t<\/div>\n\t<!-- \/image-wrap -->\n    \n    \t<div class=\"image-content\">\n\t    \t\t\t<h3 class=\"image-title\">\n\t\t\t\t\t\t\t\t\tAutomatiza\u00e7\u00e3o de Processos de Neg\u00f3cio\t\t\t\t\t\t\t<\/h3>\n\t    \n\t    \t\t<div class=\"image-caption tb_text_wrap\">\n\t\t    Crie agentes inteligentes que automatizam processos complexos e com m\u00faltiplas etapas em todo o ecossistema Dynamics 365 e Power Platform, reduzindo o esfor\u00e7o manual e melhorando a consist\u00eancia.\t    <\/div>\n\t    <!-- \/image-caption -->\n\t    \t<\/div>\n\t<!-- \/image-content -->\n    \t<\/div>\n<!-- \/module image --><!-- module text -->\n<div  class=\"module module-text tb_1882946  repeat \" data-lazy=\"1\">\n        <div  class=\"tb_text_wrap\">\n    <p style=\"text-align: left;\"><style>#sp-ea-120130 .spcollapsing { height: 0; overflow: hidden; transition-property: height;transition-duration: 300ms;}#sp-ea-120130.sp-easy-accordion>.sp-ea-single {margin-bottom: 10px; border: 0px solid #e2e2e2; }#sp-ea-120130.sp-easy-accordion>.sp-ea-single>.ea-header a {color: #444;}#sp-ea-120130.sp-easy-accordion>.sp-ea-single>.sp-collapse>.ea-body {background: transparent; color: #444;}#sp-ea-120130.sp-easy-accordion>.sp-ea-single {background: transparent;}#sp-ea-120130.sp-easy-accordion>.sp-ea-single>.ea-header a .ea-expand-icon { float: left; color: #444;font-size: 16px;}<\/style><div id=\"sp_easy_accordion-1766052314\"><div id=\"sp-ea-120130\" class=\"sp-ea-one sp-easy-accordion\" data-ea-active=\"ea-click\" data-ea-mode=\"vertical\" data-preloader=\"\" data-scroll-active-item=\"\" data-offset-to-scroll=\"0\"><div class=\"ea-card ea-expand sp-ea-single\"><h3 class=\"ea-header\"><a class=\"collapsed\" id=\"ea-header-1201300\" role=\"button\" data-sptoggle=\"spcollapse\" data-sptarget=\"#collapse1201300\" aria-controls=\"collapse1201300\" href=\"#\" aria-expanded=\"true\" tabindex=\"0\"><i aria-hidden=\"true\" role=\"presentation\" class=\"ea-expand-icon eap-icon-ea-expand-minus\"><\/i> Exemplos de Casos de Utiliza\u00e7\u00e3o:<\/a><\/h3><div class=\"sp-collapse spcollapse collapsed show\" id=\"collapse1201300\" data-parent=\"#sp-ea-120130\" role=\"region\" aria-labelledby=\"ea-header-1201300\"> <div class=\"ea-body\">. Processamento de encomendas de vendas e fluxos de aprova\u00e7\u00e3o;<br>. Processamento de faturas e automa\u00e7\u00e3o de contas a pagar;<br>. Onboarding e provisionamento de clientes;<br>. Documenta\u00e7\u00e3o de conformidade e pedidos de auditoria;<br>. Fluxos de garantia de qualidade e inspe\u00e7\u00e3o.<\/div><\/div><\/div><\/div><\/div><\/p>    <\/div>\n<\/div>\n<!-- \/module text -->\t        <\/div>\n\t    \t<\/div>\n\t\t<div  data-lazy=\"1\" class=\"module_column tb-column col3-1 last tb_5emw946 repeat tf_box\">\n\t\t\t    \t        <div class=\"tb-column-inner tf_box tf_w\">\n\t\t    <!-- module image -->\n<div  class=\"module module-image tb_i27p946   image-center tf_mw\" data-lazy=\"1\">\n        <div class=\"image-wrap tf_rel tf_mw\">\n\t\t    \t\n\t\t<\/div>\n\t<!-- \/image-wrap -->\n    \n    \t<div class=\"image-content\">\n\t    \t\t\t<h3 class=\"image-title\">\n\t\t\t\t\t\t\t\t\tGest\u00e3o e Pesquisa de Conhecimento\t\t\t\t\t\t\t<\/h3>\n\t    \n\t    \t\t<div class=\"image-caption tb_text_wrap\">\n\t\t    Desenvolva agentes de conhecimento baseados em IA que ajudam os colaboradores a encontrar informa\u00e7\u00e3o nos reposit\u00f3rios de conte\u00fados da organiza\u00e7\u00e3o atrav\u00e9s de pesquisas em linguagem natural.\t    <\/div>\n\t    <!-- \/image-caption -->\n\t    \t<\/div>\n\t<!-- \/image-content -->\n    \t<\/div>\n<!-- \/module image --><!-- module text -->\n<div  class=\"module module-text tb_09at946  repeat \" data-lazy=\"1\">\n        <div  class=\"tb_text_wrap\">\n    <p style=\"text-align: left;\"><style>#sp-ea-120132 .spcollapsing { height: 0; overflow: hidden; transition-property: height;transition-duration: 300ms;}#sp-ea-120132.sp-easy-accordion>.sp-ea-single {margin-bottom: 10px; border: 0px solid #e2e2e2; }#sp-ea-120132.sp-easy-accordion>.sp-ea-single>.ea-header a {color: #444;}#sp-ea-120132.sp-easy-accordion>.sp-ea-single>.sp-collapse>.ea-body {background: transparent; color: #444;}#sp-ea-120132.sp-easy-accordion>.sp-ea-single {background: transparent;}#sp-ea-120132.sp-easy-accordion>.sp-ea-single>.ea-header a .ea-expand-icon { float: left; color: #444;font-size: 16px;}<\/style><div id=\"sp_easy_accordion-1766052393\"><div id=\"sp-ea-120132\" class=\"sp-ea-one sp-easy-accordion\" data-ea-active=\"ea-click\" data-ea-mode=\"vertical\" data-preloader=\"\" data-scroll-active-item=\"\" data-offset-to-scroll=\"0\"><div class=\"ea-card ea-expand sp-ea-single\"><h3 class=\"ea-header\"><a class=\"collapsed\" id=\"ea-header-1201320\" role=\"button\" data-sptoggle=\"spcollapse\" data-sptarget=\"#collapse1201320\" aria-controls=\"collapse1201320\" href=\"#\" aria-expanded=\"true\" tabindex=\"0\"><i aria-hidden=\"true\" role=\"presentation\" class=\"ea-expand-icon eap-icon-ea-expand-minus\"><\/i> Exemplos de Casos de Utiliza\u00e7\u00e3o:<\/a><\/h3><div class=\"sp-collapse spcollapse collapsed show\" id=\"collapse1201320\" data-parent=\"#sp-ea-120132\" role=\"region\" aria-labelledby=\"ea-header-1201320\"> <div class=\"ea-body\">. Pesquisa na base de conhecimento empresarial;<br>. Informa\u00e7\u00e3o sobre produtos e especifica\u00e7\u00f5es t\u00e9cnicas;<br>. Orienta\u00e7\u00e3o sobre pol\u00edticas e procedimentos;<br>. Documenta\u00e7\u00e3o de projetos e li\u00e7\u00f5es aprendidas;<br>. Conte\u00fados de forma\u00e7\u00e3o e recursos de aprendizagem.<\/div><\/div><\/div><\/div><\/div><\/p>    <\/div>\n<\/div>\n<!-- \/module text -->\t        <\/div>\n\t    \t<\/div>\n\t\t    <\/div>\n\t    <!-- \/row_inner -->\n\t<\/div>\n\t<!-- \/module_row -->\n\t\t<!-- module_row -->\n\t<div  data-css_id=\"h7vj121\" data-lazy=\"1\" class=\"module_row themify_builder_row repeat fullwidth tb_h7vj121 tf_clearfix\" >\n\t    \t\t<div class=\"row_inner col_align_top col-count-2 tf_box tf_w tf_rel\"  data-basecol=\"2\" data-col_tablet=\"column-full\" data-col_tablet_landscape=\"column6-1\" data-col_mobile=\"column-full\">\n\t\t\t<div  data-lazy=\"1\" class=\"module_column tb-column col4-2 first tb_8zxm122 repeat tf_box\">\n\t\t\t    \t        <div class=\"tb-column-inner tf_box tf_w\">\n\t\t    <!-- module image -->\n<div  class=\"module module-image tb_ed7a122   image-center tf_mw\" data-lazy=\"1\">\n        <div class=\"image-wrap tf_rel tf_mw\">\n\t\t    \t\n\t\t<\/div>\n\t<!-- \/image-wrap -->\n    \n    \t<div class=\"image-content\">\n\t    \t\t\t<h3 class=\"image-title\">\n\t\t\t\t\t\t\t\t\tAgentes de Extens\u00e3o para CRM e ERP\t\t\t\t\t\t\t<\/h3>\n\t    \n\t    \t\t<div class=\"image-caption tb_text_wrap\">\n\t\t    Crie agentes especializados que expandem o Dynamics 365 Sales, Customer Service ou Finance &#038; Operations com capacidades de IA personalizadas para o seu setor ou modelo de neg\u00f3cio.\t    <\/div>\n\t    <!-- \/image-caption -->\n\t    \t<\/div>\n\t<!-- \/image-content -->\n    \t<\/div>\n<!-- \/module image --><!-- module text -->\n<div  class=\"module module-text tb_0ybp122  repeat \" data-lazy=\"1\">\n        <div  class=\"tb_text_wrap\">\n    <p style=\"text-align: left;\"><style>#sp-ea-120134 .spcollapsing { height: 0; overflow: hidden; transition-property: height;transition-duration: 300ms;}#sp-ea-120134.sp-easy-accordion>.sp-ea-single {margin-bottom: 10px; border: 0px solid #e2e2e2; }#sp-ea-120134.sp-easy-accordion>.sp-ea-single>.ea-header a {color: #444;}#sp-ea-120134.sp-easy-accordion>.sp-ea-single>.sp-collapse>.ea-body {background: transparent; color: #444;}#sp-ea-120134.sp-easy-accordion>.sp-ea-single {background: transparent;}#sp-ea-120134.sp-easy-accordion>.sp-ea-single>.ea-header a .ea-expand-icon { float: left; color: #444;font-size: 16px;}<\/style><div id=\"sp_easy_accordion-1766052483\"><div id=\"sp-ea-120134\" class=\"sp-ea-one sp-easy-accordion\" data-ea-active=\"ea-click\" data-ea-mode=\"vertical\" data-preloader=\"\" data-scroll-active-item=\"\" data-offset-to-scroll=\"0\"><div class=\"ea-card ea-expand sp-ea-single\"><h3 class=\"ea-header\"><a class=\"collapsed\" id=\"ea-header-1201340\" role=\"button\" data-sptoggle=\"spcollapse\" data-sptarget=\"#collapse1201340\" aria-controls=\"collapse1201340\" href=\"#\" aria-expanded=\"true\" tabindex=\"0\"><i aria-hidden=\"true\" role=\"presentation\" class=\"ea-expand-icon eap-icon-ea-expand-minus\"><\/i> Exemplos de Casos de Utiliza\u00e7\u00e3o:<\/a><\/h3><div class=\"sp-collapse spcollapse collapsed show\" id=\"collapse1201340\" data-parent=\"#sp-ea-120134\" role=\"region\" aria-labelledby=\"ea-header-1201340\"> <div class=\"ea-body\">. Agentes de recomenda\u00e7\u00e3o de produtos espec\u00edficos do setor;<br>. Automa\u00e7\u00e3o de pre\u00e7os complexos e elabora\u00e7\u00e3o de propostas;<br>. An\u00e1lise financeira personalizada e relat\u00f3rios;<br>. Visibilidade da cadeia de fornecimento e gest\u00e3o de exce\u00e7\u00f5es;<br>. Orienta\u00e7\u00e3o e documenta\u00e7\u00e3o para conformidade regulamentar.<\/div><\/div><\/div><\/div><\/div><\/p>    <\/div>\n<\/div>\n<!-- \/module text -->\t        <\/div>\n\t    \t<\/div>\n\t\t<div  data-lazy=\"1\" class=\"module_column tb-column col4-2 last tb_jbgd122 repeat tf_box\">\n\t\t\t    \t        <div class=\"tb-column-inner tf_box tf_w\">\n\t\t    <!-- module image -->\n<div  class=\"module module-image tb_1btc122   image-center tf_mw\" data-lazy=\"1\">\n        <div class=\"image-wrap tf_rel tf_mw\">\n\t\t    \t\n\t\t<\/div>\n\t<!-- \/image-wrap -->\n    \n    \t<div class=\"image-content\">\n\t    \t\t\t<h3 class=\"image-title\">\n\t\t\t\t\t\t\t\t\tAgentes Orientados para o Cliente\t\t\t\t\t\t\t<\/h3>\n\t    \n\t    \t\t<div class=\"image-caption tb_text_wrap\">\n\t\t    Crie agentes de IA para atendimento e envolvimento do cliente que tratam pedidos, orientam decis\u00f5es de compra e automatizam o suporte ao cliente em canais digitais.\t    <\/div>\n\t    <!-- \/image-caption -->\n\t    \t<\/div>\n\t<!-- \/image-content -->\n    \t<\/div>\n<!-- \/module image --><!-- module text -->\n<div  class=\"module module-text tb_6ywn123  repeat \" data-lazy=\"1\">\n        <div  class=\"tb_text_wrap\">\n    <p style=\"text-align: left;\"><style>#sp-ea-120136 .spcollapsing { height: 0; overflow: hidden; transition-property: height;transition-duration: 300ms;}#sp-ea-120136.sp-easy-accordion>.sp-ea-single {margin-bottom: 10px; border: 0px solid #e2e2e2; }#sp-ea-120136.sp-easy-accordion>.sp-ea-single>.ea-header a {color: #444;}#sp-ea-120136.sp-easy-accordion>.sp-ea-single>.sp-collapse>.ea-body {background: transparent; color: #444;}#sp-ea-120136.sp-easy-accordion>.sp-ea-single {background: transparent;}#sp-ea-120136.sp-easy-accordion>.sp-ea-single>.ea-header a .ea-expand-icon { float: left; color: #444;font-size: 16px;}<\/style><div id=\"sp_easy_accordion-1766052564\"><div id=\"sp-ea-120136\" class=\"sp-ea-one sp-easy-accordion\" data-ea-active=\"ea-click\" data-ea-mode=\"vertical\" data-preloader=\"\" data-scroll-active-item=\"\" data-offset-to-scroll=\"0\"><div class=\"ea-card ea-expand sp-ea-single\"><h3 class=\"ea-header\"><a class=\"collapsed\" id=\"ea-header-1201360\" role=\"button\" data-sptoggle=\"spcollapse\" data-sptarget=\"#collapse1201360\" aria-controls=\"collapse1201360\" href=\"#\" aria-expanded=\"true\" tabindex=\"0\"><i aria-hidden=\"true\" role=\"presentation\" class=\"ea-expand-icon eap-icon-ea-expand-minus\"><\/i> Exemplos de Casos de Utiliza\u00e7\u00e3o:<\/a><\/h3><div class=\"sp-collapse spcollapse collapsed show\" id=\"collapse1201360\" data-parent=\"#sp-ea-120136\" role=\"region\" aria-labelledby=\"ea-header-1201360\"> <div class=\"ea-body\">. Agentes de sele\u00e7\u00e3o e recomenda\u00e7\u00e3o de produtos;<br>. Consultas sobre estado e rastreamento de encomendas;<br>. Suporte t\u00e9cnico e orienta\u00e7\u00e3o para resolu\u00e7\u00e3o de problemas;<br>. Gest\u00e3o de contas e autoatendimento;<br>. Qualifica\u00e7\u00e3o de leads e agendamento de reuni\u00f5es.<\/div><\/div><\/div><\/div><\/div><\/p>    <\/div>\n<\/div>\n<!-- \/module text -->\t        <\/div>\n\t    \t<\/div>\n\t\t    <\/div>\n\t    <!-- \/row_inner -->\n\t<\/div>\n\t<!-- \/module_row -->\n\t\t<!-- module_row -->\n\t<div  data-lazy=\"1\" class=\"module_row themify_builder_row tb_vvqq870 tf_clearfix\">\n\t    \t\t<div class=\"row_inner col_align_top col-count-1 tf_box tf_w tf_rel\">\n\t\t\t<div  data-lazy=\"1\" class=\"module_column tb-column col-full first tb_syqz870 tf_box\">\n\t\t\t    \t        <div class=\"tb-column-inner tf_box tf_w\">\n\t\t    <!-- module buttons -->\n<div  class=\"module module-buttons tb_exd5870 buttons-horizontal solid  xlarge rounded tf_textc\" data-lazy=\"1\">\n    \t<div class=\"module-buttons-item tf_inline_b\">\n\t\t\t\t\t\t\t<a href=\"https:\/\/arquiconsult.com\/microsoft-365-copilot-studio\/\" class=\"ui builder_button red\" >\n\t\t\t\t\t\t\t\t\t\t\t<span class=\"tf_inline_b tf_vmiddle\">Voltar a<\/span>\n\t\t\t\t\t\t\t\t\t\t\t<\/a>\n\t\t\t    \t<\/div>\n\t<\/div>\n<!-- \/module buttons -->\n\t        <\/div>\n\t    \t<\/div>\n\t\t    <\/div>\n\t    <!-- \/row_inner -->\n\t<\/div>\n\t<!-- \/module_row -->\n\t<\/div>\n<!--\/themify_builder_content-->","protected":false},"excerpt":{"rendered":"<p>Casos de Utiliza\u00e7\u00e3o de Agentes Personalizados Agentes de Auto-atendimento para Colaboradores Crie agentes de IA conversacional que respondem a perguntas dos colaboradores, os orientam em processos e automatizam tarefas rotineiras de RH, TI e administrativas \u2014 reduzindo o volume de suporte e aumentando a satisfa\u00e7\u00e3o dos colaboradores. Automatiza\u00e7\u00e3o de Processos de Neg\u00f3cio Crie agentes inteligentes [&hellip;]<\/p>\n","protected":false},"author":4,"featured_media":0,"parent":0,"menu_order":0,"comment_status":"closed","ping_status":"closed","template":"","meta":[],"acf":[],"_links":{"self":[{"href":"https:\/\/arquiconsult.com\/pt-br\/wp-json\/wp\/v2\/pages\/117647"}],"collection":[{"href":"https:\/\/arquiconsult.com\/pt-br\/wp-json\/wp\/v2\/pages"}],"about":[{"href":"https:\/\/arquiconsult.com\/pt-br\/wp-json\/wp\/v2\/types\/page"}],"author":[{"embeddable":true,"href":"https:\/\/arquiconsult.com\/pt-br\/wp-json\/wp\/v2\/users\/4"}],"replies":[{"embeddable":true,"href":"https:\/\/arquiconsult.com\/pt-br\/wp-json\/wp\/v2\/comments?post=117647"}],"version-history":[{"count":12,"href":"https:\/\/arquiconsult.com\/pt-br\/wp-json\/wp\/v2\/pages\/117647\/revisions"}],"predecessor-version":[{"id":120139,"href":"https:\/\/arquiconsult.com\/pt-br\/wp-json\/wp\/v2\/pages\/117647\/revisions\/120139"}],"wp:attachment":[{"href":"https:\/\/arquiconsult.com\/pt-br\/wp-json\/wp\/v2\/media?parent=117647"}],"curies":[{"name":"wp","href":"https:\/\/api.w.org\/{rel}","templated":true}]}}