{"id":41042,"date":"2022-04-28T10:00:04","date_gmt":"2022-04-28T09:00:04","guid":{"rendered":"https:\/\/arquiconsult.com\/?page_id=41042"},"modified":"2025-12-02T15:40:53","modified_gmt":"2025-12-02T15:40:53","slug":"navitrans-transitarios","status":"publish","type":"page","link":"https:\/\/arquiconsult.com\/pt-br\/navitrans-transitarios\/","title":{"rendered":"Navitrans Transit\u00e1rios"},"content":{"rendered":"<!--themify_builder_content-->\n<div id=\"themify_builder_content-41042\" data-postid=\"41042\" class=\"themify_builder_content themify_builder_content-41042 themify_builder tf_clear\">\n    \t<!-- module_row -->\n\t<div  data-css_id=\"zmi7334\" data-lazy=\"1\" class=\"module_row themify_builder_row fullcover fullwidth_row_container tb_zmi7334 tb_first tf_clearfix\" >\n\t    <div class=\"builder_row_cover tf_abs\"><\/div>\t\t<div class=\"row_inner col_align_middle col-count-2 tf_box tf_w tf_rel\"  data-basecol=\"2\" data-col_tablet=\"column-full\" data-col_mobile=\"column-full\">\n\t\t\t<div  data-lazy=\"1\" style=\"width: 62.65%\" class=\"module_column tb-column col3-2 first tb_q9pd334 tf_box\">\n\t\t\t    \t        <div class=\"tb-column-inner tf_box tf_w\">\n\t\t    <!-- module text -->\n<div  class=\"module module-text tb_4qkm334  repeat \" data-lazy=\"1\">\n        <div  class=\"tb_text_wrap\">\n    <h4><a href=\"https:\/\/arquiconsult.com\">Arquiconsult.com<\/a> \/ <a href=\"#\">Sectores<\/a> \/ Transporte e Log\u00edstica \/ <strong>Navitrans Transit\u00e1rios<\/strong><\/h4>    <\/div>\n<\/div>\n<!-- \/module text --><!-- module fancy heading -->\n<!--\/* $fields_args['heading_tag']  CODIGO QUE SAIU * \/-->\n<div  class=\"module module-fancy-heading tb_ucsf335 titulo-suporte tb_hide_divider\" data-lazy=\"1\">\n        <h1  class=\"fancy-heading tf_textl\">\n    <span class=\"main-head tf_block\">\n\t\t\t\t\tNavitrans Transit\u00e1rios\t\t    <\/span>\n\n\t\n    <span class=\"sub-head tf_block tf_rel\">\n\t\t\t\t\t\t\t    <\/span>\n    <\/h1>\n<\/div>\n<!-- \/module fancy heading -->\n<!-- module text -->\n<div  class=\"module module-text tb_shku335   \" data-lazy=\"1\">\n        <div  class=\"tb_text_wrap\">\n    <h4>O M\u00f3dulo Navitrans Transit\u00e1rios \u00e9 um Sistema de Gest\u00e3o de Transporte de Mercadorias (FMS) de f\u00e1cil utiliza\u00e7\u00e3o.<\/h4>    <\/div>\n<\/div>\n<!-- \/module text -->\t        <\/div>\n\t    \t<\/div>\n\t\t<div  data-lazy=\"1\" style=\"width: 34.15%\" class=\"module_column tb-column col3-1 last tb_5fv0335 tf_box\">\n\t\t\t    \t<\/div>\n\t\t    <\/div>\n\t    <!-- \/row_inner -->\n\t<\/div>\n\t<!-- \/module_row -->\n\t\t<!-- module_row -->\n\t<div  data-css_id=\"cmtl891\" data-lazy=\"1\" class=\"module_row themify_builder_row fullcover fullwidth tb_cmtl891 tf_clearfix wow\" data-tf-animation=\"pulse\" >\n\t    \t\t<div class=\"row_inner col_align_top col-count-1 tf_box tf_w tf_rel\">\n\t\t\t<div  data-lazy=\"1\" class=\"module_column tb-column col-full first tb_osk7891 tf_box\">\n\t\t\t    \t        <div class=\"tb-column-inner tf_box tf_w\">\n\t\t    <!-- module text -->\n<div  class=\"module module-text tb_j90k891  repeat \" data-lazy=\"1\">\n        <div  class=\"tb_text_wrap\">\n    <h2>Navitrans Transit\u00e1rios<\/h2>    <\/div>\n<\/div>\n<!-- \/module text --><!-- module text -->\n<div  class=\"module module-text tb_wcrs891  repeat \" data-lazy=\"1\">\n        <div  class=\"tb_text_wrap\">\n    <p style=\"text-align: center;\">Este m\u00f3dulo \u00e9 um sistema de gest\u00e3o de f\u00e1cil utiliza\u00e7\u00e3o (FMS) que automatiza, estrutura e optimiza os processos log\u00edsticos das empresas de transporte de mercadorias. O resultado? Trabalhar mais r\u00e1pido, mais eficiente e mais concentrado.<\/p>    <\/div>\n<\/div>\n<!-- \/module text -->\t        <\/div>\n\t    \t<\/div>\n\t\t    <\/div>\n\t    <!-- \/row_inner -->\n\t<\/div>\n\t<!-- \/module_row -->\n\t\t<!-- module_row -->\n\t<div  data-anchor=\"support\" data-hide-anchor=\"1\" data-lazy=\"1\" class=\"module_row themify_builder_row repeat tb_has_section tb_section-support tb_vxrm638 tf_clearfix\" >\n\t    \t\t<div class=\"row_inner col_align_top col-count-1 tf_box tf_w tf_rel\">\n\t\t\t<div  data-lazy=\"1\" class=\"module_column tb-column col-full first tb_ks5f638 tf_box\">\n\t\t\t    \t        <div class=\"tb-column-inner tf_box tf_w\">\n\t\t    \t<div  data-lazy=\"1\" class=\"module_subrow themify_builder_sub_row tb_4hhf638 tf_w tf_clearfix\">\n\t    \t\t<div class=\"subrow_inner col_align_top col-count-1 tf_box tf_w\">\n\t\t\t<div  data-lazy=\"1\" class=\"sub_column module_column tf_box col-full first tb_qg1r639\"> \n\t    \t    \t        <div class=\"tb-column-inner tf_box tf_w\">\n\t\t    <!-- module text -->\n<div  class=\"module module-text tb_1i0j639  repeat \" data-lazy=\"1\">\n        <div  class=\"tb_text_wrap\">\n    <h2 style=\"text-align: center;\">O que esperar de um software de gest\u00e3o de tr\u00e2nsitos como o Navitrans?<\/h2>    <\/div>\n<\/div>\n<!-- \/module text -->\t        <\/div>\n\t    \t<\/div>\n\t\t    <\/div>\n\t<\/div><!-- \/themify_builder_sub_row -->\n\t\t        <\/div>\n\t    \t<\/div>\n\t\t    <\/div>\n\t    <!-- \/row_inner -->\n\t<\/div>\n\t<!-- \/module_row -->\n\t\t<!-- module_row -->\n\t<div  data-mobile-padding=\"20px,20px\" data-desktop-padding=\"20px,20px\" data-css_id=\"qkg6476\" data-lazy=\"1\" class=\"module_row themify_builder_row repeat fullwidth_row_container tb_qkg6476 tf_clearfix\" >\n\t    \t\t<div class=\"row_inner col_align_top col-count-4 tf_box tf_w tf_rel\"  data-basecol=\"4\" data-col_mobile=\"column-full\">\n\t\t\t<div  data-lazy=\"1\" class=\"module_column tb-column col4-1 first tb_dm6r477 repeat tf_box\">\n\t\t\t    \t        <div class=\"tb-column-inner tf_box tf_w\">\n\t\t    <!-- module text -->\n<div  class=\"module module-text tb_6qjz477  repeat \" data-lazy=\"1\">\n        <div  class=\"tb_text_wrap\">\n    <h3 style=\"text-align: center;\"><strong><b>F\u00e1cil utiliza\u00e7\u00e3o e flexibilidade<\/b><br \/><\/strong><\/h3>\n<p style=\"text-align: center;\">. Ambiente intuitivo e \u00e9crans personaliz\u00e1veis por utilizador;<br \/>. Registo simples e r\u00e1pido de processos manuais ou 100% autom\u00e1ticos;<br \/>. Integra\u00e7\u00e3o via EDI para cria\u00e7\u00e3o de processos;<br \/>. Lan\u00e7amento de custos e servi\u00e7os autom\u00e1ticos.<\/p>    <\/div>\n<\/div>\n<!-- \/module text -->\t        <\/div>\n\t    \t<\/div>\n\t\t<div  data-lazy=\"1\" class=\"module_column tb-column col4-1 second tb_uoto477 repeat tf_box\">\n\t\t\t    \t        <div class=\"tb-column-inner tf_box tf_w\">\n\t\t    <!-- module text -->\n<div  class=\"module module-text tb_8ux7477  repeat \" data-lazy=\"1\">\n        <div  class=\"tb_text_wrap\">\n    <h3 style=\"text-align: center;\"><strong><b>Controlo do processo comercial e de vendas<\/b><br \/><\/strong><\/h3>\n<p style=\"text-align: center;\">. Cria\u00e7\u00e3o e acompanhamento de propostas comerciais;<br \/>. C\u00e1lculo de custos de subcontrata\u00e7\u00e3o;<br \/>. Utiliza\u00e7\u00e3o de tarif\u00e1rios gerais ou espec\u00edficos;<br \/>. Transforma\u00e7\u00e3o de propostas comerciais em ordens de transporte;<br \/>. Custos e Proveitos: Pr\u00e9-calculados, Or\u00e7amentados e Realizados.<\/p>    <\/div>\n<\/div>\n<!-- \/module text -->\t        <\/div>\n\t    \t<\/div>\n\t\t<div  data-lazy=\"1\" class=\"module_column tb-column col4-1 third tb_ww73477 repeat tf_box\">\n\t\t\t    \t        <div class=\"tb-column-inner tf_box tf_w\">\n\t\t    <!-- module text -->\n<div  class=\"module module-text tb_6r27477  repeat \" data-lazy=\"1\">\n        <div  class=\"tb_text_wrap\">\n    <h3 style=\"text-align: center;\"><strong><b>Adapt\u00e1vel \u00e0s diversidades do mercado<\/b><\/strong><\/h3>\n<p style=\"text-align: center;\">. Processos Mar\u00edtimos, A\u00e9reos, Rodovi\u00e1rios e Ferrovi\u00e1rios;<br \/>. Processos FTL, LTL, FCL, LCL e Grupagens;<br \/>. Carga Geral, Convencional, ADR, Res\u00edduos Pr\u00e9 e P\u00f3s Transportes de Recolha e Entrega.<\/p>    <\/div>\n<\/div>\n<!-- \/module text -->\t        <\/div>\n\t    \t<\/div>\n\t\t<div  data-lazy=\"1\" class=\"module_column tb-column col4-1 last tb_y8jr478 repeat tf_box\">\n\t\t\t    \t        <div class=\"tb-column-inner tf_box tf_w\">\n\t\t    <!-- module text -->\n<div  class=\"module module-text tb_bz5s478  repeat \" data-lazy=\"1\">\n        <div  class=\"tb_text_wrap\">\n    <h3 style=\"text-align: center;\"><b>Garante todos os formalismos exigidos<\/b><\/h3>\n<p style=\"text-align: center;\">. Procedimentos e Tarefas por tipo de processo;<br \/>. Gest\u00e3o e distribui\u00e7\u00e3o de tarefas;<br \/>. Word Templates para emiss\u00e3o de Documenta\u00e7\u00e3o Operacional;<br \/>. Templates de Email para envio de documenta\u00e7\u00e3o;<br \/>. Dossier digital do processo, Drag &amp; Drop.<\/p>    <\/div>\n<\/div>\n<!-- \/module text -->\t        <\/div>\n\t    \t<\/div>\n\t\t    <\/div>\n\t    <!-- \/row_inner -->\n\t<\/div>\n\t<!-- \/module_row -->\n\t\t<!-- module_row -->\n\t<div  data-desktop-padding=\"20px,20px\" data-css_id=\"ghui42\" data-lazy=\"1\" class=\"module_row themify_builder_row repeat fullwidth_row_container tb_ghui42 tf_clearfix\" >\n\t    \t\t<div class=\"row_inner col_align_top col-count-3 tf_box tf_w tf_rel\"  data-basecol=\"3\" data-col_mobile=\"column-full\">\n\t\t\t<div  data-lazy=\"1\" class=\"module_column tb-column col3-1 first tb_ydgr43 repeat tf_box\">\n\t\t\t    \t        <div class=\"tb-column-inner tf_box tf_w\">\n\t\t    <!-- module text -->\n<div  class=\"module module-text tb_c2o143  repeat \" data-lazy=\"1\">\n        <div  class=\"tb_text_wrap\">\n    <h3 style=\"text-align: center;\"><strong><b>Monitoriza\u00e7\u00e3o e controlo <br>da atividade operacional<\/b><br \/><\/strong><\/h3>\n<p style=\"text-align: center;\">. Integra\u00e7\u00e3o com INTTRA;<br \/>. Controlo Or\u00e7amental de Processos de Tr\u00e2nsito;<br \/>. Armaz\u00e9ns de Tr\u00e2nsito;<br \/>. Controlo de estados da carga e n\u00e3o conformidades;<br \/>. Gestor de alertas.<\/p>\n    <\/div>\n<\/div>\n<!-- \/module text -->\t        <\/div>\n\t    \t<\/div>\n\t\t<div  data-lazy=\"1\" class=\"module_column tb-column col3-1 middle tb_syww43 repeat tf_box\">\n\t\t\t    \t        <div class=\"tb-column-inner tf_box tf_w\">\n\t\t    <!-- module text -->\n<div  class=\"module module-text tb_2w2x43  repeat \" data-lazy=\"1\">\n        <div  class=\"tb_text_wrap\">\n    <h3 style=\"text-align: center;\"><strong><b>Digitalizar e acelerar os procedimentos da atividade financeira<\/b><\/strong><\/h3>\n<p style=\"text-align: center;\">. Integra\u00e7\u00e3o autom\u00e1tica com o Microsoft Dynamics 365 Business Central;<br \/>. Fatura\u00e7\u00e3o mais r\u00e1pida e diversificada;<br \/>. Integra\u00e7\u00e3o com ferramentas OCR para faturas de compra e documentos de viagem (CMR\\POD);<br \/>. Gest\u00e3o de COD.<\/p>    <\/div>\n<\/div>\n<!-- \/module text -->\t        <\/div>\n\t    \t<\/div>\n\t\t<div  data-lazy=\"1\" class=\"module_column tb-column col3-1 last tb_6up643 repeat tf_box\">\n\t\t\t    \t        <div class=\"tb-column-inner tf_box tf_w\">\n\t\t    <!-- module text -->\n<div  class=\"module module-text tb_cj0843  repeat \" data-lazy=\"1\">\n        <div  class=\"tb_text_wrap\">\n    <h3 style=\"text-align: center;\"><strong><b>Dados de an\u00e1lise que suporte a tomada de decis\u00e3o<\/b><br \/><\/strong><\/h3>\n<p style=\"text-align: center;\">. An\u00e1lises de Rentabilidade;<br \/>. Centros de Custo e an\u00e1lises D365BC;<br \/>. Integra\u00e7\u00e3o com PowerBI;<br \/>. Utiliza\u00e7\u00e3o de ferramentas de BI (BITrans).<\/p>    <\/div>\n<\/div>\n<!-- \/module text -->\t        <\/div>\n\t    \t<\/div>\n\t\t    <\/div>\n\t    <!-- \/row_inner -->\n\t<\/div>\n\t<!-- \/module_row -->\n\t\t<!-- module_row -->\n\t<div  data-css_id=\"z03f134\" data-lazy=\"1\" class=\"module_row themify_builder_row solucoes-sector repeat fullwidth_row_container tb_z03f134 tf_clearfix\" >\n\t    \t\t<div class=\"row_inner col_align_top col-count-2 tf_box tf_w tf_rel\"  data-basecol=\"2\" data-col_mobile=\"column-full\">\n\t\t\t<div  data-lazy=\"1\" style=\"width: 50.78%\" class=\"module_column tb-column col4-2 first tb_ecnm134 tf_box\">\n\t\t\t    \t        <div class=\"tb-column-inner tf_box tf_w\">\n\t\t    <!-- module image -->\n<div  class=\"module module-image tb_waju134   image-top tf_mw wow\" data-tf-animation=\"fadeIn\" data-lazy=\"1\">\n        <div class=\"image-wrap tf_rel tf_mw\">\n\t\t    <img loading=\"lazy\" src=\"https:\/\/arquiconsult.com\/wp-content\/uploads\/2024\/01\/water-transport-2023-11-27-05-25-03-utc-scaled-500x333.jpg\" width=\"500\" height=\"333\" class=\"wp-post-image wp-image-59580\" title=\"water-transport-2023-11-27-05-25-03-utc\" alt=\"water-transport-2023-11-27-05-25-03-utc\" srcset=\"https:\/\/arquiconsult.com\/wp-content\/uploads\/2024\/01\/water-transport-2023-11-27-05-25-03-utc-scaled-500x333.jpg 500w, https:\/\/arquiconsult.com\/wp-content\/uploads\/2024\/01\/water-transport-2023-11-27-05-25-03-utc-640x426.jpg 640w, https:\/\/arquiconsult.com\/wp-content\/uploads\/2024\/01\/water-transport-2023-11-27-05-25-03-utc-2000x1332.jpg 2000w, https:\/\/arquiconsult.com\/wp-content\/uploads\/2024\/01\/water-transport-2023-11-27-05-25-03-utc-768x512.jpg 768w, https:\/\/arquiconsult.com\/wp-content\/uploads\/2024\/01\/water-transport-2023-11-27-05-25-03-utc-1536x1023.jpg 1536w, https:\/\/arquiconsult.com\/wp-content\/uploads\/2024\/01\/water-transport-2023-11-27-05-25-03-utc-2048x1364.jpg 2048w, https:\/\/arquiconsult.com\/wp-content\/uploads\/2024\/01\/water-transport-2023-11-27-05-25-03-utc-320x213.jpg 320w, https:\/\/arquiconsult.com\/wp-content\/uploads\/2024\/01\/water-transport-2023-11-27-05-25-03-utc-480x320.jpg 480w, https:\/\/arquiconsult.com\/wp-content\/uploads\/2024\/01\/water-transport-2023-11-27-05-25-03-utc-800x533.jpg 800w\" sizes=\"(max-width: 500px) 100vw, 500px\" \/>\t\n\t\t<\/div>\n\t<!-- \/image-wrap -->\n    \n    \t<\/div>\n<!-- \/module image -->\t        <\/div>\n\t    \t<\/div>\n\t\t<div  data-lazy=\"1\" style=\"width: 46.02%\" class=\"module_column tb-column col4-2 last tb_rzin134 tf_box\">\n\t\t\t    \t        <div class=\"tb-column-inner tf_box tf_w\">\n\t\t    <!-- module text -->\n<div  class=\"module module-text tb_e1ke134  repeat \" data-lazy=\"1\">\n        <div  class=\"tb_text_wrap\">\n    <h2 style=\"text-align: left;\"><strong>E foi exactamente assim que este m\u00f3dulo foi concebido: para ajudar as empresas e os servi\u00e7os log\u00edsticos a ter um melhor controlo dos custos e a aumentar a sua margem.<\/strong><\/h2>    <\/div>\n<\/div>\n<!-- \/module text --><!-- module text -->\n<div  class=\"module module-text tb_uk4x134  repeat \" data-lazy=\"1\">\n        <div  class=\"tb_text_wrap\">\n    <p style=\"text-align: left;\">O Navitrans \u00e9 um software modular, adaptado ao seu neg\u00f3cio. Tem m\u00faltiplas possibilidades de configura\u00e7\u00e3o, a fim de se adaptar a aplica\u00e7\u00f5es standard ou aos seus procedimentos espec\u00edficos. Cada utilizador pode adaptar e personalizar o seu ecr\u00e3 para evitar informa\u00e7\u00f5es ou tabelas redundantes. E isso tamb\u00e9m funciona eficientemente.<\/p>    <\/div>\n<\/div>\n<!-- \/module text --><!-- module buttons -->\n<div  class=\"module module-buttons tb_r813134 buttons-horizontal transparent popmake-43788 large circle tf_textc wow\" data-tf-animation=\"pulse\" data-lazy=\"1\">\n    \t<div class=\"module-buttons-item tf_inline_b\">\n\t\t\t\t\t\t\t<a href=\"#\" class=\"ui builder_button tb_default_color\" >\n\t\t\t\t\t\t\t\t\t\t\t<span class=\"tf_inline_b tf_vmiddle\">Adquirir Informa\u00e7\u00f5es<\/span>\n\t\t\t\t\t\t\t\t\t\t\t<\/a>\n\t\t\t    \t<\/div>\n\t<\/div>\n<!-- \/module buttons -->\n\t        <\/div>\n\t    \t<\/div>\n\t\t    <\/div>\n\t    <!-- \/row_inner -->\n\t<\/div>\n\t<!-- \/module_row -->\n\t<\/div>\n<!--\/themify_builder_content-->","protected":false},"excerpt":{"rendered":"<p>Arquiconsult.com \/ Sectores \/ Transporte e Log\u00edstica \/ Navitrans Transit\u00e1rios Navitrans Transit\u00e1rios O M\u00f3dulo Navitrans Transit\u00e1rios \u00e9 um Sistema de Gest\u00e3o de Transporte de Mercadorias (FMS) de f\u00e1cil utiliza\u00e7\u00e3o. Navitrans Transit\u00e1rios Este m\u00f3dulo \u00e9 um sistema de gest\u00e3o de f\u00e1cil utiliza\u00e7\u00e3o (FMS) que automatiza, estrutura e optimiza os processos log\u00edsticos das empresas de transporte de [&hellip;]<\/p>\n","protected":false},"author":4,"featured_media":0,"parent":0,"menu_order":0,"comment_status":"closed","ping_status":"closed","template":"","meta":[],"acf":[],"_links":{"self":[{"href":"https:\/\/arquiconsult.com\/pt-br\/wp-json\/wp\/v2\/pages\/41042"}],"collection":[{"href":"https:\/\/arquiconsult.com\/pt-br\/wp-json\/wp\/v2\/pages"}],"about":[{"href":"https:\/\/arquiconsult.com\/pt-br\/wp-json\/wp\/v2\/types\/page"}],"author":[{"embeddable":true,"href":"https:\/\/arquiconsult.com\/pt-br\/wp-json\/wp\/v2\/users\/4"}],"replies":[{"embeddable":true,"href":"https:\/\/arquiconsult.com\/pt-br\/wp-json\/wp\/v2\/comments?post=41042"}],"version-history":[{"count":1,"href":"https:\/\/arquiconsult.com\/pt-br\/wp-json\/wp\/v2\/pages\/41042\/revisions"}],"predecessor-version":[{"id":118240,"href":"https:\/\/arquiconsult.com\/pt-br\/wp-json\/wp\/v2\/pages\/41042\/revisions\/118240"}],"wp:attachment":[{"href":"https:\/\/arquiconsult.com\/pt-br\/wp-json\/wp\/v2\/media?parent=41042"}],"curies":[{"name":"wp","href":"https:\/\/api.w.org\/{rel}","templated":true}]}}