{"id":41051,"date":"2022-04-28T10:40:17","date_gmt":"2022-04-28T09:40:17","guid":{"rendered":"https:\/\/arquiconsult.com\/?page_id=41051"},"modified":"2025-12-02T15:42:36","modified_gmt":"2025-12-02T15:42:36","slug":"navitrans-armazem","status":"publish","type":"page","link":"https:\/\/arquiconsult.com\/pt-br\/navitrans-armazem\/","title":{"rendered":"Navitrans Armaz\u00e9m"},"content":{"rendered":"<!--themify_builder_content-->\n<div id=\"themify_builder_content-41051\" data-postid=\"41051\" class=\"themify_builder_content themify_builder_content-41051 themify_builder tf_clear\">\n    \t<!-- module_row -->\n\t<div  data-css_id=\"vx1a208\" data-lazy=\"1\" class=\"module_row themify_builder_row fullcover fullwidth_row_container tb_vx1a208 tb_first tf_clearfix\" >\n\t    <div class=\"builder_row_cover tf_abs\"><\/div>\t\t<div class=\"row_inner col_align_middle col-count-2 tf_box tf_w tf_rel\"  data-basecol=\"2\" data-col_tablet=\"column-full\" data-col_mobile=\"column-full\">\n\t\t\t<div  data-lazy=\"1\" style=\"width: 88.12%\" class=\"module_column tb-column col3-2 first tb_1e80209 tf_box\">\n\t\t\t    \t        <div class=\"tb-column-inner tf_box tf_w\">\n\t\t    <!-- module text -->\n<div  class=\"module module-text tb_1zu6209  repeat \" data-lazy=\"1\">\n        <div  class=\"tb_text_wrap\">\n    <h4><a href=\"https:\/\/arquiconsult.com\">Arquiconsult.com<\/a> \/ <a href=\"#\">Sectores<\/a> \/ <a href=\"http:\/\/Transport and Logistics\" data-wplink-url-error=\"true\" target=\"_blank\">Transporte e Log\u00edstica <\/a>\/\u00a0<strong>Navitrans Armaz\u00e9m<\/strong><\/h4>    <\/div>\n<\/div>\n<!-- \/module text --><!-- module fancy heading -->\n<!--\/* $fields_args['heading_tag']  CODIGO QUE SAIU * \/-->\n<div  class=\"module module-fancy-heading tb_h86e209 titulo-suporte tb_hide_divider\" data-lazy=\"1\">\n        <h1  class=\"fancy-heading tf_textl\">\n    <span class=\"main-head tf_block\">\n\t\t\t\t\tNavitrans Armaz\u00e9m\t\t    <\/span>\n\n\t\n    <span class=\"sub-head tf_block tf_rel\">\n\t\t\t\t\t\t\t    <\/span>\n    <\/h1>\n<\/div>\n<!-- \/module fancy heading -->\n<!-- module text -->\n<div  class=\"module module-text tb_vrc9209   \" data-lazy=\"1\">\n        <div  class=\"tb_text_wrap\">\n    <h4>O Navitrans Armaz\u00e9m \u00e9 um sistema de gest\u00e3o de armaz\u00e9m (WMS) de f\u00e1cil utiliza\u00e7\u00e3o.<\/h4>    <\/div>\n<\/div>\n<!-- \/module text -->\t        <\/div>\n\t    \t<\/div>\n\t\t<div  data-lazy=\"1\" style=\"width: 8.68%\" class=\"module_column tb-column col3-1 last tb_xoby209 tf_box\">\n\t\t\t    \t<\/div>\n\t\t    <\/div>\n\t    <!-- \/row_inner -->\n\t<\/div>\n\t<!-- \/module_row -->\n\t\t<!-- module_row -->\n\t<div  data-css_id=\"d5r6831\" data-lazy=\"1\" class=\"module_row themify_builder_row fullcover fullwidth tb_d5r6831 tf_clearfix wow\" data-tf-animation=\"pulse\" >\n\t    \t\t<div class=\"row_inner col_align_top col-count-1 tf_box tf_w tf_rel\">\n\t\t\t<div  data-lazy=\"1\" class=\"module_column tb-column col-full first tb_70dc831 tf_box\">\n\t\t\t    \t        <div class=\"tb-column-inner tf_box tf_w\">\n\t\t    <!-- module text -->\n<div  class=\"module module-text tb_zraj831  repeat \" data-lazy=\"1\">\n        <div  class=\"tb_text_wrap\">\n    <h2>Navitrans Armaz\u00e9m<\/h2>    <\/div>\n<\/div>\n<!-- \/module text --><!-- module text -->\n<div  class=\"module module-text tb_0o2v831  repeat \" data-lazy=\"1\">\n        <div  class=\"tb_text_wrap\">\n    <p style=\"text-align: center;\">\u00c9 um sistema de gest\u00e3o de armaz\u00e9m (WMS) de f\u00e1cil utiliza\u00e7\u00e3o que automatiza, estrutura e optimiza os processos de armazenamento dos fornecedores de servi\u00e7os log\u00edsticos. O resultado? Trabalhar de forma mais r\u00e1pida, mais eficiente e mais focalizada.<\/p>    <\/div>\n<\/div>\n<!-- \/module text -->\t        <\/div>\n\t    \t<\/div>\n\t\t    <\/div>\n\t    <!-- \/row_inner -->\n\t<\/div>\n\t<!-- \/module_row -->\n\t\t<!-- module_row -->\n\t<div  data-anchor=\"support\" data-hide-anchor=\"1\" data-lazy=\"1\" class=\"module_row themify_builder_row repeat tb_has_section tb_section-support tb_u9ty513 tf_clearfix\" >\n\t    \t\t<div class=\"row_inner col_align_top col-count-1 tf_box tf_w tf_rel\">\n\t\t\t<div  data-lazy=\"1\" class=\"module_column tb-column col-full first tb_9s3g513 tf_box\">\n\t\t\t    \t        <div class=\"tb-column-inner tf_box tf_w\">\n\t\t    \t<div  data-lazy=\"1\" class=\"module_subrow themify_builder_sub_row tb_buek514 tf_w tf_clearfix\">\n\t    \t\t<div class=\"subrow_inner col_align_top col-count-1 tf_box tf_w\">\n\t\t\t<div  data-lazy=\"1\" class=\"sub_column module_column tf_box col-full first tb_hs5p514\"> \n\t    \t    \t        <div class=\"tb-column-inner tf_box tf_w\">\n\t\t    <!-- module text -->\n<div  class=\"module module-text tb_6l9e514  repeat \" data-lazy=\"1\">\n        <div  class=\"tb_text_wrap\">\n    <h2 style=\"text-align: center;\">O que esperar de um software de gest\u00e3o de armaz\u00e9m como o Navitrans?<\/h2>    <\/div>\n<\/div>\n<!-- \/module text -->\t        <\/div>\n\t    \t<\/div>\n\t\t    <\/div>\n\t<\/div><!-- \/themify_builder_sub_row -->\n\t\t        <\/div>\n\t    \t<\/div>\n\t\t    <\/div>\n\t    <!-- \/row_inner -->\n\t<\/div>\n\t<!-- \/module_row -->\n\t\t<!-- module_row -->\n\t<div  data-desktop-padding=\"20px,20px\" data-css_id=\"unkp65\" data-lazy=\"1\" class=\"module_row themify_builder_row repeat fullwidth_row_container tb_unkp65 tf_clearfix\" >\n\t    \t\t<div class=\"row_inner col_align_top col-count-4 tf_box tf_w tf_rel\"  data-basecol=\"4\" data-col_mobile=\"column-full\">\n\t\t\t<div  data-lazy=\"1\" class=\"module_column tb-column col4-1 first tb_0vac65 repeat tf_box\">\n\t\t\t    \t        <div class=\"tb-column-inner tf_box tf_w\">\n\t\t    <!-- module text -->\n<div  class=\"module module-text tb_4ixz65  repeat \" data-lazy=\"1\">\n        <div  class=\"tb_text_wrap\">\n    <h3 style=\"text-align: center;\"><strong><b>F\u00e1cil utiliza\u00e7\u00e3o e r\u00e1pido<\/b><br \/><\/strong><\/h3>\n<p style=\"text-align: center;\">. Ambiente intuitivo e \u00c9crans personaliz\u00e1veis por utilizador;<br \/>. Integra\u00e7\u00e3o de Ordens de Entrada e Sa\u00edda via EDI;<br \/>. Software Gr\u00e1fico para Scanners;<br \/>. Lan\u00e7amento de custos e servi\u00e7os autom\u00e1ticos com base em Tarifas de Movimenta\u00e7\u00e3o, Armazenagem ou Tarefas VAL.<\/p>    <\/div>\n<\/div>\n<!-- \/module text -->\t        <\/div>\n\t    \t<\/div>\n\t\t<div  data-lazy=\"1\" class=\"module_column tb-column col4-1 second tb_imp865 repeat tf_box\">\n\t\t\t    \t        <div class=\"tb-column-inner tf_box tf_w\">\n\t\t    <!-- module text -->\n<div  class=\"module module-text tb_kri066  repeat \" data-lazy=\"1\">\n        <div  class=\"tb_text_wrap\">\n    <h3 style=\"text-align: center;\"><strong><b>Flex\u00edvel e adapt\u00e1vel \u00e0s exig\u00eancias do cliente<\/b><br \/><\/strong><\/h3>\n<p style=\"text-align: center;\">. Desenho de Dep\u00f3sitos, Armaz\u00e9ns, Zonas e Posi\u00e7\u00f5es;<br \/>. Ordens de Entrada, Recep\u00e7\u00f5es e Arruma\u00e7\u00f5es;<br \/>. Ordens de Sa\u00edda, Pickings e Expedi\u00e7\u00f5es;<br \/>. Pickings FIFO, FEFO, LIFO;<br \/>. Rastreabilidade completa, Lotes, Validades, N\u00bas S\u00e9rie;<br \/>. Estrat\u00e9gias de Picking, Arruma\u00e7\u00e3o e Reaprovisionamento;<br \/>. Tarefas VAL, Transforma\u00e7\u00f5es e mudan\u00e7as de Estado;<br \/>. Planeamento de Cais, de Recursos e Empregados;<br \/>. Monitoriza\u00e7\u00e3o de performance de execu\u00e7\u00e3o de tarefas;<br \/>. Viagens WMS.<\/p>    <\/div>\n<\/div>\n<!-- \/module text -->\t        <\/div>\n\t    \t<\/div>\n\t\t<div  data-lazy=\"1\" class=\"module_column tb-column col4-1 third tb_fp5b66 repeat tf_box\">\n\t\t\t    \t        <div class=\"tb-column-inner tf_box tf_w\">\n\t\t    <!-- module text -->\n<div  class=\"module module-text tb_gaxg66  repeat \" data-lazy=\"1\">\n        <div  class=\"tb_text_wrap\">\n    <h3 style=\"text-align: center;\"><strong><b>Monitoriza\u00e7\u00e3o e controlo da atividade operacional<\/b><br \/><\/strong><\/h3>\n<p style=\"text-align: center;\">. Controlo de Qualidade;<br \/>. Gest\u00e3o de tarefas e tempos de execu\u00e7\u00e3o;<br \/>. Qualifica\u00e7\u00f5es;<br \/>. Visibilidade do stock;<br \/>. Invent\u00e1rio e Contagens c\u00edclicas.<\/p>    <\/div>\n<\/div>\n<!-- \/module text -->\t        <\/div>\n\t    \t<\/div>\n\t\t<div  data-lazy=\"1\" class=\"module_column tb-column col4-1 last tb_nuav66 repeat tf_box\">\n\t\t\t    \t        <div class=\"tb-column-inner tf_box tf_w\">\n\t\t    <!-- module text -->\n<div  class=\"module module-text tb_twnf66  repeat \" data-lazy=\"1\">\n        <div  class=\"tb_text_wrap\">\n    <h3 style=\"text-align: center;\"><b>Suporte \u00e0 fatura\u00e7\u00e3o e rentabilidade<\/b><\/h3>\n<p style=\"text-align: center;\">. Integra\u00e7\u00e3o autom\u00e1tica com o Microsoft Dynamics 365 Business Central;<br \/>. Fatura\u00e7\u00e3o mais r\u00e1pida e diversificada;<br \/>. Tarifas Gerais e de Clientes;<br \/>. Tarifas de Movimenta\u00e7\u00f5es, Ocupa\u00e7\u00e3o, Peri\u00f3dicas, VAL.<\/p>    <\/div>\n<\/div>\n<!-- \/module text -->\t        <\/div>\n\t    \t<\/div>\n\t\t    <\/div>\n\t    <!-- \/row_inner -->\n\t<\/div>\n\t<!-- \/module_row -->\n\t\t<!-- module_row -->\n\t<div  data-css_id=\"hls8545\" data-lazy=\"1\" class=\"module_row themify_builder_row solucoes-sector repeat fullwidth_row_container tb_hls8545 tf_clearfix\" >\n\t    \t\t<div class=\"row_inner col_align_top col-count-2 tf_box tf_w tf_rel\"  data-basecol=\"2\" data-col_mobile=\"column-full\">\n\t\t\t<div  data-lazy=\"1\" style=\"width: 50.88%\" class=\"module_column tb-column col4-2 first tb_s7nj545 tf_box\">\n\t\t\t    \t        <div class=\"tb-column-inner tf_box tf_w\">\n\t\t    <!-- module image -->\n<div  class=\"module module-image tb_gyw7545   image-top tf_mw wow\" data-tf-animation=\"fadeIn\" data-lazy=\"1\">\n        <div class=\"image-wrap tf_rel tf_mw\">\n\t\t    <img loading=\"lazy\" src=\"https:\/\/arquiconsult.com\/wp-content\/uploads\/2021\/11\/banner-Navitrans-Armazem-500x281.jpg\" width=\"500\" height=\"281\" class=\"wp-post-image wp-image-28934\" title=\"banner-Navitrans Armaz\u00e9m\" alt=\"banner-Navitrans Armaz\u00e9m\" srcset=\"https:\/\/arquiconsult.com\/wp-content\/uploads\/2021\/11\/banner-Navitrans-Armazem-500x281.jpg 500w, https:\/\/arquiconsult.com\/wp-content\/uploads\/2021\/11\/banner-Navitrans-Armazem-640x360.jpg 640w, https:\/\/arquiconsult.com\/wp-content\/uploads\/2021\/11\/banner-Navitrans-Armazem-768x432.jpg 768w, https:\/\/arquiconsult.com\/wp-content\/uploads\/2021\/11\/banner-Navitrans-Armazem.jpg 1366w\" sizes=\"(max-width: 500px) 100vw, 500px\" \/>\t\n\t\t<\/div>\n\t<!-- \/image-wrap -->\n    \n    \t<\/div>\n<!-- \/module image -->\t        <\/div>\n\t    \t<\/div>\n\t\t<div  data-lazy=\"1\" style=\"width: 45.92%\" class=\"module_column tb-column col4-2 last tb_wzf3546 tf_box\">\n\t\t\t    \t        <div class=\"tb-column-inner tf_box tf_w\">\n\t\t    <!-- module text -->\n<div  class=\"module module-text tb_xqpl546  repeat \" data-lazy=\"1\">\n        <div  class=\"tb_text_wrap\">\n    <h2 style=\"text-align: left;\"><strong>E foi exactamente assim que foi concebida: para ajudar as empresas e os servi\u00e7os log\u00edsticos a ter um melhor controlo de custos e a aumentar a sua margem.<\/strong><\/h2>    <\/div>\n<\/div>\n<!-- \/module text --><!-- module text -->\n<div  class=\"module module-text tb_qn1g546  repeat \" data-lazy=\"1\">\n        <div  class=\"tb_text_wrap\">\n    <p style=\"text-align: left;\">O Navitrans \u00e9 um software modular, adaptado ao seu neg\u00f3cio. Tem m\u00faltiplas possibilidades de configura\u00e7\u00e3o, para se adaptarem \u00e0s aplica\u00e7\u00f5es padr\u00e3o ou aos seus procedimentos espec\u00edficos. Cada utilizador pode adaptar e personalizar o seu ecr\u00e3 para evitar informa\u00e7\u00f5es ou tabelas redundantes. E isso tamb\u00e9m funciona de forma eficiente.<\/p>    <\/div>\n<\/div>\n<!-- \/module text --><!-- module buttons -->\n<div  class=\"module module-buttons tb_gspa546 buttons-horizontal transparent popmake-43788 large circle tf_textc wow\" data-tf-animation=\"pulse\" data-lazy=\"1\">\n    \t<div class=\"module-buttons-item tf_inline_b\">\n\t\t\t\t\t\t\t<a href=\"#\" class=\"ui builder_button tb_default_color\" >\n\t\t\t\t\t\t\t\t\t\t\t<span class=\"tf_inline_b tf_vmiddle\">Adquirir Informa\u00e7\u00f5es<\/span>\n\t\t\t\t\t\t\t\t\t\t\t<\/a>\n\t\t\t    \t<\/div>\n\t<\/div>\n<!-- \/module buttons -->\n\t        <\/div>\n\t    \t<\/div>\n\t\t    <\/div>\n\t    <!-- \/row_inner -->\n\t<\/div>\n\t<!-- \/module_row -->\n\t<\/div>\n<!--\/themify_builder_content-->","protected":false},"excerpt":{"rendered":"<p>Arquiconsult.com \/ Sectores \/ Transporte e Log\u00edstica \/\u00a0Navitrans Armaz\u00e9m Navitrans Armaz\u00e9m O Navitrans Armaz\u00e9m \u00e9 um sistema de gest\u00e3o de armaz\u00e9m (WMS) de f\u00e1cil utiliza\u00e7\u00e3o. Navitrans Armaz\u00e9m \u00c9 um sistema de gest\u00e3o de armaz\u00e9m (WMS) de f\u00e1cil utiliza\u00e7\u00e3o que automatiza, estrutura e optimiza os processos de armazenamento dos fornecedores de servi\u00e7os log\u00edsticos. O resultado? Trabalhar [&hellip;]<\/p>\n","protected":false},"author":4,"featured_media":0,"parent":0,"menu_order":0,"comment_status":"closed","ping_status":"closed","template":"","meta":[],"acf":[],"_links":{"self":[{"href":"https:\/\/arquiconsult.com\/pt-br\/wp-json\/wp\/v2\/pages\/41051"}],"collection":[{"href":"https:\/\/arquiconsult.com\/pt-br\/wp-json\/wp\/v2\/pages"}],"about":[{"href":"https:\/\/arquiconsult.com\/pt-br\/wp-json\/wp\/v2\/types\/page"}],"author":[{"embeddable":true,"href":"https:\/\/arquiconsult.com\/pt-br\/wp-json\/wp\/v2\/users\/4"}],"replies":[{"embeddable":true,"href":"https:\/\/arquiconsult.com\/pt-br\/wp-json\/wp\/v2\/comments?post=41051"}],"version-history":[{"count":1,"href":"https:\/\/arquiconsult.com\/pt-br\/wp-json\/wp\/v2\/pages\/41051\/revisions"}],"predecessor-version":[{"id":118247,"href":"https:\/\/arquiconsult.com\/pt-br\/wp-json\/wp\/v2\/pages\/41051\/revisions\/118247"}],"wp:attachment":[{"href":"https:\/\/arquiconsult.com\/pt-br\/wp-json\/wp\/v2\/media?parent=41051"}],"curies":[{"name":"wp","href":"https:\/\/api.w.org\/{rel}","templated":true}]}}