{"id":41060,"date":"2022-04-28T10:42:58","date_gmt":"2022-04-28T09:42:58","guid":{"rendered":"https:\/\/arquiconsult.com\/?page_id=41060"},"modified":"2025-12-02T15:39:10","modified_gmt":"2025-12-02T15:39:10","slug":"navitrans-transportes","status":"publish","type":"page","link":"https:\/\/arquiconsult.com\/pt-br\/navitrans-transportes\/","title":{"rendered":"Navitrans Transporte"},"content":{"rendered":"<!--themify_builder_content-->\n<div id=\"themify_builder_content-41060\" data-postid=\"41060\" class=\"themify_builder_content themify_builder_content-41060 themify_builder tf_clear\">\n    \t<!-- module_row -->\n\t<div  data-css_id=\"kmni964\" data-lazy=\"1\" class=\"module_row themify_builder_row fullcover fullwidth_row_container tb_kmni964 tb_first tf_clearfix\" >\n\t    <div class=\"builder_row_cover tf_abs\"><\/div>\t\t<div class=\"row_inner col_align_middle col-count-2 tf_box tf_w tf_rel\"  data-basecol=\"2\" data-col_tablet=\"column-full\" data-col_mobile=\"column-full\">\n\t\t\t<div  data-lazy=\"1\" style=\"width: 77.43%\" class=\"module_column tb-column col3-2 first tb_djgh965 tf_box\">\n\t\t\t    \t        <div class=\"tb-column-inner tf_box tf_w\">\n\t\t    <!-- module text -->\n<div  class=\"module module-text tb_e9k4965  repeat \" data-lazy=\"1\">\n        <div  class=\"tb_text_wrap\">\n    <h4><a href=\"https:\/\/arquiconsult.com\">Arquiconsult.com<\/a> \/ <a href=\"#\">Sectores<\/a> \/ <a href=\"http:\/\/Transport and Logistics\" data-wplink-url-error=\"true\" target=\"_blank\">Transporte e Log\u00edstica <\/a>\/\u00a0<strong>Navitrans Transporte<\/strong><\/h4>    <\/div>\n<\/div>\n<!-- \/module text --><!-- module fancy heading -->\n<!--\/* $fields_args['heading_tag']  CODIGO QUE SAIU * \/-->\n<div  class=\"module module-fancy-heading tb_hdo5965 titulo-suporte tb_hide_divider\" data-lazy=\"1\">\n        <h1  class=\"fancy-heading tf_textl\">\n    <span class=\"main-head tf_block\">\n\t\t\t\t\tNavitrans Transporte\t\t    <\/span>\n\n\t\n    <span class=\"sub-head tf_block tf_rel\">\n\t\t\t\t\t\t\t    <\/span>\n    <\/h1>\n<\/div>\n<!-- \/module fancy heading -->\n<!-- module text -->\n<div  class=\"module module-text tb_b8ey965   \" data-lazy=\"1\">\n        <div  class=\"tb_text_wrap\">\n    <h4>O m\u00f3dulo Navitrans Transporte \u00e9 um sistema de gest\u00e3o de transportes (TMS) de f\u00e1cil utiliza\u00e7\u00e3o.<\/h4>    <\/div>\n<\/div>\n<!-- \/module text -->\t        <\/div>\n\t    \t<\/div>\n\t\t<div  data-lazy=\"1\" style=\"width: 19.37%\" class=\"module_column tb-column col3-1 last tb_fqit965 tf_box\">\n\t\t\t    \t<\/div>\n\t\t    <\/div>\n\t    <!-- \/row_inner -->\n\t<\/div>\n\t<!-- \/module_row -->\n\t\t<!-- module_row -->\n\t<div  data-css_id=\"dvon35\" data-lazy=\"1\" class=\"module_row themify_builder_row fullcover fullwidth tb_dvon35 tf_clearfix wow\" data-tf-animation=\"pulse\" >\n\t    \t\t<div class=\"row_inner col_align_top col-count-1 tf_box tf_w tf_rel\">\n\t\t\t<div  data-lazy=\"1\" class=\"module_column tb-column col-full first tb_ne8x35 tf_box\">\n\t\t\t    \t        <div class=\"tb-column-inner tf_box tf_w\">\n\t\t    <!-- module text -->\n<div  class=\"module module-text tb_7igd896  repeat \" data-lazy=\"1\">\n        <div  class=\"tb_text_wrap\">\n    <h2>Navitrans Transporte<\/h2>    <\/div>\n<\/div>\n<!-- \/module text --><!-- module text -->\n<div  class=\"module module-text tb_q3om35  repeat \" data-lazy=\"1\">\n        <div  class=\"tb_text_wrap\">\n    <p style=\"text-align: center;\">O m\u00f3dulo Navitrans Transporte \u00e9 um sistema de gest\u00e3o de transportes (TMS) de f\u00e1cil utiliza\u00e7\u00e3o que automatiza, estrutura e optimiza os processos log\u00edsticos das empresas de transporte. O resultado? Trabalhar de forma mais r\u00e1pida, mais eficiente e mais focalizada.<\/p>    <\/div>\n<\/div>\n<!-- \/module text -->\t        <\/div>\n\t    \t<\/div>\n\t\t    <\/div>\n\t    <!-- \/row_inner -->\n\t<\/div>\n\t<!-- \/module_row -->\n\t\t<!-- module_row -->\n\t<div  data-anchor=\"support\" data-hide-anchor=\"1\" data-lazy=\"1\" class=\"module_row themify_builder_row repeat tb_has_section tb_section-support tb_k43s315 tf_clearfix\" >\n\t    \t\t<div class=\"row_inner col_align_top col-count-1 tf_box tf_w tf_rel\">\n\t\t\t<div  data-lazy=\"1\" class=\"module_column tb-column col-full first tb_12w0316 tf_box\">\n\t\t\t    \t        <div class=\"tb-column-inner tf_box tf_w\">\n\t\t    \t<div  data-lazy=\"1\" class=\"module_subrow themify_builder_sub_row tb_99xb316 tf_w tf_clearfix\">\n\t    \t\t<div class=\"subrow_inner col_align_top col-count-1 tf_box tf_w\">\n\t\t\t<div  data-lazy=\"1\" class=\"sub_column module_column tf_box col-full first tb_dn53316\"> \n\t    \t    \t        <div class=\"tb-column-inner tf_box tf_w\">\n\t\t    <!-- module text -->\n<div  class=\"module module-text tb_4pjs316  repeat \" data-lazy=\"1\">\n        <div  class=\"tb_text_wrap\">\n    <h2 style=\"text-align: center;\">O que esperar de um software de gest\u00e3o de transporte como o Navitrans?<\/h2>    <\/div>\n<\/div>\n<!-- \/module text -->\t        <\/div>\n\t    \t<\/div>\n\t\t    <\/div>\n\t<\/div><!-- \/themify_builder_sub_row -->\n\t\t        <\/div>\n\t    \t<\/div>\n\t\t    <\/div>\n\t    <!-- \/row_inner -->\n\t<\/div>\n\t<!-- \/module_row -->\n\t\t<!-- module_row -->\n\t<div  data-mobile-padding=\"20px,20px\" data-desktop-padding=\"20px,20px\" data-css_id=\"bm4d409\" data-lazy=\"1\" class=\"module_row themify_builder_row repeat fullwidth_row_container tb_bm4d409 tf_clearfix\" >\n\t    \t\t<div class=\"row_inner col_align_top col-count-4 tf_box tf_w tf_rel\"  data-basecol=\"4\" data-col_mobile=\"column-full\">\n\t\t\t<div  data-lazy=\"1\" class=\"module_column tb-column col4-1 first tb_kyfb409 repeat tf_box\">\n\t\t\t    \t        <div class=\"tb-column-inner tf_box tf_w\">\n\t\t    <!-- module text -->\n<div  class=\"module module-text tb_kr15410  repeat \" data-lazy=\"1\">\n        <div  class=\"tb_text_wrap\">\n    <h3 style=\"text-align: center;\"><strong><b>F\u00e1cil utiliza\u00e7\u00e3o e flexibilidade<\/b><br \/><\/strong><\/h3>\n<p style=\"text-align: center;\">. Ambiente intuitivo e \u00e9crans personaliz\u00e1veis por utilizador;<br \/>. R\u00e1pido registo de ordens de transporte manuais ou 100% autom\u00e1ticas;<br \/>. Integra\u00e7\u00e3o via EDI para cria\u00e7\u00e3o de ordens de transporte;<br \/>. Integra\u00e7\u00e3o com Bolsas de Carga, Transporeon, Transwide, LogitOne;<br \/>. Lan\u00e7amento de custos e servi\u00e7os autom\u00e1ticos.<\/p>    <\/div>\n<\/div>\n<!-- \/module text -->\t        <\/div>\n\t    \t<\/div>\n\t\t<div  data-lazy=\"1\" class=\"module_column tb-column col4-1 second tb_w0vm410 repeat tf_box\">\n\t\t\t    \t        <div class=\"tb-column-inner tf_box tf_w\">\n\t\t    <!-- module text -->\n<div  class=\"module module-text tb_jfm3410  repeat \" data-lazy=\"1\">\n        <div  class=\"tb_text_wrap\">\n    <h3 style=\"text-align: center;\"><strong><b>Controlo do processo comercial e de vendas<\/b><br \/><\/strong><\/h3>\n<p style=\"text-align: center;\">. Cria\u00e7\u00e3o e acompanhamento de propostas comerciais;<br \/>. C\u00e1lculo de custos detalhados;<br \/>. Utiliza\u00e7\u00e3o de tarif\u00e1rios gerais ou espec\u00edficos;<br \/>. Transforma\u00e7\u00e3o de propostas comerciais em ordens de transporte.<\/p>    <\/div>\n<\/div>\n<!-- \/module text -->\t        <\/div>\n\t    \t<\/div>\n\t\t<div  data-lazy=\"1\" class=\"module_column tb-column col4-1 third tb_x2ci410 repeat tf_box\">\n\t\t\t    \t        <div class=\"tb-column-inner tf_box tf_w\">\n\t\t    <!-- module text -->\n<div  class=\"module module-text tb_4ud8410  repeat \" data-lazy=\"1\">\n        <div  class=\"tb_text_wrap\">\n    <h3 style=\"text-align: center;\"><strong><b>Ferramentas para um Planeamento Eficaz<\/b><br \/><\/strong><\/h3>\n<p style=\"text-align: center;\">. Processos e Viagens FTL, LTL e Grupagens;<br \/>. Carga Geral, ADR, Res\u00edduos;<br \/>. Dep\u00f3sitos, Recolhas, Transfegas e Entregas;<br \/>. Planeamento Gr\u00e1fico e sobre Mapa;<br \/>. Cartografia e c\u00e1lculo de dist\u00e2ncias, tempos, portagens e CO2;<br \/>. Integra\u00e7\u00e3o com ferramentas de planeamento avan\u00e7ado;<br \/>. Integra\u00e7\u00e3o com ferramentas de otimiza\u00e7\u00e3o de rota e planeamento autom\u00e1tico.<\/p>    <\/div>\n<\/div>\n<!-- \/module text -->\t        <\/div>\n\t    \t<\/div>\n\t\t<div  data-lazy=\"1\" class=\"module_column tb-column col4-1 last tb_6mrp410 repeat tf_box\">\n\t\t\t    \t        <div class=\"tb-column-inner tf_box tf_w\">\n\t\t    <!-- module text -->\n<div  class=\"module module-text tb_f2cu410  repeat \" data-lazy=\"1\">\n        <div  class=\"tb_text_wrap\">\n    <h3 style=\"text-align: center;\"><strong><b>Monitoriza\u00e7\u00e3o e controlo da atividade operacional<\/b><\/strong><\/h3>\n<p style=\"text-align: center;\">. Integra\u00e7\u00f5es com solu\u00e7\u00f5es OBC (Computadores de Bordo);<br \/>. Aplica\u00e7\u00e3o do Motorista;<br \/>. Integra\u00e7\u00e3o com aplica\u00e7\u00e3o de Cross-Docking;<br \/>. Controlo de estados da carga e n\u00e3o conformidades;<br \/>. Gestor de alertas.<\/p>    <\/div>\n<\/div>\n<!-- \/module text -->\t        <\/div>\n\t    \t<\/div>\n\t\t    <\/div>\n\t    <!-- \/row_inner -->\n\t<\/div>\n\t<!-- \/module_row -->\n\t\t<!-- module_row -->\n\t<div  data-desktop-padding=\"20px,20px\" data-css_id=\"izbd668\" data-lazy=\"1\" class=\"module_row themify_builder_row repeat fullwidth_row_container tb_izbd668 tf_clearfix\" >\n\t    \t\t<div class=\"row_inner col_align_top col-count-3 tf_box tf_w tf_rel\"  data-basecol=\"3\" data-col_mobile=\"column-full\">\n\t\t\t<div  data-lazy=\"1\" class=\"module_column tb-column col3-1 first tb_vh2j669 repeat tf_box\">\n\t\t\t    \t        <div class=\"tb-column-inner tf_box tf_w\">\n\t\t    <!-- module text -->\n<div  class=\"module module-text tb_cskz669  repeat \" data-lazy=\"1\">\n        <div  class=\"tb_text_wrap\">\n    <h3 style=\"text-align: center;\"><strong><b>Monitoriza\u00e7\u00e3o e controlo dos recursos operacionais<\/b><br \/><\/strong><\/h3>\n<p style=\"text-align: center;\">. Gest\u00e3o de manuten\u00e7\u00e3o;<br \/>. Importa\u00e7\u00e3o de combust\u00edveis e portagens;<br \/>. Gest\u00e3o de datas de vencimento;<br \/>. Sinistros, Lavagens e Multas;<br \/>. Gest\u00e3o de Pneus.<\/p>    <\/div>\n<\/div>\n<!-- \/module text -->\t        <\/div>\n\t    \t<\/div>\n\t\t<div  data-lazy=\"1\" class=\"module_column tb-column col3-1 middle tb_l76j669 repeat tf_box\">\n\t\t\t    \t        <div class=\"tb-column-inner tf_box tf_w\">\n\t\t    <!-- module text -->\n<div  class=\"module module-text tb_jwtf669  repeat \" data-lazy=\"1\">\n        <div  class=\"tb_text_wrap\">\n    <h3 style=\"text-align: center;\"><strong><b>Digitalizar e acelerar <br>os procedimentos da<br \/>atividade financeira<\/b><br \/><\/strong><\/h3>\n<p style=\"text-align: center;\">. Integra\u00e7\u00e3o autom\u00e1tica com o Microsoft Dynamics 365 Business Central;<br \/>. Fatura\u00e7\u00e3o mais r\u00e1pida e diversificada;<br \/>. Integra\u00e7\u00e3o com ferramentas OCR para faturas de compra e documentos de viagem (CMR\\POD);<br \/>. Gest\u00e3o de COD.<\/p>\n    <\/div>\n<\/div>\n<!-- \/module text -->\t        <\/div>\n\t    \t<\/div>\n\t\t<div  data-lazy=\"1\" class=\"module_column tb-column col3-1 last tb_n6mt669 repeat tf_box\">\n\t\t\t    \t        <div class=\"tb-column-inner tf_box tf_w\">\n\t\t    <!-- module text -->\n<div  class=\"module module-text tb_fpog670  repeat \" data-lazy=\"1\">\n        <div  class=\"tb_text_wrap\">\n    <h3 style=\"text-align: center;\"><strong><b>Dados de an\u00e1lise que suporte a tomada de decis\u00e3o<\/b><br \/><\/strong><\/h3>\n<p style=\"text-align: center;\">. An\u00e1lises de Rentabilidade;<br \/>. Centros de Custo e an\u00e1lises D365BC;<br \/>. Integra\u00e7\u00e3o com PowerBI;<br \/>. Utiliza\u00e7\u00e3o de ferramentas de BI (BITrans).<\/p>    <\/div>\n<\/div>\n<!-- \/module text -->\t        <\/div>\n\t    \t<\/div>\n\t\t    <\/div>\n\t    <!-- \/row_inner -->\n\t<\/div>\n\t<!-- \/module_row -->\n\t\t<!-- module_row -->\n\t<div  data-css_id=\"vkez792\" data-lazy=\"1\" class=\"module_row themify_builder_row solucoes-sector repeat fullwidth_row_container tb_vkez792 tf_clearfix\" >\n\t    \t\t<div class=\"row_inner col_align_top col-count-2 tf_box tf_w tf_rel\"  data-basecol=\"2\" data-col_mobile=\"column-full\">\n\t\t\t<div  data-lazy=\"1\" style=\"width: 48.57%\" class=\"module_column tb-column col4-2 first tb_949a792 tf_box\">\n\t\t\t    \t        <div class=\"tb-column-inner tf_box tf_w\">\n\t\t    <!-- module image -->\n<div  class=\"module module-image tb_g46z792   image-top tf_mw wow\" data-tf-animation=\"fadeIn\" data-lazy=\"1\">\n        <div class=\"image-wrap tf_rel tf_mw\">\n\t\t    <img loading=\"lazy\" src=\"https:\/\/arquiconsult.com\/wp-content\/uploads\/2021\/11\/Dynamics-AX-e-365-FO-Renovacao-do-certificado-para-Comunicacao-de-Documentos-de-Transporte-a-AT-AX-FO-Localization-Portuguese-500x333.jpg\" width=\"500\" height=\"333\" class=\"wp-post-image wp-image-30785\" title=\"Dynamics AX e 365 FO Renova\u00e7\u00e3o do certificado para Comunica\u00e7\u00e3o de Documentos de Transporte \u00e0 AT-AX, FO, Localization Portuguese\" alt=\"Dynamics AX e 365 FO Renova\u00e7\u00e3o do certificado para Comunica\u00e7\u00e3o de Documentos de Transporte \u00e0 AT-AX, FO, Localization Portuguese\" srcset=\"https:\/\/arquiconsult.com\/wp-content\/uploads\/2021\/11\/Dynamics-AX-e-365-FO-Renovacao-do-certificado-para-Comunicacao-de-Documentos-de-Transporte-a-AT-AX-FO-Localization-Portuguese-500x333.jpg 500w, https:\/\/arquiconsult.com\/wp-content\/uploads\/2021\/11\/Dynamics-AX-e-365-FO-Renovacao-do-certificado-para-Comunicacao-de-Documentos-de-Transporte-a-AT-AX-FO-Localization-Portuguese-640x427.jpg 640w, https:\/\/arquiconsult.com\/wp-content\/uploads\/2021\/11\/Dynamics-AX-e-365-FO-Renovacao-do-certificado-para-Comunicacao-de-Documentos-de-Transporte-a-AT-AX-FO-Localization-Portuguese-768x512.jpg 768w, https:\/\/arquiconsult.com\/wp-content\/uploads\/2021\/11\/Dynamics-AX-e-365-FO-Renovacao-do-certificado-para-Comunicacao-de-Documentos-de-Transporte-a-AT-AX-FO-Localization-Portuguese.jpg 1200w\" sizes=\"(max-width: 500px) 100vw, 500px\" \/>\t\n\t\t<\/div>\n\t<!-- \/image-wrap -->\n    \n    \t<\/div>\n<!-- \/module image -->\t        <\/div>\n\t    \t<\/div>\n\t\t<div  data-lazy=\"1\" style=\"width: 48.23%\" class=\"module_column tb-column col4-2 last tb_difw793 tf_box\">\n\t\t\t    \t        <div class=\"tb-column-inner tf_box tf_w\">\n\t\t    <!-- module text -->\n<div  class=\"module module-text tb_v4ye793  repeat \" data-lazy=\"1\">\n        <div  class=\"tb_text_wrap\">\n    <h2 style=\"text-align: left;\"><strong>E \u00e9 exactamente como a Navitrans Transporte foi concebida: para ajudar as empresas e os servi\u00e7os log\u00edsticos a ter um melhor controlo dos custos e a aumentar a sua margem.<\/strong><\/h2>    <\/div>\n<\/div>\n<!-- \/module text --><!-- module text -->\n<div  class=\"module module-text tb_6c48793  repeat \" data-lazy=\"1\">\n        <div  class=\"tb_text_wrap\">\n    <p style=\"text-align: left;\">O Navitrans \u00e9 um software modular, adaptado ao seu neg\u00f3cio. Tem m\u00faltiplas possibilidades de configura\u00e7\u00e3o, a fim de se adaptar a aplica\u00e7\u00f5es standard ou aos seus procedimentos espec\u00edficos. Cada utilizador pode adaptar e personalizar o seu ecr\u00e3 para evitar informa\u00e7\u00f5es ou tabelas redundantes. E isso tamb\u00e9m funciona de forma eficiente.<\/p>    <\/div>\n<\/div>\n<!-- \/module text --><!-- module buttons -->\n<div  class=\"module module-buttons tb_o52g333 buttons-horizontal transparent popmake-43788 large circle tf_textc wow\" data-tf-animation=\"pulse\" data-lazy=\"1\">\n    \t<div class=\"module-buttons-item tf_inline_b\">\n\t\t\t\t\t\t\t<a href=\"#\" class=\"ui builder_button tb_default_color\" >\n\t\t\t\t\t\t\t\t\t\t\t<span class=\"tf_inline_b tf_vmiddle\">Adquirir Informa\u00e7\u00f5es<\/span>\n\t\t\t\t\t\t\t\t\t\t\t<\/a>\n\t\t\t    \t<\/div>\n\t<\/div>\n<!-- \/module buttons -->\n\t        <\/div>\n\t    \t<\/div>\n\t\t    <\/div>\n\t    <!-- \/row_inner -->\n\t<\/div>\n\t<!-- \/module_row -->\n\t<\/div>\n<!--\/themify_builder_content-->","protected":false},"excerpt":{"rendered":"<p>Arquiconsult.com \/ Sectores \/ Transporte e Log\u00edstica \/\u00a0Navitrans Transporte Navitrans Transporte O m\u00f3dulo Navitrans Transporte \u00e9 um sistema de gest\u00e3o de transportes (TMS) de f\u00e1cil utiliza\u00e7\u00e3o. Navitrans Transporte O m\u00f3dulo Navitrans Transporte \u00e9 um sistema de gest\u00e3o de transportes (TMS) de f\u00e1cil utiliza\u00e7\u00e3o que automatiza, estrutura e optimiza os processos log\u00edsticos das empresas de transporte. [&hellip;]<\/p>\n","protected":false},"author":4,"featured_media":0,"parent":0,"menu_order":0,"comment_status":"closed","ping_status":"closed","template":"","meta":[],"acf":[],"_links":{"self":[{"href":"https:\/\/arquiconsult.com\/pt-br\/wp-json\/wp\/v2\/pages\/41060"}],"collection":[{"href":"https:\/\/arquiconsult.com\/pt-br\/wp-json\/wp\/v2\/pages"}],"about":[{"href":"https:\/\/arquiconsult.com\/pt-br\/wp-json\/wp\/v2\/types\/page"}],"author":[{"embeddable":true,"href":"https:\/\/arquiconsult.com\/pt-br\/wp-json\/wp\/v2\/users\/4"}],"replies":[{"embeddable":true,"href":"https:\/\/arquiconsult.com\/pt-br\/wp-json\/wp\/v2\/comments?post=41060"}],"version-history":[{"count":1,"href":"https:\/\/arquiconsult.com\/pt-br\/wp-json\/wp\/v2\/pages\/41060\/revisions"}],"predecessor-version":[{"id":118239,"href":"https:\/\/arquiconsult.com\/pt-br\/wp-json\/wp\/v2\/pages\/41060\/revisions\/118239"}],"wp:attachment":[{"href":"https:\/\/arquiconsult.com\/pt-br\/wp-json\/wp\/v2\/media?parent=41060"}],"curies":[{"name":"wp","href":"https:\/\/api.w.org\/{rel}","templated":true}]}}